{"id":4925,"date":"2023-11-29T12:45:55","date_gmt":"2023-11-29T11:45:55","guid":{"rendered":"https:\/\/tibladin.dk\/?post_type=product&#038;p=4925"},"modified":"2025-10-27T11:59:58","modified_gmt":"2025-10-27T10:59:58","slug":"marokkansk-pendellampe-rund-soelv-m-el","status":"publish","type":"product","link":"https:\/\/tibladin.dk\/nb\/produkt\/marokkansk-pendellampe-rund-soelv-m-el\/","title":{"rendered":"Marokkansk pendellampe rund \u2013 s\u00f8lv med str\u00f8m"},"content":{"rendered":"<div class=\"wpb-content-wrapper\"><div class=\"vc_row wpb_row vc_row-fluid\"><div class=\"wpb_column vc_column_container vc_col-sm-4\"><div class=\"vc_column-inner\"><div class=\"wpb_wrapper\"><\/div><\/div><\/div><div class=\"wpb_column vc_column_container vc_col-sm-4\"><div class=\"vc_column-inner\"><div class=\"wpb_wrapper\"><h3 style=\"text-align: left\" class=\"vc_custom_heading vc_do_custom_heading\" >Vedlikehold<\/h3>\n\t<div class=\"wpb_text_column wpb_content_element\" >\n\t\t<div class=\"wpb_wrapper\">\n\t\t\t<p>T\u00f8rk av med en fuktig klut. Lampene kan oksidere litt over tid, noe som bare gir ekstra sjarm. Hvis du vil at lampen din skal v\u00e6re h\u00f8yglanspolert, kan du bruke et poleringsmiddel eller litt sitronsaft, slik marokkanerne gj\u00f8r.<\/p>\n<p>Metallet lampene er laget av er fleksibelt, og hvis lampen f\u00e5r en liten bulk, kan den rettes ut veldig enkelt. Bruk en teskje og gni den der bulken stikker ut, og glatt den forsiktig tilbake p\u00e5 plass.<\/p>\n\n\t\t<\/div>\n\t<\/div>\n<\/div><\/div><\/div><div class=\"wpb_column vc_column_container vc_col-sm-4\"><div class=\"vc_column-inner\"><div class=\"wpb_wrapper\"><h3 style=\"text-align: left\" class=\"vc_custom_heading vc_do_custom_heading\" >Historien bak<\/h3>\n\t<div class=\"wpb_text_column wpb_content_element\" >\n\t\t<div class=\"wpb_wrapper\">\n\t\t\t<p>Lampene er laget av s\u00f8lvfarget metall med sm\u00e5 hullm\u00f8nstre som er sl\u00e5tt ut for h\u00e5nd. Hullene i lampen reflekterer lyset i et eventyrlig lysskj\u00e6r p\u00e5 veggen og skaper en helt spesiell atmosf\u00e6re i rommet.<\/p>\n<p>Lamper fra Marokko gir et unikt preg til interi\u00f8ret ditt og gir dekorativt lys.<\/p>\n<p>Lampene er h\u00e5ndlagde, og det vil v\u00e6re sm\u00e5 ujevnheter og forskjeller i m\u00f8nster og form.<\/p>\n<p>F\u00e5 din egen raid-stemning med en h\u00e5ndlaget lampe fra Marrakech.<\/p>\n\n\t\t<\/div>\n\t<\/div>\n<\/div><\/div><\/div><\/div>\n<\/div>","protected":false},"excerpt":{"rendered":"<p>Dekorativ rund pendellampe i s\u00f8lvmetall i super kvalitet. H\u00e5ndsk\u00e5ret hullm\u00f8nster kaster en vakker gl\u00f8d i rommet.<\/p>\n<p>Denne lampen leveres med sokkel og svart ledning \u2013 klar til montering.<\/p>\n<p>F\u00e5 din egen atmosf\u00e6re av Tusen og \u00e9n natt med denne marokkanske lampen.<\/p>\n<p>Lampen m\u00e5ler omtrent 27 cm i diameter og 40 cm i h\u00f8yden.<\/p>","protected":false},"featured_media":744,"template":"","meta":{"inline_featured_image":false},"product_brand":[],"product_cat":[47,67,68],"product_tag":[],"class_list":{"0":"post-4925","1":"product","2":"type-product","3":"status-publish","4":"has-post-thumbnail","6":"product_cat-gaven-til-ham","7":"product_cat-lamper","8":"product_cat-metal-lamper","10":"first","11":"instock","12":"taxable","13":"shipping-taxable","14":"purchasable","15":"product-type-simple"},"exclude_global_add_ons":false,"addons":[{"name":"\u00d8nsker du gaveinnpakning?","type":"checkbox","position":0,"required":false,"title_format":"label","default":"","description_enable":false,"description":"","placeholder_enable":false,"placeholder":"","display":"images","restrictions_type":"any_text","adjust_price":false,"price":"","price_type":"flat_fee","restrictions":false,"min":"0","max":"0","options":[{"label":"Ja tak","price":"10","price_type":"flat_fee","image":11015,"visibility":true}],"id":1669646111}],"yoast_head":"<!-- This site is optimized with the Yoast SEO plugin v27.4 - https:\/\/yoast.com\/product\/yoast-seo-wordpress\/ -->\n<title>Marokkansk h\u00e5ndlavet pendel lampe i guldmetal | Tibladin<\/title>\n<meta name=\"description\" content=\"Marokkansk rund pendellampe i s\u00f8lvmetal med h\u00e5ndlavet hulm\u00f8nster der giver et dekorativt og hyggeligt lys i rummet. Passer rigtig godt til sovev\u00e6relset\" \/>\n<meta name=\"robots\" content=\"index, follow, max-snippet:-1, max-image-preview:large, max-video-preview:-1\" \/>\n<link rel=\"canonical\" href=\"https:\/\/tibladin.dk\/nb\/produkt\/marokkansk-pendellampe-rund-soelv-m-el\/\" \/>\n<meta property=\"og:locale\" content=\"nb_NO\" \/>\n<meta property=\"og:type\" content=\"article\" \/>\n<meta property=\"og:title\" content=\"Marokkansk h\u00e5ndlavet pendel lampe i guldmetal | Tibladin\" \/>\n<meta property=\"og:description\" content=\"Marokkansk rund pendellampe i s\u00f8lvmetal med h\u00e5ndlavet hulm\u00f8nster der giver et dekorativt og hyggeligt lys i rummet. Passer rigtig godt til sovev\u00e6relset\" \/>\n<meta property=\"og:url\" content=\"https:\/\/tibladin.dk\/nb\/produkt\/marokkansk-pendellampe-rund-soelv-m-el\/\" \/>\n<meta property=\"og:site_name\" content=\"Tibladin\" \/>\n<meta property=\"article:modified_time\" content=\"2025-10-27T10:59:58+00:00\" \/>\n<meta property=\"og:image\" content=\"https:\/\/tibladin.dk\/wp-content\/uploads\/2022\/09\/Marokkansk-lampe_pendellampe-soelv_rund_800x800-1.jpg\" \/>\n\t<meta property=\"og:image:width\" content=\"1727\" \/>\n\t<meta property=\"og:image:height\" content=\"1828\" \/>\n\t<meta property=\"og:image:type\" content=\"image\/jpeg\" \/>\n<meta name=\"twitter:card\" content=\"summary_large_image\" \/>\n<meta name=\"twitter:label1\" content=\"Ansl. lesetid\" \/>\n\t<meta name=\"twitter:data1\" content=\"2 minutter\" \/>\n<script type=\"application\/ld+json\" class=\"yoast-schema-graph\">{\"@context\":\"https:\\\/\\\/schema.org\",\"@graph\":[{\"@type\":\"WebPage\",\"@id\":\"https:\\\/\\\/tibladin.dk\\\/produkt\\\/marokkansk-pendellampe-rund-soelv-m-el\\\/\",\"url\":\"https:\\\/\\\/tibladin.dk\\\/produkt\\\/marokkansk-pendellampe-rund-soelv-m-el\\\/\",\"name\":\"Marokkansk h\u00e5ndlavet pendel lampe i guldmetal | Tibladin\",\"isPartOf\":{\"@id\":\"https:\\\/\\\/tibladin.dk\\\/#website\"},\"primaryImageOfPage\":{\"@id\":\"https:\\\/\\\/tibladin.dk\\\/produkt\\\/marokkansk-pendellampe-rund-soelv-m-el\\\/#primaryimage\"},\"image\":{\"@id\":\"https:\\\/\\\/tibladin.dk\\\/produkt\\\/marokkansk-pendellampe-rund-soelv-m-el\\\/#primaryimage\"},\"thumbnailUrl\":\"https:\\\/\\\/tibladin.dk\\\/wp-content\\\/uploads\\\/2022\\\/09\\\/Marokkansk-lampe_pendellampe-soelv_rund_800x800-1.jpg\",\"datePublished\":\"2023-11-29T11:45:55+00:00\",\"dateModified\":\"2025-10-27T10:59:58+00:00\",\"description\":\"Marokkansk rund pendellampe i s\u00f8lvmetal med h\u00e5ndlavet hulm\u00f8nster der giver et dekorativt og hyggeligt lys i rummet. Passer rigtig godt til sovev\u00e6relset\",\"breadcrumb\":{\"@id\":\"https:\\\/\\\/tibladin.dk\\\/produkt\\\/marokkansk-pendellampe-rund-soelv-m-el\\\/#breadcrumb\"},\"inLanguage\":\"nb-NO\",\"potentialAction\":[{\"@type\":\"ReadAction\",\"target\":[\"https:\\\/\\\/tibladin.dk\\\/produkt\\\/marokkansk-pendellampe-rund-soelv-m-el\\\/\"]}]},{\"@type\":\"ImageObject\",\"inLanguage\":\"nb-NO\",\"@id\":\"https:\\\/\\\/tibladin.dk\\\/produkt\\\/marokkansk-pendellampe-rund-soelv-m-el\\\/#primaryimage\",\"url\":\"https:\\\/\\\/tibladin.dk\\\/wp-content\\\/uploads\\\/2022\\\/09\\\/Marokkansk-lampe_pendellampe-soelv_rund_800x800-1.jpg\",\"contentUrl\":\"https:\\\/\\\/tibladin.dk\\\/wp-content\\\/uploads\\\/2022\\\/09\\\/Marokkansk-lampe_pendellampe-soelv_rund_800x800-1.jpg\",\"width\":1727,\"height\":1828,\"caption\":\"Marokkansk h\u00e5ndlavet rund lampe, t\u00e6ndt i m\u00f8rke\"},{\"@type\":\"BreadcrumbList\",\"@id\":\"https:\\\/\\\/tibladin.dk\\\/produkt\\\/marokkansk-pendellampe-rund-soelv-m-el\\\/#breadcrumb\",\"itemListElement\":[{\"@type\":\"ListItem\",\"position\":1,\"name\":\"Hjem\",\"item\":\"https:\\\/\\\/tibladin.dk\\\/\"},{\"@type\":\"ListItem\",\"position\":2,\"name\":\"Shop\",\"item\":\"https:\\\/\\\/tibladin.dk\\\/shop\\\/\"},{\"@type\":\"ListItem\",\"position\":3,\"name\":\"Marokkansk pendellampe rund &#8211; s\u00f8lv m\\\/el\"}]},{\"@type\":\"WebSite\",\"@id\":\"https:\\\/\\\/tibladin.dk\\\/#website\",\"url\":\"https:\\\/\\\/tibladin.dk\\\/\",\"name\":\"Tibladin\",\"description\":\"Tibladin\",\"publisher\":{\"@id\":\"https:\\\/\\\/tibladin.dk\\\/#organization\"},\"potentialAction\":[{\"@type\":\"SearchAction\",\"target\":{\"@type\":\"EntryPoint\",\"urlTemplate\":\"https:\\\/\\\/tibladin.dk\\\/?s={search_term_string}\"},\"query-input\":{\"@type\":\"PropertyValueSpecification\",\"valueRequired\":true,\"valueName\":\"search_term_string\"}}],\"inLanguage\":\"nb-NO\"},{\"@type\":\"Organization\",\"@id\":\"https:\\\/\\\/tibladin.dk\\\/#organization\",\"name\":\"Tibladin\",\"url\":\"https:\\\/\\\/tibladin.dk\\\/\",\"logo\":{\"@type\":\"ImageObject\",\"inLanguage\":\"nb-NO\",\"@id\":\"https:\\\/\\\/tibladin.dk\\\/#\\\/schema\\\/logo\\\/image\\\/\",\"url\":\"https:\\\/\\\/tibladin.dk\\\/wp-content\\\/uploads\\\/2022\\\/09\\\/tibladin_logo.svg\",\"contentUrl\":\"https:\\\/\\\/tibladin.dk\\\/wp-content\\\/uploads\\\/2022\\\/09\\\/tibladin_logo.svg\",\"caption\":\"Tibladin\"},\"image\":{\"@id\":\"https:\\\/\\\/tibladin.dk\\\/#\\\/schema\\\/logo\\\/image\\\/\"}}]}<\/script>\n<!-- \/ Yoast SEO plugin. -->","yoast_head_json":{"title":"Marokkansk h\u00e5ndlaget pendellampe i gullmetall | Tibladin","description":"Marokkansk rund pendellampe i s\u00f8lvmetall med et h\u00e5ndlaget hullm\u00f8nster som gir et dekorativt og koselig lys i rommet. Perfekt for soverommet.","robots":{"index":"index","follow":"follow","max-snippet":"max-snippet:-1","max-image-preview":"max-image-preview:large","max-video-preview":"max-video-preview:-1"},"canonical":"https:\/\/tibladin.dk\/nb\/produkt\/marokkansk-pendellampe-rund-soelv-m-el\/","og_locale":"nb_NO","og_type":"article","og_title":"Marokkansk h\u00e5ndlavet pendel lampe i guldmetal | Tibladin","og_description":"Marokkansk rund pendellampe i s\u00f8lvmetal med h\u00e5ndlavet hulm\u00f8nster der giver et dekorativt og hyggeligt lys i rummet. Passer rigtig godt til sovev\u00e6relset","og_url":"https:\/\/tibladin.dk\/nb\/produkt\/marokkansk-pendellampe-rund-soelv-m-el\/","og_site_name":"Tibladin","article_modified_time":"2025-10-27T10:59:58+00:00","og_image":[{"width":1727,"height":1828,"url":"https:\/\/tibladin.dk\/wp-content\/uploads\/2022\/09\/Marokkansk-lampe_pendellampe-soelv_rund_800x800-1.jpg","type":"image\/jpeg"}],"twitter_card":"summary_large_image","twitter_misc":{"Ansl. lesetid":"2 minutter"},"schema":{"@context":"https:\/\/schema.org","@graph":[{"@type":"WebPage","@id":"https:\/\/tibladin.dk\/produkt\/marokkansk-pendellampe-rund-soelv-m-el\/","url":"https:\/\/tibladin.dk\/produkt\/marokkansk-pendellampe-rund-soelv-m-el\/","name":"Marokkansk h\u00e5ndlaget pendellampe i gullmetall | Tibladin","isPartOf":{"@id":"https:\/\/tibladin.dk\/#website"},"primaryImageOfPage":{"@id":"https:\/\/tibladin.dk\/produkt\/marokkansk-pendellampe-rund-soelv-m-el\/#primaryimage"},"image":{"@id":"https:\/\/tibladin.dk\/produkt\/marokkansk-pendellampe-rund-soelv-m-el\/#primaryimage"},"thumbnailUrl":"https:\/\/tibladin.dk\/wp-content\/uploads\/2022\/09\/Marokkansk-lampe_pendellampe-soelv_rund_800x800-1.jpg","datePublished":"2023-11-29T11:45:55+00:00","dateModified":"2025-10-27T10:59:58+00:00","description":"Marokkansk rund pendellampe i s\u00f8lvmetall med et h\u00e5ndlaget hullm\u00f8nster som gir et dekorativt og koselig lys i rommet. Perfekt for soverommet.","breadcrumb":{"@id":"https:\/\/tibladin.dk\/produkt\/marokkansk-pendellampe-rund-soelv-m-el\/#breadcrumb"},"inLanguage":"nb-NO","potentialAction":[{"@type":"ReadAction","target":["https:\/\/tibladin.dk\/produkt\/marokkansk-pendellampe-rund-soelv-m-el\/"]}]},{"@type":"ImageObject","inLanguage":"nb-NO","@id":"https:\/\/tibladin.dk\/produkt\/marokkansk-pendellampe-rund-soelv-m-el\/#primaryimage","url":"https:\/\/tibladin.dk\/wp-content\/uploads\/2022\/09\/Marokkansk-lampe_pendellampe-soelv_rund_800x800-1.jpg","contentUrl":"https:\/\/tibladin.dk\/wp-content\/uploads\/2022\/09\/Marokkansk-lampe_pendellampe-soelv_rund_800x800-1.jpg","width":1727,"height":1828,"caption":"Marokkansk h\u00e5ndlavet rund lampe, t\u00e6ndt i m\u00f8rke"},{"@type":"BreadcrumbList","@id":"https:\/\/tibladin.dk\/produkt\/marokkansk-pendellampe-rund-soelv-m-el\/#breadcrumb","itemListElement":[{"@type":"ListItem","position":1,"name":"Hjem","item":"https:\/\/tibladin.dk\/"},{"@type":"ListItem","position":2,"name":"Shop","item":"https:\/\/tibladin.dk\/shop\/"},{"@type":"ListItem","position":3,"name":"Marokkansk pendellampe rund &#8211; s\u00f8lv m\/el"}]},{"@type":"WebSite","@id":"https:\/\/tibladin.dk\/#website","url":"https:\/\/tibladin.dk\/","name":"Tibladin","description":"Tibladin","publisher":{"@id":"https:\/\/tibladin.dk\/#organization"},"potentialAction":[{"@type":"SearchAction","target":{"@type":"EntryPoint","urlTemplate":"https:\/\/tibladin.dk\/?s={search_term_string}"},"query-input":{"@type":"PropertyValueSpecification","valueRequired":true,"valueName":"search_term_string"}}],"inLanguage":"nb-NO"},{"@type":"Organization","@id":"https:\/\/tibladin.dk\/#organization","name":"Tibladin","url":"https:\/\/tibladin.dk\/","logo":{"@type":"ImageObject","inLanguage":"nb-NO","@id":"https:\/\/tibladin.dk\/#\/schema\/logo\/image\/","url":"https:\/\/tibladin.dk\/wp-content\/uploads\/2022\/09\/tibladin_logo.svg","contentUrl":"https:\/\/tibladin.dk\/wp-content\/uploads\/2022\/09\/tibladin_logo.svg","caption":"Tibladin"},"image":{"@id":"https:\/\/tibladin.dk\/#\/schema\/logo\/image\/"}}]}},"_links":{"self":[{"href":"https:\/\/tibladin.dk\/nb\/wp-json\/wp\/v2\/product\/4925","targetHints":{"allow":["GET"]}}],"collection":[{"href":"https:\/\/tibladin.dk\/nb\/wp-json\/wp\/v2\/product"}],"about":[{"href":"https:\/\/tibladin.dk\/nb\/wp-json\/wp\/v2\/types\/product"}],"wp:featuredmedia":[{"embeddable":true,"href":"https:\/\/tibladin.dk\/nb\/wp-json\/wp\/v2\/media\/744"}],"wp:attachment":[{"href":"https:\/\/tibladin.dk\/nb\/wp-json\/wp\/v2\/media?parent=4925"}],"wp:term":[{"taxonomy":"product_brand","embeddable":true,"href":"https:\/\/tibladin.dk\/nb\/wp-json\/wp\/v2\/product_brand?post=4925"},{"taxonomy":"product_cat","embeddable":true,"href":"https:\/\/tibladin.dk\/nb\/wp-json\/wp\/v2\/product_cat?post=4925"},{"taxonomy":"product_tag","embeddable":true,"href":"https:\/\/tibladin.dk\/nb\/wp-json\/wp\/v2\/product_tag?post=4925"}],"curies":[{"name":"wp","href":"https:\/\/api.w.org\/{rel}","templated":true}]}}