{"id":512,"date":"2022-09-20T11:02:44","date_gmt":"2022-09-20T09:02:44","guid":{"rendered":"https:\/\/tibladin.dk\/vare\/krukke-i-stucco-tadlekt-turkis-firkantet\/"},"modified":"2025-09-28T23:42:45","modified_gmt":"2025-09-28T21:42:45","slug":"krukke-i-stukkatur-tadlekt-turkis-firkant","status":"publish","type":"product","link":"https:\/\/tibladin.dk\/nb\/produkt\/krukke-i-stucco-tadlekt-turkis-firkantet\/","title":{"rendered":"Krukke i stukkatur\/tadlekt turkis - firkantet"},"content":{"rendered":"<div class=\"wpb-content-wrapper\"><div class=\"vc_row wpb_row vc_row-fluid\"><div class=\"wpb_column vc_column_container vc_col-sm-4\"><div class=\"vc_column-inner\"><div class=\"wpb_wrapper\"><\/div><\/div><\/div><div class=\"wpb_column vc_column_container vc_col-sm-4\"><div class=\"vc_column-inner\"><div class=\"wpb_wrapper\"><h3 style=\"text-align: left\" class=\"vc_custom_heading vc_do_custom_heading\" >Vedlikehold<\/h3>\n\t<div class=\"wpb_text_column wpb_content_element\" >\n\t\t<div class=\"wpb_wrapper\">\n\t\t\t<p>N\u00e5r du rengj\u00f8r, anbefaler jeg bare en st\u00f8vklut eller en hardt oppvridd klut.<\/p>\n\n\t\t<\/div>\n\t<\/div>\n<\/div><\/div><\/div><div class=\"wpb_column vc_column_container vc_col-sm-4\"><div class=\"vc_column-inner\"><div class=\"wpb_wrapper\"><h3 style=\"text-align: left\" class=\"vc_custom_heading vc_do_custom_heading\" >Historien bak<\/h3>\n\t<div class=\"wpb_text_column wpb_content_element\" >\n\t\t<div class=\"wpb_wrapper\">\n\t\t\t<p>Oppbevaring som pynter opp. Det er alltid hyggelig \u00e5 omgi seg med vakre ting, og hvis de ogs\u00e5 kan brukes til oppbevaring av ting, er det enda bedre. Jeg elsker sm\u00e5 ting som pynter opp hjemmet og gir det et ekstra preg av varme og marokkansk mystikk.<\/p>\n<p>Tadlekt eller det europeiske ordet stukkatur er et materiale som brukes i Marokko p\u00e5 vegger, spesielt p\u00e5 bad. Det gir veggene en slags marmorering, et skinnende, eksklusivt utseende. I Marokko ser man ofte tadlekt brukt p\u00e5 vegger i de fleste rom, p\u00e5 bad, i hammamer (marokkanske dampbad) osv. Jeg elsker dette materialet, jeg synes det ser s\u00e5 kult ut. Tadlekt brukes ogs\u00e5 til \u00e5 lage krukker. De er flotte \u00e5 bruke p\u00e5 badet til bomullsdotter og -pinner eller bare som dekorasjon.<\/p>\n<p>De kan ikke brukes til \u00e5 oppbevare mat.<\/p>\n<p>Du kan fritt velge mellom de forskjellige fargene p\u00e5 duskene i silkesnor \u2013 bare skriv hvilken farge du \u00f8nsker i kommentarfeltet p\u00e5 bestillingen din.<\/p>\n\n\t\t<\/div>\n\t<\/div>\n<\/div><\/div><\/div><\/div>\n<\/div>","protected":false},"excerpt":{"rendered":"<p>Firkantede krukker i stukkatur\/tadlekt i en vakker turkis farge laget av marokkanske h\u00e5ndverkere. Fine til bomullsdotter eller bomullspinner p\u00e5 badet eller som dekorasjon i vinduskarmen, p\u00e5 kontoret, p\u00e5 rommet, hvor som helst du \u00f8nsker vakker oppbevaring. Finnes i tre st\u00f8rrelser S, M og L.<\/p>\n<p>&nbsp;<\/p>","protected":false},"featured_media":506,"template":"","meta":{"inline_featured_image":false},"product_brand":[],"product_cat":[29,53,51],"product_tag":[],"class_list":{"0":"post-512","1":"product","2":"type-product","3":"status-publish","4":"has-post-thumbnail","6":"product_cat-gaven-til-den-unge-pige","7":"product_cat-krukker-i-stucco","8":"product_cat-opbevaring","10":"first","11":"instock","12":"taxable","13":"shipping-taxable","14":"purchasable","15":"product-type-variable"},"exclude_global_add_ons":false,"addons":[{"name":"\u00d8nsker du gaveinnpakning?","type":"checkbox","position":0,"required":false,"title_format":"label","default":"","description_enable":false,"description":"","placeholder_enable":false,"placeholder":"","display":"images","restrictions_type":"any_text","adjust_price":false,"price":"","price_type":"flat_fee","restrictions":false,"min":"0","max":"0","options":[{"label":"Ja tak","price":"10","price_type":"flat_fee","image":11015,"visibility":true}],"id":1669646111}],"yoast_head":"<!-- This site is optimized with the Yoast SEO plugin v27.5 - https:\/\/yoast.com\/product\/yoast-seo-wordpress\/ -->\n<title>Krukke i stucco\/tadlekt turkis- firkantet | Marokkansk keramik<\/title>\n<meta name=\"description\" content=\"Firkantede Krukker i stucco\/tadlekt lavet af marokkanske h\u00e5ndv\u00e6rkere. Gode til vatrondeller el. vatpinde p\u00e5 badev\u00e6relset eller til pynt i vindueskarmen.\" \/>\n<meta name=\"robots\" content=\"index, follow, max-snippet:-1, max-image-preview:large, max-video-preview:-1\" \/>\n<link rel=\"canonical\" href=\"https:\/\/tibladin.dk\/nb\/produkt\/krukke-i-stukkatur-tadlekt-turkis-firkant\/\" \/>\n<meta property=\"og:locale\" content=\"nb_NO\" \/>\n<meta property=\"og:type\" content=\"article\" \/>\n<meta property=\"og:title\" content=\"Krukke i stucco\/tadlekt turkis- firkantet | Marokkansk keramik\" \/>\n<meta property=\"og:description\" content=\"Firkantede Krukker i stucco\/tadlekt lavet af marokkanske h\u00e5ndv\u00e6rkere. Gode til vatrondeller el. vatpinde p\u00e5 badev\u00e6relset eller til pynt i vindueskarmen.\" \/>\n<meta property=\"og:url\" content=\"https:\/\/tibladin.dk\/nb\/produkt\/krukke-i-stukkatur-tadlekt-turkis-firkant\/\" \/>\n<meta property=\"og:site_name\" content=\"Tibladin\" \/>\n<meta property=\"article:modified_time\" content=\"2025-09-28T21:42:45+00:00\" \/>\n<meta property=\"og:image\" content=\"https:\/\/tibladin.dk\/wp-content\/uploads\/2022\/09\/Tibladin_Stucco_Turkis_1-1.jpg\" \/>\n\t<meta property=\"og:image:width\" content=\"800\" \/>\n\t<meta property=\"og:image:height\" content=\"800\" \/>\n\t<meta property=\"og:image:type\" content=\"image\/jpeg\" \/>\n<meta name=\"twitter:card\" content=\"summary_large_image\" \/>\n<meta name=\"twitter:label1\" content=\"Ansl. lesetid\" \/>\n\t<meta name=\"twitter:data1\" content=\"2 minutter\" \/>\n<script type=\"application\/ld+json\" class=\"yoast-schema-graph\">{\"@context\":\"https:\\\/\\\/schema.org\",\"@graph\":[{\"@type\":\"WebPage\",\"@id\":\"https:\\\/\\\/tibladin.dk\\\/produkt\\\/krukke-i-stucco-tadlekt-turkis-firkantet\\\/\",\"url\":\"https:\\\/\\\/tibladin.dk\\\/produkt\\\/krukke-i-stucco-tadlekt-turkis-firkantet\\\/\",\"name\":\"Krukke i stucco\\\/tadlekt turkis- firkantet | Marokkansk keramik\",\"isPartOf\":{\"@id\":\"https:\\\/\\\/tibladin.dk\\\/#website\"},\"primaryImageOfPage\":{\"@id\":\"https:\\\/\\\/tibladin.dk\\\/produkt\\\/krukke-i-stucco-tadlekt-turkis-firkantet\\\/#primaryimage\"},\"image\":{\"@id\":\"https:\\\/\\\/tibladin.dk\\\/produkt\\\/krukke-i-stucco-tadlekt-turkis-firkantet\\\/#primaryimage\"},\"thumbnailUrl\":\"https:\\\/\\\/tibladin.dk\\\/wp-content\\\/uploads\\\/2022\\\/09\\\/Tibladin_Stucco_Turkis_1-1.jpg\",\"datePublished\":\"2022-09-20T09:02:44+00:00\",\"dateModified\":\"2025-09-28T21:42:45+00:00\",\"description\":\"Firkantede Krukker i stucco\\\/tadlekt lavet af marokkanske h\u00e5ndv\u00e6rkere. Gode til vatrondeller el. vatpinde p\u00e5 badev\u00e6relset eller til pynt i vindueskarmen.\",\"breadcrumb\":{\"@id\":\"https:\\\/\\\/tibladin.dk\\\/produkt\\\/krukke-i-stucco-tadlekt-turkis-firkantet\\\/#breadcrumb\"},\"inLanguage\":\"nb-NO\",\"potentialAction\":[{\"@type\":\"ReadAction\",\"target\":[\"https:\\\/\\\/tibladin.dk\\\/produkt\\\/krukke-i-stucco-tadlekt-turkis-firkantet\\\/\"]}]},{\"@type\":\"ImageObject\",\"inLanguage\":\"nb-NO\",\"@id\":\"https:\\\/\\\/tibladin.dk\\\/produkt\\\/krukke-i-stucco-tadlekt-turkis-firkantet\\\/#primaryimage\",\"url\":\"https:\\\/\\\/tibladin.dk\\\/wp-content\\\/uploads\\\/2022\\\/09\\\/Tibladin_Stucco_Turkis_1-1.jpg\",\"contentUrl\":\"https:\\\/\\\/tibladin.dk\\\/wp-content\\\/uploads\\\/2022\\\/09\\\/Tibladin_Stucco_Turkis_1-1.jpg\",\"width\":800,\"height\":800,\"caption\":\"Firkantet marokkanske krukker i stucco i turkis farve\"},{\"@type\":\"BreadcrumbList\",\"@id\":\"https:\\\/\\\/tibladin.dk\\\/produkt\\\/krukke-i-stucco-tadlekt-turkis-firkantet\\\/#breadcrumb\",\"itemListElement\":[{\"@type\":\"ListItem\",\"position\":1,\"name\":\"Hjem\",\"item\":\"https:\\\/\\\/tibladin.dk\\\/\"},{\"@type\":\"ListItem\",\"position\":2,\"name\":\"Shop\",\"item\":\"https:\\\/\\\/tibladin.dk\\\/shop\\\/\"},{\"@type\":\"ListItem\",\"position\":3,\"name\":\"Krukke i stucco\\\/tadlekt turkis- firkantet\"}]},{\"@type\":\"WebSite\",\"@id\":\"https:\\\/\\\/tibladin.dk\\\/#website\",\"url\":\"https:\\\/\\\/tibladin.dk\\\/\",\"name\":\"Tibladin\",\"description\":\"Tibladin\",\"publisher\":{\"@id\":\"https:\\\/\\\/tibladin.dk\\\/#organization\"},\"potentialAction\":[{\"@type\":\"SearchAction\",\"target\":{\"@type\":\"EntryPoint\",\"urlTemplate\":\"https:\\\/\\\/tibladin.dk\\\/?s={search_term_string}\"},\"query-input\":{\"@type\":\"PropertyValueSpecification\",\"valueRequired\":true,\"valueName\":\"search_term_string\"}}],\"inLanguage\":\"nb-NO\"},{\"@type\":\"Organization\",\"@id\":\"https:\\\/\\\/tibladin.dk\\\/#organization\",\"name\":\"Tibladin\",\"url\":\"https:\\\/\\\/tibladin.dk\\\/\",\"logo\":{\"@type\":\"ImageObject\",\"inLanguage\":\"nb-NO\",\"@id\":\"https:\\\/\\\/tibladin.dk\\\/#\\\/schema\\\/logo\\\/image\\\/\",\"url\":\"https:\\\/\\\/tibladin.dk\\\/wp-content\\\/uploads\\\/2022\\\/09\\\/tibladin_logo.svg\",\"contentUrl\":\"https:\\\/\\\/tibladin.dk\\\/wp-content\\\/uploads\\\/2022\\\/09\\\/tibladin_logo.svg\",\"caption\":\"Tibladin\"},\"image\":{\"@id\":\"https:\\\/\\\/tibladin.dk\\\/#\\\/schema\\\/logo\\\/image\\\/\"}}]}<\/script>\n<!-- \/ Yoast SEO plugin. -->","yoast_head_json":{"title":"Krukke i stukkaturkis\/tadlekt \u2013 firkantet | Marokkansk keramikk","description":"Firkantede krukker i stukkatur\/tadlekt laget av marokkanske h\u00e5ndverkere. Bra som bomullsdotter eller bomullspinner p\u00e5 badet eller som dekorasjon i vinduskarmen.","robots":{"index":"index","follow":"follow","max-snippet":"max-snippet:-1","max-image-preview":"max-image-preview:large","max-video-preview":"max-video-preview:-1"},"canonical":"https:\/\/tibladin.dk\/nb\/produkt\/krukke-i-stukkatur-tadlekt-turkis-firkant\/","og_locale":"nb_NO","og_type":"article","og_title":"Krukke i stucco\/tadlekt turkis- firkantet | Marokkansk keramik","og_description":"Firkantede Krukker i stucco\/tadlekt lavet af marokkanske h\u00e5ndv\u00e6rkere. Gode til vatrondeller el. vatpinde p\u00e5 badev\u00e6relset eller til pynt i vindueskarmen.","og_url":"https:\/\/tibladin.dk\/nb\/produkt\/krukke-i-stukkatur-tadlekt-turkis-firkant\/","og_site_name":"Tibladin","article_modified_time":"2025-09-28T21:42:45+00:00","og_image":[{"width":800,"height":800,"url":"https:\/\/tibladin.dk\/wp-content\/uploads\/2022\/09\/Tibladin_Stucco_Turkis_1-1.jpg","type":"image\/jpeg"}],"twitter_card":"summary_large_image","twitter_misc":{"Ansl. lesetid":"2 minutter"},"schema":{"@context":"https:\/\/schema.org","@graph":[{"@type":"WebPage","@id":"https:\/\/tibladin.dk\/produkt\/krukke-i-stucco-tadlekt-turkis-firkantet\/","url":"https:\/\/tibladin.dk\/produkt\/krukke-i-stucco-tadlekt-turkis-firkantet\/","name":"Krukke i stukkaturkis\/tadlekt \u2013 firkantet | Marokkansk keramikk","isPartOf":{"@id":"https:\/\/tibladin.dk\/#website"},"primaryImageOfPage":{"@id":"https:\/\/tibladin.dk\/produkt\/krukke-i-stucco-tadlekt-turkis-firkantet\/#primaryimage"},"image":{"@id":"https:\/\/tibladin.dk\/produkt\/krukke-i-stucco-tadlekt-turkis-firkantet\/#primaryimage"},"thumbnailUrl":"https:\/\/tibladin.dk\/wp-content\/uploads\/2022\/09\/Tibladin_Stucco_Turkis_1-1.jpg","datePublished":"2022-09-20T09:02:44+00:00","dateModified":"2025-09-28T21:42:45+00:00","description":"Firkantede krukker i stukkatur\/tadlekt laget av marokkanske h\u00e5ndverkere. Bra som bomullsdotter eller bomullspinner p\u00e5 badet eller som dekorasjon i vinduskarmen.","breadcrumb":{"@id":"https:\/\/tibladin.dk\/produkt\/krukke-i-stucco-tadlekt-turkis-firkantet\/#breadcrumb"},"inLanguage":"nb-NO","potentialAction":[{"@type":"ReadAction","target":["https:\/\/tibladin.dk\/produkt\/krukke-i-stucco-tadlekt-turkis-firkantet\/"]}]},{"@type":"ImageObject","inLanguage":"nb-NO","@id":"https:\/\/tibladin.dk\/produkt\/krukke-i-stucco-tadlekt-turkis-firkantet\/#primaryimage","url":"https:\/\/tibladin.dk\/wp-content\/uploads\/2022\/09\/Tibladin_Stucco_Turkis_1-1.jpg","contentUrl":"https:\/\/tibladin.dk\/wp-content\/uploads\/2022\/09\/Tibladin_Stucco_Turkis_1-1.jpg","width":800,"height":800,"caption":"Firkantet marokkanske krukker i stucco i turkis farve"},{"@type":"BreadcrumbList","@id":"https:\/\/tibladin.dk\/produkt\/krukke-i-stucco-tadlekt-turkis-firkantet\/#breadcrumb","itemListElement":[{"@type":"ListItem","position":1,"name":"Hjem","item":"https:\/\/tibladin.dk\/"},{"@type":"ListItem","position":2,"name":"Shop","item":"https:\/\/tibladin.dk\/shop\/"},{"@type":"ListItem","position":3,"name":"Krukke i stucco\/tadlekt turkis- firkantet"}]},{"@type":"WebSite","@id":"https:\/\/tibladin.dk\/#website","url":"https:\/\/tibladin.dk\/","name":"Tibladin","description":"Tibladin","publisher":{"@id":"https:\/\/tibladin.dk\/#organization"},"potentialAction":[{"@type":"SearchAction","target":{"@type":"EntryPoint","urlTemplate":"https:\/\/tibladin.dk\/?s={search_term_string}"},"query-input":{"@type":"PropertyValueSpecification","valueRequired":true,"valueName":"search_term_string"}}],"inLanguage":"nb-NO"},{"@type":"Organization","@id":"https:\/\/tibladin.dk\/#organization","name":"Tibladin","url":"https:\/\/tibladin.dk\/","logo":{"@type":"ImageObject","inLanguage":"nb-NO","@id":"https:\/\/tibladin.dk\/#\/schema\/logo\/image\/","url":"https:\/\/tibladin.dk\/wp-content\/uploads\/2022\/09\/tibladin_logo.svg","contentUrl":"https:\/\/tibladin.dk\/wp-content\/uploads\/2022\/09\/tibladin_logo.svg","caption":"Tibladin"},"image":{"@id":"https:\/\/tibladin.dk\/#\/schema\/logo\/image\/"}}]}},"_links":{"self":[{"href":"https:\/\/tibladin.dk\/nb\/wp-json\/wp\/v2\/product\/512","targetHints":{"allow":["GET"]}}],"collection":[{"href":"https:\/\/tibladin.dk\/nb\/wp-json\/wp\/v2\/product"}],"about":[{"href":"https:\/\/tibladin.dk\/nb\/wp-json\/wp\/v2\/types\/product"}],"wp:featuredmedia":[{"embeddable":true,"href":"https:\/\/tibladin.dk\/nb\/wp-json\/wp\/v2\/media\/506"}],"wp:attachment":[{"href":"https:\/\/tibladin.dk\/nb\/wp-json\/wp\/v2\/media?parent=512"}],"wp:term":[{"taxonomy":"product_brand","embeddable":true,"href":"https:\/\/tibladin.dk\/nb\/wp-json\/wp\/v2\/product_brand?post=512"},{"taxonomy":"product_cat","embeddable":true,"href":"https:\/\/tibladin.dk\/nb\/wp-json\/wp\/v2\/product_cat?post=512"},{"taxonomy":"product_tag","embeddable":true,"href":"https:\/\/tibladin.dk\/nb\/wp-json\/wp\/v2\/product_tag?post=512"}],"curies":[{"name":"wp","href":"https:\/\/api.w.org\/{rel}","templated":true}]}}