{"id":540,"date":"2022-09-20T11:02:55","date_gmt":"2022-09-20T09:02:55","guid":{"rendered":"https:\/\/tibladin.dk\/vare\/kurv-flet-med-laag-sort\/"},"modified":"2026-03-27T13:17:43","modified_gmt":"2026-03-27T12:17:43","slug":"flettet-kurv-med-lokk-svart","status":"publish","type":"product","link":"https:\/\/tibladin.dk\/nb\/produkt\/kurv-flet-med-laag-sort\/","title":{"rendered":"Kurv med lokk \u2013 svart"},"content":{"rendered":"<div class=\"wpb-content-wrapper\"><div class=\"vc_row wpb_row vc_row-fluid\"><div class=\"wpb_column vc_column_container vc_col-sm-4\"><div class=\"vc_column-inner\"><div class=\"wpb_wrapper\"><\/div><\/div><\/div><div class=\"wpb_column vc_column_container vc_col-sm-4\"><div class=\"vc_column-inner\"><div class=\"wpb_wrapper\"><h3 style=\"text-align: left\" class=\"vc_custom_heading vc_do_custom_heading\" >Vedlikehold<\/h3>\n\t<div class=\"wpb_text_column wpb_content_element\" >\n\t\t<div class=\"wpb_wrapper\">\n\t\t\t<p>For rengj\u00f8ring er den enkleste m\u00e5ten \u00e5 st\u00f8vsuge den forsiktig.<\/p>\n\n\t\t<\/div>\n\t<\/div>\n<\/div><\/div><\/div><div class=\"wpb_column vc_column_container vc_col-sm-4\"><div class=\"vc_column-inner\"><div class=\"wpb_wrapper\"><h3 style=\"text-align: left\" class=\"vc_custom_heading vc_do_custom_heading\" >Historien bak<\/h3>\n\t<div class=\"wpb_text_column wpb_content_element\" >\n\t\t<div class=\"wpb_wrapper\">\n\t\t\t<p>Jeg elsker kurver! De kan tilf\u00f8re varme og hygge til ethvert rom.<\/p>\n<p>Bruk denne kurven som en skittent\u00f8yskurv eller til oppbevaring av ekstra puter og tepper.<\/p>\n<p>Kurvene er h\u00e5ndlagde og fra en familiebedrift i Marrakech som spesialiserer seg p\u00e5 flettearbeid og har gjort det i generasjoner.<\/p>\n<p>Hvis du bruker denne kurven som en skittent\u00f8yskurv, kan du velge \u00e5 sy en skittent\u00f8yspose som du kan legge inni kurven. Det er uunng\u00e5elig at kurven vil miste litt lo.<\/p>\n\n\t\t<\/div>\n\t<\/div>\n<\/div><\/div><\/div><\/div>\n<\/div>","protected":false},"excerpt":{"rendered":"<p>Marokkansk kurv med lokk i naturlig rotting. Kurven er vevd med svart tr\u00e5d som gir den et kult utseende.<\/p>\n<p>svart - 38 cm i diameter og 40 cm h\u00f8y. (uten topp)<\/p>\n<p>Oppbevaring som pynter opp og gir et hyggelig preg til ethvert rom.<\/p>","protected":false},"featured_media":536,"template":"","meta":{"inline_featured_image":false},"product_brand":[],"product_cat":[55,51],"product_tag":[],"class_list":{"0":"post-540","1":"product","2":"type-product","3":"status-publish","4":"has-post-thumbnail","6":"product_cat-kurve","7":"product_cat-opbevaring","9":"first","10":"instock","11":"taxable","12":"shipping-taxable","13":"purchasable","14":"product-type-simple"},"exclude_global_add_ons":[],"addons":[],"yoast_head":"<!-- This site is optimized with the Yoast SEO plugin v27.4 - https:\/\/yoast.com\/product\/yoast-seo-wordpress\/ -->\n<title>Kurv flet med l\u00e5g - sort | H\u00e5ndv\u00e6vet fra Marokko | Tibladin<\/title>\n<meta name=\"description\" content=\"H\u00e5ndlavet marrokansk Kurv - naturfarvet flet med sort tr\u00e5d. Giver varme og hygge i ethvert rum. Rigtig god til opbevaring\" \/>\n<meta name=\"robots\" content=\"index, follow, max-snippet:-1, max-image-preview:large, max-video-preview:-1\" \/>\n<link rel=\"canonical\" href=\"https:\/\/tibladin.dk\/nb\/produkt\/flettet-kurv-med-lokk-svart\/\" \/>\n<meta property=\"og:locale\" content=\"nb_NO\" \/>\n<meta property=\"og:type\" content=\"article\" \/>\n<meta property=\"og:title\" content=\"Kurv flet med l\u00e5g - sort | H\u00e5ndv\u00e6vet fra Marokko | Tibladin\" \/>\n<meta property=\"og:description\" content=\"H\u00e5ndlavet marrokansk Kurv - naturfarvet flet med sort tr\u00e5d. Giver varme og hygge i ethvert rum. Rigtig god til opbevaring\" \/>\n<meta property=\"og:url\" content=\"https:\/\/tibladin.dk\/nb\/produkt\/flettet-kurv-med-lokk-svart\/\" \/>\n<meta property=\"og:site_name\" content=\"Tibladin\" \/>\n<meta property=\"article:modified_time\" content=\"2026-03-27T12:17:43+00:00\" \/>\n<meta property=\"og:image\" content=\"https:\/\/tibladin.dk\/wp-content\/uploads\/2022\/09\/Tibladin_kurv-40-cm-sort_800x800-1.jpg\" \/>\n\t<meta property=\"og:image:width\" content=\"800\" \/>\n\t<meta property=\"og:image:height\" content=\"800\" \/>\n\t<meta property=\"og:image:type\" content=\"image\/jpeg\" \/>\n<meta name=\"twitter:card\" content=\"summary_large_image\" \/>\n<meta name=\"twitter:label1\" content=\"Ansl. lesetid\" \/>\n\t<meta name=\"twitter:data1\" content=\"1 minutt\" \/>\n<script type=\"application\/ld+json\" class=\"yoast-schema-graph\">{\"@context\":\"https:\\\/\\\/schema.org\",\"@graph\":[{\"@type\":\"WebPage\",\"@id\":\"https:\\\/\\\/tibladin.dk\\\/produkt\\\/kurv-flet-med-laag-sort\\\/\",\"url\":\"https:\\\/\\\/tibladin.dk\\\/produkt\\\/kurv-flet-med-laag-sort\\\/\",\"name\":\"Kurv flet med l\u00e5g - sort | H\u00e5ndv\u00e6vet fra Marokko | Tibladin\",\"isPartOf\":{\"@id\":\"https:\\\/\\\/tibladin.dk\\\/#website\"},\"primaryImageOfPage\":{\"@id\":\"https:\\\/\\\/tibladin.dk\\\/produkt\\\/kurv-flet-med-laag-sort\\\/#primaryimage\"},\"image\":{\"@id\":\"https:\\\/\\\/tibladin.dk\\\/produkt\\\/kurv-flet-med-laag-sort\\\/#primaryimage\"},\"thumbnailUrl\":\"https:\\\/\\\/tibladin.dk\\\/wp-content\\\/uploads\\\/2022\\\/09\\\/Tibladin_kurv-40-cm-sort_800x800-1.jpg\",\"datePublished\":\"2022-09-20T09:02:55+00:00\",\"dateModified\":\"2026-03-27T12:17:43+00:00\",\"description\":\"H\u00e5ndlavet marrokansk Kurv - naturfarvet flet med sort tr\u00e5d. Giver varme og hygge i ethvert rum. Rigtig god til opbevaring\",\"breadcrumb\":{\"@id\":\"https:\\\/\\\/tibladin.dk\\\/produkt\\\/kurv-flet-med-laag-sort\\\/#breadcrumb\"},\"inLanguage\":\"nb-NO\",\"potentialAction\":[{\"@type\":\"ReadAction\",\"target\":[\"https:\\\/\\\/tibladin.dk\\\/produkt\\\/kurv-flet-med-laag-sort\\\/\"]}]},{\"@type\":\"ImageObject\",\"inLanguage\":\"nb-NO\",\"@id\":\"https:\\\/\\\/tibladin.dk\\\/produkt\\\/kurv-flet-med-laag-sort\\\/#primaryimage\",\"url\":\"https:\\\/\\\/tibladin.dk\\\/wp-content\\\/uploads\\\/2022\\\/09\\\/Tibladin_kurv-40-cm-sort_800x800-1.jpg\",\"contentUrl\":\"https:\\\/\\\/tibladin.dk\\\/wp-content\\\/uploads\\\/2022\\\/09\\\/Tibladin_kurv-40-cm-sort_800x800-1.jpg\",\"width\":800,\"height\":800,\"caption\":\"marokkansk kurv i sort\"},{\"@type\":\"BreadcrumbList\",\"@id\":\"https:\\\/\\\/tibladin.dk\\\/produkt\\\/kurv-flet-med-laag-sort\\\/#breadcrumb\",\"itemListElement\":[{\"@type\":\"ListItem\",\"position\":1,\"name\":\"Hjem\",\"item\":\"https:\\\/\\\/tibladin.dk\\\/\"},{\"@type\":\"ListItem\",\"position\":2,\"name\":\"Shop\",\"item\":\"https:\\\/\\\/tibladin.dk\\\/shop\\\/\"},{\"@type\":\"ListItem\",\"position\":3,\"name\":\"Kurv flet med l\u00e5g &#8211; sort\"}]},{\"@type\":\"WebSite\",\"@id\":\"https:\\\/\\\/tibladin.dk\\\/#website\",\"url\":\"https:\\\/\\\/tibladin.dk\\\/\",\"name\":\"Tibladin\",\"description\":\"Tibladin\",\"publisher\":{\"@id\":\"https:\\\/\\\/tibladin.dk\\\/#organization\"},\"potentialAction\":[{\"@type\":\"SearchAction\",\"target\":{\"@type\":\"EntryPoint\",\"urlTemplate\":\"https:\\\/\\\/tibladin.dk\\\/?s={search_term_string}\"},\"query-input\":{\"@type\":\"PropertyValueSpecification\",\"valueRequired\":true,\"valueName\":\"search_term_string\"}}],\"inLanguage\":\"nb-NO\"},{\"@type\":\"Organization\",\"@id\":\"https:\\\/\\\/tibladin.dk\\\/#organization\",\"name\":\"Tibladin\",\"url\":\"https:\\\/\\\/tibladin.dk\\\/\",\"logo\":{\"@type\":\"ImageObject\",\"inLanguage\":\"nb-NO\",\"@id\":\"https:\\\/\\\/tibladin.dk\\\/#\\\/schema\\\/logo\\\/image\\\/\",\"url\":\"https:\\\/\\\/tibladin.dk\\\/wp-content\\\/uploads\\\/2022\\\/09\\\/tibladin_logo.svg\",\"contentUrl\":\"https:\\\/\\\/tibladin.dk\\\/wp-content\\\/uploads\\\/2022\\\/09\\\/tibladin_logo.svg\",\"caption\":\"Tibladin\"},\"image\":{\"@id\":\"https:\\\/\\\/tibladin.dk\\\/#\\\/schema\\\/logo\\\/image\\\/\"}}]}<\/script>\n<!-- \/ Yoast SEO plugin. -->","yoast_head_json":{"title":"Kurvfleting med lokk - svart | H\u00e5ndvevd fra Marokko | Tibladin","description":"H\u00e5ndlaget marokkansk kurv - naturfarget rotting med svart tr\u00e5d. Gir varme og hygge i ethvert rom. Veldig bra for oppbevaring.","robots":{"index":"index","follow":"follow","max-snippet":"max-snippet:-1","max-image-preview":"max-image-preview:large","max-video-preview":"max-video-preview:-1"},"canonical":"https:\/\/tibladin.dk\/nb\/produkt\/flettet-kurv-med-lokk-svart\/","og_locale":"nb_NO","og_type":"article","og_title":"Kurv flet med l\u00e5g - sort | H\u00e5ndv\u00e6vet fra Marokko | Tibladin","og_description":"H\u00e5ndlavet marrokansk Kurv - naturfarvet flet med sort tr\u00e5d. Giver varme og hygge i ethvert rum. Rigtig god til opbevaring","og_url":"https:\/\/tibladin.dk\/nb\/produkt\/flettet-kurv-med-lokk-svart\/","og_site_name":"Tibladin","article_modified_time":"2026-03-27T12:17:43+00:00","og_image":[{"width":800,"height":800,"url":"https:\/\/tibladin.dk\/wp-content\/uploads\/2022\/09\/Tibladin_kurv-40-cm-sort_800x800-1.jpg","type":"image\/jpeg"}],"twitter_card":"summary_large_image","twitter_misc":{"Ansl. lesetid":"1 minutt"},"schema":{"@context":"https:\/\/schema.org","@graph":[{"@type":"WebPage","@id":"https:\/\/tibladin.dk\/produkt\/kurv-flet-med-laag-sort\/","url":"https:\/\/tibladin.dk\/produkt\/kurv-flet-med-laag-sort\/","name":"Kurvfleting med lokk - svart | H\u00e5ndvevd fra Marokko | Tibladin","isPartOf":{"@id":"https:\/\/tibladin.dk\/#website"},"primaryImageOfPage":{"@id":"https:\/\/tibladin.dk\/produkt\/kurv-flet-med-laag-sort\/#primaryimage"},"image":{"@id":"https:\/\/tibladin.dk\/produkt\/kurv-flet-med-laag-sort\/#primaryimage"},"thumbnailUrl":"https:\/\/tibladin.dk\/wp-content\/uploads\/2022\/09\/Tibladin_kurv-40-cm-sort_800x800-1.jpg","datePublished":"2022-09-20T09:02:55+00:00","dateModified":"2026-03-27T12:17:43+00:00","description":"H\u00e5ndlaget marokkansk kurv - naturfarget rotting med svart tr\u00e5d. Gir varme og hygge i ethvert rom. Veldig bra for oppbevaring.","breadcrumb":{"@id":"https:\/\/tibladin.dk\/produkt\/kurv-flet-med-laag-sort\/#breadcrumb"},"inLanguage":"nb-NO","potentialAction":[{"@type":"ReadAction","target":["https:\/\/tibladin.dk\/produkt\/kurv-flet-med-laag-sort\/"]}]},{"@type":"ImageObject","inLanguage":"nb-NO","@id":"https:\/\/tibladin.dk\/produkt\/kurv-flet-med-laag-sort\/#primaryimage","url":"https:\/\/tibladin.dk\/wp-content\/uploads\/2022\/09\/Tibladin_kurv-40-cm-sort_800x800-1.jpg","contentUrl":"https:\/\/tibladin.dk\/wp-content\/uploads\/2022\/09\/Tibladin_kurv-40-cm-sort_800x800-1.jpg","width":800,"height":800,"caption":"marokkansk kurv i sort"},{"@type":"BreadcrumbList","@id":"https:\/\/tibladin.dk\/produkt\/kurv-flet-med-laag-sort\/#breadcrumb","itemListElement":[{"@type":"ListItem","position":1,"name":"Hjem","item":"https:\/\/tibladin.dk\/"},{"@type":"ListItem","position":2,"name":"Shop","item":"https:\/\/tibladin.dk\/shop\/"},{"@type":"ListItem","position":3,"name":"Kurv flet med l\u00e5g &#8211; sort"}]},{"@type":"WebSite","@id":"https:\/\/tibladin.dk\/#website","url":"https:\/\/tibladin.dk\/","name":"Tibladin","description":"Tibladin","publisher":{"@id":"https:\/\/tibladin.dk\/#organization"},"potentialAction":[{"@type":"SearchAction","target":{"@type":"EntryPoint","urlTemplate":"https:\/\/tibladin.dk\/?s={search_term_string}"},"query-input":{"@type":"PropertyValueSpecification","valueRequired":true,"valueName":"search_term_string"}}],"inLanguage":"nb-NO"},{"@type":"Organization","@id":"https:\/\/tibladin.dk\/#organization","name":"Tibladin","url":"https:\/\/tibladin.dk\/","logo":{"@type":"ImageObject","inLanguage":"nb-NO","@id":"https:\/\/tibladin.dk\/#\/schema\/logo\/image\/","url":"https:\/\/tibladin.dk\/wp-content\/uploads\/2022\/09\/tibladin_logo.svg","contentUrl":"https:\/\/tibladin.dk\/wp-content\/uploads\/2022\/09\/tibladin_logo.svg","caption":"Tibladin"},"image":{"@id":"https:\/\/tibladin.dk\/#\/schema\/logo\/image\/"}}]}},"_links":{"self":[{"href":"https:\/\/tibladin.dk\/nb\/wp-json\/wp\/v2\/product\/540","targetHints":{"allow":["GET"]}}],"collection":[{"href":"https:\/\/tibladin.dk\/nb\/wp-json\/wp\/v2\/product"}],"about":[{"href":"https:\/\/tibladin.dk\/nb\/wp-json\/wp\/v2\/types\/product"}],"wp:featuredmedia":[{"embeddable":true,"href":"https:\/\/tibladin.dk\/nb\/wp-json\/wp\/v2\/media\/536"}],"wp:attachment":[{"href":"https:\/\/tibladin.dk\/nb\/wp-json\/wp\/v2\/media?parent=540"}],"wp:term":[{"taxonomy":"product_brand","embeddable":true,"href":"https:\/\/tibladin.dk\/nb\/wp-json\/wp\/v2\/product_brand?post=540"},{"taxonomy":"product_cat","embeddable":true,"href":"https:\/\/tibladin.dk\/nb\/wp-json\/wp\/v2\/product_cat?post=540"},{"taxonomy":"product_tag","embeddable":true,"href":"https:\/\/tibladin.dk\/nb\/wp-json\/wp\/v2\/product_tag?post=540"}],"curies":[{"name":"wp","href":"https:\/\/api.w.org\/{rel}","templated":true}]}}