{"id":560,"date":"2022-09-20T11:03:05","date_gmt":"2022-09-20T09:03:05","guid":{"rendered":"https:\/\/tibladin.dk\/vare\/fjer-vaegdekoration-juju-hat-hvid-og-sort\/"},"modified":"2026-01-02T12:59:52","modified_gmt":"2026-01-02T11:59:52","slug":"fjaerveggdekorasjon-juju-hatt-hvit-og-svart","status":"publish","type":"product","link":"https:\/\/tibladin.dk\/nb\/produkt\/fjer-vaegdekoration-juju-hat-hvid-og-sort\/","title":{"rendered":"Fj\u00e6rveggdekorasjon jujuhatt \u2013 hvit og svart"},"content":{"rendered":"<div class=\"wpb-content-wrapper\"><div class=\"vc_row wpb_row vc_row-fluid\"><div class=\"wpb_column vc_column_container vc_col-sm-4\"><div class=\"vc_column-inner\"><div class=\"wpb_wrapper\">\n\t<div class=\"wpb_video_widget wpb_content_element vc_clearfix   vc_video-aspect-ratio-43 vc_video-el-width-100 vc_video-align-left\" >\n\t\t<div class=\"wpb_wrapper\">\n\t\t\t\n\t\t\t<div class=\"wpb_video_wrapper\"><div class=\"video-container\"><iframe loading=\"lazy\" title=\"Tibladin_Juju-hatter\" src=\"https:\/\/player.vimeo.com\/video\/416817931?dnt=1&amp;app_id=122963\" width=\"310\" height=\"310\" frameborder=\"0\" allow=\"autoplay; fullscreen; picture-in-picture\"><\/iframe><\/div><\/div>\n\t\t<\/div>\n\t<\/div>\n<\/div><\/div><\/div><div class=\"wpb_column vc_column_container vc_col-sm-4\"><div class=\"vc_column-inner\"><div class=\"wpb_wrapper\"><h3 style=\"text-align: left\" class=\"vc_custom_heading vc_do_custom_heading\" >Vedlikehold<\/h3>\n\t<div class=\"wpb_text_column wpb_content_element\" >\n\t\t<div class=\"wpb_wrapper\">\n\t\t\t<p class=\"p1\">Du f\u00e5r Juju-hatten din i en fin og gjenbrukbar Tibladin-stoffpose. N\u00e5r du har brettet ut hatten, kan du forsiktig b\u00f8rste fj\u00e6rene med en myk b\u00f8rste. Siden Juju-hatten er laget av naturlige materialer \u2013 fj\u00e6r og bast \u2013 kan de tiltrekke seg m\u00f8ll. Hatten inkluderer derfor en liten Tibladin-stoffpose fylt med duftende, t\u00f8rket lavendel og en trekule laget av rent sedertre, som du kan henge p\u00e5 baksiden av dekorasjonen din. B\u00e5de stoffposen og innholdet er laget av organisk og b\u00e6rekraftig materiale. Hvis sedertrekulen mister duften over tid, er det bare \u00e5 pusse den med litt sandpapir, s\u00e5 vil duften komme tilbake. Tibladin anbefaler ogs\u00e5 at du sprayer Juju-hatten din med insektspray annenhver m\u00e5ned.<\/p>\n\n\t\t<\/div>\n\t<\/div>\n<\/div><\/div><\/div><div class=\"wpb_column vc_column_container vc_col-sm-4\"><div class=\"vc_column-inner\"><div class=\"wpb_wrapper\"><h3 style=\"text-align: left\" class=\"vc_custom_heading vc_do_custom_heading\" >Historien bak<\/h3>\n\t<div class=\"wpb_text_column wpb_content_element\" >\n\t\t<div class=\"wpb_wrapper\">\n\t\t\t<p class=\"p1\">Personlig dekor handler ogs\u00e5 om \u00e5 overraske. Med denne dekorative Juju-hatten kan du gi veggene dine nytt liv. Hvert kunstverk er unikt og h\u00e5ndlaget av vevd raftan\/bast med ekte kyllingfj\u00e6r og andre fuglefj\u00e6r som er festet individuelt.<\/p>\n<p class=\"p1\">Jujuhatter lages i Kamerun i Afrika og har blitt sv\u00e6rt trendy i interi\u00f8rverdenen, der de vakre dekorasjonene pryder veggene p\u00e5 hoteller, restauranter og private hjem. Opprinnelig ble disse brukt av kongelige i Kamerun som h\u00e5rpynt til seremonier. De representerer en fugls evne til \u00e5 n\u00e5 himmelen.<\/p>\n<p class=\"p1\">Dekorer veggene dine med en blanding av bilder, Juju-hatter og speil og f\u00e5 et levende og personlig uttrykk.<\/p>\n<p class=\"p1\">Den leveres sammenbrettet. N\u00e5r du mottar den, knyter du snoren og bretter ut Juju-hatten. Henger den p\u00e5 en spiker p\u00e5 veggen.<\/p>\n\n\t\t<\/div>\n\t<\/div>\n<\/div><\/div><\/div><\/div>\n<\/div>","protected":false},"excerpt":{"rendered":"<p class=\"p1\">H\u00e5ndlaget Juju-hatt i hvitt med noen svarte fj\u00e6r.<\/p>\n<p class=\"p1\">Juju-hatten er en personlig og i\u00f8ynefallende veggdekorasjon til hjemmet ditt. Hos Tibladin er den tilgjengelig i fire forskjellige st\u00f8rrelser og leveres brettet i en \u00f8kologisk stoffpose med en inkludert liten duftpose som enkelt kan henges p\u00e5 baksiden av hatten.<\/p>\n<p class=\"p1\">","protected":false},"featured_media":555,"template":"","meta":{"inline_featured_image":false},"product_brand":[],"product_cat":[57,56],"product_tag":[],"class_list":{"0":"post-560","1":"product","2":"type-product","3":"status-publish","4":"has-post-thumbnail","6":"product_cat-fjerdekoration","7":"product_cat-vaegdekoration","9":"first","10":"instock","11":"taxable","12":"shipping-taxable","13":"purchasable","14":"product-type-variable"},"exclude_global_add_ons":false,"addons":[{"name":"\u00d8nsker du gaveinnpakning?","type":"checkbox","position":0,"required":false,"title_format":"label","default":"","description_enable":false,"description":"","placeholder_enable":false,"placeholder":"","display":"images","restrictions_type":"any_text","adjust_price":false,"price":"","price_type":"flat_fee","restrictions":false,"min":"0","max":"0","options":[{"label":"Ja tak","price":"10","price_type":"flat_fee","image":11015,"visibility":true}],"id":1669646111}],"yoast_head":"<!-- This site is optimized with the Yoast SEO plugin v27.4 - https:\/\/yoast.com\/product\/yoast-seo-wordpress\/ -->\n<title>Fjer v\u00e6gdekoration juju hat - hvid og sort | Tibladin<\/title>\n<meta name=\"description\" content=\"V\u00e6gdekoration i fjer-juju hat - hvid med sort m\u00f8nster. H\u00e5ndlavet af lokale h\u00e5ndv\u00e6rkere i Cameroon i Afrika.Giver dine v\u00e6gge liv og personlighed.\" \/>\n<meta name=\"robots\" content=\"index, follow, max-snippet:-1, max-image-preview:large, max-video-preview:-1\" \/>\n<link rel=\"canonical\" href=\"https:\/\/tibladin.dk\/nb\/produkt\/fjaerveggdekorasjon-juju-hatt-hvit-og-svart\/\" \/>\n<meta property=\"og:locale\" content=\"nb_NO\" \/>\n<meta property=\"og:type\" content=\"article\" \/>\n<meta property=\"og:title\" content=\"Fjer v\u00e6gdekoration juju hat - hvid og sort | Tibladin\" \/>\n<meta property=\"og:description\" content=\"V\u00e6gdekoration i fjer-juju hat - hvid med sort m\u00f8nster. H\u00e5ndlavet af lokale h\u00e5ndv\u00e6rkere i Cameroon i Afrika.Giver dine v\u00e6gge liv og personlighed.\" \/>\n<meta property=\"og:url\" content=\"https:\/\/tibladin.dk\/nb\/produkt\/fjaerveggdekorasjon-juju-hatt-hvit-og-svart\/\" \/>\n<meta property=\"og:site_name\" content=\"Tibladin\" \/>\n<meta property=\"article:modified_time\" content=\"2026-01-02T11:59:52+00:00\" \/>\n<meta property=\"og:image\" content=\"https:\/\/tibladin.dk\/wp-content\/uploads\/2022\/09\/Tibladin_Fjerdekoration_jutjuthat_LS4_5398-scaled-2.jpeg\" \/>\n\t<meta property=\"og:image:width\" content=\"1920\" \/>\n\t<meta property=\"og:image:height\" content=\"2560\" \/>\n\t<meta property=\"og:image:type\" content=\"image\/jpeg\" \/>\n<meta name=\"twitter:card\" content=\"summary_large_image\" \/>\n<meta name=\"twitter:label1\" content=\"Ansl. lesetid\" \/>\n\t<meta name=\"twitter:data1\" content=\"2 minutter\" \/>\n<script type=\"application\/ld+json\" class=\"yoast-schema-graph\">{\"@context\":\"https:\\\/\\\/schema.org\",\"@graph\":[{\"@type\":\"WebPage\",\"@id\":\"https:\\\/\\\/tibladin.dk\\\/produkt\\\/fjer-vaegdekoration-juju-hat-hvid-og-sort\\\/\",\"url\":\"https:\\\/\\\/tibladin.dk\\\/produkt\\\/fjer-vaegdekoration-juju-hat-hvid-og-sort\\\/\",\"name\":\"Fjer v\u00e6gdekoration juju hat - hvid og sort | Tibladin\",\"isPartOf\":{\"@id\":\"https:\\\/\\\/tibladin.dk\\\/#website\"},\"primaryImageOfPage\":{\"@id\":\"https:\\\/\\\/tibladin.dk\\\/produkt\\\/fjer-vaegdekoration-juju-hat-hvid-og-sort\\\/#primaryimage\"},\"image\":{\"@id\":\"https:\\\/\\\/tibladin.dk\\\/produkt\\\/fjer-vaegdekoration-juju-hat-hvid-og-sort\\\/#primaryimage\"},\"thumbnailUrl\":\"https:\\\/\\\/tibladin.dk\\\/wp-content\\\/uploads\\\/2022\\\/09\\\/Tibladin_Fjerdekoration_jutjuthat_LS4_5398-scaled-2.jpeg\",\"datePublished\":\"2022-09-20T09:03:05+00:00\",\"dateModified\":\"2026-01-02T11:59:52+00:00\",\"description\":\"V\u00e6gdekoration i fjer-juju hat - hvid med sort m\u00f8nster. H\u00e5ndlavet af lokale h\u00e5ndv\u00e6rkere i Cameroon i Afrika.Giver dine v\u00e6gge liv og personlighed.\",\"breadcrumb\":{\"@id\":\"https:\\\/\\\/tibladin.dk\\\/produkt\\\/fjer-vaegdekoration-juju-hat-hvid-og-sort\\\/#breadcrumb\"},\"inLanguage\":\"nb-NO\",\"potentialAction\":[{\"@type\":\"ReadAction\",\"target\":[\"https:\\\/\\\/tibladin.dk\\\/produkt\\\/fjer-vaegdekoration-juju-hat-hvid-og-sort\\\/\"]}]},{\"@type\":\"ImageObject\",\"inLanguage\":\"nb-NO\",\"@id\":\"https:\\\/\\\/tibladin.dk\\\/produkt\\\/fjer-vaegdekoration-juju-hat-hvid-og-sort\\\/#primaryimage\",\"url\":\"https:\\\/\\\/tibladin.dk\\\/wp-content\\\/uploads\\\/2022\\\/09\\\/Tibladin_Fjerdekoration_jutjuthat_LS4_5398-scaled-2.jpeg\",\"contentUrl\":\"https:\\\/\\\/tibladin.dk\\\/wp-content\\\/uploads\\\/2022\\\/09\\\/Tibladin_Fjerdekoration_jutjuthat_LS4_5398-scaled-2.jpeg\",\"width\":1920,\"height\":2560,\"caption\":\"Jujuhat i hvid med sorte fjer\"},{\"@type\":\"BreadcrumbList\",\"@id\":\"https:\\\/\\\/tibladin.dk\\\/produkt\\\/fjer-vaegdekoration-juju-hat-hvid-og-sort\\\/#breadcrumb\",\"itemListElement\":[{\"@type\":\"ListItem\",\"position\":1,\"name\":\"Hjem\",\"item\":\"https:\\\/\\\/tibladin.dk\\\/\"},{\"@type\":\"ListItem\",\"position\":2,\"name\":\"Shop\",\"item\":\"https:\\\/\\\/tibladin.dk\\\/shop\\\/\"},{\"@type\":\"ListItem\",\"position\":3,\"name\":\"Fjer v\u00e6gdekoration juju hat &#8211; hvid og sort\"}]},{\"@type\":\"WebSite\",\"@id\":\"https:\\\/\\\/tibladin.dk\\\/#website\",\"url\":\"https:\\\/\\\/tibladin.dk\\\/\",\"name\":\"Tibladin\",\"description\":\"Tibladin\",\"publisher\":{\"@id\":\"https:\\\/\\\/tibladin.dk\\\/#organization\"},\"potentialAction\":[{\"@type\":\"SearchAction\",\"target\":{\"@type\":\"EntryPoint\",\"urlTemplate\":\"https:\\\/\\\/tibladin.dk\\\/?s={search_term_string}\"},\"query-input\":{\"@type\":\"PropertyValueSpecification\",\"valueRequired\":true,\"valueName\":\"search_term_string\"}}],\"inLanguage\":\"nb-NO\"},{\"@type\":\"Organization\",\"@id\":\"https:\\\/\\\/tibladin.dk\\\/#organization\",\"name\":\"Tibladin\",\"url\":\"https:\\\/\\\/tibladin.dk\\\/\",\"logo\":{\"@type\":\"ImageObject\",\"inLanguage\":\"nb-NO\",\"@id\":\"https:\\\/\\\/tibladin.dk\\\/#\\\/schema\\\/logo\\\/image\\\/\",\"url\":\"https:\\\/\\\/tibladin.dk\\\/wp-content\\\/uploads\\\/2022\\\/09\\\/tibladin_logo.svg\",\"contentUrl\":\"https:\\\/\\\/tibladin.dk\\\/wp-content\\\/uploads\\\/2022\\\/09\\\/tibladin_logo.svg\",\"caption\":\"Tibladin\"},\"image\":{\"@id\":\"https:\\\/\\\/tibladin.dk\\\/#\\\/schema\\\/logo\\\/image\\\/\"}}]}<\/script>\n<!-- \/ Yoast SEO plugin. -->","yoast_head_json":{"title":"Fj\u00e6rveggdekorasjon jujuhatt - hvit og svart | Tibladin","description":"Veggdekorasjon i fj\u00e6rjujuhatt - hvit med svart m\u00f8nster. H\u00e5ndlaget av lokale h\u00e5ndverkere i Kamerun, Afrika. Gir veggene dine liv og personlighet.","robots":{"index":"index","follow":"follow","max-snippet":"max-snippet:-1","max-image-preview":"max-image-preview:large","max-video-preview":"max-video-preview:-1"},"canonical":"https:\/\/tibladin.dk\/nb\/produkt\/fjaerveggdekorasjon-juju-hatt-hvit-og-svart\/","og_locale":"nb_NO","og_type":"article","og_title":"Fjer v\u00e6gdekoration juju hat - hvid og sort | Tibladin","og_description":"V\u00e6gdekoration i fjer-juju hat - hvid med sort m\u00f8nster. H\u00e5ndlavet af lokale h\u00e5ndv\u00e6rkere i Cameroon i Afrika.Giver dine v\u00e6gge liv og personlighed.","og_url":"https:\/\/tibladin.dk\/nb\/produkt\/fjaerveggdekorasjon-juju-hatt-hvit-og-svart\/","og_site_name":"Tibladin","article_modified_time":"2026-01-02T11:59:52+00:00","og_image":[{"width":1920,"height":2560,"url":"https:\/\/tibladin.dk\/wp-content\/uploads\/2022\/09\/Tibladin_Fjerdekoration_jutjuthat_LS4_5398-scaled-2.jpeg","type":"image\/jpeg"}],"twitter_card":"summary_large_image","twitter_misc":{"Ansl. lesetid":"2 minutter"},"schema":{"@context":"https:\/\/schema.org","@graph":[{"@type":"WebPage","@id":"https:\/\/tibladin.dk\/produkt\/fjer-vaegdekoration-juju-hat-hvid-og-sort\/","url":"https:\/\/tibladin.dk\/produkt\/fjer-vaegdekoration-juju-hat-hvid-og-sort\/","name":"Fj\u00e6rveggdekorasjon jujuhatt - hvit og svart | Tibladin","isPartOf":{"@id":"https:\/\/tibladin.dk\/#website"},"primaryImageOfPage":{"@id":"https:\/\/tibladin.dk\/produkt\/fjer-vaegdekoration-juju-hat-hvid-og-sort\/#primaryimage"},"image":{"@id":"https:\/\/tibladin.dk\/produkt\/fjer-vaegdekoration-juju-hat-hvid-og-sort\/#primaryimage"},"thumbnailUrl":"https:\/\/tibladin.dk\/wp-content\/uploads\/2022\/09\/Tibladin_Fjerdekoration_jutjuthat_LS4_5398-scaled-2.jpeg","datePublished":"2022-09-20T09:03:05+00:00","dateModified":"2026-01-02T11:59:52+00:00","description":"Veggdekorasjon i fj\u00e6rjujuhatt - hvit med svart m\u00f8nster. H\u00e5ndlaget av lokale h\u00e5ndverkere i Kamerun, Afrika. Gir veggene dine liv og personlighet.","breadcrumb":{"@id":"https:\/\/tibladin.dk\/produkt\/fjer-vaegdekoration-juju-hat-hvid-og-sort\/#breadcrumb"},"inLanguage":"nb-NO","potentialAction":[{"@type":"ReadAction","target":["https:\/\/tibladin.dk\/produkt\/fjer-vaegdekoration-juju-hat-hvid-og-sort\/"]}]},{"@type":"ImageObject","inLanguage":"nb-NO","@id":"https:\/\/tibladin.dk\/produkt\/fjer-vaegdekoration-juju-hat-hvid-og-sort\/#primaryimage","url":"https:\/\/tibladin.dk\/wp-content\/uploads\/2022\/09\/Tibladin_Fjerdekoration_jutjuthat_LS4_5398-scaled-2.jpeg","contentUrl":"https:\/\/tibladin.dk\/wp-content\/uploads\/2022\/09\/Tibladin_Fjerdekoration_jutjuthat_LS4_5398-scaled-2.jpeg","width":1920,"height":2560,"caption":"Jujuhat i hvid med sorte fjer"},{"@type":"BreadcrumbList","@id":"https:\/\/tibladin.dk\/produkt\/fjer-vaegdekoration-juju-hat-hvid-og-sort\/#breadcrumb","itemListElement":[{"@type":"ListItem","position":1,"name":"Hjem","item":"https:\/\/tibladin.dk\/"},{"@type":"ListItem","position":2,"name":"Shop","item":"https:\/\/tibladin.dk\/shop\/"},{"@type":"ListItem","position":3,"name":"Fjer v\u00e6gdekoration juju hat &#8211; hvid og sort"}]},{"@type":"WebSite","@id":"https:\/\/tibladin.dk\/#website","url":"https:\/\/tibladin.dk\/","name":"Tibladin","description":"Tibladin","publisher":{"@id":"https:\/\/tibladin.dk\/#organization"},"potentialAction":[{"@type":"SearchAction","target":{"@type":"EntryPoint","urlTemplate":"https:\/\/tibladin.dk\/?s={search_term_string}"},"query-input":{"@type":"PropertyValueSpecification","valueRequired":true,"valueName":"search_term_string"}}],"inLanguage":"nb-NO"},{"@type":"Organization","@id":"https:\/\/tibladin.dk\/#organization","name":"Tibladin","url":"https:\/\/tibladin.dk\/","logo":{"@type":"ImageObject","inLanguage":"nb-NO","@id":"https:\/\/tibladin.dk\/#\/schema\/logo\/image\/","url":"https:\/\/tibladin.dk\/wp-content\/uploads\/2022\/09\/tibladin_logo.svg","contentUrl":"https:\/\/tibladin.dk\/wp-content\/uploads\/2022\/09\/tibladin_logo.svg","caption":"Tibladin"},"image":{"@id":"https:\/\/tibladin.dk\/#\/schema\/logo\/image\/"}}]}},"_links":{"self":[{"href":"https:\/\/tibladin.dk\/nb\/wp-json\/wp\/v2\/product\/560","targetHints":{"allow":["GET"]}}],"collection":[{"href":"https:\/\/tibladin.dk\/nb\/wp-json\/wp\/v2\/product"}],"about":[{"href":"https:\/\/tibladin.dk\/nb\/wp-json\/wp\/v2\/types\/product"}],"wp:featuredmedia":[{"embeddable":true,"href":"https:\/\/tibladin.dk\/nb\/wp-json\/wp\/v2\/media\/555"}],"wp:attachment":[{"href":"https:\/\/tibladin.dk\/nb\/wp-json\/wp\/v2\/media?parent=560"}],"wp:term":[{"taxonomy":"product_brand","embeddable":true,"href":"https:\/\/tibladin.dk\/nb\/wp-json\/wp\/v2\/product_brand?post=560"},{"taxonomy":"product_cat","embeddable":true,"href":"https:\/\/tibladin.dk\/nb\/wp-json\/wp\/v2\/product_cat?post=560"},{"taxonomy":"product_tag","embeddable":true,"href":"https:\/\/tibladin.dk\/nb\/wp-json\/wp\/v2\/product_tag?post=560"}],"curies":[{"name":"wp","href":"https:\/\/api.w.org\/{rel}","templated":true}]}}