{"id":5613,"date":"2025-08-18T11:04:48","date_gmt":"2025-08-18T09:04:48","guid":{"rendered":"https:\/\/tibladin.dk\/?post_type=product&#038;p=5613"},"modified":"2026-02-26T14:33:53","modified_gmt":"2026-02-26T13:33:53","slug":"beni-ouarain-196x290-cm-amira","status":"publish","type":"product","link":"https:\/\/tibladin.dk\/nb\/produkt\/beni-ouarain-196x290-cm-amira\/","title":{"rendered":"Beni Ouarain 196\u00d7290 cm \u2013 AMIRA"},"content":{"rendered":"<div class=\"wpb-content-wrapper\"><div class=\"vc_row wpb_row vc_row-fluid\"><div class=\"wpb_column vc_column_container vc_col-sm-4\"><div class=\"vc_column-inner\"><div class=\"wpb_wrapper\"><\/div><\/div><\/div><div class=\"wpb_column vc_column_container vc_col-sm-4\"><div class=\"vc_column-inner\"><div class=\"wpb_wrapper\"><h3 style=\"text-align: left\" class=\"vc_custom_heading vc_do_custom_heading\" >Vedlikehold<\/h3>\n\t<div class=\"wpb_text_column wpb_content_element\" >\n\t\t<div class=\"wpb_wrapper\">\n\t\t\t<p>St\u00f8vsug teppet regelmessig og ta det ut og rist det av og til. Flekker fjernes ved \u00e5 bl\u00f8tlegge flekken med en klut s\u00e5 snart som mulig og duppe flekken med en fuktig klut. Teppet er laget av 100 % ren ull og er naturlig dekket med lanolin p\u00e5 hver fiber, noe som hindrer flekker i \u00e5 trenge inn i teppet. Hvis vi er s\u00e5 heldige \u00e5 f\u00e5 sn\u00f8 en vinter i Danmark, legg da teppet ut i den hvite sn\u00f8en. Dette vil rense teppet grundig \u2013 helt naturlig.<\/p>\n\n\t\t<\/div>\n\t<\/div>\n<\/div><\/div><\/div><div class=\"wpb_column vc_column_container vc_col-sm-4\"><div class=\"vc_column-inner\"><div class=\"wpb_wrapper\"><h3 style=\"text-align: left\" class=\"vc_custom_heading vc_do_custom_heading\" >Historien bak<\/h3>\n\t<div class=\"wpb_text_column wpb_content_element\" >\n\t\t<div class=\"wpb_wrapper\">\n\t\t\t<p>Tepper dekorerer, gir hygge og varme og er ogs\u00e5 st\u00f8ydempende.<\/p>\n<p>Beni Ouarain-tepper er sv\u00e6rt etterspurt over hele verden og passer ogs\u00e5 sv\u00e6rt godt inn i skandinavisk interi\u00f8r. Mange interi\u00f8rmerker har kopiert Beni Ouarain-stilen og f\u00e5r dem laget industrielt. Her hos Tibladin har vi kun originale Beni Ouarain-tepper h\u00e5ndlaget av kvinner fra berberstammen Beni Ouarain, som oppsto s\u00f8r for Rif-fjellene i Marokko. Teppene brukes av berberstammen til \u00e5 dekke seg til og ligge p\u00e5 n\u00e5r de sover. Hvert teppe er et kunstverk, og i motsetning til orientalske tepper er de ikke produsert etter modeller, men kun etter kvinnenes egne \u00f8nsker, og symboliserer ofte f\u00f8lelsene kvinnene har hatt n\u00e5r de vever. Diamantformen som du ser i mange av teppene beskytter mot onde \u00e5nder. Fargetonene er naturlige i sine hvite, beige, brune og svarte farger.<\/p>\n<p>Slipp av deg skoene og kjenn den myke ullen under f\u00f8ttene!<\/p>\n\n\t\t<\/div>\n\t<\/div>\n<\/div><\/div><\/div><\/div>\n<\/div>","protected":false},"excerpt":{"rendered":"<ul class=\"ul1\">\n<li class=\"li1\">Beni Ourain-teppet har en base av lys kelim, som fremst\u00e5r vakkert i 3D-format. Den lette, luftige ullen danner et ensartet sikksakkm\u00f8nster.<\/li>\n<li class=\"li1\">H\u00e5ndvevd marokkansk teppe i 100% ull.<\/li>\n<\/ul>\n<p class=\"p1\">Her er teppet for dere som har en lang gang eller et omr\u00e5de i huset hvor dette teppet kan v\u00e6re et sammenhengende element. Teppet er laget av berberkvinner fra Beni Ouarain-stammene i de marokkanske Atlasfjellene.<\/p>\n<p class=\"p1\"><b>Teppet m\u00e5ler 196 \u00d7 290 cm.<\/b><\/p>","protected":false},"featured_media":39105,"template":"","meta":{"inline_featured_image":false},"product_brand":[],"product_cat":[62,59],"product_tag":[],"class_list":{"0":"post-5613","1":"product","2":"type-product","3":"status-publish","4":"has-post-thumbnail","6":"product_cat-beni-ouarain","7":"product_cat-marokkanske-taepper","9":"first","10":"instock","11":"taxable","12":"shipping-taxable","13":"purchasable","14":"product-type-simple"},"exclude_global_add_ons":[],"addons":[],"yoast_head":"<!-- This site is optimized with the Yoast SEO plugin v27.4 - https:\/\/yoast.com\/product\/yoast-seo-wordpress\/ -->\n<title>Beni Ouarain t\u00e6ppe | Med harmoniske farver | Klik her og se!<\/title>\n<meta name=\"description\" content=\"Marokkansk t\u00e6ppe Beni Ouarain i 100% uld. Dejligt lyst t\u00e6ppe med en bund af lys kelim i zig zag m\u00f8nster. Smukt lyst t\u00e6ppe med et touch af Marokko.\" \/>\n<meta name=\"robots\" content=\"index, follow, max-snippet:-1, max-image-preview:large, max-video-preview:-1\" \/>\n<link rel=\"canonical\" href=\"https:\/\/tibladin.dk\/nb\/produkt\/beni-ouarain-196x290-cm-amira\/\" \/>\n<meta property=\"og:locale\" content=\"nb_NO\" \/>\n<meta property=\"og:type\" content=\"article\" \/>\n<meta property=\"og:title\" content=\"Beni Ouarain t\u00e6ppe | Med harmoniske farver | Klik her og se!\" \/>\n<meta property=\"og:description\" content=\"Marokkansk t\u00e6ppe Beni Ouarain i 100% uld. Dejligt lyst t\u00e6ppe med en bund af lys kelim i zig zag m\u00f8nster. Smukt lyst t\u00e6ppe med et touch af Marokko.\" \/>\n<meta property=\"og:url\" content=\"https:\/\/tibladin.dk\/nb\/produkt\/beni-ouarain-196x290-cm-amira\/\" \/>\n<meta property=\"og:site_name\" content=\"Tibladin\" \/>\n<meta property=\"article:modified_time\" content=\"2026-02-26T13:33:53+00:00\" \/>\n<meta property=\"og:image\" content=\"https:\/\/tibladin.dk\/wp-content\/uploads\/2022\/11\/AMIRA-196x290-cm_1.jpg\" \/>\n\t<meta property=\"og:image:width\" content=\"800\" \/>\n\t<meta property=\"og:image:height\" content=\"800\" \/>\n\t<meta property=\"og:image:type\" content=\"image\/jpeg\" \/>\n<meta name=\"twitter:card\" content=\"summary_large_image\" \/>\n<meta name=\"twitter:label1\" content=\"Ansl. lesetid\" \/>\n\t<meta name=\"twitter:data1\" content=\"2 minutter\" \/>\n<script type=\"application\/ld+json\" class=\"yoast-schema-graph\">{\"@context\":\"https:\\\/\\\/schema.org\",\"@graph\":[{\"@type\":\"WebPage\",\"@id\":\"https:\\\/\\\/tibladin.dk\\\/produkt\\\/beni-ouarain-196x290-cm-amira\\\/\",\"url\":\"https:\\\/\\\/tibladin.dk\\\/produkt\\\/beni-ouarain-196x290-cm-amira\\\/\",\"name\":\"Beni Ouarain t\u00e6ppe | Med harmoniske farver | Klik her og se!\",\"isPartOf\":{\"@id\":\"https:\\\/\\\/tibladin.dk\\\/#website\"},\"primaryImageOfPage\":{\"@id\":\"https:\\\/\\\/tibladin.dk\\\/produkt\\\/beni-ouarain-196x290-cm-amira\\\/#primaryimage\"},\"image\":{\"@id\":\"https:\\\/\\\/tibladin.dk\\\/produkt\\\/beni-ouarain-196x290-cm-amira\\\/#primaryimage\"},\"thumbnailUrl\":\"https:\\\/\\\/tibladin.dk\\\/wp-content\\\/uploads\\\/2022\\\/11\\\/AMIRA-196x290-cm_1.jpg\",\"datePublished\":\"2025-08-18T09:04:48+00:00\",\"dateModified\":\"2026-02-26T13:33:53+00:00\",\"description\":\"Marokkansk t\u00e6ppe Beni Ouarain i 100% uld. Dejligt lyst t\u00e6ppe med en bund af lys kelim i zig zag m\u00f8nster. Smukt lyst t\u00e6ppe med et touch af Marokko.\",\"breadcrumb\":{\"@id\":\"https:\\\/\\\/tibladin.dk\\\/produkt\\\/beni-ouarain-196x290-cm-amira\\\/#breadcrumb\"},\"inLanguage\":\"nb-NO\",\"potentialAction\":[{\"@type\":\"ReadAction\",\"target\":[\"https:\\\/\\\/tibladin.dk\\\/produkt\\\/beni-ouarain-196x290-cm-amira\\\/\"]}]},{\"@type\":\"ImageObject\",\"inLanguage\":\"nb-NO\",\"@id\":\"https:\\\/\\\/tibladin.dk\\\/produkt\\\/beni-ouarain-196x290-cm-amira\\\/#primaryimage\",\"url\":\"https:\\\/\\\/tibladin.dk\\\/wp-content\\\/uploads\\\/2022\\\/11\\\/AMIRA-196x290-cm_1.jpg\",\"contentUrl\":\"https:\\\/\\\/tibladin.dk\\\/wp-content\\\/uploads\\\/2022\\\/11\\\/AMIRA-196x290-cm_1.jpg\",\"width\":800,\"height\":800,\"caption\":\"beni-ouarain-196x290-cm-amira\"},{\"@type\":\"BreadcrumbList\",\"@id\":\"https:\\\/\\\/tibladin.dk\\\/produkt\\\/beni-ouarain-196x290-cm-amira\\\/#breadcrumb\",\"itemListElement\":[{\"@type\":\"ListItem\",\"position\":1,\"name\":\"Hjem\",\"item\":\"https:\\\/\\\/tibladin.dk\\\/\"},{\"@type\":\"ListItem\",\"position\":2,\"name\":\"Shop\",\"item\":\"https:\\\/\\\/tibladin.dk\\\/shop\\\/\"},{\"@type\":\"ListItem\",\"position\":3,\"name\":\"Beni Ouarain 196&#215;290 cm &#8211; AMIRA\"}]},{\"@type\":\"WebSite\",\"@id\":\"https:\\\/\\\/tibladin.dk\\\/#website\",\"url\":\"https:\\\/\\\/tibladin.dk\\\/\",\"name\":\"Tibladin\",\"description\":\"Tibladin\",\"publisher\":{\"@id\":\"https:\\\/\\\/tibladin.dk\\\/#organization\"},\"potentialAction\":[{\"@type\":\"SearchAction\",\"target\":{\"@type\":\"EntryPoint\",\"urlTemplate\":\"https:\\\/\\\/tibladin.dk\\\/?s={search_term_string}\"},\"query-input\":{\"@type\":\"PropertyValueSpecification\",\"valueRequired\":true,\"valueName\":\"search_term_string\"}}],\"inLanguage\":\"nb-NO\"},{\"@type\":\"Organization\",\"@id\":\"https:\\\/\\\/tibladin.dk\\\/#organization\",\"name\":\"Tibladin\",\"url\":\"https:\\\/\\\/tibladin.dk\\\/\",\"logo\":{\"@type\":\"ImageObject\",\"inLanguage\":\"nb-NO\",\"@id\":\"https:\\\/\\\/tibladin.dk\\\/#\\\/schema\\\/logo\\\/image\\\/\",\"url\":\"https:\\\/\\\/tibladin.dk\\\/wp-content\\\/uploads\\\/2022\\\/09\\\/tibladin_logo.svg\",\"contentUrl\":\"https:\\\/\\\/tibladin.dk\\\/wp-content\\\/uploads\\\/2022\\\/09\\\/tibladin_logo.svg\",\"caption\":\"Tibladin\"},\"image\":{\"@id\":\"https:\\\/\\\/tibladin.dk\\\/#\\\/schema\\\/logo\\\/image\\\/\"}}]}<\/script>\n<!-- \/ Yoast SEO plugin. -->","yoast_head_json":{"title":"Beni Ourain-teppe | Med harmoniske farger | Klikk her og se!","description":"Marokkansk teppe Beni Ouarain i 100% ull. Nydelig, lyst teppe med en base av lys kelim i sikksakkm\u00f8nster. Vakkert, lyst teppe med et snev av Marokko.","robots":{"index":"index","follow":"follow","max-snippet":"max-snippet:-1","max-image-preview":"max-image-preview:large","max-video-preview":"max-video-preview:-1"},"canonical":"https:\/\/tibladin.dk\/nb\/produkt\/beni-ouarain-196x290-cm-amira\/","og_locale":"nb_NO","og_type":"article","og_title":"Beni Ouarain t\u00e6ppe | Med harmoniske farver | Klik her og se!","og_description":"Marokkansk t\u00e6ppe Beni Ouarain i 100% uld. Dejligt lyst t\u00e6ppe med en bund af lys kelim i zig zag m\u00f8nster. Smukt lyst t\u00e6ppe med et touch af Marokko.","og_url":"https:\/\/tibladin.dk\/nb\/produkt\/beni-ouarain-196x290-cm-amira\/","og_site_name":"Tibladin","article_modified_time":"2026-02-26T13:33:53+00:00","og_image":[{"width":800,"height":800,"url":"https:\/\/tibladin.dk\/wp-content\/uploads\/2022\/11\/AMIRA-196x290-cm_1.jpg","type":"image\/jpeg"}],"twitter_card":"summary_large_image","twitter_misc":{"Ansl. lesetid":"2 minutter"},"schema":{"@context":"https:\/\/schema.org","@graph":[{"@type":"WebPage","@id":"https:\/\/tibladin.dk\/produkt\/beni-ouarain-196x290-cm-amira\/","url":"https:\/\/tibladin.dk\/produkt\/beni-ouarain-196x290-cm-amira\/","name":"Beni Ourain-teppe | Med harmoniske farger | Klikk her og se!","isPartOf":{"@id":"https:\/\/tibladin.dk\/#website"},"primaryImageOfPage":{"@id":"https:\/\/tibladin.dk\/produkt\/beni-ouarain-196x290-cm-amira\/#primaryimage"},"image":{"@id":"https:\/\/tibladin.dk\/produkt\/beni-ouarain-196x290-cm-amira\/#primaryimage"},"thumbnailUrl":"https:\/\/tibladin.dk\/wp-content\/uploads\/2022\/11\/AMIRA-196x290-cm_1.jpg","datePublished":"2025-08-18T09:04:48+00:00","dateModified":"2026-02-26T13:33:53+00:00","description":"Marokkansk teppe Beni Ouarain i 100% ull. Nydelig, lyst teppe med en base av lys kelim i sikksakkm\u00f8nster. Vakkert, lyst teppe med et snev av Marokko.","breadcrumb":{"@id":"https:\/\/tibladin.dk\/produkt\/beni-ouarain-196x290-cm-amira\/#breadcrumb"},"inLanguage":"nb-NO","potentialAction":[{"@type":"ReadAction","target":["https:\/\/tibladin.dk\/produkt\/beni-ouarain-196x290-cm-amira\/"]}]},{"@type":"ImageObject","inLanguage":"nb-NO","@id":"https:\/\/tibladin.dk\/produkt\/beni-ouarain-196x290-cm-amira\/#primaryimage","url":"https:\/\/tibladin.dk\/wp-content\/uploads\/2022\/11\/AMIRA-196x290-cm_1.jpg","contentUrl":"https:\/\/tibladin.dk\/wp-content\/uploads\/2022\/11\/AMIRA-196x290-cm_1.jpg","width":800,"height":800,"caption":"beni-ouarain-196x290-cm-amira"},{"@type":"BreadcrumbList","@id":"https:\/\/tibladin.dk\/produkt\/beni-ouarain-196x290-cm-amira\/#breadcrumb","itemListElement":[{"@type":"ListItem","position":1,"name":"Hjem","item":"https:\/\/tibladin.dk\/"},{"@type":"ListItem","position":2,"name":"Shop","item":"https:\/\/tibladin.dk\/shop\/"},{"@type":"ListItem","position":3,"name":"Beni Ouarain 196&#215;290 cm &#8211; AMIRA"}]},{"@type":"WebSite","@id":"https:\/\/tibladin.dk\/#website","url":"https:\/\/tibladin.dk\/","name":"Tibladin","description":"Tibladin","publisher":{"@id":"https:\/\/tibladin.dk\/#organization"},"potentialAction":[{"@type":"SearchAction","target":{"@type":"EntryPoint","urlTemplate":"https:\/\/tibladin.dk\/?s={search_term_string}"},"query-input":{"@type":"PropertyValueSpecification","valueRequired":true,"valueName":"search_term_string"}}],"inLanguage":"nb-NO"},{"@type":"Organization","@id":"https:\/\/tibladin.dk\/#organization","name":"Tibladin","url":"https:\/\/tibladin.dk\/","logo":{"@type":"ImageObject","inLanguage":"nb-NO","@id":"https:\/\/tibladin.dk\/#\/schema\/logo\/image\/","url":"https:\/\/tibladin.dk\/wp-content\/uploads\/2022\/09\/tibladin_logo.svg","contentUrl":"https:\/\/tibladin.dk\/wp-content\/uploads\/2022\/09\/tibladin_logo.svg","caption":"Tibladin"},"image":{"@id":"https:\/\/tibladin.dk\/#\/schema\/logo\/image\/"}}]}},"_links":{"self":[{"href":"https:\/\/tibladin.dk\/nb\/wp-json\/wp\/v2\/product\/5613","targetHints":{"allow":["GET"]}}],"collection":[{"href":"https:\/\/tibladin.dk\/nb\/wp-json\/wp\/v2\/product"}],"about":[{"href":"https:\/\/tibladin.dk\/nb\/wp-json\/wp\/v2\/types\/product"}],"wp:featuredmedia":[{"embeddable":true,"href":"https:\/\/tibladin.dk\/nb\/wp-json\/wp\/v2\/media\/39105"}],"wp:attachment":[{"href":"https:\/\/tibladin.dk\/nb\/wp-json\/wp\/v2\/media?parent=5613"}],"wp:term":[{"taxonomy":"product_brand","embeddable":true,"href":"https:\/\/tibladin.dk\/nb\/wp-json\/wp\/v2\/product_brand?post=5613"},{"taxonomy":"product_cat","embeddable":true,"href":"https:\/\/tibladin.dk\/nb\/wp-json\/wp\/v2\/product_cat?post=5613"},{"taxonomy":"product_tag","embeddable":true,"href":"https:\/\/tibladin.dk\/nb\/wp-json\/wp\/v2\/product_tag?post=5613"}],"curies":[{"name":"wp","href":"https:\/\/api.w.org\/{rel}","templated":true}]}}