{"id":6305,"date":"2022-12-16T15:15:12","date_gmt":"2022-12-16T14:15:12","guid":{"rendered":"https:\/\/tibladin.dk\/?post_type=product&#038;p=6305"},"modified":"2026-04-10T10:00:46","modified_gmt":"2026-04-10T08:00:46","slug":"skjaerebrett-i-valnoettre-i-flere-stoerrelser","status":"publish","type":"product","link":"https:\/\/tibladin.dk\/nb\/produkt\/skaerebraet-i-valnoeddetrae-flere-stoerrelser\/","title":{"rendered":"Skj\u00e6rebrett i valn\u00f8ttre \u2013 flere st\u00f8rrelser"},"content":{"rendered":"<div class=\"wpb-content-wrapper\"><div class=\"vc_row wpb_row vc_row-fluid\"><div class=\"wpb_column vc_column_container vc_col-sm-4\"><div class=\"vc_column-inner\"><div class=\"wpb_wrapper\"><\/div><\/div><\/div><div class=\"wpb_column vc_column_container vc_col-sm-4\"><div class=\"vc_column-inner\"><div class=\"wpb_wrapper\"><h3 style=\"text-align: left\" class=\"vc_custom_heading vc_do_custom_heading\" >Vedlikehold<\/h3>\n\t<div class=\"wpb_text_column wpb_content_element\" >\n\t\t<div class=\"wpb_wrapper\">\n\t\t\t<p>Kj\u00f8kkenutstyret kan h\u00e5ndvaskes. For en varmere gl\u00f8d fra treverket kan du gi det litt matolje.<\/p>\n\n\t\t<\/div>\n\t<\/div>\n<\/div><\/div><\/div><div class=\"wpb_column vc_column_container vc_col-sm-4\"><div class=\"vc_column-inner\"><div class=\"wpb_wrapper\"><h3 style=\"text-align: left\" class=\"vc_custom_heading vc_do_custom_heading\" >Historien bak<\/h3>\n\t<div class=\"wpb_text_column wpb_content_element\" >\n\t\t<div class=\"wpb_wrapper\">\n\t\t\t<p>Vakre h\u00e5ndsk\u00e5rne kj\u00f8kkenredskaper i valn\u00f8ttre. Gir et varmt og koselig preg til kj\u00f8kkeninnredningen din.<\/p>\n\n\t\t<\/div>\n\t<\/div>\n<\/div><\/div><\/div><\/div>\n<\/div>","protected":false},"excerpt":{"rendered":"<p>Vakre h\u00e5ndsk\u00e5rne skj\u00e6refj\u00f8ler\/serveringsfj\u00f8ler i valn\u00f8ttre.<\/p>\n<p>Leveres ubehandlet. Kan gis litt matolje hvis du \u00f8nsker en varmere og m\u00f8rkere gl\u00f8d. Kan h\u00e5ndvaskes.<\/p>\n<p>Kan variere i st\u00f8rrelse og farge\/m\u00f8nster. Tilgjengelig i tre st\u00f8rrelser.<\/p>\n<p>S: 50 \u00d7 15 cm | M: 56 \u00d7 21 cm | L: 66 \u00d7 21 cm<\/p>","protected":false},"featured_media":9127,"template":"","meta":{"inline_featured_image":false},"product_brand":[],"product_cat":[144],"product_tag":[],"class_list":{"0":"post-6305","1":"product","2":"type-product","3":"status-publish","4":"has-post-thumbnail","6":"product_cat-koekkenredskaber-trae","8":"first","9":"instock","10":"featured","11":"taxable","12":"shipping-taxable","13":"purchasable","14":"product-type-variable"},"exclude_global_add_ons":[],"addons":[],"yoast_head":"<!-- This site is optimized with the Yoast SEO plugin v27.4 - https:\/\/yoast.com\/product\/yoast-seo-wordpress\/ -->\n<title>Sk\u00e6rebr\u00e6t i valn\u00f8ddetr\u00e6 | H\u00e5ndsk\u00e5ret i Marokko | Tibladin<\/title>\n<meta name=\"description\" content=\"Hos Tibladin finder du et udvalg af l\u00e6kre h\u00e5ndsk\u00e5rne k\u00f8kkenredskaber i valn\u00f8ddetr\u00e6. Sk\u00e6rebr\u00e6t\/serveringsbr\u00e6t til dit br\u00f8d eller til en smuk tapas servering.\" \/>\n<meta name=\"robots\" content=\"index, follow, max-snippet:-1, max-image-preview:large, max-video-preview:-1\" \/>\n<link rel=\"canonical\" href=\"https:\/\/tibladin.dk\/nb\/produkt\/skjaerebrett-i-valnoettre-i-flere-stoerrelser\/\" \/>\n<meta property=\"og:locale\" content=\"nb_NO\" \/>\n<meta property=\"og:type\" content=\"article\" \/>\n<meta property=\"og:title\" content=\"Sk\u00e6rebr\u00e6t i valn\u00f8ddetr\u00e6 | H\u00e5ndsk\u00e5ret i Marokko | Tibladin\" \/>\n<meta property=\"og:description\" content=\"Hos Tibladin finder du et udvalg af l\u00e6kre h\u00e5ndsk\u00e5rne k\u00f8kkenredskaber i valn\u00f8ddetr\u00e6. Sk\u00e6rebr\u00e6t\/serveringsbr\u00e6t til dit br\u00f8d eller til en smuk tapas servering.\" \/>\n<meta property=\"og:url\" content=\"https:\/\/tibladin.dk\/nb\/produkt\/skjaerebrett-i-valnoettre-i-flere-stoerrelser\/\" \/>\n<meta property=\"og:site_name\" content=\"Tibladin\" \/>\n<meta property=\"article:modified_time\" content=\"2026-04-10T08:00:46+00:00\" \/>\n<meta property=\"og:image\" content=\"https:\/\/tibladin.dk\/wp-content\/uploads\/2022\/12\/skaerebraet_valnoeddetrae_LS8.jpg\" \/>\n\t<meta property=\"og:image:width\" content=\"800\" \/>\n\t<meta property=\"og:image:height\" content=\"800\" \/>\n\t<meta property=\"og:image:type\" content=\"image\/jpeg\" \/>\n<meta name=\"twitter:card\" content=\"summary_large_image\" \/>\n<meta name=\"twitter:label1\" content=\"Ansl. lesetid\" \/>\n\t<meta name=\"twitter:data1\" content=\"1 minutt\" \/>\n<script type=\"application\/ld+json\" class=\"yoast-schema-graph\">{\"@context\":\"https:\\\/\\\/schema.org\",\"@graph\":[{\"@type\":\"WebPage\",\"@id\":\"https:\\\/\\\/tibladin.dk\\\/produkt\\\/skaerebraet-i-valnoeddetrae-flere-stoerrelser\\\/\",\"url\":\"https:\\\/\\\/tibladin.dk\\\/produkt\\\/skaerebraet-i-valnoeddetrae-flere-stoerrelser\\\/\",\"name\":\"Sk\u00e6rebr\u00e6t i valn\u00f8ddetr\u00e6 | H\u00e5ndsk\u00e5ret i Marokko | Tibladin\",\"isPartOf\":{\"@id\":\"https:\\\/\\\/tibladin.dk\\\/#website\"},\"primaryImageOfPage\":{\"@id\":\"https:\\\/\\\/tibladin.dk\\\/produkt\\\/skaerebraet-i-valnoeddetrae-flere-stoerrelser\\\/#primaryimage\"},\"image\":{\"@id\":\"https:\\\/\\\/tibladin.dk\\\/produkt\\\/skaerebraet-i-valnoeddetrae-flere-stoerrelser\\\/#primaryimage\"},\"thumbnailUrl\":\"https:\\\/\\\/tibladin.dk\\\/wp-content\\\/uploads\\\/2022\\\/12\\\/skaerebraet_valnoeddetrae_LS8.jpg\",\"datePublished\":\"2022-12-16T14:15:12+00:00\",\"dateModified\":\"2026-04-10T08:00:46+00:00\",\"description\":\"Hos Tibladin finder du et udvalg af l\u00e6kre h\u00e5ndsk\u00e5rne k\u00f8kkenredskaber i valn\u00f8ddetr\u00e6. Sk\u00e6rebr\u00e6t\\\/serveringsbr\u00e6t til dit br\u00f8d eller til en smuk tapas servering.\",\"breadcrumb\":{\"@id\":\"https:\\\/\\\/tibladin.dk\\\/produkt\\\/skaerebraet-i-valnoeddetrae-flere-stoerrelser\\\/#breadcrumb\"},\"inLanguage\":\"nb-NO\",\"potentialAction\":[{\"@type\":\"ReadAction\",\"target\":[\"https:\\\/\\\/tibladin.dk\\\/produkt\\\/skaerebraet-i-valnoeddetrae-flere-stoerrelser\\\/\"]}]},{\"@type\":\"ImageObject\",\"inLanguage\":\"nb-NO\",\"@id\":\"https:\\\/\\\/tibladin.dk\\\/produkt\\\/skaerebraet-i-valnoeddetrae-flere-stoerrelser\\\/#primaryimage\",\"url\":\"https:\\\/\\\/tibladin.dk\\\/wp-content\\\/uploads\\\/2022\\\/12\\\/skaerebraet_valnoeddetrae_LS8.jpg\",\"contentUrl\":\"https:\\\/\\\/tibladin.dk\\\/wp-content\\\/uploads\\\/2022\\\/12\\\/skaerebraet_valnoeddetrae_LS8.jpg\",\"width\":800,\"height\":800,\"caption\":\"valn\u00f8ddetr\u00e6 sk\u00e6re\\\/serveringsbr\u00e6t - 3 forskellige st\u00f8rrelser\"},{\"@type\":\"BreadcrumbList\",\"@id\":\"https:\\\/\\\/tibladin.dk\\\/produkt\\\/skaerebraet-i-valnoeddetrae-flere-stoerrelser\\\/#breadcrumb\",\"itemListElement\":[{\"@type\":\"ListItem\",\"position\":1,\"name\":\"Hjem\",\"item\":\"https:\\\/\\\/tibladin.dk\\\/\"},{\"@type\":\"ListItem\",\"position\":2,\"name\":\"Shop\",\"item\":\"https:\\\/\\\/tibladin.dk\\\/shop\\\/\"},{\"@type\":\"ListItem\",\"position\":3,\"name\":\"Sk\u00e6rebr\u00e6t i valn\u00f8ddetr\u00e6 &#8211; flere st\u00f8rrelser\"}]},{\"@type\":\"WebSite\",\"@id\":\"https:\\\/\\\/tibladin.dk\\\/#website\",\"url\":\"https:\\\/\\\/tibladin.dk\\\/\",\"name\":\"Tibladin\",\"description\":\"Tibladin\",\"publisher\":{\"@id\":\"https:\\\/\\\/tibladin.dk\\\/#organization\"},\"potentialAction\":[{\"@type\":\"SearchAction\",\"target\":{\"@type\":\"EntryPoint\",\"urlTemplate\":\"https:\\\/\\\/tibladin.dk\\\/?s={search_term_string}\"},\"query-input\":{\"@type\":\"PropertyValueSpecification\",\"valueRequired\":true,\"valueName\":\"search_term_string\"}}],\"inLanguage\":\"nb-NO\"},{\"@type\":\"Organization\",\"@id\":\"https:\\\/\\\/tibladin.dk\\\/#organization\",\"name\":\"Tibladin\",\"url\":\"https:\\\/\\\/tibladin.dk\\\/\",\"logo\":{\"@type\":\"ImageObject\",\"inLanguage\":\"nb-NO\",\"@id\":\"https:\\\/\\\/tibladin.dk\\\/#\\\/schema\\\/logo\\\/image\\\/\",\"url\":\"https:\\\/\\\/tibladin.dk\\\/wp-content\\\/uploads\\\/2022\\\/09\\\/tibladin_logo.svg\",\"contentUrl\":\"https:\\\/\\\/tibladin.dk\\\/wp-content\\\/uploads\\\/2022\\\/09\\\/tibladin_logo.svg\",\"caption\":\"Tibladin\"},\"image\":{\"@id\":\"https:\\\/\\\/tibladin.dk\\\/#\\\/schema\\\/logo\\\/image\\\/\"}}]}<\/script>\n<!-- \/ Yoast SEO plugin. -->","yoast_head_json":{"title":"Skj\u00e6rebrett i valn\u00f8ttre | H\u00e5ndsk\u00e5ret i Marokko | Tibladin","description":"Hos Tibladin finner du et utvalg av deilige h\u00e5ndsk\u00e5rne kj\u00f8kkenredskaper i valn\u00f8ttre. Skj\u00e6rebrett\/serveringsbrett til br\u00f8det ditt eller til en vakker tapasservering.","robots":{"index":"index","follow":"follow","max-snippet":"max-snippet:-1","max-image-preview":"max-image-preview:large","max-video-preview":"max-video-preview:-1"},"canonical":"https:\/\/tibladin.dk\/nb\/produkt\/skjaerebrett-i-valnoettre-i-flere-stoerrelser\/","og_locale":"nb_NO","og_type":"article","og_title":"Sk\u00e6rebr\u00e6t i valn\u00f8ddetr\u00e6 | H\u00e5ndsk\u00e5ret i Marokko | Tibladin","og_description":"Hos Tibladin finder du et udvalg af l\u00e6kre h\u00e5ndsk\u00e5rne k\u00f8kkenredskaber i valn\u00f8ddetr\u00e6. Sk\u00e6rebr\u00e6t\/serveringsbr\u00e6t til dit br\u00f8d eller til en smuk tapas servering.","og_url":"https:\/\/tibladin.dk\/nb\/produkt\/skjaerebrett-i-valnoettre-i-flere-stoerrelser\/","og_site_name":"Tibladin","article_modified_time":"2026-04-10T08:00:46+00:00","og_image":[{"width":800,"height":800,"url":"https:\/\/tibladin.dk\/wp-content\/uploads\/2022\/12\/skaerebraet_valnoeddetrae_LS8.jpg","type":"image\/jpeg"}],"twitter_card":"summary_large_image","twitter_misc":{"Ansl. lesetid":"1 minutt"},"schema":{"@context":"https:\/\/schema.org","@graph":[{"@type":"WebPage","@id":"https:\/\/tibladin.dk\/produkt\/skaerebraet-i-valnoeddetrae-flere-stoerrelser\/","url":"https:\/\/tibladin.dk\/produkt\/skaerebraet-i-valnoeddetrae-flere-stoerrelser\/","name":"Skj\u00e6rebrett i valn\u00f8ttre | H\u00e5ndsk\u00e5ret i Marokko | Tibladin","isPartOf":{"@id":"https:\/\/tibladin.dk\/#website"},"primaryImageOfPage":{"@id":"https:\/\/tibladin.dk\/produkt\/skaerebraet-i-valnoeddetrae-flere-stoerrelser\/#primaryimage"},"image":{"@id":"https:\/\/tibladin.dk\/produkt\/skaerebraet-i-valnoeddetrae-flere-stoerrelser\/#primaryimage"},"thumbnailUrl":"https:\/\/tibladin.dk\/wp-content\/uploads\/2022\/12\/skaerebraet_valnoeddetrae_LS8.jpg","datePublished":"2022-12-16T14:15:12+00:00","dateModified":"2026-04-10T08:00:46+00:00","description":"Hos Tibladin finner du et utvalg av deilige h\u00e5ndsk\u00e5rne kj\u00f8kkenredskaper i valn\u00f8ttre. Skj\u00e6rebrett\/serveringsbrett til br\u00f8det ditt eller til en vakker tapasservering.","breadcrumb":{"@id":"https:\/\/tibladin.dk\/produkt\/skaerebraet-i-valnoeddetrae-flere-stoerrelser\/#breadcrumb"},"inLanguage":"nb-NO","potentialAction":[{"@type":"ReadAction","target":["https:\/\/tibladin.dk\/produkt\/skaerebraet-i-valnoeddetrae-flere-stoerrelser\/"]}]},{"@type":"ImageObject","inLanguage":"nb-NO","@id":"https:\/\/tibladin.dk\/produkt\/skaerebraet-i-valnoeddetrae-flere-stoerrelser\/#primaryimage","url":"https:\/\/tibladin.dk\/wp-content\/uploads\/2022\/12\/skaerebraet_valnoeddetrae_LS8.jpg","contentUrl":"https:\/\/tibladin.dk\/wp-content\/uploads\/2022\/12\/skaerebraet_valnoeddetrae_LS8.jpg","width":800,"height":800,"caption":"valn\u00f8ddetr\u00e6 sk\u00e6re\/serveringsbr\u00e6t - 3 forskellige st\u00f8rrelser"},{"@type":"BreadcrumbList","@id":"https:\/\/tibladin.dk\/produkt\/skaerebraet-i-valnoeddetrae-flere-stoerrelser\/#breadcrumb","itemListElement":[{"@type":"ListItem","position":1,"name":"Hjem","item":"https:\/\/tibladin.dk\/"},{"@type":"ListItem","position":2,"name":"Shop","item":"https:\/\/tibladin.dk\/shop\/"},{"@type":"ListItem","position":3,"name":"Sk\u00e6rebr\u00e6t i valn\u00f8ddetr\u00e6 &#8211; flere st\u00f8rrelser"}]},{"@type":"WebSite","@id":"https:\/\/tibladin.dk\/#website","url":"https:\/\/tibladin.dk\/","name":"Tibladin","description":"Tibladin","publisher":{"@id":"https:\/\/tibladin.dk\/#organization"},"potentialAction":[{"@type":"SearchAction","target":{"@type":"EntryPoint","urlTemplate":"https:\/\/tibladin.dk\/?s={search_term_string}"},"query-input":{"@type":"PropertyValueSpecification","valueRequired":true,"valueName":"search_term_string"}}],"inLanguage":"nb-NO"},{"@type":"Organization","@id":"https:\/\/tibladin.dk\/#organization","name":"Tibladin","url":"https:\/\/tibladin.dk\/","logo":{"@type":"ImageObject","inLanguage":"nb-NO","@id":"https:\/\/tibladin.dk\/#\/schema\/logo\/image\/","url":"https:\/\/tibladin.dk\/wp-content\/uploads\/2022\/09\/tibladin_logo.svg","contentUrl":"https:\/\/tibladin.dk\/wp-content\/uploads\/2022\/09\/tibladin_logo.svg","caption":"Tibladin"},"image":{"@id":"https:\/\/tibladin.dk\/#\/schema\/logo\/image\/"}}]}},"_links":{"self":[{"href":"https:\/\/tibladin.dk\/nb\/wp-json\/wp\/v2\/product\/6305","targetHints":{"allow":["GET"]}}],"collection":[{"href":"https:\/\/tibladin.dk\/nb\/wp-json\/wp\/v2\/product"}],"about":[{"href":"https:\/\/tibladin.dk\/nb\/wp-json\/wp\/v2\/types\/product"}],"wp:featuredmedia":[{"embeddable":true,"href":"https:\/\/tibladin.dk\/nb\/wp-json\/wp\/v2\/media\/9127"}],"wp:attachment":[{"href":"https:\/\/tibladin.dk\/nb\/wp-json\/wp\/v2\/media?parent=6305"}],"wp:term":[{"taxonomy":"product_brand","embeddable":true,"href":"https:\/\/tibladin.dk\/nb\/wp-json\/wp\/v2\/product_brand?post=6305"},{"taxonomy":"product_cat","embeddable":true,"href":"https:\/\/tibladin.dk\/nb\/wp-json\/wp\/v2\/product_cat?post=6305"},{"taxonomy":"product_tag","embeddable":true,"href":"https:\/\/tibladin.dk\/nb\/wp-json\/wp\/v2\/product_tag?post=6305"}],"curies":[{"name":"wp","href":"https:\/\/api.w.org\/{rel}","templated":true}]}}