{"id":640,"date":"2022-09-20T11:03:35","date_gmt":"2022-09-20T09:03:35","guid":{"rendered":"https:\/\/tibladin.dk\/vare\/haandvaevet-uldtaeppe-farvet-mix-struktur-150x250\/"},"modified":"2024-12-09T14:59:11","modified_gmt":"2024-12-09T13:59:11","slug":"ullteppe-150x250","status":"publish","type":"product","link":"https:\/\/tibladin.dk\/nb\/produkt\/uldtaeppe-150x250\/","title":{"rendered":"Ullteppe 150\u00d7250"},"content":{"rendered":"<div class=\"wpb-content-wrapper\"><div class=\"vc_row wpb_row vc_row-fluid\"><div class=\"wpb_column vc_column_container vc_col-sm-4\"><div class=\"vc_column-inner\"><div class=\"wpb_wrapper\">\n\t<div class=\"wpb_video_widget wpb_content_element vc_clearfix   vc_video-aspect-ratio-43 vc_video-el-width-100 vc_video-align-left\" >\n\t\t<div class=\"wpb_wrapper\">\n\t\t\t\n\t\t\t<div class=\"wpb_video_wrapper\"><div class=\"video-container\"><iframe loading=\"lazy\" title=\"Tibladin_Kvinnekooperativ Marrakech\" src=\"https:\/\/player.vimeo.com\/video\/403985812?dnt=1&amp;app_id=122963\" width=\"500\" height=\"281\" frameborder=\"0\" allow=\"autoplay; fullscreen; picture-in-picture\"><\/iframe><\/div><\/div>\n\t\t<\/div>\n\t<\/div>\n<\/div><\/div><\/div><div class=\"wpb_column vc_column_container vc_col-sm-4\"><div class=\"vc_column-inner\"><div class=\"wpb_wrapper\"><h3 style=\"text-align: left\" class=\"vc_custom_heading vc_do_custom_heading\" >Vedlikehold<\/h3>\n\t<div class=\"wpb_text_column wpb_content_element\" >\n\t\t<div class=\"wpb_wrapper\">\n\t\t\t<p>St\u00f8vsug teppet regelmessig og ta det ut og rist det av og til. Flekker fjernes ved \u00e5 bl\u00f8tlegge flekken med en klut s\u00e5 snart som mulig og duppe flekken med en fuktig klut. Teppet er laget av 100 % ren ull og er naturlig dekket med lanolin p\u00e5 hver fiber, noe som hindrer flekker i \u00e5 trenge inn i teppet. Hvis vi er s\u00e5 heldige \u00e5 f\u00e5 sn\u00f8 en vinter i Danmark, legg da teppet ut i den hvite sn\u00f8en. Dette vil rense teppet grundig \u2013 helt naturlig.<\/p>\n\n\t\t<\/div>\n\t<\/div>\n<\/div><\/div><\/div><div class=\"wpb_column vc_column_container vc_col-sm-4\"><div class=\"vc_column-inner\"><div class=\"wpb_wrapper\"><h3 style=\"text-align: left\" class=\"vc_custom_heading vc_do_custom_heading\" >Historien bak<\/h3>\n\t<div class=\"wpb_text_column wpb_content_element\" >\n\t\t<div class=\"wpb_wrapper\">\n\t\t\t<p>Tepper dekorerer, gir hygge og varme og er ogs\u00e5 st\u00f8ydempende.<\/p>\n<p>Disse teppene er h\u00e5ndvevd av kvinner s\u00f8r for Marrakech og har et veldig nordisk preg. De leker med en blanding av teksturer i vevingen, noe som gir en virkelig spennende effekt.<\/p>\n<p>Teppene er laget av b\u00e6rekraftig ull fra sauer fra Atlasfjellene og er helt kjemikaliefrie.<\/p>\n\n\t\t<\/div>\n\t<\/div>\n<\/div><\/div><\/div><\/div>\n<\/div>","protected":false},"excerpt":{"rendered":"<ul>\n<li>H\u00e5ndvevd marokkansk ullteppe i en blanding av farger i tonene hvitt, gr\u00e5tt og brunt. Det er lekt med en blanding av strukturer i vevingen, noe som gir et spennende uttrykk.<\/li>\n<li>Gir varme og hygge til rommet ditt.<\/li>\n<\/ul>\n<p>Teppet er laget av kvinner fra et kvinnekooperativ s\u00f8r for Marrakech. Ved \u00e5 kj\u00f8pe et teppe fra Tibladin st\u00f8tter du kvinnenes arbeid og bidrar til \u00e5 forbedre levestandarden til mange familier i landsbyen.<\/p>\n<p><strong>Teppet m\u00e5ler 150 \u00d7 250 cm.<\/strong><\/p>","protected":false},"featured_media":635,"template":"","meta":{"inline_featured_image":false},"product_brand":[],"product_cat":[59,60],"product_tag":[],"class_list":{"0":"post-640","1":"product","2":"type-product","3":"status-publish","4":"has-post-thumbnail","6":"product_cat-marokkanske-taepper","7":"product_cat-uldtaepper","9":"first","10":"instock","11":"taxable","12":"shipping-taxable","13":"purchasable","14":"product-type-simple"},"exclude_global_add_ons":[],"addons":[],"yoast_head":"<!-- This site is optimized with the Yoast SEO plugin v27.4 - https:\/\/yoast.com\/product\/yoast-seo-wordpress\/ -->\n<title>Uldt\u00e6ppe | H\u00e5ndv\u00e6vet t\u00e6ppe | K\u00f8b online hos Tibladin<\/title>\n<meta name=\"description\" content=\"Marrokansk uldt\u00e6ppe i forskellige farvetoner fra hvid til m\u00f8rkegr\u00e5. Der er leget med et mix af strukturer i v\u00e6vningen som giver et sp\u00e6ndende udtryk.\" \/>\n<meta name=\"robots\" content=\"index, follow, max-snippet:-1, max-image-preview:large, max-video-preview:-1\" \/>\n<link rel=\"canonical\" href=\"https:\/\/tibladin.dk\/nb\/produkt\/ullteppe-150x250\/\" \/>\n<meta property=\"og:locale\" content=\"nb_NO\" \/>\n<meta property=\"og:type\" content=\"article\" \/>\n<meta property=\"og:title\" content=\"Uldt\u00e6ppe | H\u00e5ndv\u00e6vet t\u00e6ppe | K\u00f8b online hos Tibladin\" \/>\n<meta property=\"og:description\" content=\"Marrokansk uldt\u00e6ppe i forskellige farvetoner fra hvid til m\u00f8rkegr\u00e5. Der er leget med et mix af strukturer i v\u00e6vningen som giver et sp\u00e6ndende udtryk.\" \/>\n<meta property=\"og:url\" content=\"https:\/\/tibladin.dk\/nb\/produkt\/ullteppe-150x250\/\" \/>\n<meta property=\"og:site_name\" content=\"Tibladin\" \/>\n<meta property=\"article:modified_time\" content=\"2024-12-09T13:59:11+00:00\" \/>\n<meta property=\"og:image\" content=\"https:\/\/tibladin.dk\/wp-content\/uploads\/2022\/09\/Tibladin_marokkansk-taeppe_mix-struktur-farvet_800x800-1.jpg\" \/>\n\t<meta property=\"og:image:width\" content=\"800\" \/>\n\t<meta property=\"og:image:height\" content=\"800\" \/>\n\t<meta property=\"og:image:type\" content=\"image\/jpeg\" \/>\n<meta name=\"twitter:card\" content=\"summary_large_image\" \/>\n<meta name=\"twitter:label1\" content=\"Ansl. lesetid\" \/>\n\t<meta name=\"twitter:data1\" content=\"2 minutter\" \/>\n<script type=\"application\/ld+json\" class=\"yoast-schema-graph\">{\"@context\":\"https:\\\/\\\/schema.org\",\"@graph\":[{\"@type\":\"WebPage\",\"@id\":\"https:\\\/\\\/tibladin.dk\\\/produkt\\\/uldtaeppe-150x250\\\/\",\"url\":\"https:\\\/\\\/tibladin.dk\\\/produkt\\\/uldtaeppe-150x250\\\/\",\"name\":\"Uldt\u00e6ppe | H\u00e5ndv\u00e6vet t\u00e6ppe | K\u00f8b online hos Tibladin\",\"isPartOf\":{\"@id\":\"https:\\\/\\\/tibladin.dk\\\/#website\"},\"primaryImageOfPage\":{\"@id\":\"https:\\\/\\\/tibladin.dk\\\/produkt\\\/uldtaeppe-150x250\\\/#primaryimage\"},\"image\":{\"@id\":\"https:\\\/\\\/tibladin.dk\\\/produkt\\\/uldtaeppe-150x250\\\/#primaryimage\"},\"thumbnailUrl\":\"https:\\\/\\\/tibladin.dk\\\/wp-content\\\/uploads\\\/2022\\\/09\\\/Tibladin_marokkansk-taeppe_mix-struktur-farvet_800x800-1.jpg\",\"datePublished\":\"2022-09-20T09:03:35+00:00\",\"dateModified\":\"2024-12-09T13:59:11+00:00\",\"description\":\"Marrokansk uldt\u00e6ppe i forskellige farvetoner fra hvid til m\u00f8rkegr\u00e5. Der er leget med et mix af strukturer i v\u00e6vningen som giver et sp\u00e6ndende udtryk.\",\"breadcrumb\":{\"@id\":\"https:\\\/\\\/tibladin.dk\\\/produkt\\\/uldtaeppe-150x250\\\/#breadcrumb\"},\"inLanguage\":\"nb-NO\",\"potentialAction\":[{\"@type\":\"ReadAction\",\"target\":[\"https:\\\/\\\/tibladin.dk\\\/produkt\\\/uldtaeppe-150x250\\\/\"]}]},{\"@type\":\"ImageObject\",\"inLanguage\":\"nb-NO\",\"@id\":\"https:\\\/\\\/tibladin.dk\\\/produkt\\\/uldtaeppe-150x250\\\/#primaryimage\",\"url\":\"https:\\\/\\\/tibladin.dk\\\/wp-content\\\/uploads\\\/2022\\\/09\\\/Tibladin_marokkansk-taeppe_mix-struktur-farvet_800x800-1.jpg\",\"contentUrl\":\"https:\\\/\\\/tibladin.dk\\\/wp-content\\\/uploads\\\/2022\\\/09\\\/Tibladin_marokkansk-taeppe_mix-struktur-farvet_800x800-1.jpg\",\"width\":800,\"height\":800,\"caption\":\"Marokkansk h\u00e5ndv\u00e6vet t\u00e6ppe i gr\u00e5 og beige nuancer med ulddetaljer\"},{\"@type\":\"BreadcrumbList\",\"@id\":\"https:\\\/\\\/tibladin.dk\\\/produkt\\\/uldtaeppe-150x250\\\/#breadcrumb\",\"itemListElement\":[{\"@type\":\"ListItem\",\"position\":1,\"name\":\"Hjem\",\"item\":\"https:\\\/\\\/tibladin.dk\\\/\"},{\"@type\":\"ListItem\",\"position\":2,\"name\":\"Shop\",\"item\":\"https:\\\/\\\/tibladin.dk\\\/shop\\\/\"},{\"@type\":\"ListItem\",\"position\":3,\"name\":\"Uldt\u00e6ppe 150&#215;250\"}]},{\"@type\":\"WebSite\",\"@id\":\"https:\\\/\\\/tibladin.dk\\\/#website\",\"url\":\"https:\\\/\\\/tibladin.dk\\\/\",\"name\":\"Tibladin\",\"description\":\"Tibladin\",\"publisher\":{\"@id\":\"https:\\\/\\\/tibladin.dk\\\/#organization\"},\"potentialAction\":[{\"@type\":\"SearchAction\",\"target\":{\"@type\":\"EntryPoint\",\"urlTemplate\":\"https:\\\/\\\/tibladin.dk\\\/?s={search_term_string}\"},\"query-input\":{\"@type\":\"PropertyValueSpecification\",\"valueRequired\":true,\"valueName\":\"search_term_string\"}}],\"inLanguage\":\"nb-NO\"},{\"@type\":\"Organization\",\"@id\":\"https:\\\/\\\/tibladin.dk\\\/#organization\",\"name\":\"Tibladin\",\"url\":\"https:\\\/\\\/tibladin.dk\\\/\",\"logo\":{\"@type\":\"ImageObject\",\"inLanguage\":\"nb-NO\",\"@id\":\"https:\\\/\\\/tibladin.dk\\\/#\\\/schema\\\/logo\\\/image\\\/\",\"url\":\"https:\\\/\\\/tibladin.dk\\\/wp-content\\\/uploads\\\/2022\\\/09\\\/tibladin_logo.svg\",\"contentUrl\":\"https:\\\/\\\/tibladin.dk\\\/wp-content\\\/uploads\\\/2022\\\/09\\\/tibladin_logo.svg\",\"caption\":\"Tibladin\"},\"image\":{\"@id\":\"https:\\\/\\\/tibladin.dk\\\/#\\\/schema\\\/logo\\\/image\\\/\"}}]}<\/script>\n<!-- \/ Yoast SEO plugin. -->","yoast_head_json":{"title":"Ullteppe | H\u00e5ndvevd teppe | Kj\u00f8p p\u00e5 nett hos Tibladin","description":"Marokkansk ullteppe i forskjellige fargetoner fra hvitt til m\u00f8rkegr\u00e5tt. Det er lekt med en blanding av teksturer i vevingen, noe som gir et spennende uttrykk.","robots":{"index":"index","follow":"follow","max-snippet":"max-snippet:-1","max-image-preview":"max-image-preview:large","max-video-preview":"max-video-preview:-1"},"canonical":"https:\/\/tibladin.dk\/nb\/produkt\/ullteppe-150x250\/","og_locale":"nb_NO","og_type":"article","og_title":"Uldt\u00e6ppe | H\u00e5ndv\u00e6vet t\u00e6ppe | K\u00f8b online hos Tibladin","og_description":"Marrokansk uldt\u00e6ppe i forskellige farvetoner fra hvid til m\u00f8rkegr\u00e5. Der er leget med et mix af strukturer i v\u00e6vningen som giver et sp\u00e6ndende udtryk.","og_url":"https:\/\/tibladin.dk\/nb\/produkt\/ullteppe-150x250\/","og_site_name":"Tibladin","article_modified_time":"2024-12-09T13:59:11+00:00","og_image":[{"width":800,"height":800,"url":"https:\/\/tibladin.dk\/wp-content\/uploads\/2022\/09\/Tibladin_marokkansk-taeppe_mix-struktur-farvet_800x800-1.jpg","type":"image\/jpeg"}],"twitter_card":"summary_large_image","twitter_misc":{"Ansl. lesetid":"2 minutter"},"schema":{"@context":"https:\/\/schema.org","@graph":[{"@type":"WebPage","@id":"https:\/\/tibladin.dk\/produkt\/uldtaeppe-150x250\/","url":"https:\/\/tibladin.dk\/produkt\/uldtaeppe-150x250\/","name":"Ullteppe | H\u00e5ndvevd teppe | Kj\u00f8p p\u00e5 nett hos Tibladin","isPartOf":{"@id":"https:\/\/tibladin.dk\/#website"},"primaryImageOfPage":{"@id":"https:\/\/tibladin.dk\/produkt\/uldtaeppe-150x250\/#primaryimage"},"image":{"@id":"https:\/\/tibladin.dk\/produkt\/uldtaeppe-150x250\/#primaryimage"},"thumbnailUrl":"https:\/\/tibladin.dk\/wp-content\/uploads\/2022\/09\/Tibladin_marokkansk-taeppe_mix-struktur-farvet_800x800-1.jpg","datePublished":"2022-09-20T09:03:35+00:00","dateModified":"2024-12-09T13:59:11+00:00","description":"Marokkansk ullteppe i forskjellige fargetoner fra hvitt til m\u00f8rkegr\u00e5tt. Det er lekt med en blanding av teksturer i vevingen, noe som gir et spennende uttrykk.","breadcrumb":{"@id":"https:\/\/tibladin.dk\/produkt\/uldtaeppe-150x250\/#breadcrumb"},"inLanguage":"nb-NO","potentialAction":[{"@type":"ReadAction","target":["https:\/\/tibladin.dk\/produkt\/uldtaeppe-150x250\/"]}]},{"@type":"ImageObject","inLanguage":"nb-NO","@id":"https:\/\/tibladin.dk\/produkt\/uldtaeppe-150x250\/#primaryimage","url":"https:\/\/tibladin.dk\/wp-content\/uploads\/2022\/09\/Tibladin_marokkansk-taeppe_mix-struktur-farvet_800x800-1.jpg","contentUrl":"https:\/\/tibladin.dk\/wp-content\/uploads\/2022\/09\/Tibladin_marokkansk-taeppe_mix-struktur-farvet_800x800-1.jpg","width":800,"height":800,"caption":"Marokkansk h\u00e5ndv\u00e6vet t\u00e6ppe i gr\u00e5 og beige nuancer med ulddetaljer"},{"@type":"BreadcrumbList","@id":"https:\/\/tibladin.dk\/produkt\/uldtaeppe-150x250\/#breadcrumb","itemListElement":[{"@type":"ListItem","position":1,"name":"Hjem","item":"https:\/\/tibladin.dk\/"},{"@type":"ListItem","position":2,"name":"Shop","item":"https:\/\/tibladin.dk\/shop\/"},{"@type":"ListItem","position":3,"name":"Uldt\u00e6ppe 150&#215;250"}]},{"@type":"WebSite","@id":"https:\/\/tibladin.dk\/#website","url":"https:\/\/tibladin.dk\/","name":"Tibladin","description":"Tibladin","publisher":{"@id":"https:\/\/tibladin.dk\/#organization"},"potentialAction":[{"@type":"SearchAction","target":{"@type":"EntryPoint","urlTemplate":"https:\/\/tibladin.dk\/?s={search_term_string}"},"query-input":{"@type":"PropertyValueSpecification","valueRequired":true,"valueName":"search_term_string"}}],"inLanguage":"nb-NO"},{"@type":"Organization","@id":"https:\/\/tibladin.dk\/#organization","name":"Tibladin","url":"https:\/\/tibladin.dk\/","logo":{"@type":"ImageObject","inLanguage":"nb-NO","@id":"https:\/\/tibladin.dk\/#\/schema\/logo\/image\/","url":"https:\/\/tibladin.dk\/wp-content\/uploads\/2022\/09\/tibladin_logo.svg","contentUrl":"https:\/\/tibladin.dk\/wp-content\/uploads\/2022\/09\/tibladin_logo.svg","caption":"Tibladin"},"image":{"@id":"https:\/\/tibladin.dk\/#\/schema\/logo\/image\/"}}]}},"_links":{"self":[{"href":"https:\/\/tibladin.dk\/nb\/wp-json\/wp\/v2\/product\/640","targetHints":{"allow":["GET"]}}],"collection":[{"href":"https:\/\/tibladin.dk\/nb\/wp-json\/wp\/v2\/product"}],"about":[{"href":"https:\/\/tibladin.dk\/nb\/wp-json\/wp\/v2\/types\/product"}],"wp:featuredmedia":[{"embeddable":true,"href":"https:\/\/tibladin.dk\/nb\/wp-json\/wp\/v2\/media\/635"}],"wp:attachment":[{"href":"https:\/\/tibladin.dk\/nb\/wp-json\/wp\/v2\/media?parent=640"}],"wp:term":[{"taxonomy":"product_brand","embeddable":true,"href":"https:\/\/tibladin.dk\/nb\/wp-json\/wp\/v2\/product_brand?post=640"},{"taxonomy":"product_cat","embeddable":true,"href":"https:\/\/tibladin.dk\/nb\/wp-json\/wp\/v2\/product_cat?post=640"},{"taxonomy":"product_tag","embeddable":true,"href":"https:\/\/tibladin.dk\/nb\/wp-json\/wp\/v2\/product_tag?post=640"}],"curies":[{"name":"wp","href":"https:\/\/api.w.org\/{rel}","templated":true}]}}