{"id":7366,"date":"2025-06-19T08:26:24","date_gmt":"2025-06-19T06:26:24","guid":{"rendered":"https:\/\/tibladin.dk\/?post_type=product&#038;p=7366"},"modified":"2026-04-14T13:36:42","modified_gmt":"2026-04-14T11:36:42","slug":"marokkansk-fouta-hammamhaandkle","status":"publish","type":"product","link":"https:\/\/tibladin.dk\/nb\/produkt\/marokkansk-fouta-hammamhaandklaede\/","title":{"rendered":"Marokkansk FOUTA hammamh\u00e5ndkle"},"content":{"rendered":"<div class=\"wpb-content-wrapper\"><div class=\"vc_row wpb_row vc_row-fluid\"><div class=\"wpb_column vc_column_container vc_col-sm-4\"><div class=\"vc_column-inner\"><div class=\"wpb_wrapper\"><\/div><\/div><\/div><div class=\"wpb_column vc_column_container vc_col-sm-4\"><div class=\"vc_column-inner\"><div class=\"wpb_wrapper\"><h3 style=\"text-align: left\" class=\"vc_custom_heading vc_do_custom_heading\" >Vedlikehold<\/h3>\n\t<div class=\"wpb_text_column wpb_content_element\" >\n\t\t<div class=\"wpb_wrapper\">\n\t\t\t<p>Hammamh\u00e5ndkleet er laget av 100 % bomull og kan vaskes p\u00e5 60 grader.<\/p>\n\n\t\t<\/div>\n\t<\/div>\n<\/div><\/div><\/div><div class=\"wpb_column vc_column_container vc_col-sm-4\"><div class=\"vc_column-inner\"><div class=\"wpb_wrapper\"><h3 style=\"text-align: left\" class=\"vc_custom_heading vc_do_custom_heading\" >Historien bak<\/h3>\n\t<div class=\"wpb_text_column wpb_content_element\" >\n\t\t<div class=\"wpb_wrapper\">\n\t\t\t<p>Det marokkanske Fouta-h\u00e5ndkleet er i en tynn og lett kvalitet. Perfekt \u00e5 ta med p\u00e5 farten, p\u00e5 stranden, p\u00e5 ferie eller i sportsvesken. Mulighetene er mange. Du kan ogs\u00e5 bruke det som en lett duk p\u00e5 sommerferien. H\u00e5ndvevd av kvinner i et kvinnekooperativ i 100 % bomull.<\/p>\n<p>Fargerike og glade farger!<\/p>\n\n\t\t<\/div>\n\t<\/div>\n<\/div><\/div><\/div><\/div>\n<\/div>","protected":false},"excerpt":{"rendered":"<p class=\"p1\"><span class=\"s1\">H\u00e5ndvevd Fouta hammamh\u00e5ndkle i 100 % tynn og lett bomull. H\u00e5ndkleet er tilgjengelig i 10 forskjellige farger, og alle har et stykke med hvite striper i hver ende, og endene har liten h\u00e5ndtvunnet blonde.\u00a0<\/span><\/p>\n<p>Helt unik og fantastisk enkel \u00e5 ta med seg p\u00e5 farten, i kofferten, p\u00e5 ferie eller i sportsvesken. H\u00e5ndkleet er superpraktisk og t\u00f8rker raskt.<\/p>\n<p>Kj\u00f8p et h\u00e5ndkle til hvert familiemedlem, muligens i forskjellige farger, slik at du kan se forskjellen.<\/p>\n<p>Det anbefales \u00e5 bl\u00f8tlegge h\u00e5ndkleet i kaldt vann f\u00f8r vask. Kan vaskes i maskin p\u00e5 opptil 60 grader.<\/p>\n<p>Omtrentlige m\u00e5l: 195 \u00d7 90 cm.<\/p>","protected":false},"featured_media":37304,"template":"","meta":{"inline_featured_image":false},"product_brand":[],"product_cat":[29,63,37,32],"product_tag":[],"class_list":{"0":"post-7366","1":"product","2":"type-product","3":"status-publish","4":"has-post-thumbnail","6":"product_cat-gaven-til-den-unge-pige","7":"product_cat-hammamhaandklaeder","8":"product_cat-tekstiler","9":"product_cat-tilbud","11":"first","12":"instock","13":"sale","14":"featured","15":"taxable","16":"shipping-taxable","17":"purchasable","18":"product-type-variable"},"exclude_global_add_ons":false,"addons":[{"name":"\u00d8nsker du gaveinnpakning?","type":"checkbox","position":0,"required":false,"title_format":"label","default":"","description_enable":false,"description":"","placeholder_enable":false,"placeholder":"","display":"images","restrictions_type":"any_text","adjust_price":false,"price":"","price_type":"flat_fee","restrictions":false,"min":"0","max":"0","options":[{"label":"Ja tak","price":"10","price_type":"flat_fee","image":11015,"visibility":true}],"id":1669646111}],"yoast_head":"<!-- This site is optimized with the Yoast SEO plugin v27.4 - https:\/\/yoast.com\/product\/yoast-seo-wordpress\/ -->\n<title>H\u00e5ndv\u00e6vet Fouta h\u00e5ndkl\u00e6der i en let og l\u00e6kker bomuld | Tibladin<\/title>\n<meta name=\"description\" content=\"Helt unikke Fouta hammam h\u00e5ndkl\u00e6de. Vejer ingenting og er lette at have med p\u00e5 farten. De t\u00f8rrer super hurtigt, s\u00e5 du kan v\u00e6re klar til endnu en dukkert\" \/>\n<meta name=\"robots\" content=\"index, follow, max-snippet:-1, max-image-preview:large, max-video-preview:-1\" \/>\n<link rel=\"canonical\" href=\"https:\/\/tibladin.dk\/nb\/produkt\/marokkansk-fouta-hammamhaandkle\/\" \/>\n<meta property=\"og:locale\" content=\"nb_NO\" \/>\n<meta property=\"og:type\" content=\"article\" \/>\n<meta property=\"og:title\" content=\"H\u00e5ndv\u00e6vet Fouta h\u00e5ndkl\u00e6der i en let og l\u00e6kker bomuld | Tibladin\" \/>\n<meta property=\"og:description\" content=\"Helt unikke Fouta hammam h\u00e5ndkl\u00e6de. Vejer ingenting og er lette at have med p\u00e5 farten. De t\u00f8rrer super hurtigt, s\u00e5 du kan v\u00e6re klar til endnu en dukkert\" \/>\n<meta property=\"og:url\" content=\"https:\/\/tibladin.dk\/nb\/produkt\/marokkansk-fouta-hammamhaandkle\/\" \/>\n<meta property=\"og:site_name\" content=\"Tibladin\" \/>\n<meta property=\"article:modified_time\" content=\"2026-04-14T11:36:42+00:00\" \/>\n<meta property=\"og:image\" content=\"https:\/\/tibladin.dk\/wp-content\/uploads\/2023\/05\/Marokkansk-hammam-haandklaede_alle-farver.jpg\" \/>\n\t<meta property=\"og:image:width\" content=\"800\" \/>\n\t<meta property=\"og:image:height\" content=\"800\" \/>\n\t<meta property=\"og:image:type\" content=\"image\/jpeg\" \/>\n<meta name=\"twitter:card\" content=\"summary_large_image\" \/>\n<meta name=\"twitter:label1\" content=\"Ansl. lesetid\" \/>\n\t<meta name=\"twitter:data1\" content=\"2 minutter\" \/>\n<script type=\"application\/ld+json\" class=\"yoast-schema-graph\">{\"@context\":\"https:\\\/\\\/schema.org\",\"@graph\":[{\"@type\":\"WebPage\",\"@id\":\"https:\\\/\\\/tibladin.dk\\\/produkt\\\/marokkansk-fouta-hammamhaandklaede\\\/\",\"url\":\"https:\\\/\\\/tibladin.dk\\\/produkt\\\/marokkansk-fouta-hammamhaandklaede\\\/\",\"name\":\"H\u00e5ndv\u00e6vet Fouta h\u00e5ndkl\u00e6der i en let og l\u00e6kker bomuld | Tibladin\",\"isPartOf\":{\"@id\":\"https:\\\/\\\/tibladin.dk\\\/#website\"},\"primaryImageOfPage\":{\"@id\":\"https:\\\/\\\/tibladin.dk\\\/produkt\\\/marokkansk-fouta-hammamhaandklaede\\\/#primaryimage\"},\"image\":{\"@id\":\"https:\\\/\\\/tibladin.dk\\\/produkt\\\/marokkansk-fouta-hammamhaandklaede\\\/#primaryimage\"},\"thumbnailUrl\":\"https:\\\/\\\/tibladin.dk\\\/wp-content\\\/uploads\\\/2023\\\/05\\\/Marokkansk-hammam-haandklaede_alle-farver.jpg\",\"datePublished\":\"2025-06-19T06:26:24+00:00\",\"dateModified\":\"2026-04-14T11:36:42+00:00\",\"description\":\"Helt unikke Fouta hammam h\u00e5ndkl\u00e6de. Vejer ingenting og er lette at have med p\u00e5 farten. De t\u00f8rrer super hurtigt, s\u00e5 du kan v\u00e6re klar til endnu en dukkert\",\"breadcrumb\":{\"@id\":\"https:\\\/\\\/tibladin.dk\\\/produkt\\\/marokkansk-fouta-hammamhaandklaede\\\/#breadcrumb\"},\"inLanguage\":\"nb-NO\",\"potentialAction\":[{\"@type\":\"ReadAction\",\"target\":[\"https:\\\/\\\/tibladin.dk\\\/produkt\\\/marokkansk-fouta-hammamhaandklaede\\\/\"]}]},{\"@type\":\"ImageObject\",\"inLanguage\":\"nb-NO\",\"@id\":\"https:\\\/\\\/tibladin.dk\\\/produkt\\\/marokkansk-fouta-hammamhaandklaede\\\/#primaryimage\",\"url\":\"https:\\\/\\\/tibladin.dk\\\/wp-content\\\/uploads\\\/2023\\\/05\\\/Marokkansk-hammam-haandklaede_alle-farver.jpg\",\"contentUrl\":\"https:\\\/\\\/tibladin.dk\\\/wp-content\\\/uploads\\\/2023\\\/05\\\/Marokkansk-hammam-haandklaede_alle-farver.jpg\",\"width\":800,\"height\":800,\"caption\":\"hammam h\u00e5ndkl\u00e6der alle farver\"},{\"@type\":\"BreadcrumbList\",\"@id\":\"https:\\\/\\\/tibladin.dk\\\/produkt\\\/marokkansk-fouta-hammamhaandklaede\\\/#breadcrumb\",\"itemListElement\":[{\"@type\":\"ListItem\",\"position\":1,\"name\":\"Hjem\",\"item\":\"https:\\\/\\\/tibladin.dk\\\/\"},{\"@type\":\"ListItem\",\"position\":2,\"name\":\"Shop\",\"item\":\"https:\\\/\\\/tibladin.dk\\\/shop\\\/\"},{\"@type\":\"ListItem\",\"position\":3,\"name\":\"Marokkansk FOUTA hammamh\u00e5ndkl\u00e6de\"}]},{\"@type\":\"WebSite\",\"@id\":\"https:\\\/\\\/tibladin.dk\\\/#website\",\"url\":\"https:\\\/\\\/tibladin.dk\\\/\",\"name\":\"Tibladin\",\"description\":\"Tibladin\",\"publisher\":{\"@id\":\"https:\\\/\\\/tibladin.dk\\\/#organization\"},\"potentialAction\":[{\"@type\":\"SearchAction\",\"target\":{\"@type\":\"EntryPoint\",\"urlTemplate\":\"https:\\\/\\\/tibladin.dk\\\/?s={search_term_string}\"},\"query-input\":{\"@type\":\"PropertyValueSpecification\",\"valueRequired\":true,\"valueName\":\"search_term_string\"}}],\"inLanguage\":\"nb-NO\"},{\"@type\":\"Organization\",\"@id\":\"https:\\\/\\\/tibladin.dk\\\/#organization\",\"name\":\"Tibladin\",\"url\":\"https:\\\/\\\/tibladin.dk\\\/\",\"logo\":{\"@type\":\"ImageObject\",\"inLanguage\":\"nb-NO\",\"@id\":\"https:\\\/\\\/tibladin.dk\\\/#\\\/schema\\\/logo\\\/image\\\/\",\"url\":\"https:\\\/\\\/tibladin.dk\\\/wp-content\\\/uploads\\\/2022\\\/09\\\/tibladin_logo.svg\",\"contentUrl\":\"https:\\\/\\\/tibladin.dk\\\/wp-content\\\/uploads\\\/2022\\\/09\\\/tibladin_logo.svg\",\"caption\":\"Tibladin\"},\"image\":{\"@id\":\"https:\\\/\\\/tibladin.dk\\\/#\\\/schema\\\/logo\\\/image\\\/\"}}]}<\/script>\n<!-- \/ Yoast SEO plugin. -->","yoast_head_json":{"title":"H\u00e5ndvevde Fouta-h\u00e5ndkl\u00e6r i en lett og deilig bomull | Tibladin","description":"Helt unikt Fouta hammamh\u00e5ndkle. Veier ingenting og er enkelt \u00e5 ta med seg p\u00e5 farten. De t\u00f8rker superraskt, slik at du kan v\u00e6re klar for en ny dukkert.","robots":{"index":"index","follow":"follow","max-snippet":"max-snippet:-1","max-image-preview":"max-image-preview:large","max-video-preview":"max-video-preview:-1"},"canonical":"https:\/\/tibladin.dk\/nb\/produkt\/marokkansk-fouta-hammamhaandkle\/","og_locale":"nb_NO","og_type":"article","og_title":"H\u00e5ndv\u00e6vet Fouta h\u00e5ndkl\u00e6der i en let og l\u00e6kker bomuld | Tibladin","og_description":"Helt unikke Fouta hammam h\u00e5ndkl\u00e6de. Vejer ingenting og er lette at have med p\u00e5 farten. De t\u00f8rrer super hurtigt, s\u00e5 du kan v\u00e6re klar til endnu en dukkert","og_url":"https:\/\/tibladin.dk\/nb\/produkt\/marokkansk-fouta-hammamhaandkle\/","og_site_name":"Tibladin","article_modified_time":"2026-04-14T11:36:42+00:00","og_image":[{"width":800,"height":800,"url":"https:\/\/tibladin.dk\/wp-content\/uploads\/2023\/05\/Marokkansk-hammam-haandklaede_alle-farver.jpg","type":"image\/jpeg"}],"twitter_card":"summary_large_image","twitter_misc":{"Ansl. lesetid":"2 minutter"},"schema":{"@context":"https:\/\/schema.org","@graph":[{"@type":"WebPage","@id":"https:\/\/tibladin.dk\/produkt\/marokkansk-fouta-hammamhaandklaede\/","url":"https:\/\/tibladin.dk\/produkt\/marokkansk-fouta-hammamhaandklaede\/","name":"H\u00e5ndvevde Fouta-h\u00e5ndkl\u00e6r i en lett og deilig bomull | Tibladin","isPartOf":{"@id":"https:\/\/tibladin.dk\/#website"},"primaryImageOfPage":{"@id":"https:\/\/tibladin.dk\/produkt\/marokkansk-fouta-hammamhaandklaede\/#primaryimage"},"image":{"@id":"https:\/\/tibladin.dk\/produkt\/marokkansk-fouta-hammamhaandklaede\/#primaryimage"},"thumbnailUrl":"https:\/\/tibladin.dk\/wp-content\/uploads\/2023\/05\/Marokkansk-hammam-haandklaede_alle-farver.jpg","datePublished":"2025-06-19T06:26:24+00:00","dateModified":"2026-04-14T11:36:42+00:00","description":"Helt unikt Fouta hammamh\u00e5ndkle. Veier ingenting og er enkelt \u00e5 ta med seg p\u00e5 farten. De t\u00f8rker superraskt, slik at du kan v\u00e6re klar for en ny dukkert.","breadcrumb":{"@id":"https:\/\/tibladin.dk\/produkt\/marokkansk-fouta-hammamhaandklaede\/#breadcrumb"},"inLanguage":"nb-NO","potentialAction":[{"@type":"ReadAction","target":["https:\/\/tibladin.dk\/produkt\/marokkansk-fouta-hammamhaandklaede\/"]}]},{"@type":"ImageObject","inLanguage":"nb-NO","@id":"https:\/\/tibladin.dk\/produkt\/marokkansk-fouta-hammamhaandklaede\/#primaryimage","url":"https:\/\/tibladin.dk\/wp-content\/uploads\/2023\/05\/Marokkansk-hammam-haandklaede_alle-farver.jpg","contentUrl":"https:\/\/tibladin.dk\/wp-content\/uploads\/2023\/05\/Marokkansk-hammam-haandklaede_alle-farver.jpg","width":800,"height":800,"caption":"hammam h\u00e5ndkl\u00e6der alle farver"},{"@type":"BreadcrumbList","@id":"https:\/\/tibladin.dk\/produkt\/marokkansk-fouta-hammamhaandklaede\/#breadcrumb","itemListElement":[{"@type":"ListItem","position":1,"name":"Hjem","item":"https:\/\/tibladin.dk\/"},{"@type":"ListItem","position":2,"name":"Shop","item":"https:\/\/tibladin.dk\/shop\/"},{"@type":"ListItem","position":3,"name":"Marokkansk FOUTA hammamh\u00e5ndkl\u00e6de"}]},{"@type":"WebSite","@id":"https:\/\/tibladin.dk\/#website","url":"https:\/\/tibladin.dk\/","name":"Tibladin","description":"Tibladin","publisher":{"@id":"https:\/\/tibladin.dk\/#organization"},"potentialAction":[{"@type":"SearchAction","target":{"@type":"EntryPoint","urlTemplate":"https:\/\/tibladin.dk\/?s={search_term_string}"},"query-input":{"@type":"PropertyValueSpecification","valueRequired":true,"valueName":"search_term_string"}}],"inLanguage":"nb-NO"},{"@type":"Organization","@id":"https:\/\/tibladin.dk\/#organization","name":"Tibladin","url":"https:\/\/tibladin.dk\/","logo":{"@type":"ImageObject","inLanguage":"nb-NO","@id":"https:\/\/tibladin.dk\/#\/schema\/logo\/image\/","url":"https:\/\/tibladin.dk\/wp-content\/uploads\/2022\/09\/tibladin_logo.svg","contentUrl":"https:\/\/tibladin.dk\/wp-content\/uploads\/2022\/09\/tibladin_logo.svg","caption":"Tibladin"},"image":{"@id":"https:\/\/tibladin.dk\/#\/schema\/logo\/image\/"}}]}},"_links":{"self":[{"href":"https:\/\/tibladin.dk\/nb\/wp-json\/wp\/v2\/product\/7366","targetHints":{"allow":["GET"]}}],"collection":[{"href":"https:\/\/tibladin.dk\/nb\/wp-json\/wp\/v2\/product"}],"about":[{"href":"https:\/\/tibladin.dk\/nb\/wp-json\/wp\/v2\/types\/product"}],"wp:featuredmedia":[{"embeddable":true,"href":"https:\/\/tibladin.dk\/nb\/wp-json\/wp\/v2\/media\/37304"}],"wp:attachment":[{"href":"https:\/\/tibladin.dk\/nb\/wp-json\/wp\/v2\/media?parent=7366"}],"wp:term":[{"taxonomy":"product_brand","embeddable":true,"href":"https:\/\/tibladin.dk\/nb\/wp-json\/wp\/v2\/product_brand?post=7366"},{"taxonomy":"product_cat","embeddable":true,"href":"https:\/\/tibladin.dk\/nb\/wp-json\/wp\/v2\/product_cat?post=7366"},{"taxonomy":"product_tag","embeddable":true,"href":"https:\/\/tibladin.dk\/nb\/wp-json\/wp\/v2\/product_tag?post=7366"}],"curies":[{"name":"wp","href":"https:\/\/api.w.org\/{rel}","templated":true}]}}