{"id":737,"date":"2022-09-20T11:04:15","date_gmt":"2022-09-20T09:04:15","guid":{"rendered":"https:\/\/tibladin.dk\/?post_type=product&#038;p=737"},"modified":"2026-04-10T16:45:54","modified_gmt":"2026-04-10T14:45:54","slug":"flettet-kurv-med-lokk-gullmoenster","status":"publish","type":"product","link":"https:\/\/tibladin.dk\/nb\/produkt\/kurv-i-flet-med-laag-guldmoenster\/","title":{"rendered":"Kurv med lokk \u2013 gullm\u00f8nster"},"content":{"rendered":"<div class=\"wpb-content-wrapper\"><div class=\"vc_row wpb_row vc_row-fluid\"><div class=\"wpb_column vc_column_container vc_col-sm-4\"><div class=\"vc_column-inner\"><div class=\"wpb_wrapper\"><\/div><\/div><\/div><div class=\"wpb_column vc_column_container vc_col-sm-4\"><div class=\"vc_column-inner\"><div class=\"wpb_wrapper\"><h3 style=\"text-align: left\" class=\"vc_custom_heading vc_do_custom_heading\" >Vedlikehold<\/h3>\n\t<div class=\"wpb_text_column wpb_content_element\" >\n\t\t<div class=\"wpb_wrapper\">\n\t\t\t<p>For rengj\u00f8ring er den enkleste m\u00e5ten \u00e5 st\u00f8vsuge den forsiktig.<\/p>\n\n\t\t<\/div>\n\t<\/div>\n<\/div><\/div><\/div><div class=\"wpb_column vc_column_container vc_col-sm-4\"><div class=\"vc_column-inner\"><div class=\"wpb_wrapper\"><h3 style=\"text-align: left\" class=\"vc_custom_heading vc_do_custom_heading\" >Historien bak<\/h3>\n\t<div class=\"wpb_text_column wpb_content_element\" >\n\t\t<div class=\"wpb_wrapper\">\n\t\t\t<p>Denne dekorative kurven kan brukes til gjesteh\u00e5ndkl\u00e6r p\u00e5 badet, ekstra toalettpapir, eller p\u00e5 rommet som papirkurv eller til strikket\u00f8yet ditt. Mulighetene er mange.<\/p>\n<p>Kurvene er h\u00e5ndlagde i naturlig bast og kommer fra en familiebedrift i Marrakech som spesialiserer seg p\u00e5 rottingarbeid og har gjort det i generasjoner. Siden kurvene er h\u00e5ndlagde, varierer de litt i st\u00f8rrelse og bredde, noe som bare gir produktet litt sjarm.<\/p>\n\n\t\t<\/div>\n\t<\/div>\n<\/div><\/div><\/div><\/div>\n<\/div>","protected":false},"excerpt":{"rendered":"<p>Fine og h\u00e5ndlagde kurver i rottingfleting. Produktet er tilgjengelig i to farger, begge med m\u00f8nstre i gulltr\u00e5d og en pompong p\u00e5 toppen.<\/p>\n<p>Kurvene har mange bruksomr\u00e5der. Mangler du oppbevaringsplass p\u00e5 badet, for eksempel til sm\u00e5 gjesteh\u00e5ndkl\u00e6r? Eller til barnas leker? Du kan ogs\u00e5 ta av lokket, og da har du et fint gjemmested for potten, eller du kan bruke den til strikking.<\/p>\n<p>Siden produktet er h\u00e5ndlaget lokalt i Marokko, kan st\u00f8rrelsene variere noe i h\u00f8yde og bredde.<\/p>","protected":false},"featured_media":40426,"template":"","meta":{"inline_featured_image":false},"product_brand":[],"product_cat":[55,51],"product_tag":[],"class_list":{"0":"post-737","1":"product","2":"type-product","3":"status-publish","4":"has-post-thumbnail","6":"product_cat-kurve","7":"product_cat-opbevaring","9":"first","10":"instock","11":"taxable","12":"shipping-taxable","13":"purchasable","14":"product-type-variable"},"exclude_global_add_ons":[],"addons":[],"yoast_head":"<!-- This site is optimized with the Yoast SEO plugin v27.4 - https:\/\/yoast.com\/product\/yoast-seo-wordpress\/ -->\n<title>H\u00e5ndlavet kurv i rattan flet | Forskellige farver | Tibladin<\/title>\n<meta name=\"description\" content=\"Fin h\u00e5ndlavet kurv i rattan flet med guldm\u00f8nster og l\u00e5g med pong pong. F\u00e5es i beige, bl\u00e5, og lilla i st\u00f8rrelsen 20x30. - Tibladin\" \/>\n<meta name=\"robots\" content=\"index, follow, max-snippet:-1, max-image-preview:large, max-video-preview:-1\" \/>\n<link rel=\"canonical\" href=\"https:\/\/tibladin.dk\/nb\/produkt\/flettet-kurv-med-lokk-gullmoenster\/\" \/>\n<meta property=\"og:locale\" content=\"nb_NO\" \/>\n<meta property=\"og:type\" content=\"article\" \/>\n<meta property=\"og:title\" content=\"H\u00e5ndlavet kurv i rattan flet | Forskellige farver | Tibladin\" \/>\n<meta property=\"og:description\" content=\"Fin h\u00e5ndlavet kurv i rattan flet med guldm\u00f8nster og l\u00e5g med pong pong. F\u00e5es i beige, bl\u00e5, og lilla i st\u00f8rrelsen 20x30. - Tibladin\" \/>\n<meta property=\"og:url\" content=\"https:\/\/tibladin.dk\/nb\/produkt\/flettet-kurv-med-lokk-gullmoenster\/\" \/>\n<meta property=\"og:site_name\" content=\"Tibladin\" \/>\n<meta property=\"article:modified_time\" content=\"2026-04-10T14:45:54+00:00\" \/>\n<meta property=\"og:image\" content=\"https:\/\/tibladin.dk\/wp-content\/uploads\/2025\/10\/Marokkansk-kurv_flere-farver_1.jpg\" \/>\n\t<meta property=\"og:image:width\" content=\"800\" \/>\n\t<meta property=\"og:image:height\" content=\"800\" \/>\n\t<meta property=\"og:image:type\" content=\"image\/jpeg\" \/>\n<meta name=\"twitter:card\" content=\"summary_large_image\" \/>\n<meta name=\"twitter:label1\" content=\"Ansl. lesetid\" \/>\n\t<meta name=\"twitter:data1\" content=\"1 minutt\" \/>\n<script type=\"application\/ld+json\" class=\"yoast-schema-graph\">{\"@context\":\"https:\\\/\\\/schema.org\",\"@graph\":[{\"@type\":\"WebPage\",\"@id\":\"https:\\\/\\\/tibladin.dk\\\/produkt\\\/kurv-i-flet-med-laag-guldmoenster\\\/\",\"url\":\"https:\\\/\\\/tibladin.dk\\\/produkt\\\/kurv-i-flet-med-laag-guldmoenster\\\/\",\"name\":\"H\u00e5ndlavet kurv i rattan flet | Forskellige farver | Tibladin\",\"isPartOf\":{\"@id\":\"https:\\\/\\\/tibladin.dk\\\/#website\"},\"primaryImageOfPage\":{\"@id\":\"https:\\\/\\\/tibladin.dk\\\/produkt\\\/kurv-i-flet-med-laag-guldmoenster\\\/#primaryimage\"},\"image\":{\"@id\":\"https:\\\/\\\/tibladin.dk\\\/produkt\\\/kurv-i-flet-med-laag-guldmoenster\\\/#primaryimage\"},\"thumbnailUrl\":\"https:\\\/\\\/tibladin.dk\\\/wp-content\\\/uploads\\\/2025\\\/10\\\/Marokkansk-kurv_flere-farver_1.jpg\",\"datePublished\":\"2022-09-20T09:04:15+00:00\",\"dateModified\":\"2026-04-10T14:45:54+00:00\",\"description\":\"Fin h\u00e5ndlavet kurv i rattan flet med guldm\u00f8nster og l\u00e5g med pong pong. F\u00e5es i beige, bl\u00e5, og lilla i st\u00f8rrelsen 20x30. - Tibladin\",\"breadcrumb\":{\"@id\":\"https:\\\/\\\/tibladin.dk\\\/produkt\\\/kurv-i-flet-med-laag-guldmoenster\\\/#breadcrumb\"},\"inLanguage\":\"nb-NO\",\"potentialAction\":[{\"@type\":\"ReadAction\",\"target\":[\"https:\\\/\\\/tibladin.dk\\\/produkt\\\/kurv-i-flet-med-laag-guldmoenster\\\/\"]}]},{\"@type\":\"ImageObject\",\"inLanguage\":\"nb-NO\",\"@id\":\"https:\\\/\\\/tibladin.dk\\\/produkt\\\/kurv-i-flet-med-laag-guldmoenster\\\/#primaryimage\",\"url\":\"https:\\\/\\\/tibladin.dk\\\/wp-content\\\/uploads\\\/2025\\\/10\\\/Marokkansk-kurv_flere-farver_1.jpg\",\"contentUrl\":\"https:\\\/\\\/tibladin.dk\\\/wp-content\\\/uploads\\\/2025\\\/10\\\/Marokkansk-kurv_flere-farver_1.jpg\",\"width\":800,\"height\":800,\"caption\":\"Marokkansk-kurv_flere-farver_1\"},{\"@type\":\"BreadcrumbList\",\"@id\":\"https:\\\/\\\/tibladin.dk\\\/produkt\\\/kurv-i-flet-med-laag-guldmoenster\\\/#breadcrumb\",\"itemListElement\":[{\"@type\":\"ListItem\",\"position\":1,\"name\":\"Hjem\",\"item\":\"https:\\\/\\\/tibladin.dk\\\/\"},{\"@type\":\"ListItem\",\"position\":2,\"name\":\"Shop\",\"item\":\"https:\\\/\\\/tibladin.dk\\\/shop\\\/\"},{\"@type\":\"ListItem\",\"position\":3,\"name\":\"Kurv i flet med l\u00e5g &#8211; guldm\u00f8nster\"}]},{\"@type\":\"WebSite\",\"@id\":\"https:\\\/\\\/tibladin.dk\\\/#website\",\"url\":\"https:\\\/\\\/tibladin.dk\\\/\",\"name\":\"Tibladin\",\"description\":\"Tibladin\",\"publisher\":{\"@id\":\"https:\\\/\\\/tibladin.dk\\\/#organization\"},\"potentialAction\":[{\"@type\":\"SearchAction\",\"target\":{\"@type\":\"EntryPoint\",\"urlTemplate\":\"https:\\\/\\\/tibladin.dk\\\/?s={search_term_string}\"},\"query-input\":{\"@type\":\"PropertyValueSpecification\",\"valueRequired\":true,\"valueName\":\"search_term_string\"}}],\"inLanguage\":\"nb-NO\"},{\"@type\":\"Organization\",\"@id\":\"https:\\\/\\\/tibladin.dk\\\/#organization\",\"name\":\"Tibladin\",\"url\":\"https:\\\/\\\/tibladin.dk\\\/\",\"logo\":{\"@type\":\"ImageObject\",\"inLanguage\":\"nb-NO\",\"@id\":\"https:\\\/\\\/tibladin.dk\\\/#\\\/schema\\\/logo\\\/image\\\/\",\"url\":\"https:\\\/\\\/tibladin.dk\\\/wp-content\\\/uploads\\\/2022\\\/09\\\/tibladin_logo.svg\",\"contentUrl\":\"https:\\\/\\\/tibladin.dk\\\/wp-content\\\/uploads\\\/2022\\\/09\\\/tibladin_logo.svg\",\"caption\":\"Tibladin\"},\"image\":{\"@id\":\"https:\\\/\\\/tibladin.dk\\\/#\\\/schema\\\/logo\\\/image\\\/\"}}]}<\/script>\n<!-- \/ Yoast SEO plugin. -->","yoast_head_json":{"title":"H\u00e5ndlaget rottingkurv | Ulike farger | Tibladin","description":"Fin h\u00e5ndlaget kurv i rottingfleting med gullm\u00f8nster og lokk med pong pong. Finnes i beige, bl\u00e5 og lilla i st\u00f8rrelse 20x30. - Tibladin","robots":{"index":"index","follow":"follow","max-snippet":"max-snippet:-1","max-image-preview":"max-image-preview:large","max-video-preview":"max-video-preview:-1"},"canonical":"https:\/\/tibladin.dk\/nb\/produkt\/flettet-kurv-med-lokk-gullmoenster\/","og_locale":"nb_NO","og_type":"article","og_title":"H\u00e5ndlavet kurv i rattan flet | Forskellige farver | Tibladin","og_description":"Fin h\u00e5ndlavet kurv i rattan flet med guldm\u00f8nster og l\u00e5g med pong pong. F\u00e5es i beige, bl\u00e5, og lilla i st\u00f8rrelsen 20x30. - Tibladin","og_url":"https:\/\/tibladin.dk\/nb\/produkt\/flettet-kurv-med-lokk-gullmoenster\/","og_site_name":"Tibladin","article_modified_time":"2026-04-10T14:45:54+00:00","og_image":[{"width":800,"height":800,"url":"https:\/\/tibladin.dk\/wp-content\/uploads\/2025\/10\/Marokkansk-kurv_flere-farver_1.jpg","type":"image\/jpeg"}],"twitter_card":"summary_large_image","twitter_misc":{"Ansl. lesetid":"1 minutt"},"schema":{"@context":"https:\/\/schema.org","@graph":[{"@type":"WebPage","@id":"https:\/\/tibladin.dk\/produkt\/kurv-i-flet-med-laag-guldmoenster\/","url":"https:\/\/tibladin.dk\/produkt\/kurv-i-flet-med-laag-guldmoenster\/","name":"H\u00e5ndlaget rottingkurv | Ulike farger | Tibladin","isPartOf":{"@id":"https:\/\/tibladin.dk\/#website"},"primaryImageOfPage":{"@id":"https:\/\/tibladin.dk\/produkt\/kurv-i-flet-med-laag-guldmoenster\/#primaryimage"},"image":{"@id":"https:\/\/tibladin.dk\/produkt\/kurv-i-flet-med-laag-guldmoenster\/#primaryimage"},"thumbnailUrl":"https:\/\/tibladin.dk\/wp-content\/uploads\/2025\/10\/Marokkansk-kurv_flere-farver_1.jpg","datePublished":"2022-09-20T09:04:15+00:00","dateModified":"2026-04-10T14:45:54+00:00","description":"Fin h\u00e5ndlaget kurv i rottingfleting med gullm\u00f8nster og lokk med pong pong. Finnes i beige, bl\u00e5 og lilla i st\u00f8rrelse 20x30. - Tibladin","breadcrumb":{"@id":"https:\/\/tibladin.dk\/produkt\/kurv-i-flet-med-laag-guldmoenster\/#breadcrumb"},"inLanguage":"nb-NO","potentialAction":[{"@type":"ReadAction","target":["https:\/\/tibladin.dk\/produkt\/kurv-i-flet-med-laag-guldmoenster\/"]}]},{"@type":"ImageObject","inLanguage":"nb-NO","@id":"https:\/\/tibladin.dk\/produkt\/kurv-i-flet-med-laag-guldmoenster\/#primaryimage","url":"https:\/\/tibladin.dk\/wp-content\/uploads\/2025\/10\/Marokkansk-kurv_flere-farver_1.jpg","contentUrl":"https:\/\/tibladin.dk\/wp-content\/uploads\/2025\/10\/Marokkansk-kurv_flere-farver_1.jpg","width":800,"height":800,"caption":"Marokkansk-kurv_flere-farver_1"},{"@type":"BreadcrumbList","@id":"https:\/\/tibladin.dk\/produkt\/kurv-i-flet-med-laag-guldmoenster\/#breadcrumb","itemListElement":[{"@type":"ListItem","position":1,"name":"Hjem","item":"https:\/\/tibladin.dk\/"},{"@type":"ListItem","position":2,"name":"Shop","item":"https:\/\/tibladin.dk\/shop\/"},{"@type":"ListItem","position":3,"name":"Kurv i flet med l\u00e5g &#8211; guldm\u00f8nster"}]},{"@type":"WebSite","@id":"https:\/\/tibladin.dk\/#website","url":"https:\/\/tibladin.dk\/","name":"Tibladin","description":"Tibladin","publisher":{"@id":"https:\/\/tibladin.dk\/#organization"},"potentialAction":[{"@type":"SearchAction","target":{"@type":"EntryPoint","urlTemplate":"https:\/\/tibladin.dk\/?s={search_term_string}"},"query-input":{"@type":"PropertyValueSpecification","valueRequired":true,"valueName":"search_term_string"}}],"inLanguage":"nb-NO"},{"@type":"Organization","@id":"https:\/\/tibladin.dk\/#organization","name":"Tibladin","url":"https:\/\/tibladin.dk\/","logo":{"@type":"ImageObject","inLanguage":"nb-NO","@id":"https:\/\/tibladin.dk\/#\/schema\/logo\/image\/","url":"https:\/\/tibladin.dk\/wp-content\/uploads\/2022\/09\/tibladin_logo.svg","contentUrl":"https:\/\/tibladin.dk\/wp-content\/uploads\/2022\/09\/tibladin_logo.svg","caption":"Tibladin"},"image":{"@id":"https:\/\/tibladin.dk\/#\/schema\/logo\/image\/"}}]}},"_links":{"self":[{"href":"https:\/\/tibladin.dk\/nb\/wp-json\/wp\/v2\/product\/737","targetHints":{"allow":["GET"]}}],"collection":[{"href":"https:\/\/tibladin.dk\/nb\/wp-json\/wp\/v2\/product"}],"about":[{"href":"https:\/\/tibladin.dk\/nb\/wp-json\/wp\/v2\/types\/product"}],"wp:featuredmedia":[{"embeddable":true,"href":"https:\/\/tibladin.dk\/nb\/wp-json\/wp\/v2\/media\/40426"}],"wp:attachment":[{"href":"https:\/\/tibladin.dk\/nb\/wp-json\/wp\/v2\/media?parent=737"}],"wp:term":[{"taxonomy":"product_brand","embeddable":true,"href":"https:\/\/tibladin.dk\/nb\/wp-json\/wp\/v2\/product_brand?post=737"},{"taxonomy":"product_cat","embeddable":true,"href":"https:\/\/tibladin.dk\/nb\/wp-json\/wp\/v2\/product_cat?post=737"},{"taxonomy":"product_tag","embeddable":true,"href":"https:\/\/tibladin.dk\/nb\/wp-json\/wp\/v2\/product_tag?post=737"}],"curies":[{"name":"wp","href":"https:\/\/api.w.org\/{rel}","templated":true}]}}