{"id":743,"date":"2022-09-20T11:04:23","date_gmt":"2022-09-20T09:04:23","guid":{"rendered":"https:\/\/tibladin.dk\/?post_type=product&#038;p=743"},"modified":"2026-04-20T12:16:05","modified_gmt":"2026-04-20T10:16:05","slug":"marokkansk-pendellampe-med-draape-soelvfarget-metall","status":"publish","type":"product","link":"https:\/\/tibladin.dk\/nb\/produkt\/marokkansk-pendellampe-draabe-soelvmetal\/","title":{"rendered":"Marokkansk pendellampe \u2013 s\u00f8lvfarget metall"},"content":{"rendered":"<div class=\"wpb-content-wrapper\"><div class=\"vc_row wpb_row vc_row-fluid\"><div class=\"wpb_column vc_column_container vc_col-sm-4\"><div class=\"vc_column-inner\"><div class=\"wpb_wrapper\">\n\t<div class=\"wpb_video_widget wpb_content_element vc_clearfix   vc_video-aspect-ratio-43 vc_video-el-width-100 vc_video-align-left\" >\n\t\t<div class=\"wpb_wrapper\">\n\t\t\t\n\t\t\t<div class=\"wpb_video_wrapper\"><div class=\"video-container\"><iframe loading=\"lazy\" title=\"Monteringsanvisning for marokkanske lamper\" src=\"https:\/\/player.vimeo.com\/video\/416973014?dnt=1&amp;app_id=122963\" width=\"310\" height=\"310\" frameborder=\"0\" allow=\"autoplay; fullscreen; picture-in-picture\"><\/iframe><\/div><\/div>\n\t\t<\/div>\n\t<\/div>\n<\/div><\/div><\/div><div class=\"wpb_column vc_column_container vc_col-sm-4\"><div class=\"vc_column-inner\"><div class=\"wpb_wrapper\"><h3 style=\"text-align: left\" class=\"vc_custom_heading vc_do_custom_heading\" >Vedlikehold<\/h3>\n\t<div class=\"wpb_text_column wpb_content_element\" >\n\t\t<div class=\"wpb_wrapper\">\n\t\t\t<p>T\u00f8rk av med en fuktig klut. Lampene kan oksidere litt over tid, noe som bare gir ekstra sjarm. Hvis du vil at lampen din skal v\u00e6re h\u00f8yglanspolert, kan du bruke et poleringsmiddel eller litt sitronsaft, slik marokkanerne gj\u00f8r.<\/p>\n<p>Metallet lampene er laget av er fleksibelt, og hvis lampen f\u00e5r en liten bulk, kan den rettes ut veldig enkelt. Bruk en teskje og gni den der bulken stikker ut, og glatt den forsiktig tilbake p\u00e5 plass.<\/p>\n\n\t\t<\/div>\n\t<\/div>\n<\/div><\/div><\/div><div class=\"wpb_column vc_column_container vc_col-sm-4\"><div class=\"vc_column-inner\"><div class=\"wpb_wrapper\"><h3 style=\"text-align: left\" class=\"vc_custom_heading vc_do_custom_heading\" >Historien bak<\/h3>\n\t<div class=\"wpb_text_column wpb_content_element\" >\n\t\t<div class=\"wpb_wrapper\">\n\t\t\t<p>Lampene er laget av s\u00f8lvfarget metall med sm\u00e5 hullm\u00f8nstre som er sl\u00e5tt ut for h\u00e5nd. Hullene i lampen reflekterer lyset i et eventyrlig sk\u00e6r p\u00e5 veggen, og gir en helt spesiell atmosf\u00e6re i rommet.<\/p>\n<p>Lamper fra Marokko gir et unikt preg til interi\u00f8ret ditt og gir dekorativt lys.<\/p>\n<p>Lampene er h\u00e5ndlagde, og det vil v\u00e6re sm\u00e5 ujevnheter og forskjeller i m\u00f8nster og form.<\/p>\n<p>F\u00e5 din egen Riad-atmosf\u00e6re med en h\u00e5ndlaget lampe fra Marrakech.<\/p>\n\n\t\t<\/div>\n\t<\/div>\n<\/div><\/div><\/div><\/div>\n<\/div>","protected":false},"excerpt":{"rendered":"<p>Dekorativ dr\u00e5peformet pendellampe i s\u00f8lvmetall.<\/p>\n<p>Lampen selges med svart ledning. Se instruksjonsvideo for montering av sokkelen.<\/p>\n<p>Sl\u00e5 p\u00e5 lampen om kvelden og se den kaste et dekorativt og koselig lys i rommet ditt. Du kan henge flere dr\u00e5peformede lamper litt forskj\u00f8vet, i et hj\u00f8rne av stuen, over spisebordet eller som et koselig tillegg til soverommet.<\/p>\n<p>&nbsp;<\/p>\n<p>&nbsp;<\/p>","protected":false},"featured_media":738,"template":"","meta":{"inline_featured_image":false},"product_brand":[],"product_cat":[67,68],"product_tag":[],"class_list":{"0":"post-743","1":"product","2":"type-product","3":"status-publish","4":"has-post-thumbnail","6":"product_cat-lamper","7":"product_cat-metal-lamper","9":"first","10":"instock","11":"taxable","12":"shipping-taxable","13":"purchasable","14":"product-type-simple"},"exclude_global_add_ons":false,"addons":[{"name":"\u00d8nsker du gaveinnpakning?","type":"checkbox","position":0,"required":false,"title_format":"label","default":"","description_enable":false,"description":"","placeholder_enable":false,"placeholder":"","display":"images","restrictions_type":"any_text","adjust_price":false,"price":"","price_type":"flat_fee","restrictions":false,"min":"0","max":"0","options":[{"label":"Ja tak","price":"10","price_type":"flat_fee","image":11015,"visibility":true}],"id":1669646111}],"yoast_head":"<!-- This site is optimized with the Yoast SEO plugin v27.4 - https:\/\/yoast.com\/product\/yoast-seo-wordpress\/ -->\n<title>Marokkansk h\u00e5ndlavet pendellampe i s\u00f8lvmetal - Tibladin<\/title>\n<meta name=\"description\" content=\"Marokkansk dr\u00e5beformet pendellampe i s\u00f8lvmetal med h\u00e5ndlavet hulm\u00f8nster der giver et dekorativt og hyggeligt lys i rummet.\" \/>\n<meta name=\"robots\" content=\"index, follow, max-snippet:-1, max-image-preview:large, max-video-preview:-1\" \/>\n<link rel=\"canonical\" href=\"https:\/\/tibladin.dk\/nb\/produkt\/marokkansk-pendellampe-med-draape-soelvfarget-metall\/\" \/>\n<meta property=\"og:locale\" content=\"nb_NO\" \/>\n<meta property=\"og:type\" content=\"article\" \/>\n<meta property=\"og:title\" content=\"Marokkansk h\u00e5ndlavet pendellampe i s\u00f8lvmetal - Tibladin\" \/>\n<meta property=\"og:description\" content=\"Marokkansk dr\u00e5beformet pendellampe i s\u00f8lvmetal med h\u00e5ndlavet hulm\u00f8nster der giver et dekorativt og hyggeligt lys i rummet.\" \/>\n<meta property=\"og:url\" content=\"https:\/\/tibladin.dk\/nb\/produkt\/marokkansk-pendellampe-med-draape-soelvfarget-metall\/\" \/>\n<meta property=\"og:site_name\" content=\"Tibladin\" \/>\n<meta property=\"article:modified_time\" content=\"2026-04-20T10:16:05+00:00\" \/>\n<meta property=\"og:image\" content=\"https:\/\/tibladin.dk\/wp-content\/uploads\/2022\/09\/Tibladin_marokkansk-draabeformet-lampe-i-soelvmetal_800x800-1.jpg\" \/>\n\t<meta property=\"og:image:width\" content=\"800\" \/>\n\t<meta property=\"og:image:height\" content=\"800\" \/>\n\t<meta property=\"og:image:type\" content=\"image\/jpeg\" \/>\n<meta name=\"twitter:card\" content=\"summary_large_image\" \/>\n<meta name=\"twitter:label1\" content=\"Ansl. lesetid\" \/>\n\t<meta name=\"twitter:data1\" content=\"2 minutter\" \/>\n<script type=\"application\/ld+json\" class=\"yoast-schema-graph\">{\"@context\":\"https:\\\/\\\/schema.org\",\"@graph\":[{\"@type\":\"WebPage\",\"@id\":\"https:\\\/\\\/tibladin.dk\\\/produkt\\\/marokkansk-pendellampe-draabe-soelvmetal\\\/\",\"url\":\"https:\\\/\\\/tibladin.dk\\\/produkt\\\/marokkansk-pendellampe-draabe-soelvmetal\\\/\",\"name\":\"Marokkansk h\u00e5ndlavet pendellampe i s\u00f8lvmetal - Tibladin\",\"isPartOf\":{\"@id\":\"https:\\\/\\\/tibladin.dk\\\/#website\"},\"primaryImageOfPage\":{\"@id\":\"https:\\\/\\\/tibladin.dk\\\/produkt\\\/marokkansk-pendellampe-draabe-soelvmetal\\\/#primaryimage\"},\"image\":{\"@id\":\"https:\\\/\\\/tibladin.dk\\\/produkt\\\/marokkansk-pendellampe-draabe-soelvmetal\\\/#primaryimage\"},\"thumbnailUrl\":\"https:\\\/\\\/tibladin.dk\\\/wp-content\\\/uploads\\\/2022\\\/09\\\/Tibladin_marokkansk-draabeformet-lampe-i-soelvmetal_800x800-1.jpg\",\"datePublished\":\"2022-09-20T09:04:23+00:00\",\"dateModified\":\"2026-04-20T10:16:05+00:00\",\"description\":\"Marokkansk dr\u00e5beformet pendellampe i s\u00f8lvmetal med h\u00e5ndlavet hulm\u00f8nster der giver et dekorativt og hyggeligt lys i rummet.\",\"breadcrumb\":{\"@id\":\"https:\\\/\\\/tibladin.dk\\\/produkt\\\/marokkansk-pendellampe-draabe-soelvmetal\\\/#breadcrumb\"},\"inLanguage\":\"nb-NO\",\"potentialAction\":[{\"@type\":\"ReadAction\",\"target\":[\"https:\\\/\\\/tibladin.dk\\\/produkt\\\/marokkansk-pendellampe-draabe-soelvmetal\\\/\"]}]},{\"@type\":\"ImageObject\",\"inLanguage\":\"nb-NO\",\"@id\":\"https:\\\/\\\/tibladin.dk\\\/produkt\\\/marokkansk-pendellampe-draabe-soelvmetal\\\/#primaryimage\",\"url\":\"https:\\\/\\\/tibladin.dk\\\/wp-content\\\/uploads\\\/2022\\\/09\\\/Tibladin_marokkansk-draabeformet-lampe-i-soelvmetal_800x800-1.jpg\",\"contentUrl\":\"https:\\\/\\\/tibladin.dk\\\/wp-content\\\/uploads\\\/2022\\\/09\\\/Tibladin_marokkansk-draabeformet-lampe-i-soelvmetal_800x800-1.jpg\",\"width\":800,\"height\":800,\"caption\":\"Marokkansk h\u00e5ndlavet dr\u00e5beformet lampe\"},{\"@type\":\"BreadcrumbList\",\"@id\":\"https:\\\/\\\/tibladin.dk\\\/produkt\\\/marokkansk-pendellampe-draabe-soelvmetal\\\/#breadcrumb\",\"itemListElement\":[{\"@type\":\"ListItem\",\"position\":1,\"name\":\"Hjem\",\"item\":\"https:\\\/\\\/tibladin.dk\\\/\"},{\"@type\":\"ListItem\",\"position\":2,\"name\":\"Shop\",\"item\":\"https:\\\/\\\/tibladin.dk\\\/shop\\\/\"},{\"@type\":\"ListItem\",\"position\":3,\"name\":\"Marokkansk pendellampe dr\u00e5be &#8211; s\u00f8lvmetal\"}]},{\"@type\":\"WebSite\",\"@id\":\"https:\\\/\\\/tibladin.dk\\\/#website\",\"url\":\"https:\\\/\\\/tibladin.dk\\\/\",\"name\":\"Tibladin\",\"description\":\"Tibladin\",\"publisher\":{\"@id\":\"https:\\\/\\\/tibladin.dk\\\/#organization\"},\"potentialAction\":[{\"@type\":\"SearchAction\",\"target\":{\"@type\":\"EntryPoint\",\"urlTemplate\":\"https:\\\/\\\/tibladin.dk\\\/?s={search_term_string}\"},\"query-input\":{\"@type\":\"PropertyValueSpecification\",\"valueRequired\":true,\"valueName\":\"search_term_string\"}}],\"inLanguage\":\"nb-NO\"},{\"@type\":\"Organization\",\"@id\":\"https:\\\/\\\/tibladin.dk\\\/#organization\",\"name\":\"Tibladin\",\"url\":\"https:\\\/\\\/tibladin.dk\\\/\",\"logo\":{\"@type\":\"ImageObject\",\"inLanguage\":\"nb-NO\",\"@id\":\"https:\\\/\\\/tibladin.dk\\\/#\\\/schema\\\/logo\\\/image\\\/\",\"url\":\"https:\\\/\\\/tibladin.dk\\\/wp-content\\\/uploads\\\/2022\\\/09\\\/tibladin_logo.svg\",\"contentUrl\":\"https:\\\/\\\/tibladin.dk\\\/wp-content\\\/uploads\\\/2022\\\/09\\\/tibladin_logo.svg\",\"caption\":\"Tibladin\"},\"image\":{\"@id\":\"https:\\\/\\\/tibladin.dk\\\/#\\\/schema\\\/logo\\\/image\\\/\"}}]}<\/script>\n<!-- \/ Yoast SEO plugin. -->","yoast_head_json":{"title":"Marokkansk h\u00e5ndlaget pendellampe i s\u00f8lvmetall - Tibladin","description":"Marokkansk dr\u00e5peformet pendellampe i s\u00f8lvmetall med et h\u00e5ndlaget hullm\u00f8nster som gir et dekorativt og koselig lys i rommet.","robots":{"index":"index","follow":"follow","max-snippet":"max-snippet:-1","max-image-preview":"max-image-preview:large","max-video-preview":"max-video-preview:-1"},"canonical":"https:\/\/tibladin.dk\/nb\/produkt\/marokkansk-pendellampe-med-draape-soelvfarget-metall\/","og_locale":"nb_NO","og_type":"article","og_title":"Marokkansk h\u00e5ndlavet pendellampe i s\u00f8lvmetal - Tibladin","og_description":"Marokkansk dr\u00e5beformet pendellampe i s\u00f8lvmetal med h\u00e5ndlavet hulm\u00f8nster der giver et dekorativt og hyggeligt lys i rummet.","og_url":"https:\/\/tibladin.dk\/nb\/produkt\/marokkansk-pendellampe-med-draape-soelvfarget-metall\/","og_site_name":"Tibladin","article_modified_time":"2026-04-20T10:16:05+00:00","og_image":[{"width":800,"height":800,"url":"https:\/\/tibladin.dk\/wp-content\/uploads\/2022\/09\/Tibladin_marokkansk-draabeformet-lampe-i-soelvmetal_800x800-1.jpg","type":"image\/jpeg"}],"twitter_card":"summary_large_image","twitter_misc":{"Ansl. lesetid":"2 minutter"},"schema":{"@context":"https:\/\/schema.org","@graph":[{"@type":"WebPage","@id":"https:\/\/tibladin.dk\/produkt\/marokkansk-pendellampe-draabe-soelvmetal\/","url":"https:\/\/tibladin.dk\/produkt\/marokkansk-pendellampe-draabe-soelvmetal\/","name":"Marokkansk h\u00e5ndlaget pendellampe i s\u00f8lvmetall - Tibladin","isPartOf":{"@id":"https:\/\/tibladin.dk\/#website"},"primaryImageOfPage":{"@id":"https:\/\/tibladin.dk\/produkt\/marokkansk-pendellampe-draabe-soelvmetal\/#primaryimage"},"image":{"@id":"https:\/\/tibladin.dk\/produkt\/marokkansk-pendellampe-draabe-soelvmetal\/#primaryimage"},"thumbnailUrl":"https:\/\/tibladin.dk\/wp-content\/uploads\/2022\/09\/Tibladin_marokkansk-draabeformet-lampe-i-soelvmetal_800x800-1.jpg","datePublished":"2022-09-20T09:04:23+00:00","dateModified":"2026-04-20T10:16:05+00:00","description":"Marokkansk dr\u00e5peformet pendellampe i s\u00f8lvmetall med et h\u00e5ndlaget hullm\u00f8nster som gir et dekorativt og koselig lys i rommet.","breadcrumb":{"@id":"https:\/\/tibladin.dk\/produkt\/marokkansk-pendellampe-draabe-soelvmetal\/#breadcrumb"},"inLanguage":"nb-NO","potentialAction":[{"@type":"ReadAction","target":["https:\/\/tibladin.dk\/produkt\/marokkansk-pendellampe-draabe-soelvmetal\/"]}]},{"@type":"ImageObject","inLanguage":"nb-NO","@id":"https:\/\/tibladin.dk\/produkt\/marokkansk-pendellampe-draabe-soelvmetal\/#primaryimage","url":"https:\/\/tibladin.dk\/wp-content\/uploads\/2022\/09\/Tibladin_marokkansk-draabeformet-lampe-i-soelvmetal_800x800-1.jpg","contentUrl":"https:\/\/tibladin.dk\/wp-content\/uploads\/2022\/09\/Tibladin_marokkansk-draabeformet-lampe-i-soelvmetal_800x800-1.jpg","width":800,"height":800,"caption":"Marokkansk h\u00e5ndlavet dr\u00e5beformet lampe"},{"@type":"BreadcrumbList","@id":"https:\/\/tibladin.dk\/produkt\/marokkansk-pendellampe-draabe-soelvmetal\/#breadcrumb","itemListElement":[{"@type":"ListItem","position":1,"name":"Hjem","item":"https:\/\/tibladin.dk\/"},{"@type":"ListItem","position":2,"name":"Shop","item":"https:\/\/tibladin.dk\/shop\/"},{"@type":"ListItem","position":3,"name":"Marokkansk pendellampe dr\u00e5be &#8211; s\u00f8lvmetal"}]},{"@type":"WebSite","@id":"https:\/\/tibladin.dk\/#website","url":"https:\/\/tibladin.dk\/","name":"Tibladin","description":"Tibladin","publisher":{"@id":"https:\/\/tibladin.dk\/#organization"},"potentialAction":[{"@type":"SearchAction","target":{"@type":"EntryPoint","urlTemplate":"https:\/\/tibladin.dk\/?s={search_term_string}"},"query-input":{"@type":"PropertyValueSpecification","valueRequired":true,"valueName":"search_term_string"}}],"inLanguage":"nb-NO"},{"@type":"Organization","@id":"https:\/\/tibladin.dk\/#organization","name":"Tibladin","url":"https:\/\/tibladin.dk\/","logo":{"@type":"ImageObject","inLanguage":"nb-NO","@id":"https:\/\/tibladin.dk\/#\/schema\/logo\/image\/","url":"https:\/\/tibladin.dk\/wp-content\/uploads\/2022\/09\/tibladin_logo.svg","contentUrl":"https:\/\/tibladin.dk\/wp-content\/uploads\/2022\/09\/tibladin_logo.svg","caption":"Tibladin"},"image":{"@id":"https:\/\/tibladin.dk\/#\/schema\/logo\/image\/"}}]}},"_links":{"self":[{"href":"https:\/\/tibladin.dk\/nb\/wp-json\/wp\/v2\/product\/743","targetHints":{"allow":["GET"]}}],"collection":[{"href":"https:\/\/tibladin.dk\/nb\/wp-json\/wp\/v2\/product"}],"about":[{"href":"https:\/\/tibladin.dk\/nb\/wp-json\/wp\/v2\/types\/product"}],"wp:featuredmedia":[{"embeddable":true,"href":"https:\/\/tibladin.dk\/nb\/wp-json\/wp\/v2\/media\/738"}],"wp:attachment":[{"href":"https:\/\/tibladin.dk\/nb\/wp-json\/wp\/v2\/media?parent=743"}],"wp:term":[{"taxonomy":"product_brand","embeddable":true,"href":"https:\/\/tibladin.dk\/nb\/wp-json\/wp\/v2\/product_brand?post=743"},{"taxonomy":"product_cat","embeddable":true,"href":"https:\/\/tibladin.dk\/nb\/wp-json\/wp\/v2\/product_cat?post=743"},{"taxonomy":"product_tag","embeddable":true,"href":"https:\/\/tibladin.dk\/nb\/wp-json\/wp\/v2\/product_tag?post=743"}],"curies":[{"name":"wp","href":"https:\/\/api.w.org\/{rel}","templated":true}]}}