{"id":8852,"date":"2023-10-04T20:02:26","date_gmt":"2023-10-04T18:02:26","guid":{"rendered":"https:\/\/tibladin.dk\/?post_type=product&#038;p=8852"},"modified":"2025-05-05T09:33:46","modified_gmt":"2025-05-05T07:33:46","slug":"veske-med-kjettingtoeyler","status":"publish","type":"product","link":"https:\/\/tibladin.dk\/nb\/produkt\/haandtaske-med-kaede-reine\/","title":{"rendered":"Veske med kjede REINE"},"content":{"rendered":"<div class=\"wpb-content-wrapper\"><div class=\"vc_row wpb_row vc_row-fluid\"><div class=\"wpb_column vc_column_container vc_col-sm-4\"><div class=\"vc_column-inner\"><div class=\"wpb_wrapper\"><\/div><\/div><\/div><div class=\"wpb_column vc_column_container vc_col-sm-4\"><div class=\"vc_column-inner\"><div class=\"wpb_wrapper\"><h3 style=\"text-align: left\" class=\"vc_custom_heading vc_do_custom_heading\" >Vedlikehold<\/h3>\n\t<div class=\"wpb_text_column wpb_content_element\" >\n\t\t<div class=\"wpb_wrapper\">\n\t\t\t<p>H\u00e5ndvask p\u00e5 maks 30 grader<\/p>\n\n\t\t<\/div>\n\t<\/div>\n<\/div><\/div><\/div><div class=\"wpb_column vc_column_container vc_col-sm-4\"><div class=\"vc_column-inner\"><div class=\"wpb_wrapper\"><h3 style=\"text-align: left\" class=\"vc_custom_heading vc_do_custom_heading\" >Historien bak<\/h3>\n\t<div class=\"wpb_text_column wpb_content_element\" >\n\t\t<div class=\"wpb_wrapper\">\n\t\t\t<p>Det finnes ikke noe bedre enn \u00e5 b\u00e6re noe unikt! Det finnes bare \u00e9n av denne vesken. Tibladins eget design. Finnes i diverse vakre tekstiler med forskjellige fargede kobberknapper med fargede steiner inni. Veskene lukkes med magnetiske trykknapper p\u00e5 sidene, og det er glidel\u00e5s inni for god beskyttelse av innholdet. Alle veskene kan b\u00e6res som clutch, men leveres med kjede slik at den ogs\u00e5 kan b\u00e6res over skulderen.<\/p>\n<p>H\u00e5ndsydd med kj\u00e6rlighet.<\/p>\n\n\t\t<\/div>\n\t<\/div>\n<\/div><\/div><\/div><\/div>\n<\/div>","protected":false},"excerpt":{"rendered":"<p>Unik h\u00e5ndlaget marokkansk veske. Det finnes kun \u00e9n av denne vakre PURE-vesken. Vesken er h\u00e5ndlaget av et vakkert m\u00f8nstret kelimteppe i fiolette, gr\u00e5\/bl\u00e5 nyanser.<\/p>\n<p>Vesken m\u00e5ler 18 cm i h\u00f8yden og 30 cm i lengden. Den \u00e5pnes med magnetiske trykknapper p\u00e5 hver side. Svart mykt velourstoff inni og glidel\u00e5s for \u00e5 beskytte veskens innhold. Kobberknapp med marmorert hvit stein dekorerer midten av vesken. Den medf\u00f8lgende kjeden kan festes til sidene, slik at vesken kan b\u00e6res over skulderen eller som en crossbody-veske. Du kan ogs\u00e5 ta av kobberkjeden og bruke den som en clutch-veske. Et elegant valg for en kveld ute.<\/p>\n<p>Det er bare denne ene vesken.<\/p>","protected":false},"featured_media":8857,"template":"","meta":{"inline_featured_image":false},"product_brand":[],"product_cat":[27,31,32],"product_tag":[],"class_list":{"0":"post-8852","1":"product","2":"type-product","3":"status-publish","4":"has-post-thumbnail","6":"product_cat-diverse","7":"product_cat-tasker","8":"product_cat-tilbud","10":"first","11":"instock","12":"sale","13":"taxable","14":"shipping-taxable","15":"purchasable","16":"product-type-simple"},"exclude_global_add_ons":false,"addons":[{"name":"\u00d8nsker du gaveinnpakning?","type":"checkbox","position":0,"required":false,"title_format":"label","default":"","description_enable":false,"description":"","placeholder_enable":false,"placeholder":"","display":"images","restrictions_type":"any_text","adjust_price":false,"price":"","price_type":"flat_fee","restrictions":false,"min":"0","max":"0","options":[{"label":"Ja tak","price":"10","price_type":"flat_fee","image":11015,"visibility":true}],"id":1669646111}],"yoast_head":"<!-- This site is optimized with the Yoast SEO plugin v27.4 - https:\/\/yoast.com\/product\/yoast-seo-wordpress\/ -->\n<title>Unika taske i smukt stof med k\u00e6de - Tibladin<\/title>\n<meta name=\"description\" content=\"Der findes kun \u00e9n som denne. Lukkes med praktisk magnetisk knap. Indvendigt er der sort foer og en lomme med lynl\u00e5s | helt unikt design fra Tibladin\" \/>\n<meta name=\"robots\" content=\"index, follow, max-snippet:-1, max-image-preview:large, max-video-preview:-1\" \/>\n<link rel=\"canonical\" href=\"https:\/\/tibladin.dk\/nb\/produkt\/veske-med-kjettingtoeyler\/\" \/>\n<meta property=\"og:locale\" content=\"nb_NO\" \/>\n<meta property=\"og:type\" content=\"article\" \/>\n<meta property=\"og:title\" content=\"Unika taske i smukt stof med k\u00e6de - Tibladin\" \/>\n<meta property=\"og:description\" content=\"Der findes kun \u00e9n som denne. Lukkes med praktisk magnetisk knap. Indvendigt er der sort foer og en lomme med lynl\u00e5s | helt unikt design fra Tibladin\" \/>\n<meta property=\"og:url\" content=\"https:\/\/tibladin.dk\/nb\/produkt\/veske-med-kjettingtoeyler\/\" \/>\n<meta property=\"og:site_name\" content=\"Tibladin\" \/>\n<meta property=\"article:modified_time\" content=\"2025-05-05T07:33:46+00:00\" \/>\n<meta property=\"og:image\" content=\"https:\/\/tibladin.dk\/wp-content\/uploads\/2023\/10\/Reine-taske_2.jpg\" \/>\n\t<meta property=\"og:image:width\" content=\"800\" \/>\n\t<meta property=\"og:image:height\" content=\"800\" \/>\n\t<meta property=\"og:image:type\" content=\"image\/jpeg\" \/>\n<meta name=\"twitter:card\" content=\"summary_large_image\" \/>\n<meta name=\"twitter:label1\" content=\"Ansl. lesetid\" \/>\n\t<meta name=\"twitter:data1\" content=\"1 minutt\" \/>\n<script type=\"application\/ld+json\" class=\"yoast-schema-graph\">{\"@context\":\"https:\\\/\\\/schema.org\",\"@graph\":[{\"@type\":\"WebPage\",\"@id\":\"https:\\\/\\\/tibladin.dk\\\/produkt\\\/haandtaske-med-kaede-reine\\\/\",\"url\":\"https:\\\/\\\/tibladin.dk\\\/produkt\\\/haandtaske-med-kaede-reine\\\/\",\"name\":\"Unika taske i smukt stof med k\u00e6de - Tibladin\",\"isPartOf\":{\"@id\":\"https:\\\/\\\/tibladin.dk\\\/#website\"},\"primaryImageOfPage\":{\"@id\":\"https:\\\/\\\/tibladin.dk\\\/produkt\\\/haandtaske-med-kaede-reine\\\/#primaryimage\"},\"image\":{\"@id\":\"https:\\\/\\\/tibladin.dk\\\/produkt\\\/haandtaske-med-kaede-reine\\\/#primaryimage\"},\"thumbnailUrl\":\"https:\\\/\\\/tibladin.dk\\\/wp-content\\\/uploads\\\/2023\\\/10\\\/Reine-taske_2.jpg\",\"datePublished\":\"2023-10-04T18:02:26+00:00\",\"dateModified\":\"2025-05-05T07:33:46+00:00\",\"description\":\"Der findes kun \u00e9n som denne. Lukkes med praktisk magnetisk knap. Indvendigt er der sort foer og en lomme med lynl\u00e5s | helt unikt design fra Tibladin\",\"breadcrumb\":{\"@id\":\"https:\\\/\\\/tibladin.dk\\\/produkt\\\/haandtaske-med-kaede-reine\\\/#breadcrumb\"},\"inLanguage\":\"nb-NO\",\"potentialAction\":[{\"@type\":\"ReadAction\",\"target\":[\"https:\\\/\\\/tibladin.dk\\\/produkt\\\/haandtaske-med-kaede-reine\\\/\"]}]},{\"@type\":\"ImageObject\",\"inLanguage\":\"nb-NO\",\"@id\":\"https:\\\/\\\/tibladin.dk\\\/produkt\\\/haandtaske-med-kaede-reine\\\/#primaryimage\",\"url\":\"https:\\\/\\\/tibladin.dk\\\/wp-content\\\/uploads\\\/2023\\\/10\\\/Reine-taske_2.jpg\",\"contentUrl\":\"https:\\\/\\\/tibladin.dk\\\/wp-content\\\/uploads\\\/2023\\\/10\\\/Reine-taske_2.jpg\",\"width\":800,\"height\":800,\"caption\":\"smuk h\u00e5ndtaske i kelim t\u00e6ppe i bl\u00e5, violette og gule nuancer REINE\"},{\"@type\":\"BreadcrumbList\",\"@id\":\"https:\\\/\\\/tibladin.dk\\\/produkt\\\/haandtaske-med-kaede-reine\\\/#breadcrumb\",\"itemListElement\":[{\"@type\":\"ListItem\",\"position\":1,\"name\":\"Hjem\",\"item\":\"https:\\\/\\\/tibladin.dk\\\/\"},{\"@type\":\"ListItem\",\"position\":2,\"name\":\"Shop\",\"item\":\"https:\\\/\\\/tibladin.dk\\\/shop\\\/\"},{\"@type\":\"ListItem\",\"position\":3,\"name\":\"H\u00e5ndtaske med k\u00e6de REINE\"}]},{\"@type\":\"WebSite\",\"@id\":\"https:\\\/\\\/tibladin.dk\\\/#website\",\"url\":\"https:\\\/\\\/tibladin.dk\\\/\",\"name\":\"Tibladin\",\"description\":\"Tibladin\",\"publisher\":{\"@id\":\"https:\\\/\\\/tibladin.dk\\\/#organization\"},\"potentialAction\":[{\"@type\":\"SearchAction\",\"target\":{\"@type\":\"EntryPoint\",\"urlTemplate\":\"https:\\\/\\\/tibladin.dk\\\/?s={search_term_string}\"},\"query-input\":{\"@type\":\"PropertyValueSpecification\",\"valueRequired\":true,\"valueName\":\"search_term_string\"}}],\"inLanguage\":\"nb-NO\"},{\"@type\":\"Organization\",\"@id\":\"https:\\\/\\\/tibladin.dk\\\/#organization\",\"name\":\"Tibladin\",\"url\":\"https:\\\/\\\/tibladin.dk\\\/\",\"logo\":{\"@type\":\"ImageObject\",\"inLanguage\":\"nb-NO\",\"@id\":\"https:\\\/\\\/tibladin.dk\\\/#\\\/schema\\\/logo\\\/image\\\/\",\"url\":\"https:\\\/\\\/tibladin.dk\\\/wp-content\\\/uploads\\\/2022\\\/09\\\/tibladin_logo.svg\",\"contentUrl\":\"https:\\\/\\\/tibladin.dk\\\/wp-content\\\/uploads\\\/2022\\\/09\\\/tibladin_logo.svg\",\"caption\":\"Tibladin\"},\"image\":{\"@id\":\"https:\\\/\\\/tibladin.dk\\\/#\\\/schema\\\/logo\\\/image\\\/\"}}]}<\/script>\n<!-- \/ Yoast SEO plugin. -->","yoast_head_json":{"title":"Unik veske i vakkert stoff med kjede - Tibladin","description":"Det finnes bare \u00e9n slik. Lukkes med en praktisk magnetknapp. Innvendig er det svart f\u00f4r og en lomme med glidel\u00e5s | helt unikt design fra Tibladin","robots":{"index":"index","follow":"follow","max-snippet":"max-snippet:-1","max-image-preview":"max-image-preview:large","max-video-preview":"max-video-preview:-1"},"canonical":"https:\/\/tibladin.dk\/nb\/produkt\/veske-med-kjettingtoeyler\/","og_locale":"nb_NO","og_type":"article","og_title":"Unika taske i smukt stof med k\u00e6de - Tibladin","og_description":"Der findes kun \u00e9n som denne. Lukkes med praktisk magnetisk knap. Indvendigt er der sort foer og en lomme med lynl\u00e5s | helt unikt design fra Tibladin","og_url":"https:\/\/tibladin.dk\/nb\/produkt\/veske-med-kjettingtoeyler\/","og_site_name":"Tibladin","article_modified_time":"2025-05-05T07:33:46+00:00","og_image":[{"width":800,"height":800,"url":"https:\/\/tibladin.dk\/wp-content\/uploads\/2023\/10\/Reine-taske_2.jpg","type":"image\/jpeg"}],"twitter_card":"summary_large_image","twitter_misc":{"Ansl. lesetid":"1 minutt"},"schema":{"@context":"https:\/\/schema.org","@graph":[{"@type":"WebPage","@id":"https:\/\/tibladin.dk\/produkt\/haandtaske-med-kaede-reine\/","url":"https:\/\/tibladin.dk\/produkt\/haandtaske-med-kaede-reine\/","name":"Unik veske i vakkert stoff med kjede - Tibladin","isPartOf":{"@id":"https:\/\/tibladin.dk\/#website"},"primaryImageOfPage":{"@id":"https:\/\/tibladin.dk\/produkt\/haandtaske-med-kaede-reine\/#primaryimage"},"image":{"@id":"https:\/\/tibladin.dk\/produkt\/haandtaske-med-kaede-reine\/#primaryimage"},"thumbnailUrl":"https:\/\/tibladin.dk\/wp-content\/uploads\/2023\/10\/Reine-taske_2.jpg","datePublished":"2023-10-04T18:02:26+00:00","dateModified":"2025-05-05T07:33:46+00:00","description":"Det finnes bare \u00e9n slik. Lukkes med en praktisk magnetknapp. Innvendig er det svart f\u00f4r og en lomme med glidel\u00e5s | helt unikt design fra Tibladin","breadcrumb":{"@id":"https:\/\/tibladin.dk\/produkt\/haandtaske-med-kaede-reine\/#breadcrumb"},"inLanguage":"nb-NO","potentialAction":[{"@type":"ReadAction","target":["https:\/\/tibladin.dk\/produkt\/haandtaske-med-kaede-reine\/"]}]},{"@type":"ImageObject","inLanguage":"nb-NO","@id":"https:\/\/tibladin.dk\/produkt\/haandtaske-med-kaede-reine\/#primaryimage","url":"https:\/\/tibladin.dk\/wp-content\/uploads\/2023\/10\/Reine-taske_2.jpg","contentUrl":"https:\/\/tibladin.dk\/wp-content\/uploads\/2023\/10\/Reine-taske_2.jpg","width":800,"height":800,"caption":"smuk h\u00e5ndtaske i kelim t\u00e6ppe i bl\u00e5, violette og gule nuancer REINE"},{"@type":"BreadcrumbList","@id":"https:\/\/tibladin.dk\/produkt\/haandtaske-med-kaede-reine\/#breadcrumb","itemListElement":[{"@type":"ListItem","position":1,"name":"Hjem","item":"https:\/\/tibladin.dk\/"},{"@type":"ListItem","position":2,"name":"Shop","item":"https:\/\/tibladin.dk\/shop\/"},{"@type":"ListItem","position":3,"name":"H\u00e5ndtaske med k\u00e6de REINE"}]},{"@type":"WebSite","@id":"https:\/\/tibladin.dk\/#website","url":"https:\/\/tibladin.dk\/","name":"Tibladin","description":"Tibladin","publisher":{"@id":"https:\/\/tibladin.dk\/#organization"},"potentialAction":[{"@type":"SearchAction","target":{"@type":"EntryPoint","urlTemplate":"https:\/\/tibladin.dk\/?s={search_term_string}"},"query-input":{"@type":"PropertyValueSpecification","valueRequired":true,"valueName":"search_term_string"}}],"inLanguage":"nb-NO"},{"@type":"Organization","@id":"https:\/\/tibladin.dk\/#organization","name":"Tibladin","url":"https:\/\/tibladin.dk\/","logo":{"@type":"ImageObject","inLanguage":"nb-NO","@id":"https:\/\/tibladin.dk\/#\/schema\/logo\/image\/","url":"https:\/\/tibladin.dk\/wp-content\/uploads\/2022\/09\/tibladin_logo.svg","contentUrl":"https:\/\/tibladin.dk\/wp-content\/uploads\/2022\/09\/tibladin_logo.svg","caption":"Tibladin"},"image":{"@id":"https:\/\/tibladin.dk\/#\/schema\/logo\/image\/"}}]}},"_links":{"self":[{"href":"https:\/\/tibladin.dk\/nb\/wp-json\/wp\/v2\/product\/8852","targetHints":{"allow":["GET"]}}],"collection":[{"href":"https:\/\/tibladin.dk\/nb\/wp-json\/wp\/v2\/product"}],"about":[{"href":"https:\/\/tibladin.dk\/nb\/wp-json\/wp\/v2\/types\/product"}],"wp:featuredmedia":[{"embeddable":true,"href":"https:\/\/tibladin.dk\/nb\/wp-json\/wp\/v2\/media\/8857"}],"wp:attachment":[{"href":"https:\/\/tibladin.dk\/nb\/wp-json\/wp\/v2\/media?parent=8852"}],"wp:term":[{"taxonomy":"product_brand","embeddable":true,"href":"https:\/\/tibladin.dk\/nb\/wp-json\/wp\/v2\/product_brand?post=8852"},{"taxonomy":"product_cat","embeddable":true,"href":"https:\/\/tibladin.dk\/nb\/wp-json\/wp\/v2\/product_cat?post=8852"},{"taxonomy":"product_tag","embeddable":true,"href":"https:\/\/tibladin.dk\/nb\/wp-json\/wp\/v2\/product_tag?post=8852"}],"curies":[{"name":"wp","href":"https:\/\/api.w.org\/{rel}","templated":true}]}}