{"id":9266,"date":"2026-04-10T05:46:16","date_gmt":"2026-04-10T03:46:16","guid":{"rendered":"https:\/\/tibladin.dk\/?post_type=product&#038;p=9266"},"modified":"2026-04-14T16:33:20","modified_gmt":"2026-04-14T14:33:20","slug":"gulvpute-puff-i-ullkaramell","status":"publish","type":"product","link":"https:\/\/tibladin.dk\/nb\/produkt\/gulvpude-puf-i-uld-caramel\/","title":{"rendered":"Gulvpute\/puff i ull \u2013 CARAMEL"},"content":{"rendered":"<div class=\"wpb-content-wrapper\"><div class=\"vc_row wpb_row vc_row-fluid\"><div class=\"wpb_column vc_column_container vc_col-sm-6\"><div class=\"vc_column-inner\"><div class=\"wpb_wrapper\"><h3 style=\"text-align: left\" class=\"vc_custom_heading vc_do_custom_heading\" >Vedlikehold<\/h3>\n\t<div class=\"wpb_text_column wpb_content_element\" >\n\t\t<div class=\"wpb_wrapper\">\n\t\t\t<p>Hvis du er s\u00e5 uheldig at du f\u00e5r en flekk p\u00e5 ullpuffen eller ullteppet, kan du begynne med \u00e5 st\u00f8vsuge flekken. Ull er naturlig omgitt av lanolin, som danner en beskyttende hinne p\u00e5 fibrene, noe som gj\u00f8r det vanskeligere for flekker \u00e5 trenge inn. Hvis dette ikke fjerner den, kan du ta en fuktig klut og duppe flekken, absolutt ikke gni. Hvis vi er s\u00e5 heldige \u00e5 f\u00e5 sn\u00f8 p\u00e5 en vinterdag, kan du legge ullpuffen eller ullteppet ut i den nysn\u00f8en. Dette er den mest effektive metoden for \u00e5 f\u00e5 det grundig rengjort.<\/p>\n\n\t\t<\/div>\n\t<\/div>\n<\/div><\/div><\/div><div class=\"wpb_column vc_column_container vc_col-sm-6\"><div class=\"vc_column-inner\"><div class=\"wpb_wrapper\"><h3 style=\"text-align: left\" class=\"vc_custom_heading vc_do_custom_heading\" >Gulvputer\/puffer laget av Azilal-tepper<\/h3>\n\t<div class=\"wpb_text_column wpb_content_element\" >\n\t\t<div class=\"wpb_wrapper\">\n\t\t\t<p>Vi har mottatt mange gulvputer\/ullpuffer i forskjellige farger og m\u00f8nstre. Disse gulvputene er h\u00e5ndsydde av ekte vintage Azilal-tepper, og det er derfor alle gulvputene er forskjellige. Teppene kommer fra Azilal-regionen i de marokkanske fjellene \u00f8st for Marrakech, hvor det vanligvis er kvinnenes jobb \u00e5 veve teppene for h\u00e5nd. Opprinnelig hadde ikke de lokale berberkvinnene et skriftspr\u00e5k, og derfor vevde de historier inn i teppene, og det er derfor hvert teppe er unikt. Azilal-tepper er laget av 100%-ull \u2013 noen ganger kombinert med bomullstr\u00e5d.<\/p>\n<p><a href=\"https:\/\/tibladin.dk\/nb\/produktkategori-2\/interioer\/moebler\/poff\/\">Se hele v\u00e5rt utvalg av gulvputer laget av resirkulerte Azilal- og Beni Ouarain-tepper her.<\/a><\/p>\n<p><b>Fyll puffen din<\/b><br \/>\nDet beste du kan gj\u00f8re er \u00e5 fylle puffen med en stor, fast pute \u2013 helst 90\u00d790 cm, som fyller hele puten godt. Du kan enkelt bruke ting du allerede har, dyner, puter, tepper eller tettkr\u00f8llet avispapir. Du kan ogs\u00e5 kj\u00f8pe skumgranulat eller bomullsfyll til puffen. Hvis du bruker denne typen fyll, anbefaler vi at du syr et innertrekk eller tar et gammelt dynetrekk og legger fyllet i det f\u00f8r du legger det i puffen.<\/p>\n<p>Ved kj\u00f8p sender vi den med en monteringspute p\u00e5 90\u00d790 cm.<\/p>\n\n\t\t<\/div>\n\t<\/div>\n<\/div><\/div><\/div><\/div>\n<\/div>","protected":false},"excerpt":{"rendered":"<p class=\"p1\"><span class=\"s1\">Vakker firkantet marokkansk gulvpute\/puff laget av vintage Azilal-tepper, h\u00e5ndsydd av kvalitetsull. Deilig karamellfarget puff med varme r\u00f8dlige undertoner, som gir et virkelig vakkert lysspill i puffen.<\/span><\/p>\n<p class=\"p1\">Det finnes bare ett eksemplar av denne puffen \u2013 h\u00e5ndsydd fra vintage Azilal-tepper i Atlasfjellene av dyktige og fingernemme berberfolk.<\/p>\n<p>Teppebunn \u2013 med glidel\u00e5ser p\u00e5 to tilst\u00f8tende sider, slik at du enkelt kan fylle den. Hvis du \u00f8nsker at vi skal fylle den med Tibladin-fyll, sender vi den med en stor 90\u00d790 monteringspute, som gj\u00f8r gulvputen din myk og god \u00e5 sitte p\u00e5.<\/p>\n<p>M\u00e5ler 60 x 60 x 20<\/p>\n<p class=\"p1\"><span class=\"s1\">Legg til denne unike puffen i interi\u00f8ret ditt og se hvordan den sprer kos og varme og tilf\u00f8rer et marokkansk preg. Gulvputen passer perfekt inn i ethvert rom. B\u00e5de i stuen ved sofagruppen og p\u00e5 soverommet, s\u00e5 vel som p\u00e5 barnerom. Se hvordan du n\u00e5 vil oppta gulvet som ekstra plass. Den vinner over sofaen :-)<br \/>\n<\/span><\/p>","protected":false},"featured_media":9271,"template":"","meta":{"inline_featured_image":false},"product_brand":[],"product_cat":[101,39],"product_tag":[],"class_list":{"0":"post-9266","1":"product","2":"type-product","3":"status-publish","4":"has-post-thumbnail","6":"product_cat-gulvpuder-uldpufs","7":"product_cat-moebler","9":"first","10":"instock","11":"taxable","12":"shipping-taxable","13":"purchasable","14":"product-type-simple"},"exclude_global_add_ons":false,"addons":[{"name":"F\u00e5 puffen levert med et stort monteringsputefyll","type":"checkbox","position":0,"required":false,"title_format":"label","default":"","description_enable":true,"description":"Fylt med en stor monteringspute p\u00e5 90x90 cm, som fyller puffen godt og gj\u00f8r den myk og behagelig \u00e5 sitte p\u00e5. Gj\u00f8r det enkelt \u00e5 ta av trekket og rengj\u00f8re det.","placeholder_enable":false,"placeholder":"","display":"images","restrictions_type":"any_text","adjust_price":false,"price":"","price_type":"flat_fee","restrictions":false,"min":"0","max":"0","options":[{"label":"Ja tak","price":"300","price_type":"quantity_based","image":11028,"visibility":true}],"id":1672424044}],"yoast_head":"<!-- This site is optimized with the Yoast SEO plugin v27.5 - https:\/\/yoast.com\/product\/yoast-seo-wordpress\/ -->\n<title>Unik marokkansk gulvpude | H\u00e5ndsyet af vintage azilal-t\u00e6pper<\/title>\n<meta name=\"description\" content=\"Marokkansk gulvpude i smukke nuancer, som pryder din indretning. H\u00e5ndsyet af vintage azilal-t\u00e6pper i atlasbjergene i Marrakech.\" \/>\n<meta name=\"robots\" content=\"index, follow, max-snippet:-1, max-image-preview:large, max-video-preview:-1\" \/>\n<link rel=\"canonical\" href=\"https:\/\/tibladin.dk\/nb\/produkt\/gulvpute-puff-i-ullkaramell\/\" \/>\n<meta property=\"og:locale\" content=\"nb_NO\" \/>\n<meta property=\"og:type\" content=\"article\" \/>\n<meta property=\"og:title\" content=\"Unik marokkansk gulvpude | H\u00e5ndsyet af vintage azilal-t\u00e6pper\" \/>\n<meta property=\"og:description\" content=\"Marokkansk gulvpude i smukke nuancer, som pryder din indretning. H\u00e5ndsyet af vintage azilal-t\u00e6pper i atlasbjergene i Marrakech.\" \/>\n<meta property=\"og:url\" content=\"https:\/\/tibladin.dk\/nb\/produkt\/gulvpute-puff-i-ullkaramell\/\" \/>\n<meta property=\"og:site_name\" content=\"Tibladin\" \/>\n<meta property=\"article:modified_time\" content=\"2026-04-14T14:33:20+00:00\" \/>\n<meta property=\"og:image\" content=\"https:\/\/tibladin.dk\/wp-content\/uploads\/2023\/11\/Marokkansk-gulvpude_CARAMEL_side2.jpg\" \/>\n\t<meta property=\"og:image:width\" content=\"800\" \/>\n\t<meta property=\"og:image:height\" content=\"800\" \/>\n\t<meta property=\"og:image:type\" content=\"image\/jpeg\" \/>\n<meta name=\"twitter:card\" content=\"summary_large_image\" \/>\n<meta name=\"twitter:label1\" content=\"Ansl. lesetid\" \/>\n\t<meta name=\"twitter:data1\" content=\"3 minutter\" \/>\n<script type=\"application\/ld+json\" class=\"yoast-schema-graph\">{\"@context\":\"https:\\\/\\\/schema.org\",\"@graph\":[{\"@type\":\"WebPage\",\"@id\":\"https:\\\/\\\/tibladin.dk\\\/produkt\\\/gulvpude-puf-i-uld-caramel\\\/\",\"url\":\"https:\\\/\\\/tibladin.dk\\\/produkt\\\/gulvpude-puf-i-uld-caramel\\\/\",\"name\":\"Unik marokkansk gulvpude | H\u00e5ndsyet af vintage azilal-t\u00e6pper\",\"isPartOf\":{\"@id\":\"https:\\\/\\\/tibladin.dk\\\/#website\"},\"primaryImageOfPage\":{\"@id\":\"https:\\\/\\\/tibladin.dk\\\/produkt\\\/gulvpude-puf-i-uld-caramel\\\/#primaryimage\"},\"image\":{\"@id\":\"https:\\\/\\\/tibladin.dk\\\/produkt\\\/gulvpude-puf-i-uld-caramel\\\/#primaryimage\"},\"thumbnailUrl\":\"https:\\\/\\\/tibladin.dk\\\/wp-content\\\/uploads\\\/2023\\\/11\\\/Marokkansk-gulvpude_CARAMEL_side2.jpg\",\"datePublished\":\"2026-04-10T03:46:16+00:00\",\"dateModified\":\"2026-04-14T14:33:20+00:00\",\"description\":\"Marokkansk gulvpude i smukke nuancer, som pryder din indretning. H\u00e5ndsyet af vintage azilal-t\u00e6pper i atlasbjergene i Marrakech.\",\"breadcrumb\":{\"@id\":\"https:\\\/\\\/tibladin.dk\\\/produkt\\\/gulvpude-puf-i-uld-caramel\\\/#breadcrumb\"},\"inLanguage\":\"nb-NO\",\"potentialAction\":[{\"@type\":\"ReadAction\",\"target\":[\"https:\\\/\\\/tibladin.dk\\\/produkt\\\/gulvpude-puf-i-uld-caramel\\\/\"]}]},{\"@type\":\"ImageObject\",\"inLanguage\":\"nb-NO\",\"@id\":\"https:\\\/\\\/tibladin.dk\\\/produkt\\\/gulvpude-puf-i-uld-caramel\\\/#primaryimage\",\"url\":\"https:\\\/\\\/tibladin.dk\\\/wp-content\\\/uploads\\\/2023\\\/11\\\/Marokkansk-gulvpude_CARAMEL_side2.jpg\",\"contentUrl\":\"https:\\\/\\\/tibladin.dk\\\/wp-content\\\/uploads\\\/2023\\\/11\\\/Marokkansk-gulvpude_CARAMEL_side2.jpg\",\"width\":800,\"height\":800,\"caption\":\"Marokkansk gulvpude_CARAMEL\"},{\"@type\":\"BreadcrumbList\",\"@id\":\"https:\\\/\\\/tibladin.dk\\\/produkt\\\/gulvpude-puf-i-uld-caramel\\\/#breadcrumb\",\"itemListElement\":[{\"@type\":\"ListItem\",\"position\":1,\"name\":\"Hjem\",\"item\":\"https:\\\/\\\/tibladin.dk\\\/\"},{\"@type\":\"ListItem\",\"position\":2,\"name\":\"Shop\",\"item\":\"https:\\\/\\\/tibladin.dk\\\/shop\\\/\"},{\"@type\":\"ListItem\",\"position\":3,\"name\":\"Gulvpude\\\/puf i uld &#8211; CARAMEL\"}]},{\"@type\":\"WebSite\",\"@id\":\"https:\\\/\\\/tibladin.dk\\\/#website\",\"url\":\"https:\\\/\\\/tibladin.dk\\\/\",\"name\":\"Tibladin\",\"description\":\"Tibladin\",\"publisher\":{\"@id\":\"https:\\\/\\\/tibladin.dk\\\/#organization\"},\"potentialAction\":[{\"@type\":\"SearchAction\",\"target\":{\"@type\":\"EntryPoint\",\"urlTemplate\":\"https:\\\/\\\/tibladin.dk\\\/?s={search_term_string}\"},\"query-input\":{\"@type\":\"PropertyValueSpecification\",\"valueRequired\":true,\"valueName\":\"search_term_string\"}}],\"inLanguage\":\"nb-NO\"},{\"@type\":\"Organization\",\"@id\":\"https:\\\/\\\/tibladin.dk\\\/#organization\",\"name\":\"Tibladin\",\"url\":\"https:\\\/\\\/tibladin.dk\\\/\",\"logo\":{\"@type\":\"ImageObject\",\"inLanguage\":\"nb-NO\",\"@id\":\"https:\\\/\\\/tibladin.dk\\\/#\\\/schema\\\/logo\\\/image\\\/\",\"url\":\"https:\\\/\\\/tibladin.dk\\\/wp-content\\\/uploads\\\/2022\\\/09\\\/tibladin_logo.svg\",\"contentUrl\":\"https:\\\/\\\/tibladin.dk\\\/wp-content\\\/uploads\\\/2022\\\/09\\\/tibladin_logo.svg\",\"caption\":\"Tibladin\"},\"image\":{\"@id\":\"https:\\\/\\\/tibladin.dk\\\/#\\\/schema\\\/logo\\\/image\\\/\"}}]}<\/script>\n<!-- \/ Yoast SEO plugin. -->","yoast_head_json":{"title":"Unik marokkansk gulvpute | H\u00e5ndsydd fra vintage azilal-tepper","description":"Marokkansk gulvpute i vakre fargetoner som pryder interi\u00f8ret ditt. H\u00e5ndsydd fra vintage Azilal-tepper i Atlasfjellene i Marrakech.","robots":{"index":"index","follow":"follow","max-snippet":"max-snippet:-1","max-image-preview":"max-image-preview:large","max-video-preview":"max-video-preview:-1"},"canonical":"https:\/\/tibladin.dk\/nb\/produkt\/gulvpute-puff-i-ullkaramell\/","og_locale":"nb_NO","og_type":"article","og_title":"Unik marokkansk gulvpude | H\u00e5ndsyet af vintage azilal-t\u00e6pper","og_description":"Marokkansk gulvpude i smukke nuancer, som pryder din indretning. H\u00e5ndsyet af vintage azilal-t\u00e6pper i atlasbjergene i Marrakech.","og_url":"https:\/\/tibladin.dk\/nb\/produkt\/gulvpute-puff-i-ullkaramell\/","og_site_name":"Tibladin","article_modified_time":"2026-04-14T14:33:20+00:00","og_image":[{"width":800,"height":800,"url":"https:\/\/tibladin.dk\/wp-content\/uploads\/2023\/11\/Marokkansk-gulvpude_CARAMEL_side2.jpg","type":"image\/jpeg"}],"twitter_card":"summary_large_image","twitter_misc":{"Ansl. lesetid":"3 minutter"},"schema":{"@context":"https:\/\/schema.org","@graph":[{"@type":"WebPage","@id":"https:\/\/tibladin.dk\/produkt\/gulvpude-puf-i-uld-caramel\/","url":"https:\/\/tibladin.dk\/produkt\/gulvpude-puf-i-uld-caramel\/","name":"Unik marokkansk gulvpute | H\u00e5ndsydd fra vintage azilal-tepper","isPartOf":{"@id":"https:\/\/tibladin.dk\/#website"},"primaryImageOfPage":{"@id":"https:\/\/tibladin.dk\/produkt\/gulvpude-puf-i-uld-caramel\/#primaryimage"},"image":{"@id":"https:\/\/tibladin.dk\/produkt\/gulvpude-puf-i-uld-caramel\/#primaryimage"},"thumbnailUrl":"https:\/\/tibladin.dk\/wp-content\/uploads\/2023\/11\/Marokkansk-gulvpude_CARAMEL_side2.jpg","datePublished":"2026-04-10T03:46:16+00:00","dateModified":"2026-04-14T14:33:20+00:00","description":"Marokkansk gulvpute i vakre fargetoner som pryder interi\u00f8ret ditt. H\u00e5ndsydd fra vintage Azilal-tepper i Atlasfjellene i Marrakech.","breadcrumb":{"@id":"https:\/\/tibladin.dk\/produkt\/gulvpude-puf-i-uld-caramel\/#breadcrumb"},"inLanguage":"nb-NO","potentialAction":[{"@type":"ReadAction","target":["https:\/\/tibladin.dk\/produkt\/gulvpude-puf-i-uld-caramel\/"]}]},{"@type":"ImageObject","inLanguage":"nb-NO","@id":"https:\/\/tibladin.dk\/produkt\/gulvpude-puf-i-uld-caramel\/#primaryimage","url":"https:\/\/tibladin.dk\/wp-content\/uploads\/2023\/11\/Marokkansk-gulvpude_CARAMEL_side2.jpg","contentUrl":"https:\/\/tibladin.dk\/wp-content\/uploads\/2023\/11\/Marokkansk-gulvpude_CARAMEL_side2.jpg","width":800,"height":800,"caption":"Marokkansk gulvpude_CARAMEL"},{"@type":"BreadcrumbList","@id":"https:\/\/tibladin.dk\/produkt\/gulvpude-puf-i-uld-caramel\/#breadcrumb","itemListElement":[{"@type":"ListItem","position":1,"name":"Hjem","item":"https:\/\/tibladin.dk\/"},{"@type":"ListItem","position":2,"name":"Shop","item":"https:\/\/tibladin.dk\/shop\/"},{"@type":"ListItem","position":3,"name":"Gulvpude\/puf i uld &#8211; CARAMEL"}]},{"@type":"WebSite","@id":"https:\/\/tibladin.dk\/#website","url":"https:\/\/tibladin.dk\/","name":"Tibladin","description":"Tibladin","publisher":{"@id":"https:\/\/tibladin.dk\/#organization"},"potentialAction":[{"@type":"SearchAction","target":{"@type":"EntryPoint","urlTemplate":"https:\/\/tibladin.dk\/?s={search_term_string}"},"query-input":{"@type":"PropertyValueSpecification","valueRequired":true,"valueName":"search_term_string"}}],"inLanguage":"nb-NO"},{"@type":"Organization","@id":"https:\/\/tibladin.dk\/#organization","name":"Tibladin","url":"https:\/\/tibladin.dk\/","logo":{"@type":"ImageObject","inLanguage":"nb-NO","@id":"https:\/\/tibladin.dk\/#\/schema\/logo\/image\/","url":"https:\/\/tibladin.dk\/wp-content\/uploads\/2022\/09\/tibladin_logo.svg","contentUrl":"https:\/\/tibladin.dk\/wp-content\/uploads\/2022\/09\/tibladin_logo.svg","caption":"Tibladin"},"image":{"@id":"https:\/\/tibladin.dk\/#\/schema\/logo\/image\/"}}]}},"_links":{"self":[{"href":"https:\/\/tibladin.dk\/nb\/wp-json\/wp\/v2\/product\/9266","targetHints":{"allow":["GET"]}}],"collection":[{"href":"https:\/\/tibladin.dk\/nb\/wp-json\/wp\/v2\/product"}],"about":[{"href":"https:\/\/tibladin.dk\/nb\/wp-json\/wp\/v2\/types\/product"}],"wp:featuredmedia":[{"embeddable":true,"href":"https:\/\/tibladin.dk\/nb\/wp-json\/wp\/v2\/media\/9271"}],"wp:attachment":[{"href":"https:\/\/tibladin.dk\/nb\/wp-json\/wp\/v2\/media?parent=9266"}],"wp:term":[{"taxonomy":"product_brand","embeddable":true,"href":"https:\/\/tibladin.dk\/nb\/wp-json\/wp\/v2\/product_brand?post=9266"},{"taxonomy":"product_cat","embeddable":true,"href":"https:\/\/tibladin.dk\/nb\/wp-json\/wp\/v2\/product_cat?post=9266"},{"taxonomy":"product_tag","embeddable":true,"href":"https:\/\/tibladin.dk\/nb\/wp-json\/wp\/v2\/product_tag?post=9266"}],"curies":[{"name":"wp","href":"https:\/\/api.w.org\/{rel}","templated":true}]}}