{"id":11438,"date":"2024-03-06T16:16:50","date_gmt":"2024-03-06T15:16:50","guid":{"rendered":"https:\/\/tibladin.dk\/?page_id=11438"},"modified":"2025-10-10T11:57:36","modified_gmt":"2025-10-10T09:57:36","slug":"herroepingsrecht","status":"publish","type":"page","link":"https:\/\/tibladin.dk\/nl\/fortrydelsesret\/","title":{"rendered":"Herroepingsrecht"},"content":{"rendered":"<div class=\"wpb-content-wrapper\"><div class=\"vc_row wpb_row vc_row-fluid\"><div class=\"wpb_column vc_column_container vc_col-sm-12\"><div class=\"vc_column-inner\"><div class=\"wpb_wrapper\">\n\t<div class=\"wpb_text_column wpb_content_element\" >\n\t\t<div class=\"wpb_wrapper\">\n\t\t\t<h3>Als u spijt heeft van uw aankoop (herroepingsrecht)<\/h3>\n<p>Wanneer u bij Tibladin winkelt, heeft u 14 dagen volledig herroepingsrecht.<br \/>\nDe herroepingstermijn verstrijkt 14 dagen na de dag waarop u:<\/p>\n<ul>\n<li>hebben uw artikel ontvangen<\/li>\n<li>neemt fysiek bezit van het laatste artikel in geval van een overeenkomst voor meerdere verschillende artikelen die in \u00e9\u00e9n bestelling zijn besteld en afzonderlijk worden geleverd<\/li>\n<li>de laatste partij of het laatste onderdeel fysiek in bezit krijgt bij een overeenkomst voor de levering van een product bestaande uit meerdere partijen of onderdelen<\/li>\n<\/ul>\n<p>U dient Tibladin binnen 14 dagen na ontvangst op de hoogte te stellen dat u uw aankoop wilt annuleren.<\/p>\n<p>De melding kunt u per e-mail doorgeven aan\u00a0<a href=\"mailto:info@tibladin.dk\">info@tibladin.dk, <\/a>U kunt ook gebruik maken van het standaard herroepingsformulier, dat u onderaan de handelsvoorwaarden vindt.<\/p>\n<p>In uw bericht moet u duidelijk aangeven waarom u uw goederen wilt retourneren.<\/p>\n<p>U kunt dit niet ongedaan maken door simpelweg te weigeren het artikel te ontvangen zonder Tibladin hiervan duidelijk op de hoogte te stellen.<\/p>\n<p><b>Annulering van een deel van de aankoop<br \/>\n<\/b>Als u meerdere artikelen bij ons heeft gekocht, heeft u de mogelijkheid om \u00e9\u00e9n of meerdere artikelen te retourneren, ook als deze in \u00e9\u00e9n bestelling zijn gekocht.<br \/>\nHoud er rekening mee dat u de verzendkosten niet terugkrijgt als u spijt heeft van een deel van uw aankoop.<\/p>\n<p>&nbsp;<\/p>\n<h3>Opbrengst<\/h3>\n<p>U moet uw bestelling zonder onnodige vertraging en uiterlijk 14 dagen nadat u Tibladin op de hoogte heeft gesteld dat u uw aankoop wilt annuleren, naar ons terugsturen. De directe kosten in verband met het retourneren van het artikel zijn voor uw rekening.<br \/>\nBij het retourneren bent u er zelf verantwoordelijk voor dat het artikel goed verpakt is.<br \/>\nU draagt het risico voor de goederen vanaf het moment van levering van de goederen.<\/p>\n<p><strong>Goederen uitgesloten van het herroepingsrecht<br \/>\n<\/strong>Levering van goederen die volgens specificaties van de consument zijn vervaardigd of een duidelijk persoonlijk tintje hebben gekregen.<\/p>\n<p><strong>De staat van het artikel op het moment dat u het terugstuurt<br \/>\n<\/strong>U bent aansprakelijk voor elke waardevermindering van de goederen die het gevolg is van een andere behandeling dan nodig is om de aard, de kenmerken en de manier van functioneren van de goederen vast te stellen. Met andere woorden, u kunt het product op dezelfde manier uitproberen alsof u het in een fysieke winkel zou proberen.<br \/>\nAls het artikel op een andere manier is gepast dan hierboven beschreven, beschouwen wij het als gebruikt, wat betekent dat als u de aankoop annuleert, u slechts een deel of niets van het aankoopbedrag terugkrijgt, afhankelijk van de commerci\u00eble status van het artikel. waarde.<br \/>\nOm het volledige aankoopbedrag terug te ontvangen, moet je dus hetzelfde doen als in een fysieke winkel. U mag het product testen, maar niet daadwerkelijk gebruiken.<\/p>\n<p>Wij raden u aan het artikel in de originele verpakking terug te sturen.<br \/>\nAls de originele verpakking ontbreekt, kan dit leiden tot waardevermindering van het artikel.<\/p>\n<p><strong>Terugbetaling van het aankoopbedrag<br \/>\n<\/strong>Mocht u spijt hebben van uw aankoop, dan krijgt u uiteraard het door u betaalde bedrag terug. Bij waardevermindering waarvoor u aansprakelijk bent, wordt deze van het aankoopbedrag afgetrokken.<br \/>\nIndien u gebruik maakt van uw herroepingsrecht, zal Tibladin alle van u ontvangen betalingen terugbetalen, inclusief bezorgkosten (maar niet extra kosten als gevolg van uw eigen keuze voor een andere wijze van levering dan de goedkoopste vorm van standaard levering)<\/p>\n<p>De betaling wordt zonder onnodige vertraging terugbetaald en in ieder geval niet later dan 14 dagen vanaf de datum waarop Tibladin de kennisgeving heeft ontvangen van uw besluit om deze overeenkomst te herroepen. Een dergelijke terugbetaling gebeurt met hetzelfde betaalmiddel dat je voor de oorspronkelijke transactie hebt gebruikt, tenzij je uitdrukkelijk met iets anders hebt ingestemd.<br \/>\nDe terugbetaling kan worden ingehouden totdat Tibladin het artikel terug heeft ontvangen, tenzij u documentatie heeft verstrekt waaruit blijkt dat u het artikel v\u00f3\u00f3r die tijd heeft geretourneerd.<\/p>\n<p><strong>Als u spijt heeft van de aankoop, moet het artikel worden verzonden naar:<br \/>\n<\/strong>Tibladin<br \/>\nSkt. Knuds Torv 23<br \/>\n8000 Aarhus C<\/p>\n<p>Moet naar een bedrijfsadres worden verzonden en niet naar een pakketshop.<\/p>\n<p><strong>Wat moet ik terugsturen?<br \/>\n<\/strong>Voeg een kopie van de orderbevestiging toe. Opmerking! Tibladin ontvangt geen doorgestuurde pakketten contant bij levering.<\/p>\n<div id=\"primary\" class=\"content-area\">\n<div id=\"post-3629\" class=\"post-3629 page type-page status-publish hentry\">\n<div class=\"entry-content\">\n<p><strong><span class=\"s26\">Standaard herroepingsformulier<\/span><\/strong><\/p>\n<p><span class=\"s27\">(Dit formulier wordt alleen ingevuld en teruggestuurd als het herroepingsrecht wordt uitgeoefend)<\/span><\/p>\n<p><span class=\"s27\">Naar:<\/span><\/p>\n<p><span class=\"s27\">Tibladin<\/span><\/p>\n<p><span class=\"s27\">Skt. Knuds Torv 23<\/span><\/p>\n<p><span class=\"s27\">8000 Aarhus C<\/span><\/p>\n<p><span class=\"s27\">e-mail: info@tibladin.dk<\/span><\/p>\n<p>&nbsp;<\/p>\n<p><span class=\"s27\">Hierbij kondig ik aan dat ik gebruik wil maken van het herroepingsrecht in verband met mijn koopovereenkomst voor de volgende goederen\/diensten:<\/span><\/p>\n<p><span class=\"s27\">__________________________________________________________________________________<\/span><\/p>\n<p>Op bestelnummer<\/p>\n<p><span class=\"s27\">_______________________________<\/span><\/p>\n<p>&nbsp;<\/p>\n<p><span class=\"s27\">Besteld: _______________________________ Ontvangen: _______________________________<\/span><\/p>\n<p>&nbsp;<\/p>\n<p><span class=\"s27\">Naam consument: ________________________________________________________________________________________________<\/span><\/p>\n<p>&nbsp;<\/p>\n<p><span class=\"s27\">Adres van de consument: ________________________________________________________________________________<\/span><\/p>\n<p>&nbsp;<\/p>\n<p><span class=\"s27\">Handtekening van de consument: _________________________________________ Datum: _________________<\/span><\/p>\n<p><span class=\"s28\">(alleen als de inhoud van het formulier op papier wordt meegedeeld)<\/span><\/p>\n<p>&nbsp;<\/p>\n<p class=\"s29\"><span class=\"s20\">De voorwaarden zijn voor het laatst bijgewerkt <\/span><span class=\"s20\">op 24.10.2022<\/span><\/p>\n<p>&nbsp;<\/p>\n<\/div>\n<\/div>\n<p>&nbsp;<\/p>\n<\/div>\n\n\t\t<\/div>\n\t<\/div>\n<\/div><\/div><\/div><\/div>\n<\/div>","protected":false},"excerpt":{"rendered":"Hvis du fortryder dit k\u00f8b (fortrydelsesret) Du har 14 dages fuld fortrydelsesret, n\u00e5r du handler hos Tibladin. Fortrydelsesfristen udl\u00f8ber 14 dage efter den dag, du: har modtaget din vare f\u00e5r den sidste vare i fysisk besiddelse, n\u00e5r det drejer sig om en aftale om flere forskellige varer, som er bestilt i \u00e9n ordre, og som [...]","protected":false},"author":2,"featured_media":0,"parent":0,"menu_order":0,"comment_status":"closed","ping_status":"closed","template":"","meta":{"inline_featured_image":false,"footnotes":""},"class_list":["post-11438","page","type-page","status-publish","hentry"],"yoast_head":"<!-- This site is optimized with the Yoast SEO plugin v27.4 - https:\/\/yoast.com\/product\/yoast-seo-wordpress\/ -->\n<title>Fortrydelsesret | Hos Tibladin har de 14 dages fortrydelsesret<\/title>\n<meta name=\"description\" content=\"Fortryder du dit k\u00f8b? Ingen problem, du har 14 dages fortrydelsesret p\u00e5 dit k\u00f8b | L\u00e6s hvordan du skal forholde dig hvis du fortryder dit k\u00f8b.\" \/>\n<meta name=\"robots\" content=\"index, follow, max-snippet:-1, max-image-preview:large, max-video-preview:-1\" \/>\n<link rel=\"canonical\" href=\"https:\/\/tibladin.dk\/nl\/herroepingsrecht\/\" \/>\n<meta property=\"og:locale\" content=\"nl_NL\" \/>\n<meta property=\"og:type\" content=\"article\" \/>\n<meta property=\"og:title\" content=\"Fortrydelsesret | Hos Tibladin har de 14 dages fortrydelsesret\" \/>\n<meta property=\"og:description\" content=\"Fortryder du dit k\u00f8b? Ingen problem, du har 14 dages fortrydelsesret p\u00e5 dit k\u00f8b | L\u00e6s hvordan du skal forholde dig hvis du fortryder dit k\u00f8b.\" \/>\n<meta property=\"og:url\" content=\"https:\/\/tibladin.dk\/nl\/herroepingsrecht\/\" \/>\n<meta property=\"og:site_name\" content=\"Tibladin\" \/>\n<meta property=\"article:modified_time\" content=\"2025-10-10T09:57:36+00:00\" \/>\n<meta name=\"twitter:card\" content=\"summary_large_image\" \/>\n<meta name=\"twitter:label1\" content=\"Geschatte leestijd\" \/>\n\t<meta name=\"twitter:data1\" content=\"4 minuten\" \/>\n<script type=\"application\/ld+json\" class=\"yoast-schema-graph\">{\"@context\":\"https:\\\/\\\/schema.org\",\"@graph\":[{\"@type\":\"WebPage\",\"@id\":\"https:\\\/\\\/tibladin.dk\\\/fortrydelsesret\\\/\",\"url\":\"https:\\\/\\\/tibladin.dk\\\/fortrydelsesret\\\/\",\"name\":\"Fortrydelsesret | Hos Tibladin har de 14 dages fortrydelsesret\",\"isPartOf\":{\"@id\":\"https:\\\/\\\/tibladin.dk\\\/#website\"},\"datePublished\":\"2024-03-06T15:16:50+00:00\",\"dateModified\":\"2025-10-10T09:57:36+00:00\",\"description\":\"Fortryder du dit k\u00f8b? Ingen problem, du har 14 dages fortrydelsesret p\u00e5 dit k\u00f8b | L\u00e6s hvordan du skal forholde dig hvis du fortryder dit k\u00f8b.\",\"breadcrumb\":{\"@id\":\"https:\\\/\\\/tibladin.dk\\\/fortrydelsesret\\\/#breadcrumb\"},\"inLanguage\":\"nl-NL\",\"potentialAction\":[{\"@type\":\"ReadAction\",\"target\":[\"https:\\\/\\\/tibladin.dk\\\/fortrydelsesret\\\/\"]}]},{\"@type\":\"BreadcrumbList\",\"@id\":\"https:\\\/\\\/tibladin.dk\\\/fortrydelsesret\\\/#breadcrumb\",\"itemListElement\":[{\"@type\":\"ListItem\",\"position\":1,\"name\":\"Hjem\",\"item\":\"https:\\\/\\\/tibladin.dk\\\/\"},{\"@type\":\"ListItem\",\"position\":2,\"name\":\"Fortrydelsesret\"}]},{\"@type\":\"WebSite\",\"@id\":\"https:\\\/\\\/tibladin.dk\\\/#website\",\"url\":\"https:\\\/\\\/tibladin.dk\\\/\",\"name\":\"Tibladin\",\"description\":\"Tibladin\",\"publisher\":{\"@id\":\"https:\\\/\\\/tibladin.dk\\\/#organization\"},\"potentialAction\":[{\"@type\":\"SearchAction\",\"target\":{\"@type\":\"EntryPoint\",\"urlTemplate\":\"https:\\\/\\\/tibladin.dk\\\/?s={search_term_string}\"},\"query-input\":{\"@type\":\"PropertyValueSpecification\",\"valueRequired\":true,\"valueName\":\"search_term_string\"}}],\"inLanguage\":\"nl-NL\"},{\"@type\":\"Organization\",\"@id\":\"https:\\\/\\\/tibladin.dk\\\/#organization\",\"name\":\"Tibladin\",\"url\":\"https:\\\/\\\/tibladin.dk\\\/\",\"logo\":{\"@type\":\"ImageObject\",\"inLanguage\":\"nl-NL\",\"@id\":\"https:\\\/\\\/tibladin.dk\\\/#\\\/schema\\\/logo\\\/image\\\/\",\"url\":\"https:\\\/\\\/tibladin.dk\\\/wp-content\\\/uploads\\\/2022\\\/09\\\/tibladin_logo.svg\",\"contentUrl\":\"https:\\\/\\\/tibladin.dk\\\/wp-content\\\/uploads\\\/2022\\\/09\\\/tibladin_logo.svg\",\"caption\":\"Tibladin\"},\"image\":{\"@id\":\"https:\\\/\\\/tibladin.dk\\\/#\\\/schema\\\/logo\\\/image\\\/\"}}]}<\/script>\n<!-- \/ Yoast SEO plugin. -->","yoast_head_json":{"title":"Herroepingsrecht | Bij Tibladin hebben ze een herroepingsrecht van 14 dagen","description":"Heeft u spijt van uw aankoop? Geen probleem, je hebt 14 dagen het recht om je aankoop te annuleren Lees wat u moet doen als u spijt heeft van uw aankoop.","robots":{"index":"index","follow":"follow","max-snippet":"max-snippet:-1","max-image-preview":"max-image-preview:large","max-video-preview":"max-video-preview:-1"},"canonical":"https:\/\/tibladin.dk\/nl\/herroepingsrecht\/","og_locale":"nl_NL","og_type":"article","og_title":"Fortrydelsesret | Hos Tibladin har de 14 dages fortrydelsesret","og_description":"Fortryder du dit k\u00f8b? Ingen problem, du har 14 dages fortrydelsesret p\u00e5 dit k\u00f8b | L\u00e6s hvordan du skal forholde dig hvis du fortryder dit k\u00f8b.","og_url":"https:\/\/tibladin.dk\/nl\/herroepingsrecht\/","og_site_name":"Tibladin","article_modified_time":"2025-10-10T09:57:36+00:00","twitter_card":"summary_large_image","twitter_misc":{"Geschatte leestijd":"4 minuten"},"schema":{"@context":"https:\/\/schema.org","@graph":[{"@type":"WebPage","@id":"https:\/\/tibladin.dk\/fortrydelsesret\/","url":"https:\/\/tibladin.dk\/fortrydelsesret\/","name":"Herroepingsrecht | Bij Tibladin hebben ze een herroepingsrecht van 14 dagen","isPartOf":{"@id":"https:\/\/tibladin.dk\/#website"},"datePublished":"2024-03-06T15:16:50+00:00","dateModified":"2025-10-10T09:57:36+00:00","description":"Heeft u spijt van uw aankoop? Geen probleem, je hebt 14 dagen het recht om je aankoop te annuleren Lees wat u moet doen als u spijt heeft van uw aankoop.","breadcrumb":{"@id":"https:\/\/tibladin.dk\/fortrydelsesret\/#breadcrumb"},"inLanguage":"nl-NL","potentialAction":[{"@type":"ReadAction","target":["https:\/\/tibladin.dk\/fortrydelsesret\/"]}]},{"@type":"BreadcrumbList","@id":"https:\/\/tibladin.dk\/fortrydelsesret\/#breadcrumb","itemListElement":[{"@type":"ListItem","position":1,"name":"Hjem","item":"https:\/\/tibladin.dk\/"},{"@type":"ListItem","position":2,"name":"Fortrydelsesret"}]},{"@type":"WebSite","@id":"https:\/\/tibladin.dk\/#website","url":"https:\/\/tibladin.dk\/","name":"Tibladin","description":"Tibladin","publisher":{"@id":"https:\/\/tibladin.dk\/#organization"},"potentialAction":[{"@type":"SearchAction","target":{"@type":"EntryPoint","urlTemplate":"https:\/\/tibladin.dk\/?s={search_term_string}"},"query-input":{"@type":"PropertyValueSpecification","valueRequired":true,"valueName":"search_term_string"}}],"inLanguage":"nl-NL"},{"@type":"Organization","@id":"https:\/\/tibladin.dk\/#organization","name":"Tibladin","url":"https:\/\/tibladin.dk\/","logo":{"@type":"ImageObject","inLanguage":"nl-NL","@id":"https:\/\/tibladin.dk\/#\/schema\/logo\/image\/","url":"https:\/\/tibladin.dk\/wp-content\/uploads\/2022\/09\/tibladin_logo.svg","contentUrl":"https:\/\/tibladin.dk\/wp-content\/uploads\/2022\/09\/tibladin_logo.svg","caption":"Tibladin"},"image":{"@id":"https:\/\/tibladin.dk\/#\/schema\/logo\/image\/"}}]}},"_links":{"self":[{"href":"https:\/\/tibladin.dk\/nl\/wp-json\/wp\/v2\/pages\/11438","targetHints":{"allow":["GET"]}}],"collection":[{"href":"https:\/\/tibladin.dk\/nl\/wp-json\/wp\/v2\/pages"}],"about":[{"href":"https:\/\/tibladin.dk\/nl\/wp-json\/wp\/v2\/types\/page"}],"author":[{"embeddable":true,"href":"https:\/\/tibladin.dk\/nl\/wp-json\/wp\/v2\/users\/2"}],"replies":[{"embeddable":true,"href":"https:\/\/tibladin.dk\/nl\/wp-json\/wp\/v2\/comments?post=11438"}],"version-history":[{"count":3,"href":"https:\/\/tibladin.dk\/nl\/wp-json\/wp\/v2\/pages\/11438\/revisions"}],"predecessor-version":[{"id":40509,"href":"https:\/\/tibladin.dk\/nl\/wp-json\/wp\/v2\/pages\/11438\/revisions\/40509"}],"wp:attachment":[{"href":"https:\/\/tibladin.dk\/nl\/wp-json\/wp\/v2\/media?parent=11438"}],"curies":[{"name":"wp","href":"https:\/\/api.w.org\/{rel}","templated":true}]}}