{"id":3,"date":"2022-09-09T09:18:35","date_gmt":"2022-09-09T09:18:35","guid":{"rendered":"https:\/\/tibladin2.sky663.dk\/?page_id=3"},"modified":"2026-01-12T20:56:24","modified_gmt":"2026-01-12T19:56:24","slug":"privacybeleid","status":"publish","type":"page","link":"https:\/\/tibladin.dk\/nl\/privatlivspolitik\/","title":{"rendered":"Privacybeleid"},"content":{"rendered":"<div class=\"wpb-content-wrapper\"><div class=\"vc_row wpb_row vc_row-fluid\"><div class=\"wpb_column vc_column_container vc_col-sm-12\"><div class=\"vc_column-inner\"><div class=\"wpb_wrapper\">\n\t<div class=\"wpb_text_column wpb_content_element\" >\n\t\t<div class=\"wpb_wrapper\">\n\t\t\t<p><strong>Gebruik van persoonlijke informatie:<br \/>\n<\/strong>Tibladin geeft geen persoonlijke informatie of andere informatie met betrekking tot de klantrelatie door aan derden.<\/p>\n<p><strong>Auteursrechten:<br \/>\n<\/strong>Alle afbeeldingen en teksten op Tibladin vallen onder het auteursrecht en mogen daarom niet zonder toestemming worden gekopieerd.<\/p>\n<p><strong>Koekjes<br \/>\n<\/strong>De website maakt gebruik van \u201ccookies\u201d, een tekstbestand dat op uw computer, mobiel of iets dergelijks wordt opgeslagen met als doel deze te herkennen, instellingen te onthouden, statistieken uit te voeren en advertenties te targeten. Cookies kunnen geen schadelijke code bevatten zoals virus.<\/p>\n<p><em>Wij bieden de betaalmethoden van Klarna aan.Wij sturen uw persoonlijke gegevens en bestelgegevens naar Klarna op de betaalpagina. Klarna gebruikt deze gegevens om te beslissen of je gebruik kunt maken van hun betaalmethoden en om de betaalmogelijkheden op jou af te stemmen. Uw gegevens worden verwerkt volgens <a href=\"https:\/\/www.pricerunner.dk\/info\/privacy\" target=\"_blank\" rel=\"noopener noreferrer\" data-saferedirecturl=\"https:\/\/www.google.com\/url?q=https:\/\/sales.klarna.com\/t\/105541\/c\/64716352-5328-4c6e-abb0-b409df9ef2c4\/NB2HI4DTHIXS653XO4XGW3DBOJXGCLTDN5WS62LOORSXE3TBORUW63TBNQXXA4TJOZQWG6JNOBXWY2LDPEXQ%3D%3D%3D%3D\/www-klarna-com-international-privacy-policy&amp;source=gmail&amp;ust=1695453429463000&amp;usg=AOvVaw2scYnEMBzeYutsMo38aW5p\">Klarna&#039;s eigen privacybeleid<\/a>.\u201d<\/em><\/p>\n<div id=\"ohio-custom-63442bf7c10c6\" class=\"ohio-text-sc\">\n<h3>Persoonlijke informatie<\/h3>\n<p><strong>In het algemeen<br \/>\n<\/strong>Persoonlijke gegevens zijn allerlei soorten gegevens die in een of andere mate aan u kunnen worden toegeschreven. Wanneer u tibladin.dk gebruikt, verzamelen en verwerken wij een aantal van dergelijke informatie. Dit gebeurt b.v. door generaal toegang tot inhoud als u zich aanmeldt voor onze nieuwsbrief of een aankoop doet in de webshop.<\/p>\n<p><strong>Beveiliging<br \/>\n<\/strong>Wij hebben technische en organisatorische maatregelen genomen om te voorkomen dat uw gegevens per ongeluk of illegaal worden verwijderd, gepubliceerd, verloren gaan, verslechteren of ter kennis komen van onbevoegden, misbruikt of anderszins worden verwerkt in strijd met de Verordening Persoonsgegevens.<\/p>\n<p>Uw gegevens staan op een Deens ISO-veiligheidsgecertificeerd webhotel en we hebben de site ook op de volgende manieren beveiligd:<\/p>\n<ul>\n<li>Operationele monitoring 24\/7<\/li>\n<li>Dagelijkse back-up die 30 dagen wordt bewaard<\/li>\n<li>Er wordt anti-hacksoftware op de website\/webshop geplaatst en de pagina wordt wekelijks gescand op schadelijke software<\/li>\n<li>De toegang tot de pagina en gegevens wordt gemonitord en de toegang wordt na 5 mislukte pogingen gesloten.<\/li>\n<li>Auditlogboek van wie\/wat\/wanneer er wijzigingen zijn aangebracht op de pagina<\/li>\n<li>Voortdurende updates van de software van de site om hackaanvallen te minimaliseren<\/li>\n<li>SSL-certificaat op de pagina geplaatst zodat deze https uitvoert<\/li>\n<\/ul>\n<p><strong>Periode van opslag<br \/>\n<\/strong>De informatie wordt bewaard gedurende de periode die wettelijk is toegestaan en wij verwijderen deze wanneer deze niet langer nodig is. De termijn is afhankelijk van de aard van de informatie en de achtergrond van opslag. Het is daarom niet mogelijk om een algemeen tijdsbestek op te geven voor het verwijderen van informatie.<\/p>\n<p><strong>Vrijgeven van informatie<br \/>\n<\/strong>Verspreiding van persoonsgegevens zoals naam en e-mail etc. vindt alleen plaats als u daar schriftelijk toestemming voor geeft. Wij maken alleen gebruik van gegevensverwerkers in de EU en hebben allemaal een gegevensverwerkersovereenkomst met hen.<\/p>\n<p><strong>Inzichten en klachten<br \/>\n<\/strong>U heeft het recht om ge\u00efnformeerd te worden over welke persoonsgegevens wij over u verwerken. Ook kunt u te allen tijde bezwaar maken tegen het gebruik van gegevens. Ook kunt u uw toestemming voor de verwerking van gegevens over u intrekken. Indien de over u verwerkte gegevens onjuist zijn, heeft u het recht om deze te laten corrigeren of verwijderen. Vragen hierover kunt u stellen aan: info@tibladin.dk. Als u een klacht wilt indienen over onze verwerking van uw persoonsgegevens, kunt u ook contact met ons opnemen <a href=\"https:\/\/www.datatilsynet.dk\/\" target=\"_blank\" rel=\"noopener noreferrer\">De Noorse gegevensbeschermingsautoriteit<\/a>.<\/p>\n<p><strong>Uitgever<br \/>\n<\/strong>De website is eigendom van en wordt uitgegeven door:<\/p>\n<p>Tibladin<br \/>\n<a href=\"https:\/\/www.google.dk\/maps\/place\/Tibladin\/@56.1033852,10.2051637,17z\/data=!3m1!4b1!4m5!3m4!1s0x464c41877375fc0f:0x2f5598dce0fcea1a!8m2!3d56.1033852!4d10.2073524\" target=\"_blank\" rel=\"noopener\">Siriusvej 5 A, 8270 H\u00f8jbjerg<\/a><br \/>\n<a href=\"mailto:info@tibladin.dk\">info@tibladin.dk<\/a><br \/>\n<a href=\"telefoon: 31405500\">+45 3140 5500<\/a><\/p>\n<p>CVR: 40875743<\/p>\n<\/div>\n<p><a href=\"https:\/\/reklamebeskyttelse.dk\" target=\"_blank\" rel=\"noopener\"><img loading=\"lazy\" decoding=\"async\" src=\"https:\/\/reklamebeskyttelse.dk\/wp-content\/uploads\/2018\/02\/reklamebeskyttelse-moerk.png\" alt=\"Reclamebescherming\" width=\"75\" height=\"75\" \/><\/a><\/p>\n\n\t\t<\/div>\n\t<\/div>\n<\/div><\/div><\/div><\/div>\n<\/div>","protected":false},"excerpt":{"rendered":"Brug af personlige oplysninger: Tibladin videregiver ikke personlige oplysninger eller andre oplysninger, der har med kundeforholdet at g\u00f8re, til tredjepart. Ophavsret: Alle billeder og tekster p\u00e5 Tibladin er underlagt lov om ophavsret, og m\u00e5 derfor ikke kopieres uden tilladelse. Cookies Websitet anvender \u201dcookies\u201d, der er en tekstfil, som gemmes p\u00e5 din computer, mobil eller tilsvarende [...]","protected":false},"author":1,"featured_media":0,"parent":0,"menu_order":0,"comment_status":"closed","ping_status":"closed","template":"","meta":{"inline_featured_image":false,"footnotes":""},"class_list":["post-3","page","type-page","status-publish","hentry"],"yoast_head":"<!-- This site is optimized with the Yoast SEO plugin v27.4 - https:\/\/yoast.com\/product\/yoast-seo-wordpress\/ -->\n<title>Privatlivspolitik | Tibladin<\/title>\n<meta name=\"description\" content=\"L\u00e6s om hvordan vi opbevarer og beskytter jeres data, n\u00e5r I har med Tibladin. Sikkerhed og beskyttelse af data er altid en prioritet for os\" \/>\n<meta name=\"robots\" content=\"index, follow, max-snippet:-1, max-image-preview:large, max-video-preview:-1\" \/>\n<link rel=\"canonical\" href=\"https:\/\/tibladin.dk\/nl\/privacybeleid\/\" \/>\n<meta property=\"og:locale\" content=\"nl_NL\" \/>\n<meta property=\"og:type\" content=\"article\" \/>\n<meta property=\"og:title\" content=\"Privatlivspolitik | Tibladin\" \/>\n<meta property=\"og:description\" content=\"L\u00e6s om hvordan vi opbevarer og beskytter jeres data, n\u00e5r I har med Tibladin. Sikkerhed og beskyttelse af data er altid en prioritet for os\" \/>\n<meta property=\"og:url\" content=\"https:\/\/tibladin.dk\/nl\/privacybeleid\/\" \/>\n<meta property=\"og:site_name\" content=\"Tibladin\" \/>\n<meta property=\"article:modified_time\" content=\"2026-01-12T19:56:24+00:00\" \/>\n<meta property=\"og:image\" content=\"https:\/\/reklamebeskyttelse.dk\/wp-content\/uploads\/2018\/02\/reklamebeskyttelse-moerk.png\" \/>\n<meta name=\"twitter:card\" content=\"summary_large_image\" \/>\n<meta name=\"twitter:label1\" content=\"Geschatte leestijd\" \/>\n\t<meta name=\"twitter:data1\" content=\"3 minuten\" \/>\n<script type=\"application\/ld+json\" class=\"yoast-schema-graph\">{\"@context\":\"https:\\\/\\\/schema.org\",\"@graph\":[{\"@type\":\"WebPage\",\"@id\":\"https:\\\/\\\/tibladin.dk\\\/privatlivspolitik\\\/\",\"url\":\"https:\\\/\\\/tibladin.dk\\\/privatlivspolitik\\\/\",\"name\":\"Privatlivspolitik | Tibladin\",\"isPartOf\":{\"@id\":\"https:\\\/\\\/tibladin.dk\\\/#website\"},\"primaryImageOfPage\":{\"@id\":\"https:\\\/\\\/tibladin.dk\\\/privatlivspolitik\\\/#primaryimage\"},\"image\":{\"@id\":\"https:\\\/\\\/tibladin.dk\\\/privatlivspolitik\\\/#primaryimage\"},\"thumbnailUrl\":\"https:\\\/\\\/reklamebeskyttelse.dk\\\/wp-content\\\/uploads\\\/2018\\\/02\\\/reklamebeskyttelse-moerk.png\",\"datePublished\":\"2022-09-09T09:18:35+00:00\",\"dateModified\":\"2026-01-12T19:56:24+00:00\",\"description\":\"L\u00e6s om hvordan vi opbevarer og beskytter jeres data, n\u00e5r I har med Tibladin. Sikkerhed og beskyttelse af data er altid en prioritet for os\",\"breadcrumb\":{\"@id\":\"https:\\\/\\\/tibladin.dk\\\/privatlivspolitik\\\/#breadcrumb\"},\"inLanguage\":\"nl-NL\",\"potentialAction\":[{\"@type\":\"ReadAction\",\"target\":[\"https:\\\/\\\/tibladin.dk\\\/privatlivspolitik\\\/\"]}]},{\"@type\":\"ImageObject\",\"inLanguage\":\"nl-NL\",\"@id\":\"https:\\\/\\\/tibladin.dk\\\/privatlivspolitik\\\/#primaryimage\",\"url\":\"https:\\\/\\\/reklamebeskyttelse.dk\\\/wp-content\\\/uploads\\\/2018\\\/02\\\/reklamebeskyttelse-moerk.png\",\"contentUrl\":\"https:\\\/\\\/reklamebeskyttelse.dk\\\/wp-content\\\/uploads\\\/2018\\\/02\\\/reklamebeskyttelse-moerk.png\"},{\"@type\":\"BreadcrumbList\",\"@id\":\"https:\\\/\\\/tibladin.dk\\\/privatlivspolitik\\\/#breadcrumb\",\"itemListElement\":[{\"@type\":\"ListItem\",\"position\":1,\"name\":\"Hjem\",\"item\":\"https:\\\/\\\/tibladin.dk\\\/\"},{\"@type\":\"ListItem\",\"position\":2,\"name\":\"Privatlivspolitik\"}]},{\"@type\":\"WebSite\",\"@id\":\"https:\\\/\\\/tibladin.dk\\\/#website\",\"url\":\"https:\\\/\\\/tibladin.dk\\\/\",\"name\":\"Tibladin\",\"description\":\"Tibladin\",\"publisher\":{\"@id\":\"https:\\\/\\\/tibladin.dk\\\/#organization\"},\"potentialAction\":[{\"@type\":\"SearchAction\",\"target\":{\"@type\":\"EntryPoint\",\"urlTemplate\":\"https:\\\/\\\/tibladin.dk\\\/?s={search_term_string}\"},\"query-input\":{\"@type\":\"PropertyValueSpecification\",\"valueRequired\":true,\"valueName\":\"search_term_string\"}}],\"inLanguage\":\"nl-NL\"},{\"@type\":\"Organization\",\"@id\":\"https:\\\/\\\/tibladin.dk\\\/#organization\",\"name\":\"Tibladin\",\"url\":\"https:\\\/\\\/tibladin.dk\\\/\",\"logo\":{\"@type\":\"ImageObject\",\"inLanguage\":\"nl-NL\",\"@id\":\"https:\\\/\\\/tibladin.dk\\\/#\\\/schema\\\/logo\\\/image\\\/\",\"url\":\"https:\\\/\\\/tibladin.dk\\\/wp-content\\\/uploads\\\/2022\\\/09\\\/tibladin_logo.svg\",\"contentUrl\":\"https:\\\/\\\/tibladin.dk\\\/wp-content\\\/uploads\\\/2022\\\/09\\\/tibladin_logo.svg\",\"caption\":\"Tibladin\"},\"image\":{\"@id\":\"https:\\\/\\\/tibladin.dk\\\/#\\\/schema\\\/logo\\\/image\\\/\"}}]}<\/script>\n<!-- \/ Yoast SEO plugin. -->","yoast_head_json":{"title":"Privacybeleid | Tibladin","description":"Lees meer over hoe wij uw gegevens opslaan en beschermen wanneer u Tibladin gebruikt. Beveiliging en bescherming van gegevens is voor ons altijd een prioriteit","robots":{"index":"index","follow":"follow","max-snippet":"max-snippet:-1","max-image-preview":"max-image-preview:large","max-video-preview":"max-video-preview:-1"},"canonical":"https:\/\/tibladin.dk\/nl\/privacybeleid\/","og_locale":"nl_NL","og_type":"article","og_title":"Privatlivspolitik | Tibladin","og_description":"L\u00e6s om hvordan vi opbevarer og beskytter jeres data, n\u00e5r I har med Tibladin. Sikkerhed og beskyttelse af data er altid en prioritet for os","og_url":"https:\/\/tibladin.dk\/nl\/privacybeleid\/","og_site_name":"Tibladin","article_modified_time":"2026-01-12T19:56:24+00:00","og_image":[{"url":"https:\/\/reklamebeskyttelse.dk\/wp-content\/uploads\/2018\/02\/reklamebeskyttelse-moerk.png","type":"","width":"","height":""}],"twitter_card":"summary_large_image","twitter_misc":{"Geschatte leestijd":"3 minuten"},"schema":{"@context":"https:\/\/schema.org","@graph":[{"@type":"WebPage","@id":"https:\/\/tibladin.dk\/privatlivspolitik\/","url":"https:\/\/tibladin.dk\/privatlivspolitik\/","name":"Privacybeleid | Tibladin","isPartOf":{"@id":"https:\/\/tibladin.dk\/#website"},"primaryImageOfPage":{"@id":"https:\/\/tibladin.dk\/privatlivspolitik\/#primaryimage"},"image":{"@id":"https:\/\/tibladin.dk\/privatlivspolitik\/#primaryimage"},"thumbnailUrl":"https:\/\/reklamebeskyttelse.dk\/wp-content\/uploads\/2018\/02\/reklamebeskyttelse-moerk.png","datePublished":"2022-09-09T09:18:35+00:00","dateModified":"2026-01-12T19:56:24+00:00","description":"Lees meer over hoe wij uw gegevens opslaan en beschermen wanneer u Tibladin gebruikt. Beveiliging en bescherming van gegevens is voor ons altijd een prioriteit","breadcrumb":{"@id":"https:\/\/tibladin.dk\/privatlivspolitik\/#breadcrumb"},"inLanguage":"nl-NL","potentialAction":[{"@type":"ReadAction","target":["https:\/\/tibladin.dk\/privatlivspolitik\/"]}]},{"@type":"ImageObject","inLanguage":"nl-NL","@id":"https:\/\/tibladin.dk\/privatlivspolitik\/#primaryimage","url":"https:\/\/reklamebeskyttelse.dk\/wp-content\/uploads\/2018\/02\/reklamebeskyttelse-moerk.png","contentUrl":"https:\/\/reklamebeskyttelse.dk\/wp-content\/uploads\/2018\/02\/reklamebeskyttelse-moerk.png"},{"@type":"BreadcrumbList","@id":"https:\/\/tibladin.dk\/privatlivspolitik\/#breadcrumb","itemListElement":[{"@type":"ListItem","position":1,"name":"Hjem","item":"https:\/\/tibladin.dk\/"},{"@type":"ListItem","position":2,"name":"Privatlivspolitik"}]},{"@type":"WebSite","@id":"https:\/\/tibladin.dk\/#website","url":"https:\/\/tibladin.dk\/","name":"Tibladin","description":"Tibladin","publisher":{"@id":"https:\/\/tibladin.dk\/#organization"},"potentialAction":[{"@type":"SearchAction","target":{"@type":"EntryPoint","urlTemplate":"https:\/\/tibladin.dk\/?s={search_term_string}"},"query-input":{"@type":"PropertyValueSpecification","valueRequired":true,"valueName":"search_term_string"}}],"inLanguage":"nl-NL"},{"@type":"Organization","@id":"https:\/\/tibladin.dk\/#organization","name":"Tibladin","url":"https:\/\/tibladin.dk\/","logo":{"@type":"ImageObject","inLanguage":"nl-NL","@id":"https:\/\/tibladin.dk\/#\/schema\/logo\/image\/","url":"https:\/\/tibladin.dk\/wp-content\/uploads\/2022\/09\/tibladin_logo.svg","contentUrl":"https:\/\/tibladin.dk\/wp-content\/uploads\/2022\/09\/tibladin_logo.svg","caption":"Tibladin"},"image":{"@id":"https:\/\/tibladin.dk\/#\/schema\/logo\/image\/"}}]}},"_links":{"self":[{"href":"https:\/\/tibladin.dk\/nl\/wp-json\/wp\/v2\/pages\/3","targetHints":{"allow":["GET"]}}],"collection":[{"href":"https:\/\/tibladin.dk\/nl\/wp-json\/wp\/v2\/pages"}],"about":[{"href":"https:\/\/tibladin.dk\/nl\/wp-json\/wp\/v2\/types\/page"}],"author":[{"embeddable":true,"href":"https:\/\/tibladin.dk\/nl\/wp-json\/wp\/v2\/users\/1"}],"replies":[{"embeddable":true,"href":"https:\/\/tibladin.dk\/nl\/wp-json\/wp\/v2\/comments?post=3"}],"version-history":[{"count":11,"href":"https:\/\/tibladin.dk\/nl\/wp-json\/wp\/v2\/pages\/3\/revisions"}],"predecessor-version":[{"id":42911,"href":"https:\/\/tibladin.dk\/nl\/wp-json\/wp\/v2\/pages\/3\/revisions\/42911"}],"wp:attachment":[{"href":"https:\/\/tibladin.dk\/nl\/wp-json\/wp\/v2\/media?parent=3"}],"curies":[{"name":"wp","href":"https:\/\/api.w.org\/{rel}","templated":true}]}}