{"id":34316,"date":"2025-01-27T12:46:39","date_gmt":"2025-01-27T11:46:39","guid":{"rendered":"https:\/\/tibladin.dk\/?page_id=34316"},"modified":"2025-06-20T14:48:57","modified_gmt":"2025-06-20T12:48:57","slug":"duurzame-productie","status":"publish","type":"page","link":"https:\/\/tibladin.dk\/nl\/baeredygtig-produktion\/","title":{"rendered":"Duurzame productie"},"content":{"rendered":"<div class=\"wpb-content-wrapper\"><section data-vc-full-width=\"true\" data-vc-full-width-temp=\"true\" data-vc-full-width-init=\"false\" class=\"vc_section vc_custom_1666001388259 vc_section-has-fill vc_row-o-full-height vc_section-o-content-middle vc_section-flex\"><div class=\"vc_row wpb_row vc_row-fluid\"><div class=\"wpb_column vc_column_container vc_col-sm-12\"><div class=\"vc_column-inner\"><div class=\"wpb_wrapper\"><h1 style=\"font-size: 4rem;color: #ffffff;text-align: center\" class=\"vc_custom_heading vc_do_custom_heading vc_custom_1737542298165\" >Duurzame productie<\/h1><\/div><\/div><\/div><\/div><\/section><div class=\"vc_row-full-width vc_clearfix\"><\/div><div class=\"vc_row wpb_row vc_row-fluid max-width-col vc_custom_1698923591576\"><div class=\"wpb_column vc_column_container vc_col-sm-12\"><div class=\"vc_column-inner\"><div class=\"wpb_wrapper\"><h2 style=\"text-align: center\" class=\"vc_custom_heading vc_do_custom_heading\" >Bij Tibladin zijn we trots op onze focus op uniek vakmanschap. Ontdek hoe onze producten worden geproduceerd en hoe wij onze maatschappelijke verantwoordelijkheid nemen.<\/h2><\/div><\/div><\/div><\/div><div class=\"vc_row wpb_row vc_row-fluid\"><div class=\"wpb_column vc_column_container vc_col-sm-6\"><div class=\"vc_column-inner\"><div class=\"wpb_wrapper\">\n\t<div  class=\"wpb_single_image wpb_content_element vc_align_center wpb_content_element\">\n\t\t\n\t\t<figure class=\"wpb_wrapper vc_figure\">\n\t\t\t<a href=\"http:\/\/tibladin.dk\/nl\/de-productie-van-ons-beldi-glas\/\" target=\"_self\" class=\"vc_single_image-wrapper   vc_box_border_grey\"><img decoding=\"async\" class=\"vc_single_image-img\" src=\"https:\/\/tibladin.dk\/wp-content\/uploads\/2025\/01\/Beldi-glas_produktion_3.jpg\" width=\"800\" height=\"800\" alt=\"Beldi-glas_productie_vrouw\" title=\"Beldi-glas_productie_3\" loading=\"lazy\" \/><\/a>\n\t\t<\/figure>\n\t<\/div>\n<h2 style=\"text-align: left\" class=\"vc_custom_heading vc_do_custom_heading\" ><a href=\"https:\/\/tibladin.dk\/nl\/de-productie-van-ons-beldi-glas\/\" title=\"De productie van ons beldi glas\">Beldi-glas<\/a><\/h2>\n\t<div class=\"wpb_text_column wpb_content_element\" >\n\t\t<div class=\"wpb_wrapper\">\n\t\t\t<div class=\"flex-shrink-0 flex flex-col relative items-end\">\n<div>\n<div class=\"pt-0\">\n<div class=\"gizmo-bot-avatar flex h-8 w-8 items-center justify-center overflow-hidden rounded-full\">\n<div class=\"relative p-1 rounded-sm flex items-center justify-center bg-token-main-surface-primary text-token-text-primary h-8 w-8\">Beldi-glas wordt met de hand gemaakt in Marokko, van 100% gerecycled glas. Dit glas wordt verzameld in Marrakech, omgesmolten en met de mond geblazen tot unieke glazen. De kleine oneffenheden, luchtbelletjes en variaties in dikte en kleur maken elk glas uniek en vol persoonlijkheid. Leer meer over de productie van Beldi-glas<\/div>\n<\/div>\n<\/div>\n<\/div>\n<\/div>\n\n\t\t<\/div>\n\t<\/div>\n<\/div><\/div><\/div><div class=\"wpb_column vc_column_container vc_col-sm-6\"><div class=\"vc_column-inner\"><div class=\"wpb_wrapper\">\n\t<div  class=\"wpb_single_image wpb_content_element vc_align_center wpb_content_element\">\n\t\t\n\t\t<figure class=\"wpb_wrapper vc_figure\">\n\t\t\t<a href=\"https:\/\/tibladin.dk\/nl\/vrouwencooperatie\/\" target=\"_self\" class=\"vc_single_image-wrapper   vc_box_border_grey\"><img decoding=\"async\" class=\"vc_single_image-img\" src=\"https:\/\/tibladin.dk\/wp-content\/uploads\/2025\/01\/Vaevning_kvindekooperativ_8-800x800.jpg\" width=\"800\" height=\"800\" alt=\"Weefvrouwenco\u00f6peratie op het werk\" title=\"Weefvrouwenco\u00f6peratie_8\" loading=\"lazy\" \/><\/a>\n\t\t<\/figure>\n\t<\/div>\n<h2 style=\"text-align: left\" class=\"vc_custom_heading vc_do_custom_heading\" ><a href=\"https:\/\/tibladin.dk\/nl\/vrouwencooperatie\/\" title=\"Vrouwenco\u00f6peratie\">Vrouwenco\u00f6peratie<\/a><\/h2>\n\t<div class=\"wpb_text_column wpb_content_element\" >\n\t\t<div class=\"wpb_wrapper\">\n\t\t\t<p>Tibladin werkt samen met vrouwenco\u00f6peraties in Marokko om vrouwen te versterken door middel van economische onafhankelijkheid en duurzame kansen. Lees meer over ons werk met vrouwenco\u00f6peraties<\/p>\n\n\t\t<\/div>\n\t<\/div>\n<\/div><\/div><\/div><\/div><div class=\"vc_row wpb_row vc_row-fluid\"><div class=\"wpb_column vc_column_container vc_col-sm-6\"><div class=\"vc_column-inner\"><div class=\"wpb_wrapper\">\n\t<div  class=\"wpb_single_image wpb_content_element vc_align_left wpb_content_element\">\n\t\t\n\t\t<figure class=\"wpb_wrapper vc_figure\">\n\t\t\t<a href=\"https:\/\/tibladin.dk\/nl\/productie-van-onze-keramiek\/\" target=\"_self\" class=\"vc_single_image-wrapper   vc_box_border_grey\"><img decoding=\"async\" class=\"vc_single_image-img\" src=\"https:\/\/tibladin.dk\/wp-content\/uploads\/2025\/01\/keramik_10.jpg\" width=\"800\" height=\"800\" alt=\"Marokkaans keramiek in de zon\" title=\"keramiek_10\" loading=\"lazy\" \/><\/a>\n\t\t<\/figure>\n\t<\/div>\n<h2 style=\"text-align: left\" class=\"vc_custom_heading vc_do_custom_heading\" ><a href=\"https:\/\/tibladin.dk\/nl\/productie-van-onze-keramiek\/\" title=\"Productie van onze keramiek\">Keramiek<\/a><\/h2>\n\t<div class=\"wpb_text_column wpb_content_element\" >\n\t\t<div class=\"wpb_wrapper\">\n\t\t\t<p>Tibladin werkt samen met bekwame keramisten om unieke collecties van steengoed en keramiek te cre\u00ebren. Wij combineren onze eigen ontwerpen met zorgvuldig geselecteerde Marokkaanse keramiek, inclusief kleurrijke patronen en de karakteristieke Tamegroute, om een gevarieerde en authentieke stijl te bieden. Lees meer over de productie van ons keramiek.<\/p>\n\n\t\t<\/div>\n\t<\/div>\n<\/div><\/div><\/div><div class=\"wpb_column vc_column_container vc_col-sm-6\"><div class=\"vc_column-inner\"><div class=\"wpb_wrapper\">\n\t<div  class=\"wpb_single_image wpb_content_element vc_align_left wpb_content_element\">\n\t\t\n\t\t<figure class=\"wpb_wrapper vc_figure\">\n\t\t\t<a href=\"https:\/\/tibladin.dk\/nl\/de-productie-van-onze-tapijten-en-kussens\/\" target=\"_self\" class=\"vc_single_image-wrapper   vc_box_border_grey\"><img decoding=\"async\" class=\"vc_single_image-img\" src=\"https:\/\/tibladin.dk\/wp-content\/uploads\/2025\/01\/Taepper-og-puder_30.jpg\" width=\"800\" height=\"800\" alt=\"Tapijt in productie. Weven\" title=\"Dekens-en-kussens_30\" loading=\"lazy\" \/><\/a>\n\t\t<\/figure>\n\t<\/div>\n<h2 style=\"text-align: left\" class=\"vc_custom_heading vc_do_custom_heading\" ><a href=\"https:\/\/tibladin.dk\/nl\/de-productie-van-onze-tapijten-en-kussens\/\" title=\"De productie van onze dekens en kussens\">Dekens en kussens<\/a><\/h2>\n\t<div class=\"wpb_text_column wpb_content_element\" >\n\t\t<div class=\"wpb_wrapper\">\n\t\t\t<p>Bij Tibladin selecteren we al onze tapijten met de hand, vari\u00ebrend van Beni Ouarain en Boucherouite tot vintage Berber- en kilim-tapijten. Prachtige vintage tapijten met gebreken krijgen een nieuw leven als unieke, met de hand genaaide kussens. Ontdek meer over onze unieke dekens en poeders.<\/p>\n\n\t\t<\/div>\n\t<\/div>\n<\/div><\/div><\/div><\/div>\n<\/div>","protected":false},"excerpt":{"rendered":"B\u00e6redygtig produktionHos Tibladin er vi stolte af vores fokus p\u00e5 det unikke h\u00e5ndv\u00e6rk. G\u00e5 p\u00e5 opdagelse, og bliv klogere p\u00e5, hvordan vores produkter produceres og hvordan vi tager socialt ansvar Beldi glas Beldi glas er h\u00e5ndlavet i Marokko af 100% genbrugsglas, som indsamles i Marrakech, omsmeltes og mundbl\u00e6ses til unikke glas. De sm\u00e5 uj\u00e6vnheder, luftbobler [...]","protected":false},"author":2,"featured_media":0,"parent":0,"menu_order":0,"comment_status":"closed","ping_status":"closed","template":"template-fullwidth-no-heading.php","meta":{"inline_featured_image":false,"footnotes":""},"class_list":["post-34316","page","type-page","status-publish","hentry"],"yoast_head":"<!-- This site is optimized with the Yoast SEO plugin v27.6 - https:\/\/yoast.com\/product\/yoast-seo-wordpress\/ -->\n<title>B\u00e6redygtig produktion | Produktion og Socialt Ansvar. Vores Fokus<\/title>\n<meta name=\"description\" content=\"Tibladin t\u00e6nker b\u00e6redygtighed ind i hele forsyningsk\u00e6den. Materialerne skal altid v\u00e6re naturlige og \u00f8kologiske. L\u00e6s mere her.\" \/>\n<meta name=\"robots\" content=\"index, follow, max-snippet:-1, max-image-preview:large, max-video-preview:-1\" \/>\n<link rel=\"canonical\" href=\"https:\/\/tibladin.dk\/nl\/duurzame-productie\/\" \/>\n<meta property=\"og:locale\" content=\"nl_NL\" \/>\n<meta property=\"og:type\" content=\"article\" \/>\n<meta property=\"og:title\" content=\"B\u00e6redygtig produktion | Produktion og Socialt Ansvar. Vores Fokus\" \/>\n<meta property=\"og:description\" content=\"Tibladin t\u00e6nker b\u00e6redygtighed ind i hele forsyningsk\u00e6den. Materialerne skal altid v\u00e6re naturlige og \u00f8kologiske. L\u00e6s mere her.\" \/>\n<meta property=\"og:url\" content=\"https:\/\/tibladin.dk\/nl\/duurzame-productie\/\" \/>\n<meta property=\"og:site_name\" content=\"Tibladin\" \/>\n<meta property=\"article:modified_time\" content=\"2025-06-20T12:48:57+00:00\" \/>\n<meta name=\"twitter:card\" content=\"summary_large_image\" \/>\n<meta name=\"twitter:label1\" content=\"Geschatte leestijd\" \/>\n\t<meta name=\"twitter:data1\" content=\"2 minuten\" \/>\n<script type=\"application\/ld+json\" class=\"yoast-schema-graph\">{\"@context\":\"https:\\\/\\\/schema.org\",\"@graph\":[{\"@type\":\"WebPage\",\"@id\":\"https:\\\/\\\/tibladin.dk\\\/baeredygtig-produktion\\\/\",\"url\":\"https:\\\/\\\/tibladin.dk\\\/baeredygtig-produktion\\\/\",\"name\":\"B\u00e6redygtig produktion | Produktion og Socialt Ansvar. Vores Fokus\",\"isPartOf\":{\"@id\":\"https:\\\/\\\/tibladin.dk\\\/#website\"},\"datePublished\":\"2025-01-27T11:46:39+00:00\",\"dateModified\":\"2025-06-20T12:48:57+00:00\",\"description\":\"Tibladin t\u00e6nker b\u00e6redygtighed ind i hele forsyningsk\u00e6den. Materialerne skal altid v\u00e6re naturlige og \u00f8kologiske. L\u00e6s mere her.\",\"breadcrumb\":{\"@id\":\"https:\\\/\\\/tibladin.dk\\\/baeredygtig-produktion\\\/#breadcrumb\"},\"inLanguage\":\"nl-NL\",\"potentialAction\":[{\"@type\":\"ReadAction\",\"target\":[\"https:\\\/\\\/tibladin.dk\\\/baeredygtig-produktion\\\/\"]}]},{\"@type\":\"BreadcrumbList\",\"@id\":\"https:\\\/\\\/tibladin.dk\\\/baeredygtig-produktion\\\/#breadcrumb\",\"itemListElement\":[{\"@type\":\"ListItem\",\"position\":1,\"name\":\"Hjem\",\"item\":\"https:\\\/\\\/tibladin.dk\\\/\"},{\"@type\":\"ListItem\",\"position\":2,\"name\":\"B\u00e6redygtig produktion\"}]},{\"@type\":\"WebSite\",\"@id\":\"https:\\\/\\\/tibladin.dk\\\/#website\",\"url\":\"https:\\\/\\\/tibladin.dk\\\/\",\"name\":\"Tibladin\",\"description\":\"Tibladin\",\"publisher\":{\"@id\":\"https:\\\/\\\/tibladin.dk\\\/#organization\"},\"potentialAction\":[{\"@type\":\"SearchAction\",\"target\":{\"@type\":\"EntryPoint\",\"urlTemplate\":\"https:\\\/\\\/tibladin.dk\\\/?s={search_term_string}\"},\"query-input\":{\"@type\":\"PropertyValueSpecification\",\"valueRequired\":true,\"valueName\":\"search_term_string\"}}],\"inLanguage\":\"nl-NL\"},{\"@type\":\"Organization\",\"@id\":\"https:\\\/\\\/tibladin.dk\\\/#organization\",\"name\":\"Tibladin\",\"url\":\"https:\\\/\\\/tibladin.dk\\\/\",\"logo\":{\"@type\":\"ImageObject\",\"inLanguage\":\"nl-NL\",\"@id\":\"https:\\\/\\\/tibladin.dk\\\/#\\\/schema\\\/logo\\\/image\\\/\",\"url\":\"https:\\\/\\\/tibladin.dk\\\/wp-content\\\/uploads\\\/2022\\\/09\\\/tibladin_logo.svg\",\"contentUrl\":\"https:\\\/\\\/tibladin.dk\\\/wp-content\\\/uploads\\\/2022\\\/09\\\/tibladin_logo.svg\",\"caption\":\"Tibladin\"},\"image\":{\"@id\":\"https:\\\/\\\/tibladin.dk\\\/#\\\/schema\\\/logo\\\/image\\\/\"}}]}<\/script>\n<!-- \/ Yoast SEO plugin. -->","yoast_head_json":{"title":"Duurzame productie | Productie en maatschappelijke verantwoordelijkheid. Onze focus","description":"Tibladin houdt rekening met duurzaamheid in de hele toeleveringsketen. De materialen moeten altijd natuurlijk en organisch zijn. Lees hier meer.","robots":{"index":"index","follow":"follow","max-snippet":"max-snippet:-1","max-image-preview":"max-image-preview:large","max-video-preview":"max-video-preview:-1"},"canonical":"https:\/\/tibladin.dk\/nl\/duurzame-productie\/","og_locale":"nl_NL","og_type":"article","og_title":"B\u00e6redygtig produktion | Produktion og Socialt Ansvar. Vores Fokus","og_description":"Tibladin t\u00e6nker b\u00e6redygtighed ind i hele forsyningsk\u00e6den. Materialerne skal altid v\u00e6re naturlige og \u00f8kologiske. L\u00e6s mere her.","og_url":"https:\/\/tibladin.dk\/nl\/duurzame-productie\/","og_site_name":"Tibladin","article_modified_time":"2025-06-20T12:48:57+00:00","twitter_card":"summary_large_image","twitter_misc":{"Geschatte leestijd":"2 minuten"},"schema":{"@context":"https:\/\/schema.org","@graph":[{"@type":"WebPage","@id":"https:\/\/tibladin.dk\/baeredygtig-produktion\/","url":"https:\/\/tibladin.dk\/baeredygtig-produktion\/","name":"Duurzame productie | Productie en maatschappelijke verantwoordelijkheid. Onze focus","isPartOf":{"@id":"https:\/\/tibladin.dk\/#website"},"datePublished":"2025-01-27T11:46:39+00:00","dateModified":"2025-06-20T12:48:57+00:00","description":"Tibladin houdt rekening met duurzaamheid in de hele toeleveringsketen. De materialen moeten altijd natuurlijk en organisch zijn. Lees hier meer.","breadcrumb":{"@id":"https:\/\/tibladin.dk\/baeredygtig-produktion\/#breadcrumb"},"inLanguage":"nl-NL","potentialAction":[{"@type":"ReadAction","target":["https:\/\/tibladin.dk\/baeredygtig-produktion\/"]}]},{"@type":"BreadcrumbList","@id":"https:\/\/tibladin.dk\/baeredygtig-produktion\/#breadcrumb","itemListElement":[{"@type":"ListItem","position":1,"name":"Hjem","item":"https:\/\/tibladin.dk\/"},{"@type":"ListItem","position":2,"name":"B\u00e6redygtig produktion"}]},{"@type":"WebSite","@id":"https:\/\/tibladin.dk\/#website","url":"https:\/\/tibladin.dk\/","name":"Tibladin","description":"Tibladin","publisher":{"@id":"https:\/\/tibladin.dk\/#organization"},"potentialAction":[{"@type":"SearchAction","target":{"@type":"EntryPoint","urlTemplate":"https:\/\/tibladin.dk\/?s={search_term_string}"},"query-input":{"@type":"PropertyValueSpecification","valueRequired":true,"valueName":"search_term_string"}}],"inLanguage":"nl-NL"},{"@type":"Organization","@id":"https:\/\/tibladin.dk\/#organization","name":"Tibladin","url":"https:\/\/tibladin.dk\/","logo":{"@type":"ImageObject","inLanguage":"nl-NL","@id":"https:\/\/tibladin.dk\/#\/schema\/logo\/image\/","url":"https:\/\/tibladin.dk\/wp-content\/uploads\/2022\/09\/tibladin_logo.svg","contentUrl":"https:\/\/tibladin.dk\/wp-content\/uploads\/2022\/09\/tibladin_logo.svg","caption":"Tibladin"},"image":{"@id":"https:\/\/tibladin.dk\/#\/schema\/logo\/image\/"}}]}},"_links":{"self":[{"href":"https:\/\/tibladin.dk\/nl\/wp-json\/wp\/v2\/pages\/34316","targetHints":{"allow":["GET"]}}],"collection":[{"href":"https:\/\/tibladin.dk\/nl\/wp-json\/wp\/v2\/pages"}],"about":[{"href":"https:\/\/tibladin.dk\/nl\/wp-json\/wp\/v2\/types\/page"}],"author":[{"embeddable":true,"href":"https:\/\/tibladin.dk\/nl\/wp-json\/wp\/v2\/users\/2"}],"replies":[{"embeddable":true,"href":"https:\/\/tibladin.dk\/nl\/wp-json\/wp\/v2\/comments?post=34316"}],"version-history":[{"count":24,"href":"https:\/\/tibladin.dk\/nl\/wp-json\/wp\/v2\/pages\/34316\/revisions"}],"predecessor-version":[{"id":34574,"href":"https:\/\/tibladin.dk\/nl\/wp-json\/wp\/v2\/pages\/34316\/revisions\/34574"}],"wp:attachment":[{"href":"https:\/\/tibladin.dk\/nl\/wp-json\/wp\/v2\/media?parent=34316"}],"curies":[{"name":"wp","href":"https:\/\/api.w.org\/{rel}","templated":true}]}}