{"id":34339,"date":"2025-01-27T12:53:23","date_gmt":"2025-01-27T11:53:23","guid":{"rendered":"https:\/\/tibladin.dk\/?page_id=34339"},"modified":"2025-03-27T12:06:18","modified_gmt":"2025-03-27T11:06:18","slug":"de-productie-van-ons-beldi-glas","status":"publish","type":"page","link":"https:\/\/tibladin.dk\/nl\/produktionen-af-vores-beldi-glas\/","title":{"rendered":"De productie van ons beldi glas"},"content":{"rendered":"<div class=\"wpb-content-wrapper\"><div class=\"vc_row wpb_row vc_row-fluid max-width-col vc_custom_1698923591576\"><div class=\"wpb_column vc_column_container vc_col-sm-12\"><div class=\"vc_column-inner\"><div class=\"wpb_wrapper\"><div class=\"vc_separator wpb_content_element vc_separator_align_center vc_sep_width_100 vc_sep_pos_align_center vc_separator_no_text vc_sep_color_grey wpb_content_element  wpb_content_element\" ><span class=\"vc_sep_holder vc_sep_holder_l\"><span class=\"vc_sep_line\"><\/span><\/span><span class=\"vc_sep_holder vc_sep_holder_r\"><span class=\"vc_sep_line\"><\/span><\/span>\n<\/div><h1 style=\"text-align: center\" class=\"vc_custom_heading vc_do_custom_heading\" >De productie van ons beldi glas<\/h1>\n\t<div class=\"wpb_text_column wpb_content_element\" >\n\t\t<div class=\"wpb_wrapper\">\n\t\t\t<p style=\"text-align: center;\">\u201cEr bestond geen twijfel over dat Beldi-glas deel zou uitmaken van mijn collectie. Sinds mijn eerste bezoek aan Marokko, ruim 20 jaar geleden, ben ik verliefd geworden op het traditionele vakmanschap en het prachtige Beldi-glas. Het fascineert mij hoe de kleine details in het glas een geheel unieke en bijzondere charme cre\u00ebren.\u201d \u2013 Mette Frank Bijaad, eigenaar van Tibladin.<\/p>\n\n\t\t<\/div>\n\t<\/div>\n\n\t<div  class=\"wpb_single_image wpb_content_element vc_align_center wpb_content_element\">\n\t\t\n\t\t<figure class=\"wpb_wrapper vc_figure\">\n\t\t\t<div class=\"vc_single_image-wrapper   vc_box_border_grey\"><img decoding=\"async\" class=\"vc_single_image-img\" src=\"https:\/\/tibladin.dk\/wp-content\/uploads\/2025\/01\/Beldi-glas_produktion_4-600x500.jpg\" width=\"600\" height=\"500\" alt=\"Beldi-glas_productie_man ademt\" title=\"Beldi-glas_productie_4\" loading=\"lazy\" \/><\/div>\n\t\t<\/figure>\n\t<\/div>\n<h2 style=\"text-align: center\" class=\"vc_custom_heading vc_do_custom_heading\" >De traditionele productie<\/h2>\n\t<div class=\"wpb_text_column wpb_content_element\" >\n\t\t<div class=\"wpb_wrapper\">\n\t\t\t<p style=\"text-align: center;\">Beldi glas wordt met de hand gemaakt in Marokko van 100% gerecycled glas uit Marrakech. Het glas wordt verzameld, opnieuw gesmolten en met de mond geblazen tot unieke creaties. Kleine oneffenheden, luchtbelletjes en variaties in kleur en dikte geven elk glas zijn eigen charme en persoonlijkheid. Het vakmanschap achter Beldi-glas wordt al generaties lang doorgegeven. Elk glas wordt zorgvuldig met de hand vervaardigd en mondgeblazen, wat een uitzonderlijke kwaliteit garandeert.<\/p>\n<p style=\"text-align: center;\">De kleur van Beldi-glas komt van gerecycled Marokkaans glas, waarvan glazen en vazen worden gemaakt. Door de invloed van de natuur krijgt het glas de karakteristieke groene kleur die te zien is in de prachtige groene waterglazen. Daarnaast zijn de glazen, vazen en schalen van Beldi ook verkrijgbaar in een elegante transparante kleur, die in het licht een licht turquoise kleur kan krijgen, wat een lichte en stijlvolle uitstraling cre\u00ebert.<\/p>\n\n\t\t<\/div>\n\t<\/div>\n\n\t<div  class=\"wpb_single_image wpb_content_element vc_align_center wpb_content_element\">\n\t\t\n\t\t<figure class=\"wpb_wrapper vc_figure\">\n\t\t\t<div class=\"vc_single_image-wrapper   vc_box_border_grey\"><img decoding=\"async\" class=\"vc_single_image-img\" src=\"https:\/\/tibladin.dk\/wp-content\/uploads\/2025\/01\/Beldi-glas_produktion_6-1-600x500.jpg\" width=\"600\" height=\"500\" alt=\"Beldi-glass_production_ Man blaast glas\" title=\"Beldi-glas_productie_6\" loading=\"lazy\" \/><\/div>\n\t\t<\/figure>\n\t<\/div>\n<h2 style=\"text-align: center\" class=\"vc_custom_heading vc_do_custom_heading\" >Warme en koude dranken<\/h2>\n\t<div class=\"wpb_text_column wpb_content_element\" >\n\t\t<div class=\"wpb_wrapper\">\n\t\t\t<p style=\"text-align: center;\">Dankzij de ronde rand liggen de Beldi-glazen comfortabel in de hand, zelfs wanneer u geniet van warme dranken zoals thee of koffie. Als het glas gebruikt wordt voor koude dranken, is het glas ook ideaal voor een verfrissende traditionele Marokkaanse ijsthee met munt. De handgemaakte glazen zijn veelzijdig en perfect voor het serveren van zowel warme als koude dranken.<\/p>\n\n\t\t<\/div>\n\t<\/div>\n\n\t<div  class=\"wpb_single_image wpb_content_element vc_align_center wpb_content_element\">\n\t\t\n\t\t<figure class=\"wpb_wrapper vc_figure\">\n\t\t\t<div class=\"vc_single_image-wrapper   vc_box_border_grey\"><img decoding=\"async\" class=\"vc_single_image-img\" src=\"https:\/\/tibladin.dk\/wp-content\/uploads\/2025\/01\/Beldi-glas_produktion_5-1-600x500.jpg\" width=\"600\" height=\"500\" alt=\"Beldi-glas_productie_ man aan het werk met Beldi-glas\" title=\"Beldi-glas_productie_5\" loading=\"lazy\" \/><\/div>\n\t\t<\/figure>\n\t<\/div>\n<h2 style=\"text-align: center\" class=\"vc_custom_heading vc_do_custom_heading\" >Tijdloos ontwerp<\/h2>\n\t<div class=\"wpb_text_column wpb_content_element\" >\n\t\t<div class=\"wpb_wrapper\">\n\t\t\t<p style=\"text-align: center;\">Hoewel Beldi-glas en andere Beldi-interieurs bekend staan om hun finesse en esthetische expressie, zijn ze ongelooflijk duurzaam en geschikt voor vele verschillende dagelijkse situaties. Hun unieke design gecombineerd met functionaliteit maakt ze een tijdloze keuze.<\/p>\n\n\t\t<\/div>\n\t<\/div>\n\n\t<div  class=\"wpb_single_image wpb_content_element vc_align_center wpb_content_element\">\n\t\t\n\t\t<figure class=\"wpb_wrapper vc_figure\">\n\t\t\t<div class=\"vc_single_image-wrapper   vc_box_border_grey\"><img decoding=\"async\" class=\"vc_single_image-img\" src=\"https:\/\/tibladin.dk\/wp-content\/uploads\/2025\/01\/Beldi-glas_produktion_1-1-600x500.jpg\" width=\"600\" height=\"500\" alt=\"Beldi-glas_productie_glas wordt in de oven gebakken.\" title=\"Beldi-glas_productie_1\" loading=\"lazy\" \/><\/div>\n\t\t<\/figure>\n\t<\/div>\n<h2 style=\"text-align: center\" class=\"vc_custom_heading vc_do_custom_heading\" >Traditioneel vakmanschap met unieke esthetiek<\/h2>\n\t<div class=\"wpb_text_column wpb_content_element\" >\n\t\t<div class=\"wpb_wrapper\">\n\t\t\t<p style=\"text-align: center;\">De Beldi-glazen zijn niet alleen het resultaat van traditioneel vakmanschap, maar ook een tijdloze uitdrukking van schoonheid en functionaliteit. Elk afzonderlijk object draagt een verhaal en vakmanschap met zich mee, wat het tot iets werkelijk bijzonders maakt. <a href=\"https:\/\/tibladin.dk\/nl\/product-categorie-3\/interieur\/tafel-opstelling\/beldigglas\/\">Ontdek onze collectie Beldi-brillen<\/a> en ervaar de unieke ontmoeting tussen esthetiek en praktisch gebruik.<\/p>\n\n\t\t<\/div>\n\t<\/div>\n<\/div><\/div><\/div><\/div><div class=\"vc_row wpb_row vc_row-fluid\"><div class=\"wpb_column vc_column_container vc_col-sm-4\"><div class=\"vc_column-inner\"><div class=\"wpb_wrapper\"><\/div><\/div><\/div><div class=\"wpb_column vc_column_container vc_col-sm-4\"><div class=\"vc_column-inner\"><div class=\"wpb_wrapper\">\n\t<div class=\"wpb_video_widget wpb_content_element vc_clearfix   vc_video-aspect-ratio-34 vc_video-el-width-100 vc_video-align-left\" >\n\t\t<div class=\"wpb_wrapper\">\n\t\t\t\n\t\t\t<div class=\"wpb_video_wrapper\"><div class=\"video-container\"><iframe loading=\"lazy\" title=\"Onze duurzame productie van Beldi-glas\" width=\"500\" height=\"281\" src=\"https:\/\/www.youtube.com\/embed\/dEgFkiqc02I?feature=oembed\" frameborder=\"0\" allow=\"accelerometer; autoplay; clipboard-write; encrypted-media; gyroscope; picture-in-picture; web-share\" referrerpolicy=\"strict-origin-when-cross-origin\" allowfullscreen><\/iframe><\/div><\/div>\n\t\t<\/div>\n\t<\/div>\n<\/div><\/div><\/div><div class=\"wpb_column vc_column_container vc_col-sm-4\"><div class=\"vc_column-inner\"><div class=\"wpb_wrapper\"><\/div><\/div><\/div><\/div>\n<\/div>","protected":false},"excerpt":{"rendered":"Produktionen af vores beldi glas \"Der var aldrig tvivl om, at Beldi-glas skulle v\u00e6re en del af min kollektion. Siden mit f\u00f8rste bes\u00f8g i Marokko for over 20 \u00e5r siden har jeg v\u00e6ret forelsket i det traditionelle h\u00e5ndv\u00e6rk og de smukke Beldi-glas. Det fascinerer mig, hvordan de sm\u00e5 detaljer i glasset skaber en helt unik [...]","protected":false},"author":2,"featured_media":0,"parent":0,"menu_order":0,"comment_status":"closed","ping_status":"closed","template":"template-fullwidth-no-heading.php","meta":{"inline_featured_image":false,"footnotes":""},"class_list":["post-34339","page","type-page","status-publish","hentry"],"yoast_head":"<!-- This site is optimized with the Yoast SEO plugin v27.5 - https:\/\/yoast.com\/product\/yoast-seo-wordpress\/ -->\n<title>Produktionen af vores beldi glas | Traditionelt og unikt h\u00e5ndv\u00e6rk<\/title>\n<meta name=\"description\" content=\"Marokkanske Beldi glas best\u00e5r af 100% genbrugsglas. som indsamles i Marrakech, omsmeltes og mundbl\u00e6ses til unikke glas. Unika h\u00e5ndv\u00e6rk.\" \/>\n<meta name=\"robots\" content=\"index, follow, max-snippet:-1, max-image-preview:large, max-video-preview:-1\" \/>\n<link rel=\"canonical\" href=\"https:\/\/tibladin.dk\/nl\/de-productie-van-ons-beldi-glas\/\" \/>\n<meta property=\"og:locale\" content=\"nl_NL\" \/>\n<meta property=\"og:type\" content=\"article\" \/>\n<meta property=\"og:title\" content=\"Produktionen af vores beldi glas | Traditionelt og unikt h\u00e5ndv\u00e6rk\" \/>\n<meta property=\"og:description\" content=\"Marokkanske Beldi glas best\u00e5r af 100% genbrugsglas. som indsamles i Marrakech, omsmeltes og mundbl\u00e6ses til unikke glas. Unika h\u00e5ndv\u00e6rk.\" \/>\n<meta property=\"og:url\" content=\"https:\/\/tibladin.dk\/nl\/de-productie-van-ons-beldi-glas\/\" \/>\n<meta property=\"og:site_name\" content=\"Tibladin\" \/>\n<meta property=\"article:modified_time\" content=\"2025-03-27T11:06:18+00:00\" \/>\n<meta name=\"twitter:card\" content=\"summary_large_image\" \/>\n<meta name=\"twitter:label1\" content=\"Geschatte leestijd\" \/>\n\t<meta name=\"twitter:data1\" content=\"3 minuten\" \/>\n<script type=\"application\/ld+json\" class=\"yoast-schema-graph\">{\"@context\":\"https:\\\/\\\/schema.org\",\"@graph\":[{\"@type\":\"WebPage\",\"@id\":\"https:\\\/\\\/tibladin.dk\\\/produktionen-af-vores-beldi-glas\\\/\",\"url\":\"https:\\\/\\\/tibladin.dk\\\/produktionen-af-vores-beldi-glas\\\/\",\"name\":\"Produktionen af vores beldi glas | Traditionelt og unikt h\u00e5ndv\u00e6rk\",\"isPartOf\":{\"@id\":\"https:\\\/\\\/tibladin.dk\\\/#website\"},\"datePublished\":\"2025-01-27T11:53:23+00:00\",\"dateModified\":\"2025-03-27T11:06:18+00:00\",\"description\":\"Marokkanske Beldi glas best\u00e5r af 100% genbrugsglas. som indsamles i Marrakech, omsmeltes og mundbl\u00e6ses til unikke glas. Unika h\u00e5ndv\u00e6rk.\",\"breadcrumb\":{\"@id\":\"https:\\\/\\\/tibladin.dk\\\/produktionen-af-vores-beldi-glas\\\/#breadcrumb\"},\"inLanguage\":\"nl-NL\",\"potentialAction\":[{\"@type\":\"ReadAction\",\"target\":[\"https:\\\/\\\/tibladin.dk\\\/produktionen-af-vores-beldi-glas\\\/\"]}]},{\"@type\":\"BreadcrumbList\",\"@id\":\"https:\\\/\\\/tibladin.dk\\\/produktionen-af-vores-beldi-glas\\\/#breadcrumb\",\"itemListElement\":[{\"@type\":\"ListItem\",\"position\":1,\"name\":\"Hjem\",\"item\":\"https:\\\/\\\/tibladin.dk\\\/\"},{\"@type\":\"ListItem\",\"position\":2,\"name\":\"Produktionen af vores beldi glas\"}]},{\"@type\":\"WebSite\",\"@id\":\"https:\\\/\\\/tibladin.dk\\\/#website\",\"url\":\"https:\\\/\\\/tibladin.dk\\\/\",\"name\":\"Tibladin\",\"description\":\"Tibladin\",\"publisher\":{\"@id\":\"https:\\\/\\\/tibladin.dk\\\/#organization\"},\"potentialAction\":[{\"@type\":\"SearchAction\",\"target\":{\"@type\":\"EntryPoint\",\"urlTemplate\":\"https:\\\/\\\/tibladin.dk\\\/?s={search_term_string}\"},\"query-input\":{\"@type\":\"PropertyValueSpecification\",\"valueRequired\":true,\"valueName\":\"search_term_string\"}}],\"inLanguage\":\"nl-NL\"},{\"@type\":\"Organization\",\"@id\":\"https:\\\/\\\/tibladin.dk\\\/#organization\",\"name\":\"Tibladin\",\"url\":\"https:\\\/\\\/tibladin.dk\\\/\",\"logo\":{\"@type\":\"ImageObject\",\"inLanguage\":\"nl-NL\",\"@id\":\"https:\\\/\\\/tibladin.dk\\\/#\\\/schema\\\/logo\\\/image\\\/\",\"url\":\"https:\\\/\\\/tibladin.dk\\\/wp-content\\\/uploads\\\/2022\\\/09\\\/tibladin_logo.svg\",\"contentUrl\":\"https:\\\/\\\/tibladin.dk\\\/wp-content\\\/uploads\\\/2022\\\/09\\\/tibladin_logo.svg\",\"caption\":\"Tibladin\"},\"image\":{\"@id\":\"https:\\\/\\\/tibladin.dk\\\/#\\\/schema\\\/logo\\\/image\\\/\"}}]}<\/script>\n<!-- \/ Yoast SEO plugin. -->","yoast_head_json":{"title":"De productie van ons beldi glas | Traditioneel en uniek vakmanschap","description":"Marokkaans Beldi-glas bestaat uit 100% gerecycled glas. die in Marrakesh wordt verzameld, opnieuw wordt gesmolten en met de mond wordt geblazen tot uniek glas. Uniek vakmanschap.","robots":{"index":"index","follow":"follow","max-snippet":"max-snippet:-1","max-image-preview":"max-image-preview:large","max-video-preview":"max-video-preview:-1"},"canonical":"https:\/\/tibladin.dk\/nl\/de-productie-van-ons-beldi-glas\/","og_locale":"nl_NL","og_type":"article","og_title":"Produktionen af vores beldi glas | Traditionelt og unikt h\u00e5ndv\u00e6rk","og_description":"Marokkanske Beldi glas best\u00e5r af 100% genbrugsglas. som indsamles i Marrakech, omsmeltes og mundbl\u00e6ses til unikke glas. Unika h\u00e5ndv\u00e6rk.","og_url":"https:\/\/tibladin.dk\/nl\/de-productie-van-ons-beldi-glas\/","og_site_name":"Tibladin","article_modified_time":"2025-03-27T11:06:18+00:00","twitter_card":"summary_large_image","twitter_misc":{"Geschatte leestijd":"3 minuten"},"schema":{"@context":"https:\/\/schema.org","@graph":[{"@type":"WebPage","@id":"https:\/\/tibladin.dk\/produktionen-af-vores-beldi-glas\/","url":"https:\/\/tibladin.dk\/produktionen-af-vores-beldi-glas\/","name":"De productie van ons beldi glas | Traditioneel en uniek vakmanschap","isPartOf":{"@id":"https:\/\/tibladin.dk\/#website"},"datePublished":"2025-01-27T11:53:23+00:00","dateModified":"2025-03-27T11:06:18+00:00","description":"Marokkaans Beldi-glas bestaat uit 100% gerecycled glas. die in Marrakesh wordt verzameld, opnieuw wordt gesmolten en met de mond wordt geblazen tot uniek glas. Uniek vakmanschap.","breadcrumb":{"@id":"https:\/\/tibladin.dk\/produktionen-af-vores-beldi-glas\/#breadcrumb"},"inLanguage":"nl-NL","potentialAction":[{"@type":"ReadAction","target":["https:\/\/tibladin.dk\/produktionen-af-vores-beldi-glas\/"]}]},{"@type":"BreadcrumbList","@id":"https:\/\/tibladin.dk\/produktionen-af-vores-beldi-glas\/#breadcrumb","itemListElement":[{"@type":"ListItem","position":1,"name":"Hjem","item":"https:\/\/tibladin.dk\/"},{"@type":"ListItem","position":2,"name":"Produktionen af vores beldi glas"}]},{"@type":"WebSite","@id":"https:\/\/tibladin.dk\/#website","url":"https:\/\/tibladin.dk\/","name":"Tibladin","description":"Tibladin","publisher":{"@id":"https:\/\/tibladin.dk\/#organization"},"potentialAction":[{"@type":"SearchAction","target":{"@type":"EntryPoint","urlTemplate":"https:\/\/tibladin.dk\/?s={search_term_string}"},"query-input":{"@type":"PropertyValueSpecification","valueRequired":true,"valueName":"search_term_string"}}],"inLanguage":"nl-NL"},{"@type":"Organization","@id":"https:\/\/tibladin.dk\/#organization","name":"Tibladin","url":"https:\/\/tibladin.dk\/","logo":{"@type":"ImageObject","inLanguage":"nl-NL","@id":"https:\/\/tibladin.dk\/#\/schema\/logo\/image\/","url":"https:\/\/tibladin.dk\/wp-content\/uploads\/2022\/09\/tibladin_logo.svg","contentUrl":"https:\/\/tibladin.dk\/wp-content\/uploads\/2022\/09\/tibladin_logo.svg","caption":"Tibladin"},"image":{"@id":"https:\/\/tibladin.dk\/#\/schema\/logo\/image\/"}}]}},"_links":{"self":[{"href":"https:\/\/tibladin.dk\/nl\/wp-json\/wp\/v2\/pages\/34339","targetHints":{"allow":["GET"]}}],"collection":[{"href":"https:\/\/tibladin.dk\/nl\/wp-json\/wp\/v2\/pages"}],"about":[{"href":"https:\/\/tibladin.dk\/nl\/wp-json\/wp\/v2\/types\/page"}],"author":[{"embeddable":true,"href":"https:\/\/tibladin.dk\/nl\/wp-json\/wp\/v2\/users\/2"}],"replies":[{"embeddable":true,"href":"https:\/\/tibladin.dk\/nl\/wp-json\/wp\/v2\/comments?post=34339"}],"version-history":[{"count":38,"href":"https:\/\/tibladin.dk\/nl\/wp-json\/wp\/v2\/pages\/34339\/revisions"}],"predecessor-version":[{"id":35754,"href":"https:\/\/tibladin.dk\/nl\/wp-json\/wp\/v2\/pages\/34339\/revisions\/35754"}],"wp:attachment":[{"href":"https:\/\/tibladin.dk\/nl\/wp-json\/wp\/v2\/media?parent=34339"}],"curies":[{"name":"wp","href":"https:\/\/api.w.org\/{rel}","templated":true}]}}