{"id":34355,"date":"2025-01-27T13:13:17","date_gmt":"2025-01-27T12:13:17","guid":{"rendered":"https:\/\/tibladin.dk\/?page_id=34355"},"modified":"2025-01-28T15:06:17","modified_gmt":"2025-01-28T14:06:17","slug":"vrouwencooperatie","status":"publish","type":"page","link":"https:\/\/tibladin.dk\/nl\/kvindekooperativ\/","title":{"rendered":"Vrouwenco\u00f6peratie"},"content":{"rendered":"<div class=\"wpb-content-wrapper\"><div class=\"vc_row wpb_row vc_row-fluid\"><div class=\"wpb_column vc_column_container vc_col-sm-12\"><div class=\"vc_column-inner\"><div class=\"wpb_wrapper\"><div class=\"vc_separator wpb_content_element vc_separator_align_center vc_sep_width_100 vc_sep_pos_align_center vc_separator_no_text vc_sep_color_grey wpb_content_element  wpb_content_element\" ><span class=\"vc_sep_holder vc_sep_holder_l\"><span class=\"vc_sep_line\"><\/span><\/span><span class=\"vc_sep_holder vc_sep_holder_r\"><span class=\"vc_sep_line\"><\/span><\/span>\n<\/div><h1 style=\"text-align: center\" class=\"vc_custom_heading vc_do_custom_heading\" >Vrouwenco\u00f6peratie<\/h1>\n\t<div class=\"wpb_text_column wpb_content_element\" >\n\t\t<div class=\"wpb_wrapper\">\n\t\t\t<p style=\"text-align: center;\">\u201cTibladins samenwerking met vrouwenco\u00f6peraties in Marokko is meer dan alleen een bedrijf. Het is een uiting van mijn diepe respect voor Marokkaans vakmanschap en een verlangen om vrouwen te ondersteunen bij het opbouwen van een beter leven voor zichzelf en hun gezin. De samenwerking met vrouwenco\u00f6peraties is dan ook een persoonlijk project, ge\u00efnspireerd door de inzet van mijn schoonvader om anderen te helpen. Ik ben er trots op dat ik een bijdrage kan leveren aan de economische empowerment van vrouwen en hen de kans kan geven hun creatieve potentieel te ontplooien.\u201d \u2013 Mette Frank Bijaad, eigenaar van Tibladin.<\/p>\n\n\t\t<\/div>\n\t<\/div>\n<\/div><\/div><\/div><\/div><div class=\"vc_row wpb_row vc_row-fluid\"><div class=\"wpb_column vc_column_container vc_col-sm-6\"><div class=\"vc_column-inner\"><div class=\"wpb_wrapper\">\n\t<div  class=\"wpb_single_image wpb_content_element vc_align_center wpb_content_element\">\n\t\t\n\t\t<figure class=\"wpb_wrapper vc_figure\">\n\t\t\t<div class=\"vc_single_image-wrapper   vc_box_border_grey\"><img decoding=\"async\" class=\"vc_single_image-img\" src=\"https:\/\/tibladin.dk\/wp-content\/uploads\/2025\/01\/Vaeveteknikker_kvindekoopertaiv_4-600x700.jpg\" width=\"600\" height=\"700\" alt=\"Weeftechnieken_vrouwenco\u00f6peratie_twee vrouwen weven\" title=\"Weeftechnieken_vrouwenco\u00f6peratie_4\" loading=\"lazy\" \/><\/div>\n\t\t<\/figure>\n\t<\/div>\n<\/div><\/div><\/div><div class=\"wpb_column vc_column_container vc_col-sm-6\"><div class=\"vc_column-inner\"><div class=\"wpb_wrapper\">\n\t<div  class=\"wpb_single_image wpb_content_element vc_align_center wpb_content_element\">\n\t\t\n\t\t<figure class=\"wpb_wrapper vc_figure\">\n\t\t\t<div class=\"vc_single_image-wrapper   vc_box_border_grey\"><img decoding=\"async\" class=\"vc_single_image-img\" src=\"https:\/\/tibladin.dk\/wp-content\/uploads\/2025\/01\/Broderier_kvindekoopertaiv_1-600x700.jpg\" width=\"600\" height=\"700\" alt=\"Vrouw werkzaam in vrouwenco\u00f6peratie\" title=\"Borduurwerk_vrouwenco\u00f6peratie_1\" loading=\"lazy\" \/><\/div>\n\t\t<\/figure>\n\t<\/div>\n<\/div><\/div><\/div><\/div><div class=\"vc_row wpb_row vc_row-fluid\"><div class=\"wpb_column vc_column_container vc_col-sm-12\"><div class=\"vc_column-inner\"><div class=\"wpb_wrapper\"><h2 style=\"text-align: center\" class=\"vc_custom_heading vc_do_custom_heading\" >Bevorderen van de omstandigheden van Marokkaanse vrouwen<\/h2>\n\t<div class=\"wpb_text_column wpb_content_element\" >\n\t\t<div class=\"wpb_wrapper\">\n\t\t\t<p style=\"text-align: center;\">Tibladin werkt op sociaal en economisch vlak samen met verschillende vrouwenco\u00f6peraties om de omstandigheden voor vrouwen te verbeteren en de levensstandaard van veel gezinnen te verbeteren. In deze co\u00f6peraties zijn scholen en kleuterscholen opgericht, zodat de kinderen kunnen leren terwijl hun moeders werken. De vrouwen beschikken over indrukwekkende ambachtelijke vaardigheden en cre\u00ebren met grote zorg en precisie prachtige breisels, weefsels, borduurwerken en naaiwerk. De co\u00f6peraties streven ernaar om de oude ambachtelijke tradities in stand te houden en tegelijkertijd nieuwe, moderne creaties te ontwikkelen. Hierdoor worden de vaardigheden van vrouwen ontwikkeld en ontstaat er een goede balans tussen traditie en innovatie.<\/p>\n\n\t\t<\/div>\n\t<\/div>\n<h2 style=\"text-align: center\" class=\"vc_custom_heading vc_do_custom_heading\" >Ondersteuning voor lokale gemeenschappen<\/h2>\n\t<div class=\"wpb_text_column wpb_content_element\" >\n\t\t<div class=\"wpb_wrapper\">\n\t\t\t<p style=\"text-align: center;\">Het helpen van Marokkanen is een van de belangrijkste pijlers waarop Tibladin is gebouwd. Ter ere van mijn schoonvader, die zich met zijn werk bij de Marokkaanse overheid richtte op de ontwikkeling van de infrastructuur in kleine dorpen, zijn er projecten gestart die dorpelingen in staat stellen om bedrijven te starten waarmee ze op de lange termijn in hun levensonderhoud kunnen voorzien. Deze toewijding aan het ondersteunen van lokale gemeenschappen is een fundament dat hand in hand gaat met de waarden en missie van Tibladin.<\/p>\n\n\t\t<\/div>\n\t<\/div>\n<\/div><\/div><\/div><\/div><div class=\"vc_row wpb_row vc_row-fluid\"><div class=\"wpb_column vc_column_container vc_col-sm-6\"><div class=\"vc_column-inner\"><div class=\"wpb_wrapper\">\n\t<div  class=\"wpb_single_image wpb_content_element vc_align_center wpb_content_element\">\n\t\t\n\t\t<figure class=\"wpb_wrapper vc_figure\">\n\t\t\t<div class=\"vc_single_image-wrapper   vc_box_border_grey\"><img decoding=\"async\" class=\"vc_single_image-img\" src=\"https:\/\/tibladin.dk\/wp-content\/uploads\/2025\/01\/Vaeveteknikker_kvindekoopertaiv_1-600x700.jpg\" width=\"600\" height=\"700\" alt=\"Twee vrouwen werken in een vrouwenco\u00f6peratie\" title=\"Weeftechnieken_vrouwenco\u00f6peratie_1\" loading=\"lazy\" \/><\/div>\n\t\t<\/figure>\n\t<\/div>\n<\/div><\/div><\/div><div class=\"wpb_column vc_column_container vc_col-sm-6\"><div class=\"vc_column-inner\"><div class=\"wpb_wrapper\">\n\t<div  class=\"wpb_single_image wpb_content_element vc_align_center wpb_content_element\">\n\t\t\n\t\t<figure class=\"wpb_wrapper vc_figure\">\n\t\t\t<div class=\"vc_single_image-wrapper   vc_box_border_grey\"><img decoding=\"async\" class=\"vc_single_image-img\" src=\"https:\/\/tibladin.dk\/wp-content\/uploads\/2025\/01\/Vaevning_kvindekooperativ_9-1-600x700.jpg\" width=\"600\" height=\"700\" alt=\"Weven in een vrouwenco\u00f6peratie\" title=\"Weefvrouwenco\u00f6peratie_9\" loading=\"lazy\" \/><\/div>\n\t\t<\/figure>\n\t<\/div>\n<\/div><\/div><\/div><\/div><div class=\"vc_row wpb_row vc_row-fluid\"><div class=\"wpb_column vc_column_container vc_col-sm-12\"><div class=\"vc_column-inner\"><div class=\"wpb_wrapper\"><h2 style=\"text-align: center\" class=\"vc_custom_heading vc_do_custom_heading\" >Steun vrouwenco\u00f6peraties in Marokko<\/h2>\n\t<div class=\"wpb_text_column wpb_content_element\" >\n\t\t<div class=\"wpb_wrapper\">\n\t\t\t<p style=\"text-align: center;\">Ontdek onze selectie producten die zijn ontwikkeld in samenwerking met vrouwenco\u00f6peraties in Marokko. Elk product is het resultaat van het vakmanschap en de traditionele technieken van de vrouwen, gecombineerd met hun verlangen om betere omstandigheden voor henzelf en hun gezinnen te ondersteunen en te bevorderen. Ontdek onder andere onze <a href=\"https:\/\/tibladin.dk\/nl\/product-categorie-3\/marokkaanse-tapijten\/\">dekens<\/a> of onze <a href=\"https:\/\/tibladin.dk\/nl\/product-categorie-3\/interieur\/woonaccessoires\/textiel\/kussensloop\/cactus-zijden-kussens\/\">poeder<\/a>, gecre\u00eberd in samenwerking met vrouwenco\u00f6peraties in Marokko.<\/p>\n\n\t\t<\/div>\n\t<\/div>\n<\/div><\/div><\/div><\/div><div class=\"vc_row wpb_row vc_row-fluid vc_row-o-content-middle vc_row-flex\"><div class=\"wpb_column vc_column_container vc_col-sm-6\"><div class=\"vc_column-inner\"><div class=\"wpb_wrapper\">\n\t<div class=\"wpb_video_widget wpb_content_element vc_clearfix   vc_video-aspect-ratio-169 vc_video-el-width-100 vc_video-align-center\" >\n\t\t<div class=\"wpb_wrapper\">\n\t\t\t\n\t\t\t<div class=\"wpb_video_wrapper\"><div class=\"video-container\"><iframe loading=\"lazy\" title=\"Leveranciersbezoek Tibladin - Vrouwenco\u00f6peratie Marokko\" width=\"500\" height=\"281\" src=\"https:\/\/www.youtube.com\/embed\/Y8cLkVwVAQQ?feature=oembed\" frameborder=\"0\" allow=\"accelerometer; autoplay; clipboard-write; encrypted-media; gyroscope; picture-in-picture; web-share\" referrerpolicy=\"strict-origin-when-cross-origin\" allowfullscreen><\/iframe><\/div><\/div>\n\t\t<\/div>\n\t<\/div>\n<\/div><\/div><\/div><div class=\"wpb_column vc_column_container vc_col-sm-6\"><div class=\"vc_column-inner\"><div class=\"wpb_wrapper\">\n\t<div class=\"wpb_text_column wpb_content_element\" >\n\t\t<div class=\"wpb_wrapper\">\n\t\t\t<h3>Kom ons bezoeken!<\/h3>\n<p>Kom met ons mee voor een inspirerend bezoek aan een van de vrouwenco\u00f6peraties waarmee Tibladin samenwerkt. Hier werken we nauw samen om heerlijke, unieke producten te ontwikkelen die zowel schoonheid als geschiedenis in uw huis brengen. Door onze samenwerking cre\u00ebren we niet alleen producten, maar ook kansen en hoop voor honderden vrouwen en hun families in Marokko.<\/p>\n<p>Iedere keer dat wij deze co\u00f6peraties bezoeken, raken wij vervuld van vreugde en inspiratie. Het is heel bijzonder om te zien hoe de vrouwen hun vakmanschap omzetten in prachtige producten. En dat allemaal terwijl ze samen zitten, verhalen uitwisselen en elkaar steunen in een warme gemeenschap. Hun werk is niet alleen een bron van inkomsten, maar ook van trots en empowerment.<\/p>\n<p>Tijdens de bezoeken bezoeken we ook het schooltje en de kleuterschool, die een belangrijk onderdeel vormen van het leven in de directe omgeving van de co\u00f6peratie. Hier kunnen de kinderen in een veilige omgeving hun dag doorbrengen met leren en ontwikkelen. De gezichtjes van de kinderen beginnen altijd te stralen als we ze nieuwe schriften, potloden en kleurpotloden geven om ze te helpen met hun schoolwerk. Het is een herinnering aan hoe groot het verschil kan zijn, zelfs met een kleine bijdrage.<\/p>\n<p>Wanneer u bij Tibladin winkelt, doet u veel meer dan alleen een product kopen. U steunt de vrouwen achter elk handgemaakt stuk en u helpt een betere toekomst voor hen en hun families te cre\u00ebren. Uw aankoop maakt het verschil.<\/p>\n<p>Namens ons allemaal en de vrouwen in de co\u00f6peraties: hartelijk dank voor jullie steun!<\/p>\n\n\t\t<\/div>\n\t<\/div>\n<\/div><\/div><\/div><\/div>\n<\/div>","protected":false},"excerpt":{"rendered":"Kvindekooperativ \"Tibladins samarbejde med kvindekooperativer i Marokko er mere end bare en forretning. Det er et udtryk for min dybe respekt for det marokkanske h\u00e5ndv\u00e6rk og et \u00f8nske om at st\u00f8tte kvinderne i at opbygge et bedre liv for sig selv og deres familier. Samarbejdet med kvindekooperativer er derfor et personligt projekt, der er inspireret [...]","protected":false},"author":2,"featured_media":0,"parent":0,"menu_order":0,"comment_status":"closed","ping_status":"closed","template":"template-fullwidth-no-heading.php","meta":{"inline_featured_image":false,"footnotes":""},"class_list":["post-34355","page","type-page","status-publish","hentry"],"yoast_head":"<!-- This site is optimized with the Yoast SEO plugin v27.5 - https:\/\/yoast.com\/product\/yoast-seo-wordpress\/ -->\n<title>Kvindekooperativ | Tibladin samarbejder med kvindekooperativ<\/title>\n<meta name=\"description\" content=\"Tibladin samarbejder med kvindekooperativer i Marokko med fokus p\u00e5 traditionelt h\u00e5ndv\u00e6rk og \u00f8nsket om give kvinder \u00f8konomisk uafh\u00e6ngighed.\" \/>\n<meta name=\"robots\" content=\"index, follow, max-snippet:-1, max-image-preview:large, max-video-preview:-1\" \/>\n<link rel=\"canonical\" href=\"https:\/\/tibladin.dk\/nl\/vrouwencooperatie\/\" \/>\n<meta property=\"og:locale\" content=\"nl_NL\" \/>\n<meta property=\"og:type\" content=\"article\" \/>\n<meta property=\"og:title\" content=\"Kvindekooperativ | Tibladin samarbejder med kvindekooperativ\" \/>\n<meta property=\"og:description\" content=\"Tibladin samarbejder med kvindekooperativer i Marokko med fokus p\u00e5 traditionelt h\u00e5ndv\u00e6rk og \u00f8nsket om give kvinder \u00f8konomisk uafh\u00e6ngighed.\" \/>\n<meta property=\"og:url\" content=\"https:\/\/tibladin.dk\/nl\/vrouwencooperatie\/\" \/>\n<meta property=\"og:site_name\" content=\"Tibladin\" \/>\n<meta property=\"article:modified_time\" content=\"2025-01-28T14:06:17+00:00\" \/>\n<meta name=\"twitter:card\" content=\"summary_large_image\" \/>\n<meta name=\"twitter:label1\" content=\"Geschatte leestijd\" \/>\n\t<meta name=\"twitter:data1\" content=\"5 minuten\" \/>\n<script type=\"application\/ld+json\" class=\"yoast-schema-graph\">{\"@context\":\"https:\\\/\\\/schema.org\",\"@graph\":[{\"@type\":\"WebPage\",\"@id\":\"https:\\\/\\\/tibladin.dk\\\/kvindekooperativ\\\/\",\"url\":\"https:\\\/\\\/tibladin.dk\\\/kvindekooperativ\\\/\",\"name\":\"Kvindekooperativ | Tibladin samarbejder med kvindekooperativ\",\"isPartOf\":{\"@id\":\"https:\\\/\\\/tibladin.dk\\\/#website\"},\"datePublished\":\"2025-01-27T12:13:17+00:00\",\"dateModified\":\"2025-01-28T14:06:17+00:00\",\"description\":\"Tibladin samarbejder med kvindekooperativer i Marokko med fokus p\u00e5 traditionelt h\u00e5ndv\u00e6rk og \u00f8nsket om give kvinder \u00f8konomisk uafh\u00e6ngighed.\",\"breadcrumb\":{\"@id\":\"https:\\\/\\\/tibladin.dk\\\/kvindekooperativ\\\/#breadcrumb\"},\"inLanguage\":\"nl-NL\",\"potentialAction\":[{\"@type\":\"ReadAction\",\"target\":[\"https:\\\/\\\/tibladin.dk\\\/kvindekooperativ\\\/\"]}]},{\"@type\":\"BreadcrumbList\",\"@id\":\"https:\\\/\\\/tibladin.dk\\\/kvindekooperativ\\\/#breadcrumb\",\"itemListElement\":[{\"@type\":\"ListItem\",\"position\":1,\"name\":\"Hjem\",\"item\":\"https:\\\/\\\/tibladin.dk\\\/\"},{\"@type\":\"ListItem\",\"position\":2,\"name\":\"Kvindekooperativ\"}]},{\"@type\":\"WebSite\",\"@id\":\"https:\\\/\\\/tibladin.dk\\\/#website\",\"url\":\"https:\\\/\\\/tibladin.dk\\\/\",\"name\":\"Tibladin\",\"description\":\"Tibladin\",\"publisher\":{\"@id\":\"https:\\\/\\\/tibladin.dk\\\/#organization\"},\"potentialAction\":[{\"@type\":\"SearchAction\",\"target\":{\"@type\":\"EntryPoint\",\"urlTemplate\":\"https:\\\/\\\/tibladin.dk\\\/?s={search_term_string}\"},\"query-input\":{\"@type\":\"PropertyValueSpecification\",\"valueRequired\":true,\"valueName\":\"search_term_string\"}}],\"inLanguage\":\"nl-NL\"},{\"@type\":\"Organization\",\"@id\":\"https:\\\/\\\/tibladin.dk\\\/#organization\",\"name\":\"Tibladin\",\"url\":\"https:\\\/\\\/tibladin.dk\\\/\",\"logo\":{\"@type\":\"ImageObject\",\"inLanguage\":\"nl-NL\",\"@id\":\"https:\\\/\\\/tibladin.dk\\\/#\\\/schema\\\/logo\\\/image\\\/\",\"url\":\"https:\\\/\\\/tibladin.dk\\\/wp-content\\\/uploads\\\/2022\\\/09\\\/tibladin_logo.svg\",\"contentUrl\":\"https:\\\/\\\/tibladin.dk\\\/wp-content\\\/uploads\\\/2022\\\/09\\\/tibladin_logo.svg\",\"caption\":\"Tibladin\"},\"image\":{\"@id\":\"https:\\\/\\\/tibladin.dk\\\/#\\\/schema\\\/logo\\\/image\\\/\"}}]}<\/script>\n<!-- \/ Yoast SEO plugin. -->","yoast_head_json":{"title":"Vrouwenco\u00f6peratie | Tibladin werkt samen met vrouwenco\u00f6peratie","description":"Tibladin werkt samen met vrouwenco\u00f6peraties in Marokko. Zij richten zich op traditioneel handwerk en willen vrouwen economische onafhankelijkheid geven.","robots":{"index":"index","follow":"follow","max-snippet":"max-snippet:-1","max-image-preview":"max-image-preview:large","max-video-preview":"max-video-preview:-1"},"canonical":"https:\/\/tibladin.dk\/nl\/vrouwencooperatie\/","og_locale":"nl_NL","og_type":"article","og_title":"Kvindekooperativ | Tibladin samarbejder med kvindekooperativ","og_description":"Tibladin samarbejder med kvindekooperativer i Marokko med fokus p\u00e5 traditionelt h\u00e5ndv\u00e6rk og \u00f8nsket om give kvinder \u00f8konomisk uafh\u00e6ngighed.","og_url":"https:\/\/tibladin.dk\/nl\/vrouwencooperatie\/","og_site_name":"Tibladin","article_modified_time":"2025-01-28T14:06:17+00:00","twitter_card":"summary_large_image","twitter_misc":{"Geschatte leestijd":"5 minuten"},"schema":{"@context":"https:\/\/schema.org","@graph":[{"@type":"WebPage","@id":"https:\/\/tibladin.dk\/kvindekooperativ\/","url":"https:\/\/tibladin.dk\/kvindekooperativ\/","name":"Vrouwenco\u00f6peratie | Tibladin werkt samen met vrouwenco\u00f6peratie","isPartOf":{"@id":"https:\/\/tibladin.dk\/#website"},"datePublished":"2025-01-27T12:13:17+00:00","dateModified":"2025-01-28T14:06:17+00:00","description":"Tibladin werkt samen met vrouwenco\u00f6peraties in Marokko. Zij richten zich op traditioneel handwerk en willen vrouwen economische onafhankelijkheid geven.","breadcrumb":{"@id":"https:\/\/tibladin.dk\/kvindekooperativ\/#breadcrumb"},"inLanguage":"nl-NL","potentialAction":[{"@type":"ReadAction","target":["https:\/\/tibladin.dk\/kvindekooperativ\/"]}]},{"@type":"BreadcrumbList","@id":"https:\/\/tibladin.dk\/kvindekooperativ\/#breadcrumb","itemListElement":[{"@type":"ListItem","position":1,"name":"Hjem","item":"https:\/\/tibladin.dk\/"},{"@type":"ListItem","position":2,"name":"Kvindekooperativ"}]},{"@type":"WebSite","@id":"https:\/\/tibladin.dk\/#website","url":"https:\/\/tibladin.dk\/","name":"Tibladin","description":"Tibladin","publisher":{"@id":"https:\/\/tibladin.dk\/#organization"},"potentialAction":[{"@type":"SearchAction","target":{"@type":"EntryPoint","urlTemplate":"https:\/\/tibladin.dk\/?s={search_term_string}"},"query-input":{"@type":"PropertyValueSpecification","valueRequired":true,"valueName":"search_term_string"}}],"inLanguage":"nl-NL"},{"@type":"Organization","@id":"https:\/\/tibladin.dk\/#organization","name":"Tibladin","url":"https:\/\/tibladin.dk\/","logo":{"@type":"ImageObject","inLanguage":"nl-NL","@id":"https:\/\/tibladin.dk\/#\/schema\/logo\/image\/","url":"https:\/\/tibladin.dk\/wp-content\/uploads\/2022\/09\/tibladin_logo.svg","contentUrl":"https:\/\/tibladin.dk\/wp-content\/uploads\/2022\/09\/tibladin_logo.svg","caption":"Tibladin"},"image":{"@id":"https:\/\/tibladin.dk\/#\/schema\/logo\/image\/"}}]}},"_links":{"self":[{"href":"https:\/\/tibladin.dk\/nl\/wp-json\/wp\/v2\/pages\/34355","targetHints":{"allow":["GET"]}}],"collection":[{"href":"https:\/\/tibladin.dk\/nl\/wp-json\/wp\/v2\/pages"}],"about":[{"href":"https:\/\/tibladin.dk\/nl\/wp-json\/wp\/v2\/types\/page"}],"author":[{"embeddable":true,"href":"https:\/\/tibladin.dk\/nl\/wp-json\/wp\/v2\/users\/2"}],"replies":[{"embeddable":true,"href":"https:\/\/tibladin.dk\/nl\/wp-json\/wp\/v2\/comments?post=34355"}],"version-history":[{"count":21,"href":"https:\/\/tibladin.dk\/nl\/wp-json\/wp\/v2\/pages\/34355\/revisions"}],"predecessor-version":[{"id":34715,"href":"https:\/\/tibladin.dk\/nl\/wp-json\/wp\/v2\/pages\/34355\/revisions\/34715"}],"wp:attachment":[{"href":"https:\/\/tibladin.dk\/nl\/wp-json\/wp\/v2\/media?parent=34355"}],"curies":[{"name":"wp","href":"https:\/\/api.w.org\/{rel}","templated":true}]}}