{"id":34361,"date":"2025-01-27T13:53:46","date_gmt":"2025-01-27T12:53:46","guid":{"rendered":"https:\/\/tibladin.dk\/?page_id=34361"},"modified":"2025-01-27T14:10:06","modified_gmt":"2025-01-27T13:10:06","slug":"de-productie-van-onze-tapijten-en-kussens","status":"publish","type":"page","link":"https:\/\/tibladin.dk\/nl\/produktionen-af-vores-taepper-og-puder\/","title":{"rendered":"De productie van onze dekens en kussens"},"content":{"rendered":"<div class=\"wpb-content-wrapper\"><div class=\"vc_row wpb_row vc_row-fluid\"><div class=\"wpb_column vc_column_container vc_col-sm-12\"><div class=\"vc_column-inner\"><div class=\"wpb_wrapper\"><div class=\"vc_separator wpb_content_element vc_separator_align_center vc_sep_width_100 vc_sep_pos_align_center vc_separator_no_text vc_sep_color_grey wpb_content_element  wpb_content_element\" ><span class=\"vc_sep_holder vc_sep_holder_l\"><span class=\"vc_sep_line\"><\/span><\/span><span class=\"vc_sep_holder vc_sep_holder_r\"><span class=\"vc_sep_line\"><\/span><\/span>\n<\/div><h1 style=\"text-align: center\" class=\"vc_custom_heading vc_do_custom_heading\" >De productie van onze dekens en kussens<\/h1>\n\t<div class=\"wpb_text_column wpb_content_element\" >\n\t\t<div class=\"wpb_wrapper\">\n\t\t\t<p style=\"text-align: center;\">\u201cElk tapijt bij Tibladin wordt door mij persoonlijk zorgvuldig geselecteerd. Ik loop over elk tapijt om de kwaliteit en de geschiedenis ervan te voelen. Ik ben ook altijd op zoek naar mooie vintage tapijten die niet meer geschikt zijn als vloerkleed, maar die je kunt omtoveren tot unieke kussens. Door oude tapijten te recyclen, geven we ze een nieuw leven en cre\u00ebren we prachtige, handgemaakte producten.\u201d \u2013 Mette Frank Bijaad, eigenaar van Tibladin.<\/p>\n\n\t\t<\/div>\n\t<\/div>\n<\/div><\/div><\/div><\/div><div class=\"vc_row wpb_row vc_row-fluid\"><div class=\"wpb_column vc_column_container vc_col-sm-6\"><div class=\"vc_column-inner\"><div class=\"wpb_wrapper\">\n\t<div  class=\"wpb_single_image wpb_content_element vc_align_center wpb_content_element\">\n\t\t\n\t\t<figure class=\"wpb_wrapper vc_figure\">\n\t\t\t<div class=\"vc_single_image-wrapper   vc_box_border_grey\"><img decoding=\"async\" class=\"vc_single_image-img\" src=\"https:\/\/tibladin.dk\/wp-content\/uploads\/2025\/01\/Taepper-og-puder_27-600x700.jpg\" width=\"600\" height=\"700\" alt=\"Materiaal voor dekens en kussens\" title=\"Dekens-en-kussens_27\" loading=\"lazy\" \/><\/div>\n\t\t<\/figure>\n\t<\/div>\n<\/div><\/div><\/div><div class=\"wpb_column vc_column_container vc_col-sm-6\"><div class=\"vc_column-inner\"><div class=\"wpb_wrapper\">\n\t<div  class=\"wpb_single_image wpb_content_element vc_align_center wpb_content_element\">\n\t\t\n\t\t<figure class=\"wpb_wrapper vc_figure\">\n\t\t\t<div class=\"vc_single_image-wrapper   vc_box_border_grey\"><img decoding=\"async\" class=\"vc_single_image-img\" src=\"https:\/\/tibladin.dk\/wp-content\/uploads\/2025\/01\/Taepper-og-puder_28-600x700.jpg\" width=\"600\" height=\"700\" alt=\"Materialen gebruikt voor dekens en kussens\" title=\"Dekens-en-kussens_28\" loading=\"lazy\" \/><\/div>\n\t\t<\/figure>\n\t<\/div>\n<\/div><\/div><\/div><\/div><div class=\"vc_row wpb_row vc_row-fluid\"><div class=\"wpb_column vc_column_container vc_col-sm-12\"><div class=\"vc_column-inner\"><div class=\"wpb_wrapper\"><h2 style=\"text-align: center\" class=\"vc_custom_heading vc_do_custom_heading\" >De beste kwaliteit<\/h2>\n\t<div class=\"wpb_text_column wpb_content_element\" >\n\t\t<div class=\"wpb_wrapper\">\n\t\t\t<p style=\"text-align: center;\">Het kiezen van een wollen tapijt is als het kiezen van een kunstwerk. Al onze tapijten met patronen zijn uniek en hebben elk hun eigen verhaal. Dat verhaal moet passen bij uw interieur. Bij Tibladin selecteren we Marokkaanse tapijten zorgvuldig in samenwerking met onze leveranciers in Marrakech. We zijn er trots op dat zowel katoenen als wollen tapijten van de beste kwaliteit katoen en wol zijn gemaakt.<\/p>\n\n\t\t<\/div>\n\t<\/div>\n<h2 style=\"text-align: center\" class=\"vc_custom_heading vc_do_custom_heading\" >Traditie, vakmanschap en unieke verhalen<\/h2>\n\t<div class=\"wpb_text_column wpb_content_element\" >\n\t\t<div class=\"wpb_wrapper\">\n\t\t\t<p style=\"text-align: center;\">Marokko heeft een lange en trotse traditie als het gaat om de productie van enkele van de mooiste handgemaakte wollen tapijten. Dit eeuwenoude ambacht bestaat nog steeds: Beni Ouarain- en Boucherouite-tapijten worden met de hand geweven door vrouwen van de Berberstammen uit het Atlasgebergte.<\/p>\n<p style=\"text-align: center;\">De Berbers hadden van oudsher geen geschreven taal en daarom brachten ze hun verhalen tot uiting in de kleurrijke tapijtkunst. De Marokkaanse tapijten waren oorspronkelijk persoonlijk en ge\u00efnspireerd op de verhalen van de vrouwen zelf. Tegenwoordig maken de vrouwen talloze tapijten met verschillende patronen en verhalen. Deze worden door tapijthandelaren opgekocht en over de hele wereld gedistribueerd.<\/p>\n<p style=\"text-align: center;\">De Beni Ouarain-stam bestaat uit verschillende kleinere stammen. Sommige daarvan zijn verder naar de valleien van het Atlasgebergte getrokken, terwijl andere nog steeds op grotere hoogten leven. Het leven in de bergen zorgt ervoor dat schapenhouderij vanzelfsprekend is en dat er hoogwaardige wol geproduceerd kan worden. Wat de stammen gemeen hebben, is dat de vrouwen ongelooflijk zachte en luxueuze dekens weven. Deze zijn meestal gemaakt van lichte wol met eenvoudige, donkere patronen.<\/p>\n<p style=\"text-align: center;\">Boucherouite-tapijten worden gemaakt van restjes wol en soms katoen, waardoor ze veel kleurrijker zijn dan de eenvoudige Beni Ouarain-tapijten. Deze tapijten fungeren als unieke interieurelementen die een levendiger en kleurrijker tintje aan elk interieur kunnen toevoegen.<\/p>\n\n\t\t<\/div>\n\t<\/div>\n<\/div><\/div><\/div><\/div><div class=\"vc_row wpb_row vc_row-fluid\"><div class=\"wpb_column vc_column_container vc_col-sm-6\"><div class=\"vc_column-inner\"><div class=\"wpb_wrapper\">\n\t<div  class=\"wpb_single_image wpb_content_element vc_align_center wpb_content_element\">\n\t\t\n\t\t<figure class=\"wpb_wrapper vc_figure\">\n\t\t\t<div class=\"vc_single_image-wrapper   vc_box_border_grey\"><img decoding=\"async\" class=\"vc_single_image-img\" src=\"https:\/\/tibladin.dk\/wp-content\/uploads\/2025\/01\/Taepper-og-puder_23-600x700.jpg\" width=\"600\" height=\"700\" alt=\"Man werkt met dekens en kussens\" title=\"Dekens-en-kussens_23\" loading=\"lazy\" \/><\/div>\n\t\t<\/figure>\n\t<\/div>\n<\/div><\/div><\/div><div class=\"wpb_column vc_column_container vc_col-sm-6\"><div class=\"vc_column-inner\"><div class=\"wpb_wrapper\">\n\t<div  class=\"wpb_single_image wpb_content_element vc_align_center wpb_content_element\">\n\t\t\n\t\t<figure class=\"wpb_wrapper vc_figure\">\n\t\t\t<div class=\"vc_single_image-wrapper   vc_box_border_grey\"><img decoding=\"async\" class=\"vc_single_image-img\" src=\"https:\/\/tibladin.dk\/wp-content\/uploads\/2025\/01\/Puder_taepper_1-600x700.jpg\" width=\"600\" height=\"700\" alt=\"Dekens liggen buiten\" title=\"Kussens_dekens_1\" loading=\"lazy\" \/><\/div>\n\t\t<\/figure>\n\t<\/div>\n<\/div><\/div><\/div><\/div><div class=\"vc_row wpb_row vc_row-fluid\"><div class=\"wpb_column vc_column_container vc_col-sm-12\"><div class=\"vc_column-inner\"><div class=\"wpb_wrapper\"><h2 style=\"text-align: center\" class=\"vc_custom_heading vc_do_custom_heading\" >Natuurlijke kleurstoffen<\/h2>\n\t<div class=\"wpb_text_column wpb_content_element\" >\n\t\t<div class=\"wpb_wrapper\">\n\t\t\t<p style=\"text-align: center;\">De natuurlijke kleurstoffen die in Marokkaanse tapijten worden gebruikt, zijn een waar geschenk van de natuur. Planten zoals indigo, granaatappel, saffraan en kermes zorgen voor een prachtig en levendig kleurenpalet in zowel Marokkaanse tapijten als lopers. Deze natuurlijke kleurstoffen transformeren katoen en wol in authentieke kunstwerken, waarbij kleuren en patronen niet alleen de vloer sieren, maar ook een natuurlijke en tijdloze schoonheid toevoegen aan de woonkamer en het interieur.<\/p>\n\n\t\t<\/div>\n\t<\/div>\n<h2 style=\"text-align: center\" class=\"vc_custom_heading vc_do_custom_heading\" >Kussens van vintage tapijten<\/h2>\n\t<div class=\"wpb_text_column wpb_content_element\" >\n\t\t<div class=\"wpb_wrapper\">\n\t\t\t<p style=\"text-align: center;\">Onze unieke kussenslopen zijn gemaakt van zorgvuldig geselecteerde vintage dekens. De dekens worden genaaid tot prachtige kussenslopen in verschillende, en soms ietwat onconventionele, afmetingen, zodat elke centimeter van het materiaal wordt benut. Wij ontwerpen zorgvuldig hoe het kleed gesneden wordt, zodat de patronen binnen dezelfde serie kussenhoezen er verschillend uitzien. Het resultaat is een geheel uniek kussen, waarvan er maar \u00e9\u00e9n exemplaar verkrijgbaar is en dat u naar eigen wens kunt combineren. De achterkant van de kussens is gemaakt van sterk Kiria-katoen.<\/p>\n\n\t\t<\/div>\n\t<\/div>\n<\/div><\/div><\/div><\/div><div class=\"vc_row wpb_row vc_row-fluid\"><div class=\"wpb_column vc_column_container vc_col-sm-6\"><div class=\"vc_column-inner\"><div class=\"wpb_wrapper\">\n\t<div  class=\"wpb_single_image wpb_content_element vc_align_center wpb_content_element\">\n\t\t\n\t\t<figure class=\"wpb_wrapper vc_figure\">\n\t\t\t<div class=\"vc_single_image-wrapper   vc_box_border_grey\"><img decoding=\"async\" class=\"vc_single_image-img\" src=\"https:\/\/tibladin.dk\/wp-content\/uploads\/2024\/12\/Marokkansk-pude-af-vintage-taeppe_TEDDY_motiv-7_LS-600x700.jpg\" width=\"600\" height=\"700\" alt=\"Marokkaans kussen gemaakt van vintage tapijt_TEDDY_motief 7\" title=\"Marokkaans-kussen-van-vintage-tapijt_TEDDY_motif-7_LS\" loading=\"lazy\" \/><\/div>\n\t\t<\/figure>\n\t<\/div>\n<\/div><\/div><\/div><div class=\"wpb_column vc_column_container vc_col-sm-6\"><div class=\"vc_column-inner\"><div class=\"wpb_wrapper\">\n\t<div  class=\"wpb_single_image wpb_content_element vc_align_center wpb_content_element\">\n\t\t\n\t\t<figure class=\"wpb_wrapper vc_figure\">\n\t\t\t<div class=\"vc_single_image-wrapper   vc_box_border_grey\"><img decoding=\"async\" class=\"vc_single_image-img\" src=\"https:\/\/tibladin.dk\/wp-content\/uploads\/2025\/01\/Puder_taepper_6-600x700.jpg\" width=\"600\" height=\"700\" alt=\"Deken wordt kussen\" title=\"Kussens_dekens_6\" loading=\"lazy\" \/><\/div>\n\t\t<\/figure>\n\t<\/div>\n<\/div><\/div><\/div><\/div><div class=\"vc_row wpb_row vc_row-fluid\"><div class=\"wpb_column vc_column_container vc_col-sm-12\"><div class=\"vc_column-inner\"><div class=\"wpb_wrapper\"><h2 style=\"text-align: center\" class=\"vc_custom_heading vc_do_custom_heading\" >Ontdek unieke dekens en kussenslopen voor uw huis<\/h2>\n\t<div class=\"wpb_text_column wpb_content_element\" >\n\t\t<div class=\"wpb_wrapper\">\n\t\t\t<p style=\"text-align: center;\"><a href=\"https:\/\/tibladin.dk\/nl\/product-categorie-3\/marokkaanse-tapijten\/\">Ontdek onze selectie tapijten<\/a>, die warmte en karakter aan uw huis kan toevoegen, of <a href=\"https:\/\/tibladin.dk\/nl\/product-categorie-3\/interieur\/woonaccessoires\/textiel\/kussensloop\/kussens-van-vintage-tapijten\/\">ontdek onze unieke kussenslopen<\/a>, wat een persoonlijke en onderscheidende toets aan uw interieur geeft. Laat u inspireren door onze collecties en vind de elementen die bij uw stijl passen.<\/p>\n\n\t\t<\/div>\n\t<\/div>\n<\/div><\/div><\/div><\/div>\n<\/div>","protected":false},"excerpt":{"rendered":"Produktionen af vores t\u00e6pper og puder \"Hvert t\u00e6ppe hos Tibladin er n\u00f8je udvalgt af mig personligt. Jeg g\u00e5r p\u00e5 hvert t\u00e6ppe for at m\u00e6rke kvaliteten og historien, det b\u00e6rer med sig. Jeg s\u00f8ger ogs\u00e5 altid smukke vintage t\u00e6pper, som ikke l\u00e6ngere egner sig som gulvt\u00e6pper, men som kan forvandles til unikke puder. Ved at genanvende [...]","protected":false},"author":2,"featured_media":0,"parent":0,"menu_order":0,"comment_status":"closed","ping_status":"closed","template":"template-fullwidth-no-heading.php","meta":{"inline_featured_image":false,"footnotes":""},"class_list":["post-34361","page","type-page","status-publish","hentry"],"yoast_head":"<!-- This site is optimized with the Yoast SEO plugin v27.5 - https:\/\/yoast.com\/product\/yoast-seo-wordpress\/ -->\n<title>Produktionen af vores t\u00e6pper og puder | Tradition og h\u00e5ndv\u00e6rk<\/title>\n<meta name=\"description\" content=\"Vores h\u00e5ndlavede t\u00e6pper og pudder er udvalgt med fokus p\u00e5 traditionelt h\u00e5ndv\u00e6rk, naturlige farvestoffer og h\u00f8j kvalitet.\" \/>\n<meta name=\"robots\" content=\"index, follow, max-snippet:-1, max-image-preview:large, max-video-preview:-1\" \/>\n<link rel=\"canonical\" href=\"https:\/\/tibladin.dk\/nl\/de-productie-van-onze-tapijten-en-kussens\/\" \/>\n<meta property=\"og:locale\" content=\"nl_NL\" \/>\n<meta property=\"og:type\" content=\"article\" \/>\n<meta property=\"og:title\" content=\"Produktionen af vores t\u00e6pper og puder | Tradition og h\u00e5ndv\u00e6rk\" \/>\n<meta property=\"og:description\" content=\"Vores h\u00e5ndlavede t\u00e6pper og pudder er udvalgt med fokus p\u00e5 traditionelt h\u00e5ndv\u00e6rk, naturlige farvestoffer og h\u00f8j kvalitet.\" \/>\n<meta property=\"og:url\" content=\"https:\/\/tibladin.dk\/nl\/de-productie-van-onze-tapijten-en-kussens\/\" \/>\n<meta property=\"og:site_name\" content=\"Tibladin\" \/>\n<meta property=\"article:modified_time\" content=\"2025-01-27T13:10:06+00:00\" \/>\n<meta name=\"twitter:card\" content=\"summary_large_image\" \/>\n<meta name=\"twitter:label1\" content=\"Geschatte leestijd\" \/>\n\t<meta name=\"twitter:data1\" content=\"5 minuten\" \/>\n<script type=\"application\/ld+json\" class=\"yoast-schema-graph\">{\"@context\":\"https:\\\/\\\/schema.org\",\"@graph\":[{\"@type\":\"WebPage\",\"@id\":\"https:\\\/\\\/tibladin.dk\\\/produktionen-af-vores-taepper-og-puder\\\/\",\"url\":\"https:\\\/\\\/tibladin.dk\\\/produktionen-af-vores-taepper-og-puder\\\/\",\"name\":\"Produktionen af vores t\u00e6pper og puder | Tradition og h\u00e5ndv\u00e6rk\",\"isPartOf\":{\"@id\":\"https:\\\/\\\/tibladin.dk\\\/#website\"},\"datePublished\":\"2025-01-27T12:53:46+00:00\",\"dateModified\":\"2025-01-27T13:10:06+00:00\",\"description\":\"Vores h\u00e5ndlavede t\u00e6pper og pudder er udvalgt med fokus p\u00e5 traditionelt h\u00e5ndv\u00e6rk, naturlige farvestoffer og h\u00f8j kvalitet.\",\"breadcrumb\":{\"@id\":\"https:\\\/\\\/tibladin.dk\\\/produktionen-af-vores-taepper-og-puder\\\/#breadcrumb\"},\"inLanguage\":\"nl-NL\",\"potentialAction\":[{\"@type\":\"ReadAction\",\"target\":[\"https:\\\/\\\/tibladin.dk\\\/produktionen-af-vores-taepper-og-puder\\\/\"]}]},{\"@type\":\"BreadcrumbList\",\"@id\":\"https:\\\/\\\/tibladin.dk\\\/produktionen-af-vores-taepper-og-puder\\\/#breadcrumb\",\"itemListElement\":[{\"@type\":\"ListItem\",\"position\":1,\"name\":\"Hjem\",\"item\":\"https:\\\/\\\/tibladin.dk\\\/\"},{\"@type\":\"ListItem\",\"position\":2,\"name\":\"Produktionen af vores t\u00e6pper og puder\"}]},{\"@type\":\"WebSite\",\"@id\":\"https:\\\/\\\/tibladin.dk\\\/#website\",\"url\":\"https:\\\/\\\/tibladin.dk\\\/\",\"name\":\"Tibladin\",\"description\":\"Tibladin\",\"publisher\":{\"@id\":\"https:\\\/\\\/tibladin.dk\\\/#organization\"},\"potentialAction\":[{\"@type\":\"SearchAction\",\"target\":{\"@type\":\"EntryPoint\",\"urlTemplate\":\"https:\\\/\\\/tibladin.dk\\\/?s={search_term_string}\"},\"query-input\":{\"@type\":\"PropertyValueSpecification\",\"valueRequired\":true,\"valueName\":\"search_term_string\"}}],\"inLanguage\":\"nl-NL\"},{\"@type\":\"Organization\",\"@id\":\"https:\\\/\\\/tibladin.dk\\\/#organization\",\"name\":\"Tibladin\",\"url\":\"https:\\\/\\\/tibladin.dk\\\/\",\"logo\":{\"@type\":\"ImageObject\",\"inLanguage\":\"nl-NL\",\"@id\":\"https:\\\/\\\/tibladin.dk\\\/#\\\/schema\\\/logo\\\/image\\\/\",\"url\":\"https:\\\/\\\/tibladin.dk\\\/wp-content\\\/uploads\\\/2022\\\/09\\\/tibladin_logo.svg\",\"contentUrl\":\"https:\\\/\\\/tibladin.dk\\\/wp-content\\\/uploads\\\/2022\\\/09\\\/tibladin_logo.svg\",\"caption\":\"Tibladin\"},\"image\":{\"@id\":\"https:\\\/\\\/tibladin.dk\\\/#\\\/schema\\\/logo\\\/image\\\/\"}}]}<\/script>\n<!-- \/ Yoast SEO plugin. -->","yoast_head_json":{"title":"De productie van onze dekens en kussens | Traditie en vakmanschap","description":"Onze handgemaakte tapijten en poeders worden geselecteerd met de nadruk op traditioneel vakmanschap, natuurlijke kleurstoffen en hoge kwaliteit.","robots":{"index":"index","follow":"follow","max-snippet":"max-snippet:-1","max-image-preview":"max-image-preview:large","max-video-preview":"max-video-preview:-1"},"canonical":"https:\/\/tibladin.dk\/nl\/de-productie-van-onze-tapijten-en-kussens\/","og_locale":"nl_NL","og_type":"article","og_title":"Produktionen af vores t\u00e6pper og puder | Tradition og h\u00e5ndv\u00e6rk","og_description":"Vores h\u00e5ndlavede t\u00e6pper og pudder er udvalgt med fokus p\u00e5 traditionelt h\u00e5ndv\u00e6rk, naturlige farvestoffer og h\u00f8j kvalitet.","og_url":"https:\/\/tibladin.dk\/nl\/de-productie-van-onze-tapijten-en-kussens\/","og_site_name":"Tibladin","article_modified_time":"2025-01-27T13:10:06+00:00","twitter_card":"summary_large_image","twitter_misc":{"Geschatte leestijd":"5 minuten"},"schema":{"@context":"https:\/\/schema.org","@graph":[{"@type":"WebPage","@id":"https:\/\/tibladin.dk\/produktionen-af-vores-taepper-og-puder\/","url":"https:\/\/tibladin.dk\/produktionen-af-vores-taepper-og-puder\/","name":"De productie van onze dekens en kussens | Traditie en vakmanschap","isPartOf":{"@id":"https:\/\/tibladin.dk\/#website"},"datePublished":"2025-01-27T12:53:46+00:00","dateModified":"2025-01-27T13:10:06+00:00","description":"Onze handgemaakte tapijten en poeders worden geselecteerd met de nadruk op traditioneel vakmanschap, natuurlijke kleurstoffen en hoge kwaliteit.","breadcrumb":{"@id":"https:\/\/tibladin.dk\/produktionen-af-vores-taepper-og-puder\/#breadcrumb"},"inLanguage":"nl-NL","potentialAction":[{"@type":"ReadAction","target":["https:\/\/tibladin.dk\/produktionen-af-vores-taepper-og-puder\/"]}]},{"@type":"BreadcrumbList","@id":"https:\/\/tibladin.dk\/produktionen-af-vores-taepper-og-puder\/#breadcrumb","itemListElement":[{"@type":"ListItem","position":1,"name":"Hjem","item":"https:\/\/tibladin.dk\/"},{"@type":"ListItem","position":2,"name":"Produktionen af vores t\u00e6pper og puder"}]},{"@type":"WebSite","@id":"https:\/\/tibladin.dk\/#website","url":"https:\/\/tibladin.dk\/","name":"Tibladin","description":"Tibladin","publisher":{"@id":"https:\/\/tibladin.dk\/#organization"},"potentialAction":[{"@type":"SearchAction","target":{"@type":"EntryPoint","urlTemplate":"https:\/\/tibladin.dk\/?s={search_term_string}"},"query-input":{"@type":"PropertyValueSpecification","valueRequired":true,"valueName":"search_term_string"}}],"inLanguage":"nl-NL"},{"@type":"Organization","@id":"https:\/\/tibladin.dk\/#organization","name":"Tibladin","url":"https:\/\/tibladin.dk\/","logo":{"@type":"ImageObject","inLanguage":"nl-NL","@id":"https:\/\/tibladin.dk\/#\/schema\/logo\/image\/","url":"https:\/\/tibladin.dk\/wp-content\/uploads\/2022\/09\/tibladin_logo.svg","contentUrl":"https:\/\/tibladin.dk\/wp-content\/uploads\/2022\/09\/tibladin_logo.svg","caption":"Tibladin"},"image":{"@id":"https:\/\/tibladin.dk\/#\/schema\/logo\/image\/"}}]}},"_links":{"self":[{"href":"https:\/\/tibladin.dk\/nl\/wp-json\/wp\/v2\/pages\/34361","targetHints":{"allow":["GET"]}}],"collection":[{"href":"https:\/\/tibladin.dk\/nl\/wp-json\/wp\/v2\/pages"}],"about":[{"href":"https:\/\/tibladin.dk\/nl\/wp-json\/wp\/v2\/types\/page"}],"author":[{"embeddable":true,"href":"https:\/\/tibladin.dk\/nl\/wp-json\/wp\/v2\/users\/2"}],"replies":[{"embeddable":true,"href":"https:\/\/tibladin.dk\/nl\/wp-json\/wp\/v2\/comments?post=34361"}],"version-history":[{"count":18,"href":"https:\/\/tibladin.dk\/nl\/wp-json\/wp\/v2\/pages\/34361\/revisions"}],"predecessor-version":[{"id":34578,"href":"https:\/\/tibladin.dk\/nl\/wp-json\/wp\/v2\/pages\/34361\/revisions\/34578"}],"wp:attachment":[{"href":"https:\/\/tibladin.dk\/nl\/wp-json\/wp\/v2\/media?parent=34361"}],"curies":[{"name":"wp","href":"https:\/\/api.w.org\/{rel}","templated":true}]}}