{"id":4128,"date":"2022-10-14T09:33:49","date_gmt":"2022-10-14T07:33:49","guid":{"rendered":"https:\/\/tibladin.dk\/?page_id=4128"},"modified":"2025-01-27T14:43:55","modified_gmt":"2025-01-27T13:43:55","slug":"over-tibladine","status":"publish","type":"page","link":"https:\/\/tibladin.dk\/nl\/om-tibladin\/","title":{"rendered":"Over Tibladin"},"content":{"rendered":"<div class=\"wpb-content-wrapper\"><section data-vc-full-width=\"true\" data-vc-full-width-temp=\"true\" data-vc-full-width-init=\"false\" class=\"vc_section vc_custom_1666001388259 vc_section-has-fill vc_row-o-full-height vc_section-o-content-middle vc_section-flex\"><div class=\"vc_row wpb_row vc_row-fluid\"><div class=\"wpb_column vc_column_container vc_col-sm-12\"><div class=\"vc_column-inner\"><div class=\"wpb_wrapper\"><h1 style=\"font-size: 4rem;color: #ffffff;text-align: center\" class=\"vc_custom_heading vc_do_custom_heading vc_custom_1666000350200\" >Over Tibladin<\/h1><div style=\"font-size: 1.3rem;color: #ffffff;text-align: center\" class=\"vc_custom_heading vc_do_custom_heading\" >Een passie voor Marokkaans vakmanschap<\/div><\/div><\/div><\/div><\/div><\/section><div class=\"vc_row-full-width vc_clearfix\"><\/div><div class=\"vc_row wpb_row vc_row-fluid max-width-col vc_custom_1698923700774\"><div class=\"wpb_column vc_column_container vc_col-sm-12\"><div class=\"vc_column-inner\"><div class=\"wpb_wrapper\"><h2 style=\"text-align: center\" class=\"vc_custom_heading vc_do_custom_heading\" >&#039;Kleine platte stenen&#039;<\/h2><div style=\"font-size: 1.3rem;text-align: center\" class=\"vc_custom_heading vc_do_custom_heading\" >&#039;Tibladin&#039; is een Berberwoord en betekent kleine platte stenen. Tibladin noemde mijn schoonfamilie het ouderlijk huis van mijn man. Voor mij symboliseert het de eerste bouwstenen van mijn bedrijf.<\/div><div class=\"vc_empty_space\"   style=\"height: 32px\"><span class=\"vc_empty_space_inner\"><\/span><\/div>\n\t<div class=\"wpb_text_column wpb_content_element\" >\n\t\t<div class=\"wpb_wrapper\">\n\t\t\t<p style=\"text-align: center;\"><strong>Mette Frank Bijaad<br \/>\n<\/strong>Eigenaar van Tibladin<\/p>\n\n\t\t<\/div>\n\t<\/div>\n<\/div><\/div><\/div><\/div><div class=\"vc_row wpb_row vc_row-fluid vc_row-o-content-middle vc_row-flex\"><div class=\"wpb_column vc_column_container vc_col-sm-6\"><div class=\"vc_column-inner\"><div class=\"wpb_wrapper\">\n\t<div  class=\"wpb_single_image wpb_content_element vc_align_left wpb_content_element\">\n\t\t\n\t\t<figure class=\"wpb_wrapper vc_figure\">\n\t\t\t<div class=\"vc_single_image-wrapper   vc_box_border_grey\"><img loading=\"lazy\" decoding=\"async\" width=\"800\" height=\"800\" src=\"https:\/\/tibladin.dk\/wp-content\/uploads\/2022\/09\/Tibladin_marokkansk-pendel-rafia-kurvelampe_stjerneformet_LS3-1.jpg\" class=\"vc_single_image-img attachment-large\" alt=\"Marokkaanse handgemaakte raffia lamp in stervormig vlechtwerk, waarbij het model aan een gedekte tafel staat\" title=\"Tibladin Marokkaanse hanglamp Raffia gebogen lamp Stervormig LS3 1.jpg\" srcset=\"https:\/\/tibladin.dk\/wp-content\/uploads\/2022\/09\/Tibladin_marokkansk-pendel-rafia-kurvelampe_stjerneformet_LS3-1.jpg 800w, https:\/\/tibladin.dk\/wp-content\/uploads\/2022\/09\/Tibladin_marokkansk-pendel-rafia-kurvelampe_stjerneformet_LS3-1-400x400.jpg 400w, https:\/\/tibladin.dk\/wp-content\/uploads\/2022\/09\/Tibladin_marokkansk-pendel-rafia-kurvelampe_stjerneformet_LS3-1-150x150.jpg 150w, https:\/\/tibladin.dk\/wp-content\/uploads\/2022\/09\/Tibladin_marokkansk-pendel-rafia-kurvelampe_stjerneformet_LS3-1-64x64.jpg 64w, https:\/\/tibladin.dk\/wp-content\/uploads\/2022\/09\/Tibladin_marokkansk-pendel-rafia-kurvelampe_stjerneformet_LS3-1-300x300.jpg 300w, https:\/\/tibladin.dk\/wp-content\/uploads\/2022\/09\/Tibladin_marokkansk-pendel-rafia-kurvelampe_stjerneformet_LS3-1-768x768.jpg 768w, https:\/\/tibladin.dk\/wp-content\/uploads\/2022\/09\/Tibladin_marokkansk-pendel-rafia-kurvelampe_stjerneformet_LS3-1-441x441.jpg 441w, https:\/\/tibladin.dk\/wp-content\/uploads\/2022\/09\/Tibladin_marokkansk-pendel-rafia-kurvelampe_stjerneformet_LS3-1-100x100.jpg 100w\" sizes=\"auto, (max-width: 800px) 100vw, 800px\" \/><\/div>\n\t\t<\/figure>\n\t<\/div>\n<\/div><\/div><\/div><div class=\"wpb_column vc_column_container vc_col-sm-6\"><div class=\"vc_column-inner vc_custom_1666002432636\"><div class=\"wpb_wrapper\"><h2 style=\"text-align: left\" class=\"vc_custom_heading vc_do_custom_heading\" >Uniek Marokkaans interieur<\/h2>\n\t<div class=\"wpb_text_column wpb_content_element\" >\n\t\t<div class=\"wpb_wrapper\">\n\t\t\t<p>Ik heb Tibladin gemaakt vanuit mijn passie voor Marokkaans vakmanschap. Ik heb de afgelopen 20 jaar door Marokko gereisd en ben vanaf het begin zeer ge\u00efnteresseerd geweest in de Marokkaanse cultuur en vakmanschap. Ik heb altijd gevoel voor interieur gehad en omring mij graag met unieke dingen die een persoonlijker interieur cre\u00ebren. Ik wil je een stukje Marokko brengen op basis van mijn interpretatie, en ik vind en ontwikkel producten met een mooie Marokkaanse uitstraling, maar die goed passen bij het Scandinavische decor.<\/p>\n<p>Ik ben getrouwd met een Frans\/Marokkaanse man en we hebben een groot netwerk in Marokko waardoor ik optimale werkomstandigheden heb. Ik selecteer mijn leveranciers en zakenpartners zorgvuldig. Goede kwaliteit en duurzaamheid \u2013 zowel qua materialen, productie als sociale economie \u2013 zijn voor mij heel belangrijke parameters.<\/p>\n<p>Ik hoop dat je ge\u00efnspireerd zult worden door mijn universum.<\/p>\n\n\t\t<\/div>\n\t<\/div>\n<div class=\"vc_btn3-container vc_btn3-left vc_do_btn\" ><a onmouseleave=\"this.style.borderColor='#343434'; this.style.backgroundColor='transparent'; this.style.color='#343434'\" onmouseenter=\"this.style.borderColor='#053b43'; this.style.backgroundColor='#053b43'; this.style.color='#ffffff';\" style=\"border-color:#343434; color:#343434;\" class=\"vc_general vc_btn3 vc_btn3-size-md vc_btn3-shape-square vc_btn3-style-outline-custom\" href=\"\/nl\/winkel\/\" title=\"GA NAAR WINKEL\">WINKEL NU<\/a><\/div><\/div><\/div><\/div><\/div><div class=\"vc_row wpb_row vc_row-fluid vc_row-o-content-middle vc_row-flex\"><div class=\"wpb_column vc_column_container vc_col-sm-6\"><div class=\"vc_column-inner\"><div class=\"wpb_wrapper\"><h2 style=\"text-align: left\" class=\"vc_custom_heading vc_do_custom_heading\" >Een klein stukje Marokko midden in Aarhus<\/h2>\n\t<div class=\"wpb_text_column wpb_content_element\" >\n\t\t<div class=\"wpb_wrapper\">\n\t\t\t<p><span style=\"font-weight: 400;\">Onze winkel is centraal gelegen op Skt. Knuds Torv, en hier nodigen wij u uit in een uniek universum van handgemaakte interieurs. Bij Tibladin komen Scandinavisch design en Marokkaans vakmanschap op prachtige wijze samen, wat een heel bijzondere sfeer cre\u00ebert.\u00a0<\/span><\/p>\n<p><span style=\"font-weight: 400;\">Wij bieden een zorgvuldig geselecteerd assortiment Marokkaanse poefs, lampen, textiel, tapijten, glaswerk en aardewerk - allemaal handgemaakt door vakkundige ambachtslieden in Marokko. Veel van onze producten zijn gemaakt van natuurlijke of gerecyclede materialen. Dit betekent dat elk stuk uniek en duurzaam is. <\/span><a href=\"https:\/\/tibladin.dk\/nl\/draagvermogen\/\">Wanneer u bij ons winkelt, steunt u ook kleinschalige ambachtslieden en werkende vrouwen in Marokko.<\/a>, en daar zijn we trots op.<\/p>\n<p><span style=\"font-weight: 400;\">Kom ons bezoeken en ervaar onze wereld van kleuren, vormen en verhalen. Wij kijken ernaar uit u te mogen verwelkomen!<\/span><\/p>\n<p><span style=\"font-weight: 400;\">Wij zijn er trots op dat verschillende media ervoor hebben gekozen om over Tibladin te schrijven en ons verhaal te delen. U kunt onder andere over ons lezen op: <\/span><a href=\"https:\/\/migogaarhus.dk\/tibladin-er-aabnet-i-aarhus\/\"><span style=\"font-weight: 400;\">MigogAarhus<\/span><\/a><span style=\"font-weight: 400;\"> En <\/span><a href=\"https:\/\/stiften.dk\/byliv\/marokkansk-inspiration-midt-i-aarhus-de-fleste-varer-er-der-kun-en-slags-af\"><span style=\"font-weight: 400;\">Krant van het bisdom Aarhus<\/span><\/a><span style=\"font-weight: 400;\">. Wij hopen dat u het leuk vindt om dit te lezen.\u00a0<\/span><\/p>\n\n\t\t<\/div>\n\t<\/div>\n<div class=\"vc_btn3-container vc_btn3-left vc_do_btn\" ><a onmouseleave=\"this.style.borderColor='#343434'; this.style.backgroundColor='transparent'; this.style.color='#343434'\" onmouseenter=\"this.style.borderColor='#053b43'; this.style.backgroundColor='#053b43'; this.style.color='#ffffff';\" style=\"border-color:#343434; color:#343434;\" class=\"vc_general vc_btn3 vc_btn3-size-md vc_btn3-shape-square vc_btn3-style-outline-custom\" href=\"https:\/\/maps.app.goo.gl\/LHgfuLJQdp3fEZny7\" title=\"Vind je weg naar Tibladin\" target=\"_blank\">VIND JE WEG<\/a><\/div><\/div><\/div><\/div><div class=\"wpb_column vc_column_container vc_col-sm-6\"><div class=\"vc_column-inner\"><div class=\"wpb_wrapper\">\n\t<div  class=\"wpb_single_image wpb_content_element vc_align_left wpb_content_element\">\n\t\t\n\t\t<figure class=\"wpb_wrapper vc_figure\">\n\t\t\t<div class=\"vc_single_image-wrapper   vc_box_border_grey\"><img loading=\"lazy\" decoding=\"async\" width=\"800\" height=\"800\" src=\"https:\/\/tibladin.dk\/wp-content\/uploads\/2025\/01\/Tibladin-butilk_1.jpg\" class=\"vc_single_image-img attachment-large\" alt=\"Toegang tot de winkel van Tibladin op Skt. Knuds Torv 23, 8000 Aarhus C\" title=\"Tibladin butilk-invoer\" srcset=\"https:\/\/tibladin.dk\/wp-content\/uploads\/2025\/01\/Tibladin-butilk_1.jpg 800w, https:\/\/tibladin.dk\/wp-content\/uploads\/2025\/01\/Tibladin-butilk_1-400x400.jpg 400w, https:\/\/tibladin.dk\/wp-content\/uploads\/2025\/01\/Tibladin-butilk_1-150x150.jpg 150w, https:\/\/tibladin.dk\/wp-content\/uploads\/2025\/01\/Tibladin-butilk_1-64x64.jpg 64w, https:\/\/tibladin.dk\/wp-content\/uploads\/2025\/01\/Tibladin-butilk_1-300x300.jpg 300w, https:\/\/tibladin.dk\/wp-content\/uploads\/2025\/01\/Tibladin-butilk_1-768x768.jpg 768w, https:\/\/tibladin.dk\/wp-content\/uploads\/2025\/01\/Tibladin-butilk_1-12x12.jpg 12w, https:\/\/tibladin.dk\/wp-content\/uploads\/2025\/01\/Tibladin-butilk_1-441x441.jpg 441w, https:\/\/tibladin.dk\/wp-content\/uploads\/2025\/01\/Tibladin-butilk_1-100x100.jpg 100w\" sizes=\"auto, (max-width: 800px) 100vw, 800px\" \/><\/div>\n\t\t<\/figure>\n\t<\/div>\n<\/div><\/div><\/div><\/div><div class=\"vc_row wpb_row vc_row-fluid vc_row-o-content-middle vc_row-flex\"><div class=\"wpb_column vc_column_container vc_col-sm-6\"><div class=\"vc_column-inner\"><div class=\"wpb_wrapper\">\n\t<div  class=\"wpb_single_image wpb_content_element vc_align_left wpb_content_element\">\n\t\t\n\t\t<figure class=\"wpb_wrapper vc_figure\">\n\t\t\t<div class=\"vc_single_image-wrapper   vc_box_border_grey\"><img decoding=\"async\" class=\"vc_single_image-img\" src=\"https:\/\/tibladin.dk\/wp-content\/uploads\/2025\/01\/Vaeveteknikker_kvindekoopertaiv_1-800x800.jpg\" width=\"800\" height=\"800\" alt=\"Twee vrouwen werken in een vrouwenco\u00f6peratie\" title=\"Weeftechnieken_vrouwenco\u00f6peratie_1\" loading=\"lazy\" \/><\/div>\n\t\t<\/figure>\n\t<\/div>\n<\/div><\/div><\/div><div class=\"wpb_column vc_column_container vc_col-sm-6\"><div class=\"vc_column-inner\"><div class=\"wpb_wrapper\"><h2 style=\"text-align: left\" class=\"vc_custom_heading vc_do_custom_heading\" >Hoe Tibladin werkt aan duurzaamheid<\/h2>\n\t<div class=\"wpb_text_column wpb_content_element\" >\n\t\t<div class=\"wpb_wrapper\">\n\t\t\t<p>Het is voor mij volkomen normaal om in mijn bedrijf na te denken over duurzaamheid, zoals ik ook in mijn priv\u00e9leven veel nadenk over hoe we het milieu zo min mogelijk kunnen belasten. Ik sorteer mijn afval zorgvuldig, rijd elektrisch en winkel biologisch en duurzaam.<\/p>\n<p>Wanneer ik mijn leveranciers kies, vind ik het belangrijk dat ze een duurzame productie hebben, dat de materialen natuurlijk en zoveel mogelijk biologisch zijn en dat alle hulpbronnen volledig worden benut. Ik kijk of de kleuren natuurlijk zijn, of het glazuur niet giftig is, enz. Duurzaamheid is veel, en een andere parameter waarop ik leveranciers selecteer is of ze ook sociaal duurzaam zijn. Dit betekent dat ik lokale ambachtslieden en vrouwenco\u00f6peraties steun, die veel doen om vrouwen aan het werk te krijgen, zodat de levensstandaard in Marokkaanse dorpen verbetert.<\/p>\n<p>Om overconsumptie te voorkomen, bestel ik de producten die ik thuis wil bewaren in kleinere porties en op basis van de vraag. Ik lever poefs zonder vulling, omdat het duurzamer is om uw poef te vullen met geschikte materialen die u al heeft, zoals kleding die u niet meer gebruikt, winterdekbedden, kussens of gekreukeld krantenpapier.<\/p>\n<p><a href=\"https:\/\/tibladin.dk\/nl\/duurzame-productie\/\">Lees meer over Tibladins werk op het gebied van duurzame productie.<\/a><\/p>\n\n\t\t<\/div>\n\t<\/div>\n<\/div><\/div><\/div><\/div>\n<\/div>","protected":false},"excerpt":{"rendered":"Om TibladinEn passion for marokkansk h\u00e5ndv\u00e6rk'Sm\u00e5 flade sten'\u2018Tibladin\u2019 er et berbisk ord og betyder sm\u00e5 flade sten. Tibladin kaldte min svigerfamilie min mands barndomshjem. For mig symboliserer det de f\u00f8rste byggesten i min forretning. Mette Frank Bijaad Ejer af Tibladin Marokkansk unika interi\u00f8r Tibladin.dk har jeg skabt ud fra min passion for marokkansk h\u00e5ndv\u00e6rk. Jeg [...]","protected":false},"author":2,"featured_media":4090,"parent":0,"menu_order":0,"comment_status":"closed","ping_status":"closed","template":"template-fullwidth-no-heading.php","meta":{"inline_featured_image":false,"footnotes":""},"class_list":["post-4128","page","type-page","status-publish","has-post-thumbnail","hentry"],"yoast_head":"<!-- This site is optimized with the Yoast SEO plugin v27.4 - https:\/\/yoast.com\/product\/yoast-seo-wordpress\/ -->\n<title>Om Tibladin | Passion for marokkansk h\u00e5ndv\u00e6rk<\/title>\n<meta name=\"description\" content=\"Hos Tibladin tilbyder vi produkter med et fint marokkansk udtryk, som passer med den skandinaviske indretning. B\u00e6redygtighed i forretningen\" \/>\n<meta name=\"robots\" content=\"index, follow, max-snippet:-1, max-image-preview:large, max-video-preview:-1\" \/>\n<link rel=\"canonical\" href=\"https:\/\/tibladin.dk\/nl\/over-tibladine\/\" \/>\n<meta property=\"og:locale\" content=\"nl_NL\" \/>\n<meta property=\"og:type\" content=\"article\" \/>\n<meta property=\"og:title\" content=\"Om Tibladin | Passion for marokkansk h\u00e5ndv\u00e6rk\" \/>\n<meta property=\"og:description\" content=\"Hos Tibladin tilbyder vi produkter med et fint marokkansk udtryk, som passer med den skandinaviske indretning. B\u00e6redygtighed i forretningen\" \/>\n<meta property=\"og:url\" content=\"https:\/\/tibladin.dk\/nl\/over-tibladine\/\" \/>\n<meta property=\"og:site_name\" content=\"Tibladin\" \/>\n<meta property=\"article:modified_time\" content=\"2025-01-27T13:43:55+00:00\" \/>\n<meta property=\"og:image\" content=\"https:\/\/tibladin.dk\/wp-content\/uploads\/2022\/10\/Tibladin_fjerdekoration.webp\" \/>\n\t<meta property=\"og:image:width\" content=\"800\" \/>\n\t<meta property=\"og:image:height\" content=\"800\" \/>\n\t<meta property=\"og:image:type\" content=\"image\/webp\" \/>\n<meta name=\"twitter:card\" content=\"summary_large_image\" \/>\n<meta name=\"twitter:label1\" content=\"Geschatte leestijd\" \/>\n\t<meta name=\"twitter:data1\" content=\"5 minuten\" \/>\n<script type=\"application\/ld+json\" class=\"yoast-schema-graph\">{\"@context\":\"https:\\\/\\\/schema.org\",\"@graph\":[{\"@type\":\"WebPage\",\"@id\":\"https:\\\/\\\/tibladin.dk\\\/om-tibladin\\\/\",\"url\":\"https:\\\/\\\/tibladin.dk\\\/om-tibladin\\\/\",\"name\":\"Om Tibladin | Passion for marokkansk h\u00e5ndv\u00e6rk\",\"isPartOf\":{\"@id\":\"https:\\\/\\\/tibladin.dk\\\/#website\"},\"primaryImageOfPage\":{\"@id\":\"https:\\\/\\\/tibladin.dk\\\/om-tibladin\\\/#primaryimage\"},\"image\":{\"@id\":\"https:\\\/\\\/tibladin.dk\\\/om-tibladin\\\/#primaryimage\"},\"thumbnailUrl\":\"https:\\\/\\\/tibladin.dk\\\/wp-content\\\/uploads\\\/2022\\\/10\\\/Tibladin_fjerdekoration.webp\",\"datePublished\":\"2022-10-14T07:33:49+00:00\",\"dateModified\":\"2025-01-27T13:43:55+00:00\",\"description\":\"Hos Tibladin tilbyder vi produkter med et fint marokkansk udtryk, som passer med den skandinaviske indretning. B\u00e6redygtighed i forretningen\",\"breadcrumb\":{\"@id\":\"https:\\\/\\\/tibladin.dk\\\/om-tibladin\\\/#breadcrumb\"},\"inLanguage\":\"nl-NL\",\"potentialAction\":[{\"@type\":\"ReadAction\",\"target\":[\"https:\\\/\\\/tibladin.dk\\\/om-tibladin\\\/\"]}]},{\"@type\":\"ImageObject\",\"inLanguage\":\"nl-NL\",\"@id\":\"https:\\\/\\\/tibladin.dk\\\/om-tibladin\\\/#primaryimage\",\"url\":\"https:\\\/\\\/tibladin.dk\\\/wp-content\\\/uploads\\\/2022\\\/10\\\/Tibladin_fjerdekoration.webp\",\"contentUrl\":\"https:\\\/\\\/tibladin.dk\\\/wp-content\\\/uploads\\\/2022\\\/10\\\/Tibladin_fjerdekoration.webp\",\"width\":800,\"height\":800,\"caption\":\"Model ved marokkansk indretning\"},{\"@type\":\"BreadcrumbList\",\"@id\":\"https:\\\/\\\/tibladin.dk\\\/om-tibladin\\\/#breadcrumb\",\"itemListElement\":[{\"@type\":\"ListItem\",\"position\":1,\"name\":\"Hjem\",\"item\":\"https:\\\/\\\/tibladin.dk\\\/\"},{\"@type\":\"ListItem\",\"position\":2,\"name\":\"Om Tibladin\"}]},{\"@type\":\"WebSite\",\"@id\":\"https:\\\/\\\/tibladin.dk\\\/#website\",\"url\":\"https:\\\/\\\/tibladin.dk\\\/\",\"name\":\"Tibladin\",\"description\":\"Tibladin\",\"publisher\":{\"@id\":\"https:\\\/\\\/tibladin.dk\\\/#organization\"},\"potentialAction\":[{\"@type\":\"SearchAction\",\"target\":{\"@type\":\"EntryPoint\",\"urlTemplate\":\"https:\\\/\\\/tibladin.dk\\\/?s={search_term_string}\"},\"query-input\":{\"@type\":\"PropertyValueSpecification\",\"valueRequired\":true,\"valueName\":\"search_term_string\"}}],\"inLanguage\":\"nl-NL\"},{\"@type\":\"Organization\",\"@id\":\"https:\\\/\\\/tibladin.dk\\\/#organization\",\"name\":\"Tibladin\",\"url\":\"https:\\\/\\\/tibladin.dk\\\/\",\"logo\":{\"@type\":\"ImageObject\",\"inLanguage\":\"nl-NL\",\"@id\":\"https:\\\/\\\/tibladin.dk\\\/#\\\/schema\\\/logo\\\/image\\\/\",\"url\":\"https:\\\/\\\/tibladin.dk\\\/wp-content\\\/uploads\\\/2022\\\/09\\\/tibladin_logo.svg\",\"contentUrl\":\"https:\\\/\\\/tibladin.dk\\\/wp-content\\\/uploads\\\/2022\\\/09\\\/tibladin_logo.svg\",\"caption\":\"Tibladin\"},\"image\":{\"@id\":\"https:\\\/\\\/tibladin.dk\\\/#\\\/schema\\\/logo\\\/image\\\/\"}}]}<\/script>\n<!-- \/ Yoast SEO plugin. -->","yoast_head_json":{"title":"Over Tibladin | Passie voor Marokkaans vakmanschap","description":"Bij Tibladin bieden we producten aan met een fijne Marokkaanse uitstraling die goed passen bij het Scandinavische decor. Duurzaamheid in het bedrijfsleven","robots":{"index":"index","follow":"follow","max-snippet":"max-snippet:-1","max-image-preview":"max-image-preview:large","max-video-preview":"max-video-preview:-1"},"canonical":"https:\/\/tibladin.dk\/nl\/over-tibladine\/","og_locale":"nl_NL","og_type":"article","og_title":"Om Tibladin | Passion for marokkansk h\u00e5ndv\u00e6rk","og_description":"Hos Tibladin tilbyder vi produkter med et fint marokkansk udtryk, som passer med den skandinaviske indretning. B\u00e6redygtighed i forretningen","og_url":"https:\/\/tibladin.dk\/nl\/over-tibladine\/","og_site_name":"Tibladin","article_modified_time":"2025-01-27T13:43:55+00:00","og_image":[{"width":800,"height":800,"url":"https:\/\/tibladin.dk\/wp-content\/uploads\/2022\/10\/Tibladin_fjerdekoration.webp","type":"image\/webp"}],"twitter_card":"summary_large_image","twitter_misc":{"Geschatte leestijd":"5 minuten"},"schema":{"@context":"https:\/\/schema.org","@graph":[{"@type":"WebPage","@id":"https:\/\/tibladin.dk\/om-tibladin\/","url":"https:\/\/tibladin.dk\/om-tibladin\/","name":"Over Tibladin | Passie voor Marokkaans vakmanschap","isPartOf":{"@id":"https:\/\/tibladin.dk\/#website"},"primaryImageOfPage":{"@id":"https:\/\/tibladin.dk\/om-tibladin\/#primaryimage"},"image":{"@id":"https:\/\/tibladin.dk\/om-tibladin\/#primaryimage"},"thumbnailUrl":"https:\/\/tibladin.dk\/wp-content\/uploads\/2022\/10\/Tibladin_fjerdekoration.webp","datePublished":"2022-10-14T07:33:49+00:00","dateModified":"2025-01-27T13:43:55+00:00","description":"Bij Tibladin bieden we producten aan met een fijne Marokkaanse uitstraling die goed passen bij het Scandinavische decor. Duurzaamheid in het bedrijfsleven","breadcrumb":{"@id":"https:\/\/tibladin.dk\/om-tibladin\/#breadcrumb"},"inLanguage":"nl-NL","potentialAction":[{"@type":"ReadAction","target":["https:\/\/tibladin.dk\/om-tibladin\/"]}]},{"@type":"ImageObject","inLanguage":"nl-NL","@id":"https:\/\/tibladin.dk\/om-tibladin\/#primaryimage","url":"https:\/\/tibladin.dk\/wp-content\/uploads\/2022\/10\/Tibladin_fjerdekoration.webp","contentUrl":"https:\/\/tibladin.dk\/wp-content\/uploads\/2022\/10\/Tibladin_fjerdekoration.webp","width":800,"height":800,"caption":"Model ved marokkansk indretning"},{"@type":"BreadcrumbList","@id":"https:\/\/tibladin.dk\/om-tibladin\/#breadcrumb","itemListElement":[{"@type":"ListItem","position":1,"name":"Hjem","item":"https:\/\/tibladin.dk\/"},{"@type":"ListItem","position":2,"name":"Om Tibladin"}]},{"@type":"WebSite","@id":"https:\/\/tibladin.dk\/#website","url":"https:\/\/tibladin.dk\/","name":"Tibladin","description":"Tibladin","publisher":{"@id":"https:\/\/tibladin.dk\/#organization"},"potentialAction":[{"@type":"SearchAction","target":{"@type":"EntryPoint","urlTemplate":"https:\/\/tibladin.dk\/?s={search_term_string}"},"query-input":{"@type":"PropertyValueSpecification","valueRequired":true,"valueName":"search_term_string"}}],"inLanguage":"nl-NL"},{"@type":"Organization","@id":"https:\/\/tibladin.dk\/#organization","name":"Tibladin","url":"https:\/\/tibladin.dk\/","logo":{"@type":"ImageObject","inLanguage":"nl-NL","@id":"https:\/\/tibladin.dk\/#\/schema\/logo\/image\/","url":"https:\/\/tibladin.dk\/wp-content\/uploads\/2022\/09\/tibladin_logo.svg","contentUrl":"https:\/\/tibladin.dk\/wp-content\/uploads\/2022\/09\/tibladin_logo.svg","caption":"Tibladin"},"image":{"@id":"https:\/\/tibladin.dk\/#\/schema\/logo\/image\/"}}]}},"_links":{"self":[{"href":"https:\/\/tibladin.dk\/nl\/wp-json\/wp\/v2\/pages\/4128","targetHints":{"allow":["GET"]}}],"collection":[{"href":"https:\/\/tibladin.dk\/nl\/wp-json\/wp\/v2\/pages"}],"about":[{"href":"https:\/\/tibladin.dk\/nl\/wp-json\/wp\/v2\/types\/page"}],"author":[{"embeddable":true,"href":"https:\/\/tibladin.dk\/nl\/wp-json\/wp\/v2\/users\/2"}],"replies":[{"embeddable":true,"href":"https:\/\/tibladin.dk\/nl\/wp-json\/wp\/v2\/comments?post=4128"}],"version-history":[{"count":73,"href":"https:\/\/tibladin.dk\/nl\/wp-json\/wp\/v2\/pages\/4128\/revisions"}],"predecessor-version":[{"id":34588,"href":"https:\/\/tibladin.dk\/nl\/wp-json\/wp\/v2\/pages\/4128\/revisions\/34588"}],"wp:featuredmedia":[{"embeddable":true,"href":"https:\/\/tibladin.dk\/nl\/wp-json\/wp\/v2\/media\/4090"}],"wp:attachment":[{"href":"https:\/\/tibladin.dk\/nl\/wp-json\/wp\/v2\/media?parent=4128"}],"curies":[{"name":"wp","href":"https:\/\/api.w.org\/{rel}","templated":true}]}}