{"id":4188,"date":"2022-10-17T09:47:04","date_gmt":"2022-10-17T07:47:04","guid":{"rendered":"https:\/\/tibladin.dk\/?page_id=4188"},"modified":"2025-05-05T09:51:48","modified_gmt":"2025-05-05T07:51:48","slug":"neem-contact-met-ons-op","status":"publish","type":"page","link":"https:\/\/tibladin.dk\/nl\/kontakt-os\/","title":{"rendered":"Neem contact met ons op"},"content":{"rendered":"<div class=\"wpb-content-wrapper\"><section data-vc-full-width=\"true\" data-vc-full-width-temp=\"true\" data-vc-full-width-init=\"false\" class=\"vc_section vc_custom_1666001388259 vc_section-has-fill vc_row-o-full-height vc_section-o-content-middle vc_section-flex\"><div class=\"vc_row wpb_row vc_row-fluid\"><div class=\"wpb_column vc_column_container vc_col-sm-12\"><div class=\"vc_column-inner\"><div class=\"wpb_wrapper\"><h1 style=\"font-size: 4rem;color: #ffffff;text-align: center\" class=\"vc_custom_heading vc_do_custom_heading vc_custom_1666042549599\" >Neem contact met ons op<\/h1><div style=\"font-size: 1.3rem;color: #ffffff;text-align: center\" class=\"vc_custom_heading vc_do_custom_heading\" >Wij staan klaar om te helpen<\/div><\/div><\/div><\/div><\/div><\/section><div class=\"vc_row-full-width vc_clearfix\"><\/div><div class=\"vc_row wpb_row vc_row-fluid max-width-col vc_custom_1698923763464\"><div class=\"wpb_column vc_column_container vc_col-sm-12\"><div class=\"vc_column-inner\"><div class=\"wpb_wrapper\"><h2 style=\"text-align: center\" class=\"vc_custom_heading vc_do_custom_heading\" >Aarzel niet om contact met mij op te nemen<\/h2><div style=\"font-size: 1.3rem;text-align: center\" class=\"vc_custom_heading vc_do_custom_heading\" >Ik praat graag over mijn producten en geef inspiratie voor interieurontwerp - bij mij bestaan geen domme vragen. Dus als u ergens over twijfelt, kunt u contact met mij opnemen via:<\/p>\n<p><strong>info@tibladin.dk<\/strong><br \/>\nof<br \/>\n<strong>+45 3140 5500<\/strong><\/div><div class=\"vc_separator wpb_content_element vc_separator_align_center vc_sep_width_40 vc_sep_pos_align_center vc_separator_no_text vc_sep_color_grey wpb_content_element  wpb_content_element\" ><span class=\"vc_sep_holder vc_sep_holder_l\"><span class=\"vc_sep_line\"><\/span><\/span><span class=\"vc_sep_holder vc_sep_holder_r\"><span class=\"vc_sep_line\"><\/span><\/span>\n<\/div><div style=\"font-size: 1.3rem;text-align: center\" class=\"vc_custom_heading vc_do_custom_heading\" ><\/div><div style=\"font-size: 1.3rem;text-align: center\" class=\"vc_custom_heading vc_do_custom_heading\" >Openingstijden<\/p>\n<p>Dinsdag-vrijdag: 11-17.00 uur<\/p>\n<p>Zaterdag: 11-15<\/div><div class=\"vc_separator wpb_content_element vc_separator_align_center vc_sep_width_40 vc_sep_pos_align_center vc_separator_no_text vc_sep_color_grey wpb_content_element  wpb_content_element\" ><span class=\"vc_sep_holder vc_sep_holder_l\"><span class=\"vc_sep_line\"><\/span><\/span><span class=\"vc_sep_holder vc_sep_holder_r\"><span class=\"vc_sep_line\"><\/span><\/span>\n<\/div><div style=\"font-size: 1.3rem;text-align: center\" class=\"vc_custom_heading vc_do_custom_heading\" >Vind de winkel hier: Skt. Knuds Torv 23, 8000 Aarhus C<\/div><\/div><\/div><\/div><\/div><div class=\"vc_row wpb_row vc_row-fluid vc_custom_1666043297774\"><div class=\"wpb_column vc_column_container vc_col-sm-12\"><div class=\"vc_column-inner\"><div class=\"wpb_wrapper\">\n\t<div  class=\"wpb_single_image wpb_content_element vc_align_center wpb_content_element\">\n\t\t\n\t\t<figure class=\"wpb_wrapper vc_figure\">\n\t\t\t<a href=\"https:\/\/www.google.dk\/maps\/place\/Tibladin\/@56.1503985,10.2022427,15z\/data=!4m6!3m5!1s0x464c41877375fc0f:0x2f5598dce0fcea1a!8m2!3d56.1513666!4d10.2053648!16s%2Fg%2F11lfqhsnr_?entry=ttu&#038;g_ep=EgoyMDI1MDEyMi4wIKXMDSoASAFQAw%3D%3D\" target=\"_blank\" class=\"vc_single_image-wrapper vc_box_rounded  vc_box_border_grey\"><img loading=\"lazy\" decoding=\"async\" width=\"1500\" height=\"600\" src=\"https:\/\/tibladin.dk\/wp-content\/uploads\/2025\/01\/maps-billede.jpg\" class=\"vc_single_image-img attachment-full\" alt=\"Kaartafbeelding van de winkel van Tibladin in Aarhus C\" title=\"kaarten afbeelding\" srcset=\"https:\/\/tibladin.dk\/wp-content\/uploads\/2025\/01\/maps-billede.jpg 1500w, https:\/\/tibladin.dk\/wp-content\/uploads\/2025\/01\/maps-billede-150x60.jpg 150w, https:\/\/tibladin.dk\/wp-content\/uploads\/2025\/01\/maps-billede-800x320.jpg 800w, https:\/\/tibladin.dk\/wp-content\/uploads\/2025\/01\/maps-billede-64x26.jpg 64w, https:\/\/tibladin.dk\/wp-content\/uploads\/2025\/01\/maps-billede-300x120.jpg 300w, https:\/\/tibladin.dk\/wp-content\/uploads\/2025\/01\/maps-billede-1024x410.jpg 1024w, https:\/\/tibladin.dk\/wp-content\/uploads\/2025\/01\/maps-billede-768x307.jpg 768w, https:\/\/tibladin.dk\/wp-content\/uploads\/2025\/01\/maps-billede-18x7.jpg 18w, https:\/\/tibladin.dk\/wp-content\/uploads\/2025\/01\/maps-billede-990x396.jpg 990w, https:\/\/tibladin.dk\/wp-content\/uploads\/2025\/01\/maps-billede-441x176.jpg 441w\" sizes=\"auto, (max-width: 1500px) 100vw, 1500px\" \/><\/a>\n\t\t<\/figure>\n\t<\/div>\n<\/div><\/div><\/div><\/div>\n<\/div>","protected":false},"excerpt":{"rendered":"Kontakt osVi sidder klar til at hj\u00e6lpeT\u00f8v ikke med at kontakte migJeg elsker at snakke om mine produkter og give inspiration til indretning - hos mig er der ingen dumme sp\u00f8rgsm\u00e5l. S\u00e5 hvis du er i tvivl om noget, s\u00e5 er du mere end velkommen til at kontakte mig p\u00e5: info@tibladin.dk eller +45 3140 5500 [...]","protected":false},"author":2,"featured_media":0,"parent":0,"menu_order":0,"comment_status":"closed","ping_status":"closed","template":"template-fullwidth-no-heading.php","meta":{"inline_featured_image":false,"footnotes":""},"class_list":["post-4188","page","type-page","status-publish","hentry"],"yoast_head":"<!-- This site is optimized with the Yoast SEO plugin v27.4 - https:\/\/yoast.com\/product\/yoast-seo-wordpress\/ -->\n<title>Kontakt os | Tibladin<\/title>\n<meta name=\"description\" content=\"Noget du er i tvivl om, eller har du sp\u00f8rgsm\u00e5l, s\u00e5 t\u00f8v ikke med at kontakt os. Her kan du finde informationerne, s\u00e5 du kan fange os.\" \/>\n<meta name=\"robots\" content=\"index, follow, max-snippet:-1, max-image-preview:large, max-video-preview:-1\" \/>\n<link rel=\"canonical\" href=\"https:\/\/tibladin.dk\/nl\/neem-contact-met-ons-op\/\" \/>\n<meta property=\"og:locale\" content=\"nl_NL\" \/>\n<meta property=\"og:type\" content=\"article\" \/>\n<meta property=\"og:title\" content=\"Kontakt os | Tibladin\" \/>\n<meta property=\"og:description\" content=\"Noget du er i tvivl om, eller har du sp\u00f8rgsm\u00e5l, s\u00e5 t\u00f8v ikke med at kontakt os. Her kan du finde informationerne, s\u00e5 du kan fange os.\" \/>\n<meta property=\"og:url\" content=\"https:\/\/tibladin.dk\/nl\/neem-contact-met-ons-op\/\" \/>\n<meta property=\"og:site_name\" content=\"Tibladin\" \/>\n<meta property=\"article:modified_time\" content=\"2025-05-05T07:51:48+00:00\" \/>\n<meta name=\"twitter:card\" content=\"summary_large_image\" \/>\n<meta name=\"twitter:label1\" content=\"Geschatte leestijd\" \/>\n\t<meta name=\"twitter:data1\" content=\"1 minuut\" \/>\n<script type=\"application\/ld+json\" class=\"yoast-schema-graph\">{\"@context\":\"https:\\\/\\\/schema.org\",\"@graph\":[{\"@type\":\"WebPage\",\"@id\":\"https:\\\/\\\/tibladin.dk\\\/kontakt-os\\\/\",\"url\":\"https:\\\/\\\/tibladin.dk\\\/kontakt-os\\\/\",\"name\":\"Kontakt os | Tibladin\",\"isPartOf\":{\"@id\":\"https:\\\/\\\/tibladin.dk\\\/#website\"},\"datePublished\":\"2022-10-17T07:47:04+00:00\",\"dateModified\":\"2025-05-05T07:51:48+00:00\",\"description\":\"Noget du er i tvivl om, eller har du sp\u00f8rgsm\u00e5l, s\u00e5 t\u00f8v ikke med at kontakt os. Her kan du finde informationerne, s\u00e5 du kan fange os.\",\"breadcrumb\":{\"@id\":\"https:\\\/\\\/tibladin.dk\\\/kontakt-os\\\/#breadcrumb\"},\"inLanguage\":\"nl-NL\",\"potentialAction\":[{\"@type\":\"ReadAction\",\"target\":[\"https:\\\/\\\/tibladin.dk\\\/kontakt-os\\\/\"]}]},{\"@type\":\"BreadcrumbList\",\"@id\":\"https:\\\/\\\/tibladin.dk\\\/kontakt-os\\\/#breadcrumb\",\"itemListElement\":[{\"@type\":\"ListItem\",\"position\":1,\"name\":\"Hjem\",\"item\":\"https:\\\/\\\/tibladin.dk\\\/\"},{\"@type\":\"ListItem\",\"position\":2,\"name\":\"Kontakt os\"}]},{\"@type\":\"WebSite\",\"@id\":\"https:\\\/\\\/tibladin.dk\\\/#website\",\"url\":\"https:\\\/\\\/tibladin.dk\\\/\",\"name\":\"Tibladin\",\"description\":\"Tibladin\",\"publisher\":{\"@id\":\"https:\\\/\\\/tibladin.dk\\\/#organization\"},\"potentialAction\":[{\"@type\":\"SearchAction\",\"target\":{\"@type\":\"EntryPoint\",\"urlTemplate\":\"https:\\\/\\\/tibladin.dk\\\/?s={search_term_string}\"},\"query-input\":{\"@type\":\"PropertyValueSpecification\",\"valueRequired\":true,\"valueName\":\"search_term_string\"}}],\"inLanguage\":\"nl-NL\"},{\"@type\":\"Organization\",\"@id\":\"https:\\\/\\\/tibladin.dk\\\/#organization\",\"name\":\"Tibladin\",\"url\":\"https:\\\/\\\/tibladin.dk\\\/\",\"logo\":{\"@type\":\"ImageObject\",\"inLanguage\":\"nl-NL\",\"@id\":\"https:\\\/\\\/tibladin.dk\\\/#\\\/schema\\\/logo\\\/image\\\/\",\"url\":\"https:\\\/\\\/tibladin.dk\\\/wp-content\\\/uploads\\\/2022\\\/09\\\/tibladin_logo.svg\",\"contentUrl\":\"https:\\\/\\\/tibladin.dk\\\/wp-content\\\/uploads\\\/2022\\\/09\\\/tibladin_logo.svg\",\"caption\":\"Tibladin\"},\"image\":{\"@id\":\"https:\\\/\\\/tibladin.dk\\\/#\\\/schema\\\/logo\\\/image\\\/\"}}]}<\/script>\n<!-- \/ Yoast SEO plugin. -->","yoast_head_json":{"title":"Neem contact met ons op | Tibladin","description":"Indien u twijfels of vragen heeft, aarzel dan niet om ons te contacteren. Hier vindt u de informatie zodat u ons kunt opvangen.","robots":{"index":"index","follow":"follow","max-snippet":"max-snippet:-1","max-image-preview":"max-image-preview:large","max-video-preview":"max-video-preview:-1"},"canonical":"https:\/\/tibladin.dk\/nl\/neem-contact-met-ons-op\/","og_locale":"nl_NL","og_type":"article","og_title":"Kontakt os | Tibladin","og_description":"Noget du er i tvivl om, eller har du sp\u00f8rgsm\u00e5l, s\u00e5 t\u00f8v ikke med at kontakt os. Her kan du finde informationerne, s\u00e5 du kan fange os.","og_url":"https:\/\/tibladin.dk\/nl\/neem-contact-met-ons-op\/","og_site_name":"Tibladin","article_modified_time":"2025-05-05T07:51:48+00:00","twitter_card":"summary_large_image","twitter_misc":{"Geschatte leestijd":"1 minuut"},"schema":{"@context":"https:\/\/schema.org","@graph":[{"@type":"WebPage","@id":"https:\/\/tibladin.dk\/kontakt-os\/","url":"https:\/\/tibladin.dk\/kontakt-os\/","name":"Neem contact met ons op | Tibladin","isPartOf":{"@id":"https:\/\/tibladin.dk\/#website"},"datePublished":"2022-10-17T07:47:04+00:00","dateModified":"2025-05-05T07:51:48+00:00","description":"Indien u twijfels of vragen heeft, aarzel dan niet om ons te contacteren. Hier vindt u de informatie zodat u ons kunt opvangen.","breadcrumb":{"@id":"https:\/\/tibladin.dk\/kontakt-os\/#breadcrumb"},"inLanguage":"nl-NL","potentialAction":[{"@type":"ReadAction","target":["https:\/\/tibladin.dk\/kontakt-os\/"]}]},{"@type":"BreadcrumbList","@id":"https:\/\/tibladin.dk\/kontakt-os\/#breadcrumb","itemListElement":[{"@type":"ListItem","position":1,"name":"Hjem","item":"https:\/\/tibladin.dk\/"},{"@type":"ListItem","position":2,"name":"Kontakt os"}]},{"@type":"WebSite","@id":"https:\/\/tibladin.dk\/#website","url":"https:\/\/tibladin.dk\/","name":"Tibladin","description":"Tibladin","publisher":{"@id":"https:\/\/tibladin.dk\/#organization"},"potentialAction":[{"@type":"SearchAction","target":{"@type":"EntryPoint","urlTemplate":"https:\/\/tibladin.dk\/?s={search_term_string}"},"query-input":{"@type":"PropertyValueSpecification","valueRequired":true,"valueName":"search_term_string"}}],"inLanguage":"nl-NL"},{"@type":"Organization","@id":"https:\/\/tibladin.dk\/#organization","name":"Tibladin","url":"https:\/\/tibladin.dk\/","logo":{"@type":"ImageObject","inLanguage":"nl-NL","@id":"https:\/\/tibladin.dk\/#\/schema\/logo\/image\/","url":"https:\/\/tibladin.dk\/wp-content\/uploads\/2022\/09\/tibladin_logo.svg","contentUrl":"https:\/\/tibladin.dk\/wp-content\/uploads\/2022\/09\/tibladin_logo.svg","caption":"Tibladin"},"image":{"@id":"https:\/\/tibladin.dk\/#\/schema\/logo\/image\/"}}]}},"_links":{"self":[{"href":"https:\/\/tibladin.dk\/nl\/wp-json\/wp\/v2\/pages\/4188","targetHints":{"allow":["GET"]}}],"collection":[{"href":"https:\/\/tibladin.dk\/nl\/wp-json\/wp\/v2\/pages"}],"about":[{"href":"https:\/\/tibladin.dk\/nl\/wp-json\/wp\/v2\/types\/page"}],"author":[{"embeddable":true,"href":"https:\/\/tibladin.dk\/nl\/wp-json\/wp\/v2\/users\/2"}],"replies":[{"embeddable":true,"href":"https:\/\/tibladin.dk\/nl\/wp-json\/wp\/v2\/comments?post=4188"}],"version-history":[{"count":30,"href":"https:\/\/tibladin.dk\/nl\/wp-json\/wp\/v2\/pages\/4188\/revisions"}],"predecessor-version":[{"id":36305,"href":"https:\/\/tibladin.dk\/nl\/wp-json\/wp\/v2\/pages\/4188\/revisions\/36305"}],"wp:attachment":[{"href":"https:\/\/tibladin.dk\/nl\/wp-json\/wp\/v2\/media?parent=4188"}],"curies":[{"name":"wp","href":"https:\/\/api.w.org\/{rel}","templated":true}]}}