{"id":10552,"date":"2023-11-25T09:18:19","date_gmt":"2023-11-25T08:18:19","guid":{"rendered":"https:\/\/tibladin.dk\/?post_type=product&#038;p=10552"},"modified":"2025-02-15T17:50:19","modified_gmt":"2025-02-15T16:50:19","slug":"kussensloop-beni-ouarain","status":"publish","type":"product","link":"https:\/\/tibladin.dk\/nl\/produkt\/pudebetraek-beni-ouarain\/","title":{"rendered":"Kussensloop Beni Ouarain"},"content":{"rendered":"<div class=\"wpb-content-wrapper\"><div class=\"vc_row wpb_row vc_row-fluid\"><div class=\"wpb_column vc_column_container vc_col-sm-4\"><div class=\"vc_column-inner\"><div class=\"wpb_wrapper\"><\/div><\/div><\/div><div class=\"wpb_column vc_column_container vc_col-sm-4\"><div class=\"vc_column-inner\"><div class=\"wpb_wrapper\"><h3 style=\"text-align: left\" class=\"vc_custom_heading vc_do_custom_heading\" >Onderhoud<\/h3>\n\t<div class=\"wpb_text_column wpb_content_element\" >\n\t\t<div class=\"wpb_wrapper\">\n\t\t\t<p>De kussenslopen zijn gemaakt van heerlijke Beni Ouarain-wollen dekens met een achterkant van kiria-katoen. Stomerij bij stomerijen of maak ze in de winter schoon in de sneeuw.<\/p>\n\n\t\t<\/div>\n\t<\/div>\n<\/div><\/div><\/div><div class=\"wpb_column vc_column_container vc_col-sm-4\"><div class=\"vc_column-inner\"><div class=\"wpb_wrapper\"><h3 style=\"text-align: left\" class=\"vc_custom_heading vc_do_custom_heading\" >Het verhaal erachter<\/h3>\n\t<div class=\"wpb_text_column wpb_content_element\" >\n\t\t<div class=\"wpb_wrapper\">\n\t\t\t<p>Deze prachtige handgemaakte kussenhoezen zijn gemaakt van Beni Ouarain-tapijten. De voorkant van de kussensloop is gemaakt van licht wollen Beni Ouatrain-tapijt, terwijl de achterkant van kiria-katoen is. Hier krijgen de heerlijke wollen vloerkleden uit Marokko nieuw leven in een kussensloop en ook de prachtige zandkleurige panelen aan de voorkant van het kussen zijn afkomstig van vintage Kelim vloerkleden. De prachtige vintage tapijten brengen. De kussens passen perfect in het Scandinavische huis, waar de zwart-witte kussens een eenvoudige en tijdloze stijl complementeren. Ontwikkeld in samenwerking met ontwerper uit Marrakech.<\/p>\n<p>De hoezen zijn voorzien van een sterke ritssluiting, zodat ze eenvoudig kunnen worden verwijderd en gereinigd.<\/p>\n<p>De omslagen hebben een afmeting van 33\u00d750 cm<\/p>\n\n\t\t<\/div>\n\t<\/div>\n<\/div><\/div><\/div><\/div>\n<\/div>","protected":false},"excerpt":{"rendered":"<p>Zachte, fluweelachtige kussenhoezen van Beni Ouarain-tapijten. Verkrijgbaar in drie varianten. De klassieke met zwarte aftekeningen, een witte zonder patroon en \u00e9\u00e9n met een stippenpatroon.<\/p>\n<p>Geeft een gezellige teddybeer-look en nodigt uit tot gezellig vertoeven op koude winteravonden. Laat je hoofd wegzakken in dit zachte kussen als je lekker op de bank kruipt.<\/p>\n<p>Inlaatmontagekussentje als je het gevuld wilt hebben.<\/p>\n<p>De kussenhoezen hebben een afmeting van ca. 33\u00d750 cm. Er kan een klein verschil in de maten zijn, omdat ze met de hand zijn genaaid.<\/p>","protected":false},"featured_media":10571,"template":"","meta":{"inline_featured_image":false},"product_brand":[],"product_cat":[66,37],"product_tag":[],"class_list":{"0":"post-10552","1":"product","2":"type-product","3":"status-publish","4":"has-post-thumbnail","6":"product_cat-pudebetraek","7":"product_cat-tekstiler","9":"first","10":"instock","11":"taxable","12":"shipping-taxable","13":"purchasable","14":"product-type-variable"},"exclude_global_add_ons":false,"addons":[{"name":"Wilt u een cadeauverpakking?","type":"checkbox","position":0,"required":false,"title_format":"label","default":"","description_enable":false,"description":"","placeholder_enable":false,"placeholder":"","display":"images","restrictions_type":"any_text","adjust_price":false,"price":"","price_type":"flat_fee","restrictions":false,"min":"0","max":"0","options":[{"label":"Ja tak","price":"10","price_type":"flat_fee","image":11015,"visibility":true}],"id":1669646111}],"yoast_head":"<!-- This site is optimized with the Yoast SEO plugin v27.5 - https:\/\/yoast.com\/product\/yoast-seo-wordpress\/ -->\n<title>Pudebetr\u00e6k af marokkanske uld t\u00e6pper | Kun hos Tibladin<\/title>\n<meta name=\"description\" content=\"Flotte pudebetr\u00e6k af Beni Ouarain t\u00e6pper t\u00e6pper - Bl\u00f8de og l\u00e6kre. F\u00e5es i 3 forskellige varianter. Du kan tilk\u00f8be monteringspude. Stort udvalg\" \/>\n<meta name=\"robots\" content=\"index, follow, max-snippet:-1, max-image-preview:large, max-video-preview:-1\" \/>\n<link rel=\"canonical\" href=\"https:\/\/tibladin.dk\/nl\/product-2\/kussensloop-beni-ouarain\/\" \/>\n<meta property=\"og:locale\" content=\"nl_NL\" \/>\n<meta property=\"og:type\" content=\"article\" \/>\n<meta property=\"og:title\" content=\"Pudebetr\u00e6k af marokkanske uld t\u00e6pper | Kun hos Tibladin\" \/>\n<meta property=\"og:description\" content=\"Flotte pudebetr\u00e6k af Beni Ouarain t\u00e6pper t\u00e6pper - Bl\u00f8de og l\u00e6kre. F\u00e5es i 3 forskellige varianter. Du kan tilk\u00f8be monteringspude. Stort udvalg\" \/>\n<meta property=\"og:url\" content=\"https:\/\/tibladin.dk\/nl\/product-2\/kussensloop-beni-ouarain\/\" \/>\n<meta property=\"og:site_name\" content=\"Tibladin\" \/>\n<meta property=\"article:modified_time\" content=\"2025-02-15T16:50:19+00:00\" \/>\n<meta property=\"og:image\" content=\"https:\/\/tibladin.dk\/wp-content\/uploads\/2023\/11\/Pude-af-beni-ouarain-taeppe_alle_LS.jpg\" \/>\n\t<meta property=\"og:image:width\" content=\"800\" \/>\n\t<meta property=\"og:image:height\" content=\"800\" \/>\n\t<meta property=\"og:image:type\" content=\"image\/jpeg\" \/>\n<meta name=\"twitter:card\" content=\"summary_large_image\" \/>\n<meta name=\"twitter:label1\" content=\"Geschatte leestijd\" \/>\n\t<meta name=\"twitter:data1\" content=\"2 minuten\" \/>\n<script type=\"application\/ld+json\" class=\"yoast-schema-graph\">{\"@context\":\"https:\\\/\\\/schema.org\",\"@graph\":[{\"@type\":\"WebPage\",\"@id\":\"https:\\\/\\\/tibladin.dk\\\/produkt\\\/pudebetraek-beni-ouarain\\\/\",\"url\":\"https:\\\/\\\/tibladin.dk\\\/produkt\\\/pudebetraek-beni-ouarain\\\/\",\"name\":\"Pudebetr\u00e6k af marokkanske uld t\u00e6pper | Kun hos Tibladin\",\"isPartOf\":{\"@id\":\"https:\\\/\\\/tibladin.dk\\\/#website\"},\"primaryImageOfPage\":{\"@id\":\"https:\\\/\\\/tibladin.dk\\\/produkt\\\/pudebetraek-beni-ouarain\\\/#primaryimage\"},\"image\":{\"@id\":\"https:\\\/\\\/tibladin.dk\\\/produkt\\\/pudebetraek-beni-ouarain\\\/#primaryimage\"},\"thumbnailUrl\":\"https:\\\/\\\/tibladin.dk\\\/wp-content\\\/uploads\\\/2023\\\/11\\\/Pude-af-beni-ouarain-taeppe_alle_LS.jpg\",\"datePublished\":\"2023-11-25T08:18:19+00:00\",\"dateModified\":\"2025-02-15T16:50:19+00:00\",\"description\":\"Flotte pudebetr\u00e6k af Beni Ouarain t\u00e6pper t\u00e6pper - Bl\u00f8de og l\u00e6kre. F\u00e5es i 3 forskellige varianter. Du kan tilk\u00f8be monteringspude. Stort udvalg\",\"breadcrumb\":{\"@id\":\"https:\\\/\\\/tibladin.dk\\\/produkt\\\/pudebetraek-beni-ouarain\\\/#breadcrumb\"},\"inLanguage\":\"nl-NL\",\"potentialAction\":[{\"@type\":\"ReadAction\",\"target\":[\"https:\\\/\\\/tibladin.dk\\\/produkt\\\/pudebetraek-beni-ouarain\\\/\"]}]},{\"@type\":\"ImageObject\",\"inLanguage\":\"nl-NL\",\"@id\":\"https:\\\/\\\/tibladin.dk\\\/produkt\\\/pudebetraek-beni-ouarain\\\/#primaryimage\",\"url\":\"https:\\\/\\\/tibladin.dk\\\/wp-content\\\/uploads\\\/2023\\\/11\\\/Pude-af-beni-ouarain-taeppe_alle_LS.jpg\",\"contentUrl\":\"https:\\\/\\\/tibladin.dk\\\/wp-content\\\/uploads\\\/2023\\\/11\\\/Pude-af-beni-ouarain-taeppe_alle_LS.jpg\",\"width\":800,\"height\":800,\"caption\":\"pudebetr\u00e6k af bl\u00f8dt beni ouarain t\u00e6ppe i hvid uld\"},{\"@type\":\"BreadcrumbList\",\"@id\":\"https:\\\/\\\/tibladin.dk\\\/produkt\\\/pudebetraek-beni-ouarain\\\/#breadcrumb\",\"itemListElement\":[{\"@type\":\"ListItem\",\"position\":1,\"name\":\"Hjem\",\"item\":\"https:\\\/\\\/tibladin.dk\\\/\"},{\"@type\":\"ListItem\",\"position\":2,\"name\":\"Shop\",\"item\":\"https:\\\/\\\/tibladin.dk\\\/shop\\\/\"},{\"@type\":\"ListItem\",\"position\":3,\"name\":\"Pudebetr\u00e6k Beni Ouarain\"}]},{\"@type\":\"WebSite\",\"@id\":\"https:\\\/\\\/tibladin.dk\\\/#website\",\"url\":\"https:\\\/\\\/tibladin.dk\\\/\",\"name\":\"Tibladin\",\"description\":\"Tibladin\",\"publisher\":{\"@id\":\"https:\\\/\\\/tibladin.dk\\\/#organization\"},\"potentialAction\":[{\"@type\":\"SearchAction\",\"target\":{\"@type\":\"EntryPoint\",\"urlTemplate\":\"https:\\\/\\\/tibladin.dk\\\/?s={search_term_string}\"},\"query-input\":{\"@type\":\"PropertyValueSpecification\",\"valueRequired\":true,\"valueName\":\"search_term_string\"}}],\"inLanguage\":\"nl-NL\"},{\"@type\":\"Organization\",\"@id\":\"https:\\\/\\\/tibladin.dk\\\/#organization\",\"name\":\"Tibladin\",\"url\":\"https:\\\/\\\/tibladin.dk\\\/\",\"logo\":{\"@type\":\"ImageObject\",\"inLanguage\":\"nl-NL\",\"@id\":\"https:\\\/\\\/tibladin.dk\\\/#\\\/schema\\\/logo\\\/image\\\/\",\"url\":\"https:\\\/\\\/tibladin.dk\\\/wp-content\\\/uploads\\\/2022\\\/09\\\/tibladin_logo.svg\",\"contentUrl\":\"https:\\\/\\\/tibladin.dk\\\/wp-content\\\/uploads\\\/2022\\\/09\\\/tibladin_logo.svg\",\"caption\":\"Tibladin\"},\"image\":{\"@id\":\"https:\\\/\\\/tibladin.dk\\\/#\\\/schema\\\/logo\\\/image\\\/\"}}]}<\/script>\n<!-- \/ Yoast SEO plugin. -->","yoast_head_json":{"title":"Kussenhoezen van Marokkaanse wollen tapijten | Alleen bij Tibladin","description":"Prachtige kussenhoezen van Beni Ouarain dekens - Zacht en heerlijk. Verkrijgbaar in 3 verschillende varianten. U kunt een extra montagepad aanschaffen. Grote selectie","robots":{"index":"index","follow":"follow","max-snippet":"max-snippet:-1","max-image-preview":"max-image-preview:large","max-video-preview":"max-video-preview:-1"},"canonical":"https:\/\/tibladin.dk\/nl\/product-2\/kussensloop-beni-ouarain\/","og_locale":"nl_NL","og_type":"article","og_title":"Pudebetr\u00e6k af marokkanske uld t\u00e6pper | Kun hos Tibladin","og_description":"Flotte pudebetr\u00e6k af Beni Ouarain t\u00e6pper t\u00e6pper - Bl\u00f8de og l\u00e6kre. F\u00e5es i 3 forskellige varianter. Du kan tilk\u00f8be monteringspude. Stort udvalg","og_url":"https:\/\/tibladin.dk\/nl\/product-2\/kussensloop-beni-ouarain\/","og_site_name":"Tibladin","article_modified_time":"2025-02-15T16:50:19+00:00","og_image":[{"width":800,"height":800,"url":"https:\/\/tibladin.dk\/wp-content\/uploads\/2023\/11\/Pude-af-beni-ouarain-taeppe_alle_LS.jpg","type":"image\/jpeg"}],"twitter_card":"summary_large_image","twitter_misc":{"Geschatte leestijd":"2 minuten"},"schema":{"@context":"https:\/\/schema.org","@graph":[{"@type":"WebPage","@id":"https:\/\/tibladin.dk\/produkt\/pudebetraek-beni-ouarain\/","url":"https:\/\/tibladin.dk\/produkt\/pudebetraek-beni-ouarain\/","name":"Kussenhoezen van Marokkaanse wollen tapijten | Alleen bij Tibladin","isPartOf":{"@id":"https:\/\/tibladin.dk\/#website"},"primaryImageOfPage":{"@id":"https:\/\/tibladin.dk\/produkt\/pudebetraek-beni-ouarain\/#primaryimage"},"image":{"@id":"https:\/\/tibladin.dk\/produkt\/pudebetraek-beni-ouarain\/#primaryimage"},"thumbnailUrl":"https:\/\/tibladin.dk\/wp-content\/uploads\/2023\/11\/Pude-af-beni-ouarain-taeppe_alle_LS.jpg","datePublished":"2023-11-25T08:18:19+00:00","dateModified":"2025-02-15T16:50:19+00:00","description":"Prachtige kussenhoezen van Beni Ouarain dekens - Zacht en heerlijk. Verkrijgbaar in 3 verschillende varianten. U kunt een extra montagepad aanschaffen. Grote selectie","breadcrumb":{"@id":"https:\/\/tibladin.dk\/produkt\/pudebetraek-beni-ouarain\/#breadcrumb"},"inLanguage":"nl-NL","potentialAction":[{"@type":"ReadAction","target":["https:\/\/tibladin.dk\/produkt\/pudebetraek-beni-ouarain\/"]}]},{"@type":"ImageObject","inLanguage":"nl-NL","@id":"https:\/\/tibladin.dk\/produkt\/pudebetraek-beni-ouarain\/#primaryimage","url":"https:\/\/tibladin.dk\/wp-content\/uploads\/2023\/11\/Pude-af-beni-ouarain-taeppe_alle_LS.jpg","contentUrl":"https:\/\/tibladin.dk\/wp-content\/uploads\/2023\/11\/Pude-af-beni-ouarain-taeppe_alle_LS.jpg","width":800,"height":800,"caption":"pudebetr\u00e6k af bl\u00f8dt beni ouarain t\u00e6ppe i hvid uld"},{"@type":"BreadcrumbList","@id":"https:\/\/tibladin.dk\/produkt\/pudebetraek-beni-ouarain\/#breadcrumb","itemListElement":[{"@type":"ListItem","position":1,"name":"Hjem","item":"https:\/\/tibladin.dk\/"},{"@type":"ListItem","position":2,"name":"Shop","item":"https:\/\/tibladin.dk\/shop\/"},{"@type":"ListItem","position":3,"name":"Pudebetr\u00e6k Beni Ouarain"}]},{"@type":"WebSite","@id":"https:\/\/tibladin.dk\/#website","url":"https:\/\/tibladin.dk\/","name":"Tibladin","description":"Tibladin","publisher":{"@id":"https:\/\/tibladin.dk\/#organization"},"potentialAction":[{"@type":"SearchAction","target":{"@type":"EntryPoint","urlTemplate":"https:\/\/tibladin.dk\/?s={search_term_string}"},"query-input":{"@type":"PropertyValueSpecification","valueRequired":true,"valueName":"search_term_string"}}],"inLanguage":"nl-NL"},{"@type":"Organization","@id":"https:\/\/tibladin.dk\/#organization","name":"Tibladin","url":"https:\/\/tibladin.dk\/","logo":{"@type":"ImageObject","inLanguage":"nl-NL","@id":"https:\/\/tibladin.dk\/#\/schema\/logo\/image\/","url":"https:\/\/tibladin.dk\/wp-content\/uploads\/2022\/09\/tibladin_logo.svg","contentUrl":"https:\/\/tibladin.dk\/wp-content\/uploads\/2022\/09\/tibladin_logo.svg","caption":"Tibladin"},"image":{"@id":"https:\/\/tibladin.dk\/#\/schema\/logo\/image\/"}}]}},"_links":{"self":[{"href":"https:\/\/tibladin.dk\/nl\/wp-json\/wp\/v2\/product\/10552","targetHints":{"allow":["GET"]}}],"collection":[{"href":"https:\/\/tibladin.dk\/nl\/wp-json\/wp\/v2\/product"}],"about":[{"href":"https:\/\/tibladin.dk\/nl\/wp-json\/wp\/v2\/types\/product"}],"wp:featuredmedia":[{"embeddable":true,"href":"https:\/\/tibladin.dk\/nl\/wp-json\/wp\/v2\/media\/10571"}],"wp:attachment":[{"href":"https:\/\/tibladin.dk\/nl\/wp-json\/wp\/v2\/media?parent=10552"}],"wp:term":[{"taxonomy":"product_brand","embeddable":true,"href":"https:\/\/tibladin.dk\/nl\/wp-json\/wp\/v2\/product_brand?post=10552"},{"taxonomy":"product_cat","embeddable":true,"href":"https:\/\/tibladin.dk\/nl\/wp-json\/wp\/v2\/product_cat?post=10552"},{"taxonomy":"product_tag","embeddable":true,"href":"https:\/\/tibladin.dk\/nl\/wp-json\/wp\/v2\/product_tag?post=10552"}],"curies":[{"name":"wp","href":"https:\/\/api.w.org\/{rel}","templated":true}]}}