{"id":10686,"date":"2025-11-20T12:16:29","date_gmt":"2025-11-20T11:16:29","guid":{"rendered":"https:\/\/tibladin.dk\/?post_type=product&#038;p=10686"},"modified":"2026-04-14T14:20:44","modified_gmt":"2026-04-14T12:20:44","slug":"tajine-in-ongeglazuurd-aardewerk-om-te-koken","status":"publish","type":"product","link":"https:\/\/tibladin.dk\/nl\/produkt\/tagine-i-uglaseret-lertoej-til-tilberedning\/","title":{"rendered":"Tajine \u2013 in ongeglazuurd aardewerk om te koken"},"content":{"rendered":"<div class=\"wpb-content-wrapper\"><div class=\"vc_row wpb_row vc_row-fluid\"><div class=\"wpb_column vc_column_container vc_col-sm-4\"><div class=\"vc_column-inner\"><div class=\"wpb_wrapper\">\n\t<div class=\"wpb_video_widget wpb_content_element vc_clearfix   vc_video-aspect-ratio-169 vc_video-el-width-100 vc_video-align-left\" >\n\t\t<div class=\"wpb_wrapper\">\n\t\t\t\n\t\t\t<div class=\"wpb_video_wrapper\"><div class=\"video-container\"><iframe loading=\"lazy\" title=\"Recept Tagine_gehaktballetjes in tomatensaus\" src=\"https:\/\/player.vimeo.com\/video\/465367511?dnt=1&amp;app_id=122963\" width=\"248\" height=\"310\" frameborder=\"0\" allow=\"autoplay; fullscreen; picture-in-picture\"><\/iframe><\/div><\/div>\n\t\t<\/div>\n\t<\/div>\n<\/div><\/div><\/div><div class=\"wpb_column vc_column_container vc_col-sm-4\"><div class=\"vc_column-inner\"><div class=\"wpb_wrapper\"><h3 style=\"text-align: left\" class=\"vc_custom_heading vc_do_custom_heading\" >Onderhoud<\/h3>\n\t<div class=\"wpb_text_column wpb_content_element\" >\n\t\t<div class=\"wpb_wrapper\">\n\t\t\t<p>Voor het eerste gebruik: een nacht in water laten weken. Als het volledig droog is, wrijf je de binnenkant van de schaal in met bakolie (geen olijfolie).<\/p>\n<p>Kan worden gewassen met mild zeepsop.<\/p>\n<p>De tajineschotels zijn handgemaakt en er kunnen variaties in zowel kleur als vorm voorkomen.<\/p>\n\n\t\t<\/div>\n\t<\/div>\n<\/div><\/div><\/div><div class=\"wpb_column vc_column_container vc_col-sm-4\"><div class=\"vc_column-inner\"><div class=\"wpb_wrapper\"><h3 style=\"text-align: left\" class=\"vc_custom_heading vc_do_custom_heading\" >Het verhaal erachter<\/h3>\n\t<div class=\"wpb_text_column wpb_content_element\" >\n\t\t<div class=\"wpb_wrapper\">\n\t\t\t<p>De Marokkaanse tajine\/tajine is een steengoed schaal met een karakteristieke kegelvormige deksel waarin je de heerlijkste gerechten kunt bereiden.Een tajine kan gebruikt worden voor veel heerlijke Marokkaanse gerechten en veel suddergerechten. Op mijn blog kun je verschillende recepten voor Tagine zien.<\/p>\n\n\t\t<\/div>\n\t<\/div>\n<\/div><\/div><\/div><\/div>\n<\/div>","protected":false},"excerpt":{"rendered":"<p>Tajine of Tajine, kan beide kanten op geschreven worden, betekent kleischotel in het Berbers en werkt een beetje hetzelfde als een koekenpan, ontzettend effectief bij het laten sudderen van gerechten en tegelijkertijd heel decoratief.<\/p>\n<p>Schaal van ongeglazuurd aardewerk met een kegelvormige deksel, zorgt ervoor dat uw gerecht urenlang kan sudderen en de goede smaak behoudt.<\/p>\n<p>LET OP! Voor het eerste gebruik: een nacht in water laten weken. Als het volledig droog is, wrijf je de binnenkant van het schaaltje in met bakolie (geen olijfolie).<\/p>\n<p>Zeer rustieke tajine met een handgetekend patroon rond de schaal en bovenaan de kegelvormige deksel.<\/p>\n<div>De tajine heeft een diameter van 31 cm en is geschikt voor een gezin van 4 personen.<\/div>\n<p>Geschikt voor een gewone oven, gasfornuis en keramisch fornuis (voor keramisch fornuis heeft u een metalen converterplaat nodig, zodat deze de warmte kan afvoeren, of u kunt de plaat op een grote pan plaatsen).<\/p>\n<p>Met een Tagine op tafel maakt u zeker indruk op uw gasten.<\/p>","protected":false},"featured_media":10694,"template":"","meta":{"inline_featured_image":false},"product_brand":[],"product_cat":[33,47,157],"product_tag":[],"class_list":{"0":"post-10686","1":"product","2":"type-product","3":"status-publish","4":"has-post-thumbnail","6":"product_cat-borddaekning","7":"product_cat-gaven-til-ham","8":"product_cat-tagines","10":"first","11":"outofstock","12":"taxable","13":"shipping-taxable","14":"purchasable","15":"product-type-simple"},"exclude_global_add_ons":[],"addons":[],"yoast_head":"<!-- This site is optimized with the Yoast SEO plugin v27.4 - https:\/\/yoast.com\/product\/yoast-seo-wordpress\/ -->\n<title>Marokkansk tagine fad i hvid | Til 4-6 personer | T\u00e5ler ovn<\/title>\n<meta name=\"description\" content=\"Lav l\u00e6kre simreretter i denne flotte rustikke tagine. Du kan tilberede direkte i den i ovnen, p\u00e5 gasblus eller p\u00e5 keramisk komfur. Bevarer al den gode smag.\" \/>\n<meta name=\"robots\" content=\"index, follow, max-snippet:-1, max-image-preview:large, max-video-preview:-1\" \/>\n<link rel=\"canonical\" href=\"https:\/\/tibladin.dk\/nl\/product-2\/tajine-in-ongeglazuurd-aardewerk-om-te-koken\/\" \/>\n<meta property=\"og:locale\" content=\"nl_NL\" \/>\n<meta property=\"og:type\" content=\"article\" \/>\n<meta property=\"og:title\" content=\"Marokkansk tagine fad i hvid | Til 4-6 personer | T\u00e5ler ovn\" \/>\n<meta property=\"og:description\" content=\"Lav l\u00e6kre simreretter i denne flotte rustikke tagine. Du kan tilberede direkte i den i ovnen, p\u00e5 gasblus eller p\u00e5 keramisk komfur. Bevarer al den gode smag.\" \/>\n<meta property=\"og:url\" content=\"https:\/\/tibladin.dk\/nl\/product-2\/tajine-in-ongeglazuurd-aardewerk-om-te-koken\/\" \/>\n<meta property=\"og:site_name\" content=\"Tibladin\" \/>\n<meta property=\"article:modified_time\" content=\"2026-04-14T12:20:44+00:00\" \/>\n<meta property=\"og:image\" content=\"https:\/\/tibladin.dk\/wp-content\/uploads\/2023\/12\/Marokkansk-tagine-i-lertoej-uglaseret_LS2.jpg\" \/>\n\t<meta property=\"og:image:width\" content=\"800\" \/>\n\t<meta property=\"og:image:height\" content=\"800\" \/>\n\t<meta property=\"og:image:type\" content=\"image\/jpeg\" \/>\n<meta name=\"twitter:card\" content=\"summary_large_image\" \/>\n<meta name=\"twitter:label1\" content=\"Geschatte leestijd\" \/>\n\t<meta name=\"twitter:data1\" content=\"2 minuten\" \/>\n<script type=\"application\/ld+json\" class=\"yoast-schema-graph\">{\"@context\":\"https:\\\/\\\/schema.org\",\"@graph\":[{\"@type\":\"WebPage\",\"@id\":\"https:\\\/\\\/tibladin.dk\\\/produkt\\\/tagine-i-uglaseret-lertoej-til-tilberedning\\\/\",\"url\":\"https:\\\/\\\/tibladin.dk\\\/produkt\\\/tagine-i-uglaseret-lertoej-til-tilberedning\\\/\",\"name\":\"Marokkansk tagine fad i hvid | Til 4-6 personer | T\u00e5ler ovn\",\"isPartOf\":{\"@id\":\"https:\\\/\\\/tibladin.dk\\\/#website\"},\"primaryImageOfPage\":{\"@id\":\"https:\\\/\\\/tibladin.dk\\\/produkt\\\/tagine-i-uglaseret-lertoej-til-tilberedning\\\/#primaryimage\"},\"image\":{\"@id\":\"https:\\\/\\\/tibladin.dk\\\/produkt\\\/tagine-i-uglaseret-lertoej-til-tilberedning\\\/#primaryimage\"},\"thumbnailUrl\":\"https:\\\/\\\/tibladin.dk\\\/wp-content\\\/uploads\\\/2023\\\/12\\\/Marokkansk-tagine-i-lertoej-uglaseret_LS2.jpg\",\"datePublished\":\"2025-11-20T11:16:29+00:00\",\"dateModified\":\"2026-04-14T12:20:44+00:00\",\"description\":\"Lav l\u00e6kre simreretter i denne flotte rustikke tagine. Du kan tilberede direkte i den i ovnen, p\u00e5 gasblus eller p\u00e5 keramisk komfur. Bevarer al den gode smag.\",\"breadcrumb\":{\"@id\":\"https:\\\/\\\/tibladin.dk\\\/produkt\\\/tagine-i-uglaseret-lertoej-til-tilberedning\\\/#breadcrumb\"},\"inLanguage\":\"nl-NL\",\"potentialAction\":[{\"@type\":\"ReadAction\",\"target\":[\"https:\\\/\\\/tibladin.dk\\\/produkt\\\/tagine-i-uglaseret-lertoej-til-tilberedning\\\/\"]}]},{\"@type\":\"ImageObject\",\"inLanguage\":\"nl-NL\",\"@id\":\"https:\\\/\\\/tibladin.dk\\\/produkt\\\/tagine-i-uglaseret-lertoej-til-tilberedning\\\/#primaryimage\",\"url\":\"https:\\\/\\\/tibladin.dk\\\/wp-content\\\/uploads\\\/2023\\\/12\\\/Marokkansk-tagine-i-lertoej-uglaseret_LS2.jpg\",\"contentUrl\":\"https:\\\/\\\/tibladin.dk\\\/wp-content\\\/uploads\\\/2023\\\/12\\\/Marokkansk-tagine-i-lertoej-uglaseret_LS2.jpg\",\"width\":800,\"height\":800,\"caption\":\"Marokkansk tagine i lert\u00f8j-uglaseret\"},{\"@type\":\"BreadcrumbList\",\"@id\":\"https:\\\/\\\/tibladin.dk\\\/produkt\\\/tagine-i-uglaseret-lertoej-til-tilberedning\\\/#breadcrumb\",\"itemListElement\":[{\"@type\":\"ListItem\",\"position\":1,\"name\":\"Hjem\",\"item\":\"https:\\\/\\\/tibladin.dk\\\/\"},{\"@type\":\"ListItem\",\"position\":2,\"name\":\"Shop\",\"item\":\"https:\\\/\\\/tibladin.dk\\\/shop\\\/\"},{\"@type\":\"ListItem\",\"position\":3,\"name\":\"Tagine &#8211; i uglaseret lert\u00f8j til tilberedning\"}]},{\"@type\":\"WebSite\",\"@id\":\"https:\\\/\\\/tibladin.dk\\\/#website\",\"url\":\"https:\\\/\\\/tibladin.dk\\\/\",\"name\":\"Tibladin\",\"description\":\"Tibladin\",\"publisher\":{\"@id\":\"https:\\\/\\\/tibladin.dk\\\/#organization\"},\"potentialAction\":[{\"@type\":\"SearchAction\",\"target\":{\"@type\":\"EntryPoint\",\"urlTemplate\":\"https:\\\/\\\/tibladin.dk\\\/?s={search_term_string}\"},\"query-input\":{\"@type\":\"PropertyValueSpecification\",\"valueRequired\":true,\"valueName\":\"search_term_string\"}}],\"inLanguage\":\"nl-NL\"},{\"@type\":\"Organization\",\"@id\":\"https:\\\/\\\/tibladin.dk\\\/#organization\",\"name\":\"Tibladin\",\"url\":\"https:\\\/\\\/tibladin.dk\\\/\",\"logo\":{\"@type\":\"ImageObject\",\"inLanguage\":\"nl-NL\",\"@id\":\"https:\\\/\\\/tibladin.dk\\\/#\\\/schema\\\/logo\\\/image\\\/\",\"url\":\"https:\\\/\\\/tibladin.dk\\\/wp-content\\\/uploads\\\/2022\\\/09\\\/tibladin_logo.svg\",\"contentUrl\":\"https:\\\/\\\/tibladin.dk\\\/wp-content\\\/uploads\\\/2022\\\/09\\\/tibladin_logo.svg\",\"caption\":\"Tibladin\"},\"image\":{\"@id\":\"https:\\\/\\\/tibladin.dk\\\/#\\\/schema\\\/logo\\\/image\\\/\"}}]}<\/script>\n<!-- \/ Yoast SEO plugin. -->","yoast_head_json":{"title":"Marokkaanse tajineschotel in wit | Voor 4-6 personen | Ovenbestendig","description":"Maak heerlijke suddergerechten in deze prachtige rustieke tajine. Je kunt er direct in koken in de oven, op een gasbrander of op een keramische kookplaat. Behoudt alle goede smaak.","robots":{"index":"index","follow":"follow","max-snippet":"max-snippet:-1","max-image-preview":"max-image-preview:large","max-video-preview":"max-video-preview:-1"},"canonical":"https:\/\/tibladin.dk\/nl\/product-2\/tajine-in-ongeglazuurd-aardewerk-om-te-koken\/","og_locale":"nl_NL","og_type":"article","og_title":"Marokkansk tagine fad i hvid | Til 4-6 personer | T\u00e5ler ovn","og_description":"Lav l\u00e6kre simreretter i denne flotte rustikke tagine. Du kan tilberede direkte i den i ovnen, p\u00e5 gasblus eller p\u00e5 keramisk komfur. Bevarer al den gode smag.","og_url":"https:\/\/tibladin.dk\/nl\/product-2\/tajine-in-ongeglazuurd-aardewerk-om-te-koken\/","og_site_name":"Tibladin","article_modified_time":"2026-04-14T12:20:44+00:00","og_image":[{"width":800,"height":800,"url":"https:\/\/tibladin.dk\/wp-content\/uploads\/2023\/12\/Marokkansk-tagine-i-lertoej-uglaseret_LS2.jpg","type":"image\/jpeg"}],"twitter_card":"summary_large_image","twitter_misc":{"Geschatte leestijd":"2 minuten"},"schema":{"@context":"https:\/\/schema.org","@graph":[{"@type":"WebPage","@id":"https:\/\/tibladin.dk\/produkt\/tagine-i-uglaseret-lertoej-til-tilberedning\/","url":"https:\/\/tibladin.dk\/produkt\/tagine-i-uglaseret-lertoej-til-tilberedning\/","name":"Marokkaanse tajineschotel in wit | Voor 4-6 personen | Ovenbestendig","isPartOf":{"@id":"https:\/\/tibladin.dk\/#website"},"primaryImageOfPage":{"@id":"https:\/\/tibladin.dk\/produkt\/tagine-i-uglaseret-lertoej-til-tilberedning\/#primaryimage"},"image":{"@id":"https:\/\/tibladin.dk\/produkt\/tagine-i-uglaseret-lertoej-til-tilberedning\/#primaryimage"},"thumbnailUrl":"https:\/\/tibladin.dk\/wp-content\/uploads\/2023\/12\/Marokkansk-tagine-i-lertoej-uglaseret_LS2.jpg","datePublished":"2025-11-20T11:16:29+00:00","dateModified":"2026-04-14T12:20:44+00:00","description":"Maak heerlijke suddergerechten in deze prachtige rustieke tajine. Je kunt er direct in koken in de oven, op een gasbrander of op een keramische kookplaat. Behoudt alle goede smaak.","breadcrumb":{"@id":"https:\/\/tibladin.dk\/produkt\/tagine-i-uglaseret-lertoej-til-tilberedning\/#breadcrumb"},"inLanguage":"nl-NL","potentialAction":[{"@type":"ReadAction","target":["https:\/\/tibladin.dk\/produkt\/tagine-i-uglaseret-lertoej-til-tilberedning\/"]}]},{"@type":"ImageObject","inLanguage":"nl-NL","@id":"https:\/\/tibladin.dk\/produkt\/tagine-i-uglaseret-lertoej-til-tilberedning\/#primaryimage","url":"https:\/\/tibladin.dk\/wp-content\/uploads\/2023\/12\/Marokkansk-tagine-i-lertoej-uglaseret_LS2.jpg","contentUrl":"https:\/\/tibladin.dk\/wp-content\/uploads\/2023\/12\/Marokkansk-tagine-i-lertoej-uglaseret_LS2.jpg","width":800,"height":800,"caption":"Marokkansk tagine i lert\u00f8j-uglaseret"},{"@type":"BreadcrumbList","@id":"https:\/\/tibladin.dk\/produkt\/tagine-i-uglaseret-lertoej-til-tilberedning\/#breadcrumb","itemListElement":[{"@type":"ListItem","position":1,"name":"Hjem","item":"https:\/\/tibladin.dk\/"},{"@type":"ListItem","position":2,"name":"Shop","item":"https:\/\/tibladin.dk\/shop\/"},{"@type":"ListItem","position":3,"name":"Tagine &#8211; i uglaseret lert\u00f8j til tilberedning"}]},{"@type":"WebSite","@id":"https:\/\/tibladin.dk\/#website","url":"https:\/\/tibladin.dk\/","name":"Tibladin","description":"Tibladin","publisher":{"@id":"https:\/\/tibladin.dk\/#organization"},"potentialAction":[{"@type":"SearchAction","target":{"@type":"EntryPoint","urlTemplate":"https:\/\/tibladin.dk\/?s={search_term_string}"},"query-input":{"@type":"PropertyValueSpecification","valueRequired":true,"valueName":"search_term_string"}}],"inLanguage":"nl-NL"},{"@type":"Organization","@id":"https:\/\/tibladin.dk\/#organization","name":"Tibladin","url":"https:\/\/tibladin.dk\/","logo":{"@type":"ImageObject","inLanguage":"nl-NL","@id":"https:\/\/tibladin.dk\/#\/schema\/logo\/image\/","url":"https:\/\/tibladin.dk\/wp-content\/uploads\/2022\/09\/tibladin_logo.svg","contentUrl":"https:\/\/tibladin.dk\/wp-content\/uploads\/2022\/09\/tibladin_logo.svg","caption":"Tibladin"},"image":{"@id":"https:\/\/tibladin.dk\/#\/schema\/logo\/image\/"}}]}},"_links":{"self":[{"href":"https:\/\/tibladin.dk\/nl\/wp-json\/wp\/v2\/product\/10686","targetHints":{"allow":["GET"]}}],"collection":[{"href":"https:\/\/tibladin.dk\/nl\/wp-json\/wp\/v2\/product"}],"about":[{"href":"https:\/\/tibladin.dk\/nl\/wp-json\/wp\/v2\/types\/product"}],"wp:featuredmedia":[{"embeddable":true,"href":"https:\/\/tibladin.dk\/nl\/wp-json\/wp\/v2\/media\/10694"}],"wp:attachment":[{"href":"https:\/\/tibladin.dk\/nl\/wp-json\/wp\/v2\/media?parent=10686"}],"wp:term":[{"taxonomy":"product_brand","embeddable":true,"href":"https:\/\/tibladin.dk\/nl\/wp-json\/wp\/v2\/product_brand?post=10686"},{"taxonomy":"product_cat","embeddable":true,"href":"https:\/\/tibladin.dk\/nl\/wp-json\/wp\/v2\/product_cat?post=10686"},{"taxonomy":"product_tag","embeddable":true,"href":"https:\/\/tibladin.dk\/nl\/wp-json\/wp\/v2\/product_tag?post=10686"}],"curies":[{"name":"wp","href":"https:\/\/api.w.org\/{rel}","templated":true}]}}