{"id":11405,"date":"2024-02-29T15:44:42","date_gmt":"2024-02-29T14:44:42","guid":{"rendered":"https:\/\/tibladin.dk\/?post_type=product&#038;p=11405"},"modified":"2025-05-12T08:24:54","modified_gmt":"2025-05-12T06:24:54","slug":"marokkaans-tapijt-chaoui-kelim-160x210","status":"publish","type":"product","link":"https:\/\/tibladin.dk\/nl\/produkt\/marokkansk-taeppe-chaoui-kelim-160x210\/","title":{"rendered":"Marokkaans tapijt \u2013 CHAOUI kelim 160\u00d7210"},"content":{"rendered":"<div class=\"wpb-content-wrapper\"><div class=\"vc_row wpb_row vc_row-fluid\"><div class=\"wpb_column vc_column_container vc_col-sm-4\"><div class=\"vc_column-inner\"><div class=\"wpb_wrapper\"><\/div><\/div><\/div><div class=\"wpb_column vc_column_container vc_col-sm-4\"><div class=\"vc_column-inner\"><div class=\"wpb_wrapper\"><h3 style=\"text-align: left\" class=\"vc_custom_heading vc_do_custom_heading\" >Onderhoud<\/h3>\n\t<div class=\"wpb_text_column wpb_content_element\" >\n\t\t<div class=\"wpb_wrapper\">\n\t\t\t<p>Stofzuig het tapijt regelmatig en neem het mee naar buiten en schud het af en toe. Vlekken verwijdert u door de vlek zo snel mogelijk met een doek op te zuigen en vervolgens met een vochtige doek de vlek af te deppen. Het tapijt is 100% pure wol % en is op elke vezel op natuurlijke wijze bedekt met lanoline, waardoor vlekken niet in het tapijt dringen. Het kan ook worden gestoomd bij een stomerij. Mochten we het geluk hebben om op een winter in Denemarken sneeuw te krijgen, leg dan eindelijk de deken in de witte sneeuw. Hierdoor wordt het tapijt grondig gereinigd \u2013 geheel natuurlijk.<\/p>\n\n\t\t<\/div>\n\t<\/div>\n<\/div><\/div><\/div><div class=\"wpb_column vc_column_container vc_col-sm-4\"><div class=\"vc_column-inner\"><div class=\"wpb_wrapper\"><h3 style=\"text-align: left\" class=\"vc_custom_heading vc_do_custom_heading\" >Het verhaal erachter<\/h3>\n\t<div class=\"wpb_text_column wpb_content_element\" >\n\t\t<div class=\"wpb_wrapper\">\n\t\t\t<p>Tapijten decoreren, zorgen voor gezelligheid en warmte en zijn bovendien geluidsabsorberend.<\/p>\n<p>Deze vloerkleden zijn handgeweven door Berbervrouwen uit Zemmour in het Atlasgebergte en hebben met hun zwart-witte kleuren een zeer Scandinavische uitstraling.<\/p>\n<p>De vloerkleden zijn gemaakt van duurzame wol van schapen uit het Atlasgebergte en zijn volledig chemicali\u00ebnvrij.<\/p>\n\n\t\t<\/div>\n\t<\/div>\n<\/div><\/div><\/div><\/div>\n<\/div>","protected":false},"excerpt":{"rendered":"<p>Ultra zeldzaam kelim CHAOUI wollen kelim tapijt met gekleurde handgeborduurde patronen. Er is alleen dit vloerkleed en vloerkleden van CHAOUI zijn zeer zeldzame en fijne vloerkleden. Het fijne handwerk is een waar kunstwerk, dat echt karakter geeft en een hoge kwaliteit aan het interieur geeft.<\/p>\n<p>Een basis van lichte, hoogwaardige platgeweven wol. Handgeborduurde patronen in oranje, donkerrood, zwart en wit.<\/p>\n<p>Afmetingen: breedte 160 cm lengte 210 cm.<\/p>\n<p>Prachtig vloerkleed dat in de meeste huiskamers en kamers past. Een goede normale maat. Voor wie een vlakgeweven kwaliteitswollen vloerkleed wil dat veel sfeer en gezelligheid geeft, maar tegelijkertijd niet te dominant is en heel goed past bij de Scandinavische inrichting<\/p>\n<p>Moet worden gestoomd in de wasserette of in de sneeuw worden gereinigd. De wol vermijdt vlekken, zodat deze niet in het tapijt dringen.<\/p>","protected":false},"featured_media":11406,"template":"","meta":{"inline_featured_image":false},"product_brand":[],"product_cat":[59,61],"product_tag":[],"class_list":{"0":"post-11405","1":"product","2":"type-product","3":"status-publish","4":"has-post-thumbnail","6":"product_cat-marokkanske-taepper","7":"product_cat-uldtaepper-kelim","9":"first","10":"instock","11":"taxable","12":"shipping-taxable","13":"purchasable","14":"product-type-simple"},"exclude_global_add_ons":[],"addons":[],"yoast_head":"<!-- This site is optimized with the Yoast SEO plugin v27.4 - https:\/\/yoast.com\/product\/yoast-seo-wordpress\/ -->\n<title>Marokkansk t\u00e6ppe - CHAOUI kelim 160x210- Tibladin<\/title>\n<meta name=\"description\" content=\"Ultra sj\u00e6ldent Marrokansk uld kelim t\u00e6ppe Chaoui. H\u00e5ndv\u00e6vet af berberkvinder med smukke h\u00e5ndbroderede m\u00f8nstrer. et utroligt om imponerende h\u00e5ndarbejde.\" \/>\n<meta name=\"robots\" content=\"index, follow, max-snippet:-1, max-image-preview:large, max-video-preview:-1\" \/>\n<link rel=\"canonical\" href=\"https:\/\/tibladin.dk\/nl\/product-2\/marokkaans-tapijt-chaoui-kelim-160x210\/\" \/>\n<meta property=\"og:locale\" content=\"nl_NL\" \/>\n<meta property=\"og:type\" content=\"article\" \/>\n<meta property=\"og:title\" content=\"Marokkansk t\u00e6ppe - CHAOUI kelim 160x210- Tibladin\" \/>\n<meta property=\"og:description\" content=\"Ultra sj\u00e6ldent Marrokansk uld kelim t\u00e6ppe Chaoui. H\u00e5ndv\u00e6vet af berberkvinder med smukke h\u00e5ndbroderede m\u00f8nstrer. et utroligt om imponerende h\u00e5ndarbejde.\" \/>\n<meta property=\"og:url\" content=\"https:\/\/tibladin.dk\/nl\/product-2\/marokkaans-tapijt-chaoui-kelim-160x210\/\" \/>\n<meta property=\"og:site_name\" content=\"Tibladin\" \/>\n<meta property=\"article:modified_time\" content=\"2025-05-12T06:24:54+00:00\" \/>\n<meta property=\"og:image\" content=\"https:\/\/tibladin.dk\/wp-content\/uploads\/2024\/02\/Tibladin-marokkansk-kelim-taeppe-Chaoui_160x210_2.jpg\" \/>\n\t<meta property=\"og:image:width\" content=\"800\" \/>\n\t<meta property=\"og:image:height\" content=\"800\" \/>\n\t<meta property=\"og:image:type\" content=\"image\/jpeg\" \/>\n<meta name=\"twitter:card\" content=\"summary_large_image\" \/>\n<meta name=\"twitter:label1\" content=\"Geschatte leestijd\" \/>\n\t<meta name=\"twitter:data1\" content=\"2 minuten\" \/>\n<script type=\"application\/ld+json\" class=\"yoast-schema-graph\">{\"@context\":\"https:\\\/\\\/schema.org\",\"@graph\":[{\"@type\":\"WebPage\",\"@id\":\"https:\\\/\\\/tibladin.dk\\\/produkt\\\/marokkansk-taeppe-chaoui-kelim-160x210\\\/\",\"url\":\"https:\\\/\\\/tibladin.dk\\\/produkt\\\/marokkansk-taeppe-chaoui-kelim-160x210\\\/\",\"name\":\"Marokkansk t\u00e6ppe - CHAOUI kelim 160x210- Tibladin\",\"isPartOf\":{\"@id\":\"https:\\\/\\\/tibladin.dk\\\/#website\"},\"primaryImageOfPage\":{\"@id\":\"https:\\\/\\\/tibladin.dk\\\/produkt\\\/marokkansk-taeppe-chaoui-kelim-160x210\\\/#primaryimage\"},\"image\":{\"@id\":\"https:\\\/\\\/tibladin.dk\\\/produkt\\\/marokkansk-taeppe-chaoui-kelim-160x210\\\/#primaryimage\"},\"thumbnailUrl\":\"https:\\\/\\\/tibladin.dk\\\/wp-content\\\/uploads\\\/2024\\\/02\\\/Tibladin-marokkansk-kelim-taeppe-Chaoui_160x210_2.jpg\",\"datePublished\":\"2024-02-29T14:44:42+00:00\",\"dateModified\":\"2025-05-12T06:24:54+00:00\",\"description\":\"Ultra sj\u00e6ldent Marrokansk uld kelim t\u00e6ppe Chaoui. H\u00e5ndv\u00e6vet af berberkvinder med smukke h\u00e5ndbroderede m\u00f8nstrer. et utroligt om imponerende h\u00e5ndarbejde.\",\"breadcrumb\":{\"@id\":\"https:\\\/\\\/tibladin.dk\\\/produkt\\\/marokkansk-taeppe-chaoui-kelim-160x210\\\/#breadcrumb\"},\"inLanguage\":\"nl-NL\",\"potentialAction\":[{\"@type\":\"ReadAction\",\"target\":[\"https:\\\/\\\/tibladin.dk\\\/produkt\\\/marokkansk-taeppe-chaoui-kelim-160x210\\\/\"]}]},{\"@type\":\"ImageObject\",\"inLanguage\":\"nl-NL\",\"@id\":\"https:\\\/\\\/tibladin.dk\\\/produkt\\\/marokkansk-taeppe-chaoui-kelim-160x210\\\/#primaryimage\",\"url\":\"https:\\\/\\\/tibladin.dk\\\/wp-content\\\/uploads\\\/2024\\\/02\\\/Tibladin-marokkansk-kelim-taeppe-Chaoui_160x210_2.jpg\",\"contentUrl\":\"https:\\\/\\\/tibladin.dk\\\/wp-content\\\/uploads\\\/2024\\\/02\\\/Tibladin-marokkansk-kelim-taeppe-Chaoui_160x210_2.jpg\",\"width\":800,\"height\":800,\"caption\":\"Tibladin marokkansk kelim t\u00e6ppe Chaoui_160x210\"},{\"@type\":\"BreadcrumbList\",\"@id\":\"https:\\\/\\\/tibladin.dk\\\/produkt\\\/marokkansk-taeppe-chaoui-kelim-160x210\\\/#breadcrumb\",\"itemListElement\":[{\"@type\":\"ListItem\",\"position\":1,\"name\":\"Hjem\",\"item\":\"https:\\\/\\\/tibladin.dk\\\/\"},{\"@type\":\"ListItem\",\"position\":2,\"name\":\"Shop\",\"item\":\"https:\\\/\\\/tibladin.dk\\\/shop\\\/\"},{\"@type\":\"ListItem\",\"position\":3,\"name\":\"Marokkansk t\u00e6ppe &#8211; CHAOUI kelim 160&#215;210\"}]},{\"@type\":\"WebSite\",\"@id\":\"https:\\\/\\\/tibladin.dk\\\/#website\",\"url\":\"https:\\\/\\\/tibladin.dk\\\/\",\"name\":\"Tibladin\",\"description\":\"Tibladin\",\"publisher\":{\"@id\":\"https:\\\/\\\/tibladin.dk\\\/#organization\"},\"potentialAction\":[{\"@type\":\"SearchAction\",\"target\":{\"@type\":\"EntryPoint\",\"urlTemplate\":\"https:\\\/\\\/tibladin.dk\\\/?s={search_term_string}\"},\"query-input\":{\"@type\":\"PropertyValueSpecification\",\"valueRequired\":true,\"valueName\":\"search_term_string\"}}],\"inLanguage\":\"nl-NL\"},{\"@type\":\"Organization\",\"@id\":\"https:\\\/\\\/tibladin.dk\\\/#organization\",\"name\":\"Tibladin\",\"url\":\"https:\\\/\\\/tibladin.dk\\\/\",\"logo\":{\"@type\":\"ImageObject\",\"inLanguage\":\"nl-NL\",\"@id\":\"https:\\\/\\\/tibladin.dk\\\/#\\\/schema\\\/logo\\\/image\\\/\",\"url\":\"https:\\\/\\\/tibladin.dk\\\/wp-content\\\/uploads\\\/2022\\\/09\\\/tibladin_logo.svg\",\"contentUrl\":\"https:\\\/\\\/tibladin.dk\\\/wp-content\\\/uploads\\\/2022\\\/09\\\/tibladin_logo.svg\",\"caption\":\"Tibladin\"},\"image\":{\"@id\":\"https:\\\/\\\/tibladin.dk\\\/#\\\/schema\\\/logo\\\/image\\\/\"}}]}<\/script>\n<!-- \/ Yoast SEO plugin. -->","yoast_head_json":{"title":"Marokkaans tapijt - CHAOUI kelim 160x210- Tibladin","description":"Ultra zeldzaam Marokkaans wollen kelimkleed Chaoui. Handgeweven door Berbervrouwen met prachtige handgeborduurde patronen. een ongelooflijk, maar indrukwekkend handwerk.","robots":{"index":"index","follow":"follow","max-snippet":"max-snippet:-1","max-image-preview":"max-image-preview:large","max-video-preview":"max-video-preview:-1"},"canonical":"https:\/\/tibladin.dk\/nl\/product-2\/marokkaans-tapijt-chaoui-kelim-160x210\/","og_locale":"nl_NL","og_type":"article","og_title":"Marokkansk t\u00e6ppe - CHAOUI kelim 160x210- Tibladin","og_description":"Ultra sj\u00e6ldent Marrokansk uld kelim t\u00e6ppe Chaoui. H\u00e5ndv\u00e6vet af berberkvinder med smukke h\u00e5ndbroderede m\u00f8nstrer. et utroligt om imponerende h\u00e5ndarbejde.","og_url":"https:\/\/tibladin.dk\/nl\/product-2\/marokkaans-tapijt-chaoui-kelim-160x210\/","og_site_name":"Tibladin","article_modified_time":"2025-05-12T06:24:54+00:00","og_image":[{"width":800,"height":800,"url":"https:\/\/tibladin.dk\/wp-content\/uploads\/2024\/02\/Tibladin-marokkansk-kelim-taeppe-Chaoui_160x210_2.jpg","type":"image\/jpeg"}],"twitter_card":"summary_large_image","twitter_misc":{"Geschatte leestijd":"2 minuten"},"schema":{"@context":"https:\/\/schema.org","@graph":[{"@type":"WebPage","@id":"https:\/\/tibladin.dk\/produkt\/marokkansk-taeppe-chaoui-kelim-160x210\/","url":"https:\/\/tibladin.dk\/produkt\/marokkansk-taeppe-chaoui-kelim-160x210\/","name":"Marokkaans tapijt - CHAOUI kelim 160x210- Tibladin","isPartOf":{"@id":"https:\/\/tibladin.dk\/#website"},"primaryImageOfPage":{"@id":"https:\/\/tibladin.dk\/produkt\/marokkansk-taeppe-chaoui-kelim-160x210\/#primaryimage"},"image":{"@id":"https:\/\/tibladin.dk\/produkt\/marokkansk-taeppe-chaoui-kelim-160x210\/#primaryimage"},"thumbnailUrl":"https:\/\/tibladin.dk\/wp-content\/uploads\/2024\/02\/Tibladin-marokkansk-kelim-taeppe-Chaoui_160x210_2.jpg","datePublished":"2024-02-29T14:44:42+00:00","dateModified":"2025-05-12T06:24:54+00:00","description":"Ultra zeldzaam Marokkaans wollen kelimkleed Chaoui. Handgeweven door Berbervrouwen met prachtige handgeborduurde patronen. een ongelooflijk, maar indrukwekkend handwerk.","breadcrumb":{"@id":"https:\/\/tibladin.dk\/produkt\/marokkansk-taeppe-chaoui-kelim-160x210\/#breadcrumb"},"inLanguage":"nl-NL","potentialAction":[{"@type":"ReadAction","target":["https:\/\/tibladin.dk\/produkt\/marokkansk-taeppe-chaoui-kelim-160x210\/"]}]},{"@type":"ImageObject","inLanguage":"nl-NL","@id":"https:\/\/tibladin.dk\/produkt\/marokkansk-taeppe-chaoui-kelim-160x210\/#primaryimage","url":"https:\/\/tibladin.dk\/wp-content\/uploads\/2024\/02\/Tibladin-marokkansk-kelim-taeppe-Chaoui_160x210_2.jpg","contentUrl":"https:\/\/tibladin.dk\/wp-content\/uploads\/2024\/02\/Tibladin-marokkansk-kelim-taeppe-Chaoui_160x210_2.jpg","width":800,"height":800,"caption":"Tibladin marokkansk kelim t\u00e6ppe Chaoui_160x210"},{"@type":"BreadcrumbList","@id":"https:\/\/tibladin.dk\/produkt\/marokkansk-taeppe-chaoui-kelim-160x210\/#breadcrumb","itemListElement":[{"@type":"ListItem","position":1,"name":"Hjem","item":"https:\/\/tibladin.dk\/"},{"@type":"ListItem","position":2,"name":"Shop","item":"https:\/\/tibladin.dk\/shop\/"},{"@type":"ListItem","position":3,"name":"Marokkansk t\u00e6ppe &#8211; CHAOUI kelim 160&#215;210"}]},{"@type":"WebSite","@id":"https:\/\/tibladin.dk\/#website","url":"https:\/\/tibladin.dk\/","name":"Tibladin","description":"Tibladin","publisher":{"@id":"https:\/\/tibladin.dk\/#organization"},"potentialAction":[{"@type":"SearchAction","target":{"@type":"EntryPoint","urlTemplate":"https:\/\/tibladin.dk\/?s={search_term_string}"},"query-input":{"@type":"PropertyValueSpecification","valueRequired":true,"valueName":"search_term_string"}}],"inLanguage":"nl-NL"},{"@type":"Organization","@id":"https:\/\/tibladin.dk\/#organization","name":"Tibladin","url":"https:\/\/tibladin.dk\/","logo":{"@type":"ImageObject","inLanguage":"nl-NL","@id":"https:\/\/tibladin.dk\/#\/schema\/logo\/image\/","url":"https:\/\/tibladin.dk\/wp-content\/uploads\/2022\/09\/tibladin_logo.svg","contentUrl":"https:\/\/tibladin.dk\/wp-content\/uploads\/2022\/09\/tibladin_logo.svg","caption":"Tibladin"},"image":{"@id":"https:\/\/tibladin.dk\/#\/schema\/logo\/image\/"}}]}},"_links":{"self":[{"href":"https:\/\/tibladin.dk\/nl\/wp-json\/wp\/v2\/product\/11405","targetHints":{"allow":["GET"]}}],"collection":[{"href":"https:\/\/tibladin.dk\/nl\/wp-json\/wp\/v2\/product"}],"about":[{"href":"https:\/\/tibladin.dk\/nl\/wp-json\/wp\/v2\/types\/product"}],"wp:featuredmedia":[{"embeddable":true,"href":"https:\/\/tibladin.dk\/nl\/wp-json\/wp\/v2\/media\/11406"}],"wp:attachment":[{"href":"https:\/\/tibladin.dk\/nl\/wp-json\/wp\/v2\/media?parent=11405"}],"wp:term":[{"taxonomy":"product_brand","embeddable":true,"href":"https:\/\/tibladin.dk\/nl\/wp-json\/wp\/v2\/product_brand?post=11405"},{"taxonomy":"product_cat","embeddable":true,"href":"https:\/\/tibladin.dk\/nl\/wp-json\/wp\/v2\/product_cat?post=11405"},{"taxonomy":"product_tag","embeddable":true,"href":"https:\/\/tibladin.dk\/nl\/wp-json\/wp\/v2\/product_tag?post=11405"}],"curies":[{"name":"wp","href":"https:\/\/api.w.org\/{rel}","templated":true}]}}