{"id":1450,"date":"2022-09-20T11:09:18","date_gmt":"2022-09-20T09:09:18","guid":{"rendered":"https:\/\/tibladin.dk\/vare\/marokkansk-luksus-hammam-haandklaede-lavendelblaa\/"},"modified":"2025-11-21T10:58:47","modified_gmt":"2025-11-21T09:58:47","slug":"marokkaanse-luxe-hamamdoeken-lavendelblauw","status":"publish","type":"product","link":"https:\/\/tibladin.dk\/nl\/produkt\/marokkansk-luksus-hammamhaandklaede-lavendelblaa\/","title":{"rendered":"Marokkaanse luxe hamamdoek lavendelblauw"},"content":{"rendered":"<div class=\"wpb-content-wrapper\"><div class=\"vc_row wpb_row vc_row-fluid\"><div class=\"wpb_column vc_column_container vc_col-sm-4\"><div class=\"vc_column-inner\"><div class=\"wpb_wrapper\">\n\t<div class=\"wpb_video_widget wpb_content_element vc_clearfix   vc_video-aspect-ratio-43 vc_video-el-width-100 vc_video-align-left\" >\n\t\t<div class=\"wpb_wrapper\">\n\t\t\t\n\t\t\t<div class=\"wpb_video_wrapper\"><div class=\"video-container\"><iframe loading=\"lazy\" title=\"Vrouwenco\u00f6peratie Marrakech\" src=\"https:\/\/player.vimeo.com\/video\/416218536?dnt=1&amp;app_id=122963\" width=\"500\" height=\"281\" frameborder=\"0\" allow=\"autoplay; fullscreen; picture-in-picture\"><\/iframe><\/div><\/div>\n\t\t<\/div>\n\t<\/div>\n<\/div><\/div><\/div><div class=\"wpb_column vc_column_container vc_col-sm-4\"><div class=\"vc_column-inner\"><div class=\"wpb_wrapper\"><h3 style=\"text-align: left\" class=\"vc_custom_heading vc_do_custom_heading\" >Was je hamamdoek<\/h3>\n\t<div class=\"wpb_text_column wpb_content_element\" >\n\t\t<div class=\"wpb_wrapper\">\n\t\t\t<p>De hamamdoek is 100% % katoen en kan gewassen worden op 60 graden. Het wordt echter aanbevolen om het met hout te wassen <strong>30 graden<\/strong>, omdat de handdoek handgeweven is en bij hogere temperaturen goed van structuur kan veranderen.<\/p>\n\n\t\t<\/div>\n\t<\/div>\n<\/div><\/div><\/div><div class=\"wpb_column vc_column_container vc_col-sm-4\"><div class=\"vc_column-inner\"><div class=\"wpb_wrapper\"><h3 style=\"text-align: left\" class=\"vc_custom_heading vc_do_custom_heading\" >Het verhaal achter de hamamdoek<\/h3>\n\t<div class=\"wpb_text_column wpb_content_element\" >\n\t\t<div class=\"wpb_wrapper\">\n\t\t\t<p>Hamamdoek\/plaid. De mogelijkheden zijn talrijk. Je kunt ze gebruiken als sprei op de bank of als decoratie aan het voeteneinde van je bed of als handdoek of sarong meenemen naar het strand. Hoogwaardig biologisch katoen en met de fijnste finesse in het weefwerk.<\/p>\n<p>De hamamdoeken worden met de hand geweven door vrouwen in een vrouwenco\u00f6peratie ten zuiden van Marrakech.<\/p>\n<p>De vrouwenco\u00f6peratie biedt werk aan 160 vrouwen in het kleine dorp en helpt zo de levensstandaard van veel gezinnen te verhogen. Er is een school en een kleuterschool opgericht voor de kinderen van de vrouwen, zodat de kinderen onderwijs kunnen krijgen en kunnen werken terwijl de moeders werken.<\/p>\n\n\t\t<\/div>\n\t<\/div>\n<\/div><\/div><\/div><\/div>\n<\/div>","protected":false},"excerpt":{"rendered":"<p class=\"p1\"><span class=\"s1\">Luxe handgeweven hamamdoek van 100 % biologisch katoen in een prachtige lavendelblauwe kleur. Wafelweefsel en strepen aan elk uiteinde afgewerkt met handgedraaid kant.<\/span><\/p>\n<p>Geheel unieke hamamdoek, handgeweven door vrouwen in een vrouwenco\u00f6peratie ten zuiden van Marrakech. Het is zo&#039;n mooi en goed uitgevoerd werk.<\/p>\n<p>afmetingen: 180\u00d790 cm.<\/p>","protected":false},"featured_media":1446,"template":"","meta":{"inline_featured_image":false},"product_brand":[],"product_cat":[47,35,63,37],"product_tag":[],"class_list":{"0":"post-1450","1":"product","2":"type-product","3":"status-publish","4":"has-post-thumbnail","6":"product_cat-gaven-til-ham","7":"product_cat-gaven-til-hende","8":"product_cat-hammamhaandklaeder","9":"product_cat-tekstiler","11":"first","12":"instock","13":"taxable","14":"shipping-taxable","15":"purchasable","16":"product-type-simple"},"exclude_global_add_ons":false,"addons":[{"name":"Wilt u een cadeauverpakking?","type":"checkbox","position":0,"required":false,"title_format":"label","default":"","description_enable":false,"description":"","placeholder_enable":false,"placeholder":"","display":"images","restrictions_type":"any_text","adjust_price":false,"price":"","price_type":"flat_fee","restrictions":false,"min":"0","max":"0","options":[{"label":"Ja tak","price":"10","price_type":"flat_fee","image":11015,"visibility":true}],"id":1669646111}],"yoast_head":"<!-- This site is optimized with the Yoast SEO plugin v27.5 - https:\/\/yoast.com\/product\/yoast-seo-wordpress\/ -->\n<title>H\u00e5ndv\u00e6vet hammamh\u00e5ndkl\u00e6der i \u00f8kologisk bomuld | Tibladin<\/title>\n<meta name=\"description\" content=\"Smukt lavendelbl\u00e5 hammamh\u00e5ndkl\u00e6de 90x180 cm. H\u00e5ndv\u00e6vet af \u00f8kologisk bomuld. Vaflet v\u00e6vning og striber i enderne. F\u00e5es i flere farver\" \/>\n<meta name=\"robots\" content=\"index, follow, max-snippet:-1, max-image-preview:large, max-video-preview:-1\" \/>\n<link rel=\"canonical\" href=\"https:\/\/tibladin.dk\/nl\/product-2\/marokkaanse-luxe-hamamdoeken-lavendelblauw\/\" \/>\n<meta property=\"og:locale\" content=\"nl_NL\" \/>\n<meta property=\"og:type\" content=\"article\" \/>\n<meta property=\"og:title\" content=\"H\u00e5ndv\u00e6vet hammamh\u00e5ndkl\u00e6der i \u00f8kologisk bomuld | Tibladin\" \/>\n<meta property=\"og:description\" content=\"Smukt lavendelbl\u00e5 hammamh\u00e5ndkl\u00e6de 90x180 cm. H\u00e5ndv\u00e6vet af \u00f8kologisk bomuld. Vaflet v\u00e6vning og striber i enderne. F\u00e5es i flere farver\" \/>\n<meta property=\"og:url\" content=\"https:\/\/tibladin.dk\/nl\/product-2\/marokkaanse-luxe-hamamdoeken-lavendelblauw\/\" \/>\n<meta property=\"og:site_name\" content=\"Tibladin\" \/>\n<meta property=\"article:modified_time\" content=\"2025-11-21T09:58:47+00:00\" \/>\n<meta property=\"og:image\" content=\"https:\/\/tibladin.dk\/wp-content\/uploads\/2022\/09\/Tibladin_marokkansk-hammam_haandklaede_lavendelblaa-2.jpg\" \/>\n\t<meta property=\"og:image:width\" content=\"800\" \/>\n\t<meta property=\"og:image:height\" content=\"800\" \/>\n\t<meta property=\"og:image:type\" content=\"image\/jpeg\" \/>\n<meta name=\"twitter:card\" content=\"summary_large_image\" \/>\n<meta name=\"twitter:label1\" content=\"Geschatte leestijd\" \/>\n\t<meta name=\"twitter:data1\" content=\"2 minuten\" \/>\n<script type=\"application\/ld+json\" class=\"yoast-schema-graph\">{\"@context\":\"https:\\\/\\\/schema.org\",\"@graph\":[{\"@type\":\"WebPage\",\"@id\":\"https:\\\/\\\/tibladin.dk\\\/produkt\\\/marokkansk-luksus-hammamhaandklaede-lavendelblaa\\\/\",\"url\":\"https:\\\/\\\/tibladin.dk\\\/produkt\\\/marokkansk-luksus-hammamhaandklaede-lavendelblaa\\\/\",\"name\":\"H\u00e5ndv\u00e6vet hammamh\u00e5ndkl\u00e6der i \u00f8kologisk bomuld | Tibladin\",\"isPartOf\":{\"@id\":\"https:\\\/\\\/tibladin.dk\\\/#website\"},\"primaryImageOfPage\":{\"@id\":\"https:\\\/\\\/tibladin.dk\\\/produkt\\\/marokkansk-luksus-hammamhaandklaede-lavendelblaa\\\/#primaryimage\"},\"image\":{\"@id\":\"https:\\\/\\\/tibladin.dk\\\/produkt\\\/marokkansk-luksus-hammamhaandklaede-lavendelblaa\\\/#primaryimage\"},\"thumbnailUrl\":\"https:\\\/\\\/tibladin.dk\\\/wp-content\\\/uploads\\\/2022\\\/09\\\/Tibladin_marokkansk-hammam_haandklaede_lavendelblaa-2.jpg\",\"datePublished\":\"2022-09-20T09:09:18+00:00\",\"dateModified\":\"2025-11-21T09:58:47+00:00\",\"description\":\"Smukt lavendelbl\u00e5 hammamh\u00e5ndkl\u00e6de 90x180 cm. H\u00e5ndv\u00e6vet af \u00f8kologisk bomuld. Vaflet v\u00e6vning og striber i enderne. F\u00e5es i flere farver\",\"breadcrumb\":{\"@id\":\"https:\\\/\\\/tibladin.dk\\\/produkt\\\/marokkansk-luksus-hammamhaandklaede-lavendelblaa\\\/#breadcrumb\"},\"inLanguage\":\"nl-NL\",\"potentialAction\":[{\"@type\":\"ReadAction\",\"target\":[\"https:\\\/\\\/tibladin.dk\\\/produkt\\\/marokkansk-luksus-hammamhaandklaede-lavendelblaa\\\/\"]}]},{\"@type\":\"ImageObject\",\"inLanguage\":\"nl-NL\",\"@id\":\"https:\\\/\\\/tibladin.dk\\\/produkt\\\/marokkansk-luksus-hammamhaandklaede-lavendelblaa\\\/#primaryimage\",\"url\":\"https:\\\/\\\/tibladin.dk\\\/wp-content\\\/uploads\\\/2022\\\/09\\\/Tibladin_marokkansk-hammam_haandklaede_lavendelblaa-2.jpg\",\"contentUrl\":\"https:\\\/\\\/tibladin.dk\\\/wp-content\\\/uploads\\\/2022\\\/09\\\/Tibladin_marokkansk-hammam_haandklaede_lavendelblaa-2.jpg\",\"width\":800,\"height\":800,\"caption\":\"To marokkanske h\u00e5ndv\u00e6vede hammam h\u00e5ndkl\u00e6der i bl\u00e5 i lille og stor st\u00f8rrelse\"},{\"@type\":\"BreadcrumbList\",\"@id\":\"https:\\\/\\\/tibladin.dk\\\/produkt\\\/marokkansk-luksus-hammamhaandklaede-lavendelblaa\\\/#breadcrumb\",\"itemListElement\":[{\"@type\":\"ListItem\",\"position\":1,\"name\":\"Hjem\",\"item\":\"https:\\\/\\\/tibladin.dk\\\/\"},{\"@type\":\"ListItem\",\"position\":2,\"name\":\"Shop\",\"item\":\"https:\\\/\\\/tibladin.dk\\\/shop\\\/\"},{\"@type\":\"ListItem\",\"position\":3,\"name\":\"Marokkansk luksus hammamh\u00e5ndkl\u00e6de lavendelbl\u00e5\"}]},{\"@type\":\"WebSite\",\"@id\":\"https:\\\/\\\/tibladin.dk\\\/#website\",\"url\":\"https:\\\/\\\/tibladin.dk\\\/\",\"name\":\"Tibladin\",\"description\":\"Tibladin\",\"publisher\":{\"@id\":\"https:\\\/\\\/tibladin.dk\\\/#organization\"},\"potentialAction\":[{\"@type\":\"SearchAction\",\"target\":{\"@type\":\"EntryPoint\",\"urlTemplate\":\"https:\\\/\\\/tibladin.dk\\\/?s={search_term_string}\"},\"query-input\":{\"@type\":\"PropertyValueSpecification\",\"valueRequired\":true,\"valueName\":\"search_term_string\"}}],\"inLanguage\":\"nl-NL\"},{\"@type\":\"Organization\",\"@id\":\"https:\\\/\\\/tibladin.dk\\\/#organization\",\"name\":\"Tibladin\",\"url\":\"https:\\\/\\\/tibladin.dk\\\/\",\"logo\":{\"@type\":\"ImageObject\",\"inLanguage\":\"nl-NL\",\"@id\":\"https:\\\/\\\/tibladin.dk\\\/#\\\/schema\\\/logo\\\/image\\\/\",\"url\":\"https:\\\/\\\/tibladin.dk\\\/wp-content\\\/uploads\\\/2022\\\/09\\\/tibladin_logo.svg\",\"contentUrl\":\"https:\\\/\\\/tibladin.dk\\\/wp-content\\\/uploads\\\/2022\\\/09\\\/tibladin_logo.svg\",\"caption\":\"Tibladin\"},\"image\":{\"@id\":\"https:\\\/\\\/tibladin.dk\\\/#\\\/schema\\\/logo\\\/image\\\/\"}}]}<\/script>\n<!-- \/ Yoast SEO plugin. -->","yoast_head_json":{"title":"Handgeweven hamamdoeken van biologisch katoen | Tibladin","description":"Prachtige lavendelblauwe hamamdoek 90x180 cm. Handgeweven van biologisch katoen. Wafelweefsel en strepen aan de uiteinden. Verkrijgbaar in meerdere kleuren","robots":{"index":"index","follow":"follow","max-snippet":"max-snippet:-1","max-image-preview":"max-image-preview:large","max-video-preview":"max-video-preview:-1"},"canonical":"https:\/\/tibladin.dk\/nl\/product-2\/marokkaanse-luxe-hamamdoeken-lavendelblauw\/","og_locale":"nl_NL","og_type":"article","og_title":"H\u00e5ndv\u00e6vet hammamh\u00e5ndkl\u00e6der i \u00f8kologisk bomuld | Tibladin","og_description":"Smukt lavendelbl\u00e5 hammamh\u00e5ndkl\u00e6de 90x180 cm. H\u00e5ndv\u00e6vet af \u00f8kologisk bomuld. Vaflet v\u00e6vning og striber i enderne. F\u00e5es i flere farver","og_url":"https:\/\/tibladin.dk\/nl\/product-2\/marokkaanse-luxe-hamamdoeken-lavendelblauw\/","og_site_name":"Tibladin","article_modified_time":"2025-11-21T09:58:47+00:00","og_image":[{"width":800,"height":800,"url":"https:\/\/tibladin.dk\/wp-content\/uploads\/2022\/09\/Tibladin_marokkansk-hammam_haandklaede_lavendelblaa-2.jpg","type":"image\/jpeg"}],"twitter_card":"summary_large_image","twitter_misc":{"Geschatte leestijd":"2 minuten"},"schema":{"@context":"https:\/\/schema.org","@graph":[{"@type":"WebPage","@id":"https:\/\/tibladin.dk\/produkt\/marokkansk-luksus-hammamhaandklaede-lavendelblaa\/","url":"https:\/\/tibladin.dk\/produkt\/marokkansk-luksus-hammamhaandklaede-lavendelblaa\/","name":"Handgeweven hamamdoeken van biologisch katoen | Tibladin","isPartOf":{"@id":"https:\/\/tibladin.dk\/#website"},"primaryImageOfPage":{"@id":"https:\/\/tibladin.dk\/produkt\/marokkansk-luksus-hammamhaandklaede-lavendelblaa\/#primaryimage"},"image":{"@id":"https:\/\/tibladin.dk\/produkt\/marokkansk-luksus-hammamhaandklaede-lavendelblaa\/#primaryimage"},"thumbnailUrl":"https:\/\/tibladin.dk\/wp-content\/uploads\/2022\/09\/Tibladin_marokkansk-hammam_haandklaede_lavendelblaa-2.jpg","datePublished":"2022-09-20T09:09:18+00:00","dateModified":"2025-11-21T09:58:47+00:00","description":"Prachtige lavendelblauwe hamamdoek 90x180 cm. Handgeweven van biologisch katoen. Wafelweefsel en strepen aan de uiteinden. Verkrijgbaar in meerdere kleuren","breadcrumb":{"@id":"https:\/\/tibladin.dk\/produkt\/marokkansk-luksus-hammamhaandklaede-lavendelblaa\/#breadcrumb"},"inLanguage":"nl-NL","potentialAction":[{"@type":"ReadAction","target":["https:\/\/tibladin.dk\/produkt\/marokkansk-luksus-hammamhaandklaede-lavendelblaa\/"]}]},{"@type":"ImageObject","inLanguage":"nl-NL","@id":"https:\/\/tibladin.dk\/produkt\/marokkansk-luksus-hammamhaandklaede-lavendelblaa\/#primaryimage","url":"https:\/\/tibladin.dk\/wp-content\/uploads\/2022\/09\/Tibladin_marokkansk-hammam_haandklaede_lavendelblaa-2.jpg","contentUrl":"https:\/\/tibladin.dk\/wp-content\/uploads\/2022\/09\/Tibladin_marokkansk-hammam_haandklaede_lavendelblaa-2.jpg","width":800,"height":800,"caption":"To marokkanske h\u00e5ndv\u00e6vede hammam h\u00e5ndkl\u00e6der i bl\u00e5 i lille og stor st\u00f8rrelse"},{"@type":"BreadcrumbList","@id":"https:\/\/tibladin.dk\/produkt\/marokkansk-luksus-hammamhaandklaede-lavendelblaa\/#breadcrumb","itemListElement":[{"@type":"ListItem","position":1,"name":"Hjem","item":"https:\/\/tibladin.dk\/"},{"@type":"ListItem","position":2,"name":"Shop","item":"https:\/\/tibladin.dk\/shop\/"},{"@type":"ListItem","position":3,"name":"Marokkansk luksus hammamh\u00e5ndkl\u00e6de lavendelbl\u00e5"}]},{"@type":"WebSite","@id":"https:\/\/tibladin.dk\/#website","url":"https:\/\/tibladin.dk\/","name":"Tibladin","description":"Tibladin","publisher":{"@id":"https:\/\/tibladin.dk\/#organization"},"potentialAction":[{"@type":"SearchAction","target":{"@type":"EntryPoint","urlTemplate":"https:\/\/tibladin.dk\/?s={search_term_string}"},"query-input":{"@type":"PropertyValueSpecification","valueRequired":true,"valueName":"search_term_string"}}],"inLanguage":"nl-NL"},{"@type":"Organization","@id":"https:\/\/tibladin.dk\/#organization","name":"Tibladin","url":"https:\/\/tibladin.dk\/","logo":{"@type":"ImageObject","inLanguage":"nl-NL","@id":"https:\/\/tibladin.dk\/#\/schema\/logo\/image\/","url":"https:\/\/tibladin.dk\/wp-content\/uploads\/2022\/09\/tibladin_logo.svg","contentUrl":"https:\/\/tibladin.dk\/wp-content\/uploads\/2022\/09\/tibladin_logo.svg","caption":"Tibladin"},"image":{"@id":"https:\/\/tibladin.dk\/#\/schema\/logo\/image\/"}}]}},"_links":{"self":[{"href":"https:\/\/tibladin.dk\/nl\/wp-json\/wp\/v2\/product\/1450","targetHints":{"allow":["GET"]}}],"collection":[{"href":"https:\/\/tibladin.dk\/nl\/wp-json\/wp\/v2\/product"}],"about":[{"href":"https:\/\/tibladin.dk\/nl\/wp-json\/wp\/v2\/types\/product"}],"wp:featuredmedia":[{"embeddable":true,"href":"https:\/\/tibladin.dk\/nl\/wp-json\/wp\/v2\/media\/1446"}],"wp:attachment":[{"href":"https:\/\/tibladin.dk\/nl\/wp-json\/wp\/v2\/media?parent=1450"}],"wp:term":[{"taxonomy":"product_brand","embeddable":true,"href":"https:\/\/tibladin.dk\/nl\/wp-json\/wp\/v2\/product_brand?post=1450"},{"taxonomy":"product_cat","embeddable":true,"href":"https:\/\/tibladin.dk\/nl\/wp-json\/wp\/v2\/product_cat?post=1450"},{"taxonomy":"product_tag","embeddable":true,"href":"https:\/\/tibladin.dk\/nl\/wp-json\/wp\/v2\/product_tag?post=1450"}],"curies":[{"name":"wp","href":"https:\/\/api.w.org\/{rel}","templated":true}]}}