{"id":1459,"date":"2022-09-20T11:09:21","date_gmt":"2022-09-20T09:09:21","guid":{"rendered":"https:\/\/tibladin.dk\/vare\/bog-marrakech-smag-steder-og-stemning\/"},"modified":"2025-06-04T11:16:00","modified_gmt":"2025-06-04T09:16:00","slug":"boek-marrakech-smaakplekken-en-sfeer","status":"publish","type":"product","link":"https:\/\/tibladin.dk\/nl\/produkt\/bog-marrakech-smag-steder-og-stemning\/","title":{"rendered":"Boek: Marrakech \u2013 smaak, plaatsen en sfeer"},"content":{"rendered":"<div class=\"wpb-content-wrapper\"><div class=\"vc_row wpb_row vc_row-fluid\"><div class=\"wpb_column vc_column_container vc_col-sm-4\"><div class=\"vc_column-inner\"><div class=\"wpb_wrapper\"><\/div><\/div><\/div><div class=\"wpb_column vc_column_container vc_col-sm-4\"><div class=\"vc_column-inner\"><div class=\"wpb_wrapper\"><h3 style=\"text-align: left\" class=\"vc_custom_heading vc_do_custom_heading\" >Over de auteur<\/h3>\n\t<div class=\"wpb_text_column wpb_content_element\" >\n\t\t<div class=\"wpb_wrapper\">\n\t\t\t<p>Maria Wittendorff is examenkunst. in het Arabisch en een al lang bestaande schrijver en redacteur van tijdschriften en boeken. Ze heeft 30 jaar door Noord-Afrika gereisd en wordt gedreven door de ontmoeting tussen culturen, het begrip van de kringlopen van de geschiedenis en de nieuwsgierigheid om haar eigen wereld van concepten uit te dagen en uit te breiden.<\/p>\n\n\t\t<\/div>\n\t<\/div>\n<\/div><\/div><\/div><div class=\"wpb_column vc_column_container vc_col-sm-4\"><div class=\"vc_column-inner\"><div class=\"wpb_wrapper\"><h3 style=\"text-align: left\" class=\"vc_custom_heading vc_do_custom_heading\" >Het verhaal erachter<\/h3>\n\t<div class=\"wpb_text_column wpb_content_element\" >\n\t\t<div class=\"wpb_wrapper\">\n\t\t\t<p>Het magische Marrakech \u2013 de rode stad aan de voet van het met sneeuw bedekte Atlasgebergte \u2013 trekt al eeuwenlang kunstenaars, bohemiens, avonturiers en levensgenieters aan. Geen enkele andere stad is zoals deze. Tegelijkertijd raadselachtig en exotisch, verleidelijk en kleurrijk, en als een oude vriend: vriendelijk, gastvrij en openhartig.<span class=\"Apple-converted-space\">\u00a0<\/span><\/p>\n<p>Omringd door 1000 jaar dramatische geschiedenis biedt de stad meer ervaringen dan je kunt dromen: talloze historische en culturele bezienswaardigheden, een rijke en verfijnde eetcultuur, de mooiste decoraties en meubels en al het leven dat zich afspeelt in de straten en steegjes en vooral op het unieke plein Jamaa el-Fna.<span class=\"Apple-converted-space\">\u00a0<\/span><\/p>\n<p>Het boek neemt je mee op een reis door Marrakech naar 15 spannende bezienswaardigheden en naar 25 heerlijke plekken om te eten in de wijken eromheen. Daarnaast zijn er heerlijke en authentieke recepten uit de stad die de geur en smaak van Marokko in jouw keuken thuis kunnen brengen.<\/p>\n<p><i>225 pagina&#039;s, gebonden, 215 x 280 mm.<\/i><\/p>\n\n\t\t<\/div>\n\t<\/div>\n<\/div><\/div><\/div><\/div>\n<\/div>","protected":false},"excerpt":{"rendered":"<p>Het boek van Maria Wittendorff neemt je mee op reis door Marrakech naar 15 spannende bezienswaardigheden en naar 25 heerlijke restaurants in de omliggende wijken. Daarnaast zijn er heerlijke en authentieke recepten uit de stad die de geur en smaak van Marokko in jouw keuken thuis kunnen brengen.<\/p>\n<p>225 pagina&#039;s heerlijke inspiratie in hardback-versie. Het boek is in het Deens<\/p>\n<p>&nbsp;<\/p>","protected":false},"featured_media":1457,"template":"","meta":{"inline_featured_image":false},"product_brand":[],"product_cat":[27,47,35,93],"product_tag":[],"class_list":{"0":"post-1459","1":"product","2":"type-product","3":"status-publish","4":"has-post-thumbnail","6":"product_cat-diverse","7":"product_cat-gaven-til-ham","8":"product_cat-gaven-til-hende","9":"product_cat-marrakech-guide-boeger","11":"first","12":"instock","13":"taxable","14":"shipping-taxable","15":"purchasable","16":"product-type-simple"},"exclude_global_add_ons":false,"addons":[{"name":"Wilt u een cadeauverpakking?","type":"checkbox","position":0,"required":false,"title_format":"label","default":"","description_enable":false,"description":"","placeholder_enable":false,"placeholder":"","display":"images","restrictions_type":"any_text","adjust_price":false,"price":"","price_type":"flat_fee","restrictions":false,"min":"0","max":"0","options":[{"label":"Ja tak","price":"10","price_type":"flat_fee","image":11015,"visibility":true}],"id":1669646111}],"yoast_head":"<!-- This site is optimized with the Yoast SEO plugin v27.4 - https:\/\/yoast.com\/product\/yoast-seo-wordpress\/ -->\n<title>Marrakech Smag, steder og stemninger af Maria Wittendorff - Tibladin<\/title>\n<meta name=\"description\" content=\"Bogen tager dig med p\u00e5 en tur igennem Marrakech til 15 sp\u00e6ndende sev\u00e6rdigheder og til 25 sk\u00f8nne spisesteder.\" \/>\n<meta name=\"robots\" content=\"index, follow, max-snippet:-1, max-image-preview:large, max-video-preview:-1\" \/>\n<link rel=\"canonical\" href=\"https:\/\/tibladin.dk\/nl\/product-2\/boek-marrakech-smaakplekken-en-sfeer\/\" \/>\n<meta property=\"og:locale\" content=\"nl_NL\" \/>\n<meta property=\"og:type\" content=\"article\" \/>\n<meta property=\"og:title\" content=\"Marrakech Smag, steder og stemninger af Maria Wittendorff - Tibladin\" \/>\n<meta property=\"og:description\" content=\"Bogen tager dig med p\u00e5 en tur igennem Marrakech til 15 sp\u00e6ndende sev\u00e6rdigheder og til 25 sk\u00f8nne spisesteder.\" \/>\n<meta property=\"og:url\" content=\"https:\/\/tibladin.dk\/nl\/product-2\/boek-marrakech-smaakplekken-en-sfeer\/\" \/>\n<meta property=\"og:site_name\" content=\"Tibladin\" \/>\n<meta property=\"article:modified_time\" content=\"2025-06-04T09:16:00+00:00\" \/>\n<meta property=\"og:image\" content=\"https:\/\/tibladin.dk\/wp-content\/uploads\/2022\/09\/Tibladin_Marrakech_smag-steder-og-stemninger-1.jpg\" \/>\n\t<meta property=\"og:image:width\" content=\"800\" \/>\n\t<meta property=\"og:image:height\" content=\"800\" \/>\n\t<meta property=\"og:image:type\" content=\"image\/jpeg\" \/>\n<meta name=\"twitter:card\" content=\"summary_large_image\" \/>\n<meta name=\"twitter:label1\" content=\"Geschatte leestijd\" \/>\n\t<meta name=\"twitter:data1\" content=\"2 minuten\" \/>\n<script type=\"application\/ld+json\" class=\"yoast-schema-graph\">{\"@context\":\"https:\\\/\\\/schema.org\",\"@graph\":[{\"@type\":\"WebPage\",\"@id\":\"https:\\\/\\\/tibladin.dk\\\/produkt\\\/bog-marrakech-smag-steder-og-stemning\\\/\",\"url\":\"https:\\\/\\\/tibladin.dk\\\/produkt\\\/bog-marrakech-smag-steder-og-stemning\\\/\",\"name\":\"Marrakech Smag, steder og stemninger af Maria Wittendorff - Tibladin\",\"isPartOf\":{\"@id\":\"https:\\\/\\\/tibladin.dk\\\/#website\"},\"primaryImageOfPage\":{\"@id\":\"https:\\\/\\\/tibladin.dk\\\/produkt\\\/bog-marrakech-smag-steder-og-stemning\\\/#primaryimage\"},\"image\":{\"@id\":\"https:\\\/\\\/tibladin.dk\\\/produkt\\\/bog-marrakech-smag-steder-og-stemning\\\/#primaryimage\"},\"thumbnailUrl\":\"https:\\\/\\\/tibladin.dk\\\/wp-content\\\/uploads\\\/2022\\\/09\\\/Tibladin_Marrakech_smag-steder-og-stemninger-1.jpg\",\"datePublished\":\"2022-09-20T09:09:21+00:00\",\"dateModified\":\"2025-06-04T09:16:00+00:00\",\"description\":\"Bogen tager dig med p\u00e5 en tur igennem Marrakech til 15 sp\u00e6ndende sev\u00e6rdigheder og til 25 sk\u00f8nne spisesteder.\",\"breadcrumb\":{\"@id\":\"https:\\\/\\\/tibladin.dk\\\/produkt\\\/bog-marrakech-smag-steder-og-stemning\\\/#breadcrumb\"},\"inLanguage\":\"nl-NL\",\"potentialAction\":[{\"@type\":\"ReadAction\",\"target\":[\"https:\\\/\\\/tibladin.dk\\\/produkt\\\/bog-marrakech-smag-steder-og-stemning\\\/\"]}]},{\"@type\":\"ImageObject\",\"inLanguage\":\"nl-NL\",\"@id\":\"https:\\\/\\\/tibladin.dk\\\/produkt\\\/bog-marrakech-smag-steder-og-stemning\\\/#primaryimage\",\"url\":\"https:\\\/\\\/tibladin.dk\\\/wp-content\\\/uploads\\\/2022\\\/09\\\/Tibladin_Marrakech_smag-steder-og-stemninger-1.jpg\",\"contentUrl\":\"https:\\\/\\\/tibladin.dk\\\/wp-content\\\/uploads\\\/2022\\\/09\\\/Tibladin_Marrakech_smag-steder-og-stemninger-1.jpg\",\"width\":800,\"height\":800,\"caption\":\"Marrakech. Smag, steder og stemning bog\"},{\"@type\":\"BreadcrumbList\",\"@id\":\"https:\\\/\\\/tibladin.dk\\\/produkt\\\/bog-marrakech-smag-steder-og-stemning\\\/#breadcrumb\",\"itemListElement\":[{\"@type\":\"ListItem\",\"position\":1,\"name\":\"Hjem\",\"item\":\"https:\\\/\\\/tibladin.dk\\\/\"},{\"@type\":\"ListItem\",\"position\":2,\"name\":\"Shop\",\"item\":\"https:\\\/\\\/tibladin.dk\\\/shop\\\/\"},{\"@type\":\"ListItem\",\"position\":3,\"name\":\"Bog: Marrakech &#8211; smag, steder og stemning\"}]},{\"@type\":\"WebSite\",\"@id\":\"https:\\\/\\\/tibladin.dk\\\/#website\",\"url\":\"https:\\\/\\\/tibladin.dk\\\/\",\"name\":\"Tibladin\",\"description\":\"Tibladin\",\"publisher\":{\"@id\":\"https:\\\/\\\/tibladin.dk\\\/#organization\"},\"potentialAction\":[{\"@type\":\"SearchAction\",\"target\":{\"@type\":\"EntryPoint\",\"urlTemplate\":\"https:\\\/\\\/tibladin.dk\\\/?s={search_term_string}\"},\"query-input\":{\"@type\":\"PropertyValueSpecification\",\"valueRequired\":true,\"valueName\":\"search_term_string\"}}],\"inLanguage\":\"nl-NL\"},{\"@type\":\"Organization\",\"@id\":\"https:\\\/\\\/tibladin.dk\\\/#organization\",\"name\":\"Tibladin\",\"url\":\"https:\\\/\\\/tibladin.dk\\\/\",\"logo\":{\"@type\":\"ImageObject\",\"inLanguage\":\"nl-NL\",\"@id\":\"https:\\\/\\\/tibladin.dk\\\/#\\\/schema\\\/logo\\\/image\\\/\",\"url\":\"https:\\\/\\\/tibladin.dk\\\/wp-content\\\/uploads\\\/2022\\\/09\\\/tibladin_logo.svg\",\"contentUrl\":\"https:\\\/\\\/tibladin.dk\\\/wp-content\\\/uploads\\\/2022\\\/09\\\/tibladin_logo.svg\",\"caption\":\"Tibladin\"},\"image\":{\"@id\":\"https:\\\/\\\/tibladin.dk\\\/#\\\/schema\\\/logo\\\/image\\\/\"}}]}<\/script>\n<!-- \/ Yoast SEO plugin. -->","yoast_head_json":{"title":"Marrakech Smaak, plaatsen en stemmingen door Maria Wittendorff - Tibladin","description":"Het boek neemt je mee op reis door Marrakech naar 15 spannende bezienswaardigheden en 25 heerlijke plekken om te eten.","robots":{"index":"index","follow":"follow","max-snippet":"max-snippet:-1","max-image-preview":"max-image-preview:large","max-video-preview":"max-video-preview:-1"},"canonical":"https:\/\/tibladin.dk\/nl\/product-2\/boek-marrakech-smaakplekken-en-sfeer\/","og_locale":"nl_NL","og_type":"article","og_title":"Marrakech Smag, steder og stemninger af Maria Wittendorff - Tibladin","og_description":"Bogen tager dig med p\u00e5 en tur igennem Marrakech til 15 sp\u00e6ndende sev\u00e6rdigheder og til 25 sk\u00f8nne spisesteder.","og_url":"https:\/\/tibladin.dk\/nl\/product-2\/boek-marrakech-smaakplekken-en-sfeer\/","og_site_name":"Tibladin","article_modified_time":"2025-06-04T09:16:00+00:00","og_image":[{"width":800,"height":800,"url":"https:\/\/tibladin.dk\/wp-content\/uploads\/2022\/09\/Tibladin_Marrakech_smag-steder-og-stemninger-1.jpg","type":"image\/jpeg"}],"twitter_card":"summary_large_image","twitter_misc":{"Geschatte leestijd":"2 minuten"},"schema":{"@context":"https:\/\/schema.org","@graph":[{"@type":"WebPage","@id":"https:\/\/tibladin.dk\/produkt\/bog-marrakech-smag-steder-og-stemning\/","url":"https:\/\/tibladin.dk\/produkt\/bog-marrakech-smag-steder-og-stemning\/","name":"Marrakech Smaak, plaatsen en stemmingen door Maria Wittendorff - Tibladin","isPartOf":{"@id":"https:\/\/tibladin.dk\/#website"},"primaryImageOfPage":{"@id":"https:\/\/tibladin.dk\/produkt\/bog-marrakech-smag-steder-og-stemning\/#primaryimage"},"image":{"@id":"https:\/\/tibladin.dk\/produkt\/bog-marrakech-smag-steder-og-stemning\/#primaryimage"},"thumbnailUrl":"https:\/\/tibladin.dk\/wp-content\/uploads\/2022\/09\/Tibladin_Marrakech_smag-steder-og-stemninger-1.jpg","datePublished":"2022-09-20T09:09:21+00:00","dateModified":"2025-06-04T09:16:00+00:00","description":"Het boek neemt je mee op reis door Marrakech naar 15 spannende bezienswaardigheden en 25 heerlijke plekken om te eten.","breadcrumb":{"@id":"https:\/\/tibladin.dk\/produkt\/bog-marrakech-smag-steder-og-stemning\/#breadcrumb"},"inLanguage":"nl-NL","potentialAction":[{"@type":"ReadAction","target":["https:\/\/tibladin.dk\/produkt\/bog-marrakech-smag-steder-og-stemning\/"]}]},{"@type":"ImageObject","inLanguage":"nl-NL","@id":"https:\/\/tibladin.dk\/produkt\/bog-marrakech-smag-steder-og-stemning\/#primaryimage","url":"https:\/\/tibladin.dk\/wp-content\/uploads\/2022\/09\/Tibladin_Marrakech_smag-steder-og-stemninger-1.jpg","contentUrl":"https:\/\/tibladin.dk\/wp-content\/uploads\/2022\/09\/Tibladin_Marrakech_smag-steder-og-stemninger-1.jpg","width":800,"height":800,"caption":"Marrakech. Smag, steder og stemning bog"},{"@type":"BreadcrumbList","@id":"https:\/\/tibladin.dk\/produkt\/bog-marrakech-smag-steder-og-stemning\/#breadcrumb","itemListElement":[{"@type":"ListItem","position":1,"name":"Hjem","item":"https:\/\/tibladin.dk\/"},{"@type":"ListItem","position":2,"name":"Shop","item":"https:\/\/tibladin.dk\/shop\/"},{"@type":"ListItem","position":3,"name":"Bog: Marrakech &#8211; smag, steder og stemning"}]},{"@type":"WebSite","@id":"https:\/\/tibladin.dk\/#website","url":"https:\/\/tibladin.dk\/","name":"Tibladin","description":"Tibladin","publisher":{"@id":"https:\/\/tibladin.dk\/#organization"},"potentialAction":[{"@type":"SearchAction","target":{"@type":"EntryPoint","urlTemplate":"https:\/\/tibladin.dk\/?s={search_term_string}"},"query-input":{"@type":"PropertyValueSpecification","valueRequired":true,"valueName":"search_term_string"}}],"inLanguage":"nl-NL"},{"@type":"Organization","@id":"https:\/\/tibladin.dk\/#organization","name":"Tibladin","url":"https:\/\/tibladin.dk\/","logo":{"@type":"ImageObject","inLanguage":"nl-NL","@id":"https:\/\/tibladin.dk\/#\/schema\/logo\/image\/","url":"https:\/\/tibladin.dk\/wp-content\/uploads\/2022\/09\/tibladin_logo.svg","contentUrl":"https:\/\/tibladin.dk\/wp-content\/uploads\/2022\/09\/tibladin_logo.svg","caption":"Tibladin"},"image":{"@id":"https:\/\/tibladin.dk\/#\/schema\/logo\/image\/"}}]}},"_links":{"self":[{"href":"https:\/\/tibladin.dk\/nl\/wp-json\/wp\/v2\/product\/1459","targetHints":{"allow":["GET"]}}],"collection":[{"href":"https:\/\/tibladin.dk\/nl\/wp-json\/wp\/v2\/product"}],"about":[{"href":"https:\/\/tibladin.dk\/nl\/wp-json\/wp\/v2\/types\/product"}],"wp:featuredmedia":[{"embeddable":true,"href":"https:\/\/tibladin.dk\/nl\/wp-json\/wp\/v2\/media\/1457"}],"wp:attachment":[{"href":"https:\/\/tibladin.dk\/nl\/wp-json\/wp\/v2\/media?parent=1459"}],"wp:term":[{"taxonomy":"product_brand","embeddable":true,"href":"https:\/\/tibladin.dk\/nl\/wp-json\/wp\/v2\/product_brand?post=1459"},{"taxonomy":"product_cat","embeddable":true,"href":"https:\/\/tibladin.dk\/nl\/wp-json\/wp\/v2\/product_cat?post=1459"},{"taxonomy":"product_tag","embeddable":true,"href":"https:\/\/tibladin.dk\/nl\/wp-json\/wp\/v2\/product_tag?post=1459"}],"curies":[{"name":"wp","href":"https:\/\/api.w.org\/{rel}","templated":true}]}}