{"id":1466,"date":"2022-09-20T11:09:24","date_gmt":"2022-09-20T09:09:24","guid":{"rendered":"https:\/\/tibladin.dk\/vare\/bog-din-guide-til-marrakech-engelsk\/"},"modified":"2026-02-18T11:12:40","modified_gmt":"2026-02-18T10:12:40","slug":"boek-uw-gids-voor-marrakech-engels","status":"publish","type":"product","link":"https:\/\/tibladin.dk\/nl\/produkt\/bog-din-guide-til-marrakech-engelsk\/","title":{"rendered":"Boek: Uw gids voor Marrakech - Engels"},"content":{"rendered":"<div class=\"wpb-content-wrapper\"><div class=\"vc_row wpb_row vc_row-fluid\"><div class=\"wpb_column vc_column_container vc_col-sm-4\"><div class=\"vc_column-inner\"><div class=\"wpb_wrapper\"><\/div><\/div><\/div><div class=\"wpb_column vc_column_container vc_col-sm-4\"><div class=\"vc_column-inner\"><div class=\"wpb_wrapper\"><h3 style=\"text-align: left\" class=\"vc_custom_heading vc_do_custom_heading\" >Over de auteur<\/h3>\n\t<div class=\"wpb_text_column wpb_content_element\" >\n\t\t<div class=\"wpb_wrapper\">\n\t\t\t<p>Maria Wittendorff is examenkunst. in het Arabisch en een al lang bestaande schrijver en redacteur van tijdschriften en boeken. Ze heeft 30 jaar door Noord-Afrika gereisd en wordt gedreven door de ontmoeting tussen culturen, het begrip van de kringlopen van de geschiedenis en de nieuwsgierigheid om haar eigen wereld van concepten uit te dagen en uit te breiden.<\/p>\n\n\t\t<\/div>\n\t<\/div>\n<\/div><\/div><\/div><div class=\"wpb_column vc_column_container vc_col-sm-4\"><div class=\"vc_column-inner\"><div class=\"wpb_wrapper\"><h3 style=\"text-align: left\" class=\"vc_custom_heading vc_do_custom_heading\" >Het verhaal erachter<\/h3>\n\t<div class=\"wpb_text_column wpb_content_element\" >\n\t\t<div class=\"wpb_wrapper\">\n\t\t\t<p>Magisch Marrakech! Bijna duizend jaar spannende geschiedenis hebben hun indrukwekkende sporen nagelaten in deze uitzonderlijke stad, vol kleuren en patronen, geuren en smaken, licht en geluid, en een heel bijzondere sfeer die ontstaat in de kruising tussen prachtige omgevingen, een rijke cultuur, gastvrijheid en een buitengewoon genereus klimaat.<\/p>\n<p>Met dit boek in de hand heb je alles wat je moet weten om de <i>volledige ervaring <\/i>van de rode stad, zowel wat betreft de voorbereidingen voor vertrek als tijdens het wandelen door de smalle straatjes en steegjes, waarbij u de achtergrondverhalen leest en profiteert van de talrijke tips en beschrijvingen, waardoor u gemakkelijker kunt kiezen wat u wilt zien en waar u wilt eten.<\/p>\n<p><i>Uw gids voor Marrakech <\/i>geeft u levendige, persoonlijke verhalen van:<\/p>\n<ul>\n<li>60 caf\u00e9s en restaurants<\/li>\n<li>15 historische bezienswaardigheden<\/li>\n<li>10 tuinen en parken<\/li>\n<li>25 musea, culturele centra en galerijen<\/li>\n<li>20 riads, hotels en hamams.<span class=\"Apple-converted-space\">\u00a0<\/span><\/li>\n<\/ul>\n<p>Naast geschiedenis, handwerk &amp; shoppen, soeks &amp; markten, architectuur &amp; eetcultuur, muziek &amp; festivals + alle praktische info die je nodig hebt tijdens je reis.<\/p>\n<p><i>225 pagina&#039;s, softcover met flappen, 148 x 210 mm (A5).<\/i><\/p>\n\n\t\t<\/div>\n\t<\/div>\n<\/div><\/div><\/div><\/div>\n<\/div>","protected":false},"excerpt":{"rendered":"<p>Magisch Marrakech! Bijna duizend jaar spannende geschiedenis hebben hun indrukwekkende sporen nagelaten in deze uitzonderlijke stad, vol kleuren en patronen, geuren en smaken, licht en geluid, en een heel bijzondere sfeer die ontstaat in de kruising tussen prachtige omgevingen, een rijke cultuur, gastvrijheid en een buitengewoon genereus klimaat.<\/p>\n<p>Met dit boek in de hand heb je alles wat je moet weten om de <i>volledige ervaring <\/i>van de rode stad, zowel wat betreft de voorbereidingen voor vertrek als tijdens het wandelen door de smalle straatjes en steegjes, waarbij u de achtergrondverhalen leest en profiteert van de talrijke tips en beschrijvingen, waardoor u gemakkelijker kunt kiezen wat u wilt zien en waar u wilt eten.<\/p>\n<p><i>Uw gids voor Marrakech <\/i>geeft u levendige, persoonlijke verhalen van:<\/p>\n<ul>\n<li>60 caf\u00e9s en restaurants<\/li>\n<li>15 historische bezienswaardigheden<\/li>\n<li>10 tuinen en parken<\/li>\n<li>25 musea, culturele centra en galerijen<\/li>\n<li>20 riads, hotels en hamams.<span class=\"Apple-converted-space\">\u00a0<\/span><\/li>\n<\/ul>\n<p>Naast geschiedenis, handwerk &amp; shoppen, soeks &amp; markten, architectuur &amp; eetcultuur, muziek &amp; festivals + alle praktische info die je nodig hebt tijdens je reis.<\/p>\n<p><i>225 pagina&#039;s, softcover 148 x 210 mm (A5).<\/i><\/p>\n<p>&nbsp;<\/p>","protected":false},"featured_media":1465,"template":"","meta":{"inline_featured_image":false},"product_brand":[],"product_cat":[27,47,35,93],"product_tag":[],"class_list":{"0":"post-1466","1":"product","2":"type-product","3":"status-publish","4":"has-post-thumbnail","6":"product_cat-diverse","7":"product_cat-gaven-til-ham","8":"product_cat-gaven-til-hende","9":"product_cat-marrakech-guide-boeger","11":"first","12":"outofstock","13":"taxable","14":"shipping-taxable","15":"purchasable","16":"product-type-simple"},"exclude_global_add_ons":false,"addons":[{"name":"Wilt u een cadeauverpakking?","type":"checkbox","position":0,"required":false,"title_format":"label","default":"","description_enable":false,"description":"","placeholder_enable":false,"placeholder":"","display":"images","restrictions_type":"any_text","adjust_price":false,"price":"","price_type":"flat_fee","restrictions":false,"min":"0","max":"0","options":[{"label":"Ja tak","price":"10","price_type":"flat_fee","image":11015,"visibility":true}],"id":1669646111}],"yoast_head":"<!-- This site is optimized with the Yoast SEO plugin v27.4 - https:\/\/yoast.com\/product\/yoast-seo-wordpress\/ -->\n<title>Din guide til Marrakech. Fantastisk guide bog p\u00e5 engelsk - Tibladin<\/title>\n<meta name=\"description\" content=\"Bogen er det t\u00e6tteste, man kommer p\u00e5 en komplet guide til Marrakech \u2013 personligt oplevet og indlevende fortalt. Bogen er p\u00e5 engelsk.\" \/>\n<meta name=\"robots\" content=\"index, follow, max-snippet:-1, max-image-preview:large, max-video-preview:-1\" \/>\n<link rel=\"canonical\" href=\"https:\/\/tibladin.dk\/nl\/product-2\/boek-uw-gids-voor-marrakech-engels\/\" \/>\n<meta property=\"og:locale\" content=\"nl_NL\" \/>\n<meta property=\"og:type\" content=\"article\" \/>\n<meta property=\"og:title\" content=\"Din guide til Marrakech. Fantastisk guide bog p\u00e5 engelsk - Tibladin\" \/>\n<meta property=\"og:description\" content=\"Bogen er det t\u00e6tteste, man kommer p\u00e5 en komplet guide til Marrakech \u2013 personligt oplevet og indlevende fortalt. Bogen er p\u00e5 engelsk.\" \/>\n<meta property=\"og:url\" content=\"https:\/\/tibladin.dk\/nl\/product-2\/boek-uw-gids-voor-marrakech-engels\/\" \/>\n<meta property=\"og:site_name\" content=\"Tibladin\" \/>\n<meta property=\"article:modified_time\" content=\"2026-02-18T10:12:40+00:00\" \/>\n<meta property=\"og:image\" content=\"https:\/\/tibladin.dk\/wp-content\/uploads\/2022\/09\/Tibladin_your-guide-to-Marrakech-1.jpg\" \/>\n\t<meta property=\"og:image:width\" content=\"800\" \/>\n\t<meta property=\"og:image:height\" content=\"800\" \/>\n\t<meta property=\"og:image:type\" content=\"image\/jpeg\" \/>\n<meta name=\"twitter:card\" content=\"summary_large_image\" \/>\n<meta name=\"twitter:label1\" content=\"Geschatte leestijd\" \/>\n\t<meta name=\"twitter:data1\" content=\"2 minuten\" \/>\n<script type=\"application\/ld+json\" class=\"yoast-schema-graph\">{\"@context\":\"https:\\\/\\\/schema.org\",\"@graph\":[{\"@type\":\"WebPage\",\"@id\":\"https:\\\/\\\/tibladin.dk\\\/produkt\\\/bog-din-guide-til-marrakech-engelsk\\\/\",\"url\":\"https:\\\/\\\/tibladin.dk\\\/produkt\\\/bog-din-guide-til-marrakech-engelsk\\\/\",\"name\":\"Din guide til Marrakech. Fantastisk guide bog p\u00e5 engelsk - Tibladin\",\"isPartOf\":{\"@id\":\"https:\\\/\\\/tibladin.dk\\\/#website\"},\"primaryImageOfPage\":{\"@id\":\"https:\\\/\\\/tibladin.dk\\\/produkt\\\/bog-din-guide-til-marrakech-engelsk\\\/#primaryimage\"},\"image\":{\"@id\":\"https:\\\/\\\/tibladin.dk\\\/produkt\\\/bog-din-guide-til-marrakech-engelsk\\\/#primaryimage\"},\"thumbnailUrl\":\"https:\\\/\\\/tibladin.dk\\\/wp-content\\\/uploads\\\/2022\\\/09\\\/Tibladin_your-guide-to-Marrakech-1.jpg\",\"datePublished\":\"2022-09-20T09:09:24+00:00\",\"dateModified\":\"2026-02-18T10:12:40+00:00\",\"description\":\"Bogen er det t\u00e6tteste, man kommer p\u00e5 en komplet guide til Marrakech \u2013 personligt oplevet og indlevende fortalt. Bogen er p\u00e5 engelsk.\",\"breadcrumb\":{\"@id\":\"https:\\\/\\\/tibladin.dk\\\/produkt\\\/bog-din-guide-til-marrakech-engelsk\\\/#breadcrumb\"},\"inLanguage\":\"nl-NL\",\"potentialAction\":[{\"@type\":\"ReadAction\",\"target\":[\"https:\\\/\\\/tibladin.dk\\\/produkt\\\/bog-din-guide-til-marrakech-engelsk\\\/\"]}]},{\"@type\":\"ImageObject\",\"inLanguage\":\"nl-NL\",\"@id\":\"https:\\\/\\\/tibladin.dk\\\/produkt\\\/bog-din-guide-til-marrakech-engelsk\\\/#primaryimage\",\"url\":\"https:\\\/\\\/tibladin.dk\\\/wp-content\\\/uploads\\\/2022\\\/09\\\/Tibladin_your-guide-to-Marrakech-1.jpg\",\"contentUrl\":\"https:\\\/\\\/tibladin.dk\\\/wp-content\\\/uploads\\\/2022\\\/09\\\/Tibladin_your-guide-to-Marrakech-1.jpg\",\"width\":800,\"height\":800,\"caption\":\"Din guide til Marrakesh bog oven p\u00e5 tr\u00e6bord\"},{\"@type\":\"BreadcrumbList\",\"@id\":\"https:\\\/\\\/tibladin.dk\\\/produkt\\\/bog-din-guide-til-marrakech-engelsk\\\/#breadcrumb\",\"itemListElement\":[{\"@type\":\"ListItem\",\"position\":1,\"name\":\"Hjem\",\"item\":\"https:\\\/\\\/tibladin.dk\\\/\"},{\"@type\":\"ListItem\",\"position\":2,\"name\":\"Shop\",\"item\":\"https:\\\/\\\/tibladin.dk\\\/shop\\\/\"},{\"@type\":\"ListItem\",\"position\":3,\"name\":\"Bog: Din guide til Marrakech &#8211; Engelsk\"}]},{\"@type\":\"WebSite\",\"@id\":\"https:\\\/\\\/tibladin.dk\\\/#website\",\"url\":\"https:\\\/\\\/tibladin.dk\\\/\",\"name\":\"Tibladin\",\"description\":\"Tibladin\",\"publisher\":{\"@id\":\"https:\\\/\\\/tibladin.dk\\\/#organization\"},\"potentialAction\":[{\"@type\":\"SearchAction\",\"target\":{\"@type\":\"EntryPoint\",\"urlTemplate\":\"https:\\\/\\\/tibladin.dk\\\/?s={search_term_string}\"},\"query-input\":{\"@type\":\"PropertyValueSpecification\",\"valueRequired\":true,\"valueName\":\"search_term_string\"}}],\"inLanguage\":\"nl-NL\"},{\"@type\":\"Organization\",\"@id\":\"https:\\\/\\\/tibladin.dk\\\/#organization\",\"name\":\"Tibladin\",\"url\":\"https:\\\/\\\/tibladin.dk\\\/\",\"logo\":{\"@type\":\"ImageObject\",\"inLanguage\":\"nl-NL\",\"@id\":\"https:\\\/\\\/tibladin.dk\\\/#\\\/schema\\\/logo\\\/image\\\/\",\"url\":\"https:\\\/\\\/tibladin.dk\\\/wp-content\\\/uploads\\\/2022\\\/09\\\/tibladin_logo.svg\",\"contentUrl\":\"https:\\\/\\\/tibladin.dk\\\/wp-content\\\/uploads\\\/2022\\\/09\\\/tibladin_logo.svg\",\"caption\":\"Tibladin\"},\"image\":{\"@id\":\"https:\\\/\\\/tibladin.dk\\\/#\\\/schema\\\/logo\\\/image\\\/\"}}]}<\/script>\n<!-- \/ Yoast SEO plugin. -->","yoast_head_json":{"title":"Uw gids voor Marrakesh. Fantastische gids in het Engels - Tibladin","description":"Het boek komt het dichtst in de buurt van een complete gids over Marrakech \u2013 persoonlijk ervaren en levendig verteld. Het boek is in het Engels.","robots":{"index":"index","follow":"follow","max-snippet":"max-snippet:-1","max-image-preview":"max-image-preview:large","max-video-preview":"max-video-preview:-1"},"canonical":"https:\/\/tibladin.dk\/nl\/product-2\/boek-uw-gids-voor-marrakech-engels\/","og_locale":"nl_NL","og_type":"article","og_title":"Din guide til Marrakech. Fantastisk guide bog p\u00e5 engelsk - Tibladin","og_description":"Bogen er det t\u00e6tteste, man kommer p\u00e5 en komplet guide til Marrakech \u2013 personligt oplevet og indlevende fortalt. Bogen er p\u00e5 engelsk.","og_url":"https:\/\/tibladin.dk\/nl\/product-2\/boek-uw-gids-voor-marrakech-engels\/","og_site_name":"Tibladin","article_modified_time":"2026-02-18T10:12:40+00:00","og_image":[{"width":800,"height":800,"url":"https:\/\/tibladin.dk\/wp-content\/uploads\/2022\/09\/Tibladin_your-guide-to-Marrakech-1.jpg","type":"image\/jpeg"}],"twitter_card":"summary_large_image","twitter_misc":{"Geschatte leestijd":"2 minuten"},"schema":{"@context":"https:\/\/schema.org","@graph":[{"@type":"WebPage","@id":"https:\/\/tibladin.dk\/produkt\/bog-din-guide-til-marrakech-engelsk\/","url":"https:\/\/tibladin.dk\/produkt\/bog-din-guide-til-marrakech-engelsk\/","name":"Uw gids voor Marrakesh. Fantastische gids in het Engels - Tibladin","isPartOf":{"@id":"https:\/\/tibladin.dk\/#website"},"primaryImageOfPage":{"@id":"https:\/\/tibladin.dk\/produkt\/bog-din-guide-til-marrakech-engelsk\/#primaryimage"},"image":{"@id":"https:\/\/tibladin.dk\/produkt\/bog-din-guide-til-marrakech-engelsk\/#primaryimage"},"thumbnailUrl":"https:\/\/tibladin.dk\/wp-content\/uploads\/2022\/09\/Tibladin_your-guide-to-Marrakech-1.jpg","datePublished":"2022-09-20T09:09:24+00:00","dateModified":"2026-02-18T10:12:40+00:00","description":"Het boek komt het dichtst in de buurt van een complete gids over Marrakech \u2013 persoonlijk ervaren en levendig verteld. Het boek is in het Engels.","breadcrumb":{"@id":"https:\/\/tibladin.dk\/produkt\/bog-din-guide-til-marrakech-engelsk\/#breadcrumb"},"inLanguage":"nl-NL","potentialAction":[{"@type":"ReadAction","target":["https:\/\/tibladin.dk\/produkt\/bog-din-guide-til-marrakech-engelsk\/"]}]},{"@type":"ImageObject","inLanguage":"nl-NL","@id":"https:\/\/tibladin.dk\/produkt\/bog-din-guide-til-marrakech-engelsk\/#primaryimage","url":"https:\/\/tibladin.dk\/wp-content\/uploads\/2022\/09\/Tibladin_your-guide-to-Marrakech-1.jpg","contentUrl":"https:\/\/tibladin.dk\/wp-content\/uploads\/2022\/09\/Tibladin_your-guide-to-Marrakech-1.jpg","width":800,"height":800,"caption":"Din guide til Marrakesh bog oven p\u00e5 tr\u00e6bord"},{"@type":"BreadcrumbList","@id":"https:\/\/tibladin.dk\/produkt\/bog-din-guide-til-marrakech-engelsk\/#breadcrumb","itemListElement":[{"@type":"ListItem","position":1,"name":"Hjem","item":"https:\/\/tibladin.dk\/"},{"@type":"ListItem","position":2,"name":"Shop","item":"https:\/\/tibladin.dk\/shop\/"},{"@type":"ListItem","position":3,"name":"Bog: Din guide til Marrakech &#8211; Engelsk"}]},{"@type":"WebSite","@id":"https:\/\/tibladin.dk\/#website","url":"https:\/\/tibladin.dk\/","name":"Tibladin","description":"Tibladin","publisher":{"@id":"https:\/\/tibladin.dk\/#organization"},"potentialAction":[{"@type":"SearchAction","target":{"@type":"EntryPoint","urlTemplate":"https:\/\/tibladin.dk\/?s={search_term_string}"},"query-input":{"@type":"PropertyValueSpecification","valueRequired":true,"valueName":"search_term_string"}}],"inLanguage":"nl-NL"},{"@type":"Organization","@id":"https:\/\/tibladin.dk\/#organization","name":"Tibladin","url":"https:\/\/tibladin.dk\/","logo":{"@type":"ImageObject","inLanguage":"nl-NL","@id":"https:\/\/tibladin.dk\/#\/schema\/logo\/image\/","url":"https:\/\/tibladin.dk\/wp-content\/uploads\/2022\/09\/tibladin_logo.svg","contentUrl":"https:\/\/tibladin.dk\/wp-content\/uploads\/2022\/09\/tibladin_logo.svg","caption":"Tibladin"},"image":{"@id":"https:\/\/tibladin.dk\/#\/schema\/logo\/image\/"}}]}},"_links":{"self":[{"href":"https:\/\/tibladin.dk\/nl\/wp-json\/wp\/v2\/product\/1466","targetHints":{"allow":["GET"]}}],"collection":[{"href":"https:\/\/tibladin.dk\/nl\/wp-json\/wp\/v2\/product"}],"about":[{"href":"https:\/\/tibladin.dk\/nl\/wp-json\/wp\/v2\/types\/product"}],"wp:featuredmedia":[{"embeddable":true,"href":"https:\/\/tibladin.dk\/nl\/wp-json\/wp\/v2\/media\/1465"}],"wp:attachment":[{"href":"https:\/\/tibladin.dk\/nl\/wp-json\/wp\/v2\/media?parent=1466"}],"wp:term":[{"taxonomy":"product_brand","embeddable":true,"href":"https:\/\/tibladin.dk\/nl\/wp-json\/wp\/v2\/product_brand?post=1466"},{"taxonomy":"product_cat","embeddable":true,"href":"https:\/\/tibladin.dk\/nl\/wp-json\/wp\/v2\/product_cat?post=1466"},{"taxonomy":"product_tag","embeddable":true,"href":"https:\/\/tibladin.dk\/nl\/wp-json\/wp\/v2\/product_tag?post=1466"}],"curies":[{"name":"wp","href":"https:\/\/api.w.org\/{rel}","templated":true}]}}