{"id":1561,"date":"2022-09-20T11:10:03","date_gmt":"2022-09-20T09:10:03","guid":{"rendered":"https:\/\/tibladin.dk\/vare\/haandvaevet-taeppe-i-bomuld-salima\/"},"modified":"2025-12-30T11:43:02","modified_gmt":"2025-12-30T10:43:02","slug":"katoenen-tapijt-salima","status":"publish","type":"product","link":"https:\/\/tibladin.dk\/nl\/produkt\/bomuldstaeppe-salima\/","title":{"rendered":"Katoenen vloerkleed \u2013 Salima"},"content":{"rendered":"<div class=\"wpb-content-wrapper\"><div class=\"vc_row wpb_row vc_row-fluid\"><div class=\"wpb_column vc_column_container vc_col-sm-4\"><div class=\"vc_column-inner\"><div class=\"wpb_wrapper\"><\/div><\/div><\/div><div class=\"wpb_column vc_column_container vc_col-sm-4\"><div class=\"vc_column-inner\"><div class=\"wpb_wrapper\"><h3 style=\"text-align: left\" class=\"vc_custom_heading vc_do_custom_heading\" >Onderhoud<\/h3>\n\t<div class=\"wpb_text_column wpb_content_element\" >\n\t\t<div class=\"wpb_wrapper\">\n\t\t\t<p>Stofzuig het tapijt regelmatig en neem het mee naar buiten en schud het af en toe. Vlekken verwijdert u door de vlek zo snel mogelijk met een doek op te zuigen en vervolgens met een vochtige doek de vlek af te deppen. Het vloerkleed is van katoen en linnen op een polyester frame.<\/p>\n<p>Het tapijt kan chemisch worden gereinigd.<\/p>\n\n\t\t<\/div>\n\t<\/div>\n<\/div><\/div><\/div><div class=\"wpb_column vc_column_container vc_col-sm-4\"><div class=\"vc_column-inner\"><div class=\"wpb_wrapper\"><h3 style=\"text-align: left\" class=\"vc_custom_heading vc_do_custom_heading\" >Het verhaal erachter<\/h3>\n\t<div class=\"wpb_text_column wpb_content_element\" >\n\t\t<div class=\"wpb_wrapper\">\n\t\t\t<p>Tapijten decoreren, zorgen voor gezelligheid en warmte en zijn bovendien geluidsabsorberend.<\/p>\n<p>Met tapijten cre\u00eber je gemakkelijk sfeer en gezelligheid in huis. Deze handgeweven vloerkleden met katoen en linnen op een polyester frame zijn ontwikkeld in samenwerking met een ontwerper in Marrakech. Samen cre\u00ebren we tapijten die passen bij een Scandinavisch huis, met een vleugje warmte en mysterie die persoonlijkheid aan uw interieur geven.<\/p>\n\n\t\t<\/div>\n\t<\/div>\n<\/div><\/div><\/div><\/div>\n<\/div>","protected":false},"excerpt":{"rendered":"<ul>\n<li>Handgeweven tapijten van katoen en linnen met een mooi en elegant Marokkaans tintje, waardoor u een heerlijke warmte en persoonlijkheid aan uw huis geeft.<\/li>\n<\/ul>\n<p>Het vloerkleed past goed in de slaapkamer, logeerkamer, badkamer, keuken of hal.<\/p>\n<p><strong>Het vloerkleed heeft een afmeting van 66\u00d7125 cm.<\/strong><\/p>","protected":false},"featured_media":1557,"template":"","meta":{"inline_featured_image":false},"product_brand":[],"product_cat":[96,59],"product_tag":[],"class_list":{"0":"post-1561","1":"product","2":"type-product","3":"status-publish","4":"has-post-thumbnail","6":"product_cat-bomuldstaepper","7":"product_cat-marokkanske-taepper","9":"first","10":"instock","11":"taxable","12":"shipping-taxable","13":"purchasable","14":"product-type-simple"},"exclude_global_add_ons":[],"addons":[],"yoast_head":"<!-- This site is optimized with the Yoast SEO plugin v27.5 - https:\/\/yoast.com\/product\/yoast-seo-wordpress\/ -->\n<title>Bomuldst\u00e6ppe | Tidl\u00f8st design | K\u00f8b online hos Tibladin<\/title>\n<meta name=\"description\" content=\"Bomuldst\u00e6ppe med en elegant marokkansk touch, der giver en rolig stemning i ethvert rum. Hvert t\u00e6ppe er h\u00e5ndlavet og giver derfor dit hjem en unik stemning.\" \/>\n<meta name=\"robots\" content=\"index, follow, max-snippet:-1, max-image-preview:large, max-video-preview:-1\" \/>\n<link rel=\"canonical\" href=\"https:\/\/tibladin.dk\/nl\/product-2\/katoenen-tapijt-salima\/\" \/>\n<meta property=\"og:locale\" content=\"nl_NL\" \/>\n<meta property=\"og:type\" content=\"article\" \/>\n<meta property=\"og:title\" content=\"Bomuldst\u00e6ppe | Tidl\u00f8st design | K\u00f8b online hos Tibladin\" \/>\n<meta property=\"og:description\" content=\"Bomuldst\u00e6ppe med en elegant marokkansk touch, der giver en rolig stemning i ethvert rum. Hvert t\u00e6ppe er h\u00e5ndlavet og giver derfor dit hjem en unik stemning.\" \/>\n<meta property=\"og:url\" content=\"https:\/\/tibladin.dk\/nl\/product-2\/katoenen-tapijt-salima\/\" \/>\n<meta property=\"og:site_name\" content=\"Tibladin\" \/>\n<meta property=\"article:modified_time\" content=\"2025-12-30T10:43:02+00:00\" \/>\n<meta property=\"og:image\" content=\"https:\/\/tibladin.dk\/wp-content\/uploads\/2022\/09\/Tibladin_marokkansk_bomuldstaeppe_salima_1-1.jpg\" \/>\n\t<meta property=\"og:image:width\" content=\"800\" \/>\n\t<meta property=\"og:image:height\" content=\"800\" \/>\n\t<meta property=\"og:image:type\" content=\"image\/jpeg\" \/>\n<meta name=\"twitter:card\" content=\"summary_large_image\" \/>\n<meta name=\"twitter:label1\" content=\"Geschatte leestijd\" \/>\n\t<meta name=\"twitter:data1\" content=\"1 minuut\" \/>\n<script type=\"application\/ld+json\" class=\"yoast-schema-graph\">{\"@context\":\"https:\\\/\\\/schema.org\",\"@graph\":[{\"@type\":\"WebPage\",\"@id\":\"https:\\\/\\\/tibladin.dk\\\/produkt\\\/bomuldstaeppe-salima\\\/\",\"url\":\"https:\\\/\\\/tibladin.dk\\\/produkt\\\/bomuldstaeppe-salima\\\/\",\"name\":\"Bomuldst\u00e6ppe | Tidl\u00f8st design | K\u00f8b online hos Tibladin\",\"isPartOf\":{\"@id\":\"https:\\\/\\\/tibladin.dk\\\/#website\"},\"primaryImageOfPage\":{\"@id\":\"https:\\\/\\\/tibladin.dk\\\/produkt\\\/bomuldstaeppe-salima\\\/#primaryimage\"},\"image\":{\"@id\":\"https:\\\/\\\/tibladin.dk\\\/produkt\\\/bomuldstaeppe-salima\\\/#primaryimage\"},\"thumbnailUrl\":\"https:\\\/\\\/tibladin.dk\\\/wp-content\\\/uploads\\\/2022\\\/09\\\/Tibladin_marokkansk_bomuldstaeppe_salima_1-1.jpg\",\"datePublished\":\"2022-09-20T09:10:03+00:00\",\"dateModified\":\"2025-12-30T10:43:02+00:00\",\"description\":\"Bomuldst\u00e6ppe med en elegant marokkansk touch, der giver en rolig stemning i ethvert rum. Hvert t\u00e6ppe er h\u00e5ndlavet og giver derfor dit hjem en unik stemning.\",\"breadcrumb\":{\"@id\":\"https:\\\/\\\/tibladin.dk\\\/produkt\\\/bomuldstaeppe-salima\\\/#breadcrumb\"},\"inLanguage\":\"nl-NL\",\"potentialAction\":[{\"@type\":\"ReadAction\",\"target\":[\"https:\\\/\\\/tibladin.dk\\\/produkt\\\/bomuldstaeppe-salima\\\/\"]}]},{\"@type\":\"ImageObject\",\"inLanguage\":\"nl-NL\",\"@id\":\"https:\\\/\\\/tibladin.dk\\\/produkt\\\/bomuldstaeppe-salima\\\/#primaryimage\",\"url\":\"https:\\\/\\\/tibladin.dk\\\/wp-content\\\/uploads\\\/2022\\\/09\\\/Tibladin_marokkansk_bomuldstaeppe_salima_1-1.jpg\",\"contentUrl\":\"https:\\\/\\\/tibladin.dk\\\/wp-content\\\/uploads\\\/2022\\\/09\\\/Tibladin_marokkansk_bomuldstaeppe_salima_1-1.jpg\",\"width\":800,\"height\":800,\"caption\":\"H\u00e5ndv\u00e6vet bomuldst\u00e6ppe i hvid med marokkansk stribe og prikm\u00f8nster i lysebl\u00e5 med brune kvaster\"},{\"@type\":\"BreadcrumbList\",\"@id\":\"https:\\\/\\\/tibladin.dk\\\/produkt\\\/bomuldstaeppe-salima\\\/#breadcrumb\",\"itemListElement\":[{\"@type\":\"ListItem\",\"position\":1,\"name\":\"Hjem\",\"item\":\"https:\\\/\\\/tibladin.dk\\\/\"},{\"@type\":\"ListItem\",\"position\":2,\"name\":\"Shop\",\"item\":\"https:\\\/\\\/tibladin.dk\\\/shop\\\/\"},{\"@type\":\"ListItem\",\"position\":3,\"name\":\"Bomuldst\u00e6ppe &#8211; Salima\"}]},{\"@type\":\"WebSite\",\"@id\":\"https:\\\/\\\/tibladin.dk\\\/#website\",\"url\":\"https:\\\/\\\/tibladin.dk\\\/\",\"name\":\"Tibladin\",\"description\":\"Tibladin\",\"publisher\":{\"@id\":\"https:\\\/\\\/tibladin.dk\\\/#organization\"},\"potentialAction\":[{\"@type\":\"SearchAction\",\"target\":{\"@type\":\"EntryPoint\",\"urlTemplate\":\"https:\\\/\\\/tibladin.dk\\\/?s={search_term_string}\"},\"query-input\":{\"@type\":\"PropertyValueSpecification\",\"valueRequired\":true,\"valueName\":\"search_term_string\"}}],\"inLanguage\":\"nl-NL\"},{\"@type\":\"Organization\",\"@id\":\"https:\\\/\\\/tibladin.dk\\\/#organization\",\"name\":\"Tibladin\",\"url\":\"https:\\\/\\\/tibladin.dk\\\/\",\"logo\":{\"@type\":\"ImageObject\",\"inLanguage\":\"nl-NL\",\"@id\":\"https:\\\/\\\/tibladin.dk\\\/#\\\/schema\\\/logo\\\/image\\\/\",\"url\":\"https:\\\/\\\/tibladin.dk\\\/wp-content\\\/uploads\\\/2022\\\/09\\\/tibladin_logo.svg\",\"contentUrl\":\"https:\\\/\\\/tibladin.dk\\\/wp-content\\\/uploads\\\/2022\\\/09\\\/tibladin_logo.svg\",\"caption\":\"Tibladin\"},\"image\":{\"@id\":\"https:\\\/\\\/tibladin.dk\\\/#\\\/schema\\\/logo\\\/image\\\/\"}}]}<\/script>\n<!-- \/ Yoast SEO plugin. -->","yoast_head_json":{"title":"Katoenen deken | Tijdloos ontwerp | Koop online bij Tibladin","description":"Katoenen tapijt met een elegant Marokkaans tintje dat een rustige sfeer geeft in elke kamer. Elk vloerkleed is handgemaakt en geeft jouw huis daardoor een unieke sfeer.","robots":{"index":"index","follow":"follow","max-snippet":"max-snippet:-1","max-image-preview":"max-image-preview:large","max-video-preview":"max-video-preview:-1"},"canonical":"https:\/\/tibladin.dk\/nl\/product-2\/katoenen-tapijt-salima\/","og_locale":"nl_NL","og_type":"article","og_title":"Bomuldst\u00e6ppe | Tidl\u00f8st design | K\u00f8b online hos Tibladin","og_description":"Bomuldst\u00e6ppe med en elegant marokkansk touch, der giver en rolig stemning i ethvert rum. Hvert t\u00e6ppe er h\u00e5ndlavet og giver derfor dit hjem en unik stemning.","og_url":"https:\/\/tibladin.dk\/nl\/product-2\/katoenen-tapijt-salima\/","og_site_name":"Tibladin","article_modified_time":"2025-12-30T10:43:02+00:00","og_image":[{"width":800,"height":800,"url":"https:\/\/tibladin.dk\/wp-content\/uploads\/2022\/09\/Tibladin_marokkansk_bomuldstaeppe_salima_1-1.jpg","type":"image\/jpeg"}],"twitter_card":"summary_large_image","twitter_misc":{"Geschatte leestijd":"1 minuut"},"schema":{"@context":"https:\/\/schema.org","@graph":[{"@type":"WebPage","@id":"https:\/\/tibladin.dk\/produkt\/bomuldstaeppe-salima\/","url":"https:\/\/tibladin.dk\/produkt\/bomuldstaeppe-salima\/","name":"Katoenen deken | Tijdloos ontwerp | Koop online bij Tibladin","isPartOf":{"@id":"https:\/\/tibladin.dk\/#website"},"primaryImageOfPage":{"@id":"https:\/\/tibladin.dk\/produkt\/bomuldstaeppe-salima\/#primaryimage"},"image":{"@id":"https:\/\/tibladin.dk\/produkt\/bomuldstaeppe-salima\/#primaryimage"},"thumbnailUrl":"https:\/\/tibladin.dk\/wp-content\/uploads\/2022\/09\/Tibladin_marokkansk_bomuldstaeppe_salima_1-1.jpg","datePublished":"2022-09-20T09:10:03+00:00","dateModified":"2025-12-30T10:43:02+00:00","description":"Katoenen tapijt met een elegant Marokkaans tintje dat een rustige sfeer geeft in elke kamer. Elk vloerkleed is handgemaakt en geeft jouw huis daardoor een unieke sfeer.","breadcrumb":{"@id":"https:\/\/tibladin.dk\/produkt\/bomuldstaeppe-salima\/#breadcrumb"},"inLanguage":"nl-NL","potentialAction":[{"@type":"ReadAction","target":["https:\/\/tibladin.dk\/produkt\/bomuldstaeppe-salima\/"]}]},{"@type":"ImageObject","inLanguage":"nl-NL","@id":"https:\/\/tibladin.dk\/produkt\/bomuldstaeppe-salima\/#primaryimage","url":"https:\/\/tibladin.dk\/wp-content\/uploads\/2022\/09\/Tibladin_marokkansk_bomuldstaeppe_salima_1-1.jpg","contentUrl":"https:\/\/tibladin.dk\/wp-content\/uploads\/2022\/09\/Tibladin_marokkansk_bomuldstaeppe_salima_1-1.jpg","width":800,"height":800,"caption":"H\u00e5ndv\u00e6vet bomuldst\u00e6ppe i hvid med marokkansk stribe og prikm\u00f8nster i lysebl\u00e5 med brune kvaster"},{"@type":"BreadcrumbList","@id":"https:\/\/tibladin.dk\/produkt\/bomuldstaeppe-salima\/#breadcrumb","itemListElement":[{"@type":"ListItem","position":1,"name":"Hjem","item":"https:\/\/tibladin.dk\/"},{"@type":"ListItem","position":2,"name":"Shop","item":"https:\/\/tibladin.dk\/shop\/"},{"@type":"ListItem","position":3,"name":"Bomuldst\u00e6ppe &#8211; Salima"}]},{"@type":"WebSite","@id":"https:\/\/tibladin.dk\/#website","url":"https:\/\/tibladin.dk\/","name":"Tibladin","description":"Tibladin","publisher":{"@id":"https:\/\/tibladin.dk\/#organization"},"potentialAction":[{"@type":"SearchAction","target":{"@type":"EntryPoint","urlTemplate":"https:\/\/tibladin.dk\/?s={search_term_string}"},"query-input":{"@type":"PropertyValueSpecification","valueRequired":true,"valueName":"search_term_string"}}],"inLanguage":"nl-NL"},{"@type":"Organization","@id":"https:\/\/tibladin.dk\/#organization","name":"Tibladin","url":"https:\/\/tibladin.dk\/","logo":{"@type":"ImageObject","inLanguage":"nl-NL","@id":"https:\/\/tibladin.dk\/#\/schema\/logo\/image\/","url":"https:\/\/tibladin.dk\/wp-content\/uploads\/2022\/09\/tibladin_logo.svg","contentUrl":"https:\/\/tibladin.dk\/wp-content\/uploads\/2022\/09\/tibladin_logo.svg","caption":"Tibladin"},"image":{"@id":"https:\/\/tibladin.dk\/#\/schema\/logo\/image\/"}}]}},"_links":{"self":[{"href":"https:\/\/tibladin.dk\/nl\/wp-json\/wp\/v2\/product\/1561","targetHints":{"allow":["GET"]}}],"collection":[{"href":"https:\/\/tibladin.dk\/nl\/wp-json\/wp\/v2\/product"}],"about":[{"href":"https:\/\/tibladin.dk\/nl\/wp-json\/wp\/v2\/types\/product"}],"wp:featuredmedia":[{"embeddable":true,"href":"https:\/\/tibladin.dk\/nl\/wp-json\/wp\/v2\/media\/1557"}],"wp:attachment":[{"href":"https:\/\/tibladin.dk\/nl\/wp-json\/wp\/v2\/media?parent=1561"}],"wp:term":[{"taxonomy":"product_brand","embeddable":true,"href":"https:\/\/tibladin.dk\/nl\/wp-json\/wp\/v2\/product_brand?post=1561"},{"taxonomy":"product_cat","embeddable":true,"href":"https:\/\/tibladin.dk\/nl\/wp-json\/wp\/v2\/product_cat?post=1561"},{"taxonomy":"product_tag","embeddable":true,"href":"https:\/\/tibladin.dk\/nl\/wp-json\/wp\/v2\/product_tag?post=1561"}],"curies":[{"name":"wp","href":"https:\/\/api.w.org\/{rel}","templated":true}]}}