{"id":1682,"date":"2022-09-20T11:10:55","date_gmt":"2022-09-20T09:10:55","guid":{"rendered":"https:\/\/tibladin.dk\/vare\/puf-i-lysebrunt-laeder-og-denim\/"},"modified":"2026-01-30T15:45:37","modified_gmt":"2026-01-30T14:45:37","slug":"poef-in-lichtbruin-leer-en-denim","status":"publish","type":"product","link":"https:\/\/tibladin.dk\/nl\/produkt\/puf-i-lysebrunt-laeder-og-denim\/","title":{"rendered":"Poef van lichtbruin leer en denim"},"content":{"rendered":"<div class=\"wpb-content-wrapper\"><div class=\"vc_row wpb_row vc_row-fluid\"><div class=\"wpb_column vc_column_container vc_col-sm-4\"><div class=\"vc_column-inner\"><div class=\"wpb_wrapper\"><h3 style=\"text-align: left\" class=\"vc_custom_heading vc_do_custom_heading\" >Andere Marokkaanse lederen poefs<\/h3>\n\t<div class=\"wpb_text_column wpb_content_element\" >\n\t\t<div class=\"wpb_wrapper\">\n\t\t\t<p>Weet je niet zeker of je deze poef met denim en leer moet kopen?<\/p>\n<p>Kijk dus eens naar de onze <a href=\"https:\/\/tibladin.dk\/nl\/product-categorie-3\/interieur\/meubilair\/poef\/leren-poef\/\">pagina met al onze leren poefs<\/a>. Hier vindt u prachtige leren poefs in verschillende kleuren en vormen. Wij hebben ook een stel <a href=\"https:\/\/tibladin.dk\/nl\/product-categorie-3\/interieur\/meubilair\/poef\/wollen-puff\/\">prachtige Marokkaanse poefs in wol<\/a>, wat perfect past bij een Scandinavisch decor.<\/p>\n\n\t\t<\/div>\n\t<\/div>\n<\/div><\/div><\/div><div class=\"wpb_column vc_column_container vc_col-sm-4\"><div class=\"vc_column-inner\"><div class=\"wpb_wrapper\"><h3 style=\"text-align: left\" class=\"vc_custom_heading vc_do_custom_heading\" >Onderhoud<\/h3>\n\t<div class=\"wpb_text_column wpb_content_element\" >\n\t\t<div class=\"wpb_wrapper\">\n\t\t\t<p>Het leer van deze Marokkaanse poef is gemaakt van geitenleer en zal na verloop van tijd een prachtige patina krijgen. Als je je poef donkerder en glanzender wilt, kun je hem een beetje leerolie geven. Al in het begin, als je het gebruikt, kan het een beetje naar leer ruiken. Dit trekt weer snel weg. Als je dat proces wilt versnellen, leg het dan een tijdje in de zon en het zal verdwijnen.<\/p>\n\n\t\t<\/div>\n\t<\/div>\n<\/div><\/div><\/div><div class=\"wpb_column vc_column_container vc_col-sm-4\"><div class=\"vc_column-inner\"><div class=\"wpb_wrapper\"><h3 style=\"text-align: left\" class=\"vc_custom_heading vc_do_custom_heading\" >Het verhaal erachter<\/h3>\n\t<div class=\"wpb_text_column wpb_content_element\" >\n\t\t<div class=\"wpb_wrapper\">\n\t\t\t<p>Kleine poefjes zijn makkelijk toe te voegen aan je interieur en krijgen al snel een exotische uitstraling en een persoonlijker tintje. Mijn leverancier van leren poefs heeft jarenlange ervaring met het maken van goede en zeer duurzame poefs en exporteert naar meerdere plekken in de wereld. Al mijn poefs zijn gemaakt van geitenleer, omdat dit de zachtste en meest flexibele poef geeft.<\/p>\n\n\t\t<\/div>\n\t<\/div>\n<\/div><\/div><\/div><\/div>\n<\/div>","protected":false},"excerpt":{"rendered":"<p>Als geheel nieuw hebben wij een Marokkaanse poef ontworpen, gemaakt van zowel lichtbruin leer als denim.\u00a0<span class=\"s1\">De pof is geborduurd met een mooi en gedetailleerd patroon aan de boven- en onderkant, gemaakt met een lichte draad waar een beetje glans in zit.\u00a0<\/span><\/p>\n<p>De donkerblauwe denim harmonieert heel goed met het lichtbruine leer, en de denim onderkant accentueert ook de prachtige bovenkant van leer en borduursels. Een donkerdere poef die in de meeste Scandinavische huizen past.<\/p>\n<p>&nbsp;<\/p>\n<p>&nbsp;<\/p>","protected":false},"featured_media":1680,"template":"","meta":{"inline_featured_image":false},"product_brand":[],"product_cat":[41,40],"product_tag":[],"class_list":{"0":"post-1682","1":"product","2":"type-product","3":"status-publish","4":"has-post-thumbnail","6":"product_cat-laederpufs","7":"product_cat-pufs","9":"first","10":"instock","11":"taxable","12":"shipping-taxable","13":"purchasable","14":"product-type-simple"},"exclude_global_add_ons":false,"addons":[{"name":"Heeft u uw poef geleverd met houtwolvulling?","type":"checkbox","position":0,"required":false,"title_format":"label","default":"","description_enable":false,"description":"","placeholder_enable":false,"placeholder":"","display":"select","restrictions_type":"any_text","adjust_price":false,"price":"","price_type":"flat_fee","restrictions":false,"min":"0","max":"0","options":[{"label":"Ja tak","price":"200","price_type":"flat_fee","image":0,"visibility":true}],"id":1702836632}],"yoast_head":"<!-- This site is optimized with the Yoast SEO plugin v27.4 - https:\/\/yoast.com\/product\/yoast-seo-wordpress\/ -->\n<title>Marokkansk puf i lyst l\u00e6der og denim med broderet m\u00f8nster<\/title>\n<meta name=\"description\" content=\"Marokkansk puf af l\u00e6der og denim i l\u00e6kker kvalitet. 50x32 cm. Med ekstra syninger for en god holdbarhed. Fyldt p\u00e5 forh\u00e5nd \u21d2 K\u00f8b her!\" \/>\n<meta name=\"robots\" content=\"index, follow, max-snippet:-1, max-image-preview:large, max-video-preview:-1\" \/>\n<link rel=\"canonical\" href=\"https:\/\/tibladin.dk\/nl\/product-2\/poef-in-lichtbruin-leer-en-denim\/\" \/>\n<meta property=\"og:locale\" content=\"nl_NL\" \/>\n<meta property=\"og:type\" content=\"article\" \/>\n<meta property=\"og:title\" content=\"Marokkansk puf i lyst l\u00e6der og denim med broderet m\u00f8nster\" \/>\n<meta property=\"og:description\" content=\"Marokkansk puf af l\u00e6der og denim i l\u00e6kker kvalitet. 50x32 cm. Med ekstra syninger for en god holdbarhed. Fyldt p\u00e5 forh\u00e5nd \u21d2 K\u00f8b her!\" \/>\n<meta property=\"og:url\" content=\"https:\/\/tibladin.dk\/nl\/product-2\/poef-in-lichtbruin-leer-en-denim\/\" \/>\n<meta property=\"og:site_name\" content=\"Tibladin\" \/>\n<meta property=\"article:modified_time\" content=\"2026-01-30T14:45:37+00:00\" \/>\n<meta property=\"og:image\" content=\"https:\/\/tibladin.dk\/wp-content\/uploads\/2022\/09\/Lysebrun-puf-denim-side_800x800-1.jpg\" \/>\n\t<meta property=\"og:image:width\" content=\"800\" \/>\n\t<meta property=\"og:image:height\" content=\"800\" \/>\n\t<meta property=\"og:image:type\" content=\"image\/jpeg\" \/>\n<meta name=\"twitter:card\" content=\"summary_large_image\" \/>\n<meta name=\"twitter:label1\" content=\"Geschatte leestijd\" \/>\n\t<meta name=\"twitter:data1\" content=\"2 minuten\" \/>\n<script type=\"application\/ld+json\" class=\"yoast-schema-graph\">{\"@context\":\"https:\\\/\\\/schema.org\",\"@graph\":[{\"@type\":\"WebPage\",\"@id\":\"https:\\\/\\\/tibladin.dk\\\/produkt\\\/puf-i-lysebrunt-laeder-og-denim\\\/\",\"url\":\"https:\\\/\\\/tibladin.dk\\\/produkt\\\/puf-i-lysebrunt-laeder-og-denim\\\/\",\"name\":\"Marokkansk puf i lyst l\u00e6der og denim med broderet m\u00f8nster\",\"isPartOf\":{\"@id\":\"https:\\\/\\\/tibladin.dk\\\/#website\"},\"primaryImageOfPage\":{\"@id\":\"https:\\\/\\\/tibladin.dk\\\/produkt\\\/puf-i-lysebrunt-laeder-og-denim\\\/#primaryimage\"},\"image\":{\"@id\":\"https:\\\/\\\/tibladin.dk\\\/produkt\\\/puf-i-lysebrunt-laeder-og-denim\\\/#primaryimage\"},\"thumbnailUrl\":\"https:\\\/\\\/tibladin.dk\\\/wp-content\\\/uploads\\\/2022\\\/09\\\/Lysebrun-puf-denim-side_800x800-1.jpg\",\"datePublished\":\"2022-09-20T09:10:55+00:00\",\"dateModified\":\"2026-01-30T14:45:37+00:00\",\"description\":\"Marokkansk puf af l\u00e6der og denim i l\u00e6kker kvalitet. 50x32 cm. Med ekstra syninger for en god holdbarhed. Fyldt p\u00e5 forh\u00e5nd \u21d2 K\u00f8b her!\",\"breadcrumb\":{\"@id\":\"https:\\\/\\\/tibladin.dk\\\/produkt\\\/puf-i-lysebrunt-laeder-og-denim\\\/#breadcrumb\"},\"inLanguage\":\"nl-NL\",\"potentialAction\":[{\"@type\":\"ReadAction\",\"target\":[\"https:\\\/\\\/tibladin.dk\\\/produkt\\\/puf-i-lysebrunt-laeder-og-denim\\\/\"]}]},{\"@type\":\"ImageObject\",\"inLanguage\":\"nl-NL\",\"@id\":\"https:\\\/\\\/tibladin.dk\\\/produkt\\\/puf-i-lysebrunt-laeder-og-denim\\\/#primaryimage\",\"url\":\"https:\\\/\\\/tibladin.dk\\\/wp-content\\\/uploads\\\/2022\\\/09\\\/Lysebrun-puf-denim-side_800x800-1.jpg\",\"contentUrl\":\"https:\\\/\\\/tibladin.dk\\\/wp-content\\\/uploads\\\/2022\\\/09\\\/Lysebrun-puf-denim-side_800x800-1.jpg\",\"width\":800,\"height\":800,\"caption\":\"Rund h\u00e5ndsyet denim puf med marokkansk m\u00f8nster af l\u00e6der p\u00e5 toppen, fra siden\"},{\"@type\":\"BreadcrumbList\",\"@id\":\"https:\\\/\\\/tibladin.dk\\\/produkt\\\/puf-i-lysebrunt-laeder-og-denim\\\/#breadcrumb\",\"itemListElement\":[{\"@type\":\"ListItem\",\"position\":1,\"name\":\"Hjem\",\"item\":\"https:\\\/\\\/tibladin.dk\\\/\"},{\"@type\":\"ListItem\",\"position\":2,\"name\":\"Shop\",\"item\":\"https:\\\/\\\/tibladin.dk\\\/shop\\\/\"},{\"@type\":\"ListItem\",\"position\":3,\"name\":\"Puf i lysebrunt l\u00e6der og denim\"}]},{\"@type\":\"WebSite\",\"@id\":\"https:\\\/\\\/tibladin.dk\\\/#website\",\"url\":\"https:\\\/\\\/tibladin.dk\\\/\",\"name\":\"Tibladin\",\"description\":\"Tibladin\",\"publisher\":{\"@id\":\"https:\\\/\\\/tibladin.dk\\\/#organization\"},\"potentialAction\":[{\"@type\":\"SearchAction\",\"target\":{\"@type\":\"EntryPoint\",\"urlTemplate\":\"https:\\\/\\\/tibladin.dk\\\/?s={search_term_string}\"},\"query-input\":{\"@type\":\"PropertyValueSpecification\",\"valueRequired\":true,\"valueName\":\"search_term_string\"}}],\"inLanguage\":\"nl-NL\"},{\"@type\":\"Organization\",\"@id\":\"https:\\\/\\\/tibladin.dk\\\/#organization\",\"name\":\"Tibladin\",\"url\":\"https:\\\/\\\/tibladin.dk\\\/\",\"logo\":{\"@type\":\"ImageObject\",\"inLanguage\":\"nl-NL\",\"@id\":\"https:\\\/\\\/tibladin.dk\\\/#\\\/schema\\\/logo\\\/image\\\/\",\"url\":\"https:\\\/\\\/tibladin.dk\\\/wp-content\\\/uploads\\\/2022\\\/09\\\/tibladin_logo.svg\",\"contentUrl\":\"https:\\\/\\\/tibladin.dk\\\/wp-content\\\/uploads\\\/2022\\\/09\\\/tibladin_logo.svg\",\"caption\":\"Tibladin\"},\"image\":{\"@id\":\"https:\\\/\\\/tibladin.dk\\\/#\\\/schema\\\/logo\\\/image\\\/\"}}]}<\/script>\n<!-- \/ Yoast SEO plugin. -->","yoast_head_json":{"title":"Marokkaanse poef van licht leer en denim met een geborduurd patroon","description":"Marokkaanse poef gemaakt van leer en denim in heerlijke kwaliteit. 50x32 cm. Met extra stiksels voor goede duurzaamheid. Vooraf ingevuld \u21d2 Koop hier!","robots":{"index":"index","follow":"follow","max-snippet":"max-snippet:-1","max-image-preview":"max-image-preview:large","max-video-preview":"max-video-preview:-1"},"canonical":"https:\/\/tibladin.dk\/nl\/product-2\/poef-in-lichtbruin-leer-en-denim\/","og_locale":"nl_NL","og_type":"article","og_title":"Marokkansk puf i lyst l\u00e6der og denim med broderet m\u00f8nster","og_description":"Marokkansk puf af l\u00e6der og denim i l\u00e6kker kvalitet. 50x32 cm. Med ekstra syninger for en god holdbarhed. Fyldt p\u00e5 forh\u00e5nd \u21d2 K\u00f8b her!","og_url":"https:\/\/tibladin.dk\/nl\/product-2\/poef-in-lichtbruin-leer-en-denim\/","og_site_name":"Tibladin","article_modified_time":"2026-01-30T14:45:37+00:00","og_image":[{"width":800,"height":800,"url":"https:\/\/tibladin.dk\/wp-content\/uploads\/2022\/09\/Lysebrun-puf-denim-side_800x800-1.jpg","type":"image\/jpeg"}],"twitter_card":"summary_large_image","twitter_misc":{"Geschatte leestijd":"2 minuten"},"schema":{"@context":"https:\/\/schema.org","@graph":[{"@type":"WebPage","@id":"https:\/\/tibladin.dk\/produkt\/puf-i-lysebrunt-laeder-og-denim\/","url":"https:\/\/tibladin.dk\/produkt\/puf-i-lysebrunt-laeder-og-denim\/","name":"Marokkaanse poef van licht leer en denim met een geborduurd patroon","isPartOf":{"@id":"https:\/\/tibladin.dk\/#website"},"primaryImageOfPage":{"@id":"https:\/\/tibladin.dk\/produkt\/puf-i-lysebrunt-laeder-og-denim\/#primaryimage"},"image":{"@id":"https:\/\/tibladin.dk\/produkt\/puf-i-lysebrunt-laeder-og-denim\/#primaryimage"},"thumbnailUrl":"https:\/\/tibladin.dk\/wp-content\/uploads\/2022\/09\/Lysebrun-puf-denim-side_800x800-1.jpg","datePublished":"2022-09-20T09:10:55+00:00","dateModified":"2026-01-30T14:45:37+00:00","description":"Marokkaanse poef gemaakt van leer en denim in heerlijke kwaliteit. 50x32 cm. Met extra stiksels voor goede duurzaamheid. Vooraf ingevuld \u21d2 Koop hier!","breadcrumb":{"@id":"https:\/\/tibladin.dk\/produkt\/puf-i-lysebrunt-laeder-og-denim\/#breadcrumb"},"inLanguage":"nl-NL","potentialAction":[{"@type":"ReadAction","target":["https:\/\/tibladin.dk\/produkt\/puf-i-lysebrunt-laeder-og-denim\/"]}]},{"@type":"ImageObject","inLanguage":"nl-NL","@id":"https:\/\/tibladin.dk\/produkt\/puf-i-lysebrunt-laeder-og-denim\/#primaryimage","url":"https:\/\/tibladin.dk\/wp-content\/uploads\/2022\/09\/Lysebrun-puf-denim-side_800x800-1.jpg","contentUrl":"https:\/\/tibladin.dk\/wp-content\/uploads\/2022\/09\/Lysebrun-puf-denim-side_800x800-1.jpg","width":800,"height":800,"caption":"Rund h\u00e5ndsyet denim puf med marokkansk m\u00f8nster af l\u00e6der p\u00e5 toppen, fra siden"},{"@type":"BreadcrumbList","@id":"https:\/\/tibladin.dk\/produkt\/puf-i-lysebrunt-laeder-og-denim\/#breadcrumb","itemListElement":[{"@type":"ListItem","position":1,"name":"Hjem","item":"https:\/\/tibladin.dk\/"},{"@type":"ListItem","position":2,"name":"Shop","item":"https:\/\/tibladin.dk\/shop\/"},{"@type":"ListItem","position":3,"name":"Puf i lysebrunt l\u00e6der og denim"}]},{"@type":"WebSite","@id":"https:\/\/tibladin.dk\/#website","url":"https:\/\/tibladin.dk\/","name":"Tibladin","description":"Tibladin","publisher":{"@id":"https:\/\/tibladin.dk\/#organization"},"potentialAction":[{"@type":"SearchAction","target":{"@type":"EntryPoint","urlTemplate":"https:\/\/tibladin.dk\/?s={search_term_string}"},"query-input":{"@type":"PropertyValueSpecification","valueRequired":true,"valueName":"search_term_string"}}],"inLanguage":"nl-NL"},{"@type":"Organization","@id":"https:\/\/tibladin.dk\/#organization","name":"Tibladin","url":"https:\/\/tibladin.dk\/","logo":{"@type":"ImageObject","inLanguage":"nl-NL","@id":"https:\/\/tibladin.dk\/#\/schema\/logo\/image\/","url":"https:\/\/tibladin.dk\/wp-content\/uploads\/2022\/09\/tibladin_logo.svg","contentUrl":"https:\/\/tibladin.dk\/wp-content\/uploads\/2022\/09\/tibladin_logo.svg","caption":"Tibladin"},"image":{"@id":"https:\/\/tibladin.dk\/#\/schema\/logo\/image\/"}}]}},"_links":{"self":[{"href":"https:\/\/tibladin.dk\/nl\/wp-json\/wp\/v2\/product\/1682","targetHints":{"allow":["GET"]}}],"collection":[{"href":"https:\/\/tibladin.dk\/nl\/wp-json\/wp\/v2\/product"}],"about":[{"href":"https:\/\/tibladin.dk\/nl\/wp-json\/wp\/v2\/types\/product"}],"wp:featuredmedia":[{"embeddable":true,"href":"https:\/\/tibladin.dk\/nl\/wp-json\/wp\/v2\/media\/1680"}],"wp:attachment":[{"href":"https:\/\/tibladin.dk\/nl\/wp-json\/wp\/v2\/media?parent=1682"}],"wp:term":[{"taxonomy":"product_brand","embeddable":true,"href":"https:\/\/tibladin.dk\/nl\/wp-json\/wp\/v2\/product_brand?post=1682"},{"taxonomy":"product_cat","embeddable":true,"href":"https:\/\/tibladin.dk\/nl\/wp-json\/wp\/v2\/product_cat?post=1682"},{"taxonomy":"product_tag","embeddable":true,"href":"https:\/\/tibladin.dk\/nl\/wp-json\/wp\/v2\/product_tag?post=1682"}],"curies":[{"name":"wp","href":"https:\/\/api.w.org\/{rel}","templated":true}]}}