{"id":1690,"date":"2022-09-20T11:10:59","date_gmt":"2022-09-20T09:10:59","guid":{"rendered":"https:\/\/tibladin.dk\/vare\/puf-i-uld-groen\/"},"modified":"2025-09-23T14:06:11","modified_gmt":"2025-09-23T12:06:11","slug":"puff-in-de-wol-groen","status":"publish","type":"product","link":"https:\/\/tibladin.dk\/nl\/produkt\/puf-i-uld-groen\/","title":{"rendered":"Poef van wol \u2013 Groen"},"content":{"rendered":"<div class=\"wpb-content-wrapper\"><div class=\"vc_row wpb_row vc_row-fluid\"><div class=\"wpb_column vc_column_container vc_col-sm-4\"><div class=\"vc_column-inner\"><div class=\"wpb_wrapper\">\n\t<div class=\"wpb_video_widget wpb_content_element vc_clearfix   vc_video-aspect-ratio-43 vc_video-el-width-100 vc_video-align-left\" >\n\t\t<div class=\"wpb_wrapper\">\n\t\t\t\n\t\t\t<div class=\"wpb_video_wrapper\"><div class=\"video-container\"><iframe loading=\"lazy\" title=\"Vrouwenco\u00f6peratie Marrakech\" src=\"https:\/\/player.vimeo.com\/video\/416218536?dnt=1&amp;app_id=122963\" width=\"500\" height=\"281\" frameborder=\"0\" allow=\"autoplay; fullscreen; picture-in-picture\"><\/iframe><\/div><\/div>\n\t\t<\/div>\n\t<\/div>\n<\/div><\/div><\/div><div class=\"wpb_column vc_column_container vc_col-sm-4\"><div class=\"vc_column-inner\"><div class=\"wpb_wrapper\"><h3 style=\"text-align: left\" class=\"vc_custom_heading vc_do_custom_heading\" >Onderhoud<\/h3>\n\t<div class=\"wpb_text_column wpb_content_element\" >\n\t\t<div class=\"wpb_wrapper\">\n\t\t\t<p>Als je de pech hebt dat er een vlek op je wollen poef komt, begin dan met het stofzuigen van de vlek. De wol is van nature omgeven door lanoline, dat een beschermend laagje op de vezels vormt, waardoor vlekken een grotere kans hebben om in te dringen. Mocht het hiermee niet lukken, dan kun je een vochtige doek nemen en de vlek deppen, tenslotte niet wrijven. Mochten we het geluk hebben dat er op een winterdag sneeuw valt, leg dan uw wollen poef of wollen deken in de pas gevallen sneeuw. Het is de meest effectieve methode om het grondig te reinigen<\/p>\n\n\t\t<\/div>\n\t<\/div>\n<\/div><\/div><\/div><div class=\"wpb_column vc_column_container vc_col-sm-4\"><div class=\"vc_column-inner\"><div class=\"wpb_wrapper\"><h3 style=\"text-align: left\" class=\"vc_custom_heading vc_do_custom_heading\" >Het verhaal erachter<\/h3>\n\t<div class=\"wpb_text_column wpb_content_element\" >\n\t\t<div class=\"wpb_wrapper\">\n\t\t\t<p>Het wollen sopje is handgemaakt door vrouwen in een vrouwenco\u00f6peratie ten zuiden van Marrakech. In tegenstelling tot de andere trekjes in de winkel, wordt deze geleverd met vulling. De wollen vlechten zijn in een harde kern genaaid die de vulling van het trekje vormt.<\/p>\n<p>De vrouwenco\u00f6peratie biedt werk aan 160 vrouwen en draagt zo bij aan het verhogen van de levensstandaard van veel gezinnen in het kleine dorp. Er is een school en een kleuterschool opgericht voor de kinderen van de vrouwen, zodat de kinderen onderwijs kunnen krijgen en kunnen werken terwijl de moeders werken. Het draagt bij aan de levensstandaard van de vele gezinnen in het kleine dorp.<\/p>\n\n\t\t<\/div>\n\t<\/div>\n<\/div><\/div><\/div><\/div>\n<\/div>","protected":false},"excerpt":{"rendered":"<p class=\"p1\"><span class=\"s1\">Ovale stevige wollen poef in een mooie groene kleur.<\/span><\/p>\n<p class=\"p1\"><span class=\"s1\">Handgemaakt door vrouwen uit een co\u00f6peratie ten zuiden van Marrakech. Unieke wollen poef waar vele uren handwerk in zitten. Kwaliteitswol van scharrelschapen uit de bergen van Marokko - gevlochten en op de katoenen kern genaaid. <\/span><\/p>\n<p class=\"p1\"><span class=\"s1\">Makkelijk toe te voegen aan je Scandinavische inrichting en tegelijkertijd een unieke expressie te geven.<\/span><\/p>\n<p>De puff wordt geleverd met vulling. Maatregelen ca. Diameter 57-60 cm en hoogte tussen 35-37 cm<\/p>\n<p>Kan niet worden gedemonteerd. Kan met voordeel in de sneeuw worden gereinigd of bij een stomerij worden gestoomd.<\/p>","protected":false},"featured_media":1688,"template":"","meta":{"inline_featured_image":false},"product_brand":[],"product_cat":[39,40,50],"product_tag":[],"class_list":{"0":"post-1690","1":"product","2":"type-product","3":"status-publish","4":"has-post-thumbnail","6":"product_cat-moebler","7":"product_cat-pufs","8":"product_cat-uldpufs","10":"first","11":"instock","12":"taxable","13":"shipping-taxable","14":"purchasable","15":"product-type-simple"},"exclude_global_add_ons":[],"addons":[],"yoast_head":"<!-- This site is optimized with the Yoast SEO plugin v27.4 - https:\/\/yoast.com\/product\/yoast-seo-wordpress\/ -->\n<title>H\u00e5ndlavet puf flettet af l\u00e6kker, bl\u00f8d gr\u00f8n uld | Tibladin<\/title>\n<meta name=\"description\" content=\"Lavet af kvinder fra et kooperativ syd for Marrakech. Du f\u00e5r en unika uld-puf, hvor er er lagt mange timers h\u00e5ndarbejde i \u21d2 K\u00f8b her.\" \/>\n<meta name=\"robots\" content=\"index, follow, max-snippet:-1, max-image-preview:large, max-video-preview:-1\" \/>\n<link rel=\"canonical\" href=\"https:\/\/tibladin.dk\/nl\/product-2\/puff-in-de-wol-groen\/\" \/>\n<meta property=\"og:locale\" content=\"nl_NL\" \/>\n<meta property=\"og:type\" content=\"article\" \/>\n<meta property=\"og:title\" content=\"H\u00e5ndlavet puf flettet af l\u00e6kker, bl\u00f8d gr\u00f8n uld | Tibladin\" \/>\n<meta property=\"og:description\" content=\"Lavet af kvinder fra et kooperativ syd for Marrakech. Du f\u00e5r en unika uld-puf, hvor er er lagt mange timers h\u00e5ndarbejde i \u21d2 K\u00f8b her.\" \/>\n<meta property=\"og:url\" content=\"https:\/\/tibladin.dk\/nl\/product-2\/puff-in-de-wol-groen\/\" \/>\n<meta property=\"og:site_name\" content=\"Tibladin\" \/>\n<meta property=\"article:modified_time\" content=\"2025-09-23T12:06:11+00:00\" \/>\n<meta property=\"og:image\" content=\"https:\/\/tibladin.dk\/wp-content\/uploads\/2022\/09\/Puf-i-uld-groen-side-1-1.jpg\" \/>\n\t<meta property=\"og:image:width\" content=\"800\" \/>\n\t<meta property=\"og:image:height\" content=\"800\" \/>\n\t<meta property=\"og:image:type\" content=\"image\/jpeg\" \/>\n<meta name=\"twitter:card\" content=\"summary_large_image\" \/>\n<meta name=\"twitter:label1\" content=\"Geschatte leestijd\" \/>\n\t<meta name=\"twitter:data1\" content=\"2 minuten\" \/>\n<script type=\"application\/ld+json\" class=\"yoast-schema-graph\">{\"@context\":\"https:\\\/\\\/schema.org\",\"@graph\":[{\"@type\":\"WebPage\",\"@id\":\"https:\\\/\\\/tibladin.dk\\\/produkt\\\/puf-i-uld-groen\\\/\",\"url\":\"https:\\\/\\\/tibladin.dk\\\/produkt\\\/puf-i-uld-groen\\\/\",\"name\":\"H\u00e5ndlavet puf flettet af l\u00e6kker, bl\u00f8d gr\u00f8n uld | Tibladin\",\"isPartOf\":{\"@id\":\"https:\\\/\\\/tibladin.dk\\\/#website\"},\"primaryImageOfPage\":{\"@id\":\"https:\\\/\\\/tibladin.dk\\\/produkt\\\/puf-i-uld-groen\\\/#primaryimage\"},\"image\":{\"@id\":\"https:\\\/\\\/tibladin.dk\\\/produkt\\\/puf-i-uld-groen\\\/#primaryimage\"},\"thumbnailUrl\":\"https:\\\/\\\/tibladin.dk\\\/wp-content\\\/uploads\\\/2022\\\/09\\\/Puf-i-uld-groen-side-1-1.jpg\",\"datePublished\":\"2022-09-20T09:10:59+00:00\",\"dateModified\":\"2025-09-23T12:06:11+00:00\",\"description\":\"Lavet af kvinder fra et kooperativ syd for Marrakech. Du f\u00e5r en unika uld-puf, hvor er er lagt mange timers h\u00e5ndarbejde i \u21d2 K\u00f8b her.\",\"breadcrumb\":{\"@id\":\"https:\\\/\\\/tibladin.dk\\\/produkt\\\/puf-i-uld-groen\\\/#breadcrumb\"},\"inLanguage\":\"nl-NL\",\"potentialAction\":[{\"@type\":\"ReadAction\",\"target\":[\"https:\\\/\\\/tibladin.dk\\\/produkt\\\/puf-i-uld-groen\\\/\"]}]},{\"@type\":\"ImageObject\",\"inLanguage\":\"nl-NL\",\"@id\":\"https:\\\/\\\/tibladin.dk\\\/produkt\\\/puf-i-uld-groen\\\/#primaryimage\",\"url\":\"https:\\\/\\\/tibladin.dk\\\/wp-content\\\/uploads\\\/2022\\\/09\\\/Puf-i-uld-groen-side-1-1.jpg\",\"contentUrl\":\"https:\\\/\\\/tibladin.dk\\\/wp-content\\\/uploads\\\/2022\\\/09\\\/Puf-i-uld-groen-side-1-1.jpg\",\"width\":800,\"height\":800,\"caption\":\"Rund marokkansk h\u00e5ndsyet uldpuf i gr\u00f8n\"},{\"@type\":\"BreadcrumbList\",\"@id\":\"https:\\\/\\\/tibladin.dk\\\/produkt\\\/puf-i-uld-groen\\\/#breadcrumb\",\"itemListElement\":[{\"@type\":\"ListItem\",\"position\":1,\"name\":\"Hjem\",\"item\":\"https:\\\/\\\/tibladin.dk\\\/\"},{\"@type\":\"ListItem\",\"position\":2,\"name\":\"Shop\",\"item\":\"https:\\\/\\\/tibladin.dk\\\/shop\\\/\"},{\"@type\":\"ListItem\",\"position\":3,\"name\":\"Puf i uld &#8211; Gr\u00f8n\"}]},{\"@type\":\"WebSite\",\"@id\":\"https:\\\/\\\/tibladin.dk\\\/#website\",\"url\":\"https:\\\/\\\/tibladin.dk\\\/\",\"name\":\"Tibladin\",\"description\":\"Tibladin\",\"publisher\":{\"@id\":\"https:\\\/\\\/tibladin.dk\\\/#organization\"},\"potentialAction\":[{\"@type\":\"SearchAction\",\"target\":{\"@type\":\"EntryPoint\",\"urlTemplate\":\"https:\\\/\\\/tibladin.dk\\\/?s={search_term_string}\"},\"query-input\":{\"@type\":\"PropertyValueSpecification\",\"valueRequired\":true,\"valueName\":\"search_term_string\"}}],\"inLanguage\":\"nl-NL\"},{\"@type\":\"Organization\",\"@id\":\"https:\\\/\\\/tibladin.dk\\\/#organization\",\"name\":\"Tibladin\",\"url\":\"https:\\\/\\\/tibladin.dk\\\/\",\"logo\":{\"@type\":\"ImageObject\",\"inLanguage\":\"nl-NL\",\"@id\":\"https:\\\/\\\/tibladin.dk\\\/#\\\/schema\\\/logo\\\/image\\\/\",\"url\":\"https:\\\/\\\/tibladin.dk\\\/wp-content\\\/uploads\\\/2022\\\/09\\\/tibladin_logo.svg\",\"contentUrl\":\"https:\\\/\\\/tibladin.dk\\\/wp-content\\\/uploads\\\/2022\\\/09\\\/tibladin_logo.svg\",\"caption\":\"Tibladin\"},\"image\":{\"@id\":\"https:\\\/\\\/tibladin.dk\\\/#\\\/schema\\\/logo\\\/image\\\/\"}}]}<\/script>\n<!-- \/ Yoast SEO plugin. -->","yoast_head_json":{"title":"Handgemaakte poef gevlochten van heerlijke, zachte groene wol | Tibladin","description":"Gemaakt door vrouwen uit een co\u00f6peratie ten zuiden van Marrakech. Je krijgt een unieke wollen poef, waar vele uren handwerk in zitten \u21d2 Koop hier.","robots":{"index":"index","follow":"follow","max-snippet":"max-snippet:-1","max-image-preview":"max-image-preview:large","max-video-preview":"max-video-preview:-1"},"canonical":"https:\/\/tibladin.dk\/nl\/product-2\/puff-in-de-wol-groen\/","og_locale":"nl_NL","og_type":"article","og_title":"H\u00e5ndlavet puf flettet af l\u00e6kker, bl\u00f8d gr\u00f8n uld | Tibladin","og_description":"Lavet af kvinder fra et kooperativ syd for Marrakech. Du f\u00e5r en unika uld-puf, hvor er er lagt mange timers h\u00e5ndarbejde i \u21d2 K\u00f8b her.","og_url":"https:\/\/tibladin.dk\/nl\/product-2\/puff-in-de-wol-groen\/","og_site_name":"Tibladin","article_modified_time":"2025-09-23T12:06:11+00:00","og_image":[{"width":800,"height":800,"url":"https:\/\/tibladin.dk\/wp-content\/uploads\/2022\/09\/Puf-i-uld-groen-side-1-1.jpg","type":"image\/jpeg"}],"twitter_card":"summary_large_image","twitter_misc":{"Geschatte leestijd":"2 minuten"},"schema":{"@context":"https:\/\/schema.org","@graph":[{"@type":"WebPage","@id":"https:\/\/tibladin.dk\/produkt\/puf-i-uld-groen\/","url":"https:\/\/tibladin.dk\/produkt\/puf-i-uld-groen\/","name":"Handgemaakte poef gevlochten van heerlijke, zachte groene wol | Tibladin","isPartOf":{"@id":"https:\/\/tibladin.dk\/#website"},"primaryImageOfPage":{"@id":"https:\/\/tibladin.dk\/produkt\/puf-i-uld-groen\/#primaryimage"},"image":{"@id":"https:\/\/tibladin.dk\/produkt\/puf-i-uld-groen\/#primaryimage"},"thumbnailUrl":"https:\/\/tibladin.dk\/wp-content\/uploads\/2022\/09\/Puf-i-uld-groen-side-1-1.jpg","datePublished":"2022-09-20T09:10:59+00:00","dateModified":"2025-09-23T12:06:11+00:00","description":"Gemaakt door vrouwen uit een co\u00f6peratie ten zuiden van Marrakech. Je krijgt een unieke wollen poef, waar vele uren handwerk in zitten \u21d2 Koop hier.","breadcrumb":{"@id":"https:\/\/tibladin.dk\/produkt\/puf-i-uld-groen\/#breadcrumb"},"inLanguage":"nl-NL","potentialAction":[{"@type":"ReadAction","target":["https:\/\/tibladin.dk\/produkt\/puf-i-uld-groen\/"]}]},{"@type":"ImageObject","inLanguage":"nl-NL","@id":"https:\/\/tibladin.dk\/produkt\/puf-i-uld-groen\/#primaryimage","url":"https:\/\/tibladin.dk\/wp-content\/uploads\/2022\/09\/Puf-i-uld-groen-side-1-1.jpg","contentUrl":"https:\/\/tibladin.dk\/wp-content\/uploads\/2022\/09\/Puf-i-uld-groen-side-1-1.jpg","width":800,"height":800,"caption":"Rund marokkansk h\u00e5ndsyet uldpuf i gr\u00f8n"},{"@type":"BreadcrumbList","@id":"https:\/\/tibladin.dk\/produkt\/puf-i-uld-groen\/#breadcrumb","itemListElement":[{"@type":"ListItem","position":1,"name":"Hjem","item":"https:\/\/tibladin.dk\/"},{"@type":"ListItem","position":2,"name":"Shop","item":"https:\/\/tibladin.dk\/shop\/"},{"@type":"ListItem","position":3,"name":"Puf i uld &#8211; Gr\u00f8n"}]},{"@type":"WebSite","@id":"https:\/\/tibladin.dk\/#website","url":"https:\/\/tibladin.dk\/","name":"Tibladin","description":"Tibladin","publisher":{"@id":"https:\/\/tibladin.dk\/#organization"},"potentialAction":[{"@type":"SearchAction","target":{"@type":"EntryPoint","urlTemplate":"https:\/\/tibladin.dk\/?s={search_term_string}"},"query-input":{"@type":"PropertyValueSpecification","valueRequired":true,"valueName":"search_term_string"}}],"inLanguage":"nl-NL"},{"@type":"Organization","@id":"https:\/\/tibladin.dk\/#organization","name":"Tibladin","url":"https:\/\/tibladin.dk\/","logo":{"@type":"ImageObject","inLanguage":"nl-NL","@id":"https:\/\/tibladin.dk\/#\/schema\/logo\/image\/","url":"https:\/\/tibladin.dk\/wp-content\/uploads\/2022\/09\/tibladin_logo.svg","contentUrl":"https:\/\/tibladin.dk\/wp-content\/uploads\/2022\/09\/tibladin_logo.svg","caption":"Tibladin"},"image":{"@id":"https:\/\/tibladin.dk\/#\/schema\/logo\/image\/"}}]}},"_links":{"self":[{"href":"https:\/\/tibladin.dk\/nl\/wp-json\/wp\/v2\/product\/1690","targetHints":{"allow":["GET"]}}],"collection":[{"href":"https:\/\/tibladin.dk\/nl\/wp-json\/wp\/v2\/product"}],"about":[{"href":"https:\/\/tibladin.dk\/nl\/wp-json\/wp\/v2\/types\/product"}],"wp:featuredmedia":[{"embeddable":true,"href":"https:\/\/tibladin.dk\/nl\/wp-json\/wp\/v2\/media\/1688"}],"wp:attachment":[{"href":"https:\/\/tibladin.dk\/nl\/wp-json\/wp\/v2\/media?parent=1690"}],"wp:term":[{"taxonomy":"product_brand","embeddable":true,"href":"https:\/\/tibladin.dk\/nl\/wp-json\/wp\/v2\/product_brand?post=1690"},{"taxonomy":"product_cat","embeddable":true,"href":"https:\/\/tibladin.dk\/nl\/wp-json\/wp\/v2\/product_cat?post=1690"},{"taxonomy":"product_tag","embeddable":true,"href":"https:\/\/tibladin.dk\/nl\/wp-json\/wp\/v2\/product_tag?post=1690"}],"curies":[{"name":"wp","href":"https:\/\/api.w.org\/{rel}","templated":true}]}}