{"id":1713,"date":"2022-09-20T11:11:10","date_gmt":"2022-09-20T09:11:10","guid":{"rendered":"https:\/\/tibladin.dk\/vare\/gulvpude-puf-beni-ouarain-ruder-3\/"},"modified":"2025-10-02T15:42:06","modified_gmt":"2025-10-02T13:42:06","slug":"vloerkussen-poef-beni-ouarain-ruiten-3","status":"publish","type":"product","link":"https:\/\/tibladin.dk\/nl\/produkt\/gulvpude-puf-beni-ouarain-ruder-3\/","title":{"rendered":"Vloerkussen\/poef Beni Ouarain \u2013 Ruder 3"},"content":{"rendered":"<div class=\"wpb-content-wrapper\"><div class=\"vc_row wpb_row vc_row-fluid\"><div class=\"wpb_column vc_column_container vc_col-sm-4\"><div class=\"vc_column-inner\"><div class=\"wpb_wrapper\">\n\t<div class=\"wpb_video_widget wpb_content_element vc_clearfix   vc_video-aspect-ratio-43 vc_video-el-width-100 vc_video-align-left\" >\n\t\t<div class=\"wpb_wrapper\">\n\t\t\t\n\t\t\t<div class=\"wpb_video_wrapper\"><div class=\"video-container\"><iframe loading=\"lazy\" title=\"Vul je poef_Beni Ouarain\" src=\"https:\/\/player.vimeo.com\/video\/416206236?dnt=1&amp;app_id=122963\" width=\"310\" height=\"310\" frameborder=\"0\" allow=\"autoplay; fullscreen; picture-in-picture\"><\/iframe><\/div><\/div>\n\t\t<\/div>\n\t<\/div>\n<\/div><\/div><\/div><div class=\"wpb_column vc_column_container vc_col-sm-4\"><div class=\"vc_column-inner\"><div class=\"wpb_wrapper\"><h3 style=\"text-align: left\" class=\"vc_custom_heading vc_do_custom_heading\" >Onderhoud<\/h3>\n\t<div class=\"wpb_text_column wpb_content_element\" >\n\t\t<div class=\"wpb_wrapper\">\n\t\t\t<p>Als je de pech hebt dat er een vlek op je wollen poef komt, begin dan met het stofzuigen van de vlek. Wol is van nature omgeven door lanoline, dat een beschermend laagje op de vezels legt, zodat vlekken moeilijker doordringen. Indien de vlek hiermee niet loskomt, kunt u een vochtige doek nemen en de vlek deppen, niet wrijven! Kan ook gedroogd worden bij de stomerij. Mochten we het geluk hebben dat er op een winterdag sneeuw valt, leg dan je wollen poef of je wollen deken in de pas gevallen sneeuw. Het is de meest effectieve methode om het grondig te reinigen.<\/p>\n\n\t\t<\/div>\n\t<\/div>\n<\/div><\/div><\/div><div class=\"wpb_column vc_column_container vc_col-sm-4\"><div class=\"vc_column-inner\"><div class=\"wpb_wrapper\"><h3 style=\"text-align: left\" class=\"vc_custom_heading vc_do_custom_heading\" >Vul je poef<\/h3>\n\t<div class=\"wpb_text_column wpb_content_element\" >\n\t\t<div class=\"wpb_wrapper\">\n\t\t\t<p>Het beste is om je poef te vullen met een stuk stevig schuim dat op maat is gesneden. Je kunt gemakkelijk dingen gebruiken die je al hebt, dekbedden, kussens, dekens of een strak verfrommelde krant. Voor uw poef kunt u ook schuimkorrels of katoenen vulling kopen. Als u dit soort vulling gebruikt, raden wij u aan een binnenhoes te naaien of een oud dekbedovertrek te nemen en de vulling erin te doen voordat u deze in uw poef legt.<\/p>\n<p>Indien extra aangeschaft, kunnen we hem ook met houtwolvulling versturen. Houd er echter rekening mee dat het stoffig kan zijn als je hem eruit moet halen als de hoes gereinigd moet worden.<\/p>\n\n\t\t<\/div>\n\t<\/div>\n<\/div><\/div><\/div><\/div>\n<\/div>","protected":false},"excerpt":{"rendered":"<p>Marokkaans vloerkussen\/poef Beni Ouarain. Handgemaakt van echte Beni Ouarain-wollen hoogpolige kelim-tapijten.<\/p>\n<p>Berbervrouwen uit het Atlasgebergte in Marokko gebruiken het ambacht om hun stille verhalen te vertellen via deze handgeweven tapijten van echte wol.<\/p>\n<p>Afmetingen 60 x 60 x 23 cm.<\/p>\n<p>Met een patroon van ruiten \u2013 de poef is uniek in zijn patroon, omdat dit wordt bepaald door welk deel van het tapijt wordt gebruikt.<\/p>\n<p>&nbsp;<\/p>\n<p>&nbsp;<\/p>\n<p>&nbsp;<\/p>","protected":false},"featured_media":1710,"template":"","meta":{"inline_featured_image":false},"product_brand":[],"product_cat":[101,39,40],"product_tag":[],"class_list":{"0":"post-1713","1":"product","2":"type-product","3":"status-publish","4":"has-post-thumbnail","6":"product_cat-gulvpuder-uldpufs","7":"product_cat-moebler","8":"product_cat-pufs","10":"first","11":"instock","12":"taxable","13":"shipping-taxable","14":"purchasable","15":"product-type-simple"},"exclude_global_add_ons":false,"addons":[{"name":"Laat je poef leveren met vulling van een groot montagekussen","type":"checkbox","position":0,"required":false,"title_format":"label","default":"","description_enable":true,"description":"Gevuld met een groot oplegkussen van 90x90 cm, dat de poef goed vult en zorgt voor een zacht en comfortabel zitcomfort. De hoes is eenvoudig te verwijderen en schoon te maken.","placeholder_enable":false,"placeholder":"","display":"images","restrictions_type":"any_text","adjust_price":false,"price":"","price_type":"flat_fee","restrictions":false,"min":"0","max":"0","options":[{"label":"Ja tak","price":"300","price_type":"quantity_based","image":11028,"visibility":true}],"id":1672424044}],"yoast_head":"<!-- This site is optimized with the Yoast SEO plugin v27.4 - https:\/\/yoast.com\/product\/yoast-seo-wordpress\/ -->\n<title>Marokkansk gulvpude\/puf Beni Ouarain | 60x60x23 | Tibladin<\/title>\n<meta name=\"description\" content=\"Marokkansk gulvpude\/puf i uld kelim i Beni Ouarain med ruder-m\u00f8nster. H\u00e5ndsyet af vintage-t\u00e6pper, genbrugt til disse pufs. \u21d2 Se den her.\" \/>\n<meta name=\"robots\" content=\"index, follow, max-snippet:-1, max-image-preview:large, max-video-preview:-1\" \/>\n<link rel=\"canonical\" href=\"https:\/\/tibladin.dk\/nl\/product-2\/vloerkussen-poef-beni-ouarain-ruiten-3\/\" \/>\n<meta property=\"og:locale\" content=\"nl_NL\" \/>\n<meta property=\"og:type\" content=\"article\" \/>\n<meta property=\"og:title\" content=\"Marokkansk gulvpude\/puf Beni Ouarain | 60x60x23 | Tibladin\" \/>\n<meta property=\"og:description\" content=\"Marokkansk gulvpude\/puf i uld kelim i Beni Ouarain med ruder-m\u00f8nster. H\u00e5ndsyet af vintage-t\u00e6pper, genbrugt til disse pufs. \u21d2 Se den her.\" \/>\n<meta property=\"og:url\" content=\"https:\/\/tibladin.dk\/nl\/product-2\/vloerkussen-poef-beni-ouarain-ruiten-3\/\" \/>\n<meta property=\"og:site_name\" content=\"Tibladin\" \/>\n<meta property=\"article:modified_time\" content=\"2025-10-02T13:42:06+00:00\" \/>\n<meta property=\"og:image\" content=\"https:\/\/tibladin.dk\/wp-content\/uploads\/2022\/09\/Ruder3-1.png\" \/>\n\t<meta property=\"og:image:width\" content=\"800\" \/>\n\t<meta property=\"og:image:height\" content=\"800\" \/>\n\t<meta property=\"og:image:type\" content=\"image\/png\" \/>\n<meta name=\"twitter:card\" content=\"summary_large_image\" \/>\n<meta name=\"twitter:label1\" content=\"Geschatte leestijd\" \/>\n\t<meta name=\"twitter:data1\" content=\"2 minuten\" \/>\n<script type=\"application\/ld+json\" class=\"yoast-schema-graph\">{\"@context\":\"https:\\\/\\\/schema.org\",\"@graph\":[{\"@type\":\"WebPage\",\"@id\":\"https:\\\/\\\/tibladin.dk\\\/produkt\\\/gulvpude-puf-beni-ouarain-ruder-3\\\/\",\"url\":\"https:\\\/\\\/tibladin.dk\\\/produkt\\\/gulvpude-puf-beni-ouarain-ruder-3\\\/\",\"name\":\"Marokkansk gulvpude\\\/puf Beni Ouarain | 60x60x23 | Tibladin\",\"isPartOf\":{\"@id\":\"https:\\\/\\\/tibladin.dk\\\/#website\"},\"primaryImageOfPage\":{\"@id\":\"https:\\\/\\\/tibladin.dk\\\/produkt\\\/gulvpude-puf-beni-ouarain-ruder-3\\\/#primaryimage\"},\"image\":{\"@id\":\"https:\\\/\\\/tibladin.dk\\\/produkt\\\/gulvpude-puf-beni-ouarain-ruder-3\\\/#primaryimage\"},\"thumbnailUrl\":\"https:\\\/\\\/tibladin.dk\\\/wp-content\\\/uploads\\\/2022\\\/09\\\/Ruder3-1.png\",\"datePublished\":\"2022-09-20T09:11:10+00:00\",\"dateModified\":\"2025-10-02T13:42:06+00:00\",\"description\":\"Marokkansk gulvpude\\\/puf i uld kelim i Beni Ouarain med ruder-m\u00f8nster. H\u00e5ndsyet af vintage-t\u00e6pper, genbrugt til disse pufs. \u21d2 Se den her.\",\"breadcrumb\":{\"@id\":\"https:\\\/\\\/tibladin.dk\\\/produkt\\\/gulvpude-puf-beni-ouarain-ruder-3\\\/#breadcrumb\"},\"inLanguage\":\"nl-NL\",\"potentialAction\":[{\"@type\":\"ReadAction\",\"target\":[\"https:\\\/\\\/tibladin.dk\\\/produkt\\\/gulvpude-puf-beni-ouarain-ruder-3\\\/\"]}]},{\"@type\":\"ImageObject\",\"inLanguage\":\"nl-NL\",\"@id\":\"https:\\\/\\\/tibladin.dk\\\/produkt\\\/gulvpude-puf-beni-ouarain-ruder-3\\\/#primaryimage\",\"url\":\"https:\\\/\\\/tibladin.dk\\\/wp-content\\\/uploads\\\/2022\\\/09\\\/Ruder3-1.png\",\"contentUrl\":\"https:\\\/\\\/tibladin.dk\\\/wp-content\\\/uploads\\\/2022\\\/09\\\/Ruder3-1.png\",\"width\":800,\"height\":800,\"caption\":\"Firkantet marokkansk h\u00e5ndsyet gulvpude i uld med sort kvadratm\u00f8nster\"},{\"@type\":\"BreadcrumbList\",\"@id\":\"https:\\\/\\\/tibladin.dk\\\/produkt\\\/gulvpude-puf-beni-ouarain-ruder-3\\\/#breadcrumb\",\"itemListElement\":[{\"@type\":\"ListItem\",\"position\":1,\"name\":\"Hjem\",\"item\":\"https:\\\/\\\/tibladin.dk\\\/\"},{\"@type\":\"ListItem\",\"position\":2,\"name\":\"Shop\",\"item\":\"https:\\\/\\\/tibladin.dk\\\/shop\\\/\"},{\"@type\":\"ListItem\",\"position\":3,\"name\":\"Gulvpude\\\/puf Beni Ouarain &#8211; Ruder 3\"}]},{\"@type\":\"WebSite\",\"@id\":\"https:\\\/\\\/tibladin.dk\\\/#website\",\"url\":\"https:\\\/\\\/tibladin.dk\\\/\",\"name\":\"Tibladin\",\"description\":\"Tibladin\",\"publisher\":{\"@id\":\"https:\\\/\\\/tibladin.dk\\\/#organization\"},\"potentialAction\":[{\"@type\":\"SearchAction\",\"target\":{\"@type\":\"EntryPoint\",\"urlTemplate\":\"https:\\\/\\\/tibladin.dk\\\/?s={search_term_string}\"},\"query-input\":{\"@type\":\"PropertyValueSpecification\",\"valueRequired\":true,\"valueName\":\"search_term_string\"}}],\"inLanguage\":\"nl-NL\"},{\"@type\":\"Organization\",\"@id\":\"https:\\\/\\\/tibladin.dk\\\/#organization\",\"name\":\"Tibladin\",\"url\":\"https:\\\/\\\/tibladin.dk\\\/\",\"logo\":{\"@type\":\"ImageObject\",\"inLanguage\":\"nl-NL\",\"@id\":\"https:\\\/\\\/tibladin.dk\\\/#\\\/schema\\\/logo\\\/image\\\/\",\"url\":\"https:\\\/\\\/tibladin.dk\\\/wp-content\\\/uploads\\\/2022\\\/09\\\/tibladin_logo.svg\",\"contentUrl\":\"https:\\\/\\\/tibladin.dk\\\/wp-content\\\/uploads\\\/2022\\\/09\\\/tibladin_logo.svg\",\"caption\":\"Tibladin\"},\"image\":{\"@id\":\"https:\\\/\\\/tibladin.dk\\\/#\\\/schema\\\/logo\\\/image\\\/\"}}]}<\/script>\n<!-- \/ Yoast SEO plugin. -->","yoast_head_json":{"title":"Marokkaans vloerkussen\/poef Beni Ouarain | 60x60x23 | Tibladin","description":"Marokkaans vloerkussen\/poef van wollen kelim in Beni Ouarain met geruit patroon. Met de hand genaaid van vintage tapijten, gerecycled voor deze poefs. \u21d2 Bekijk het hier.","robots":{"index":"index","follow":"follow","max-snippet":"max-snippet:-1","max-image-preview":"max-image-preview:large","max-video-preview":"max-video-preview:-1"},"canonical":"https:\/\/tibladin.dk\/nl\/product-2\/vloerkussen-poef-beni-ouarain-ruiten-3\/","og_locale":"nl_NL","og_type":"article","og_title":"Marokkansk gulvpude\/puf Beni Ouarain | 60x60x23 | Tibladin","og_description":"Marokkansk gulvpude\/puf i uld kelim i Beni Ouarain med ruder-m\u00f8nster. H\u00e5ndsyet af vintage-t\u00e6pper, genbrugt til disse pufs. \u21d2 Se den her.","og_url":"https:\/\/tibladin.dk\/nl\/product-2\/vloerkussen-poef-beni-ouarain-ruiten-3\/","og_site_name":"Tibladin","article_modified_time":"2025-10-02T13:42:06+00:00","og_image":[{"width":800,"height":800,"url":"https:\/\/tibladin.dk\/wp-content\/uploads\/2022\/09\/Ruder3-1.png","type":"image\/png"}],"twitter_card":"summary_large_image","twitter_misc":{"Geschatte leestijd":"2 minuten"},"schema":{"@context":"https:\/\/schema.org","@graph":[{"@type":"WebPage","@id":"https:\/\/tibladin.dk\/produkt\/gulvpude-puf-beni-ouarain-ruder-3\/","url":"https:\/\/tibladin.dk\/produkt\/gulvpude-puf-beni-ouarain-ruder-3\/","name":"Marokkaans vloerkussen\/poef Beni Ouarain | 60x60x23 | Tibladin","isPartOf":{"@id":"https:\/\/tibladin.dk\/#website"},"primaryImageOfPage":{"@id":"https:\/\/tibladin.dk\/produkt\/gulvpude-puf-beni-ouarain-ruder-3\/#primaryimage"},"image":{"@id":"https:\/\/tibladin.dk\/produkt\/gulvpude-puf-beni-ouarain-ruder-3\/#primaryimage"},"thumbnailUrl":"https:\/\/tibladin.dk\/wp-content\/uploads\/2022\/09\/Ruder3-1.png","datePublished":"2022-09-20T09:11:10+00:00","dateModified":"2025-10-02T13:42:06+00:00","description":"Marokkaans vloerkussen\/poef van wollen kelim in Beni Ouarain met geruit patroon. Met de hand genaaid van vintage tapijten, gerecycled voor deze poefs. \u21d2 Bekijk het hier.","breadcrumb":{"@id":"https:\/\/tibladin.dk\/produkt\/gulvpude-puf-beni-ouarain-ruder-3\/#breadcrumb"},"inLanguage":"nl-NL","potentialAction":[{"@type":"ReadAction","target":["https:\/\/tibladin.dk\/produkt\/gulvpude-puf-beni-ouarain-ruder-3\/"]}]},{"@type":"ImageObject","inLanguage":"nl-NL","@id":"https:\/\/tibladin.dk\/produkt\/gulvpude-puf-beni-ouarain-ruder-3\/#primaryimage","url":"https:\/\/tibladin.dk\/wp-content\/uploads\/2022\/09\/Ruder3-1.png","contentUrl":"https:\/\/tibladin.dk\/wp-content\/uploads\/2022\/09\/Ruder3-1.png","width":800,"height":800,"caption":"Firkantet marokkansk h\u00e5ndsyet gulvpude i uld med sort kvadratm\u00f8nster"},{"@type":"BreadcrumbList","@id":"https:\/\/tibladin.dk\/produkt\/gulvpude-puf-beni-ouarain-ruder-3\/#breadcrumb","itemListElement":[{"@type":"ListItem","position":1,"name":"Hjem","item":"https:\/\/tibladin.dk\/"},{"@type":"ListItem","position":2,"name":"Shop","item":"https:\/\/tibladin.dk\/shop\/"},{"@type":"ListItem","position":3,"name":"Gulvpude\/puf Beni Ouarain &#8211; Ruder 3"}]},{"@type":"WebSite","@id":"https:\/\/tibladin.dk\/#website","url":"https:\/\/tibladin.dk\/","name":"Tibladin","description":"Tibladin","publisher":{"@id":"https:\/\/tibladin.dk\/#organization"},"potentialAction":[{"@type":"SearchAction","target":{"@type":"EntryPoint","urlTemplate":"https:\/\/tibladin.dk\/?s={search_term_string}"},"query-input":{"@type":"PropertyValueSpecification","valueRequired":true,"valueName":"search_term_string"}}],"inLanguage":"nl-NL"},{"@type":"Organization","@id":"https:\/\/tibladin.dk\/#organization","name":"Tibladin","url":"https:\/\/tibladin.dk\/","logo":{"@type":"ImageObject","inLanguage":"nl-NL","@id":"https:\/\/tibladin.dk\/#\/schema\/logo\/image\/","url":"https:\/\/tibladin.dk\/wp-content\/uploads\/2022\/09\/tibladin_logo.svg","contentUrl":"https:\/\/tibladin.dk\/wp-content\/uploads\/2022\/09\/tibladin_logo.svg","caption":"Tibladin"},"image":{"@id":"https:\/\/tibladin.dk\/#\/schema\/logo\/image\/"}}]}},"_links":{"self":[{"href":"https:\/\/tibladin.dk\/nl\/wp-json\/wp\/v2\/product\/1713","targetHints":{"allow":["GET"]}}],"collection":[{"href":"https:\/\/tibladin.dk\/nl\/wp-json\/wp\/v2\/product"}],"about":[{"href":"https:\/\/tibladin.dk\/nl\/wp-json\/wp\/v2\/types\/product"}],"wp:featuredmedia":[{"embeddable":true,"href":"https:\/\/tibladin.dk\/nl\/wp-json\/wp\/v2\/media\/1710"}],"wp:attachment":[{"href":"https:\/\/tibladin.dk\/nl\/wp-json\/wp\/v2\/media?parent=1713"}],"wp:term":[{"taxonomy":"product_brand","embeddable":true,"href":"https:\/\/tibladin.dk\/nl\/wp-json\/wp\/v2\/product_brand?post=1713"},{"taxonomy":"product_cat","embeddable":true,"href":"https:\/\/tibladin.dk\/nl\/wp-json\/wp\/v2\/product_cat?post=1713"},{"taxonomy":"product_tag","embeddable":true,"href":"https:\/\/tibladin.dk\/nl\/wp-json\/wp\/v2\/product_tag?post=1713"}],"curies":[{"name":"wp","href":"https:\/\/api.w.org\/{rel}","templated":true}]}}