{"id":1732,"date":"2022-09-20T11:11:19","date_gmt":"2022-09-20T09:11:19","guid":{"rendered":"https:\/\/tibladin.dk\/?post_type=product&#038;p=1732"},"modified":"2025-11-23T13:55:30","modified_gmt":"2025-11-23T12:55:30","slug":"spiegel-rechthoekig-met-afgeronde-randen-rosegoud","status":"publish","type":"product","link":"https:\/\/tibladin.dk\/nl\/produkt\/spejl-rektangulaert-med-afrundede-kanter-rose-gold\/","title":{"rendered":"Rechthoekige spiegel met afgeronde randen - Ros\u00e9goud"},"content":{"rendered":"<div class=\"wpb-content-wrapper\"><div class=\"vc_row wpb_row vc_row-fluid\"><div class=\"wpb_column vc_column_container vc_col-sm-4\"><div class=\"vc_column-inner\"><div class=\"wpb_wrapper\"><\/div><\/div><\/div><div class=\"wpb_column vc_column_container vc_col-sm-4\"><div class=\"vc_column-inner\"><div class=\"wpb_wrapper\"><h3 style=\"text-align: left\" class=\"vc_custom_heading vc_do_custom_heading\" >Onderhoud<\/h3>\n\t<div class=\"wpb_text_column wpb_content_element\" >\n\t\t<div class=\"wpb_wrapper\">\n\t\t\t<p>Gebruik polijstmiddel voor de rand. De spiegel krijgt na verloop van tijd een patina en kan eenvoudig opnieuw worden gepolijst.<\/p>\n<p>Gebruik gewone glasreiniger voor de spiegel.<\/p>\n\n\t\t<\/div>\n\t<\/div>\n<\/div><\/div><\/div><div class=\"wpb_column vc_column_container vc_col-sm-4\"><div class=\"vc_column-inner\"><div class=\"wpb_wrapper\"><h3 style=\"text-align: left\" class=\"vc_custom_heading vc_do_custom_heading\" >Het verhaal erachter<\/h3>\n\t<div class=\"wpb_text_column wpb_content_element\" >\n\t\t<div class=\"wpb_wrapper\">\n\t\t\t<p>Spiegels brengen leven aan de muur. Het is heel trendy om spiegels toe te passen in het interieur, en het liefst meerdere bij elkaar in verschillende vormen. Denk aan spiegels in het ontwerp van uw kamers en experimenteer met verschillende opstellingen. Gebruik ze als finishing touch op je fotomuur.<\/p>\n<p>De spiegels zijn gemaakt van goud- of zilverkleurig metaal.<\/p>\n\n\t\t<\/div>\n\t<\/div>\n<\/div><\/div><\/div><\/div>\n<\/div>","protected":false},"excerpt":{"rendered":"<p>Handgemaakte, rechthoekige Marokkaanse spiegel van metaal in de kleur ros\u00e9 goud met afgeronde randen.<\/p>\n<p>Verkrijgbaar in drie verschillende maten: L, M, S. De spiegel heeft verborgen beugels aan de achterkant - gewoon om aan de muur te hangen.<\/p>\n<p>Afmetingen: L: 39x29| M: 34 x 24 | B: 29x20|<\/p>\n<p>&nbsp;<\/p>","protected":false},"featured_media":1770,"template":"","meta":{"inline_featured_image":false},"product_brand":[],"product_cat":[58,56],"product_tag":[],"class_list":{"0":"post-1732","1":"product","2":"type-product","3":"status-publish","4":"has-post-thumbnail","6":"product_cat-spejle","7":"product_cat-vaegdekoration","9":"first","10":"instock","11":"taxable","12":"shipping-taxable","13":"purchasable","14":"product-type-variable"},"exclude_global_add_ons":[],"addons":[],"yoast_head":"<!-- This site is optimized with the Yoast SEO plugin v27.4 - https:\/\/yoast.com\/product\/yoast-seo-wordpress\/ -->\n<title>Marokkansk spejl rektangul\u00e6rt | afrundede kanter | 3 st\u00f8rrelser<\/title>\n<meta name=\"description\" content=\"Marokkansk spejl - rektangul\u00e6rt. H\u00e5ndlavet p\u00e5 metalv\u00e6rksted i metal i farven rose gold. F\u00e5s i 3 forskellige st\u00f8rrelser L, M, S . \u21d2 Se mere her\" \/>\n<meta name=\"robots\" content=\"index, follow, max-snippet:-1, max-image-preview:large, max-video-preview:-1\" \/>\n<link rel=\"canonical\" href=\"https:\/\/tibladin.dk\/nl\/product-2\/spiegel-rechthoekig-met-afgeronde-randen-rosegoud\/\" \/>\n<meta property=\"og:locale\" content=\"nl_NL\" \/>\n<meta property=\"og:type\" content=\"article\" \/>\n<meta property=\"og:title\" content=\"Marokkansk spejl rektangul\u00e6rt | afrundede kanter | 3 st\u00f8rrelser\" \/>\n<meta property=\"og:description\" content=\"Marokkansk spejl - rektangul\u00e6rt. H\u00e5ndlavet p\u00e5 metalv\u00e6rksted i metal i farven rose gold. F\u00e5s i 3 forskellige st\u00f8rrelser L, M, S . \u21d2 Se mere her\" \/>\n<meta property=\"og:url\" content=\"https:\/\/tibladin.dk\/nl\/product-2\/spiegel-rechthoekig-met-afgeronde-randen-rosegoud\/\" \/>\n<meta property=\"og:site_name\" content=\"Tibladin\" \/>\n<meta property=\"article:modified_time\" content=\"2025-11-23T12:55:30+00:00\" \/>\n<meta property=\"og:image\" content=\"https:\/\/tibladin.dk\/wp-content\/uploads\/2022\/09\/Tibladin_marokkanske-rose-gold-spejle-retangulaer-1.jpg\" \/>\n\t<meta property=\"og:image:width\" content=\"800\" \/>\n\t<meta property=\"og:image:height\" content=\"800\" \/>\n\t<meta property=\"og:image:type\" content=\"image\/jpeg\" \/>\n<meta name=\"twitter:card\" content=\"summary_large_image\" \/>\n<meta name=\"twitter:label1\" content=\"Geschatte leestijd\" \/>\n\t<meta name=\"twitter:data1\" content=\"1 minuut\" \/>\n<script type=\"application\/ld+json\" class=\"yoast-schema-graph\">{\"@context\":\"https:\\\/\\\/schema.org\",\"@graph\":[{\"@type\":\"WebPage\",\"@id\":\"https:\\\/\\\/tibladin.dk\\\/produkt\\\/spejl-rektangulaert-med-afrundede-kanter-rose-gold\\\/\",\"url\":\"https:\\\/\\\/tibladin.dk\\\/produkt\\\/spejl-rektangulaert-med-afrundede-kanter-rose-gold\\\/\",\"name\":\"Marokkansk spejl rektangul\u00e6rt | afrundede kanter | 3 st\u00f8rrelser\",\"isPartOf\":{\"@id\":\"https:\\\/\\\/tibladin.dk\\\/#website\"},\"primaryImageOfPage\":{\"@id\":\"https:\\\/\\\/tibladin.dk\\\/produkt\\\/spejl-rektangulaert-med-afrundede-kanter-rose-gold\\\/#primaryimage\"},\"image\":{\"@id\":\"https:\\\/\\\/tibladin.dk\\\/produkt\\\/spejl-rektangulaert-med-afrundede-kanter-rose-gold\\\/#primaryimage\"},\"thumbnailUrl\":\"https:\\\/\\\/tibladin.dk\\\/wp-content\\\/uploads\\\/2022\\\/09\\\/Tibladin_marokkanske-rose-gold-spejle-retangulaer-1.jpg\",\"datePublished\":\"2022-09-20T09:11:19+00:00\",\"dateModified\":\"2025-11-23T12:55:30+00:00\",\"description\":\"Marokkansk spejl - rektangul\u00e6rt. H\u00e5ndlavet p\u00e5 metalv\u00e6rksted i metal i farven rose gold. F\u00e5s i 3 forskellige st\u00f8rrelser L, M, S . \u21d2 Se mere her\",\"breadcrumb\":{\"@id\":\"https:\\\/\\\/tibladin.dk\\\/produkt\\\/spejl-rektangulaert-med-afrundede-kanter-rose-gold\\\/#breadcrumb\"},\"inLanguage\":\"nl-NL\",\"potentialAction\":[{\"@type\":\"ReadAction\",\"target\":[\"https:\\\/\\\/tibladin.dk\\\/produkt\\\/spejl-rektangulaert-med-afrundede-kanter-rose-gold\\\/\"]}]},{\"@type\":\"ImageObject\",\"inLanguage\":\"nl-NL\",\"@id\":\"https:\\\/\\\/tibladin.dk\\\/produkt\\\/spejl-rektangulaert-med-afrundede-kanter-rose-gold\\\/#primaryimage\",\"url\":\"https:\\\/\\\/tibladin.dk\\\/wp-content\\\/uploads\\\/2022\\\/09\\\/Tibladin_marokkanske-rose-gold-spejle-retangulaer-1.jpg\",\"contentUrl\":\"https:\\\/\\\/tibladin.dk\\\/wp-content\\\/uploads\\\/2022\\\/09\\\/Tibladin_marokkanske-rose-gold-spejle-retangulaer-1.jpg\",\"width\":800,\"height\":800,\"caption\":\"Tre rektangul\u00e6re marokkanske h\u00e5ndlavede spejle med afrundede kanter af rose gold metal i forskellige varianter, med blomsterdekorationer rundt om\"},{\"@type\":\"BreadcrumbList\",\"@id\":\"https:\\\/\\\/tibladin.dk\\\/produkt\\\/spejl-rektangulaert-med-afrundede-kanter-rose-gold\\\/#breadcrumb\",\"itemListElement\":[{\"@type\":\"ListItem\",\"position\":1,\"name\":\"Hjem\",\"item\":\"https:\\\/\\\/tibladin.dk\\\/\"},{\"@type\":\"ListItem\",\"position\":2,\"name\":\"Shop\",\"item\":\"https:\\\/\\\/tibladin.dk\\\/shop\\\/\"},{\"@type\":\"ListItem\",\"position\":3,\"name\":\"Spejl rektangul\u00e6rt med afrundede kanter- Rose gold\"}]},{\"@type\":\"WebSite\",\"@id\":\"https:\\\/\\\/tibladin.dk\\\/#website\",\"url\":\"https:\\\/\\\/tibladin.dk\\\/\",\"name\":\"Tibladin\",\"description\":\"Tibladin\",\"publisher\":{\"@id\":\"https:\\\/\\\/tibladin.dk\\\/#organization\"},\"potentialAction\":[{\"@type\":\"SearchAction\",\"target\":{\"@type\":\"EntryPoint\",\"urlTemplate\":\"https:\\\/\\\/tibladin.dk\\\/?s={search_term_string}\"},\"query-input\":{\"@type\":\"PropertyValueSpecification\",\"valueRequired\":true,\"valueName\":\"search_term_string\"}}],\"inLanguage\":\"nl-NL\"},{\"@type\":\"Organization\",\"@id\":\"https:\\\/\\\/tibladin.dk\\\/#organization\",\"name\":\"Tibladin\",\"url\":\"https:\\\/\\\/tibladin.dk\\\/\",\"logo\":{\"@type\":\"ImageObject\",\"inLanguage\":\"nl-NL\",\"@id\":\"https:\\\/\\\/tibladin.dk\\\/#\\\/schema\\\/logo\\\/image\\\/\",\"url\":\"https:\\\/\\\/tibladin.dk\\\/wp-content\\\/uploads\\\/2022\\\/09\\\/tibladin_logo.svg\",\"contentUrl\":\"https:\\\/\\\/tibladin.dk\\\/wp-content\\\/uploads\\\/2022\\\/09\\\/tibladin_logo.svg\",\"caption\":\"Tibladin\"},\"image\":{\"@id\":\"https:\\\/\\\/tibladin.dk\\\/#\\\/schema\\\/logo\\\/image\\\/\"}}]}<\/script>\n<!-- \/ Yoast SEO plugin. -->","yoast_head_json":{"title":"Marokkaanse spiegel rechthoekig | afgeronde randen | 3 maten","description":"Marokkaanse spiegel - rechthoekig. Handgemaakt in een metaalatelier van metaal in de kleur ros\u00e9goud. Verkrijgbaar in 3 verschillende maten L, M, S. \u21d2 Zie hier meer","robots":{"index":"index","follow":"follow","max-snippet":"max-snippet:-1","max-image-preview":"max-image-preview:large","max-video-preview":"max-video-preview:-1"},"canonical":"https:\/\/tibladin.dk\/nl\/product-2\/spiegel-rechthoekig-met-afgeronde-randen-rosegoud\/","og_locale":"nl_NL","og_type":"article","og_title":"Marokkansk spejl rektangul\u00e6rt | afrundede kanter | 3 st\u00f8rrelser","og_description":"Marokkansk spejl - rektangul\u00e6rt. H\u00e5ndlavet p\u00e5 metalv\u00e6rksted i metal i farven rose gold. F\u00e5s i 3 forskellige st\u00f8rrelser L, M, S . \u21d2 Se mere her","og_url":"https:\/\/tibladin.dk\/nl\/product-2\/spiegel-rechthoekig-met-afgeronde-randen-rosegoud\/","og_site_name":"Tibladin","article_modified_time":"2025-11-23T12:55:30+00:00","og_image":[{"width":800,"height":800,"url":"https:\/\/tibladin.dk\/wp-content\/uploads\/2022\/09\/Tibladin_marokkanske-rose-gold-spejle-retangulaer-1.jpg","type":"image\/jpeg"}],"twitter_card":"summary_large_image","twitter_misc":{"Geschatte leestijd":"1 minuut"},"schema":{"@context":"https:\/\/schema.org","@graph":[{"@type":"WebPage","@id":"https:\/\/tibladin.dk\/produkt\/spejl-rektangulaert-med-afrundede-kanter-rose-gold\/","url":"https:\/\/tibladin.dk\/produkt\/spejl-rektangulaert-med-afrundede-kanter-rose-gold\/","name":"Marokkaanse spiegel rechthoekig | afgeronde randen | 3 maten","isPartOf":{"@id":"https:\/\/tibladin.dk\/#website"},"primaryImageOfPage":{"@id":"https:\/\/tibladin.dk\/produkt\/spejl-rektangulaert-med-afrundede-kanter-rose-gold\/#primaryimage"},"image":{"@id":"https:\/\/tibladin.dk\/produkt\/spejl-rektangulaert-med-afrundede-kanter-rose-gold\/#primaryimage"},"thumbnailUrl":"https:\/\/tibladin.dk\/wp-content\/uploads\/2022\/09\/Tibladin_marokkanske-rose-gold-spejle-retangulaer-1.jpg","datePublished":"2022-09-20T09:11:19+00:00","dateModified":"2025-11-23T12:55:30+00:00","description":"Marokkaanse spiegel - rechthoekig. Handgemaakt in een metaalatelier van metaal in de kleur ros\u00e9goud. Verkrijgbaar in 3 verschillende maten L, M, S. \u21d2 Zie hier meer","breadcrumb":{"@id":"https:\/\/tibladin.dk\/produkt\/spejl-rektangulaert-med-afrundede-kanter-rose-gold\/#breadcrumb"},"inLanguage":"nl-NL","potentialAction":[{"@type":"ReadAction","target":["https:\/\/tibladin.dk\/produkt\/spejl-rektangulaert-med-afrundede-kanter-rose-gold\/"]}]},{"@type":"ImageObject","inLanguage":"nl-NL","@id":"https:\/\/tibladin.dk\/produkt\/spejl-rektangulaert-med-afrundede-kanter-rose-gold\/#primaryimage","url":"https:\/\/tibladin.dk\/wp-content\/uploads\/2022\/09\/Tibladin_marokkanske-rose-gold-spejle-retangulaer-1.jpg","contentUrl":"https:\/\/tibladin.dk\/wp-content\/uploads\/2022\/09\/Tibladin_marokkanske-rose-gold-spejle-retangulaer-1.jpg","width":800,"height":800,"caption":"Tre rektangul\u00e6re marokkanske h\u00e5ndlavede spejle med afrundede kanter af rose gold metal i forskellige varianter, med blomsterdekorationer rundt om"},{"@type":"BreadcrumbList","@id":"https:\/\/tibladin.dk\/produkt\/spejl-rektangulaert-med-afrundede-kanter-rose-gold\/#breadcrumb","itemListElement":[{"@type":"ListItem","position":1,"name":"Hjem","item":"https:\/\/tibladin.dk\/"},{"@type":"ListItem","position":2,"name":"Shop","item":"https:\/\/tibladin.dk\/shop\/"},{"@type":"ListItem","position":3,"name":"Spejl rektangul\u00e6rt med afrundede kanter- Rose gold"}]},{"@type":"WebSite","@id":"https:\/\/tibladin.dk\/#website","url":"https:\/\/tibladin.dk\/","name":"Tibladin","description":"Tibladin","publisher":{"@id":"https:\/\/tibladin.dk\/#organization"},"potentialAction":[{"@type":"SearchAction","target":{"@type":"EntryPoint","urlTemplate":"https:\/\/tibladin.dk\/?s={search_term_string}"},"query-input":{"@type":"PropertyValueSpecification","valueRequired":true,"valueName":"search_term_string"}}],"inLanguage":"nl-NL"},{"@type":"Organization","@id":"https:\/\/tibladin.dk\/#organization","name":"Tibladin","url":"https:\/\/tibladin.dk\/","logo":{"@type":"ImageObject","inLanguage":"nl-NL","@id":"https:\/\/tibladin.dk\/#\/schema\/logo\/image\/","url":"https:\/\/tibladin.dk\/wp-content\/uploads\/2022\/09\/tibladin_logo.svg","contentUrl":"https:\/\/tibladin.dk\/wp-content\/uploads\/2022\/09\/tibladin_logo.svg","caption":"Tibladin"},"image":{"@id":"https:\/\/tibladin.dk\/#\/schema\/logo\/image\/"}}]}},"_links":{"self":[{"href":"https:\/\/tibladin.dk\/nl\/wp-json\/wp\/v2\/product\/1732","targetHints":{"allow":["GET"]}}],"collection":[{"href":"https:\/\/tibladin.dk\/nl\/wp-json\/wp\/v2\/product"}],"about":[{"href":"https:\/\/tibladin.dk\/nl\/wp-json\/wp\/v2\/types\/product"}],"wp:featuredmedia":[{"embeddable":true,"href":"https:\/\/tibladin.dk\/nl\/wp-json\/wp\/v2\/media\/1770"}],"wp:attachment":[{"href":"https:\/\/tibladin.dk\/nl\/wp-json\/wp\/v2\/media?parent=1732"}],"wp:term":[{"taxonomy":"product_brand","embeddable":true,"href":"https:\/\/tibladin.dk\/nl\/wp-json\/wp\/v2\/product_brand?post=1732"},{"taxonomy":"product_cat","embeddable":true,"href":"https:\/\/tibladin.dk\/nl\/wp-json\/wp\/v2\/product_cat?post=1732"},{"taxonomy":"product_tag","embeddable":true,"href":"https:\/\/tibladin.dk\/nl\/wp-json\/wp\/v2\/product_tag?post=1732"}],"curies":[{"name":"wp","href":"https:\/\/api.w.org\/{rel}","templated":true}]}}