{"id":1801,"date":"2022-09-20T11:11:48","date_gmt":"2022-09-20T09:11:48","guid":{"rendered":"https:\/\/tibladin.dk\/vare\/marokkansk-vaeglampe-metal-guld-princess\/"},"modified":"2026-03-14T11:15:53","modified_gmt":"2026-03-14T10:15:53","slug":"marokkaanse-wandlamp-metaal-gouden-prinses","status":"publish","type":"product","link":"https:\/\/tibladin.dk\/nl\/produkt\/marokkansk-vaeglampe-metal-guld-princess\/","title":{"rendered":"Marokkaanse wandlamp metaal \u2013 Goud PRINCESS"},"content":{"rendered":"<div class=\"wpb-content-wrapper\"><div class=\"vc_row wpb_row vc_row-fluid\"><div class=\"wpb_column vc_column_container vc_col-sm-6\"><div class=\"vc_column-inner\"><div class=\"wpb_wrapper\"><h3 style=\"text-align: left\" class=\"vc_custom_heading vc_do_custom_heading\" >Onderhoud<\/h3>\n\t<div class=\"wpb_text_column wpb_content_element\" >\n\t\t<div class=\"wpb_wrapper\">\n\t\t\t<p>Veeg af met een vochtige doek. De lampen kunnen na verloop van tijd wat oxideren, wat alleen maar extra charme toevoegt. Als u uw lamp wilt laten polijsten, kunt u, zoals de Marokkanen doen, een polijstmiddel of een beetje citroensap gebruiken.<\/p>\n<p>Het metaal waarvan de lampen zijn gemaakt is flexibel en mocht uw lamp op een dag toch een klein deukje krijgen, dan kan deze heel gemakkelijk worden rechtgetrokken. Gebruik een theelepel en wrijf erover waar de bult uitsteekt en strijk het voorzichtig op zijn plaats.<\/p>\n\n\t\t<\/div>\n\t<\/div>\n<\/div><\/div><\/div><div class=\"wpb_column vc_column_container vc_col-sm-6\"><div class=\"vc_column-inner\"><div class=\"wpb_wrapper\"><h3 style=\"text-align: left\" class=\"vc_custom_heading vc_do_custom_heading\" >Het verhaal erachter<\/h3>\n\t<div class=\"wpb_text_column wpb_content_element\" >\n\t\t<div class=\"wpb_wrapper\">\n\t\t\t<p>Deze Marokkaanse wandlampen zijn gemaakt van goudkleurig metaal met met de hand uitgeslagen kleine gaatjespatronen. Door de gaten in de lamp wordt het licht gereflecteerd en in een avontuurlijk en warm patroon verspreid over de omgeving. Het cre\u00ebert een heel bijzondere sfeer in de kamer. De handgemaakte lampen uit Marokko kunnen in verschillende richtingen aan de muur worden gehangen, afhankelijk van welke uitstraling gewenst is. Het licht kan zowel op het plafond als naar beneden richting de vloer worden gestraald, waardoor de wandlampen in de meeste ruimtes passen. Dan kun je je eigen riad sfeer cre\u00ebren met een handgemaakte en decoratieve lamp.<\/p>\n\n\t\t<\/div>\n\t<\/div>\n<\/div><\/div><\/div><\/div>\n<\/div>","protected":false},"excerpt":{"rendered":"<p>Handgemaakte Marokkaanse wandlamp van goud metaal met een prachtig gatenpatroon. Het patroon is met de hand uitgeslagen, waardoor de lamp een mooi en sfeervol licht in de kamer werpt. De wandlampen kunnen in twee verschillende richtingen worden opgehangen, afhankelijk van welke expressie gewenst is. Cre\u00eber je eigen riad sfeer met deze prachtige handgemaakte lamp.<\/p>\n<p>De lamp is verkrijgbaar met twee verschillende patronen (PRINCE en <a href=\"https:\/\/tibladin.dk\/nl\/product-2\/marokkaanse-wandlamp-metaal-gouden-prinses\/\">PRINSES<\/a>)<\/p>\n<p>De lamp wordt verkocht zonder fitting en snoer.<\/p>\n<p>&nbsp;<\/p>","protected":false},"featured_media":1797,"template":"","meta":{"inline_featured_image":false},"product_brand":[],"product_cat":[67,68],"product_tag":[],"class_list":{"0":"post-1801","1":"product","2":"type-product","3":"status-publish","4":"has-post-thumbnail","6":"product_cat-lamper","7":"product_cat-metal-lamper","9":"first","10":"outofstock","11":"taxable","12":"shipping-taxable","13":"purchasable","14":"product-type-simple"},"exclude_global_add_ons":false,"addons":[{"name":"Wilt u een cadeauverpakking?","type":"checkbox","position":0,"required":false,"title_format":"label","default":"","description_enable":false,"description":"","placeholder_enable":false,"placeholder":"","display":"images","restrictions_type":"any_text","adjust_price":false,"price":"","price_type":"flat_fee","restrictions":false,"min":"0","max":"0","options":[{"label":"Ja tak","price":"10","price_type":"flat_fee","image":11015,"visibility":true}],"id":1669646111}],"yoast_head":"<!-- This site is optimized with the Yoast SEO plugin v27.5 - https:\/\/yoast.com\/product\/yoast-seo-wordpress\/ -->\n<title>Marokkansk v\u00e6glampe i guldmetal | H\u00e5ndlavet i Marrakech<\/title>\n<meta name=\"description\" content=\"Mangler du stemningsfuld belysning? Denne marrokanske v\u00e6glampe i guldmetal med h\u00e5ndlavet hulm\u00f8nster giver et smukt og elegant lys.\" \/>\n<meta name=\"robots\" content=\"index, follow, max-snippet:-1, max-image-preview:large, max-video-preview:-1\" \/>\n<link rel=\"canonical\" href=\"https:\/\/tibladin.dk\/nl\/product-2\/marokkaanse-wandlamp-metaal-gouden-prinses\/\" \/>\n<meta property=\"og:locale\" content=\"nl_NL\" \/>\n<meta property=\"og:type\" content=\"article\" \/>\n<meta property=\"og:title\" content=\"Marokkansk v\u00e6glampe i guldmetal | H\u00e5ndlavet i Marrakech\" \/>\n<meta property=\"og:description\" content=\"Mangler du stemningsfuld belysning? Denne marrokanske v\u00e6glampe i guldmetal med h\u00e5ndlavet hulm\u00f8nster giver et smukt og elegant lys.\" \/>\n<meta property=\"og:url\" content=\"https:\/\/tibladin.dk\/nl\/product-2\/marokkaanse-wandlamp-metaal-gouden-prinses\/\" \/>\n<meta property=\"og:site_name\" content=\"Tibladin\" \/>\n<meta property=\"article:modified_time\" content=\"2026-03-14T10:15:53+00:00\" \/>\n<meta property=\"og:image\" content=\"https:\/\/tibladin.dk\/wp-content\/uploads\/2022\/09\/Vaeglampe-princess-2-1.png\" \/>\n\t<meta property=\"og:image:width\" content=\"800\" \/>\n\t<meta property=\"og:image:height\" content=\"800\" \/>\n\t<meta property=\"og:image:type\" content=\"image\/png\" \/>\n<meta name=\"twitter:card\" content=\"summary_large_image\" \/>\n<meta name=\"twitter:label1\" content=\"Geschatte leestijd\" \/>\n\t<meta name=\"twitter:data1\" content=\"2 minuten\" \/>\n<script type=\"application\/ld+json\" class=\"yoast-schema-graph\">{\"@context\":\"https:\\\/\\\/schema.org\",\"@graph\":[{\"@type\":\"WebPage\",\"@id\":\"https:\\\/\\\/tibladin.dk\\\/produkt\\\/marokkansk-vaeglampe-metal-guld-princess\\\/\",\"url\":\"https:\\\/\\\/tibladin.dk\\\/produkt\\\/marokkansk-vaeglampe-metal-guld-princess\\\/\",\"name\":\"Marokkansk v\u00e6glampe i guldmetal | H\u00e5ndlavet i Marrakech\",\"isPartOf\":{\"@id\":\"https:\\\/\\\/tibladin.dk\\\/#website\"},\"primaryImageOfPage\":{\"@id\":\"https:\\\/\\\/tibladin.dk\\\/produkt\\\/marokkansk-vaeglampe-metal-guld-princess\\\/#primaryimage\"},\"image\":{\"@id\":\"https:\\\/\\\/tibladin.dk\\\/produkt\\\/marokkansk-vaeglampe-metal-guld-princess\\\/#primaryimage\"},\"thumbnailUrl\":\"https:\\\/\\\/tibladin.dk\\\/wp-content\\\/uploads\\\/2022\\\/09\\\/Vaeglampe-princess-2-1.png\",\"datePublished\":\"2022-09-20T09:11:48+00:00\",\"dateModified\":\"2026-03-14T10:15:53+00:00\",\"description\":\"Mangler du stemningsfuld belysning? Denne marrokanske v\u00e6glampe i guldmetal med h\u00e5ndlavet hulm\u00f8nster giver et smukt og elegant lys.\",\"breadcrumb\":{\"@id\":\"https:\\\/\\\/tibladin.dk\\\/produkt\\\/marokkansk-vaeglampe-metal-guld-princess\\\/#breadcrumb\"},\"inLanguage\":\"nl-NL\",\"potentialAction\":[{\"@type\":\"ReadAction\",\"target\":[\"https:\\\/\\\/tibladin.dk\\\/produkt\\\/marokkansk-vaeglampe-metal-guld-princess\\\/\"]}]},{\"@type\":\"ImageObject\",\"inLanguage\":\"nl-NL\",\"@id\":\"https:\\\/\\\/tibladin.dk\\\/produkt\\\/marokkansk-vaeglampe-metal-guld-princess\\\/#primaryimage\",\"url\":\"https:\\\/\\\/tibladin.dk\\\/wp-content\\\/uploads\\\/2022\\\/09\\\/Vaeglampe-princess-2-1.png\",\"contentUrl\":\"https:\\\/\\\/tibladin.dk\\\/wp-content\\\/uploads\\\/2022\\\/09\\\/Vaeglampe-princess-2-1.png\",\"width\":800,\"height\":800,\"caption\":\"H\u00e5ndlavet v\u00e6glampe i guldmetal med marokkansk m\u00f8nster\"},{\"@type\":\"BreadcrumbList\",\"@id\":\"https:\\\/\\\/tibladin.dk\\\/produkt\\\/marokkansk-vaeglampe-metal-guld-princess\\\/#breadcrumb\",\"itemListElement\":[{\"@type\":\"ListItem\",\"position\":1,\"name\":\"Hjem\",\"item\":\"https:\\\/\\\/tibladin.dk\\\/\"},{\"@type\":\"ListItem\",\"position\":2,\"name\":\"Shop\",\"item\":\"https:\\\/\\\/tibladin.dk\\\/shop\\\/\"},{\"@type\":\"ListItem\",\"position\":3,\"name\":\"Marokkansk v\u00e6glampe metal &#8211; Guld PRINCESS\"}]},{\"@type\":\"WebSite\",\"@id\":\"https:\\\/\\\/tibladin.dk\\\/#website\",\"url\":\"https:\\\/\\\/tibladin.dk\\\/\",\"name\":\"Tibladin\",\"description\":\"Tibladin\",\"publisher\":{\"@id\":\"https:\\\/\\\/tibladin.dk\\\/#organization\"},\"potentialAction\":[{\"@type\":\"SearchAction\",\"target\":{\"@type\":\"EntryPoint\",\"urlTemplate\":\"https:\\\/\\\/tibladin.dk\\\/?s={search_term_string}\"},\"query-input\":{\"@type\":\"PropertyValueSpecification\",\"valueRequired\":true,\"valueName\":\"search_term_string\"}}],\"inLanguage\":\"nl-NL\"},{\"@type\":\"Organization\",\"@id\":\"https:\\\/\\\/tibladin.dk\\\/#organization\",\"name\":\"Tibladin\",\"url\":\"https:\\\/\\\/tibladin.dk\\\/\",\"logo\":{\"@type\":\"ImageObject\",\"inLanguage\":\"nl-NL\",\"@id\":\"https:\\\/\\\/tibladin.dk\\\/#\\\/schema\\\/logo\\\/image\\\/\",\"url\":\"https:\\\/\\\/tibladin.dk\\\/wp-content\\\/uploads\\\/2022\\\/09\\\/tibladin_logo.svg\",\"contentUrl\":\"https:\\\/\\\/tibladin.dk\\\/wp-content\\\/uploads\\\/2022\\\/09\\\/tibladin_logo.svg\",\"caption\":\"Tibladin\"},\"image\":{\"@id\":\"https:\\\/\\\/tibladin.dk\\\/#\\\/schema\\\/logo\\\/image\\\/\"}}]}<\/script>\n<!-- \/ Yoast SEO plugin. -->","yoast_head_json":{"title":"Marokkaanse wandlamp in goud metaal | Handgemaakt in Marrakesh","description":"Ontbreekt het je aan sfeerverlichting? Deze Marokkaanse wandlamp in goud metaal met een handgemaakt gatenpatroon zorgt voor een mooi en elegant licht.","robots":{"index":"index","follow":"follow","max-snippet":"max-snippet:-1","max-image-preview":"max-image-preview:large","max-video-preview":"max-video-preview:-1"},"canonical":"https:\/\/tibladin.dk\/nl\/product-2\/marokkaanse-wandlamp-metaal-gouden-prinses\/","og_locale":"nl_NL","og_type":"article","og_title":"Marokkansk v\u00e6glampe i guldmetal | H\u00e5ndlavet i Marrakech","og_description":"Mangler du stemningsfuld belysning? Denne marrokanske v\u00e6glampe i guldmetal med h\u00e5ndlavet hulm\u00f8nster giver et smukt og elegant lys.","og_url":"https:\/\/tibladin.dk\/nl\/product-2\/marokkaanse-wandlamp-metaal-gouden-prinses\/","og_site_name":"Tibladin","article_modified_time":"2026-03-14T10:15:53+00:00","og_image":[{"width":800,"height":800,"url":"https:\/\/tibladin.dk\/wp-content\/uploads\/2022\/09\/Vaeglampe-princess-2-1.png","type":"image\/png"}],"twitter_card":"summary_large_image","twitter_misc":{"Geschatte leestijd":"2 minuten"},"schema":{"@context":"https:\/\/schema.org","@graph":[{"@type":"WebPage","@id":"https:\/\/tibladin.dk\/produkt\/marokkansk-vaeglampe-metal-guld-princess\/","url":"https:\/\/tibladin.dk\/produkt\/marokkansk-vaeglampe-metal-guld-princess\/","name":"Marokkaanse wandlamp in goud metaal | Handgemaakt in Marrakesh","isPartOf":{"@id":"https:\/\/tibladin.dk\/#website"},"primaryImageOfPage":{"@id":"https:\/\/tibladin.dk\/produkt\/marokkansk-vaeglampe-metal-guld-princess\/#primaryimage"},"image":{"@id":"https:\/\/tibladin.dk\/produkt\/marokkansk-vaeglampe-metal-guld-princess\/#primaryimage"},"thumbnailUrl":"https:\/\/tibladin.dk\/wp-content\/uploads\/2022\/09\/Vaeglampe-princess-2-1.png","datePublished":"2022-09-20T09:11:48+00:00","dateModified":"2026-03-14T10:15:53+00:00","description":"Ontbreekt het je aan sfeerverlichting? Deze Marokkaanse wandlamp in goud metaal met een handgemaakt gatenpatroon zorgt voor een mooi en elegant licht.","breadcrumb":{"@id":"https:\/\/tibladin.dk\/produkt\/marokkansk-vaeglampe-metal-guld-princess\/#breadcrumb"},"inLanguage":"nl-NL","potentialAction":[{"@type":"ReadAction","target":["https:\/\/tibladin.dk\/produkt\/marokkansk-vaeglampe-metal-guld-princess\/"]}]},{"@type":"ImageObject","inLanguage":"nl-NL","@id":"https:\/\/tibladin.dk\/produkt\/marokkansk-vaeglampe-metal-guld-princess\/#primaryimage","url":"https:\/\/tibladin.dk\/wp-content\/uploads\/2022\/09\/Vaeglampe-princess-2-1.png","contentUrl":"https:\/\/tibladin.dk\/wp-content\/uploads\/2022\/09\/Vaeglampe-princess-2-1.png","width":800,"height":800,"caption":"H\u00e5ndlavet v\u00e6glampe i guldmetal med marokkansk m\u00f8nster"},{"@type":"BreadcrumbList","@id":"https:\/\/tibladin.dk\/produkt\/marokkansk-vaeglampe-metal-guld-princess\/#breadcrumb","itemListElement":[{"@type":"ListItem","position":1,"name":"Hjem","item":"https:\/\/tibladin.dk\/"},{"@type":"ListItem","position":2,"name":"Shop","item":"https:\/\/tibladin.dk\/shop\/"},{"@type":"ListItem","position":3,"name":"Marokkansk v\u00e6glampe metal &#8211; Guld PRINCESS"}]},{"@type":"WebSite","@id":"https:\/\/tibladin.dk\/#website","url":"https:\/\/tibladin.dk\/","name":"Tibladin","description":"Tibladin","publisher":{"@id":"https:\/\/tibladin.dk\/#organization"},"potentialAction":[{"@type":"SearchAction","target":{"@type":"EntryPoint","urlTemplate":"https:\/\/tibladin.dk\/?s={search_term_string}"},"query-input":{"@type":"PropertyValueSpecification","valueRequired":true,"valueName":"search_term_string"}}],"inLanguage":"nl-NL"},{"@type":"Organization","@id":"https:\/\/tibladin.dk\/#organization","name":"Tibladin","url":"https:\/\/tibladin.dk\/","logo":{"@type":"ImageObject","inLanguage":"nl-NL","@id":"https:\/\/tibladin.dk\/#\/schema\/logo\/image\/","url":"https:\/\/tibladin.dk\/wp-content\/uploads\/2022\/09\/tibladin_logo.svg","contentUrl":"https:\/\/tibladin.dk\/wp-content\/uploads\/2022\/09\/tibladin_logo.svg","caption":"Tibladin"},"image":{"@id":"https:\/\/tibladin.dk\/#\/schema\/logo\/image\/"}}]}},"_links":{"self":[{"href":"https:\/\/tibladin.dk\/nl\/wp-json\/wp\/v2\/product\/1801","targetHints":{"allow":["GET"]}}],"collection":[{"href":"https:\/\/tibladin.dk\/nl\/wp-json\/wp\/v2\/product"}],"about":[{"href":"https:\/\/tibladin.dk\/nl\/wp-json\/wp\/v2\/types\/product"}],"wp:featuredmedia":[{"embeddable":true,"href":"https:\/\/tibladin.dk\/nl\/wp-json\/wp\/v2\/media\/1797"}],"wp:attachment":[{"href":"https:\/\/tibladin.dk\/nl\/wp-json\/wp\/v2\/media?parent=1801"}],"wp:term":[{"taxonomy":"product_brand","embeddable":true,"href":"https:\/\/tibladin.dk\/nl\/wp-json\/wp\/v2\/product_brand?post=1801"},{"taxonomy":"product_cat","embeddable":true,"href":"https:\/\/tibladin.dk\/nl\/wp-json\/wp\/v2\/product_cat?post=1801"},{"taxonomy":"product_tag","embeddable":true,"href":"https:\/\/tibladin.dk\/nl\/wp-json\/wp\/v2\/product_tag?post=1801"}],"curies":[{"name":"wp","href":"https:\/\/api.w.org\/{rel}","templated":true}]}}