{"id":1910,"date":"2022-09-20T11:12:31","date_gmt":"2022-09-20T09:12:31","guid":{"rendered":"https:\/\/tibladin.dk\/vare\/tallerken-marokkansk-moenster-265-cm\/"},"modified":"2025-05-24T14:38:10","modified_gmt":"2025-05-24T12:38:10","slug":"bord-marokkaanse-moenster-265-cm","status":"publish","type":"product","link":"https:\/\/tibladin.dk\/nl\/produkt\/tallerken-marokkansk-moenster-265-cm\/","title":{"rendered":"Bord Marokkaans patroon - 26,5 cm"},"content":{"rendered":"<div class=\"wpb-content-wrapper\"><div class=\"vc_row wpb_row vc_row-fluid\"><div class=\"wpb_column vc_column_container vc_col-sm-4\"><div class=\"vc_column-inner\"><div class=\"wpb_wrapper\">\n\t<div class=\"wpb_video_widget wpb_content_element vc_clearfix   vc_video-aspect-ratio-43 vc_video-el-width-100 vc_video-align-left\" >\n\t\t<div class=\"wpb_wrapper\">\n\t\t\t\n\t\t\t<div class=\"wpb_video_wrapper\"><div class=\"video-container\"><iframe loading=\"lazy\" title=\"Tibladin_productie steengoed\" src=\"https:\/\/player.vimeo.com\/video\/415400643?dnt=1&amp;app_id=122963\" width=\"310\" height=\"310\" frameborder=\"0\" allow=\"autoplay; fullscreen; picture-in-picture\"><\/iframe><\/div><\/div>\n\t\t<\/div>\n\t<\/div>\n<\/div><\/div><\/div><div class=\"wpb_column vc_column_container vc_col-sm-4\"><div class=\"vc_column-inner\"><div class=\"wpb_wrapper\"><h3 style=\"text-align: left\" class=\"vc_custom_heading vc_do_custom_heading\" >Onderhoud<\/h3>\n\t<div class=\"wpb_text_column wpb_content_element\" >\n\t\t<div class=\"wpb_wrapper\">\n\t\t\t<p>Kan worden gewassen met mild zeepsop, kan ook in de vaatwasser.<\/p>\n<p>Al het steengoed is handgemaakt en er kunnen variaties in zowel kleur als vorm voorkomen.<\/p>\n\n\t\t<\/div>\n\t<\/div>\n<\/div><\/div><\/div><div class=\"wpb_column vc_column_container vc_col-sm-4\"><div class=\"vc_column-inner\"><div class=\"wpb_wrapper\"><h3 style=\"text-align: left\" class=\"vc_custom_heading vc_do_custom_heading\" >Het verhaal erachter<\/h3>\n\t<div class=\"wpb_text_column wpb_content_element\" >\n\t\t<div class=\"wpb_wrapper\">\n\t\t\t<p>Een mooie tafeldekking met unieke, mooie spullen kan een goed gespreksonderwerp zijn met uw gasten. Mijn samenwerking met deze steengoedfabrikant is absoluut buitengewoon. Hier specialiseren ze zich in het maken van tijdloos steengoed met een vleugje Marokko, precies zoals ik ervan hou. Het wordt ook wel Marrakech-porselein genoemd. Ze leveren wereldwijd en aan alle grote hotels, restaurants en winkels. Het aardewerk wordt gebakken op ruim 1200 graden, waardoor het zeer duurzaam is. Alles wat u op deze pagina onder steengoed ziet, is goedgekeurd voor gebruik in de oven, magnetron en vaatwasser, en als consument bent u ervan verzekerd dat alles is goedgekeurd door het Deense Voedselagentschap, waarin staat dat het niet-giftige materialen en glazuren zijn - goedgekeurd om ervan te kunnen eten en drinken. Zie de link op de voorpagina naar het controlerapport van Tibladin bij de Deense Food and Drug Administration.<\/p>\n\n\t\t<\/div>\n\t<\/div>\n<\/div><\/div><\/div><\/div>\n<\/div>","protected":false},"excerpt":{"rendered":"<p>Ontzettend mooi bord met een artistiek handgeschilderd Marokkaans patroon. Diameter 26,5 cm.<\/p>\n<p>Er zitten veel mooie en unieke details in dit bord die je kunt blijven ontdekken.<\/p>\n<p>Gebruik ze als dinerborden als je indruk wilt maken op je gasten of gebruik ze als serveerschalen.<\/p>\n<p>Koop vanaf 4 platen en krijg 10 % met korting.<\/p>\n<p>Al het steengoed is goedgekeurd door het Deense Voedselagentschap en is oven-, magnetron-, vriezer- en vaatwasserbestendig.<\/p>","protected":false},"featured_media":1908,"template":"","meta":{"inline_featured_image":false},"product_brand":[],"product_cat":[33,43,89,32],"product_tag":[],"class_list":{"0":"post-1910","1":"product","2":"type-product","3":"status-publish","4":"has-post-thumbnail","6":"product_cat-borddaekning","7":"product_cat-stentoej","8":"product_cat-tallerkner","9":"product_cat-tilbud","11":"first","12":"instock","13":"sale","14":"taxable","15":"shipping-taxable","16":"purchasable","17":"product-type-simple"},"exclude_global_add_ons":false,"addons":[{"name":"Wilt u een cadeauverpakking?","type":"checkbox","position":0,"required":false,"title_format":"label","default":"","description_enable":false,"description":"","placeholder_enable":false,"placeholder":"","display":"images","restrictions_type":"any_text","adjust_price":false,"price":"","price_type":"flat_fee","restrictions":false,"min":"0","max":"0","options":[{"label":"Ja tak","price":"10","price_type":"flat_fee","image":11015,"visibility":true}],"id":1669646111}],"yoast_head":"<!-- This site is optimized with the Yoast SEO plugin v27.4 - https:\/\/yoast.com\/product\/yoast-seo-wordpress\/ -->\n<title>Marokkanske tallerkner i marokkansk m\u00f8nster | Tibladin<\/title>\n<meta name=\"description\" content=\"Marokkanske keramik tallerkner med smukt marokkansk m\u00f8nster. H\u00e5nddrejet stent\u00f8j, som kan klare almindelig hverdagsbrug \u21d2 Se mere her.\" \/>\n<meta name=\"robots\" content=\"index, follow, max-snippet:-1, max-image-preview:large, max-video-preview:-1\" \/>\n<link rel=\"canonical\" href=\"https:\/\/tibladin.dk\/nl\/product-2\/bord-marokkaanse-moenster-265-cm\/\" \/>\n<meta property=\"og:locale\" content=\"nl_NL\" \/>\n<meta property=\"og:type\" content=\"article\" \/>\n<meta property=\"og:title\" content=\"Marokkanske tallerkner i marokkansk m\u00f8nster | Tibladin\" \/>\n<meta property=\"og:description\" content=\"Marokkanske keramik tallerkner med smukt marokkansk m\u00f8nster. H\u00e5nddrejet stent\u00f8j, som kan klare almindelig hverdagsbrug \u21d2 Se mere her.\" \/>\n<meta property=\"og:url\" content=\"https:\/\/tibladin.dk\/nl\/product-2\/bord-marokkaanse-moenster-265-cm\/\" \/>\n<meta property=\"og:site_name\" content=\"Tibladin\" \/>\n<meta property=\"article:modified_time\" content=\"2025-05-24T12:38:10+00:00\" \/>\n<meta property=\"og:image\" content=\"https:\/\/tibladin.dk\/wp-content\/uploads\/2022\/09\/Tibladin_haandmalet-tallekern-1.jpg\" \/>\n\t<meta property=\"og:image:width\" content=\"800\" \/>\n\t<meta property=\"og:image:height\" content=\"800\" \/>\n\t<meta property=\"og:image:type\" content=\"image\/jpeg\" \/>\n<meta name=\"twitter:card\" content=\"summary_large_image\" \/>\n<meta name=\"twitter:label1\" content=\"Geschatte leestijd\" \/>\n\t<meta name=\"twitter:data1\" content=\"2 minuten\" \/>\n<script type=\"application\/ld+json\" class=\"yoast-schema-graph\">{\"@context\":\"https:\\\/\\\/schema.org\",\"@graph\":[{\"@type\":\"WebPage\",\"@id\":\"https:\\\/\\\/tibladin.dk\\\/produkt\\\/tallerken-marokkansk-moenster-265-cm\\\/\",\"url\":\"https:\\\/\\\/tibladin.dk\\\/produkt\\\/tallerken-marokkansk-moenster-265-cm\\\/\",\"name\":\"Marokkanske tallerkner i marokkansk m\u00f8nster | Tibladin\",\"isPartOf\":{\"@id\":\"https:\\\/\\\/tibladin.dk\\\/#website\"},\"primaryImageOfPage\":{\"@id\":\"https:\\\/\\\/tibladin.dk\\\/produkt\\\/tallerken-marokkansk-moenster-265-cm\\\/#primaryimage\"},\"image\":{\"@id\":\"https:\\\/\\\/tibladin.dk\\\/produkt\\\/tallerken-marokkansk-moenster-265-cm\\\/#primaryimage\"},\"thumbnailUrl\":\"https:\\\/\\\/tibladin.dk\\\/wp-content\\\/uploads\\\/2022\\\/09\\\/Tibladin_haandmalet-tallekern-1.jpg\",\"datePublished\":\"2022-09-20T09:12:31+00:00\",\"dateModified\":\"2025-05-24T12:38:10+00:00\",\"description\":\"Marokkanske keramik tallerkner med smukt marokkansk m\u00f8nster. H\u00e5nddrejet stent\u00f8j, som kan klare almindelig hverdagsbrug \u21d2 Se mere her.\",\"breadcrumb\":{\"@id\":\"https:\\\/\\\/tibladin.dk\\\/produkt\\\/tallerken-marokkansk-moenster-265-cm\\\/#breadcrumb\"},\"inLanguage\":\"nl-NL\",\"potentialAction\":[{\"@type\":\"ReadAction\",\"target\":[\"https:\\\/\\\/tibladin.dk\\\/produkt\\\/tallerken-marokkansk-moenster-265-cm\\\/\"]}]},{\"@type\":\"ImageObject\",\"inLanguage\":\"nl-NL\",\"@id\":\"https:\\\/\\\/tibladin.dk\\\/produkt\\\/tallerken-marokkansk-moenster-265-cm\\\/#primaryimage\",\"url\":\"https:\\\/\\\/tibladin.dk\\\/wp-content\\\/uploads\\\/2022\\\/09\\\/Tibladin_haandmalet-tallekern-1.jpg\",\"contentUrl\":\"https:\\\/\\\/tibladin.dk\\\/wp-content\\\/uploads\\\/2022\\\/09\\\/Tibladin_haandmalet-tallekern-1.jpg\",\"width\":800,\"height\":800,\"caption\":\"Marokkansk h\u00e5ndmalet tallerken\"},{\"@type\":\"BreadcrumbList\",\"@id\":\"https:\\\/\\\/tibladin.dk\\\/produkt\\\/tallerken-marokkansk-moenster-265-cm\\\/#breadcrumb\",\"itemListElement\":[{\"@type\":\"ListItem\",\"position\":1,\"name\":\"Hjem\",\"item\":\"https:\\\/\\\/tibladin.dk\\\/\"},{\"@type\":\"ListItem\",\"position\":2,\"name\":\"Shop\",\"item\":\"https:\\\/\\\/tibladin.dk\\\/shop\\\/\"},{\"@type\":\"ListItem\",\"position\":3,\"name\":\"Tallerken marokkansk m\u00f8nster &#8211; 26,5 cm\"}]},{\"@type\":\"WebSite\",\"@id\":\"https:\\\/\\\/tibladin.dk\\\/#website\",\"url\":\"https:\\\/\\\/tibladin.dk\\\/\",\"name\":\"Tibladin\",\"description\":\"Tibladin\",\"publisher\":{\"@id\":\"https:\\\/\\\/tibladin.dk\\\/#organization\"},\"potentialAction\":[{\"@type\":\"SearchAction\",\"target\":{\"@type\":\"EntryPoint\",\"urlTemplate\":\"https:\\\/\\\/tibladin.dk\\\/?s={search_term_string}\"},\"query-input\":{\"@type\":\"PropertyValueSpecification\",\"valueRequired\":true,\"valueName\":\"search_term_string\"}}],\"inLanguage\":\"nl-NL\"},{\"@type\":\"Organization\",\"@id\":\"https:\\\/\\\/tibladin.dk\\\/#organization\",\"name\":\"Tibladin\",\"url\":\"https:\\\/\\\/tibladin.dk\\\/\",\"logo\":{\"@type\":\"ImageObject\",\"inLanguage\":\"nl-NL\",\"@id\":\"https:\\\/\\\/tibladin.dk\\\/#\\\/schema\\\/logo\\\/image\\\/\",\"url\":\"https:\\\/\\\/tibladin.dk\\\/wp-content\\\/uploads\\\/2022\\\/09\\\/tibladin_logo.svg\",\"contentUrl\":\"https:\\\/\\\/tibladin.dk\\\/wp-content\\\/uploads\\\/2022\\\/09\\\/tibladin_logo.svg\",\"caption\":\"Tibladin\"},\"image\":{\"@id\":\"https:\\\/\\\/tibladin.dk\\\/#\\\/schema\\\/logo\\\/image\\\/\"}}]}<\/script>\n<!-- \/ Yoast SEO plugin. -->","yoast_head_json":{"title":"Marokkaanse borden in Marokkaans patroon | Tibladin","description":"Marokkaanse keramische borden met een prachtig Marokkaans patroon. Met de hand gedraaid aardewerk, geschikt voor gewoon dagelijks gebruik \u21d2 Bekijk hier meer.","robots":{"index":"index","follow":"follow","max-snippet":"max-snippet:-1","max-image-preview":"max-image-preview:large","max-video-preview":"max-video-preview:-1"},"canonical":"https:\/\/tibladin.dk\/nl\/product-2\/bord-marokkaanse-moenster-265-cm\/","og_locale":"nl_NL","og_type":"article","og_title":"Marokkanske tallerkner i marokkansk m\u00f8nster | Tibladin","og_description":"Marokkanske keramik tallerkner med smukt marokkansk m\u00f8nster. H\u00e5nddrejet stent\u00f8j, som kan klare almindelig hverdagsbrug \u21d2 Se mere her.","og_url":"https:\/\/tibladin.dk\/nl\/product-2\/bord-marokkaanse-moenster-265-cm\/","og_site_name":"Tibladin","article_modified_time":"2025-05-24T12:38:10+00:00","og_image":[{"width":800,"height":800,"url":"https:\/\/tibladin.dk\/wp-content\/uploads\/2022\/09\/Tibladin_haandmalet-tallekern-1.jpg","type":"image\/jpeg"}],"twitter_card":"summary_large_image","twitter_misc":{"Geschatte leestijd":"2 minuten"},"schema":{"@context":"https:\/\/schema.org","@graph":[{"@type":"WebPage","@id":"https:\/\/tibladin.dk\/produkt\/tallerken-marokkansk-moenster-265-cm\/","url":"https:\/\/tibladin.dk\/produkt\/tallerken-marokkansk-moenster-265-cm\/","name":"Marokkaanse borden in Marokkaans patroon | Tibladin","isPartOf":{"@id":"https:\/\/tibladin.dk\/#website"},"primaryImageOfPage":{"@id":"https:\/\/tibladin.dk\/produkt\/tallerken-marokkansk-moenster-265-cm\/#primaryimage"},"image":{"@id":"https:\/\/tibladin.dk\/produkt\/tallerken-marokkansk-moenster-265-cm\/#primaryimage"},"thumbnailUrl":"https:\/\/tibladin.dk\/wp-content\/uploads\/2022\/09\/Tibladin_haandmalet-tallekern-1.jpg","datePublished":"2022-09-20T09:12:31+00:00","dateModified":"2025-05-24T12:38:10+00:00","description":"Marokkaanse keramische borden met een prachtig Marokkaans patroon. Met de hand gedraaid aardewerk, geschikt voor gewoon dagelijks gebruik \u21d2 Bekijk hier meer.","breadcrumb":{"@id":"https:\/\/tibladin.dk\/produkt\/tallerken-marokkansk-moenster-265-cm\/#breadcrumb"},"inLanguage":"nl-NL","potentialAction":[{"@type":"ReadAction","target":["https:\/\/tibladin.dk\/produkt\/tallerken-marokkansk-moenster-265-cm\/"]}]},{"@type":"ImageObject","inLanguage":"nl-NL","@id":"https:\/\/tibladin.dk\/produkt\/tallerken-marokkansk-moenster-265-cm\/#primaryimage","url":"https:\/\/tibladin.dk\/wp-content\/uploads\/2022\/09\/Tibladin_haandmalet-tallekern-1.jpg","contentUrl":"https:\/\/tibladin.dk\/wp-content\/uploads\/2022\/09\/Tibladin_haandmalet-tallekern-1.jpg","width":800,"height":800,"caption":"Marokkansk h\u00e5ndmalet tallerken"},{"@type":"BreadcrumbList","@id":"https:\/\/tibladin.dk\/produkt\/tallerken-marokkansk-moenster-265-cm\/#breadcrumb","itemListElement":[{"@type":"ListItem","position":1,"name":"Hjem","item":"https:\/\/tibladin.dk\/"},{"@type":"ListItem","position":2,"name":"Shop","item":"https:\/\/tibladin.dk\/shop\/"},{"@type":"ListItem","position":3,"name":"Tallerken marokkansk m\u00f8nster &#8211; 26,5 cm"}]},{"@type":"WebSite","@id":"https:\/\/tibladin.dk\/#website","url":"https:\/\/tibladin.dk\/","name":"Tibladin","description":"Tibladin","publisher":{"@id":"https:\/\/tibladin.dk\/#organization"},"potentialAction":[{"@type":"SearchAction","target":{"@type":"EntryPoint","urlTemplate":"https:\/\/tibladin.dk\/?s={search_term_string}"},"query-input":{"@type":"PropertyValueSpecification","valueRequired":true,"valueName":"search_term_string"}}],"inLanguage":"nl-NL"},{"@type":"Organization","@id":"https:\/\/tibladin.dk\/#organization","name":"Tibladin","url":"https:\/\/tibladin.dk\/","logo":{"@type":"ImageObject","inLanguage":"nl-NL","@id":"https:\/\/tibladin.dk\/#\/schema\/logo\/image\/","url":"https:\/\/tibladin.dk\/wp-content\/uploads\/2022\/09\/tibladin_logo.svg","contentUrl":"https:\/\/tibladin.dk\/wp-content\/uploads\/2022\/09\/tibladin_logo.svg","caption":"Tibladin"},"image":{"@id":"https:\/\/tibladin.dk\/#\/schema\/logo\/image\/"}}]}},"_links":{"self":[{"href":"https:\/\/tibladin.dk\/nl\/wp-json\/wp\/v2\/product\/1910","targetHints":{"allow":["GET"]}}],"collection":[{"href":"https:\/\/tibladin.dk\/nl\/wp-json\/wp\/v2\/product"}],"about":[{"href":"https:\/\/tibladin.dk\/nl\/wp-json\/wp\/v2\/types\/product"}],"wp:featuredmedia":[{"embeddable":true,"href":"https:\/\/tibladin.dk\/nl\/wp-json\/wp\/v2\/media\/1908"}],"wp:attachment":[{"href":"https:\/\/tibladin.dk\/nl\/wp-json\/wp\/v2\/media?parent=1910"}],"wp:term":[{"taxonomy":"product_brand","embeddable":true,"href":"https:\/\/tibladin.dk\/nl\/wp-json\/wp\/v2\/product_brand?post=1910"},{"taxonomy":"product_cat","embeddable":true,"href":"https:\/\/tibladin.dk\/nl\/wp-json\/wp\/v2\/product_cat?post=1910"},{"taxonomy":"product_tag","embeddable":true,"href":"https:\/\/tibladin.dk\/nl\/wp-json\/wp\/v2\/product_tag?post=1910"}],"curies":[{"name":"wp","href":"https:\/\/api.w.org\/{rel}","templated":true}]}}