{"id":2011,"date":"2022-09-20T11:13:12","date_gmt":"2022-09-20T09:13:12","guid":{"rendered":"https:\/\/tibladin.dk\/vare\/oekologisk-saeberulle-til-ophaeng-oriental-rose\/"},"modified":"2025-12-21T11:17:27","modified_gmt":"2025-12-21T10:17:27","slug":"biologische-zeeprol-voor-het-ophangen-van-oosterse-roos","status":"publish","type":"product","link":"https:\/\/tibladin.dk\/nl\/produkt\/oekologisk-saeberulle-til-ophaeng-oriental-rose\/","title":{"rendered":"Biologische zeeprol om ORIENTAL ROSE op te hangen"},"content":{"rendered":"<div class=\"wpb-content-wrapper\"><div class=\"vc_row wpb_row vc_row-fluid\"><div class=\"wpb_column vc_column_container vc_col-sm-4\"><div class=\"vc_column-inner\"><div class=\"wpb_wrapper\">\n\t<div class=\"wpb_video_widget wpb_content_element vc_clearfix   vc_video-aspect-ratio-169 vc_video-el-width-100 vc_video-align-left\" >\n\t\t<div class=\"wpb_wrapper\">\n\t\t\t\n\t\t\t<div class=\"wpb_video_wrapper\"><div class=\"video-container\"><iframe loading=\"lazy\" title=\"Marokkaanse zeep op rol om op te hangen\" src=\"https:\/\/player.vimeo.com\/video\/654514653?dnt=1&amp;app_id=122963\" width=\"174\" height=\"310\" frameborder=\"0\" allow=\"autoplay; fullscreen; picture-in-picture\"><\/iframe><\/div><\/div>\n\t\t<\/div>\n\t<\/div>\n<\/div><\/div><\/div><div class=\"wpb_column vc_column_container vc_col-sm-4\"><div class=\"vc_column-inner\"><div class=\"wpb_wrapper\"><h3 style=\"text-align: left\" class=\"vc_custom_heading vc_do_custom_heading\" >Onderhoud<\/h3>\n\t<div class=\"wpb_text_column wpb_content_element\" >\n\t\t<div class=\"wpb_wrapper\">\n\t\t\t<p>165 gram<span class=\"Apple-converted-space\">\u00a0<\/span><\/p>\n<p>Kan gebruikt worden op het gezicht, lichaam en handen en is goed voor de gevoelige huid.<\/p>\n\n\t\t<\/div>\n\t<\/div>\n<\/div><\/div><\/div><div class=\"wpb_column vc_column_container vc_col-sm-4\"><div class=\"vc_column-inner\"><div class=\"wpb_wrapper\"><h3 style=\"text-align: left\" class=\"vc_custom_heading vc_do_custom_heading\" >Het verhaal erachter<\/h3>\n\t<div class=\"wpb_text_column wpb_content_element\" >\n\t\t<div class=\"wpb_wrapper\">\n\t\t\t<p>Zepen van L&#039;art du bain die in 2004 in Marrakech zijn gemaakt en sinds 2016 in Nantes in Frankrijk worden geproduceerd.<span class=\"Apple-converted-space\">\u00a0<\/span><\/p>\n<p>Koudgeroerde zepen van natuurlijke ingredi\u00ebnten en appeloli\u00ebn uit Marokko, \u00e9\u00e9n voor \u00e9\u00e9n met de hand gevormd.<span class=\"Apple-converted-space\">\u00a0Een stevig stuk zeep is een goede manier om het plasticverbruik in het dagelijks leven te minimaliseren.<\/span><\/p>\n<p>Een ambachtelijke, zorgvuldige manier van zepen bereiden die een zeer fijne kwaliteit geeft. De zepen worden uitsluitend gemaakt van natuurlijke fijne ingredi\u00ebnten met respect voor het milieu. De techniek van het maken van koudgemengde zepen houdt in dat de zepen de natuurlijke glycerine en de natuurlijke oli\u00ebn behouden, die een meer vochtinbrengende zeep opleveren.<\/p>\n\n\t\t<\/div>\n\t<\/div>\n<\/div><\/div><\/div><\/div>\n<\/div>","protected":false},"excerpt":{"rendered":"<p>Zeeprol met mooie ophanging met decoratieve parels. Makkelijk op te hangen bij de wastafel of in de douchecabine. Wrijf je handen erover en laat de zeep schuimen. Zeer hygi\u00ebnisch omdat het door de ophanging gemakkelijker droogt.<\/p>\n<p>Oriental Rose heeft rozenblaadjes en patchouli met een heerlijke milde en delicate bloemengeur. Geschikt voor de gevoelige huid.<\/p>\n<p>165 gram<\/p>\n<p>Wordt geleverd in een biologisch katoenen zakje. Mooi cadeau-idee<\/p>\n<p>INGREDI\u00cbNTEN: biologische kokosolie, biologische palmolie, biologische olijfolie, natuurlijke glycerine die ontstaat bij koud roeren, biologische sheaboter, alo\u00eb vera, rozenblaadjes<\/p>","protected":false},"featured_media":2007,"template":"","meta":{"inline_featured_image":false},"product_brand":[],"product_cat":[27,103,104],"product_tag":[],"class_list":{"0":"post-2011","1":"product","2":"type-product","3":"status-publish","4":"has-post-thumbnail","6":"product_cat-diverse","7":"product_cat-personlig-pleje","8":"product_cat-saeber","10":"first","11":"instock","12":"taxable","13":"shipping-taxable","14":"purchasable","15":"product-type-simple"},"exclude_global_add_ons":false,"addons":[{"name":"Wilt u een cadeauverpakking?","type":"checkbox","position":0,"required":false,"title_format":"label","default":"","description_enable":false,"description":"","placeholder_enable":false,"placeholder":"","display":"images","restrictions_type":"any_text","adjust_price":false,"price":"","price_type":"flat_fee","restrictions":false,"min":"0","max":"0","options":[{"label":"Ja tak","price":"10","price_type":"flat_fee","image":11015,"visibility":true}],"id":1669646111}],"yoast_head":"<!-- This site is optimized with the Yoast SEO plugin v27.4 - https:\/\/yoast.com\/product\/yoast-seo-wordpress\/ -->\n<title>H\u00e5ndlavede marokkanske s\u00e6ber<\/title>\n<meta name=\"description\" content=\"L\u00e6kker marokkansk s\u00e6be p\u00e5 dekorativ rulle med oph\u00e6ng af naturlige ingredienser med en mild og eksklusiv duft. God til sart hud.\" \/>\n<meta name=\"robots\" content=\"index, follow, max-snippet:-1, max-image-preview:large, max-video-preview:-1\" \/>\n<link rel=\"canonical\" href=\"https:\/\/tibladin.dk\/nl\/product-2\/biologische-zeeprol-voor-het-ophangen-van-oosterse-roos\/\" \/>\n<meta property=\"og:locale\" content=\"nl_NL\" \/>\n<meta property=\"og:type\" content=\"article\" \/>\n<meta property=\"og:title\" content=\"H\u00e5ndlavede marokkanske s\u00e6ber\" \/>\n<meta property=\"og:description\" content=\"L\u00e6kker marokkansk s\u00e6be p\u00e5 dekorativ rulle med oph\u00e6ng af naturlige ingredienser med en mild og eksklusiv duft. God til sart hud.\" \/>\n<meta property=\"og:url\" content=\"https:\/\/tibladin.dk\/nl\/product-2\/biologische-zeeprol-voor-het-ophangen-van-oosterse-roos\/\" \/>\n<meta property=\"og:site_name\" content=\"Tibladin\" \/>\n<meta property=\"article:modified_time\" content=\"2025-12-21T10:17:27+00:00\" \/>\n<meta property=\"og:image\" content=\"https:\/\/tibladin.dk\/wp-content\/uploads\/2022\/09\/Empreinte-mauresque-sur-corde-Oriental-Rose_800x800-1.jpg\" \/>\n\t<meta property=\"og:image:width\" content=\"800\" \/>\n\t<meta property=\"og:image:height\" content=\"800\" \/>\n\t<meta property=\"og:image:type\" content=\"image\/jpeg\" \/>\n<meta name=\"twitter:card\" content=\"summary_large_image\" \/>\n<meta name=\"twitter:label1\" content=\"Geschatte leestijd\" \/>\n\t<meta name=\"twitter:data1\" content=\"2 minuten\" \/>\n<script type=\"application\/ld+json\" class=\"yoast-schema-graph\">{\"@context\":\"https:\\\/\\\/schema.org\",\"@graph\":[{\"@type\":\"WebPage\",\"@id\":\"https:\\\/\\\/tibladin.dk\\\/produkt\\\/oekologisk-saeberulle-til-ophaeng-oriental-rose\\\/\",\"url\":\"https:\\\/\\\/tibladin.dk\\\/produkt\\\/oekologisk-saeberulle-til-ophaeng-oriental-rose\\\/\",\"name\":\"H\u00e5ndlavede marokkanske s\u00e6ber\",\"isPartOf\":{\"@id\":\"https:\\\/\\\/tibladin.dk\\\/#website\"},\"primaryImageOfPage\":{\"@id\":\"https:\\\/\\\/tibladin.dk\\\/produkt\\\/oekologisk-saeberulle-til-ophaeng-oriental-rose\\\/#primaryimage\"},\"image\":{\"@id\":\"https:\\\/\\\/tibladin.dk\\\/produkt\\\/oekologisk-saeberulle-til-ophaeng-oriental-rose\\\/#primaryimage\"},\"thumbnailUrl\":\"https:\\\/\\\/tibladin.dk\\\/wp-content\\\/uploads\\\/2022\\\/09\\\/Empreinte-mauresque-sur-corde-Oriental-Rose_800x800-1.jpg\",\"datePublished\":\"2022-09-20T09:13:12+00:00\",\"dateModified\":\"2025-12-21T10:17:27+00:00\",\"description\":\"L\u00e6kker marokkansk s\u00e6be p\u00e5 dekorativ rulle med oph\u00e6ng af naturlige ingredienser med en mild og eksklusiv duft. God til sart hud.\",\"breadcrumb\":{\"@id\":\"https:\\\/\\\/tibladin.dk\\\/produkt\\\/oekologisk-saeberulle-til-ophaeng-oriental-rose\\\/#breadcrumb\"},\"inLanguage\":\"nl-NL\",\"potentialAction\":[{\"@type\":\"ReadAction\",\"target\":[\"https:\\\/\\\/tibladin.dk\\\/produkt\\\/oekologisk-saeberulle-til-ophaeng-oriental-rose\\\/\"]}]},{\"@type\":\"ImageObject\",\"inLanguage\":\"nl-NL\",\"@id\":\"https:\\\/\\\/tibladin.dk\\\/produkt\\\/oekologisk-saeberulle-til-ophaeng-oriental-rose\\\/#primaryimage\",\"url\":\"https:\\\/\\\/tibladin.dk\\\/wp-content\\\/uploads\\\/2022\\\/09\\\/Empreinte-mauresque-sur-corde-Oriental-Rose_800x800-1.jpg\",\"contentUrl\":\"https:\\\/\\\/tibladin.dk\\\/wp-content\\\/uploads\\\/2022\\\/09\\\/Empreinte-mauresque-sur-corde-Oriental-Rose_800x800-1.jpg\",\"width\":800,\"height\":800,\"caption\":\"brune L' Art du bain s\u00e6beruller som der er oph\u00e6ngt\"},{\"@type\":\"BreadcrumbList\",\"@id\":\"https:\\\/\\\/tibladin.dk\\\/produkt\\\/oekologisk-saeberulle-til-ophaeng-oriental-rose\\\/#breadcrumb\",\"itemListElement\":[{\"@type\":\"ListItem\",\"position\":1,\"name\":\"Hjem\",\"item\":\"https:\\\/\\\/tibladin.dk\\\/\"},{\"@type\":\"ListItem\",\"position\":2,\"name\":\"Shop\",\"item\":\"https:\\\/\\\/tibladin.dk\\\/shop\\\/\"},{\"@type\":\"ListItem\",\"position\":3,\"name\":\"\u00d8kologisk s\u00e6berulle til oph\u00e6ng ORIENTAL ROSE\"}]},{\"@type\":\"WebSite\",\"@id\":\"https:\\\/\\\/tibladin.dk\\\/#website\",\"url\":\"https:\\\/\\\/tibladin.dk\\\/\",\"name\":\"Tibladin\",\"description\":\"Tibladin\",\"publisher\":{\"@id\":\"https:\\\/\\\/tibladin.dk\\\/#organization\"},\"potentialAction\":[{\"@type\":\"SearchAction\",\"target\":{\"@type\":\"EntryPoint\",\"urlTemplate\":\"https:\\\/\\\/tibladin.dk\\\/?s={search_term_string}\"},\"query-input\":{\"@type\":\"PropertyValueSpecification\",\"valueRequired\":true,\"valueName\":\"search_term_string\"}}],\"inLanguage\":\"nl-NL\"},{\"@type\":\"Organization\",\"@id\":\"https:\\\/\\\/tibladin.dk\\\/#organization\",\"name\":\"Tibladin\",\"url\":\"https:\\\/\\\/tibladin.dk\\\/\",\"logo\":{\"@type\":\"ImageObject\",\"inLanguage\":\"nl-NL\",\"@id\":\"https:\\\/\\\/tibladin.dk\\\/#\\\/schema\\\/logo\\\/image\\\/\",\"url\":\"https:\\\/\\\/tibladin.dk\\\/wp-content\\\/uploads\\\/2022\\\/09\\\/tibladin_logo.svg\",\"contentUrl\":\"https:\\\/\\\/tibladin.dk\\\/wp-content\\\/uploads\\\/2022\\\/09\\\/tibladin_logo.svg\",\"caption\":\"Tibladin\"},\"image\":{\"@id\":\"https:\\\/\\\/tibladin.dk\\\/#\\\/schema\\\/logo\\\/image\\\/\"}}]}<\/script>\n<!-- \/ Yoast SEO plugin. -->","yoast_head_json":{"title":"Handgemaakte Marokkaanse zepen","description":"Heerlijke Marokkaanse zeep op een decoratieve rol met suspensie van natuurlijke ingredi\u00ebnten met een milde en exclusieve geur. Goed voor de gevoelige huid.","robots":{"index":"index","follow":"follow","max-snippet":"max-snippet:-1","max-image-preview":"max-image-preview:large","max-video-preview":"max-video-preview:-1"},"canonical":"https:\/\/tibladin.dk\/nl\/product-2\/biologische-zeeprol-voor-het-ophangen-van-oosterse-roos\/","og_locale":"nl_NL","og_type":"article","og_title":"H\u00e5ndlavede marokkanske s\u00e6ber","og_description":"L\u00e6kker marokkansk s\u00e6be p\u00e5 dekorativ rulle med oph\u00e6ng af naturlige ingredienser med en mild og eksklusiv duft. God til sart hud.","og_url":"https:\/\/tibladin.dk\/nl\/product-2\/biologische-zeeprol-voor-het-ophangen-van-oosterse-roos\/","og_site_name":"Tibladin","article_modified_time":"2025-12-21T10:17:27+00:00","og_image":[{"width":800,"height":800,"url":"https:\/\/tibladin.dk\/wp-content\/uploads\/2022\/09\/Empreinte-mauresque-sur-corde-Oriental-Rose_800x800-1.jpg","type":"image\/jpeg"}],"twitter_card":"summary_large_image","twitter_misc":{"Geschatte leestijd":"2 minuten"},"schema":{"@context":"https:\/\/schema.org","@graph":[{"@type":"WebPage","@id":"https:\/\/tibladin.dk\/produkt\/oekologisk-saeberulle-til-ophaeng-oriental-rose\/","url":"https:\/\/tibladin.dk\/produkt\/oekologisk-saeberulle-til-ophaeng-oriental-rose\/","name":"Handgemaakte Marokkaanse zepen","isPartOf":{"@id":"https:\/\/tibladin.dk\/#website"},"primaryImageOfPage":{"@id":"https:\/\/tibladin.dk\/produkt\/oekologisk-saeberulle-til-ophaeng-oriental-rose\/#primaryimage"},"image":{"@id":"https:\/\/tibladin.dk\/produkt\/oekologisk-saeberulle-til-ophaeng-oriental-rose\/#primaryimage"},"thumbnailUrl":"https:\/\/tibladin.dk\/wp-content\/uploads\/2022\/09\/Empreinte-mauresque-sur-corde-Oriental-Rose_800x800-1.jpg","datePublished":"2022-09-20T09:13:12+00:00","dateModified":"2025-12-21T10:17:27+00:00","description":"Heerlijke Marokkaanse zeep op een decoratieve rol met suspensie van natuurlijke ingredi\u00ebnten met een milde en exclusieve geur. Goed voor de gevoelige huid.","breadcrumb":{"@id":"https:\/\/tibladin.dk\/produkt\/oekologisk-saeberulle-til-ophaeng-oriental-rose\/#breadcrumb"},"inLanguage":"nl-NL","potentialAction":[{"@type":"ReadAction","target":["https:\/\/tibladin.dk\/produkt\/oekologisk-saeberulle-til-ophaeng-oriental-rose\/"]}]},{"@type":"ImageObject","inLanguage":"nl-NL","@id":"https:\/\/tibladin.dk\/produkt\/oekologisk-saeberulle-til-ophaeng-oriental-rose\/#primaryimage","url":"https:\/\/tibladin.dk\/wp-content\/uploads\/2022\/09\/Empreinte-mauresque-sur-corde-Oriental-Rose_800x800-1.jpg","contentUrl":"https:\/\/tibladin.dk\/wp-content\/uploads\/2022\/09\/Empreinte-mauresque-sur-corde-Oriental-Rose_800x800-1.jpg","width":800,"height":800,"caption":"brune L' Art du bain s\u00e6beruller som der er oph\u00e6ngt"},{"@type":"BreadcrumbList","@id":"https:\/\/tibladin.dk\/produkt\/oekologisk-saeberulle-til-ophaeng-oriental-rose\/#breadcrumb","itemListElement":[{"@type":"ListItem","position":1,"name":"Hjem","item":"https:\/\/tibladin.dk\/"},{"@type":"ListItem","position":2,"name":"Shop","item":"https:\/\/tibladin.dk\/shop\/"},{"@type":"ListItem","position":3,"name":"\u00d8kologisk s\u00e6berulle til oph\u00e6ng ORIENTAL ROSE"}]},{"@type":"WebSite","@id":"https:\/\/tibladin.dk\/#website","url":"https:\/\/tibladin.dk\/","name":"Tibladin","description":"Tibladin","publisher":{"@id":"https:\/\/tibladin.dk\/#organization"},"potentialAction":[{"@type":"SearchAction","target":{"@type":"EntryPoint","urlTemplate":"https:\/\/tibladin.dk\/?s={search_term_string}"},"query-input":{"@type":"PropertyValueSpecification","valueRequired":true,"valueName":"search_term_string"}}],"inLanguage":"nl-NL"},{"@type":"Organization","@id":"https:\/\/tibladin.dk\/#organization","name":"Tibladin","url":"https:\/\/tibladin.dk\/","logo":{"@type":"ImageObject","inLanguage":"nl-NL","@id":"https:\/\/tibladin.dk\/#\/schema\/logo\/image\/","url":"https:\/\/tibladin.dk\/wp-content\/uploads\/2022\/09\/tibladin_logo.svg","contentUrl":"https:\/\/tibladin.dk\/wp-content\/uploads\/2022\/09\/tibladin_logo.svg","caption":"Tibladin"},"image":{"@id":"https:\/\/tibladin.dk\/#\/schema\/logo\/image\/"}}]}},"_links":{"self":[{"href":"https:\/\/tibladin.dk\/nl\/wp-json\/wp\/v2\/product\/2011","targetHints":{"allow":["GET"]}}],"collection":[{"href":"https:\/\/tibladin.dk\/nl\/wp-json\/wp\/v2\/product"}],"about":[{"href":"https:\/\/tibladin.dk\/nl\/wp-json\/wp\/v2\/types\/product"}],"wp:featuredmedia":[{"embeddable":true,"href":"https:\/\/tibladin.dk\/nl\/wp-json\/wp\/v2\/media\/2007"}],"wp:attachment":[{"href":"https:\/\/tibladin.dk\/nl\/wp-json\/wp\/v2\/media?parent=2011"}],"wp:term":[{"taxonomy":"product_brand","embeddable":true,"href":"https:\/\/tibladin.dk\/nl\/wp-json\/wp\/v2\/product_brand?post=2011"},{"taxonomy":"product_cat","embeddable":true,"href":"https:\/\/tibladin.dk\/nl\/wp-json\/wp\/v2\/product_cat?post=2011"},{"taxonomy":"product_tag","embeddable":true,"href":"https:\/\/tibladin.dk\/nl\/wp-json\/wp\/v2\/product_tag?post=2011"}],"curies":[{"name":"wp","href":"https:\/\/api.w.org\/{rel}","templated":true}]}}