{"id":2024,"date":"2022-09-20T11:13:16","date_gmt":"2022-09-20T09:13:16","guid":{"rendered":"https:\/\/tibladin.dk\/vare\/oekologisk-bodyscrub-verveine-du-soir\/"},"modified":"2025-11-05T12:56:15","modified_gmt":"2025-11-05T11:56:15","slug":"biologische-bodyscrub-verveine-du-soir","status":"publish","type":"product","link":"https:\/\/tibladin.dk\/nl\/produkt\/oekologisk-bodyscrub-verveine-du-soir\/","title":{"rendered":"Biologische bodyscrub VERVEINE DU SOIR"},"content":{"rendered":"<div class=\"wpb-content-wrapper\"><div class=\"vc_row wpb_row vc_row-fluid\"><div class=\"wpb_column vc_column_container vc_col-sm-4\"><div class=\"vc_column-inner\"><div class=\"wpb_wrapper\"><\/div><\/div><\/div><div class=\"wpb_column vc_column_container vc_col-sm-4\"><div class=\"vc_column-inner\"><div class=\"wpb_wrapper\"><h3 style=\"text-align: left\" class=\"vc_custom_heading vc_do_custom_heading\" >Onderhoud<\/h3>\n\t<div class=\"wpb_text_column wpb_content_element\" >\n\t\t<div class=\"wpb_wrapper\">\n\t\t\t<p>250 gram<span class=\"Apple-converted-space\">\u00a0<\/span><\/p>\n<p>Maak de huid vochtig en masseer de bodyscrub in de huid. Reinig met water. Maakt de huid zijdezacht en heerlijk. Kan gebruikt worden op het lichaam, de handen en de lippen en is goed voor de gevoelige huid.<\/p>\n\n\t\t<\/div>\n\t<\/div>\n<\/div><\/div><\/div><div class=\"wpb_column vc_column_container vc_col-sm-4\"><div class=\"vc_column-inner\"><div class=\"wpb_wrapper\"><h3 style=\"text-align: left\" class=\"vc_custom_heading vc_do_custom_heading\" >Het verhaal erachter<\/h3>\n\t<div class=\"wpb_text_column wpb_content_element\" >\n\t\t<div class=\"wpb_wrapper\">\n\t\t\t<p>Zepen van L&#039;art du bain die in 2004 in Marrakech zijn gemaakt en sinds 2016 in Nantes in Frankrijk worden geproduceerd.<span class=\"Apple-converted-space\">\u00a0<\/span><\/p>\n<p>Koudgeroerde zepen van natuurlijke ingredi\u00ebnten en appeloli\u00ebn uit Marokko, \u00e9\u00e9n voor \u00e9\u00e9n met de hand gevormd.<span class=\"Apple-converted-space\">\u00a0Een stevig stuk zeep is een goede manier om het plasticverbruik in het dagelijks leven te minimaliseren.<\/span><\/p>\n<p>Een ambachtelijke, zorgvuldige manier van zepen bereiden die een zeer fijne kwaliteit geeft. De zepen worden uitsluitend gemaakt van natuurlijke fijne ingredi\u00ebnten met respect voor het milieu. De techniek van het maken van koudgemengde zepen houdt in dat de zepen de natuurlijke glycerine en de natuurlijke oli\u00ebn behouden, die een meer vochtinbrengende zeep opleveren.<\/p>\n\n\t\t<\/div>\n\t<\/div>\n<\/div><\/div><\/div><\/div>\n<\/div>","protected":false},"excerpt":{"rendered":"<p>VERVEINE DU SOIR<\/p>\n<p>Een ontzettend heerlijke milde bodyscrub met verveine\/verbena en met een klein vleugje bigarade. Geniet van het ontspannende effect van deze bodyscrub, een beetje zoals een liefdevolle welterustenthee.<\/p>\n<p>Goed voor een ontspannend avondbad. Masseer op een vochtige huid en spoel af met water. Laat uw huid zijdezacht en heerlijk achter.<\/p>\n<p>Suiker, biologische kokosolie, katoenzaadolie, abrikozenpitolie en geparfumeerd door de natuurlijke oli\u00ebn.<\/p>\n<p>Inci: Beta Vulgaris wortelextract, Cocos Nucifera, olie, Argania Spinosa kernelolie, Litsea Cubeba, fruitolie, Citrus Aurantium Amara bladolie, Citral*, Geraniol*, Linalool<\/p>\n<p>&nbsp;<\/p>","protected":false},"featured_media":2023,"template":"","meta":{"inline_featured_image":false},"product_brand":[],"product_cat":[105,27,103],"product_tag":[],"class_list":{"0":"post-2024","1":"product","2":"type-product","3":"status-publish","4":"has-post-thumbnail","6":"product_cat-bodyscrub","7":"product_cat-diverse","8":"product_cat-personlig-pleje","10":"first","11":"outofstock","12":"featured","13":"taxable","14":"shipping-taxable","15":"purchasable","16":"product-type-simple"},"exclude_global_add_ons":false,"addons":[{"name":"Wilt u een cadeauverpakking?","type":"checkbox","position":0,"required":false,"title_format":"label","default":"","description_enable":false,"description":"","placeholder_enable":false,"placeholder":"","display":"images","restrictions_type":"any_text","adjust_price":false,"price":"","price_type":"flat_fee","restrictions":false,"min":"0","max":"0","options":[{"label":"Ja tak","price":"10","price_type":"flat_fee","image":11015,"visibility":true}],"id":1669646111}],"yoast_head":"<!-- This site is optimized with the Yoast SEO plugin v27.4 - https:\/\/yoast.com\/product\/yoast-seo-wordpress\/ -->\n<title>H\u00e5ndlavet marokkansk sukker bodyscrub<\/title>\n<meta name=\"description\" content=\"Marokkansk Bodyscrub med sukker og \u00f8kologisk kokosolie- kun naturlige ingredienser. Efterlader huden silkebl\u00f8d l\u00e6kker.\" \/>\n<meta name=\"robots\" content=\"index, follow, max-snippet:-1, max-image-preview:large, max-video-preview:-1\" \/>\n<link rel=\"canonical\" href=\"https:\/\/tibladin.dk\/nl\/product-2\/biologische-bodyscrub-verveine-du-soir\/\" \/>\n<meta property=\"og:locale\" content=\"nl_NL\" \/>\n<meta property=\"og:type\" content=\"article\" \/>\n<meta property=\"og:title\" content=\"H\u00e5ndlavet marokkansk sukker bodyscrub\" \/>\n<meta property=\"og:description\" content=\"Marokkansk Bodyscrub med sukker og \u00f8kologisk kokosolie- kun naturlige ingredienser. Efterlader huden silkebl\u00f8d l\u00e6kker.\" \/>\n<meta property=\"og:url\" content=\"https:\/\/tibladin.dk\/nl\/product-2\/biologische-bodyscrub-verveine-du-soir\/\" \/>\n<meta property=\"og:site_name\" content=\"Tibladin\" \/>\n<meta property=\"article:modified_time\" content=\"2025-11-05T11:56:15+00:00\" \/>\n<meta property=\"og:image\" content=\"https:\/\/tibladin.dk\/wp-content\/uploads\/2022\/09\/gommage-verveine_800x800-1.jpg\" \/>\n\t<meta property=\"og:image:width\" content=\"800\" \/>\n\t<meta property=\"og:image:height\" content=\"800\" \/>\n\t<meta property=\"og:image:type\" content=\"image\/jpeg\" \/>\n<meta name=\"twitter:card\" content=\"summary_large_image\" \/>\n<meta name=\"twitter:label1\" content=\"Geschatte leestijd\" \/>\n\t<meta name=\"twitter:data1\" content=\"2 minuten\" \/>\n<script type=\"application\/ld+json\" class=\"yoast-schema-graph\">{\"@context\":\"https:\\\/\\\/schema.org\",\"@graph\":[{\"@type\":\"WebPage\",\"@id\":\"https:\\\/\\\/tibladin.dk\\\/produkt\\\/oekologisk-bodyscrub-verveine-du-soir\\\/\",\"url\":\"https:\\\/\\\/tibladin.dk\\\/produkt\\\/oekologisk-bodyscrub-verveine-du-soir\\\/\",\"name\":\"H\u00e5ndlavet marokkansk sukker bodyscrub\",\"isPartOf\":{\"@id\":\"https:\\\/\\\/tibladin.dk\\\/#website\"},\"primaryImageOfPage\":{\"@id\":\"https:\\\/\\\/tibladin.dk\\\/produkt\\\/oekologisk-bodyscrub-verveine-du-soir\\\/#primaryimage\"},\"image\":{\"@id\":\"https:\\\/\\\/tibladin.dk\\\/produkt\\\/oekologisk-bodyscrub-verveine-du-soir\\\/#primaryimage\"},\"thumbnailUrl\":\"https:\\\/\\\/tibladin.dk\\\/wp-content\\\/uploads\\\/2022\\\/09\\\/gommage-verveine_800x800-1.jpg\",\"datePublished\":\"2022-09-20T09:13:16+00:00\",\"dateModified\":\"2025-11-05T11:56:15+00:00\",\"description\":\"Marokkansk Bodyscrub med sukker og \u00f8kologisk kokosolie- kun naturlige ingredienser. Efterlader huden silkebl\u00f8d l\u00e6kker.\",\"breadcrumb\":{\"@id\":\"https:\\\/\\\/tibladin.dk\\\/produkt\\\/oekologisk-bodyscrub-verveine-du-soir\\\/#breadcrumb\"},\"inLanguage\":\"nl-NL\",\"potentialAction\":[{\"@type\":\"ReadAction\",\"target\":[\"https:\\\/\\\/tibladin.dk\\\/produkt\\\/oekologisk-bodyscrub-verveine-du-soir\\\/\"]}]},{\"@type\":\"ImageObject\",\"inLanguage\":\"nl-NL\",\"@id\":\"https:\\\/\\\/tibladin.dk\\\/produkt\\\/oekologisk-bodyscrub-verveine-du-soir\\\/#primaryimage\",\"url\":\"https:\\\/\\\/tibladin.dk\\\/wp-content\\\/uploads\\\/2022\\\/09\\\/gommage-verveine_800x800-1.jpg\",\"contentUrl\":\"https:\\\/\\\/tibladin.dk\\\/wp-content\\\/uploads\\\/2022\\\/09\\\/gommage-verveine_800x800-1.jpg\",\"width\":800,\"height\":800,\"caption\":\"L' Art du bain bodyscrub i verveine du soir variant\"},{\"@type\":\"BreadcrumbList\",\"@id\":\"https:\\\/\\\/tibladin.dk\\\/produkt\\\/oekologisk-bodyscrub-verveine-du-soir\\\/#breadcrumb\",\"itemListElement\":[{\"@type\":\"ListItem\",\"position\":1,\"name\":\"Hjem\",\"item\":\"https:\\\/\\\/tibladin.dk\\\/\"},{\"@type\":\"ListItem\",\"position\":2,\"name\":\"Shop\",\"item\":\"https:\\\/\\\/tibladin.dk\\\/shop\\\/\"},{\"@type\":\"ListItem\",\"position\":3,\"name\":\"\u00d8kologisk Bodyscrub VERVEINE DU SOIR\"}]},{\"@type\":\"WebSite\",\"@id\":\"https:\\\/\\\/tibladin.dk\\\/#website\",\"url\":\"https:\\\/\\\/tibladin.dk\\\/\",\"name\":\"Tibladin\",\"description\":\"Tibladin\",\"publisher\":{\"@id\":\"https:\\\/\\\/tibladin.dk\\\/#organization\"},\"potentialAction\":[{\"@type\":\"SearchAction\",\"target\":{\"@type\":\"EntryPoint\",\"urlTemplate\":\"https:\\\/\\\/tibladin.dk\\\/?s={search_term_string}\"},\"query-input\":{\"@type\":\"PropertyValueSpecification\",\"valueRequired\":true,\"valueName\":\"search_term_string\"}}],\"inLanguage\":\"nl-NL\"},{\"@type\":\"Organization\",\"@id\":\"https:\\\/\\\/tibladin.dk\\\/#organization\",\"name\":\"Tibladin\",\"url\":\"https:\\\/\\\/tibladin.dk\\\/\",\"logo\":{\"@type\":\"ImageObject\",\"inLanguage\":\"nl-NL\",\"@id\":\"https:\\\/\\\/tibladin.dk\\\/#\\\/schema\\\/logo\\\/image\\\/\",\"url\":\"https:\\\/\\\/tibladin.dk\\\/wp-content\\\/uploads\\\/2022\\\/09\\\/tibladin_logo.svg\",\"contentUrl\":\"https:\\\/\\\/tibladin.dk\\\/wp-content\\\/uploads\\\/2022\\\/09\\\/tibladin_logo.svg\",\"caption\":\"Tibladin\"},\"image\":{\"@id\":\"https:\\\/\\\/tibladin.dk\\\/#\\\/schema\\\/logo\\\/image\\\/\"}}]}<\/script>\n<!-- \/ Yoast SEO plugin. -->","yoast_head_json":{"title":"Handgemaakte Marokkaanse suikerbodyscrub","description":"Marokkaanse Bodyscrub met suiker en biologische kokosolie - uitsluitend natuurlijke ingredi\u00ebnten. Maakt de huid zijdezacht en heerlijk.","robots":{"index":"index","follow":"follow","max-snippet":"max-snippet:-1","max-image-preview":"max-image-preview:large","max-video-preview":"max-video-preview:-1"},"canonical":"https:\/\/tibladin.dk\/nl\/product-2\/biologische-bodyscrub-verveine-du-soir\/","og_locale":"nl_NL","og_type":"article","og_title":"H\u00e5ndlavet marokkansk sukker bodyscrub","og_description":"Marokkansk Bodyscrub med sukker og \u00f8kologisk kokosolie- kun naturlige ingredienser. Efterlader huden silkebl\u00f8d l\u00e6kker.","og_url":"https:\/\/tibladin.dk\/nl\/product-2\/biologische-bodyscrub-verveine-du-soir\/","og_site_name":"Tibladin","article_modified_time":"2025-11-05T11:56:15+00:00","og_image":[{"width":800,"height":800,"url":"https:\/\/tibladin.dk\/wp-content\/uploads\/2022\/09\/gommage-verveine_800x800-1.jpg","type":"image\/jpeg"}],"twitter_card":"summary_large_image","twitter_misc":{"Geschatte leestijd":"2 minuten"},"schema":{"@context":"https:\/\/schema.org","@graph":[{"@type":"WebPage","@id":"https:\/\/tibladin.dk\/produkt\/oekologisk-bodyscrub-verveine-du-soir\/","url":"https:\/\/tibladin.dk\/produkt\/oekologisk-bodyscrub-verveine-du-soir\/","name":"Handgemaakte Marokkaanse suikerbodyscrub","isPartOf":{"@id":"https:\/\/tibladin.dk\/#website"},"primaryImageOfPage":{"@id":"https:\/\/tibladin.dk\/produkt\/oekologisk-bodyscrub-verveine-du-soir\/#primaryimage"},"image":{"@id":"https:\/\/tibladin.dk\/produkt\/oekologisk-bodyscrub-verveine-du-soir\/#primaryimage"},"thumbnailUrl":"https:\/\/tibladin.dk\/wp-content\/uploads\/2022\/09\/gommage-verveine_800x800-1.jpg","datePublished":"2022-09-20T09:13:16+00:00","dateModified":"2025-11-05T11:56:15+00:00","description":"Marokkaanse Bodyscrub met suiker en biologische kokosolie - uitsluitend natuurlijke ingredi\u00ebnten. Maakt de huid zijdezacht en heerlijk.","breadcrumb":{"@id":"https:\/\/tibladin.dk\/produkt\/oekologisk-bodyscrub-verveine-du-soir\/#breadcrumb"},"inLanguage":"nl-NL","potentialAction":[{"@type":"ReadAction","target":["https:\/\/tibladin.dk\/produkt\/oekologisk-bodyscrub-verveine-du-soir\/"]}]},{"@type":"ImageObject","inLanguage":"nl-NL","@id":"https:\/\/tibladin.dk\/produkt\/oekologisk-bodyscrub-verveine-du-soir\/#primaryimage","url":"https:\/\/tibladin.dk\/wp-content\/uploads\/2022\/09\/gommage-verveine_800x800-1.jpg","contentUrl":"https:\/\/tibladin.dk\/wp-content\/uploads\/2022\/09\/gommage-verveine_800x800-1.jpg","width":800,"height":800,"caption":"L' Art du bain bodyscrub i verveine du soir variant"},{"@type":"BreadcrumbList","@id":"https:\/\/tibladin.dk\/produkt\/oekologisk-bodyscrub-verveine-du-soir\/#breadcrumb","itemListElement":[{"@type":"ListItem","position":1,"name":"Hjem","item":"https:\/\/tibladin.dk\/"},{"@type":"ListItem","position":2,"name":"Shop","item":"https:\/\/tibladin.dk\/shop\/"},{"@type":"ListItem","position":3,"name":"\u00d8kologisk Bodyscrub VERVEINE DU SOIR"}]},{"@type":"WebSite","@id":"https:\/\/tibladin.dk\/#website","url":"https:\/\/tibladin.dk\/","name":"Tibladin","description":"Tibladin","publisher":{"@id":"https:\/\/tibladin.dk\/#organization"},"potentialAction":[{"@type":"SearchAction","target":{"@type":"EntryPoint","urlTemplate":"https:\/\/tibladin.dk\/?s={search_term_string}"},"query-input":{"@type":"PropertyValueSpecification","valueRequired":true,"valueName":"search_term_string"}}],"inLanguage":"nl-NL"},{"@type":"Organization","@id":"https:\/\/tibladin.dk\/#organization","name":"Tibladin","url":"https:\/\/tibladin.dk\/","logo":{"@type":"ImageObject","inLanguage":"nl-NL","@id":"https:\/\/tibladin.dk\/#\/schema\/logo\/image\/","url":"https:\/\/tibladin.dk\/wp-content\/uploads\/2022\/09\/tibladin_logo.svg","contentUrl":"https:\/\/tibladin.dk\/wp-content\/uploads\/2022\/09\/tibladin_logo.svg","caption":"Tibladin"},"image":{"@id":"https:\/\/tibladin.dk\/#\/schema\/logo\/image\/"}}]}},"_links":{"self":[{"href":"https:\/\/tibladin.dk\/nl\/wp-json\/wp\/v2\/product\/2024","targetHints":{"allow":["GET"]}}],"collection":[{"href":"https:\/\/tibladin.dk\/nl\/wp-json\/wp\/v2\/product"}],"about":[{"href":"https:\/\/tibladin.dk\/nl\/wp-json\/wp\/v2\/types\/product"}],"wp:featuredmedia":[{"embeddable":true,"href":"https:\/\/tibladin.dk\/nl\/wp-json\/wp\/v2\/media\/2023"}],"wp:attachment":[{"href":"https:\/\/tibladin.dk\/nl\/wp-json\/wp\/v2\/media?parent=2024"}],"wp:term":[{"taxonomy":"product_brand","embeddable":true,"href":"https:\/\/tibladin.dk\/nl\/wp-json\/wp\/v2\/product_brand?post=2024"},{"taxonomy":"product_cat","embeddable":true,"href":"https:\/\/tibladin.dk\/nl\/wp-json\/wp\/v2\/product_cat?post=2024"},{"taxonomy":"product_tag","embeddable":true,"href":"https:\/\/tibladin.dk\/nl\/wp-json\/wp\/v2\/product_tag?post=2024"}],"curies":[{"name":"wp","href":"https:\/\/api.w.org\/{rel}","templated":true}]}}