{"id":2090,"date":"2022-09-20T11:13:42","date_gmt":"2022-09-20T09:13:42","guid":{"rendered":"https:\/\/tibladin.dk\/vare\/marokkansk-boucherouite-taeppe-palette-96x260\/"},"modified":"2025-05-03T18:43:00","modified_gmt":"2025-05-03T16:43:00","slug":"marokkaans-boucherouite-tapijtpalet-96x260","status":"publish","type":"product","link":"https:\/\/tibladin.dk\/nl\/produkt\/marokkansk-boucherouite-taeppe-palette-96x260\/","title":{"rendered":"Marokkaans Boucherouite-tapijt \u2013 PALETTE 96\u00d7260"},"content":{"rendered":"<div class=\"wpb-content-wrapper\"><div class=\"vc_row wpb_row vc_row-fluid\"><div class=\"wpb_column vc_column_container vc_col-sm-4\"><div class=\"vc_column-inner\"><div class=\"wpb_wrapper\"><\/div><\/div><\/div><div class=\"wpb_column vc_column_container vc_col-sm-4\"><div class=\"vc_column-inner\"><div class=\"wpb_wrapper\"><h3 style=\"text-align: left\" class=\"vc_custom_heading vc_do_custom_heading\" >Onderhoud<\/h3>\n\t<div class=\"wpb_text_column wpb_content_element\" >\n\t\t<div class=\"wpb_wrapper\">\n\t\t\t<p>Stofzuig het tapijt regelmatig en neem het mee naar buiten en schud het af en toe. Vlekken verwijdert u door de vlek zo snel mogelijk met een doek op te zuigen en vervolgens met een vochtige doek de vlek af te deppen. Het vloerkleed is gemaakt van restjes van verschillende materialen.<\/p>\n\n\t\t<\/div>\n\t<\/div>\n<\/div><\/div><\/div><div class=\"wpb_column vc_column_container vc_col-sm-4\"><div class=\"vc_column-inner\"><div class=\"wpb_wrapper\"><h3 style=\"text-align: left\" class=\"vc_custom_heading vc_do_custom_heading\" >Het verhaal erachter<\/h3>\n\t<div class=\"wpb_text_column wpb_content_element\" >\n\t\t<div class=\"wpb_wrapper\">\n\t\t\t<p>Tapijten decoreren, zorgen voor gezelligheid en warmte en zijn bovendien geluidsabsorberend.<\/p>\n<p>Boucherouite-tapijten worden geweven van stofresten van kleding en textiel en de Berbervrouwen geven ze een nieuw leven in een artistiek tapijt. Alle tapijten zijn unieke en kleine kunstwerken op zich. De naam Boucherouite komt van Bouts de chiffons, wat stofresten betekent. In een Boucherouite-tapijt worden veel soorten materialen gebruikt: katoen, nylon, wol, kant, tule, enz.<span class=\"Apple-converted-space\">\u00a0 <\/span>Elk stukje stof wordt stuk voor stuk bevestigd met een speciale techniek. Deze techniek wordt van generatie op generatie doorgegeven van moeder op dochter. Het kenmerk van Boucherouite-tapijten is dat ze kleurrijk en tot nadenken stemmend zijn. Ze geven een warme en kleurrijke toets aan het interieur en zijn wereldwijd zeer populair geworden onder interieurliefhebbers. De meest voorkomende maat is ca. 100\u00d7170 cm. De kleinere vloerkleden worden ook gebruikt als wanddecoratie met\/of zonder frame.<span class=\"Apple-converted-space\">\u00a0<\/span><\/p>\n<p>Ontdek de Boucherouite-tapijten bij Tibladin en vind uw favoriet!<\/p>\n\n\t\t<\/div>\n\t<\/div>\n<\/div><\/div><\/div><\/div>\n<\/div>","protected":false},"excerpt":{"rendered":"<p>Boucherouite vloerkleed PALETTE meet 96\u00d7260. Dit tapijt is perfect in een hal of om een kale vloer op te breken, bijvoorbeeld tussen de keuken en de familiekamer\/woonkamer.<\/p>\n<p>Het vloerkleed voor de dapperen! Als je gek wilt doen met de kleuren en verrassingen in je interieur, dan is dit vloerkleed perfect. Het is zo&#039;n krachtige ervaring en is naar mijn mening een van de mooiste vloerkleden.<\/p>\n<p>Zoek een element in je interieur dat past bij \u00e9\u00e9n van de kleurtonen in het tapijt en cre\u00eber zo samenhang in je interieur.<\/p>\n<p>De charme van Boucherouite-tapijten zijn de kleine vertekeningen en ongelijke randen. Onmogelijk om twee Boucherouite-tapijten te vinden die hetzelfde zijn.<\/p>\n<p>Duurzame tapijten, handgemaakt van kleding en stofresten. Het kenmerk van Boucherouite-tapijten is dat ze kleurrijk en tot nadenken stemmend zijn. Ze geven een warme en kleurrijke toets aan het interieur en zijn wereldwijd zeer populair geworden onder interieurliefhebbers.<\/p>\n<p>Ontdek de Boucherouite-tapijten bij Tibladin en vind uw favoriet!<\/p>\n<p>&nbsp;<\/p>","protected":false},"featured_media":2085,"template":"","meta":{"inline_featured_image":false},"product_brand":[],"product_cat":[94,59],"product_tag":[],"class_list":{"0":"post-2090","1":"product","2":"type-product","3":"status-publish","4":"has-post-thumbnail","6":"product_cat-boucherouite","7":"product_cat-marokkanske-taepper","9":"first","10":"instock","11":"sold-individually","12":"taxable","13":"shipping-taxable","14":"purchasable","15":"product-type-simple"},"exclude_global_add_ons":[],"addons":[],"yoast_head":"<!-- This site is optimized with the Yoast SEO plugin v27.5 - https:\/\/yoast.com\/product\/yoast-seo-wordpress\/ -->\n<title>Marokkansk Boucherouite t\u00e6ppe - PALETTE 96x260- Tibladin<\/title>\n<meta name=\"description\" content=\"H\u00e5ndv\u00e6vet marokkansk Boucherouite t\u00e6ppe. Det b\u00e6redygtige t\u00e6ppe, h\u00e5ndlavet af stofrester der f\u00e5r et nyt liv i et kunstnerisk unika t\u00e6ppe.\" \/>\n<meta name=\"robots\" content=\"index, follow, max-snippet:-1, max-image-preview:large, max-video-preview:-1\" \/>\n<link rel=\"canonical\" href=\"https:\/\/tibladin.dk\/nl\/product-2\/marokkaans-boucherouite-tapijtpalet-96x260\/\" \/>\n<meta property=\"og:locale\" content=\"nl_NL\" \/>\n<meta property=\"og:type\" content=\"article\" \/>\n<meta property=\"og:title\" content=\"Marokkansk Boucherouite t\u00e6ppe - PALETTE 96x260- Tibladin\" \/>\n<meta property=\"og:description\" content=\"H\u00e5ndv\u00e6vet marokkansk Boucherouite t\u00e6ppe. Det b\u00e6redygtige t\u00e6ppe, h\u00e5ndlavet af stofrester der f\u00e5r et nyt liv i et kunstnerisk unika t\u00e6ppe.\" \/>\n<meta property=\"og:url\" content=\"https:\/\/tibladin.dk\/nl\/product-2\/marokkaans-boucherouite-tapijtpalet-96x260\/\" \/>\n<meta property=\"og:site_name\" content=\"Tibladin\" \/>\n<meta property=\"article:modified_time\" content=\"2025-05-03T16:43:00+00:00\" \/>\n<meta property=\"og:image\" content=\"https:\/\/tibladin.dk\/wp-content\/uploads\/2022\/09\/Tibladin_Palette-1.jpg\" \/>\n\t<meta property=\"og:image:width\" content=\"800\" \/>\n\t<meta property=\"og:image:height\" content=\"800\" \/>\n\t<meta property=\"og:image:type\" content=\"image\/jpeg\" \/>\n<meta name=\"twitter:card\" content=\"summary_large_image\" \/>\n<meta name=\"twitter:label1\" content=\"Geschatte leestijd\" \/>\n\t<meta name=\"twitter:data1\" content=\"2 minuten\" \/>\n<script type=\"application\/ld+json\" class=\"yoast-schema-graph\">{\"@context\":\"https:\\\/\\\/schema.org\",\"@graph\":[{\"@type\":\"WebPage\",\"@id\":\"https:\\\/\\\/tibladin.dk\\\/produkt\\\/marokkansk-boucherouite-taeppe-palette-96x260\\\/\",\"url\":\"https:\\\/\\\/tibladin.dk\\\/produkt\\\/marokkansk-boucherouite-taeppe-palette-96x260\\\/\",\"name\":\"Marokkansk Boucherouite t\u00e6ppe - PALETTE 96x260- Tibladin\",\"isPartOf\":{\"@id\":\"https:\\\/\\\/tibladin.dk\\\/#website\"},\"primaryImageOfPage\":{\"@id\":\"https:\\\/\\\/tibladin.dk\\\/produkt\\\/marokkansk-boucherouite-taeppe-palette-96x260\\\/#primaryimage\"},\"image\":{\"@id\":\"https:\\\/\\\/tibladin.dk\\\/produkt\\\/marokkansk-boucherouite-taeppe-palette-96x260\\\/#primaryimage\"},\"thumbnailUrl\":\"https:\\\/\\\/tibladin.dk\\\/wp-content\\\/uploads\\\/2022\\\/09\\\/Tibladin_Palette-1.jpg\",\"datePublished\":\"2022-09-20T09:13:42+00:00\",\"dateModified\":\"2025-05-03T16:43:00+00:00\",\"description\":\"H\u00e5ndv\u00e6vet marokkansk Boucherouite t\u00e6ppe. Det b\u00e6redygtige t\u00e6ppe, h\u00e5ndlavet af stofrester der f\u00e5r et nyt liv i et kunstnerisk unika t\u00e6ppe.\",\"breadcrumb\":{\"@id\":\"https:\\\/\\\/tibladin.dk\\\/produkt\\\/marokkansk-boucherouite-taeppe-palette-96x260\\\/#breadcrumb\"},\"inLanguage\":\"nl-NL\",\"potentialAction\":[{\"@type\":\"ReadAction\",\"target\":[\"https:\\\/\\\/tibladin.dk\\\/produkt\\\/marokkansk-boucherouite-taeppe-palette-96x260\\\/\"]}]},{\"@type\":\"ImageObject\",\"inLanguage\":\"nl-NL\",\"@id\":\"https:\\\/\\\/tibladin.dk\\\/produkt\\\/marokkansk-boucherouite-taeppe-palette-96x260\\\/#primaryimage\",\"url\":\"https:\\\/\\\/tibladin.dk\\\/wp-content\\\/uploads\\\/2022\\\/09\\\/Tibladin_Palette-1.jpg\",\"contentUrl\":\"https:\\\/\\\/tibladin.dk\\\/wp-content\\\/uploads\\\/2022\\\/09\\\/Tibladin_Palette-1.jpg\",\"width\":800,\"height\":800,\"caption\":\"H\u00e5ndv\u00e6vet boucherouite t\u00e6ppe i flerfarvet diamant m\u00f8nster, fra oven\"},{\"@type\":\"BreadcrumbList\",\"@id\":\"https:\\\/\\\/tibladin.dk\\\/produkt\\\/marokkansk-boucherouite-taeppe-palette-96x260\\\/#breadcrumb\",\"itemListElement\":[{\"@type\":\"ListItem\",\"position\":1,\"name\":\"Hjem\",\"item\":\"https:\\\/\\\/tibladin.dk\\\/\"},{\"@type\":\"ListItem\",\"position\":2,\"name\":\"Shop\",\"item\":\"https:\\\/\\\/tibladin.dk\\\/shop\\\/\"},{\"@type\":\"ListItem\",\"position\":3,\"name\":\"Marokkansk Boucherouite t\u00e6ppe &#8211; PALETTE 96&#215;260\"}]},{\"@type\":\"WebSite\",\"@id\":\"https:\\\/\\\/tibladin.dk\\\/#website\",\"url\":\"https:\\\/\\\/tibladin.dk\\\/\",\"name\":\"Tibladin\",\"description\":\"Tibladin\",\"publisher\":{\"@id\":\"https:\\\/\\\/tibladin.dk\\\/#organization\"},\"potentialAction\":[{\"@type\":\"SearchAction\",\"target\":{\"@type\":\"EntryPoint\",\"urlTemplate\":\"https:\\\/\\\/tibladin.dk\\\/?s={search_term_string}\"},\"query-input\":{\"@type\":\"PropertyValueSpecification\",\"valueRequired\":true,\"valueName\":\"search_term_string\"}}],\"inLanguage\":\"nl-NL\"},{\"@type\":\"Organization\",\"@id\":\"https:\\\/\\\/tibladin.dk\\\/#organization\",\"name\":\"Tibladin\",\"url\":\"https:\\\/\\\/tibladin.dk\\\/\",\"logo\":{\"@type\":\"ImageObject\",\"inLanguage\":\"nl-NL\",\"@id\":\"https:\\\/\\\/tibladin.dk\\\/#\\\/schema\\\/logo\\\/image\\\/\",\"url\":\"https:\\\/\\\/tibladin.dk\\\/wp-content\\\/uploads\\\/2022\\\/09\\\/tibladin_logo.svg\",\"contentUrl\":\"https:\\\/\\\/tibladin.dk\\\/wp-content\\\/uploads\\\/2022\\\/09\\\/tibladin_logo.svg\",\"caption\":\"Tibladin\"},\"image\":{\"@id\":\"https:\\\/\\\/tibladin.dk\\\/#\\\/schema\\\/logo\\\/image\\\/\"}}]}<\/script>\n<!-- \/ Yoast SEO plugin. -->","yoast_head_json":{"title":"Marokkaans Boucherouite-tapijt - PALETTE 96x260- Tibladin","description":"Handgeweven Marokkaans Boucherouite-tapijt. Het duurzame tapijt, handgemaakt van stofresten, dat een nieuw leven krijgt in een artistiek uniek tapijt.","robots":{"index":"index","follow":"follow","max-snippet":"max-snippet:-1","max-image-preview":"max-image-preview:large","max-video-preview":"max-video-preview:-1"},"canonical":"https:\/\/tibladin.dk\/nl\/product-2\/marokkaans-boucherouite-tapijtpalet-96x260\/","og_locale":"nl_NL","og_type":"article","og_title":"Marokkansk Boucherouite t\u00e6ppe - PALETTE 96x260- Tibladin","og_description":"H\u00e5ndv\u00e6vet marokkansk Boucherouite t\u00e6ppe. Det b\u00e6redygtige t\u00e6ppe, h\u00e5ndlavet af stofrester der f\u00e5r et nyt liv i et kunstnerisk unika t\u00e6ppe.","og_url":"https:\/\/tibladin.dk\/nl\/product-2\/marokkaans-boucherouite-tapijtpalet-96x260\/","og_site_name":"Tibladin","article_modified_time":"2025-05-03T16:43:00+00:00","og_image":[{"width":800,"height":800,"url":"https:\/\/tibladin.dk\/wp-content\/uploads\/2022\/09\/Tibladin_Palette-1.jpg","type":"image\/jpeg"}],"twitter_card":"summary_large_image","twitter_misc":{"Geschatte leestijd":"2 minuten"},"schema":{"@context":"https:\/\/schema.org","@graph":[{"@type":"WebPage","@id":"https:\/\/tibladin.dk\/produkt\/marokkansk-boucherouite-taeppe-palette-96x260\/","url":"https:\/\/tibladin.dk\/produkt\/marokkansk-boucherouite-taeppe-palette-96x260\/","name":"Marokkaans Boucherouite-tapijt - PALETTE 96x260- Tibladin","isPartOf":{"@id":"https:\/\/tibladin.dk\/#website"},"primaryImageOfPage":{"@id":"https:\/\/tibladin.dk\/produkt\/marokkansk-boucherouite-taeppe-palette-96x260\/#primaryimage"},"image":{"@id":"https:\/\/tibladin.dk\/produkt\/marokkansk-boucherouite-taeppe-palette-96x260\/#primaryimage"},"thumbnailUrl":"https:\/\/tibladin.dk\/wp-content\/uploads\/2022\/09\/Tibladin_Palette-1.jpg","datePublished":"2022-09-20T09:13:42+00:00","dateModified":"2025-05-03T16:43:00+00:00","description":"Handgeweven Marokkaans Boucherouite-tapijt. Het duurzame tapijt, handgemaakt van stofresten, dat een nieuw leven krijgt in een artistiek uniek tapijt.","breadcrumb":{"@id":"https:\/\/tibladin.dk\/produkt\/marokkansk-boucherouite-taeppe-palette-96x260\/#breadcrumb"},"inLanguage":"nl-NL","potentialAction":[{"@type":"ReadAction","target":["https:\/\/tibladin.dk\/produkt\/marokkansk-boucherouite-taeppe-palette-96x260\/"]}]},{"@type":"ImageObject","inLanguage":"nl-NL","@id":"https:\/\/tibladin.dk\/produkt\/marokkansk-boucherouite-taeppe-palette-96x260\/#primaryimage","url":"https:\/\/tibladin.dk\/wp-content\/uploads\/2022\/09\/Tibladin_Palette-1.jpg","contentUrl":"https:\/\/tibladin.dk\/wp-content\/uploads\/2022\/09\/Tibladin_Palette-1.jpg","width":800,"height":800,"caption":"H\u00e5ndv\u00e6vet boucherouite t\u00e6ppe i flerfarvet diamant m\u00f8nster, fra oven"},{"@type":"BreadcrumbList","@id":"https:\/\/tibladin.dk\/produkt\/marokkansk-boucherouite-taeppe-palette-96x260\/#breadcrumb","itemListElement":[{"@type":"ListItem","position":1,"name":"Hjem","item":"https:\/\/tibladin.dk\/"},{"@type":"ListItem","position":2,"name":"Shop","item":"https:\/\/tibladin.dk\/shop\/"},{"@type":"ListItem","position":3,"name":"Marokkansk Boucherouite t\u00e6ppe &#8211; PALETTE 96&#215;260"}]},{"@type":"WebSite","@id":"https:\/\/tibladin.dk\/#website","url":"https:\/\/tibladin.dk\/","name":"Tibladin","description":"Tibladin","publisher":{"@id":"https:\/\/tibladin.dk\/#organization"},"potentialAction":[{"@type":"SearchAction","target":{"@type":"EntryPoint","urlTemplate":"https:\/\/tibladin.dk\/?s={search_term_string}"},"query-input":{"@type":"PropertyValueSpecification","valueRequired":true,"valueName":"search_term_string"}}],"inLanguage":"nl-NL"},{"@type":"Organization","@id":"https:\/\/tibladin.dk\/#organization","name":"Tibladin","url":"https:\/\/tibladin.dk\/","logo":{"@type":"ImageObject","inLanguage":"nl-NL","@id":"https:\/\/tibladin.dk\/#\/schema\/logo\/image\/","url":"https:\/\/tibladin.dk\/wp-content\/uploads\/2022\/09\/tibladin_logo.svg","contentUrl":"https:\/\/tibladin.dk\/wp-content\/uploads\/2022\/09\/tibladin_logo.svg","caption":"Tibladin"},"image":{"@id":"https:\/\/tibladin.dk\/#\/schema\/logo\/image\/"}}]}},"_links":{"self":[{"href":"https:\/\/tibladin.dk\/nl\/wp-json\/wp\/v2\/product\/2090","targetHints":{"allow":["GET"]}}],"collection":[{"href":"https:\/\/tibladin.dk\/nl\/wp-json\/wp\/v2\/product"}],"about":[{"href":"https:\/\/tibladin.dk\/nl\/wp-json\/wp\/v2\/types\/product"}],"wp:featuredmedia":[{"embeddable":true,"href":"https:\/\/tibladin.dk\/nl\/wp-json\/wp\/v2\/media\/2085"}],"wp:attachment":[{"href":"https:\/\/tibladin.dk\/nl\/wp-json\/wp\/v2\/media?parent=2090"}],"wp:term":[{"taxonomy":"product_brand","embeddable":true,"href":"https:\/\/tibladin.dk\/nl\/wp-json\/wp\/v2\/product_brand?post=2090"},{"taxonomy":"product_cat","embeddable":true,"href":"https:\/\/tibladin.dk\/nl\/wp-json\/wp\/v2\/product_cat?post=2090"},{"taxonomy":"product_tag","embeddable":true,"href":"https:\/\/tibladin.dk\/nl\/wp-json\/wp\/v2\/product_tag?post=2090"}],"curies":[{"name":"wp","href":"https:\/\/api.w.org\/{rel}","templated":true}]}}