{"id":2297,"date":"2022-09-20T11:15:01","date_gmt":"2022-09-20T09:15:01","guid":{"rendered":"https:\/\/tibladin.dk\/?post_type=product&#038;p=2297"},"modified":"2024-12-09T14:28:40","modified_gmt":"2024-12-09T13:28:40","slug":"kussen-safi-in-donkerbruin","status":"publish","type":"product","link":"https:\/\/tibladin.dk\/nl\/produkt\/pude-safi-i-moerk-brun\/","title":{"rendered":"Kussen SAFI in donkerbruin"},"content":{"rendered":"<div class=\"wpb-content-wrapper\"><div class=\"vc_row wpb_row vc_row-fluid\"><div class=\"wpb_column vc_column_container vc_col-sm-4\"><div class=\"vc_column-inner\"><div class=\"wpb_wrapper\"><\/div><\/div><\/div><div class=\"wpb_column vc_column_container vc_col-sm-4\"><div class=\"vc_column-inner\"><div class=\"wpb_wrapper\"><h3 style=\"text-align: left\" class=\"vc_custom_heading vc_do_custom_heading\" >Onderhoud<\/h3>\n\t<div class=\"wpb_text_column wpb_content_element\" >\n\t\t<div class=\"wpb_wrapper\">\n\t\t\t<p>De kussenslopen zijn van katoen met details van wol. Kan in de machine gewassen worden op 30 graden.<\/p>\n\n\t\t<\/div>\n\t<\/div>\n<\/div><\/div><\/div><div class=\"wpb_column vc_column_container vc_col-sm-4\"><div class=\"vc_column-inner\"><div class=\"wpb_wrapper\"><h3 style=\"text-align: left\" class=\"vc_custom_heading vc_do_custom_heading\" >Het verhaal erachter<\/h3>\n\t<div class=\"wpb_text_column wpb_content_element\" >\n\t\t<div class=\"wpb_wrapper\">\n\t\t\t<p>Deze handgemaakte katoenen kussenhoezen hebben prachtige details in witte, lichte en donkerrode wol. De details geven de kussenhoes een mooie, zachte en elegante uitstraling. De contrasterende kleuren en de spannende materialen en patronen combineren twee werelden. Hier ontmoet Scandinavisch minimalisme Marokkaanse patronen en vakmanschap. De hoezen zijn voorzien van een stevige ritssluiting waardoor ze gemakkelijk afneembaar zijn en gewassen kunnen worden op 30 graden.<\/p>\n<p>De hoezen zijn geschikt voor 50 x 40 of 60 x 50 cm. montagepads, afhankelijk van hoe vol je ze wilt hebben.<\/p>\n\n\t\t<\/div>\n\t<\/div>\n<\/div><\/div><\/div><\/div>\n<\/div>","protected":false},"excerpt":{"rendered":"<p>Handgemaakte kussenhoezen van katoen met mooie details van wol. Achterkant van effen donker katoen. De gekleurde details op de donkere achtergrond geven een spannende, contrasterende uitstraling en zijn perfect voor op de bank, fauteuil of bed. De kussens zijn ook perfect voor het Scandinavische huis, omdat ze prachtige Marokkaanse patronen combineren met Scandinavische eenvoud.<\/p>\n<p>De hoes meet ca. 50 x 40. Geschikt voor 50 x 40 of 60 x 50 cm. kussens ophangen, afhankelijk van hoe vol je het kussen wilt hebben.<\/p>\n<p>De kussenhoezen worden zonder kussens geleverd, maar er kan wel een montagekussen bijgekocht worden.<\/p>\n<p>&nbsp;<\/p>\n<p>&nbsp;<\/p>","protected":false},"featured_media":2359,"template":"","meta":{"inline_featured_image":false},"product_brand":[],"product_cat":[66,37],"product_tag":[],"class_list":{"0":"post-2297","1":"product","2":"type-product","3":"status-publish","4":"has-post-thumbnail","6":"product_cat-pudebetraek","7":"product_cat-tekstiler","9":"first","10":"instock","11":"taxable","12":"shipping-taxable","13":"purchasable","14":"product-type-variable"},"exclude_global_add_ons":false,"addons":[{"name":"Wilt u een cadeauverpakking?","type":"checkbox","position":0,"required":false,"title_format":"label","default":"","description_enable":false,"description":"","placeholder_enable":false,"placeholder":"","display":"images","restrictions_type":"any_text","adjust_price":false,"price":"","price_type":"flat_fee","restrictions":false,"min":"0","max":"0","options":[{"label":"Ja tak","price":"10","price_type":"flat_fee","image":11015,"visibility":true}],"id":1669646111}],"yoast_head":"<!-- This site is optimized with the Yoast SEO plugin v27.5 - https:\/\/yoast.com\/product\/yoast-seo-wordpress\/ -->\n<title>Marokkansk pude i bomuld | H\u00e5ndlavet i Marrakech | Tibladin<\/title>\n<meta name=\"description\" content=\"H\u00e5ndlavet pude i m\u00f8rk bomuld med detaljer i lys eller r\u00f8d uld. Passer til 50x40 eller 60x50 cm puder, alt efter hvor fyldig du \u00f8nsker din pude.\" \/>\n<meta name=\"robots\" content=\"index, follow, max-snippet:-1, max-image-preview:large, max-video-preview:-1\" \/>\n<link rel=\"canonical\" href=\"https:\/\/tibladin.dk\/nl\/product-2\/kussen-safi-in-donkerbruin\/\" \/>\n<meta property=\"og:locale\" content=\"nl_NL\" \/>\n<meta property=\"og:type\" content=\"article\" \/>\n<meta property=\"og:title\" content=\"Marokkansk pude i bomuld | H\u00e5ndlavet i Marrakech | Tibladin\" \/>\n<meta property=\"og:description\" content=\"H\u00e5ndlavet pude i m\u00f8rk bomuld med detaljer i lys eller r\u00f8d uld. Passer til 50x40 eller 60x50 cm puder, alt efter hvor fyldig du \u00f8nsker din pude.\" \/>\n<meta property=\"og:url\" content=\"https:\/\/tibladin.dk\/nl\/product-2\/kussen-safi-in-donkerbruin\/\" \/>\n<meta property=\"og:site_name\" content=\"Tibladin\" \/>\n<meta property=\"article:modified_time\" content=\"2024-12-09T13:28:40+00:00\" \/>\n<meta property=\"og:image\" content=\"https:\/\/tibladin.dk\/wp-content\/uploads\/2022\/09\/Safi-pudebetraek-LS3-1-1.jpg\" \/>\n\t<meta property=\"og:image:width\" content=\"800\" \/>\n\t<meta property=\"og:image:height\" content=\"800\" \/>\n\t<meta property=\"og:image:type\" content=\"image\/jpeg\" \/>\n<meta name=\"twitter:card\" content=\"summary_large_image\" \/>\n<meta name=\"twitter:label1\" content=\"Geschatte leestijd\" \/>\n\t<meta name=\"twitter:data1\" content=\"1 minuut\" \/>\n<script type=\"application\/ld+json\" class=\"yoast-schema-graph\">{\"@context\":\"https:\\\/\\\/schema.org\",\"@graph\":[{\"@type\":\"WebPage\",\"@id\":\"https:\\\/\\\/tibladin.dk\\\/produkt\\\/pude-safi-i-moerk-brun\\\/\",\"url\":\"https:\\\/\\\/tibladin.dk\\\/produkt\\\/pude-safi-i-moerk-brun\\\/\",\"name\":\"Marokkansk pude i bomuld | H\u00e5ndlavet i Marrakech | Tibladin\",\"isPartOf\":{\"@id\":\"https:\\\/\\\/tibladin.dk\\\/#website\"},\"primaryImageOfPage\":{\"@id\":\"https:\\\/\\\/tibladin.dk\\\/produkt\\\/pude-safi-i-moerk-brun\\\/#primaryimage\"},\"image\":{\"@id\":\"https:\\\/\\\/tibladin.dk\\\/produkt\\\/pude-safi-i-moerk-brun\\\/#primaryimage\"},\"thumbnailUrl\":\"https:\\\/\\\/tibladin.dk\\\/wp-content\\\/uploads\\\/2022\\\/09\\\/Safi-pudebetraek-LS3-1-1.jpg\",\"datePublished\":\"2022-09-20T09:15:01+00:00\",\"dateModified\":\"2024-12-09T13:28:40+00:00\",\"description\":\"H\u00e5ndlavet pude i m\u00f8rk bomuld med detaljer i lys eller r\u00f8d uld. Passer til 50x40 eller 60x50 cm puder, alt efter hvor fyldig du \u00f8nsker din pude.\",\"breadcrumb\":{\"@id\":\"https:\\\/\\\/tibladin.dk\\\/produkt\\\/pude-safi-i-moerk-brun\\\/#breadcrumb\"},\"inLanguage\":\"nl-NL\",\"potentialAction\":[{\"@type\":\"ReadAction\",\"target\":[\"https:\\\/\\\/tibladin.dk\\\/produkt\\\/pude-safi-i-moerk-brun\\\/\"]}]},{\"@type\":\"ImageObject\",\"inLanguage\":\"nl-NL\",\"@id\":\"https:\\\/\\\/tibladin.dk\\\/produkt\\\/pude-safi-i-moerk-brun\\\/#primaryimage\",\"url\":\"https:\\\/\\\/tibladin.dk\\\/wp-content\\\/uploads\\\/2022\\\/09\\\/Safi-pudebetraek-LS3-1-1.jpg\",\"contentUrl\":\"https:\\\/\\\/tibladin.dk\\\/wp-content\\\/uploads\\\/2022\\\/09\\\/Safi-pudebetraek-LS3-1-1.jpg\",\"width\":800,\"height\":800,\"caption\":\"Marokkansk h\u00e5ndv\u00e6vet pudebetr\u00e6k i sort med hvidt m\u00f8nster og hvide kvaster, st\u00e5ende p\u00e5 hj\u00f8rnet af en sofa\"},{\"@type\":\"BreadcrumbList\",\"@id\":\"https:\\\/\\\/tibladin.dk\\\/produkt\\\/pude-safi-i-moerk-brun\\\/#breadcrumb\",\"itemListElement\":[{\"@type\":\"ListItem\",\"position\":1,\"name\":\"Hjem\",\"item\":\"https:\\\/\\\/tibladin.dk\\\/\"},{\"@type\":\"ListItem\",\"position\":2,\"name\":\"Shop\",\"item\":\"https:\\\/\\\/tibladin.dk\\\/shop\\\/\"},{\"@type\":\"ListItem\",\"position\":3,\"name\":\"Pude SAFI i m\u00f8rk brun\"}]},{\"@type\":\"WebSite\",\"@id\":\"https:\\\/\\\/tibladin.dk\\\/#website\",\"url\":\"https:\\\/\\\/tibladin.dk\\\/\",\"name\":\"Tibladin\",\"description\":\"Tibladin\",\"publisher\":{\"@id\":\"https:\\\/\\\/tibladin.dk\\\/#organization\"},\"potentialAction\":[{\"@type\":\"SearchAction\",\"target\":{\"@type\":\"EntryPoint\",\"urlTemplate\":\"https:\\\/\\\/tibladin.dk\\\/?s={search_term_string}\"},\"query-input\":{\"@type\":\"PropertyValueSpecification\",\"valueRequired\":true,\"valueName\":\"search_term_string\"}}],\"inLanguage\":\"nl-NL\"},{\"@type\":\"Organization\",\"@id\":\"https:\\\/\\\/tibladin.dk\\\/#organization\",\"name\":\"Tibladin\",\"url\":\"https:\\\/\\\/tibladin.dk\\\/\",\"logo\":{\"@type\":\"ImageObject\",\"inLanguage\":\"nl-NL\",\"@id\":\"https:\\\/\\\/tibladin.dk\\\/#\\\/schema\\\/logo\\\/image\\\/\",\"url\":\"https:\\\/\\\/tibladin.dk\\\/wp-content\\\/uploads\\\/2022\\\/09\\\/tibladin_logo.svg\",\"contentUrl\":\"https:\\\/\\\/tibladin.dk\\\/wp-content\\\/uploads\\\/2022\\\/09\\\/tibladin_logo.svg\",\"caption\":\"Tibladin\"},\"image\":{\"@id\":\"https:\\\/\\\/tibladin.dk\\\/#\\\/schema\\\/logo\\\/image\\\/\"}}]}<\/script>\n<!-- \/ Yoast SEO plugin. -->","yoast_head_json":{"title":"Marokkaans kussen van katoen | Handgemaakt in Marrakesh | Tibladin","description":"Handgemaakt kussen van donker katoen met details in lichte of rode wol. Geschikt voor kussens van 50x40 of 60x50 cm, afhankelijk van hoe vol je je kussen wilt hebben.","robots":{"index":"index","follow":"follow","max-snippet":"max-snippet:-1","max-image-preview":"max-image-preview:large","max-video-preview":"max-video-preview:-1"},"canonical":"https:\/\/tibladin.dk\/nl\/product-2\/kussen-safi-in-donkerbruin\/","og_locale":"nl_NL","og_type":"article","og_title":"Marokkansk pude i bomuld | H\u00e5ndlavet i Marrakech | Tibladin","og_description":"H\u00e5ndlavet pude i m\u00f8rk bomuld med detaljer i lys eller r\u00f8d uld. Passer til 50x40 eller 60x50 cm puder, alt efter hvor fyldig du \u00f8nsker din pude.","og_url":"https:\/\/tibladin.dk\/nl\/product-2\/kussen-safi-in-donkerbruin\/","og_site_name":"Tibladin","article_modified_time":"2024-12-09T13:28:40+00:00","og_image":[{"width":800,"height":800,"url":"https:\/\/tibladin.dk\/wp-content\/uploads\/2022\/09\/Safi-pudebetraek-LS3-1-1.jpg","type":"image\/jpeg"}],"twitter_card":"summary_large_image","twitter_misc":{"Geschatte leestijd":"1 minuut"},"schema":{"@context":"https:\/\/schema.org","@graph":[{"@type":"WebPage","@id":"https:\/\/tibladin.dk\/produkt\/pude-safi-i-moerk-brun\/","url":"https:\/\/tibladin.dk\/produkt\/pude-safi-i-moerk-brun\/","name":"Marokkaans kussen van katoen | Handgemaakt in Marrakesh | Tibladin","isPartOf":{"@id":"https:\/\/tibladin.dk\/#website"},"primaryImageOfPage":{"@id":"https:\/\/tibladin.dk\/produkt\/pude-safi-i-moerk-brun\/#primaryimage"},"image":{"@id":"https:\/\/tibladin.dk\/produkt\/pude-safi-i-moerk-brun\/#primaryimage"},"thumbnailUrl":"https:\/\/tibladin.dk\/wp-content\/uploads\/2022\/09\/Safi-pudebetraek-LS3-1-1.jpg","datePublished":"2022-09-20T09:15:01+00:00","dateModified":"2024-12-09T13:28:40+00:00","description":"Handgemaakt kussen van donker katoen met details in lichte of rode wol. Geschikt voor kussens van 50x40 of 60x50 cm, afhankelijk van hoe vol je je kussen wilt hebben.","breadcrumb":{"@id":"https:\/\/tibladin.dk\/produkt\/pude-safi-i-moerk-brun\/#breadcrumb"},"inLanguage":"nl-NL","potentialAction":[{"@type":"ReadAction","target":["https:\/\/tibladin.dk\/produkt\/pude-safi-i-moerk-brun\/"]}]},{"@type":"ImageObject","inLanguage":"nl-NL","@id":"https:\/\/tibladin.dk\/produkt\/pude-safi-i-moerk-brun\/#primaryimage","url":"https:\/\/tibladin.dk\/wp-content\/uploads\/2022\/09\/Safi-pudebetraek-LS3-1-1.jpg","contentUrl":"https:\/\/tibladin.dk\/wp-content\/uploads\/2022\/09\/Safi-pudebetraek-LS3-1-1.jpg","width":800,"height":800,"caption":"Marokkansk h\u00e5ndv\u00e6vet pudebetr\u00e6k i sort med hvidt m\u00f8nster og hvide kvaster, st\u00e5ende p\u00e5 hj\u00f8rnet af en sofa"},{"@type":"BreadcrumbList","@id":"https:\/\/tibladin.dk\/produkt\/pude-safi-i-moerk-brun\/#breadcrumb","itemListElement":[{"@type":"ListItem","position":1,"name":"Hjem","item":"https:\/\/tibladin.dk\/"},{"@type":"ListItem","position":2,"name":"Shop","item":"https:\/\/tibladin.dk\/shop\/"},{"@type":"ListItem","position":3,"name":"Pude SAFI i m\u00f8rk brun"}]},{"@type":"WebSite","@id":"https:\/\/tibladin.dk\/#website","url":"https:\/\/tibladin.dk\/","name":"Tibladin","description":"Tibladin","publisher":{"@id":"https:\/\/tibladin.dk\/#organization"},"potentialAction":[{"@type":"SearchAction","target":{"@type":"EntryPoint","urlTemplate":"https:\/\/tibladin.dk\/?s={search_term_string}"},"query-input":{"@type":"PropertyValueSpecification","valueRequired":true,"valueName":"search_term_string"}}],"inLanguage":"nl-NL"},{"@type":"Organization","@id":"https:\/\/tibladin.dk\/#organization","name":"Tibladin","url":"https:\/\/tibladin.dk\/","logo":{"@type":"ImageObject","inLanguage":"nl-NL","@id":"https:\/\/tibladin.dk\/#\/schema\/logo\/image\/","url":"https:\/\/tibladin.dk\/wp-content\/uploads\/2022\/09\/tibladin_logo.svg","contentUrl":"https:\/\/tibladin.dk\/wp-content\/uploads\/2022\/09\/tibladin_logo.svg","caption":"Tibladin"},"image":{"@id":"https:\/\/tibladin.dk\/#\/schema\/logo\/image\/"}}]}},"_links":{"self":[{"href":"https:\/\/tibladin.dk\/nl\/wp-json\/wp\/v2\/product\/2297","targetHints":{"allow":["GET"]}}],"collection":[{"href":"https:\/\/tibladin.dk\/nl\/wp-json\/wp\/v2\/product"}],"about":[{"href":"https:\/\/tibladin.dk\/nl\/wp-json\/wp\/v2\/types\/product"}],"wp:featuredmedia":[{"embeddable":true,"href":"https:\/\/tibladin.dk\/nl\/wp-json\/wp\/v2\/media\/2359"}],"wp:attachment":[{"href":"https:\/\/tibladin.dk\/nl\/wp-json\/wp\/v2\/media?parent=2297"}],"wp:term":[{"taxonomy":"product_brand","embeddable":true,"href":"https:\/\/tibladin.dk\/nl\/wp-json\/wp\/v2\/product_brand?post=2297"},{"taxonomy":"product_cat","embeddable":true,"href":"https:\/\/tibladin.dk\/nl\/wp-json\/wp\/v2\/product_cat?post=2297"},{"taxonomy":"product_tag","embeddable":true,"href":"https:\/\/tibladin.dk\/nl\/wp-json\/wp\/v2\/product_tag?post=2297"}],"curies":[{"name":"wp","href":"https:\/\/api.w.org\/{rel}","templated":true}]}}