{"id":2303,"date":"2022-09-20T11:15:03","date_gmt":"2022-09-20T09:15:03","guid":{"rendered":"https:\/\/tibladin.dk\/vare\/skammel-med-flet-i-brunt-laeder\/"},"modified":"2026-01-12T15:39:51","modified_gmt":"2026-01-12T14:39:51","slug":"kruk-met-vlechtwerk-in-bruin-leer","status":"publish","type":"product","link":"https:\/\/tibladin.dk\/nl\/produkt\/skammel-med-flet-i-brunt-laeder\/","title":{"rendered":"Kruk met vlechtwerk in bruin leer"},"content":{"rendered":"<div class=\"wpb-content-wrapper\"><div class=\"vc_row wpb_row vc_row-fluid\"><div class=\"wpb_column vc_column_container vc_col-sm-4\"><div class=\"vc_column-inner\"><div class=\"wpb_wrapper\"><\/div><\/div><\/div><div class=\"wpb_column vc_column_container vc_col-sm-4\"><div class=\"vc_column-inner\"><div class=\"wpb_wrapper\"><h3 style=\"text-align: left\" class=\"vc_custom_heading vc_do_custom_heading\" >Onderhoud<\/h3>\n\t<div class=\"wpb_text_column wpb_content_element\" >\n\t\t<div class=\"wpb_wrapper\">\n\t\t\t<p>De krukjes met rieten geitenleer kunnen worden voorzien van leervet of olie, of zo gelaten en gepatineerd worden.<\/p>\n\n\t\t<\/div>\n\t<\/div>\n<\/div><\/div><\/div><div class=\"wpb_column vc_column_container vc_col-sm-4\"><div class=\"vc_column-inner\"><div class=\"wpb_wrapper\"><h3 style=\"text-align: left\" class=\"vc_custom_heading vc_do_custom_heading\" >Het verhaal erachter<\/h3>\n\t<div class=\"wpb_text_column wpb_content_element\" >\n\t\t<div class=\"wpb_wrapper\">\n\t\t\t<p><span style=\"font-weight: 400;\">Zowel de lange als de korte krukjes zijn een eenvoudige en effectieve manier om je interieur te verrijken en een exotische en persoonlijke sfeer te cre\u00ebren. Ze brengen leven, warmte en variatie in huis en fungeren als kleine kunstwerkjes. Al mijn krukjes zijn handgemaakt en geen twee zijn precies hetzelfde. Ik selecteer materialen en kleuren met grote zorg en bied houten krukjes met gevlochten koorden in zorgvuldig gekozen, verfijnde tinten, die samen een elegante bohemian uitstraling cre\u00ebren. We bieden een verscheidenheid aan verschillende soorten krukjes, elk met zijn eigen charme.\u00a0<\/span><\/p>\n<p data-start=\"143\" data-end=\"626\">De met leer beklede krukjes voegen warmte, gewicht en een exclusieve touch toe, die met de tijd alleen maar mooier wordt, doordat het materiaal patineert en een eigen unieke uitstraling krijgt. Het natuurlijke leer vormt een mooi contrast met het lichte oppervlak van het hout en geeft de kruk een tijdloze en elegante look.<\/p>\n<p data-start=\"628\" data-end=\"1086\">Als je een lichtere en meer grafische uitstraling wilt, zijn de krukjes met gevlochten koorden perfect. De stevige koorden zijn met de hand gevlochten in prachtige patronen en zorgvuldig gekozen kleuren, wat ze levendigheid, persoonlijkheid en een vleugje bohemian stijl geeft. De combinatie van kleuren, patronen en materialen stelt je in staat een krukje te kiezen dat subtiel in het interieur past of juist een opvallend statementstuk vormt.<\/p>\n<p><span style=\"font-weight: 400;\">De ronde krukjes zijn gemaakt van hout, en een bijzonder en charmant detail is het gebruik van een gerecyclede autoband in de zitting. Het is een leuke en creatieve oplossing die het meubelstuk een onverwachte geschiedenis en een moderne twist geeft. Wat voorheen een heel ander doel had, krijgt een nieuw leven en een nieuwe functie in huis \u2013 getransformeerd van industrieel afval tot een esthetisch en functioneel meubelstuk. Deze transformatie geeft de kruk karakter en maakt er een gespreksonderwerp van dat nieuwsgierigheid en enthousiasme opwekt.<\/span><\/p>\n<p><span style=\"font-weight: 400;\">Tegelijkertijd is het gebruik van banden een sterke, duurzame keuze. Banden zijn doorgaans moeilijk te recyclen en belanden vaak als afval dat het milieu vervuilt. Door ze te recyclen in de meubelproductie wordt de levensduur van het materiaal aanzienlijk verlengd en de behoefte aan nieuwe grondstoffen verminderd. De combinatie van recycling, vakmanschap en esthetiek laat zien hoe duurzaamheid en design hand in hand kunnen gaan zonder concessies te doen aan kwaliteit of expressie.<\/span><\/p>\n<p><span style=\"font-weight: 400;\">Het gebruik van een autoband als basis voor het vlechtwerk zorgt voor een robuuste en duurzame kern, waardoor de kruk geschikt is voor dagelijks gebruik. Dit sluit aan bij Tibladins idee om meubels te cre\u00ebren die niet alleen mooi, maar ook verantwoord zijn \u2013 meubels met een ziel, een geschiedenis en aandacht voor zowel mens als milieu.<br \/>\n<\/span><\/p>\n<p data-start=\"107\" data-end=\"425\">De rotan krukjes stralen lichtheid, natuurlijkheid en authentiek vakmanschap uit. Rotan is een flexibel en sterk natuurlijk materiaal dat met de hand wordt geweven, waardoor prachtige, harmonieuze patronen ontstaan met kleine variaties die elk krukje uniek maken. De geweven zitting geeft een lichte en luchtige uitstraling en voegt warmte en rust toe aan het interieur.<\/p>\n<p data-start=\"427\" data-end=\"691\">Rotan is bovendien een duurzame keuze, omdat het een snelgroeiend materiaal is dat op een zorgvuldige manier geoogst kan worden. In combinatie met de natuurlijke structuur van het hout ontstaat een tijdloze en duurzame kruk die zowel als praktische zitplaats als decoratief element in huis dient.<\/p>\n<p><span style=\"font-weight: 400;\">De krukjes worden met de hand gemaakt door vrouwen in een vrouwenco\u00f6peratie ten zuiden van Marrakech. De co\u00f6peratie biedt werk aan ongeveer 160 vrouwen en speelt een belangrijke rol in het verbeteren van de leefomstandigheden van veel gezinnen in het kleine dorp. Wanneer u voor dit krukje kiest, krijgt u niet alleen een mooi en functioneel meubelstuk, maar steunt u ook traditioneel vakmanschap, duurzame productie en de kansen van vrouwen op economische onafhankelijkheid.<\/span><\/p>\n\n\t\t<\/div>\n\t<\/div>\n<\/div><\/div><\/div><\/div>\n<\/div>","protected":false},"excerpt":{"rendered":"<p class=\"p1\"><span class=\"s1\">Kruk gemaakt van hout en gevlochten leren strips. Zorgt voor een warm en gezellig element in uw interieur.<\/span><\/p>\n<p class=\"p1\"><span class=\"s1\">Een licht meubelstuk om toe te voegen aan je interieur voor een persoonlijke expressie. Past b.v. goed in de slaapkamer, in de gang en in de badkamer.<\/span><\/p>\n<p>De kruk heeft een afmeting van 35x35x35 cm.<\/p>","protected":false},"featured_media":2299,"template":"","meta":{"inline_featured_image":false},"product_brand":[],"product_cat":[39,49],"product_tag":[],"class_list":{"0":"post-2303","1":"product","2":"type-product","3":"status-publish","4":"has-post-thumbnail","6":"product_cat-moebler","7":"product_cat-skamler","9":"first","10":"instock","11":"featured","12":"taxable","13":"shipping-taxable","14":"purchasable","15":"product-type-simple"},"exclude_global_add_ons":[],"addons":[],"yoast_head":"<!-- This site is optimized with the Yoast SEO plugin v27.5 - https:\/\/yoast.com\/product\/yoast-seo-wordpress\/ -->\n<title>B\u00e6nk\/Skammel i tr\u00e6 med flet i brunt l\u00e6der | Tibladin<\/title>\n<meta name=\"description\" content=\"SkSkammel\/b\u00e6nk med flet af brunt l\u00e6der. Giv din indretning et personligt og bo\u00eame udtryk.Kan ogs\u00e5 bruges som lille sidebord eller sengebord.\" \/>\n<meta name=\"robots\" content=\"index, follow, max-snippet:-1, max-image-preview:large, max-video-preview:-1\" \/>\n<link rel=\"canonical\" href=\"https:\/\/tibladin.dk\/nl\/product-2\/kruk-met-vlechtwerk-in-bruin-leer\/\" \/>\n<meta property=\"og:locale\" content=\"nl_NL\" \/>\n<meta property=\"og:type\" content=\"article\" \/>\n<meta property=\"og:title\" content=\"B\u00e6nk\/Skammel i tr\u00e6 med flet i brunt l\u00e6der | Tibladin\" \/>\n<meta property=\"og:description\" content=\"SkSkammel\/b\u00e6nk med flet af brunt l\u00e6der. Giv din indretning et personligt og bo\u00eame udtryk.Kan ogs\u00e5 bruges som lille sidebord eller sengebord.\" \/>\n<meta property=\"og:url\" content=\"https:\/\/tibladin.dk\/nl\/product-2\/kruk-met-vlechtwerk-in-bruin-leer\/\" \/>\n<meta property=\"og:site_name\" content=\"Tibladin\" \/>\n<meta property=\"article:modified_time\" content=\"2026-01-12T14:39:51+00:00\" \/>\n<meta property=\"og:image\" content=\"https:\/\/tibladin.dk\/wp-content\/uploads\/2022\/09\/Tibladin_cosy-laine_LS-1.jpg\" \/>\n\t<meta property=\"og:image:width\" content=\"800\" \/>\n\t<meta property=\"og:image:height\" content=\"800\" \/>\n\t<meta property=\"og:image:type\" content=\"image\/jpeg\" \/>\n<meta name=\"twitter:card\" content=\"summary_large_image\" \/>\n<meta name=\"twitter:label1\" content=\"Geschatte leestijd\" \/>\n\t<meta name=\"twitter:data1\" content=\"2 minuten\" \/>\n<script type=\"application\/ld+json\" class=\"yoast-schema-graph\">{\"@context\":\"https:\\\/\\\/schema.org\",\"@graph\":[{\"@type\":\"WebPage\",\"@id\":\"https:\\\/\\\/tibladin.dk\\\/produkt\\\/skammel-med-flet-i-brunt-laeder\\\/\",\"url\":\"https:\\\/\\\/tibladin.dk\\\/produkt\\\/skammel-med-flet-i-brunt-laeder\\\/\",\"name\":\"B\u00e6nk\\\/Skammel i tr\u00e6 med flet i brunt l\u00e6der | Tibladin\",\"isPartOf\":{\"@id\":\"https:\\\/\\\/tibladin.dk\\\/#website\"},\"primaryImageOfPage\":{\"@id\":\"https:\\\/\\\/tibladin.dk\\\/produkt\\\/skammel-med-flet-i-brunt-laeder\\\/#primaryimage\"},\"image\":{\"@id\":\"https:\\\/\\\/tibladin.dk\\\/produkt\\\/skammel-med-flet-i-brunt-laeder\\\/#primaryimage\"},\"thumbnailUrl\":\"https:\\\/\\\/tibladin.dk\\\/wp-content\\\/uploads\\\/2022\\\/09\\\/Tibladin_cosy-laine_LS-1.jpg\",\"datePublished\":\"2022-09-20T09:15:03+00:00\",\"dateModified\":\"2026-01-12T14:39:51+00:00\",\"description\":\"SkSkammel\\\/b\u00e6nk med flet af brunt l\u00e6der. Giv din indretning et personligt og bo\u00eame udtryk.Kan ogs\u00e5 bruges som lille sidebord eller sengebord.\",\"breadcrumb\":{\"@id\":\"https:\\\/\\\/tibladin.dk\\\/produkt\\\/skammel-med-flet-i-brunt-laeder\\\/#breadcrumb\"},\"inLanguage\":\"nl-NL\",\"potentialAction\":[{\"@type\":\"ReadAction\",\"target\":[\"https:\\\/\\\/tibladin.dk\\\/produkt\\\/skammel-med-flet-i-brunt-laeder\\\/\"]}]},{\"@type\":\"ImageObject\",\"inLanguage\":\"nl-NL\",\"@id\":\"https:\\\/\\\/tibladin.dk\\\/produkt\\\/skammel-med-flet-i-brunt-laeder\\\/#primaryimage\",\"url\":\"https:\\\/\\\/tibladin.dk\\\/wp-content\\\/uploads\\\/2022\\\/09\\\/Tibladin_cosy-laine_LS-1.jpg\",\"contentUrl\":\"https:\\\/\\\/tibladin.dk\\\/wp-content\\\/uploads\\\/2022\\\/09\\\/Tibladin_cosy-laine_LS-1.jpg\",\"width\":800,\"height\":800,\"caption\":\"Marokkansk h\u00e5ndlavet tr\u00e6skammel med s\u00e6de af flettet l\u00e6der, st\u00e5ende p\u00e5 t\u00e6ppe med bl\u00e5 en bl\u00e5 v\u00e6g bagved\"},{\"@type\":\"BreadcrumbList\",\"@id\":\"https:\\\/\\\/tibladin.dk\\\/produkt\\\/skammel-med-flet-i-brunt-laeder\\\/#breadcrumb\",\"itemListElement\":[{\"@type\":\"ListItem\",\"position\":1,\"name\":\"Hjem\",\"item\":\"https:\\\/\\\/tibladin.dk\\\/\"},{\"@type\":\"ListItem\",\"position\":2,\"name\":\"Shop\",\"item\":\"https:\\\/\\\/tibladin.dk\\\/shop\\\/\"},{\"@type\":\"ListItem\",\"position\":3,\"name\":\"Skammel med flet i brunt l\u00e6der\"}]},{\"@type\":\"WebSite\",\"@id\":\"https:\\\/\\\/tibladin.dk\\\/#website\",\"url\":\"https:\\\/\\\/tibladin.dk\\\/\",\"name\":\"Tibladin\",\"description\":\"Tibladin\",\"publisher\":{\"@id\":\"https:\\\/\\\/tibladin.dk\\\/#organization\"},\"potentialAction\":[{\"@type\":\"SearchAction\",\"target\":{\"@type\":\"EntryPoint\",\"urlTemplate\":\"https:\\\/\\\/tibladin.dk\\\/?s={search_term_string}\"},\"query-input\":{\"@type\":\"PropertyValueSpecification\",\"valueRequired\":true,\"valueName\":\"search_term_string\"}}],\"inLanguage\":\"nl-NL\"},{\"@type\":\"Organization\",\"@id\":\"https:\\\/\\\/tibladin.dk\\\/#organization\",\"name\":\"Tibladin\",\"url\":\"https:\\\/\\\/tibladin.dk\\\/\",\"logo\":{\"@type\":\"ImageObject\",\"inLanguage\":\"nl-NL\",\"@id\":\"https:\\\/\\\/tibladin.dk\\\/#\\\/schema\\\/logo\\\/image\\\/\",\"url\":\"https:\\\/\\\/tibladin.dk\\\/wp-content\\\/uploads\\\/2022\\\/09\\\/tibladin_logo.svg\",\"contentUrl\":\"https:\\\/\\\/tibladin.dk\\\/wp-content\\\/uploads\\\/2022\\\/09\\\/tibladin_logo.svg\",\"caption\":\"Tibladin\"},\"image\":{\"@id\":\"https:\\\/\\\/tibladin.dk\\\/#\\\/schema\\\/logo\\\/image\\\/\"}}]}<\/script>\n<!-- \/ Yoast SEO plugin. -->","yoast_head_json":{"title":"Houten bank\/kruk met vlechtwerk in bruin leer | Tibladin","description":"Sk Kruk\/bank met vlechtwerk van bruin leer. Geef je interieur een persoonlijke en bohemien uitstraling. Ook te gebruiken als klein bijzettafeltje of nachtkastje.","robots":{"index":"index","follow":"follow","max-snippet":"max-snippet:-1","max-image-preview":"max-image-preview:large","max-video-preview":"max-video-preview:-1"},"canonical":"https:\/\/tibladin.dk\/nl\/product-2\/kruk-met-vlechtwerk-in-bruin-leer\/","og_locale":"nl_NL","og_type":"article","og_title":"B\u00e6nk\/Skammel i tr\u00e6 med flet i brunt l\u00e6der | Tibladin","og_description":"SkSkammel\/b\u00e6nk med flet af brunt l\u00e6der. Giv din indretning et personligt og bo\u00eame udtryk.Kan ogs\u00e5 bruges som lille sidebord eller sengebord.","og_url":"https:\/\/tibladin.dk\/nl\/product-2\/kruk-met-vlechtwerk-in-bruin-leer\/","og_site_name":"Tibladin","article_modified_time":"2026-01-12T14:39:51+00:00","og_image":[{"width":800,"height":800,"url":"https:\/\/tibladin.dk\/wp-content\/uploads\/2022\/09\/Tibladin_cosy-laine_LS-1.jpg","type":"image\/jpeg"}],"twitter_card":"summary_large_image","twitter_misc":{"Geschatte leestijd":"2 minuten"},"schema":{"@context":"https:\/\/schema.org","@graph":[{"@type":"WebPage","@id":"https:\/\/tibladin.dk\/produkt\/skammel-med-flet-i-brunt-laeder\/","url":"https:\/\/tibladin.dk\/produkt\/skammel-med-flet-i-brunt-laeder\/","name":"Houten bank\/kruk met vlechtwerk in bruin leer | Tibladin","isPartOf":{"@id":"https:\/\/tibladin.dk\/#website"},"primaryImageOfPage":{"@id":"https:\/\/tibladin.dk\/produkt\/skammel-med-flet-i-brunt-laeder\/#primaryimage"},"image":{"@id":"https:\/\/tibladin.dk\/produkt\/skammel-med-flet-i-brunt-laeder\/#primaryimage"},"thumbnailUrl":"https:\/\/tibladin.dk\/wp-content\/uploads\/2022\/09\/Tibladin_cosy-laine_LS-1.jpg","datePublished":"2022-09-20T09:15:03+00:00","dateModified":"2026-01-12T14:39:51+00:00","description":"Sk Kruk\/bank met vlechtwerk van bruin leer. Geef je interieur een persoonlijke en bohemien uitstraling. Ook te gebruiken als klein bijzettafeltje of nachtkastje.","breadcrumb":{"@id":"https:\/\/tibladin.dk\/produkt\/skammel-med-flet-i-brunt-laeder\/#breadcrumb"},"inLanguage":"nl-NL","potentialAction":[{"@type":"ReadAction","target":["https:\/\/tibladin.dk\/produkt\/skammel-med-flet-i-brunt-laeder\/"]}]},{"@type":"ImageObject","inLanguage":"nl-NL","@id":"https:\/\/tibladin.dk\/produkt\/skammel-med-flet-i-brunt-laeder\/#primaryimage","url":"https:\/\/tibladin.dk\/wp-content\/uploads\/2022\/09\/Tibladin_cosy-laine_LS-1.jpg","contentUrl":"https:\/\/tibladin.dk\/wp-content\/uploads\/2022\/09\/Tibladin_cosy-laine_LS-1.jpg","width":800,"height":800,"caption":"Marokkansk h\u00e5ndlavet tr\u00e6skammel med s\u00e6de af flettet l\u00e6der, st\u00e5ende p\u00e5 t\u00e6ppe med bl\u00e5 en bl\u00e5 v\u00e6g bagved"},{"@type":"BreadcrumbList","@id":"https:\/\/tibladin.dk\/produkt\/skammel-med-flet-i-brunt-laeder\/#breadcrumb","itemListElement":[{"@type":"ListItem","position":1,"name":"Hjem","item":"https:\/\/tibladin.dk\/"},{"@type":"ListItem","position":2,"name":"Shop","item":"https:\/\/tibladin.dk\/shop\/"},{"@type":"ListItem","position":3,"name":"Skammel med flet i brunt l\u00e6der"}]},{"@type":"WebSite","@id":"https:\/\/tibladin.dk\/#website","url":"https:\/\/tibladin.dk\/","name":"Tibladin","description":"Tibladin","publisher":{"@id":"https:\/\/tibladin.dk\/#organization"},"potentialAction":[{"@type":"SearchAction","target":{"@type":"EntryPoint","urlTemplate":"https:\/\/tibladin.dk\/?s={search_term_string}"},"query-input":{"@type":"PropertyValueSpecification","valueRequired":true,"valueName":"search_term_string"}}],"inLanguage":"nl-NL"},{"@type":"Organization","@id":"https:\/\/tibladin.dk\/#organization","name":"Tibladin","url":"https:\/\/tibladin.dk\/","logo":{"@type":"ImageObject","inLanguage":"nl-NL","@id":"https:\/\/tibladin.dk\/#\/schema\/logo\/image\/","url":"https:\/\/tibladin.dk\/wp-content\/uploads\/2022\/09\/tibladin_logo.svg","contentUrl":"https:\/\/tibladin.dk\/wp-content\/uploads\/2022\/09\/tibladin_logo.svg","caption":"Tibladin"},"image":{"@id":"https:\/\/tibladin.dk\/#\/schema\/logo\/image\/"}}]}},"_links":{"self":[{"href":"https:\/\/tibladin.dk\/nl\/wp-json\/wp\/v2\/product\/2303","targetHints":{"allow":["GET"]}}],"collection":[{"href":"https:\/\/tibladin.dk\/nl\/wp-json\/wp\/v2\/product"}],"about":[{"href":"https:\/\/tibladin.dk\/nl\/wp-json\/wp\/v2\/types\/product"}],"wp:featuredmedia":[{"embeddable":true,"href":"https:\/\/tibladin.dk\/nl\/wp-json\/wp\/v2\/media\/2299"}],"wp:attachment":[{"href":"https:\/\/tibladin.dk\/nl\/wp-json\/wp\/v2\/media?parent=2303"}],"wp:term":[{"taxonomy":"product_brand","embeddable":true,"href":"https:\/\/tibladin.dk\/nl\/wp-json\/wp\/v2\/product_brand?post=2303"},{"taxonomy":"product_cat","embeddable":true,"href":"https:\/\/tibladin.dk\/nl\/wp-json\/wp\/v2\/product_cat?post=2303"},{"taxonomy":"product_tag","embeddable":true,"href":"https:\/\/tibladin.dk\/nl\/wp-json\/wp\/v2\/product_tag?post=2303"}],"curies":[{"name":"wp","href":"https:\/\/api.w.org\/{rel}","templated":true}]}}