{"id":2336,"date":"2022-09-20T11:15:24","date_gmt":"2022-09-20T09:15:24","guid":{"rendered":"https:\/\/tibladin.dk\/?post_type=product&#038;p=2336"},"modified":"2026-01-03T06:45:25","modified_gmt":"2026-01-03T05:45:25","slug":"kussens-vintage-berber-kelim-boho","status":"publish","type":"product","link":"https:\/\/tibladin.dk\/nl\/produkt\/puder-vintage-berber-kelim-boho\/","title":{"rendered":"Kussens vintage Berber kelim BOHO"},"content":{"rendered":"<div class=\"wpb-content-wrapper\"><div class=\"vc_row wpb_row vc_row-fluid\"><div class=\"wpb_column vc_column_container vc_col-sm-4\"><div class=\"vc_column-inner\"><div class=\"wpb_wrapper\"><\/div><\/div><\/div><div class=\"wpb_column vc_column_container vc_col-sm-4\"><div class=\"vc_column-inner\"><div class=\"wpb_wrapper\"><h3 style=\"text-align: left\" class=\"vc_custom_heading vc_do_custom_heading\" >Onderhoud<\/h3>\n\t<div class=\"wpb_text_column wpb_content_element\" >\n\t\t<div class=\"wpb_wrapper\">\n\t\t\t<p>De kussenslopen zijn van kiria-katoen met details van vintage kelim-tapijten van wol. Stomerij bij een stomerij. Omdat de hoezen stukken vintage Kelim-tapijten bevatten, zullen er gebruikssporen op zitten, wat slechts een deel van de charme is.<\/p>\n\n\t\t<\/div>\n\t<\/div>\n<\/div><\/div><\/div><div class=\"wpb_column vc_column_container vc_col-sm-4\"><div class=\"vc_column-inner\"><div class=\"wpb_wrapper\"><h3 style=\"text-align: left\" class=\"vc_custom_heading vc_do_custom_heading\" >Het verhaal erachter<\/h3>\n\t<div class=\"wpb_text_column wpb_content_element\" >\n\t\t<div class=\"wpb_wrapper\">\n\t\t\t<p>Deze prachtige handgemaakte kussenhoezen zijn gemaakt van kiria-katoen en delen van vintage Berber Kelim-tapijten in wol. Hier worden vintage tapijten uit Marokko nieuw leven ingeblazen in een kussenhoes die de eenvoudige expressie van het kiria-katoen combineert met de prachtige patronen, decoraties en stoffen van de kelim-tapijten. Ook de vintage Berber Kelim vloerkleden hebben fijne franjes en pailletten die een bohemien uitstraling geven. De prachtige vintage tapijten brengen kleuren en spannende patronen in huis, en afhankelijk van welk oud Berbertapijt we hebben gekozen, krijg je een geheel uniek kussen. We hebben ook grote, mooie pompons in de bovenste twee hoeken toegevoegd, waardoor het een speels boho-accent krijgt. De kussens passen perfect in het Scandinavische huis, waar de prachtige kleuren een eenvoudige en warme stijl complementeren. Ontwikkeld in samenwerking met ontwerper uit Marrakech.<\/p>\n<p>De hoezen zijn voorzien van een stevige ritssluiting, zodat ze eraf kunnen worden gehaald en gereinigd.<\/p>\n<p>Op de hoezen passen montagepads van 40 x 60.<\/p>\n\n\t\t<\/div>\n\t<\/div>\n<\/div><\/div><\/div><\/div>\n<\/div>","protected":false},"excerpt":{"rendered":"<p>Prachtige handgemaakte kussenhoezen van kiria-katoen en vintage Berber Kelim-tapijten van wol. Hier worden vintage tapijten uit Marokko nieuw leven ingeblazen in een kussenhoes die de eenvoudige expressie van het kiria-katoen combineert met de prachtige patronen, decoraties en stoffen van de kelim-tapijten. Ook de vintage Berber Kelim vloerkleden hebben fijne franjes en pailletten die een bohemien uitstraling geven. Ook hebben we in de twee bovenhoeken grote, mooie pom-poms toegevoegd, wat een leuke en speelse uitstraling geeft.<\/p>\n<p>De hoes meet 40 x 60 en is geschikt voor montagepads van 40 x 60 of 50 x 60, afhankelijk van hoe vol het montagepad gewenst is.<\/p>\n<p>De kussenhoezen worden zonder kussens geleverd, maar er kan wel een montagekussen bijgekocht worden.<\/p>\n<p>&nbsp;<\/p>\n<p>&nbsp;<\/p>","protected":false},"featured_media":2388,"template":"","meta":{"inline_featured_image":false},"product_brand":[],"product_cat":[66,37],"product_tag":[],"class_list":{"0":"post-2336","1":"product","2":"type-product","3":"status-publish","4":"has-post-thumbnail","6":"product_cat-pudebetraek","7":"product_cat-tekstiler","9":"first","10":"outofstock","11":"taxable","12":"shipping-taxable","13":"purchasable","14":"product-type-variable"},"exclude_global_add_ons":false,"addons":[{"name":"Wilt u een cadeauverpakking?","type":"checkbox","position":0,"required":false,"title_format":"label","default":"","description_enable":false,"description":"","placeholder_enable":false,"placeholder":"","display":"images","restrictions_type":"any_text","adjust_price":false,"price":"","price_type":"flat_fee","restrictions":false,"min":"0","max":"0","options":[{"label":"Ja tak","price":"10","price_type":"flat_fee","image":11015,"visibility":true}],"id":1669646111}],"yoast_head":"<!-- This site is optimized with the Yoast SEO plugin v27.4 - https:\/\/yoast.com\/product\/yoast-seo-wordpress\/ -->\n<title>Pude med vintage berber Kelimt\u00e6pper | H\u00e5ndlavede i Marokko<\/title>\n<meta name=\"description\" content=\"Flotte boho pudebetr\u00e6k i kiria bomuld og vintage berber Kelimt\u00e6pper. Passer til 40x60 eller 50x60 cm, alt efter hvor fyldig puden \u00f8nskes.\" \/>\n<meta name=\"robots\" content=\"index, follow, max-snippet:-1, max-image-preview:large, max-video-preview:-1\" \/>\n<link rel=\"canonical\" href=\"https:\/\/tibladin.dk\/nl\/product-2\/kussens-vintage-berber-kelim-boho\/\" \/>\n<meta property=\"og:locale\" content=\"nl_NL\" \/>\n<meta property=\"og:type\" content=\"article\" \/>\n<meta property=\"og:title\" content=\"Pude med vintage berber Kelimt\u00e6pper | H\u00e5ndlavede i Marokko\" \/>\n<meta property=\"og:description\" content=\"Flotte boho pudebetr\u00e6k i kiria bomuld og vintage berber Kelimt\u00e6pper. Passer til 40x60 eller 50x60 cm, alt efter hvor fyldig puden \u00f8nskes.\" \/>\n<meta property=\"og:url\" content=\"https:\/\/tibladin.dk\/nl\/product-2\/kussens-vintage-berber-kelim-boho\/\" \/>\n<meta property=\"og:site_name\" content=\"Tibladin\" \/>\n<meta property=\"article:modified_time\" content=\"2026-01-03T05:45:25+00:00\" \/>\n<meta property=\"og:image\" content=\"https:\/\/tibladin.dk\/wp-content\/uploads\/2022\/09\/Tibladin_marokkanske-puder-Boho-1.jpg\" \/>\n\t<meta property=\"og:image:width\" content=\"800\" \/>\n\t<meta property=\"og:image:height\" content=\"800\" \/>\n\t<meta property=\"og:image:type\" content=\"image\/jpeg\" \/>\n<meta name=\"twitter:card\" content=\"summary_large_image\" \/>\n<meta name=\"twitter:label1\" content=\"Geschatte leestijd\" \/>\n\t<meta name=\"twitter:data1\" content=\"2 minuten\" \/>\n<script type=\"application\/ld+json\" class=\"yoast-schema-graph\">{\"@context\":\"https:\\\/\\\/schema.org\",\"@graph\":[{\"@type\":\"WebPage\",\"@id\":\"https:\\\/\\\/tibladin.dk\\\/produkt\\\/puder-vintage-berber-kelim-boho\\\/\",\"url\":\"https:\\\/\\\/tibladin.dk\\\/produkt\\\/puder-vintage-berber-kelim-boho\\\/\",\"name\":\"Pude med vintage berber Kelimt\u00e6pper | H\u00e5ndlavede i Marokko\",\"isPartOf\":{\"@id\":\"https:\\\/\\\/tibladin.dk\\\/#website\"},\"primaryImageOfPage\":{\"@id\":\"https:\\\/\\\/tibladin.dk\\\/produkt\\\/puder-vintage-berber-kelim-boho\\\/#primaryimage\"},\"image\":{\"@id\":\"https:\\\/\\\/tibladin.dk\\\/produkt\\\/puder-vintage-berber-kelim-boho\\\/#primaryimage\"},\"thumbnailUrl\":\"https:\\\/\\\/tibladin.dk\\\/wp-content\\\/uploads\\\/2022\\\/09\\\/Tibladin_marokkanske-puder-Boho-1.jpg\",\"datePublished\":\"2022-09-20T09:15:24+00:00\",\"dateModified\":\"2026-01-03T05:45:25+00:00\",\"description\":\"Flotte boho pudebetr\u00e6k i kiria bomuld og vintage berber Kelimt\u00e6pper. Passer til 40x60 eller 50x60 cm, alt efter hvor fyldig puden \u00f8nskes.\",\"breadcrumb\":{\"@id\":\"https:\\\/\\\/tibladin.dk\\\/produkt\\\/puder-vintage-berber-kelim-boho\\\/#breadcrumb\"},\"inLanguage\":\"nl-NL\",\"potentialAction\":[{\"@type\":\"ReadAction\",\"target\":[\"https:\\\/\\\/tibladin.dk\\\/produkt\\\/puder-vintage-berber-kelim-boho\\\/\"]}]},{\"@type\":\"ImageObject\",\"inLanguage\":\"nl-NL\",\"@id\":\"https:\\\/\\\/tibladin.dk\\\/produkt\\\/puder-vintage-berber-kelim-boho\\\/#primaryimage\",\"url\":\"https:\\\/\\\/tibladin.dk\\\/wp-content\\\/uploads\\\/2022\\\/09\\\/Tibladin_marokkanske-puder-Boho-1.jpg\",\"contentUrl\":\"https:\\\/\\\/tibladin.dk\\\/wp-content\\\/uploads\\\/2022\\\/09\\\/Tibladin_marokkanske-puder-Boho-1.jpg\",\"width\":800,\"height\":800,\"caption\":\"H\u00e5ndv\u00e6vede vintage kelim boho pudebetr\u00e6k i r\u00f8d og beige med marokkansk m\u00f8nster med kvaster p\u00e5 kanterne st\u00e5ende p\u00e5 en puf\"},{\"@type\":\"BreadcrumbList\",\"@id\":\"https:\\\/\\\/tibladin.dk\\\/produkt\\\/puder-vintage-berber-kelim-boho\\\/#breadcrumb\",\"itemListElement\":[{\"@type\":\"ListItem\",\"position\":1,\"name\":\"Hjem\",\"item\":\"https:\\\/\\\/tibladin.dk\\\/\"},{\"@type\":\"ListItem\",\"position\":2,\"name\":\"Shop\",\"item\":\"https:\\\/\\\/tibladin.dk\\\/shop\\\/\"},{\"@type\":\"ListItem\",\"position\":3,\"name\":\"Puder vintage berber kelim BOHO\"}]},{\"@type\":\"WebSite\",\"@id\":\"https:\\\/\\\/tibladin.dk\\\/#website\",\"url\":\"https:\\\/\\\/tibladin.dk\\\/\",\"name\":\"Tibladin\",\"description\":\"Tibladin\",\"publisher\":{\"@id\":\"https:\\\/\\\/tibladin.dk\\\/#organization\"},\"potentialAction\":[{\"@type\":\"SearchAction\",\"target\":{\"@type\":\"EntryPoint\",\"urlTemplate\":\"https:\\\/\\\/tibladin.dk\\\/?s={search_term_string}\"},\"query-input\":{\"@type\":\"PropertyValueSpecification\",\"valueRequired\":true,\"valueName\":\"search_term_string\"}}],\"inLanguage\":\"nl-NL\"},{\"@type\":\"Organization\",\"@id\":\"https:\\\/\\\/tibladin.dk\\\/#organization\",\"name\":\"Tibladin\",\"url\":\"https:\\\/\\\/tibladin.dk\\\/\",\"logo\":{\"@type\":\"ImageObject\",\"inLanguage\":\"nl-NL\",\"@id\":\"https:\\\/\\\/tibladin.dk\\\/#\\\/schema\\\/logo\\\/image\\\/\",\"url\":\"https:\\\/\\\/tibladin.dk\\\/wp-content\\\/uploads\\\/2022\\\/09\\\/tibladin_logo.svg\",\"contentUrl\":\"https:\\\/\\\/tibladin.dk\\\/wp-content\\\/uploads\\\/2022\\\/09\\\/tibladin_logo.svg\",\"caption\":\"Tibladin\"},\"image\":{\"@id\":\"https:\\\/\\\/tibladin.dk\\\/#\\\/schema\\\/logo\\\/image\\\/\"}}]}<\/script>\n<!-- \/ Yoast SEO plugin. -->","yoast_head_json":{"title":"Kussen met vintage Berber kelim tapijten | Handgemaakt in Marokko","description":"Prachtige boho kussenhoezen van kiria-katoen en vintage Berber Kelim-tapijten. Geschikt voor 40x60 of 50x60 cm, afhankelijk van hoe vol het kussen gewenst is.","robots":{"index":"index","follow":"follow","max-snippet":"max-snippet:-1","max-image-preview":"max-image-preview:large","max-video-preview":"max-video-preview:-1"},"canonical":"https:\/\/tibladin.dk\/nl\/product-2\/kussens-vintage-berber-kelim-boho\/","og_locale":"nl_NL","og_type":"article","og_title":"Pude med vintage berber Kelimt\u00e6pper | H\u00e5ndlavede i Marokko","og_description":"Flotte boho pudebetr\u00e6k i kiria bomuld og vintage berber Kelimt\u00e6pper. Passer til 40x60 eller 50x60 cm, alt efter hvor fyldig puden \u00f8nskes.","og_url":"https:\/\/tibladin.dk\/nl\/product-2\/kussens-vintage-berber-kelim-boho\/","og_site_name":"Tibladin","article_modified_time":"2026-01-03T05:45:25+00:00","og_image":[{"width":800,"height":800,"url":"https:\/\/tibladin.dk\/wp-content\/uploads\/2022\/09\/Tibladin_marokkanske-puder-Boho-1.jpg","type":"image\/jpeg"}],"twitter_card":"summary_large_image","twitter_misc":{"Geschatte leestijd":"2 minuten"},"schema":{"@context":"https:\/\/schema.org","@graph":[{"@type":"WebPage","@id":"https:\/\/tibladin.dk\/produkt\/puder-vintage-berber-kelim-boho\/","url":"https:\/\/tibladin.dk\/produkt\/puder-vintage-berber-kelim-boho\/","name":"Kussen met vintage Berber kelim tapijten | Handgemaakt in Marokko","isPartOf":{"@id":"https:\/\/tibladin.dk\/#website"},"primaryImageOfPage":{"@id":"https:\/\/tibladin.dk\/produkt\/puder-vintage-berber-kelim-boho\/#primaryimage"},"image":{"@id":"https:\/\/tibladin.dk\/produkt\/puder-vintage-berber-kelim-boho\/#primaryimage"},"thumbnailUrl":"https:\/\/tibladin.dk\/wp-content\/uploads\/2022\/09\/Tibladin_marokkanske-puder-Boho-1.jpg","datePublished":"2022-09-20T09:15:24+00:00","dateModified":"2026-01-03T05:45:25+00:00","description":"Prachtige boho kussenhoezen van kiria-katoen en vintage Berber Kelim-tapijten. Geschikt voor 40x60 of 50x60 cm, afhankelijk van hoe vol het kussen gewenst is.","breadcrumb":{"@id":"https:\/\/tibladin.dk\/produkt\/puder-vintage-berber-kelim-boho\/#breadcrumb"},"inLanguage":"nl-NL","potentialAction":[{"@type":"ReadAction","target":["https:\/\/tibladin.dk\/produkt\/puder-vintage-berber-kelim-boho\/"]}]},{"@type":"ImageObject","inLanguage":"nl-NL","@id":"https:\/\/tibladin.dk\/produkt\/puder-vintage-berber-kelim-boho\/#primaryimage","url":"https:\/\/tibladin.dk\/wp-content\/uploads\/2022\/09\/Tibladin_marokkanske-puder-Boho-1.jpg","contentUrl":"https:\/\/tibladin.dk\/wp-content\/uploads\/2022\/09\/Tibladin_marokkanske-puder-Boho-1.jpg","width":800,"height":800,"caption":"H\u00e5ndv\u00e6vede vintage kelim boho pudebetr\u00e6k i r\u00f8d og beige med marokkansk m\u00f8nster med kvaster p\u00e5 kanterne st\u00e5ende p\u00e5 en puf"},{"@type":"BreadcrumbList","@id":"https:\/\/tibladin.dk\/produkt\/puder-vintage-berber-kelim-boho\/#breadcrumb","itemListElement":[{"@type":"ListItem","position":1,"name":"Hjem","item":"https:\/\/tibladin.dk\/"},{"@type":"ListItem","position":2,"name":"Shop","item":"https:\/\/tibladin.dk\/shop\/"},{"@type":"ListItem","position":3,"name":"Puder vintage berber kelim BOHO"}]},{"@type":"WebSite","@id":"https:\/\/tibladin.dk\/#website","url":"https:\/\/tibladin.dk\/","name":"Tibladin","description":"Tibladin","publisher":{"@id":"https:\/\/tibladin.dk\/#organization"},"potentialAction":[{"@type":"SearchAction","target":{"@type":"EntryPoint","urlTemplate":"https:\/\/tibladin.dk\/?s={search_term_string}"},"query-input":{"@type":"PropertyValueSpecification","valueRequired":true,"valueName":"search_term_string"}}],"inLanguage":"nl-NL"},{"@type":"Organization","@id":"https:\/\/tibladin.dk\/#organization","name":"Tibladin","url":"https:\/\/tibladin.dk\/","logo":{"@type":"ImageObject","inLanguage":"nl-NL","@id":"https:\/\/tibladin.dk\/#\/schema\/logo\/image\/","url":"https:\/\/tibladin.dk\/wp-content\/uploads\/2022\/09\/tibladin_logo.svg","contentUrl":"https:\/\/tibladin.dk\/wp-content\/uploads\/2022\/09\/tibladin_logo.svg","caption":"Tibladin"},"image":{"@id":"https:\/\/tibladin.dk\/#\/schema\/logo\/image\/"}}]}},"_links":{"self":[{"href":"https:\/\/tibladin.dk\/nl\/wp-json\/wp\/v2\/product\/2336","targetHints":{"allow":["GET"]}}],"collection":[{"href":"https:\/\/tibladin.dk\/nl\/wp-json\/wp\/v2\/product"}],"about":[{"href":"https:\/\/tibladin.dk\/nl\/wp-json\/wp\/v2\/types\/product"}],"wp:featuredmedia":[{"embeddable":true,"href":"https:\/\/tibladin.dk\/nl\/wp-json\/wp\/v2\/media\/2388"}],"wp:attachment":[{"href":"https:\/\/tibladin.dk\/nl\/wp-json\/wp\/v2\/media?parent=2336"}],"wp:term":[{"taxonomy":"product_brand","embeddable":true,"href":"https:\/\/tibladin.dk\/nl\/wp-json\/wp\/v2\/product_brand?post=2336"},{"taxonomy":"product_cat","embeddable":true,"href":"https:\/\/tibladin.dk\/nl\/wp-json\/wp\/v2\/product_cat?post=2336"},{"taxonomy":"product_tag","embeddable":true,"href":"https:\/\/tibladin.dk\/nl\/wp-json\/wp\/v2\/product_tag?post=2336"}],"curies":[{"name":"wp","href":"https:\/\/api.w.org\/{rel}","templated":true}]}}