{"id":2375,"date":"2022-09-20T11:15:47","date_gmt":"2022-09-20T09:15:47","guid":{"rendered":"https:\/\/tibladin.dk\/?post_type=product&#038;p=2375"},"modified":"2025-05-03T18:43:46","modified_gmt":"2025-05-03T16:43:46","slug":"kledingmaat-s-diverse-uitvoeringen","status":"publish","type":"product","link":"https:\/\/tibladin.dk\/nl\/produkt\/kjole-str-s-flere-designs\/","title":{"rendered":"Jurkmaat S (meerdere uitvoeringen)"},"content":{"rendered":"<div class=\"wpb-content-wrapper\"><div class=\"vc_row wpb_row vc_row-fluid\"><div class=\"wpb_column vc_column_container vc_col-sm-4\"><div class=\"vc_column-inner\"><div class=\"wpb_wrapper\"><\/div><\/div><\/div><div class=\"wpb_column vc_column_container vc_col-sm-4\"><div class=\"vc_column-inner\"><div class=\"wpb_wrapper\"><h3 style=\"text-align: left\" class=\"vc_custom_heading vc_do_custom_heading\" >Onderhoud<\/h3>\n\t<div class=\"wpb_text_column wpb_content_element\" >\n\t\t<div class=\"wpb_wrapper\">\n\t\t\t<p>De jurkjes zijn gemaakt van 100% katoen en kunnen daardoor in de machine gewassen worden tot 40 graden. We raden ook aan om de jurken te stomen\/strijken om kreuken en vouwen te voorkomen.<\/p>\n\n\t\t<\/div>\n\t<\/div>\n<\/div><\/div><\/div><div class=\"wpb_column vc_column_container vc_col-sm-4\"><div class=\"vc_column-inner\"><div class=\"wpb_wrapper\"><h3 style=\"text-align: left\" class=\"vc_custom_heading vc_do_custom_heading\" >Het verhaal erachter<\/h3>\n\t<div class=\"wpb_text_column wpb_content_element\" >\n\t\t<div class=\"wpb_wrapper\">\n\t\t\t<p>Deze prachtige Marokkaanse jurken zijn met de hand gestikt in 100% katoen en stralen leven en kleur uit. De jurken zijn gemaakt in samenwerking met een ontwerper en kleermaker in Marrakech, en samen hebben we voor elke jurk zorgvuldig de kleuren, materialen en patronen geselecteerd. Daarom zijn ze ook volkomen uniek; van elk is er maar \u00e9\u00e9n en deze ontwerpen vind je nergens anders. De pasvorm van de prachtige jurkjes is los en comfortabel, maar tegelijkertijd flatterend en heerlijk. De jurk kan zowel thuis, op kantoor als voor een uitstapje naar het strand of terras op een warme zomerdag gebruikt worden.<\/p>\n<p>De jurken in Str. S is verkrijgbaar in drie verschillende prachtige designs.<\/p>\n\n\t\t<\/div>\n\t<\/div>\n<\/div><\/div><\/div><\/div>\n<\/div>","protected":false},"excerpt":{"rendered":"<p class=\"p1\">Prachtige handgenaaide jurk van 100% katoen. De jurken zijn gemaakt in samenwerking met een ontwerper en kleermaker in Marrakech, en elk individueel ontwerp is zeer uniek. In elk ontwerp is er maar 1 jurk. De jurken zijn verkrijgbaar in een veelvoud aan prachtige patronen en kleuren en hebben een losse, comfortabele en flatterende pasvorm. De jurkjes hebben aan iedere kant een mooie split. Perfect voor zowel het dagelijks leven als een uitstapje naar het strand. De jurken in categorie S passen bij de meeste mensen van XS tot S en M.<\/p>\n<p>De jurken in Str. De S is verkrijgbaar in drie verschillende ontwerpen die het volgende meten:<\/p>\n<p>Marrakech: | Schouder: 41 cm | Taille: 57 cm | Lengte: 132 cm | Mouwlengte: 36 cm\u00a0<em>|\u00a0<\/em>Split: 27 cm |<\/p>\n<p>Koninklijke streep: | Schouder: 40 cm | Taille: 56 cm | Lengte: 134 cm | Mouwlengte: 33 cm | Spleet: 32 cm | Halslijn: 20 cm |<\/p>\n<p>Fruitig: | Schouder: 42 cm | Taille: 60 cm | Lengte: 133 | Mouwlengte: 32 cm | Spleet: 32 cm | Halslijn: 17 cm |<\/p>\n<p>&nbsp;<\/p>\n<p>&nbsp;<\/p>\n<p>&nbsp;<\/p>","protected":false},"featured_media":2444,"template":"","meta":{"inline_featured_image":false},"product_brand":[],"product_cat":[27,109],"product_tag":[],"class_list":{"0":"post-2375","1":"product","2":"type-product","3":"status-publish","4":"has-post-thumbnail","6":"product_cat-diverse","7":"product_cat-kjoler","9":"first","10":"instock","11":"taxable","12":"shipping-taxable","13":"purchasable","14":"product-type-variable"},"exclude_global_add_ons":false,"addons":[{"name":"Wilt u een cadeauverpakking?","type":"checkbox","position":0,"required":false,"title_format":"label","default":"","description_enable":false,"description":"","placeholder_enable":false,"placeholder":"","display":"images","restrictions_type":"any_text","adjust_price":false,"price":"","price_type":"flat_fee","restrictions":false,"min":"0","max":"0","options":[{"label":"Ja tak","price":"10","price_type":"flat_fee","image":11015,"visibility":true}],"id":1669646111}],"yoast_head":"<!-- This site is optimized with the Yoast SEO plugin v27.5 - https:\/\/yoast.com\/product\/yoast-seo-wordpress\/ -->\n<title>H\u00e5ndsyet Marrokansk kjole | Unikt design | Tibladin |<\/title>\n<meta name=\"description\" content=\"Smukke h\u00e5ndsyede kjoler i 100% bomuld. Udviklet i samarbejde med designer og skr\u00e6dder i Marrakech. Unikke og farvestr\u00e5lende.\" \/>\n<meta name=\"robots\" content=\"index, follow, max-snippet:-1, max-image-preview:large, max-video-preview:-1\" \/>\n<link rel=\"canonical\" href=\"https:\/\/tibladin.dk\/nl\/product-2\/kledingmaat-s-diverse-uitvoeringen\/\" \/>\n<meta property=\"og:locale\" content=\"nl_NL\" \/>\n<meta property=\"og:type\" content=\"article\" \/>\n<meta property=\"og:title\" content=\"H\u00e5ndsyet Marrokansk kjole | Unikt design | Tibladin |\" \/>\n<meta property=\"og:description\" content=\"Smukke h\u00e5ndsyede kjoler i 100% bomuld. Udviklet i samarbejde med designer og skr\u00e6dder i Marrakech. Unikke og farvestr\u00e5lende.\" \/>\n<meta property=\"og:url\" content=\"https:\/\/tibladin.dk\/nl\/product-2\/kledingmaat-s-diverse-uitvoeringen\/\" \/>\n<meta property=\"og:site_name\" content=\"Tibladin\" \/>\n<meta property=\"article:modified_time\" content=\"2025-05-03T16:43:46+00:00\" \/>\n<meta property=\"og:image\" content=\"https:\/\/tibladin.dk\/wp-content\/uploads\/2022\/09\/Tibladin_marrakech-kjole_S-1.jpg\" \/>\n\t<meta property=\"og:image:width\" content=\"800\" \/>\n\t<meta property=\"og:image:height\" content=\"800\" \/>\n\t<meta property=\"og:image:type\" content=\"image\/jpeg\" \/>\n<meta name=\"twitter:card\" content=\"summary_large_image\" \/>\n<meta name=\"twitter:label1\" content=\"Geschatte leestijd\" \/>\n\t<meta name=\"twitter:data1\" content=\"2 minuten\" \/>\n<script type=\"application\/ld+json\" class=\"yoast-schema-graph\">{\"@context\":\"https:\\\/\\\/schema.org\",\"@graph\":[{\"@type\":\"WebPage\",\"@id\":\"https:\\\/\\\/tibladin.dk\\\/produkt\\\/kjole-str-s-flere-designs\\\/\",\"url\":\"https:\\\/\\\/tibladin.dk\\\/produkt\\\/kjole-str-s-flere-designs\\\/\",\"name\":\"H\u00e5ndsyet Marrokansk kjole | Unikt design | Tibladin |\",\"isPartOf\":{\"@id\":\"https:\\\/\\\/tibladin.dk\\\/#website\"},\"primaryImageOfPage\":{\"@id\":\"https:\\\/\\\/tibladin.dk\\\/produkt\\\/kjole-str-s-flere-designs\\\/#primaryimage\"},\"image\":{\"@id\":\"https:\\\/\\\/tibladin.dk\\\/produkt\\\/kjole-str-s-flere-designs\\\/#primaryimage\"},\"thumbnailUrl\":\"https:\\\/\\\/tibladin.dk\\\/wp-content\\\/uploads\\\/2022\\\/09\\\/Tibladin_marrakech-kjole_S-1.jpg\",\"datePublished\":\"2022-09-20T09:15:47+00:00\",\"dateModified\":\"2025-05-03T16:43:46+00:00\",\"description\":\"Smukke h\u00e5ndsyede kjoler i 100% bomuld. Udviklet i samarbejde med designer og skr\u00e6dder i Marrakech. Unikke og farvestr\u00e5lende.\",\"breadcrumb\":{\"@id\":\"https:\\\/\\\/tibladin.dk\\\/produkt\\\/kjole-str-s-flere-designs\\\/#breadcrumb\"},\"inLanguage\":\"nl-NL\",\"potentialAction\":[{\"@type\":\"ReadAction\",\"target\":[\"https:\\\/\\\/tibladin.dk\\\/produkt\\\/kjole-str-s-flere-designs\\\/\"]}]},{\"@type\":\"ImageObject\",\"inLanguage\":\"nl-NL\",\"@id\":\"https:\\\/\\\/tibladin.dk\\\/produkt\\\/kjole-str-s-flere-designs\\\/#primaryimage\",\"url\":\"https:\\\/\\\/tibladin.dk\\\/wp-content\\\/uploads\\\/2022\\\/09\\\/Tibladin_marrakech-kjole_S-1.jpg\",\"contentUrl\":\"https:\\\/\\\/tibladin.dk\\\/wp-content\\\/uploads\\\/2022\\\/09\\\/Tibladin_marrakech-kjole_S-1.jpg\",\"width\":800,\"height\":800,\"caption\":\"Model i marokkansk h\u00e5ndv\u00e6vet kjole i r\u00f8d med Marrackech m\u00f8nster\"},{\"@type\":\"BreadcrumbList\",\"@id\":\"https:\\\/\\\/tibladin.dk\\\/produkt\\\/kjole-str-s-flere-designs\\\/#breadcrumb\",\"itemListElement\":[{\"@type\":\"ListItem\",\"position\":1,\"name\":\"Hjem\",\"item\":\"https:\\\/\\\/tibladin.dk\\\/\"},{\"@type\":\"ListItem\",\"position\":2,\"name\":\"Shop\",\"item\":\"https:\\\/\\\/tibladin.dk\\\/shop\\\/\"},{\"@type\":\"ListItem\",\"position\":3,\"name\":\"Kjole str. S (flere designs)\"}]},{\"@type\":\"WebSite\",\"@id\":\"https:\\\/\\\/tibladin.dk\\\/#website\",\"url\":\"https:\\\/\\\/tibladin.dk\\\/\",\"name\":\"Tibladin\",\"description\":\"Tibladin\",\"publisher\":{\"@id\":\"https:\\\/\\\/tibladin.dk\\\/#organization\"},\"potentialAction\":[{\"@type\":\"SearchAction\",\"target\":{\"@type\":\"EntryPoint\",\"urlTemplate\":\"https:\\\/\\\/tibladin.dk\\\/?s={search_term_string}\"},\"query-input\":{\"@type\":\"PropertyValueSpecification\",\"valueRequired\":true,\"valueName\":\"search_term_string\"}}],\"inLanguage\":\"nl-NL\"},{\"@type\":\"Organization\",\"@id\":\"https:\\\/\\\/tibladin.dk\\\/#organization\",\"name\":\"Tibladin\",\"url\":\"https:\\\/\\\/tibladin.dk\\\/\",\"logo\":{\"@type\":\"ImageObject\",\"inLanguage\":\"nl-NL\",\"@id\":\"https:\\\/\\\/tibladin.dk\\\/#\\\/schema\\\/logo\\\/image\\\/\",\"url\":\"https:\\\/\\\/tibladin.dk\\\/wp-content\\\/uploads\\\/2022\\\/09\\\/tibladin_logo.svg\",\"contentUrl\":\"https:\\\/\\\/tibladin.dk\\\/wp-content\\\/uploads\\\/2022\\\/09\\\/tibladin_logo.svg\",\"caption\":\"Tibladin\"},\"image\":{\"@id\":\"https:\\\/\\\/tibladin.dk\\\/#\\\/schema\\\/logo\\\/image\\\/\"}}]}<\/script>\n<!-- \/ Yoast SEO plugin. -->","yoast_head_json":{"title":"Handgestikte Marokkaanse jurk | Uniek ontwerp | Tibladin |","description":"Prachtige handgestikte jurkjes van 100% katoen. Ontwikkeld in samenwerking met ontwerper en kleermaker in Marrakech. Uniek en felgekleurd.","robots":{"index":"index","follow":"follow","max-snippet":"max-snippet:-1","max-image-preview":"max-image-preview:large","max-video-preview":"max-video-preview:-1"},"canonical":"https:\/\/tibladin.dk\/nl\/product-2\/kledingmaat-s-diverse-uitvoeringen\/","og_locale":"nl_NL","og_type":"article","og_title":"H\u00e5ndsyet Marrokansk kjole | Unikt design | Tibladin |","og_description":"Smukke h\u00e5ndsyede kjoler i 100% bomuld. Udviklet i samarbejde med designer og skr\u00e6dder i Marrakech. Unikke og farvestr\u00e5lende.","og_url":"https:\/\/tibladin.dk\/nl\/product-2\/kledingmaat-s-diverse-uitvoeringen\/","og_site_name":"Tibladin","article_modified_time":"2025-05-03T16:43:46+00:00","og_image":[{"width":800,"height":800,"url":"https:\/\/tibladin.dk\/wp-content\/uploads\/2022\/09\/Tibladin_marrakech-kjole_S-1.jpg","type":"image\/jpeg"}],"twitter_card":"summary_large_image","twitter_misc":{"Geschatte leestijd":"2 minuten"},"schema":{"@context":"https:\/\/schema.org","@graph":[{"@type":"WebPage","@id":"https:\/\/tibladin.dk\/produkt\/kjole-str-s-flere-designs\/","url":"https:\/\/tibladin.dk\/produkt\/kjole-str-s-flere-designs\/","name":"Handgestikte Marokkaanse jurk | Uniek ontwerp | Tibladin |","isPartOf":{"@id":"https:\/\/tibladin.dk\/#website"},"primaryImageOfPage":{"@id":"https:\/\/tibladin.dk\/produkt\/kjole-str-s-flere-designs\/#primaryimage"},"image":{"@id":"https:\/\/tibladin.dk\/produkt\/kjole-str-s-flere-designs\/#primaryimage"},"thumbnailUrl":"https:\/\/tibladin.dk\/wp-content\/uploads\/2022\/09\/Tibladin_marrakech-kjole_S-1.jpg","datePublished":"2022-09-20T09:15:47+00:00","dateModified":"2025-05-03T16:43:46+00:00","description":"Prachtige handgestikte jurkjes van 100% katoen. Ontwikkeld in samenwerking met ontwerper en kleermaker in Marrakech. Uniek en felgekleurd.","breadcrumb":{"@id":"https:\/\/tibladin.dk\/produkt\/kjole-str-s-flere-designs\/#breadcrumb"},"inLanguage":"nl-NL","potentialAction":[{"@type":"ReadAction","target":["https:\/\/tibladin.dk\/produkt\/kjole-str-s-flere-designs\/"]}]},{"@type":"ImageObject","inLanguage":"nl-NL","@id":"https:\/\/tibladin.dk\/produkt\/kjole-str-s-flere-designs\/#primaryimage","url":"https:\/\/tibladin.dk\/wp-content\/uploads\/2022\/09\/Tibladin_marrakech-kjole_S-1.jpg","contentUrl":"https:\/\/tibladin.dk\/wp-content\/uploads\/2022\/09\/Tibladin_marrakech-kjole_S-1.jpg","width":800,"height":800,"caption":"Model i marokkansk h\u00e5ndv\u00e6vet kjole i r\u00f8d med Marrackech m\u00f8nster"},{"@type":"BreadcrumbList","@id":"https:\/\/tibladin.dk\/produkt\/kjole-str-s-flere-designs\/#breadcrumb","itemListElement":[{"@type":"ListItem","position":1,"name":"Hjem","item":"https:\/\/tibladin.dk\/"},{"@type":"ListItem","position":2,"name":"Shop","item":"https:\/\/tibladin.dk\/shop\/"},{"@type":"ListItem","position":3,"name":"Kjole str. S (flere designs)"}]},{"@type":"WebSite","@id":"https:\/\/tibladin.dk\/#website","url":"https:\/\/tibladin.dk\/","name":"Tibladin","description":"Tibladin","publisher":{"@id":"https:\/\/tibladin.dk\/#organization"},"potentialAction":[{"@type":"SearchAction","target":{"@type":"EntryPoint","urlTemplate":"https:\/\/tibladin.dk\/?s={search_term_string}"},"query-input":{"@type":"PropertyValueSpecification","valueRequired":true,"valueName":"search_term_string"}}],"inLanguage":"nl-NL"},{"@type":"Organization","@id":"https:\/\/tibladin.dk\/#organization","name":"Tibladin","url":"https:\/\/tibladin.dk\/","logo":{"@type":"ImageObject","inLanguage":"nl-NL","@id":"https:\/\/tibladin.dk\/#\/schema\/logo\/image\/","url":"https:\/\/tibladin.dk\/wp-content\/uploads\/2022\/09\/tibladin_logo.svg","contentUrl":"https:\/\/tibladin.dk\/wp-content\/uploads\/2022\/09\/tibladin_logo.svg","caption":"Tibladin"},"image":{"@id":"https:\/\/tibladin.dk\/#\/schema\/logo\/image\/"}}]}},"_links":{"self":[{"href":"https:\/\/tibladin.dk\/nl\/wp-json\/wp\/v2\/product\/2375","targetHints":{"allow":["GET"]}}],"collection":[{"href":"https:\/\/tibladin.dk\/nl\/wp-json\/wp\/v2\/product"}],"about":[{"href":"https:\/\/tibladin.dk\/nl\/wp-json\/wp\/v2\/types\/product"}],"wp:featuredmedia":[{"embeddable":true,"href":"https:\/\/tibladin.dk\/nl\/wp-json\/wp\/v2\/media\/2444"}],"wp:attachment":[{"href":"https:\/\/tibladin.dk\/nl\/wp-json\/wp\/v2\/media?parent=2375"}],"wp:term":[{"taxonomy":"product_brand","embeddable":true,"href":"https:\/\/tibladin.dk\/nl\/wp-json\/wp\/v2\/product_brand?post=2375"},{"taxonomy":"product_cat","embeddable":true,"href":"https:\/\/tibladin.dk\/nl\/wp-json\/wp\/v2\/product_cat?post=2375"},{"taxonomy":"product_tag","embeddable":true,"href":"https:\/\/tibladin.dk\/nl\/wp-json\/wp\/v2\/product_tag?post=2375"}],"curies":[{"name":"wp","href":"https:\/\/api.w.org\/{rel}","templated":true}]}}