{"id":2437,"date":"2022-09-20T11:16:19","date_gmt":"2022-09-20T09:16:19","guid":{"rendered":"https:\/\/tibladin.dk\/vare\/loungestol-i-valnoeddetrae-med-flettet-laeder-cosy\/"},"modified":"2026-05-06T07:16:57","modified_gmt":"2026-05-06T05:16:57","slug":"loungestoel-van-walnoothout-met-gevlochten-leren-bekleding-comfortabel","status":"publish","type":"product","link":"https:\/\/tibladin.dk\/nl\/produkt\/loungestol-i-valnoeddetrae-med-flettet-laeder-cosy\/","title":{"rendered":"Loungefauteuil van walnoothout met gevlochten leer, gezellig."},"content":{"rendered":"<div class=\"wpb-content-wrapper\"><div class=\"vc_row wpb_row vc_row-fluid\"><div class=\"wpb_column vc_column_container vc_col-sm-4\"><div class=\"vc_column-inner\"><div class=\"wpb_wrapper\"><\/div><\/div><\/div><div class=\"wpb_column vc_column_container vc_col-sm-4\"><div class=\"vc_column-inner\"><div class=\"wpb_wrapper\"><h3 style=\"text-align: left\" class=\"vc_custom_heading vc_do_custom_heading\" >Onderhoud<\/h3>\n\t<div class=\"wpb_text_column wpb_content_element\" >\n\t\t<div class=\"wpb_wrapper\">\n\t\t\t<p>De stoel kan worden afgeweegd met een vochtige doek en, indien gewenst, kunnen zowel het hout als het leer naar behoefte worden geolied.<\/p>\n\n\t\t<\/div>\n\t<\/div>\n<\/div><\/div><\/div><div class=\"wpb_column vc_column_container vc_col-sm-4\"><div class=\"vc_column-inner\"><div class=\"wpb_wrapper\"><h3 style=\"text-align: left\" class=\"vc_custom_heading vc_do_custom_heading\" >Het verhaal erachter<\/h3>\n\t<div class=\"wpb_text_column wpb_content_element\" >\n\t\t<div class=\"wpb_wrapper\">\n\t\t\t<p>Deze prachtige fauteuil is gemaakt van walnoothout met een zitting van gevlochten leer. De stoel is handgemaakt in Marrakech en heeft een elegante en warme uitstraling die perfect past in een stijlvol Scandinavisch interieur. De mooie, strakke lijnen, gecombineerd met het prachtige donkere walnoothout en het warme leer, geven een gevoel van elegantie, maar nodigen ook uit tot ontspanning en gezelligheid. De stoel kan in de woonkamer als onderdeel van een zithoek, in de slaapkamer en op kantoor worden geplaatst en past daardoor in de meeste ruimtes. De stoel is gemaakt in samenwerking met een ambachtsman in Marrakech.<\/p>\n\n\t\t<\/div>\n\t<\/div>\n<\/div><\/div><\/div><\/div>\n<\/div>","protected":false},"excerpt":{"rendered":"<p class=\"p1\">Prachtige fauteuil van walnoothout met een zitting van gevlochten leer. De stoel is handgemaakt door een ambachtsman in Marrakech en heeft een elegante, stijlvolle en warme uitstraling. De mooie strakke lijnen en de warme kleuren van het walnoothout en leer zorgen ervoor dat de stoel perfect past in een Scandinavisch interieur. De fauteuil is ideaal om te ontspannen en te genieten van comfort en staat prachtig in de woonkamer, slaapkamer en op kantoor.<\/p>\n<p><strong>LET OP! Kan online worden gekocht en in de winkel worden afgehaald.<\/strong>.<strong> De stoel wordt niet verzonden!<\/strong><\/p>\n<p>| Hoogte: 75 cm (zithoogte 40 cm) | Diepte: 50 cm | Breedte: 60 cm |<\/p>","protected":false},"featured_media":2432,"template":"","meta":{"inline_featured_image":false},"product_brand":[],"product_cat":[47,108,39],"product_tag":[],"class_list":{"0":"post-2437","1":"product","2":"type-product","3":"status-publish","4":"has-post-thumbnail","6":"product_cat-gaven-til-ham","7":"product_cat-loungestole-indendoers","8":"product_cat-moebler","10":"first","11":"instock","12":"taxable","13":"shipping-taxable","14":"purchasable","15":"product-type-simple"},"exclude_global_add_ons":[],"addons":[],"yoast_head":"<!-- This site is optimized with the Yoast SEO plugin v27.5 - https:\/\/yoast.com\/product\/yoast-seo-wordpress\/ -->\n<title>Loungestol i valn\u00f8ddetr\u00e6 og flettet l\u00e6der | Eksklusivt h\u00e5ndv\u00e6rk<\/title>\n<meta name=\"description\" content=\"Smuk loungestol i valn\u00f8ddetr\u00e6 med s\u00e6de af flettet l\u00e6der. H\u00e5ndlavet i Marrakech ved lokal kunsth\u00e5ndv\u00e6rker. Perfekt til afslapning og hygge.\" \/>\n<meta name=\"robots\" content=\"index, follow, max-snippet:-1, max-image-preview:large, max-video-preview:-1\" \/>\n<link rel=\"canonical\" href=\"https:\/\/tibladin.dk\/nl\/product-2\/loungestoel-van-walnoothout-met-gevlochten-leren-bekleding-comfortabel\/\" \/>\n<meta property=\"og:locale\" content=\"nl_NL\" \/>\n<meta property=\"og:type\" content=\"article\" \/>\n<meta property=\"og:title\" content=\"Loungestol i valn\u00f8ddetr\u00e6 og flettet l\u00e6der | Eksklusivt h\u00e5ndv\u00e6rk\" \/>\n<meta property=\"og:description\" content=\"Smuk loungestol i valn\u00f8ddetr\u00e6 med s\u00e6de af flettet l\u00e6der. H\u00e5ndlavet i Marrakech ved lokal kunsth\u00e5ndv\u00e6rker. Perfekt til afslapning og hygge.\" \/>\n<meta property=\"og:url\" content=\"https:\/\/tibladin.dk\/nl\/product-2\/loungestoel-van-walnoothout-met-gevlochten-leren-bekleding-comfortabel\/\" \/>\n<meta property=\"og:site_name\" content=\"Tibladin\" \/>\n<meta property=\"article:modified_time\" content=\"2026-05-06T05:16:57+00:00\" \/>\n<meta property=\"og:image\" content=\"https:\/\/tibladin.dk\/wp-content\/uploads\/2022\/09\/Loungestol-1.jpg\" \/>\n\t<meta property=\"og:image:width\" content=\"800\" \/>\n\t<meta property=\"og:image:height\" content=\"800\" \/>\n\t<meta property=\"og:image:type\" content=\"image\/jpeg\" \/>\n<meta name=\"twitter:card\" content=\"summary_large_image\" \/>\n<meta name=\"twitter:label1\" content=\"Geschatte leestijd\" \/>\n\t<meta name=\"twitter:data1\" content=\"2 minuten\" \/>\n<script type=\"application\/ld+json\" class=\"yoast-schema-graph\">{\"@context\":\"https:\\\/\\\/schema.org\",\"@graph\":[{\"@type\":\"WebPage\",\"@id\":\"https:\\\/\\\/tibladin.dk\\\/produkt\\\/loungestol-i-valnoeddetrae-med-flettet-laeder-cosy\\\/\",\"url\":\"https:\\\/\\\/tibladin.dk\\\/produkt\\\/loungestol-i-valnoeddetrae-med-flettet-laeder-cosy\\\/\",\"name\":\"Loungestol i valn\u00f8ddetr\u00e6 og flettet l\u00e6der | Eksklusivt h\u00e5ndv\u00e6rk\",\"isPartOf\":{\"@id\":\"https:\\\/\\\/tibladin.dk\\\/#website\"},\"primaryImageOfPage\":{\"@id\":\"https:\\\/\\\/tibladin.dk\\\/produkt\\\/loungestol-i-valnoeddetrae-med-flettet-laeder-cosy\\\/#primaryimage\"},\"image\":{\"@id\":\"https:\\\/\\\/tibladin.dk\\\/produkt\\\/loungestol-i-valnoeddetrae-med-flettet-laeder-cosy\\\/#primaryimage\"},\"thumbnailUrl\":\"https:\\\/\\\/tibladin.dk\\\/wp-content\\\/uploads\\\/2022\\\/09\\\/Loungestol-1.jpg\",\"datePublished\":\"2022-09-20T09:16:19+00:00\",\"dateModified\":\"2026-05-06T05:16:57+00:00\",\"description\":\"Smuk loungestol i valn\u00f8ddetr\u00e6 med s\u00e6de af flettet l\u00e6der. H\u00e5ndlavet i Marrakech ved lokal kunsth\u00e5ndv\u00e6rker. Perfekt til afslapning og hygge.\",\"breadcrumb\":{\"@id\":\"https:\\\/\\\/tibladin.dk\\\/produkt\\\/loungestol-i-valnoeddetrae-med-flettet-laeder-cosy\\\/#breadcrumb\"},\"inLanguage\":\"nl-NL\",\"potentialAction\":[{\"@type\":\"ReadAction\",\"target\":[\"https:\\\/\\\/tibladin.dk\\\/produkt\\\/loungestol-i-valnoeddetrae-med-flettet-laeder-cosy\\\/\"]}]},{\"@type\":\"ImageObject\",\"inLanguage\":\"nl-NL\",\"@id\":\"https:\\\/\\\/tibladin.dk\\\/produkt\\\/loungestol-i-valnoeddetrae-med-flettet-laeder-cosy\\\/#primaryimage\",\"url\":\"https:\\\/\\\/tibladin.dk\\\/wp-content\\\/uploads\\\/2022\\\/09\\\/Loungestol-1.jpg\",\"contentUrl\":\"https:\\\/\\\/tibladin.dk\\\/wp-content\\\/uploads\\\/2022\\\/09\\\/Loungestol-1.jpg\",\"width\":800,\"height\":800,\"caption\":\"H\u00e5ndlavet loungestol i valn\u00f8ddetr\u00e6 og s\u00e6de i flettet l\u00e6der forfra\"},{\"@type\":\"BreadcrumbList\",\"@id\":\"https:\\\/\\\/tibladin.dk\\\/produkt\\\/loungestol-i-valnoeddetrae-med-flettet-laeder-cosy\\\/#breadcrumb\",\"itemListElement\":[{\"@type\":\"ListItem\",\"position\":1,\"name\":\"Hjem\",\"item\":\"https:\\\/\\\/tibladin.dk\\\/\"},{\"@type\":\"ListItem\",\"position\":2,\"name\":\"Shop\",\"item\":\"https:\\\/\\\/tibladin.dk\\\/shop\\\/\"},{\"@type\":\"ListItem\",\"position\":3,\"name\":\"Loungestol i valn\u00f8ddetr\u00e6 med flettet l\u00e6der COSY\"}]},{\"@type\":\"WebSite\",\"@id\":\"https:\\\/\\\/tibladin.dk\\\/#website\",\"url\":\"https:\\\/\\\/tibladin.dk\\\/\",\"name\":\"Tibladin\",\"description\":\"Tibladin\",\"publisher\":{\"@id\":\"https:\\\/\\\/tibladin.dk\\\/#organization\"},\"potentialAction\":[{\"@type\":\"SearchAction\",\"target\":{\"@type\":\"EntryPoint\",\"urlTemplate\":\"https:\\\/\\\/tibladin.dk\\\/?s={search_term_string}\"},\"query-input\":{\"@type\":\"PropertyValueSpecification\",\"valueRequired\":true,\"valueName\":\"search_term_string\"}}],\"inLanguage\":\"nl-NL\"},{\"@type\":\"Organization\",\"@id\":\"https:\\\/\\\/tibladin.dk\\\/#organization\",\"name\":\"Tibladin\",\"url\":\"https:\\\/\\\/tibladin.dk\\\/\",\"logo\":{\"@type\":\"ImageObject\",\"inLanguage\":\"nl-NL\",\"@id\":\"https:\\\/\\\/tibladin.dk\\\/#\\\/schema\\\/logo\\\/image\\\/\",\"url\":\"https:\\\/\\\/tibladin.dk\\\/wp-content\\\/uploads\\\/2022\\\/09\\\/tibladin_logo.svg\",\"contentUrl\":\"https:\\\/\\\/tibladin.dk\\\/wp-content\\\/uploads\\\/2022\\\/09\\\/tibladin_logo.svg\",\"caption\":\"Tibladin\"},\"image\":{\"@id\":\"https:\\\/\\\/tibladin.dk\\\/#\\\/schema\\\/logo\\\/image\\\/\"}}]}<\/script>\n<!-- \/ Yoast SEO plugin. -->","yoast_head_json":{"title":"Loungefauteuil van walnoothout en gevlochten leer | Exclusief vakmanschap","description":"Prachtige loungestoel van walnoothout met een zitting van geweven leer. Handgemaakt in Marrakech door een lokale ambachtsman. Perfect om te ontspannen en te genieten.","robots":{"index":"index","follow":"follow","max-snippet":"max-snippet:-1","max-image-preview":"max-image-preview:large","max-video-preview":"max-video-preview:-1"},"canonical":"https:\/\/tibladin.dk\/nl\/product-2\/loungestoel-van-walnoothout-met-gevlochten-leren-bekleding-comfortabel\/","og_locale":"nl_NL","og_type":"article","og_title":"Loungestol i valn\u00f8ddetr\u00e6 og flettet l\u00e6der | Eksklusivt h\u00e5ndv\u00e6rk","og_description":"Smuk loungestol i valn\u00f8ddetr\u00e6 med s\u00e6de af flettet l\u00e6der. H\u00e5ndlavet i Marrakech ved lokal kunsth\u00e5ndv\u00e6rker. Perfekt til afslapning og hygge.","og_url":"https:\/\/tibladin.dk\/nl\/product-2\/loungestoel-van-walnoothout-met-gevlochten-leren-bekleding-comfortabel\/","og_site_name":"Tibladin","article_modified_time":"2026-05-06T05:16:57+00:00","og_image":[{"width":800,"height":800,"url":"https:\/\/tibladin.dk\/wp-content\/uploads\/2022\/09\/Loungestol-1.jpg","type":"image\/jpeg"}],"twitter_card":"summary_large_image","twitter_misc":{"Geschatte leestijd":"2 minuten"},"schema":{"@context":"https:\/\/schema.org","@graph":[{"@type":"WebPage","@id":"https:\/\/tibladin.dk\/produkt\/loungestol-i-valnoeddetrae-med-flettet-laeder-cosy\/","url":"https:\/\/tibladin.dk\/produkt\/loungestol-i-valnoeddetrae-med-flettet-laeder-cosy\/","name":"Loungefauteuil van walnoothout en gevlochten leer | Exclusief vakmanschap","isPartOf":{"@id":"https:\/\/tibladin.dk\/#website"},"primaryImageOfPage":{"@id":"https:\/\/tibladin.dk\/produkt\/loungestol-i-valnoeddetrae-med-flettet-laeder-cosy\/#primaryimage"},"image":{"@id":"https:\/\/tibladin.dk\/produkt\/loungestol-i-valnoeddetrae-med-flettet-laeder-cosy\/#primaryimage"},"thumbnailUrl":"https:\/\/tibladin.dk\/wp-content\/uploads\/2022\/09\/Loungestol-1.jpg","datePublished":"2022-09-20T09:16:19+00:00","dateModified":"2026-05-06T05:16:57+00:00","description":"Prachtige loungestoel van walnoothout met een zitting van geweven leer. Handgemaakt in Marrakech door een lokale ambachtsman. Perfect om te ontspannen en te genieten.","breadcrumb":{"@id":"https:\/\/tibladin.dk\/produkt\/loungestol-i-valnoeddetrae-med-flettet-laeder-cosy\/#breadcrumb"},"inLanguage":"nl-NL","potentialAction":[{"@type":"ReadAction","target":["https:\/\/tibladin.dk\/produkt\/loungestol-i-valnoeddetrae-med-flettet-laeder-cosy\/"]}]},{"@type":"ImageObject","inLanguage":"nl-NL","@id":"https:\/\/tibladin.dk\/produkt\/loungestol-i-valnoeddetrae-med-flettet-laeder-cosy\/#primaryimage","url":"https:\/\/tibladin.dk\/wp-content\/uploads\/2022\/09\/Loungestol-1.jpg","contentUrl":"https:\/\/tibladin.dk\/wp-content\/uploads\/2022\/09\/Loungestol-1.jpg","width":800,"height":800,"caption":"H\u00e5ndlavet loungestol i valn\u00f8ddetr\u00e6 og s\u00e6de i flettet l\u00e6der forfra"},{"@type":"BreadcrumbList","@id":"https:\/\/tibladin.dk\/produkt\/loungestol-i-valnoeddetrae-med-flettet-laeder-cosy\/#breadcrumb","itemListElement":[{"@type":"ListItem","position":1,"name":"Hjem","item":"https:\/\/tibladin.dk\/"},{"@type":"ListItem","position":2,"name":"Shop","item":"https:\/\/tibladin.dk\/shop\/"},{"@type":"ListItem","position":3,"name":"Loungestol i valn\u00f8ddetr\u00e6 med flettet l\u00e6der COSY"}]},{"@type":"WebSite","@id":"https:\/\/tibladin.dk\/#website","url":"https:\/\/tibladin.dk\/","name":"Tibladin","description":"Tibladin","publisher":{"@id":"https:\/\/tibladin.dk\/#organization"},"potentialAction":[{"@type":"SearchAction","target":{"@type":"EntryPoint","urlTemplate":"https:\/\/tibladin.dk\/?s={search_term_string}"},"query-input":{"@type":"PropertyValueSpecification","valueRequired":true,"valueName":"search_term_string"}}],"inLanguage":"nl-NL"},{"@type":"Organization","@id":"https:\/\/tibladin.dk\/#organization","name":"Tibladin","url":"https:\/\/tibladin.dk\/","logo":{"@type":"ImageObject","inLanguage":"nl-NL","@id":"https:\/\/tibladin.dk\/#\/schema\/logo\/image\/","url":"https:\/\/tibladin.dk\/wp-content\/uploads\/2022\/09\/tibladin_logo.svg","contentUrl":"https:\/\/tibladin.dk\/wp-content\/uploads\/2022\/09\/tibladin_logo.svg","caption":"Tibladin"},"image":{"@id":"https:\/\/tibladin.dk\/#\/schema\/logo\/image\/"}}]}},"_links":{"self":[{"href":"https:\/\/tibladin.dk\/nl\/wp-json\/wp\/v2\/product\/2437","targetHints":{"allow":["GET"]}}],"collection":[{"href":"https:\/\/tibladin.dk\/nl\/wp-json\/wp\/v2\/product"}],"about":[{"href":"https:\/\/tibladin.dk\/nl\/wp-json\/wp\/v2\/types\/product"}],"wp:featuredmedia":[{"embeddable":true,"href":"https:\/\/tibladin.dk\/nl\/wp-json\/wp\/v2\/media\/2432"}],"wp:attachment":[{"href":"https:\/\/tibladin.dk\/nl\/wp-json\/wp\/v2\/media?parent=2437"}],"wp:term":[{"taxonomy":"product_brand","embeddable":true,"href":"https:\/\/tibladin.dk\/nl\/wp-json\/wp\/v2\/product_brand?post=2437"},{"taxonomy":"product_cat","embeddable":true,"href":"https:\/\/tibladin.dk\/nl\/wp-json\/wp\/v2\/product_cat?post=2437"},{"taxonomy":"product_tag","embeddable":true,"href":"https:\/\/tibladin.dk\/nl\/wp-json\/wp\/v2\/product_tag?post=2437"}],"curies":[{"name":"wp","href":"https:\/\/api.w.org\/{rel}","templated":true}]}}