{"id":2486,"date":"2022-09-20T11:16:43","date_gmt":"2022-09-20T09:16:43","guid":{"rendered":"https:\/\/tibladin.dk\/vare\/antikt-bakkebord-i-aluminium\/"},"modified":"2024-12-09T14:25:59","modified_gmt":"2024-12-09T13:25:59","slug":"antieke-aluminium-dienbladtafel","status":"publish","type":"product","link":"https:\/\/tibladin.dk\/nl\/produkt\/antikt-bakkebord-i-aluminium\/","title":{"rendered":"Antieke aluminium dienbladtafel"},"content":{"rendered":"<div class=\"wpb-content-wrapper\"><div class=\"vc_row wpb_row vc_row-fluid\"><div class=\"wpb_column vc_column_container vc_col-sm-4\"><div class=\"vc_column-inner\"><div class=\"wpb_wrapper\"><\/div><\/div><\/div><div class=\"wpb_column vc_column_container vc_col-sm-4\"><div class=\"vc_column-inner\"><div class=\"wpb_wrapper\"><h3 style=\"text-align: left\" class=\"vc_custom_heading vc_do_custom_heading\" >Onderhoud<\/h3>\n\t<div class=\"wpb_text_column wpb_content_element\" >\n\t\t<div class=\"wpb_wrapper\">\n\t\t\t<p>De dienbladtafel kan eenvoudig worden afgeveegd met een vochtige doek. Omdat de tafel antiek is kunnen er kleine imperfecties voorkomen, maar dit is slechts een deel van de antieke charme.<\/p>\n\n\t\t<\/div>\n\t<\/div>\n<\/div><\/div><\/div><div class=\"wpb_column vc_column_container vc_col-sm-4\"><div class=\"vc_column-inner\"><div class=\"wpb_wrapper\"><h3 style=\"text-align: left\" class=\"vc_custom_heading vc_do_custom_heading\" >Het verhaal erachter<\/h3>\n\t<div class=\"wpb_text_column wpb_content_element\" >\n\t\t<div class=\"wpb_wrapper\">\n\t\t\t<p>Heel bijzonder is deze prachtige antieke Marokkaanse dienbladtafel in aluminium. De tafel heeft een blad met een leuk uniek patroon en poten van zwart metaal. Het handgesneden patroon in geometrische vormen en met delicate bloemmotieven geeft de tafel een spannende uitstraling die hem zowel elegant, exotisch als rustiek maakt. Ik vond de dienbladtafel bij een antiquair in Marrakech, dus er zit een lange en interessante geschiedenis achter.<\/p>\n<p>De dienbladtafel is een mooie toevoeging aan het huis. Hij kan op zichzelf staan als salontafel of bijzettafel, maar kan ook gebruikt worden als serveer- of eettafel. Je cre\u00ebert een authentieke Marokkaanse sfeer door het dienblad ook te gebruiken als dienblad of eettafel. Dan kunt u zich met familie en vrienden verzamelen op kussens en dekens rond dienbladtafels en voelen hoe de sfeer van de riad zich verspreidt.<\/p>\n\n\t\t<\/div>\n\t<\/div>\n<\/div><\/div><\/div><\/div>\n<\/div>","protected":false},"excerpt":{"rendered":"<p>Prachtige antieke dienbladtafel van aluminium met nep-gesneden patroon en poten van zwart geverfd metaal. Het dienbladtafeltje is gevonden bij een antiquair in Marrakech en is daarom geheel uniek. Het prachtige patroon dat in het dienblad is uitgesneden, geeft de tafel een elegante maar tegelijkertijd rustieke uitstraling. De dienbladtafel ziet er geweldig uit als salontafel, bijzettafel of serveer- en eettafel. Past perfect in het Scandinavische interieur omdat het tegelijkertijd elegant, rustiek en stijlvol is.<\/p>\n<p>| Doorsnede: 86cm | Hoogte: 46 cm |<\/p>\n<p>&nbsp;<\/p>","protected":false},"featured_media":2480,"template":"","meta":{"inline_featured_image":false},"product_brand":[],"product_cat":[82,39],"product_tag":[],"class_list":{"0":"post-2486","1":"product","2":"type-product","3":"status-publish","4":"has-post-thumbnail","6":"product_cat-borde","7":"product_cat-moebler","9":"first","10":"instock","11":"taxable","12":"shipping-taxable","13":"purchasable","14":"product-type-simple"},"exclude_global_add_ons":[],"addons":[],"yoast_head":"<!-- This site is optimized with the Yoast SEO plugin v27.4 - https:\/\/yoast.com\/product\/yoast-seo-wordpress\/ -->\n<title>Bakkebord fra Marrakech | Antik vare | Tibladin<\/title>\n<meta name=\"description\" content=\"Smukt og unikt bakkebord fra Marokko. Fundet hos antikhandler i Marrakech. H\u00e5nsk\u00e5ret m\u00f8nster, der tilf\u00f8jer et elegant og et rustikt udtryk.\" \/>\n<meta name=\"robots\" content=\"index, follow, max-snippet:-1, max-image-preview:large, max-video-preview:-1\" \/>\n<link rel=\"canonical\" href=\"https:\/\/tibladin.dk\/nl\/product-2\/antieke-aluminium-dienbladtafel\/\" \/>\n<meta property=\"og:locale\" content=\"nl_NL\" \/>\n<meta property=\"og:type\" content=\"article\" \/>\n<meta property=\"og:title\" content=\"Bakkebord fra Marrakech | Antik vare | Tibladin\" \/>\n<meta property=\"og:description\" content=\"Smukt og unikt bakkebord fra Marokko. Fundet hos antikhandler i Marrakech. H\u00e5nsk\u00e5ret m\u00f8nster, der tilf\u00f8jer et elegant og et rustikt udtryk.\" \/>\n<meta property=\"og:url\" content=\"https:\/\/tibladin.dk\/nl\/product-2\/antieke-aluminium-dienbladtafel\/\" \/>\n<meta property=\"og:site_name\" content=\"Tibladin\" \/>\n<meta property=\"article:modified_time\" content=\"2024-12-09T13:25:59+00:00\" \/>\n<meta property=\"og:image\" content=\"https:\/\/tibladin.dk\/wp-content\/uploads\/2022\/09\/Tibladin_antik-bakkebord_LS1-1.jpg\" \/>\n\t<meta property=\"og:image:width\" content=\"800\" \/>\n\t<meta property=\"og:image:height\" content=\"800\" \/>\n\t<meta property=\"og:image:type\" content=\"image\/jpeg\" \/>\n<meta name=\"twitter:card\" content=\"summary_large_image\" \/>\n<meta name=\"twitter:label1\" content=\"Geschatte leestijd\" \/>\n\t<meta name=\"twitter:data1\" content=\"2 minuten\" \/>\n<script type=\"application\/ld+json\" class=\"yoast-schema-graph\">{\"@context\":\"https:\\\/\\\/schema.org\",\"@graph\":[{\"@type\":\"WebPage\",\"@id\":\"https:\\\/\\\/tibladin.dk\\\/produkt\\\/antikt-bakkebord-i-aluminium\\\/\",\"url\":\"https:\\\/\\\/tibladin.dk\\\/produkt\\\/antikt-bakkebord-i-aluminium\\\/\",\"name\":\"Bakkebord fra Marrakech | Antik vare | Tibladin\",\"isPartOf\":{\"@id\":\"https:\\\/\\\/tibladin.dk\\\/#website\"},\"primaryImageOfPage\":{\"@id\":\"https:\\\/\\\/tibladin.dk\\\/produkt\\\/antikt-bakkebord-i-aluminium\\\/#primaryimage\"},\"image\":{\"@id\":\"https:\\\/\\\/tibladin.dk\\\/produkt\\\/antikt-bakkebord-i-aluminium\\\/#primaryimage\"},\"thumbnailUrl\":\"https:\\\/\\\/tibladin.dk\\\/wp-content\\\/uploads\\\/2022\\\/09\\\/Tibladin_antik-bakkebord_LS1-1.jpg\",\"datePublished\":\"2022-09-20T09:16:43+00:00\",\"dateModified\":\"2024-12-09T13:25:59+00:00\",\"description\":\"Smukt og unikt bakkebord fra Marokko. Fundet hos antikhandler i Marrakech. H\u00e5nsk\u00e5ret m\u00f8nster, der tilf\u00f8jer et elegant og et rustikt udtryk.\",\"breadcrumb\":{\"@id\":\"https:\\\/\\\/tibladin.dk\\\/produkt\\\/antikt-bakkebord-i-aluminium\\\/#breadcrumb\"},\"inLanguage\":\"nl-NL\",\"potentialAction\":[{\"@type\":\"ReadAction\",\"target\":[\"https:\\\/\\\/tibladin.dk\\\/produkt\\\/antikt-bakkebord-i-aluminium\\\/\"]}]},{\"@type\":\"ImageObject\",\"inLanguage\":\"nl-NL\",\"@id\":\"https:\\\/\\\/tibladin.dk\\\/produkt\\\/antikt-bakkebord-i-aluminium\\\/#primaryimage\",\"url\":\"https:\\\/\\\/tibladin.dk\\\/wp-content\\\/uploads\\\/2022\\\/09\\\/Tibladin_antik-bakkebord_LS1-1.jpg\",\"contentUrl\":\"https:\\\/\\\/tibladin.dk\\\/wp-content\\\/uploads\\\/2022\\\/09\\\/Tibladin_antik-bakkebord_LS1-1.jpg\",\"width\":800,\"height\":800,\"caption\":\"H\u00e5ndlavet bakkebord med marokkansk m\u00f8nster st\u00e5ende udenfor med service og tangine fad ovenp\u00e5\"},{\"@type\":\"BreadcrumbList\",\"@id\":\"https:\\\/\\\/tibladin.dk\\\/produkt\\\/antikt-bakkebord-i-aluminium\\\/#breadcrumb\",\"itemListElement\":[{\"@type\":\"ListItem\",\"position\":1,\"name\":\"Hjem\",\"item\":\"https:\\\/\\\/tibladin.dk\\\/\"},{\"@type\":\"ListItem\",\"position\":2,\"name\":\"Shop\",\"item\":\"https:\\\/\\\/tibladin.dk\\\/shop\\\/\"},{\"@type\":\"ListItem\",\"position\":3,\"name\":\"Antikt bakkebord i aluminium\"}]},{\"@type\":\"WebSite\",\"@id\":\"https:\\\/\\\/tibladin.dk\\\/#website\",\"url\":\"https:\\\/\\\/tibladin.dk\\\/\",\"name\":\"Tibladin\",\"description\":\"Tibladin\",\"publisher\":{\"@id\":\"https:\\\/\\\/tibladin.dk\\\/#organization\"},\"potentialAction\":[{\"@type\":\"SearchAction\",\"target\":{\"@type\":\"EntryPoint\",\"urlTemplate\":\"https:\\\/\\\/tibladin.dk\\\/?s={search_term_string}\"},\"query-input\":{\"@type\":\"PropertyValueSpecification\",\"valueRequired\":true,\"valueName\":\"search_term_string\"}}],\"inLanguage\":\"nl-NL\"},{\"@type\":\"Organization\",\"@id\":\"https:\\\/\\\/tibladin.dk\\\/#organization\",\"name\":\"Tibladin\",\"url\":\"https:\\\/\\\/tibladin.dk\\\/\",\"logo\":{\"@type\":\"ImageObject\",\"inLanguage\":\"nl-NL\",\"@id\":\"https:\\\/\\\/tibladin.dk\\\/#\\\/schema\\\/logo\\\/image\\\/\",\"url\":\"https:\\\/\\\/tibladin.dk\\\/wp-content\\\/uploads\\\/2022\\\/09\\\/tibladin_logo.svg\",\"contentUrl\":\"https:\\\/\\\/tibladin.dk\\\/wp-content\\\/uploads\\\/2022\\\/09\\\/tibladin_logo.svg\",\"caption\":\"Tibladin\"},\"image\":{\"@id\":\"https:\\\/\\\/tibladin.dk\\\/#\\\/schema\\\/logo\\\/image\\\/\"}}]}<\/script>\n<!-- \/ Yoast SEO plugin. -->","yoast_head_json":{"title":"Dienbladtafel uit Marrakech | Antiek item | Tibladin","description":"Prachtige en unieke dienbladtafel uit Marokko. Gevonden bij antiquairs in Marrakech. Mock-cut-patroon dat een elegante en rustieke uitstraling toevoegt.","robots":{"index":"index","follow":"follow","max-snippet":"max-snippet:-1","max-image-preview":"max-image-preview:large","max-video-preview":"max-video-preview:-1"},"canonical":"https:\/\/tibladin.dk\/nl\/product-2\/antieke-aluminium-dienbladtafel\/","og_locale":"nl_NL","og_type":"article","og_title":"Bakkebord fra Marrakech | Antik vare | Tibladin","og_description":"Smukt og unikt bakkebord fra Marokko. Fundet hos antikhandler i Marrakech. H\u00e5nsk\u00e5ret m\u00f8nster, der tilf\u00f8jer et elegant og et rustikt udtryk.","og_url":"https:\/\/tibladin.dk\/nl\/product-2\/antieke-aluminium-dienbladtafel\/","og_site_name":"Tibladin","article_modified_time":"2024-12-09T13:25:59+00:00","og_image":[{"width":800,"height":800,"url":"https:\/\/tibladin.dk\/wp-content\/uploads\/2022\/09\/Tibladin_antik-bakkebord_LS1-1.jpg","type":"image\/jpeg"}],"twitter_card":"summary_large_image","twitter_misc":{"Geschatte leestijd":"2 minuten"},"schema":{"@context":"https:\/\/schema.org","@graph":[{"@type":"WebPage","@id":"https:\/\/tibladin.dk\/produkt\/antikt-bakkebord-i-aluminium\/","url":"https:\/\/tibladin.dk\/produkt\/antikt-bakkebord-i-aluminium\/","name":"Dienbladtafel uit Marrakech | Antiek item | Tibladin","isPartOf":{"@id":"https:\/\/tibladin.dk\/#website"},"primaryImageOfPage":{"@id":"https:\/\/tibladin.dk\/produkt\/antikt-bakkebord-i-aluminium\/#primaryimage"},"image":{"@id":"https:\/\/tibladin.dk\/produkt\/antikt-bakkebord-i-aluminium\/#primaryimage"},"thumbnailUrl":"https:\/\/tibladin.dk\/wp-content\/uploads\/2022\/09\/Tibladin_antik-bakkebord_LS1-1.jpg","datePublished":"2022-09-20T09:16:43+00:00","dateModified":"2024-12-09T13:25:59+00:00","description":"Prachtige en unieke dienbladtafel uit Marokko. Gevonden bij antiquairs in Marrakech. Mock-cut-patroon dat een elegante en rustieke uitstraling toevoegt.","breadcrumb":{"@id":"https:\/\/tibladin.dk\/produkt\/antikt-bakkebord-i-aluminium\/#breadcrumb"},"inLanguage":"nl-NL","potentialAction":[{"@type":"ReadAction","target":["https:\/\/tibladin.dk\/produkt\/antikt-bakkebord-i-aluminium\/"]}]},{"@type":"ImageObject","inLanguage":"nl-NL","@id":"https:\/\/tibladin.dk\/produkt\/antikt-bakkebord-i-aluminium\/#primaryimage","url":"https:\/\/tibladin.dk\/wp-content\/uploads\/2022\/09\/Tibladin_antik-bakkebord_LS1-1.jpg","contentUrl":"https:\/\/tibladin.dk\/wp-content\/uploads\/2022\/09\/Tibladin_antik-bakkebord_LS1-1.jpg","width":800,"height":800,"caption":"H\u00e5ndlavet bakkebord med marokkansk m\u00f8nster st\u00e5ende udenfor med service og tangine fad ovenp\u00e5"},{"@type":"BreadcrumbList","@id":"https:\/\/tibladin.dk\/produkt\/antikt-bakkebord-i-aluminium\/#breadcrumb","itemListElement":[{"@type":"ListItem","position":1,"name":"Hjem","item":"https:\/\/tibladin.dk\/"},{"@type":"ListItem","position":2,"name":"Shop","item":"https:\/\/tibladin.dk\/shop\/"},{"@type":"ListItem","position":3,"name":"Antikt bakkebord i aluminium"}]},{"@type":"WebSite","@id":"https:\/\/tibladin.dk\/#website","url":"https:\/\/tibladin.dk\/","name":"Tibladin","description":"Tibladin","publisher":{"@id":"https:\/\/tibladin.dk\/#organization"},"potentialAction":[{"@type":"SearchAction","target":{"@type":"EntryPoint","urlTemplate":"https:\/\/tibladin.dk\/?s={search_term_string}"},"query-input":{"@type":"PropertyValueSpecification","valueRequired":true,"valueName":"search_term_string"}}],"inLanguage":"nl-NL"},{"@type":"Organization","@id":"https:\/\/tibladin.dk\/#organization","name":"Tibladin","url":"https:\/\/tibladin.dk\/","logo":{"@type":"ImageObject","inLanguage":"nl-NL","@id":"https:\/\/tibladin.dk\/#\/schema\/logo\/image\/","url":"https:\/\/tibladin.dk\/wp-content\/uploads\/2022\/09\/tibladin_logo.svg","contentUrl":"https:\/\/tibladin.dk\/wp-content\/uploads\/2022\/09\/tibladin_logo.svg","caption":"Tibladin"},"image":{"@id":"https:\/\/tibladin.dk\/#\/schema\/logo\/image\/"}}]}},"_links":{"self":[{"href":"https:\/\/tibladin.dk\/nl\/wp-json\/wp\/v2\/product\/2486","targetHints":{"allow":["GET"]}}],"collection":[{"href":"https:\/\/tibladin.dk\/nl\/wp-json\/wp\/v2\/product"}],"about":[{"href":"https:\/\/tibladin.dk\/nl\/wp-json\/wp\/v2\/types\/product"}],"wp:featuredmedia":[{"embeddable":true,"href":"https:\/\/tibladin.dk\/nl\/wp-json\/wp\/v2\/media\/2480"}],"wp:attachment":[{"href":"https:\/\/tibladin.dk\/nl\/wp-json\/wp\/v2\/media?parent=2486"}],"wp:term":[{"taxonomy":"product_brand","embeddable":true,"href":"https:\/\/tibladin.dk\/nl\/wp-json\/wp\/v2\/product_brand?post=2486"},{"taxonomy":"product_cat","embeddable":true,"href":"https:\/\/tibladin.dk\/nl\/wp-json\/wp\/v2\/product_cat?post=2486"},{"taxonomy":"product_tag","embeddable":true,"href":"https:\/\/tibladin.dk\/nl\/wp-json\/wp\/v2\/product_tag?post=2486"}],"curies":[{"name":"wp","href":"https:\/\/api.w.org\/{rel}","templated":true}]}}