{"id":2515,"date":"2022-09-20T11:16:58","date_gmt":"2022-09-20T09:16:58","guid":{"rendered":"https:\/\/tibladin.dk\/?post_type=product&#038;p=2515"},"modified":"2024-12-09T14:25:56","modified_gmt":"2024-12-09T13:25:56","slug":"kussens-kesh-50-x-60","status":"publish","type":"product","link":"https:\/\/tibladin.dk\/nl\/produkt\/puder-kesh-50-x-60\/","title":{"rendered":"Kussens KESH 50 x 60"},"content":{"rendered":"<div class=\"wpb-content-wrapper\"><div class=\"vc_row wpb_row vc_row-fluid\"><div class=\"wpb_column vc_column_container vc_col-sm-4\"><div class=\"vc_column-inner\"><div class=\"wpb_wrapper\"><\/div><\/div><\/div><div class=\"wpb_column vc_column_container vc_col-sm-4\"><div class=\"vc_column-inner\"><div class=\"wpb_wrapper\"><h3 style=\"text-align: left\" class=\"vc_custom_heading vc_do_custom_heading\" >Onderhoud<\/h3>\n\t<div class=\"wpb_text_column wpb_content_element\" >\n\t\t<div class=\"wpb_wrapper\">\n\t\t\t<p>De kussenslopen zijn van katoen met details van wol en leer. Kan in de machine gewassen worden op 30 graden.<\/p>\n\n\t\t<\/div>\n\t<\/div>\n<\/div><\/div><\/div><div class=\"wpb_column vc_column_container vc_col-sm-4\"><div class=\"vc_column-inner\"><div class=\"wpb_wrapper\"><h3 style=\"text-align: left\" class=\"vc_custom_heading vc_do_custom_heading\" >Het verhaal erachter<\/h3>\n\t<div class=\"wpb_text_column wpb_content_element\" >\n\t\t<div class=\"wpb_wrapper\">\n\t\t\t<p>Deze handgemaakte katoenen kussenhoezen hebben prachtige details in witte en zandkleurige wol en leer op zowel donkere als lichte achtergronden. De kleine details geven de kussenhoes een fijne, uitnodigende en elegante uitstraling. Ook zijn de details in wol zachter en van heerlijke kwaliteit. De warme, eenvoudige kleuren en de spannende materialen en patronen combineren twee werelden. Hier ontmoet eenvoudig Scandinavisch design prachtig Marokkaans textiel en vakmanschap. De hoezen zijn voorzien van een stevige ritssluiting waardoor ze gemakkelijk afneembaar zijn en gewassen kunnen worden op 30 graden.<\/p>\n<p>De hoezen zijn geschikt voor 50 x 60 of 60 x 60 cm. montagepads, afhankelijk van hoe vol je ze wilt hebben.<\/p>\n\n\t\t<\/div>\n\t<\/div>\n<\/div><\/div><\/div><\/div>\n<\/div>","protected":false},"excerpt":{"rendered":"<p>Mooie handgemaakte kussenhoezen van katoen met fijne details van wol en leer. Achterkant van effen katoen in wit, beige of zwart, afhankelijk van het motief. De zandkleurige en witte details geven een warme uitstraling en passen perfect op de bank, fauteuil of bed. De donkere kap daarentegen zorgt voor een mooi contrast met de lichte kleuren in huis. De kussens zijn ook perfect voor het Scandinavische huis, omdat ze de prachtige Marokkaanse patronen en stoffen combineren met Scandinavische eenvoud en natuurlijke kleuren.<\/p>\n<p>De hoes meet ca. 50 x 60. Geschikt voor 50 x 60 of 60 x 60 cm. kussens ophangen, afhankelijk van hoe vol je het kussen wilt hebben.<\/p>\n<p>De kussenhoezen worden zonder kussens geleverd, maar er kan wel een montagekussen bijgekocht worden.<\/p>\n<p>&nbsp;<\/p>\n<p>&nbsp;<\/p>","protected":false},"featured_media":2556,"template":"","meta":{"inline_featured_image":false},"product_brand":[],"product_cat":[66,37],"product_tag":[],"class_list":{"0":"post-2515","1":"product","2":"type-product","3":"status-publish","4":"has-post-thumbnail","6":"product_cat-pudebetraek","7":"product_cat-tekstiler","9":"first","10":"instock","11":"taxable","12":"shipping-taxable","13":"purchasable","14":"product-type-variable"},"exclude_global_add_ons":false,"addons":[{"name":"Wilt u een cadeauverpakking?","type":"checkbox","position":0,"required":false,"title_format":"label","default":"","description_enable":false,"description":"","placeholder_enable":false,"placeholder":"","display":"images","restrictions_type":"any_text","adjust_price":false,"price":"","price_type":"flat_fee","restrictions":false,"min":"0","max":"0","options":[{"label":"Ja tak","price":"10","price_type":"flat_fee","image":11015,"visibility":true}],"id":1669646111}],"yoast_head":"<!-- This site is optimized with the Yoast SEO plugin v27.5 - https:\/\/yoast.com\/product\/yoast-seo-wordpress\/ -->\n<title>Marokkansk pude i bomuld og uld | H\u00e5ndlavet i Marokko | Tibladin<\/title>\n<meta name=\"description\" content=\"H\u00e5ndlavet pude i bomuld med smukke og bl\u00f8de detaljer i uld. Passer til 50x60 eller 60x60 cm puder, alt efter hvor fyldig den \u00f8nskes.\" \/>\n<meta name=\"robots\" content=\"index, follow, max-snippet:-1, max-image-preview:large, max-video-preview:-1\" \/>\n<link rel=\"canonical\" href=\"https:\/\/tibladin.dk\/nl\/product-2\/kussens-kesh-50-x-60\/\" \/>\n<meta property=\"og:locale\" content=\"nl_NL\" \/>\n<meta property=\"og:type\" content=\"article\" \/>\n<meta property=\"og:title\" content=\"Marokkansk pude i bomuld og uld | H\u00e5ndlavet i Marokko | Tibladin\" \/>\n<meta property=\"og:description\" content=\"H\u00e5ndlavet pude i bomuld med smukke og bl\u00f8de detaljer i uld. Passer til 50x60 eller 60x60 cm puder, alt efter hvor fyldig den \u00f8nskes.\" \/>\n<meta property=\"og:url\" content=\"https:\/\/tibladin.dk\/nl\/product-2\/kussens-kesh-50-x-60\/\" \/>\n<meta property=\"og:site_name\" content=\"Tibladin\" \/>\n<meta property=\"article:modified_time\" content=\"2024-12-09T13:25:56+00:00\" \/>\n<meta property=\"og:image\" content=\"https:\/\/tibladin.dk\/wp-content\/uploads\/2022\/09\/KESHpude_sort-hvid_LS1-1.jpg\" \/>\n\t<meta property=\"og:image:width\" content=\"800\" \/>\n\t<meta property=\"og:image:height\" content=\"800\" \/>\n\t<meta property=\"og:image:type\" content=\"image\/jpeg\" \/>\n<meta name=\"twitter:card\" content=\"summary_large_image\" \/>\n<meta name=\"twitter:label1\" content=\"Geschatte leestijd\" \/>\n\t<meta name=\"twitter:data1\" content=\"2 minuten\" \/>\n<script type=\"application\/ld+json\" class=\"yoast-schema-graph\">{\"@context\":\"https:\\\/\\\/schema.org\",\"@graph\":[{\"@type\":\"WebPage\",\"@id\":\"https:\\\/\\\/tibladin.dk\\\/produkt\\\/puder-kesh-50-x-60\\\/\",\"url\":\"https:\\\/\\\/tibladin.dk\\\/produkt\\\/puder-kesh-50-x-60\\\/\",\"name\":\"Marokkansk pude i bomuld og uld | H\u00e5ndlavet i Marokko | Tibladin\",\"isPartOf\":{\"@id\":\"https:\\\/\\\/tibladin.dk\\\/#website\"},\"primaryImageOfPage\":{\"@id\":\"https:\\\/\\\/tibladin.dk\\\/produkt\\\/puder-kesh-50-x-60\\\/#primaryimage\"},\"image\":{\"@id\":\"https:\\\/\\\/tibladin.dk\\\/produkt\\\/puder-kesh-50-x-60\\\/#primaryimage\"},\"thumbnailUrl\":\"https:\\\/\\\/tibladin.dk\\\/wp-content\\\/uploads\\\/2022\\\/09\\\/KESHpude_sort-hvid_LS1-1.jpg\",\"datePublished\":\"2022-09-20T09:16:58+00:00\",\"dateModified\":\"2024-12-09T13:25:56+00:00\",\"description\":\"H\u00e5ndlavet pude i bomuld med smukke og bl\u00f8de detaljer i uld. Passer til 50x60 eller 60x60 cm puder, alt efter hvor fyldig den \u00f8nskes.\",\"breadcrumb\":{\"@id\":\"https:\\\/\\\/tibladin.dk\\\/produkt\\\/puder-kesh-50-x-60\\\/#breadcrumb\"},\"inLanguage\":\"nl-NL\",\"potentialAction\":[{\"@type\":\"ReadAction\",\"target\":[\"https:\\\/\\\/tibladin.dk\\\/produkt\\\/puder-kesh-50-x-60\\\/\"]}]},{\"@type\":\"ImageObject\",\"inLanguage\":\"nl-NL\",\"@id\":\"https:\\\/\\\/tibladin.dk\\\/produkt\\\/puder-kesh-50-x-60\\\/#primaryimage\",\"url\":\"https:\\\/\\\/tibladin.dk\\\/wp-content\\\/uploads\\\/2022\\\/09\\\/KESHpude_sort-hvid_LS1-1.jpg\",\"contentUrl\":\"https:\\\/\\\/tibladin.dk\\\/wp-content\\\/uploads\\\/2022\\\/09\\\/KESHpude_sort-hvid_LS1-1.jpg\",\"width\":800,\"height\":800,\"caption\":\"Marokkansk h\u00e5ndv\u00e6vet kesh pudebetr\u00e6k i sort hvid liggende p\u00e5 stol\"},{\"@type\":\"BreadcrumbList\",\"@id\":\"https:\\\/\\\/tibladin.dk\\\/produkt\\\/puder-kesh-50-x-60\\\/#breadcrumb\",\"itemListElement\":[{\"@type\":\"ListItem\",\"position\":1,\"name\":\"Hjem\",\"item\":\"https:\\\/\\\/tibladin.dk\\\/\"},{\"@type\":\"ListItem\",\"position\":2,\"name\":\"Shop\",\"item\":\"https:\\\/\\\/tibladin.dk\\\/shop\\\/\"},{\"@type\":\"ListItem\",\"position\":3,\"name\":\"Puder KESH 50 x 60\"}]},{\"@type\":\"WebSite\",\"@id\":\"https:\\\/\\\/tibladin.dk\\\/#website\",\"url\":\"https:\\\/\\\/tibladin.dk\\\/\",\"name\":\"Tibladin\",\"description\":\"Tibladin\",\"publisher\":{\"@id\":\"https:\\\/\\\/tibladin.dk\\\/#organization\"},\"potentialAction\":[{\"@type\":\"SearchAction\",\"target\":{\"@type\":\"EntryPoint\",\"urlTemplate\":\"https:\\\/\\\/tibladin.dk\\\/?s={search_term_string}\"},\"query-input\":{\"@type\":\"PropertyValueSpecification\",\"valueRequired\":true,\"valueName\":\"search_term_string\"}}],\"inLanguage\":\"nl-NL\"},{\"@type\":\"Organization\",\"@id\":\"https:\\\/\\\/tibladin.dk\\\/#organization\",\"name\":\"Tibladin\",\"url\":\"https:\\\/\\\/tibladin.dk\\\/\",\"logo\":{\"@type\":\"ImageObject\",\"inLanguage\":\"nl-NL\",\"@id\":\"https:\\\/\\\/tibladin.dk\\\/#\\\/schema\\\/logo\\\/image\\\/\",\"url\":\"https:\\\/\\\/tibladin.dk\\\/wp-content\\\/uploads\\\/2022\\\/09\\\/tibladin_logo.svg\",\"contentUrl\":\"https:\\\/\\\/tibladin.dk\\\/wp-content\\\/uploads\\\/2022\\\/09\\\/tibladin_logo.svg\",\"caption\":\"Tibladin\"},\"image\":{\"@id\":\"https:\\\/\\\/tibladin.dk\\\/#\\\/schema\\\/logo\\\/image\\\/\"}}]}<\/script>\n<!-- \/ Yoast SEO plugin. -->","yoast_head_json":{"title":"Marokkaans kussen van katoen en wol | Handgemaakt in Marokko | Tibladin","description":"Handgemaakt kussen van katoen met mooie en zachte details van wol. Geschikt voor kussens van 50x60 of 60x60 cm, afhankelijk van hoe vol je hem wilt hebben.","robots":{"index":"index","follow":"follow","max-snippet":"max-snippet:-1","max-image-preview":"max-image-preview:large","max-video-preview":"max-video-preview:-1"},"canonical":"https:\/\/tibladin.dk\/nl\/product-2\/kussens-kesh-50-x-60\/","og_locale":"nl_NL","og_type":"article","og_title":"Marokkansk pude i bomuld og uld | H\u00e5ndlavet i Marokko | Tibladin","og_description":"H\u00e5ndlavet pude i bomuld med smukke og bl\u00f8de detaljer i uld. Passer til 50x60 eller 60x60 cm puder, alt efter hvor fyldig den \u00f8nskes.","og_url":"https:\/\/tibladin.dk\/nl\/product-2\/kussens-kesh-50-x-60\/","og_site_name":"Tibladin","article_modified_time":"2024-12-09T13:25:56+00:00","og_image":[{"width":800,"height":800,"url":"https:\/\/tibladin.dk\/wp-content\/uploads\/2022\/09\/KESHpude_sort-hvid_LS1-1.jpg","type":"image\/jpeg"}],"twitter_card":"summary_large_image","twitter_misc":{"Geschatte leestijd":"2 minuten"},"schema":{"@context":"https:\/\/schema.org","@graph":[{"@type":"WebPage","@id":"https:\/\/tibladin.dk\/produkt\/puder-kesh-50-x-60\/","url":"https:\/\/tibladin.dk\/produkt\/puder-kesh-50-x-60\/","name":"Marokkaans kussen van katoen en wol | Handgemaakt in Marokko | Tibladin","isPartOf":{"@id":"https:\/\/tibladin.dk\/#website"},"primaryImageOfPage":{"@id":"https:\/\/tibladin.dk\/produkt\/puder-kesh-50-x-60\/#primaryimage"},"image":{"@id":"https:\/\/tibladin.dk\/produkt\/puder-kesh-50-x-60\/#primaryimage"},"thumbnailUrl":"https:\/\/tibladin.dk\/wp-content\/uploads\/2022\/09\/KESHpude_sort-hvid_LS1-1.jpg","datePublished":"2022-09-20T09:16:58+00:00","dateModified":"2024-12-09T13:25:56+00:00","description":"Handgemaakt kussen van katoen met mooie en zachte details van wol. Geschikt voor kussens van 50x60 of 60x60 cm, afhankelijk van hoe vol je hem wilt hebben.","breadcrumb":{"@id":"https:\/\/tibladin.dk\/produkt\/puder-kesh-50-x-60\/#breadcrumb"},"inLanguage":"nl-NL","potentialAction":[{"@type":"ReadAction","target":["https:\/\/tibladin.dk\/produkt\/puder-kesh-50-x-60\/"]}]},{"@type":"ImageObject","inLanguage":"nl-NL","@id":"https:\/\/tibladin.dk\/produkt\/puder-kesh-50-x-60\/#primaryimage","url":"https:\/\/tibladin.dk\/wp-content\/uploads\/2022\/09\/KESHpude_sort-hvid_LS1-1.jpg","contentUrl":"https:\/\/tibladin.dk\/wp-content\/uploads\/2022\/09\/KESHpude_sort-hvid_LS1-1.jpg","width":800,"height":800,"caption":"Marokkansk h\u00e5ndv\u00e6vet kesh pudebetr\u00e6k i sort hvid liggende p\u00e5 stol"},{"@type":"BreadcrumbList","@id":"https:\/\/tibladin.dk\/produkt\/puder-kesh-50-x-60\/#breadcrumb","itemListElement":[{"@type":"ListItem","position":1,"name":"Hjem","item":"https:\/\/tibladin.dk\/"},{"@type":"ListItem","position":2,"name":"Shop","item":"https:\/\/tibladin.dk\/shop\/"},{"@type":"ListItem","position":3,"name":"Puder KESH 50 x 60"}]},{"@type":"WebSite","@id":"https:\/\/tibladin.dk\/#website","url":"https:\/\/tibladin.dk\/","name":"Tibladin","description":"Tibladin","publisher":{"@id":"https:\/\/tibladin.dk\/#organization"},"potentialAction":[{"@type":"SearchAction","target":{"@type":"EntryPoint","urlTemplate":"https:\/\/tibladin.dk\/?s={search_term_string}"},"query-input":{"@type":"PropertyValueSpecification","valueRequired":true,"valueName":"search_term_string"}}],"inLanguage":"nl-NL"},{"@type":"Organization","@id":"https:\/\/tibladin.dk\/#organization","name":"Tibladin","url":"https:\/\/tibladin.dk\/","logo":{"@type":"ImageObject","inLanguage":"nl-NL","@id":"https:\/\/tibladin.dk\/#\/schema\/logo\/image\/","url":"https:\/\/tibladin.dk\/wp-content\/uploads\/2022\/09\/tibladin_logo.svg","contentUrl":"https:\/\/tibladin.dk\/wp-content\/uploads\/2022\/09\/tibladin_logo.svg","caption":"Tibladin"},"image":{"@id":"https:\/\/tibladin.dk\/#\/schema\/logo\/image\/"}}]}},"_links":{"self":[{"href":"https:\/\/tibladin.dk\/nl\/wp-json\/wp\/v2\/product\/2515","targetHints":{"allow":["GET"]}}],"collection":[{"href":"https:\/\/tibladin.dk\/nl\/wp-json\/wp\/v2\/product"}],"about":[{"href":"https:\/\/tibladin.dk\/nl\/wp-json\/wp\/v2\/types\/product"}],"wp:featuredmedia":[{"embeddable":true,"href":"https:\/\/tibladin.dk\/nl\/wp-json\/wp\/v2\/media\/2556"}],"wp:attachment":[{"href":"https:\/\/tibladin.dk\/nl\/wp-json\/wp\/v2\/media?parent=2515"}],"wp:term":[{"taxonomy":"product_brand","embeddable":true,"href":"https:\/\/tibladin.dk\/nl\/wp-json\/wp\/v2\/product_brand?post=2515"},{"taxonomy":"product_cat","embeddable":true,"href":"https:\/\/tibladin.dk\/nl\/wp-json\/wp\/v2\/product_cat?post=2515"},{"taxonomy":"product_tag","embeddable":true,"href":"https:\/\/tibladin.dk\/nl\/wp-json\/wp\/v2\/product_tag?post=2515"}],"curies":[{"name":"wp","href":"https:\/\/api.w.org\/{rel}","templated":true}]}}