{"id":2549,"date":"2022-09-20T11:17:11","date_gmt":"2022-09-20T09:17:11","guid":{"rendered":"https:\/\/tibladin.dk\/vare\/kurv-med-haandtag-i-laeder\/"},"modified":"2026-04-21T11:56:35","modified_gmt":"2026-04-21T09:56:35","slug":"mand-met-leren-handvat","status":"publish","type":"product","link":"https:\/\/tibladin.dk\/nl\/produkt\/kurv-med-haandtag-i-laeder\/","title":{"rendered":"Mand met leren handvat"},"content":{"rendered":"<div class=\"wpb-content-wrapper\"><div class=\"vc_row wpb_row vc_row-fluid\"><div class=\"wpb_column vc_column_container vc_col-sm-4\"><div class=\"vc_column-inner\"><div class=\"wpb_wrapper\"><h3 style=\"text-align: left\" class=\"vc_custom_heading vc_do_custom_heading\" >Onderhoud<\/h3>\n\t<div class=\"wpb_text_column wpb_content_element\" >\n\t\t<div class=\"wpb_wrapper\">\n\t\t\t<p>Voor het schoonmaken is het het gemakkelijkst om het voorzichtig te stofzuigen.<\/p>\n\n\t\t<\/div>\n\t<\/div>\n<\/div><\/div><\/div><div class=\"wpb_column vc_column_container vc_col-sm-4\"><div class=\"vc_column-inner\"><div class=\"wpb_wrapper\"><h3 style=\"text-align: left\" class=\"vc_custom_heading vc_do_custom_heading\" >Het verhaal erachter<\/h3>\n\t<div class=\"wpb_text_column wpb_content_element\" >\n\t\t<div class=\"wpb_wrapper\">\n\t\t\t<p>Deze prachtige mand is gemaakt van gevlochten zeegras en heeft leren handvatten. Het leer is echt kwaliteitsleer en voegt een rauw maar elegant contrast toe aan de natuurlijke materialen. De mand is decoratief en eenvoudig van uitdrukking en past daarom perfect in het Scandinavische huis. Mandenvlechten is een oud, traditioneel ambacht in Marokko, waar meerdere generaties de kunst hebben omarmd. Hier krijg je daarom een handgemaakte unieke mand van heerlijke natuurlijke materialen, gemaakt in Marrakech door vakkundige vakmensen. Het resultaat is een mooie mand die zowel als opbergruimte als bijvoorbeeld wasmand gebruikt kan worden. Als je deze mand als wasmand gebruikt, kun je er voor kiezen om een waszak te naaien om in de mand te doen. Je kunt niet voorkomen dat de mand een beetje vlechtwerk afgeeft.<\/p>\n\n\t\t<\/div>\n\t<\/div>\n<\/div><\/div><\/div><div class=\"wpb_column vc_column_container vc_col-sm-4\"><div class=\"vc_column-inner\"><div class=\"wpb_wrapper\"><h3 style=\"text-align: left\" class=\"vc_custom_heading vc_do_custom_heading\" >Wat is rotan?<\/h3>\n\t<div class=\"wpb_text_column wpb_content_element\" >\n\t\t<div class=\"wpb_wrapper\">\n\t\t\t<p>Rotan is gemaakt van een tropische palm die afkomstig is uit Australi\u00eb, Azi\u00eb en Afrika. Het materiaal is erg sterk en lijkt op bamboe, daarom wordt het voor van alles gebruikt: van dienbladen en manden tot hoofdeinden en borreltafels.<\/p>\n<p>Raffia lijkt op rotan omdat ze allebei afkomstig zijn van palmbladeren, maar raffia is wat zachter.<\/p>\n\n\t\t<\/div>\n\t<\/div>\n<\/div><\/div><\/div><\/div>\n<\/div>","protected":false},"excerpt":{"rendered":"<p>Handgemaakte mand geweven van zeegras met een handvat van mooie kwaliteit leer. De mand combineert de rauwe en elegante uitstraling van het leer met de natuurlijke en eenvoudige uitstraling van de gevlochten materialen. De handgemaakte mand is perfect voor het opbergen van bijvoorbeeld wasgoed en siert zowel de badkamer als de slaapkamer. Het siert en voegt een vleugje Marokko toe aan elke kamer.<\/p>\n<p>Omdat de mand handgemaakt is, kunnen er kleine variaties in de afmetingen optreden, evenals kleine oneffenheden en onvolkomenheden, maar dit maakt deel uit van de charme en de natuurlijke uitdrukking.<\/p>\n<p>| Hoogte: ca. 64 cm | Diameter: ca. 40 cm |<\/p>","protected":false},"featured_media":2545,"template":"","meta":{"inline_featured_image":false},"product_brand":[],"product_cat":[55,51],"product_tag":[],"class_list":{"0":"post-2549","1":"product","2":"type-product","3":"status-publish","4":"has-post-thumbnail","6":"product_cat-kurve","7":"product_cat-opbevaring","9":"first","10":"instock","11":"featured","12":"taxable","13":"shipping-taxable","14":"purchasable","15":"product-type-simple"},"exclude_global_add_ons":[],"addons":[],"yoast_head":"<!-- This site is optimized with the Yoast SEO plugin v27.4 - https:\/\/yoast.com\/product\/yoast-seo-wordpress\/ -->\n<title>Kurv med h\u00e5ndtag i l\u00e6der | Kvalitetsmaterialer | Tibladin<\/title>\n<meta name=\"description\" content=\"H\u00e5ndlavet kurv flettet i s\u00f8gr\u00e6s med h\u00e5ndtag i kvalitetsl\u00e6der. Perfekt til opbevaring. Giver et rustikt, naturligt og l\u00e6kkert touch.\" \/>\n<meta name=\"robots\" content=\"index, follow, max-snippet:-1, max-image-preview:large, max-video-preview:-1\" \/>\n<link rel=\"canonical\" href=\"https:\/\/tibladin.dk\/nl\/product-2\/mand-met-leren-handvat\/\" \/>\n<meta property=\"og:locale\" content=\"nl_NL\" \/>\n<meta property=\"og:type\" content=\"article\" \/>\n<meta property=\"og:title\" content=\"Kurv med h\u00e5ndtag i l\u00e6der | Kvalitetsmaterialer | Tibladin\" \/>\n<meta property=\"og:description\" content=\"H\u00e5ndlavet kurv flettet i s\u00f8gr\u00e6s med h\u00e5ndtag i kvalitetsl\u00e6der. Perfekt til opbevaring. Giver et rustikt, naturligt og l\u00e6kkert touch.\" \/>\n<meta property=\"og:url\" content=\"https:\/\/tibladin.dk\/nl\/product-2\/mand-met-leren-handvat\/\" \/>\n<meta property=\"og:site_name\" content=\"Tibladin\" \/>\n<meta property=\"article:modified_time\" content=\"2026-04-21T09:56:35+00:00\" \/>\n<meta property=\"og:image\" content=\"https:\/\/tibladin.dk\/wp-content\/uploads\/2022\/09\/Kurv-med-hank-1.png\" \/>\n\t<meta property=\"og:image:width\" content=\"800\" \/>\n\t<meta property=\"og:image:height\" content=\"800\" \/>\n\t<meta property=\"og:image:type\" content=\"image\/png\" \/>\n<meta name=\"twitter:card\" content=\"summary_large_image\" \/>\n<meta name=\"twitter:label1\" content=\"Geschatte leestijd\" \/>\n\t<meta name=\"twitter:data1\" content=\"2 minuten\" \/>\n<script type=\"application\/ld+json\" class=\"yoast-schema-graph\">{\"@context\":\"https:\\\/\\\/schema.org\",\"@graph\":[{\"@type\":\"WebPage\",\"@id\":\"https:\\\/\\\/tibladin.dk\\\/produkt\\\/kurv-med-haandtag-i-laeder\\\/\",\"url\":\"https:\\\/\\\/tibladin.dk\\\/produkt\\\/kurv-med-haandtag-i-laeder\\\/\",\"name\":\"Kurv med h\u00e5ndtag i l\u00e6der | Kvalitetsmaterialer | Tibladin\",\"isPartOf\":{\"@id\":\"https:\\\/\\\/tibladin.dk\\\/#website\"},\"primaryImageOfPage\":{\"@id\":\"https:\\\/\\\/tibladin.dk\\\/produkt\\\/kurv-med-haandtag-i-laeder\\\/#primaryimage\"},\"image\":{\"@id\":\"https:\\\/\\\/tibladin.dk\\\/produkt\\\/kurv-med-haandtag-i-laeder\\\/#primaryimage\"},\"thumbnailUrl\":\"https:\\\/\\\/tibladin.dk\\\/wp-content\\\/uploads\\\/2022\\\/09\\\/Kurv-med-hank-1.png\",\"datePublished\":\"2022-09-20T09:17:11+00:00\",\"dateModified\":\"2026-04-21T09:56:35+00:00\",\"description\":\"H\u00e5ndlavet kurv flettet i s\u00f8gr\u00e6s med h\u00e5ndtag i kvalitetsl\u00e6der. Perfekt til opbevaring. Giver et rustikt, naturligt og l\u00e6kkert touch.\",\"breadcrumb\":{\"@id\":\"https:\\\/\\\/tibladin.dk\\\/produkt\\\/kurv-med-haandtag-i-laeder\\\/#breadcrumb\"},\"inLanguage\":\"nl-NL\",\"potentialAction\":[{\"@type\":\"ReadAction\",\"target\":[\"https:\\\/\\\/tibladin.dk\\\/produkt\\\/kurv-med-haandtag-i-laeder\\\/\"]}]},{\"@type\":\"ImageObject\",\"inLanguage\":\"nl-NL\",\"@id\":\"https:\\\/\\\/tibladin.dk\\\/produkt\\\/kurv-med-haandtag-i-laeder\\\/#primaryimage\",\"url\":\"https:\\\/\\\/tibladin.dk\\\/wp-content\\\/uploads\\\/2022\\\/09\\\/Kurv-med-hank-1.png\",\"contentUrl\":\"https:\\\/\\\/tibladin.dk\\\/wp-content\\\/uploads\\\/2022\\\/09\\\/Kurv-med-hank-1.png\",\"width\":800,\"height\":800,\"caption\":\"Marokkansk h\u00e5ndv\u00e6vet kurv med l\u00e6der h\u00e5ndtag\"},{\"@type\":\"BreadcrumbList\",\"@id\":\"https:\\\/\\\/tibladin.dk\\\/produkt\\\/kurv-med-haandtag-i-laeder\\\/#breadcrumb\",\"itemListElement\":[{\"@type\":\"ListItem\",\"position\":1,\"name\":\"Hjem\",\"item\":\"https:\\\/\\\/tibladin.dk\\\/\"},{\"@type\":\"ListItem\",\"position\":2,\"name\":\"Shop\",\"item\":\"https:\\\/\\\/tibladin.dk\\\/shop\\\/\"},{\"@type\":\"ListItem\",\"position\":3,\"name\":\"Kurv med h\u00e5ndtag i l\u00e6der\"}]},{\"@type\":\"WebSite\",\"@id\":\"https:\\\/\\\/tibladin.dk\\\/#website\",\"url\":\"https:\\\/\\\/tibladin.dk\\\/\",\"name\":\"Tibladin\",\"description\":\"Tibladin\",\"publisher\":{\"@id\":\"https:\\\/\\\/tibladin.dk\\\/#organization\"},\"potentialAction\":[{\"@type\":\"SearchAction\",\"target\":{\"@type\":\"EntryPoint\",\"urlTemplate\":\"https:\\\/\\\/tibladin.dk\\\/?s={search_term_string}\"},\"query-input\":{\"@type\":\"PropertyValueSpecification\",\"valueRequired\":true,\"valueName\":\"search_term_string\"}}],\"inLanguage\":\"nl-NL\"},{\"@type\":\"Organization\",\"@id\":\"https:\\\/\\\/tibladin.dk\\\/#organization\",\"name\":\"Tibladin\",\"url\":\"https:\\\/\\\/tibladin.dk\\\/\",\"logo\":{\"@type\":\"ImageObject\",\"inLanguage\":\"nl-NL\",\"@id\":\"https:\\\/\\\/tibladin.dk\\\/#\\\/schema\\\/logo\\\/image\\\/\",\"url\":\"https:\\\/\\\/tibladin.dk\\\/wp-content\\\/uploads\\\/2022\\\/09\\\/tibladin_logo.svg\",\"contentUrl\":\"https:\\\/\\\/tibladin.dk\\\/wp-content\\\/uploads\\\/2022\\\/09\\\/tibladin_logo.svg\",\"caption\":\"Tibladin\"},\"image\":{\"@id\":\"https:\\\/\\\/tibladin.dk\\\/#\\\/schema\\\/logo\\\/image\\\/\"}}]}<\/script>\n<!-- \/ Yoast SEO plugin. -->","yoast_head_json":{"title":"Mand met leren handvat | Kwaliteitsmaterialen | Tibladin","description":"Handgemaakte mand geweven van zeegras met handvatten van kwaliteitsleer. Perfect voor opslag. Geeft een rustieke, natuurlijke en heerlijke toets.","robots":{"index":"index","follow":"follow","max-snippet":"max-snippet:-1","max-image-preview":"max-image-preview:large","max-video-preview":"max-video-preview:-1"},"canonical":"https:\/\/tibladin.dk\/nl\/product-2\/mand-met-leren-handvat\/","og_locale":"nl_NL","og_type":"article","og_title":"Kurv med h\u00e5ndtag i l\u00e6der | Kvalitetsmaterialer | Tibladin","og_description":"H\u00e5ndlavet kurv flettet i s\u00f8gr\u00e6s med h\u00e5ndtag i kvalitetsl\u00e6der. Perfekt til opbevaring. Giver et rustikt, naturligt og l\u00e6kkert touch.","og_url":"https:\/\/tibladin.dk\/nl\/product-2\/mand-met-leren-handvat\/","og_site_name":"Tibladin","article_modified_time":"2026-04-21T09:56:35+00:00","og_image":[{"width":800,"height":800,"url":"https:\/\/tibladin.dk\/wp-content\/uploads\/2022\/09\/Kurv-med-hank-1.png","type":"image\/png"}],"twitter_card":"summary_large_image","twitter_misc":{"Geschatte leestijd":"2 minuten"},"schema":{"@context":"https:\/\/schema.org","@graph":[{"@type":"WebPage","@id":"https:\/\/tibladin.dk\/produkt\/kurv-med-haandtag-i-laeder\/","url":"https:\/\/tibladin.dk\/produkt\/kurv-med-haandtag-i-laeder\/","name":"Mand met leren handvat | Kwaliteitsmaterialen | Tibladin","isPartOf":{"@id":"https:\/\/tibladin.dk\/#website"},"primaryImageOfPage":{"@id":"https:\/\/tibladin.dk\/produkt\/kurv-med-haandtag-i-laeder\/#primaryimage"},"image":{"@id":"https:\/\/tibladin.dk\/produkt\/kurv-med-haandtag-i-laeder\/#primaryimage"},"thumbnailUrl":"https:\/\/tibladin.dk\/wp-content\/uploads\/2022\/09\/Kurv-med-hank-1.png","datePublished":"2022-09-20T09:17:11+00:00","dateModified":"2026-04-21T09:56:35+00:00","description":"Handgemaakte mand geweven van zeegras met handvatten van kwaliteitsleer. Perfect voor opslag. Geeft een rustieke, natuurlijke en heerlijke toets.","breadcrumb":{"@id":"https:\/\/tibladin.dk\/produkt\/kurv-med-haandtag-i-laeder\/#breadcrumb"},"inLanguage":"nl-NL","potentialAction":[{"@type":"ReadAction","target":["https:\/\/tibladin.dk\/produkt\/kurv-med-haandtag-i-laeder\/"]}]},{"@type":"ImageObject","inLanguage":"nl-NL","@id":"https:\/\/tibladin.dk\/produkt\/kurv-med-haandtag-i-laeder\/#primaryimage","url":"https:\/\/tibladin.dk\/wp-content\/uploads\/2022\/09\/Kurv-med-hank-1.png","contentUrl":"https:\/\/tibladin.dk\/wp-content\/uploads\/2022\/09\/Kurv-med-hank-1.png","width":800,"height":800,"caption":"Marokkansk h\u00e5ndv\u00e6vet kurv med l\u00e6der h\u00e5ndtag"},{"@type":"BreadcrumbList","@id":"https:\/\/tibladin.dk\/produkt\/kurv-med-haandtag-i-laeder\/#breadcrumb","itemListElement":[{"@type":"ListItem","position":1,"name":"Hjem","item":"https:\/\/tibladin.dk\/"},{"@type":"ListItem","position":2,"name":"Shop","item":"https:\/\/tibladin.dk\/shop\/"},{"@type":"ListItem","position":3,"name":"Kurv med h\u00e5ndtag i l\u00e6der"}]},{"@type":"WebSite","@id":"https:\/\/tibladin.dk\/#website","url":"https:\/\/tibladin.dk\/","name":"Tibladin","description":"Tibladin","publisher":{"@id":"https:\/\/tibladin.dk\/#organization"},"potentialAction":[{"@type":"SearchAction","target":{"@type":"EntryPoint","urlTemplate":"https:\/\/tibladin.dk\/?s={search_term_string}"},"query-input":{"@type":"PropertyValueSpecification","valueRequired":true,"valueName":"search_term_string"}}],"inLanguage":"nl-NL"},{"@type":"Organization","@id":"https:\/\/tibladin.dk\/#organization","name":"Tibladin","url":"https:\/\/tibladin.dk\/","logo":{"@type":"ImageObject","inLanguage":"nl-NL","@id":"https:\/\/tibladin.dk\/#\/schema\/logo\/image\/","url":"https:\/\/tibladin.dk\/wp-content\/uploads\/2022\/09\/tibladin_logo.svg","contentUrl":"https:\/\/tibladin.dk\/wp-content\/uploads\/2022\/09\/tibladin_logo.svg","caption":"Tibladin"},"image":{"@id":"https:\/\/tibladin.dk\/#\/schema\/logo\/image\/"}}]}},"_links":{"self":[{"href":"https:\/\/tibladin.dk\/nl\/wp-json\/wp\/v2\/product\/2549","targetHints":{"allow":["GET"]}}],"collection":[{"href":"https:\/\/tibladin.dk\/nl\/wp-json\/wp\/v2\/product"}],"about":[{"href":"https:\/\/tibladin.dk\/nl\/wp-json\/wp\/v2\/types\/product"}],"wp:featuredmedia":[{"embeddable":true,"href":"https:\/\/tibladin.dk\/nl\/wp-json\/wp\/v2\/media\/2545"}],"wp:attachment":[{"href":"https:\/\/tibladin.dk\/nl\/wp-json\/wp\/v2\/media?parent=2549"}],"wp:term":[{"taxonomy":"product_brand","embeddable":true,"href":"https:\/\/tibladin.dk\/nl\/wp-json\/wp\/v2\/product_brand?post=2549"},{"taxonomy":"product_cat","embeddable":true,"href":"https:\/\/tibladin.dk\/nl\/wp-json\/wp\/v2\/product_cat?post=2549"},{"taxonomy":"product_tag","embeddable":true,"href":"https:\/\/tibladin.dk\/nl\/wp-json\/wp\/v2\/product_tag?post=2549"}],"curies":[{"name":"wp","href":"https:\/\/api.w.org\/{rel}","templated":true}]}}