{"id":2553,"date":"2022-09-20T11:17:13","date_gmt":"2022-09-20T09:17:13","guid":{"rendered":"https:\/\/tibladin.dk\/vare\/kaktussilke-pudebetraek-pink\/"},"modified":"2026-04-29T12:54:42","modified_gmt":"2026-04-29T10:54:42","slug":"cactus-zijden-kussensloop-roze-2","status":"publish","type":"product","link":"https:\/\/tibladin.dk\/nl\/produkt\/kaktussilke-pudebetraek-pink\/","title":{"rendered":"Kussen van cactuszijde \u2013 ROZE"},"content":{"rendered":"<div class=\"wpb-content-wrapper\"><div class=\"vc_row wpb_row vc_row-fluid\"><div class=\"wpb_column vc_column_container vc_col-sm-4\"><div class=\"vc_column-inner\"><div class=\"wpb_wrapper\"><\/div><\/div><\/div><div class=\"wpb_column vc_column_container vc_col-sm-4\"><div class=\"vc_column-inner\"><div class=\"wpb_wrapper\"><h3 style=\"text-align: left\" class=\"vc_custom_heading vc_do_custom_heading\" >Onderhoud<\/h3>\n\t<div class=\"wpb_text_column wpb_content_element\" >\n\t\t<div class=\"wpb_wrapper\">\n\t\t\t<p>De kussensloop kan niet tegen water!<\/p>\n<p>Ze moeten bij een stomerij worden gestoomd.<\/p>\n<p>Omdat de kussenhoezen 100 % handgemaakt zijn, zijn er zowel onvolkomenheden als verschillen in maat en patroon die deel uitmaken van de charme van deze kussens.<\/p>\n\n\t\t<\/div>\n\t<\/div>\n<\/div><\/div><\/div><div class=\"wpb_column vc_column_container vc_col-sm-4\"><div class=\"vc_column-inner\"><div class=\"wpb_wrapper\"><h3 style=\"text-align: left\" class=\"vc_custom_heading vc_do_custom_heading\" >Het verhaal erachter<\/h3>\n\t<div class=\"wpb_text_column wpb_content_element\" >\n\t\t<div class=\"wpb_wrapper\">\n\t\t\t<p>Deze kussenslopen van cactuszijde hebben een prachtige roze kleur met geometrische patronen en details in verschillende tinten. De kussenslopen van cactuszijde \u2013 ook wel agavezijde genoemd \u2013 zijn handgemaakt en hebben een heel bijzondere uitstraling. Cactuszijde wordt geweven van vezels van cactusplanten uit Marokko. De vezels van de plant geven een glanzende look en voelen gladder aan dan bijvoorbeeld katoen of wol. Ze voegen een elegante en kleurrijke touch toe aan elke kamer en kunnen gebruikt worden op de bank, fauteuil of het bed.<\/p>\n<p>De hoezen zijn voorzien van een stevige ritssluiting, waardoor je de hoezen gemakkelijk kunt verwijderen en wassen.<\/p>\n<p>De hoezen zijn geschikt voor 50 x 50 of 60 x 60 cm. montagepads, afhankelijk van hoe vol je ze wilt hebben.<\/p>\n\n\t\t<\/div>\n\t<\/div>\n<\/div><\/div><\/div><\/div>\n<\/div>","protected":false},"excerpt":{"rendered":"<p>Handgemaakte kussenhoes van cactuszijde uit Marokko. Deze prachtige kussenhoes is gemaakt van cactuszijde, ook wel Sabra genoemd, en geverfd in een krachtige roze kleur. De kussenhoes heeft fijne geometrische details in rood- en wittinten, die een elegante en kleurrijke uitstraling cre\u00ebren. De cactuszijden kussens zijn uniek en het resultaat van prachtig vakmanschap en heerlijke, natuurlijke materialen.<\/p>\n<p>Kussens van cactuszijde hebben een elegante maar toch bohemien uitstraling en zijn perfect voor op de bank, fauteuil of bed.<\/p>\n<p>Geschikt voor 50 x 50 of 60 x 60 cm. kussens ophangen, afhankelijk van hoe vol je het kussen wilt hebben.<\/p>\n<p>De kussenhoezen worden zonder kussens geleverd, maar er kan wel een montagekussen bijgekocht worden.<\/p>\n<p>&nbsp;<\/p>\n<p>&nbsp;<\/p>","protected":false},"featured_media":43621,"template":"","meta":{"inline_featured_image":false},"product_brand":[],"product_cat":[179,160,66,37],"product_tag":[],"class_list":{"0":"post-2553","1":"product","2":"type-product","3":"status-publish","4":"has-post-thumbnail","6":"product_cat-50x50-kaktussilkepuder","7":"product_cat-kaktussilke-puder","8":"product_cat-pudebetraek","9":"product_cat-tekstiler","11":"first","12":"instock","13":"taxable","14":"shipping-taxable","15":"purchasable","16":"product-type-variable"},"exclude_global_add_ons":false,"addons":[{"name":"Wilt u een cadeauverpakking?","type":"checkbox","position":0,"required":false,"title_format":"label","default":"","description_enable":false,"description":"","placeholder_enable":false,"placeholder":"","display":"images","restrictions_type":"any_text","adjust_price":false,"price":"","price_type":"flat_fee","restrictions":false,"min":"0","max":"0","options":[{"label":"Ja tak","price":"10","price_type":"flat_fee","image":11015,"visibility":true}],"id":1669646111},{"name":"Ontvang uw kussensloop geleverd met montagekussen in 100 % katoen en vulling van 100% dons\/veren","type":"checkbox","position":0,"required":false,"title_format":"label","default":"","description_enable":false,"description":"","placeholder_enable":false,"placeholder":"","display":"images","restrictions_type":"any_text","adjust_price":false,"price":"","price_type":"flat_fee","restrictions":false,"min":"0","max":"0","options":[{"label":"Ja tak","price":"125","price_type":"quantity_based","image":11025,"visibility":true}],"id":1760629331}],"yoast_head":"<!-- This site is optimized with the Yoast SEO plugin v27.5 - https:\/\/yoast.com\/product\/yoast-seo-wordpress\/ -->\n<title>Marokkansk kaktussilke pude | Pink | H\u00e5ndlavet i Marrakech<\/title>\n<meta name=\"description\" content=\"H\u00e5ndlavet pudebetr\u00e6k i kaktussilke i flot pink farve. L\u00e6kker kvalitet. Perfekt til sofaen. Passer til 50x50 eller 60x60 cm puder.\" \/>\n<meta name=\"robots\" content=\"index, follow, max-snippet:-1, max-image-preview:large, max-video-preview:-1\" \/>\n<link rel=\"canonical\" href=\"https:\/\/tibladin.dk\/nl\/product-2\/cactus-zijden-kussensloop-roze-2\/\" \/>\n<meta property=\"og:locale\" content=\"nl_NL\" \/>\n<meta property=\"og:type\" content=\"article\" \/>\n<meta property=\"og:title\" content=\"Marokkansk kaktussilke pude | Pink | H\u00e5ndlavet i Marrakech\" \/>\n<meta property=\"og:description\" content=\"H\u00e5ndlavet pudebetr\u00e6k i kaktussilke i flot pink farve. L\u00e6kker kvalitet. Perfekt til sofaen. Passer til 50x50 eller 60x60 cm puder.\" \/>\n<meta property=\"og:url\" content=\"https:\/\/tibladin.dk\/nl\/product-2\/cactus-zijden-kussensloop-roze-2\/\" \/>\n<meta property=\"og:site_name\" content=\"Tibladin\" \/>\n<meta property=\"article:modified_time\" content=\"2026-04-29T10:54:42+00:00\" \/>\n<meta property=\"og:image\" content=\"https:\/\/tibladin.dk\/wp-content\/uploads\/2022\/09\/Photoroom_20260311_120914-1024x1024.jpg\" \/>\n\t<meta property=\"og:image:width\" content=\"1024\" \/>\n\t<meta property=\"og:image:height\" content=\"1024\" \/>\n\t<meta property=\"og:image:type\" content=\"image\/jpeg\" \/>\n<meta name=\"twitter:card\" content=\"summary_large_image\" \/>\n<meta name=\"twitter:label1\" content=\"Geschatte leestijd\" \/>\n\t<meta name=\"twitter:data1\" content=\"2 minuten\" \/>\n<script type=\"application\/ld+json\" class=\"yoast-schema-graph\">{\"@context\":\"https:\\\/\\\/schema.org\",\"@graph\":[{\"@type\":\"WebPage\",\"@id\":\"https:\\\/\\\/tibladin.dk\\\/produkt\\\/kaktussilke-pudebetraek-pink\\\/\",\"url\":\"https:\\\/\\\/tibladin.dk\\\/produkt\\\/kaktussilke-pudebetraek-pink\\\/\",\"name\":\"Marokkansk kaktussilke pude | Pink | H\u00e5ndlavet i Marrakech\",\"isPartOf\":{\"@id\":\"https:\\\/\\\/tibladin.dk\\\/#website\"},\"primaryImageOfPage\":{\"@id\":\"https:\\\/\\\/tibladin.dk\\\/produkt\\\/kaktussilke-pudebetraek-pink\\\/#primaryimage\"},\"image\":{\"@id\":\"https:\\\/\\\/tibladin.dk\\\/produkt\\\/kaktussilke-pudebetraek-pink\\\/#primaryimage\"},\"thumbnailUrl\":\"https:\\\/\\\/tibladin.dk\\\/wp-content\\\/uploads\\\/2022\\\/09\\\/Photoroom_20260311_120914.jpg\",\"datePublished\":\"2022-09-20T09:17:13+00:00\",\"dateModified\":\"2026-04-29T10:54:42+00:00\",\"description\":\"H\u00e5ndlavet pudebetr\u00e6k i kaktussilke i flot pink farve. L\u00e6kker kvalitet. Perfekt til sofaen. Passer til 50x50 eller 60x60 cm puder.\",\"breadcrumb\":{\"@id\":\"https:\\\/\\\/tibladin.dk\\\/produkt\\\/kaktussilke-pudebetraek-pink\\\/#breadcrumb\"},\"inLanguage\":\"nl-NL\",\"potentialAction\":[{\"@type\":\"ReadAction\",\"target\":[\"https:\\\/\\\/tibladin.dk\\\/produkt\\\/kaktussilke-pudebetraek-pink\\\/\"]}]},{\"@type\":\"ImageObject\",\"inLanguage\":\"nl-NL\",\"@id\":\"https:\\\/\\\/tibladin.dk\\\/produkt\\\/kaktussilke-pudebetraek-pink\\\/#primaryimage\",\"url\":\"https:\\\/\\\/tibladin.dk\\\/wp-content\\\/uploads\\\/2022\\\/09\\\/Photoroom_20260311_120914.jpg\",\"contentUrl\":\"https:\\\/\\\/tibladin.dk\\\/wp-content\\\/uploads\\\/2022\\\/09\\\/Photoroom_20260311_120914.jpg\",\"width\":2000,\"height\":2000,\"caption\":\"Alle varianter af de pink pudebetr\u00e6k - kaktussilke.\"},{\"@type\":\"BreadcrumbList\",\"@id\":\"https:\\\/\\\/tibladin.dk\\\/produkt\\\/kaktussilke-pudebetraek-pink\\\/#breadcrumb\",\"itemListElement\":[{\"@type\":\"ListItem\",\"position\":1,\"name\":\"Hjem\",\"item\":\"https:\\\/\\\/tibladin.dk\\\/\"},{\"@type\":\"ListItem\",\"position\":2,\"name\":\"Shop\",\"item\":\"https:\\\/\\\/tibladin.dk\\\/shop\\\/\"},{\"@type\":\"ListItem\",\"position\":3,\"name\":\"Kaktussilke pudebetr\u00e6k &#8211; PINK\"}]},{\"@type\":\"WebSite\",\"@id\":\"https:\\\/\\\/tibladin.dk\\\/#website\",\"url\":\"https:\\\/\\\/tibladin.dk\\\/\",\"name\":\"Tibladin\",\"description\":\"Tibladin\",\"publisher\":{\"@id\":\"https:\\\/\\\/tibladin.dk\\\/#organization\"},\"potentialAction\":[{\"@type\":\"SearchAction\",\"target\":{\"@type\":\"EntryPoint\",\"urlTemplate\":\"https:\\\/\\\/tibladin.dk\\\/?s={search_term_string}\"},\"query-input\":{\"@type\":\"PropertyValueSpecification\",\"valueRequired\":true,\"valueName\":\"search_term_string\"}}],\"inLanguage\":\"nl-NL\"},{\"@type\":\"Organization\",\"@id\":\"https:\\\/\\\/tibladin.dk\\\/#organization\",\"name\":\"Tibladin\",\"url\":\"https:\\\/\\\/tibladin.dk\\\/\",\"logo\":{\"@type\":\"ImageObject\",\"inLanguage\":\"nl-NL\",\"@id\":\"https:\\\/\\\/tibladin.dk\\\/#\\\/schema\\\/logo\\\/image\\\/\",\"url\":\"https:\\\/\\\/tibladin.dk\\\/wp-content\\\/uploads\\\/2022\\\/09\\\/tibladin_logo.svg\",\"contentUrl\":\"https:\\\/\\\/tibladin.dk\\\/wp-content\\\/uploads\\\/2022\\\/09\\\/tibladin_logo.svg\",\"caption\":\"Tibladin\"},\"image\":{\"@id\":\"https:\\\/\\\/tibladin.dk\\\/#\\\/schema\\\/logo\\\/image\\\/\"}}]}<\/script>\n<!-- \/ Yoast SEO plugin. -->","yoast_head_json":{"title":"Marokkaans cactus zijden kussen | Roze | Handgemaakt in Marrakesh","description":"Handgemaakte kussenhoes van cactuszijde in een mooie roze kleur. Heerlijke kwaliteit. Ideaal voor op de bank. Geschikt voor kussens van 50x50 of 60x60 cm.","robots":{"index":"index","follow":"follow","max-snippet":"max-snippet:-1","max-image-preview":"max-image-preview:large","max-video-preview":"max-video-preview:-1"},"canonical":"https:\/\/tibladin.dk\/nl\/product-2\/cactus-zijden-kussensloop-roze-2\/","og_locale":"nl_NL","og_type":"article","og_title":"Marokkansk kaktussilke pude | Pink | H\u00e5ndlavet i Marrakech","og_description":"H\u00e5ndlavet pudebetr\u00e6k i kaktussilke i flot pink farve. L\u00e6kker kvalitet. Perfekt til sofaen. Passer til 50x50 eller 60x60 cm puder.","og_url":"https:\/\/tibladin.dk\/nl\/product-2\/cactus-zijden-kussensloop-roze-2\/","og_site_name":"Tibladin","article_modified_time":"2026-04-29T10:54:42+00:00","og_image":[{"width":1024,"height":1024,"url":"https:\/\/tibladin.dk\/wp-content\/uploads\/2022\/09\/Photoroom_20260311_120914-1024x1024.jpg","type":"image\/jpeg"}],"twitter_card":"summary_large_image","twitter_misc":{"Geschatte leestijd":"2 minuten"},"schema":{"@context":"https:\/\/schema.org","@graph":[{"@type":"WebPage","@id":"https:\/\/tibladin.dk\/produkt\/kaktussilke-pudebetraek-pink\/","url":"https:\/\/tibladin.dk\/produkt\/kaktussilke-pudebetraek-pink\/","name":"Marokkaans cactus zijden kussen | Roze | Handgemaakt in Marrakesh","isPartOf":{"@id":"https:\/\/tibladin.dk\/#website"},"primaryImageOfPage":{"@id":"https:\/\/tibladin.dk\/produkt\/kaktussilke-pudebetraek-pink\/#primaryimage"},"image":{"@id":"https:\/\/tibladin.dk\/produkt\/kaktussilke-pudebetraek-pink\/#primaryimage"},"thumbnailUrl":"https:\/\/tibladin.dk\/wp-content\/uploads\/2022\/09\/Photoroom_20260311_120914.jpg","datePublished":"2022-09-20T09:17:13+00:00","dateModified":"2026-04-29T10:54:42+00:00","description":"Handgemaakte kussenhoes van cactuszijde in een mooie roze kleur. Heerlijke kwaliteit. Ideaal voor op de bank. Geschikt voor kussens van 50x50 of 60x60 cm.","breadcrumb":{"@id":"https:\/\/tibladin.dk\/produkt\/kaktussilke-pudebetraek-pink\/#breadcrumb"},"inLanguage":"nl-NL","potentialAction":[{"@type":"ReadAction","target":["https:\/\/tibladin.dk\/produkt\/kaktussilke-pudebetraek-pink\/"]}]},{"@type":"ImageObject","inLanguage":"nl-NL","@id":"https:\/\/tibladin.dk\/produkt\/kaktussilke-pudebetraek-pink\/#primaryimage","url":"https:\/\/tibladin.dk\/wp-content\/uploads\/2022\/09\/Photoroom_20260311_120914.jpg","contentUrl":"https:\/\/tibladin.dk\/wp-content\/uploads\/2022\/09\/Photoroom_20260311_120914.jpg","width":2000,"height":2000,"caption":"Alle varianter af de pink pudebetr\u00e6k - kaktussilke."},{"@type":"BreadcrumbList","@id":"https:\/\/tibladin.dk\/produkt\/kaktussilke-pudebetraek-pink\/#breadcrumb","itemListElement":[{"@type":"ListItem","position":1,"name":"Hjem","item":"https:\/\/tibladin.dk\/"},{"@type":"ListItem","position":2,"name":"Shop","item":"https:\/\/tibladin.dk\/shop\/"},{"@type":"ListItem","position":3,"name":"Kaktussilke pudebetr\u00e6k &#8211; PINK"}]},{"@type":"WebSite","@id":"https:\/\/tibladin.dk\/#website","url":"https:\/\/tibladin.dk\/","name":"Tibladin","description":"Tibladin","publisher":{"@id":"https:\/\/tibladin.dk\/#organization"},"potentialAction":[{"@type":"SearchAction","target":{"@type":"EntryPoint","urlTemplate":"https:\/\/tibladin.dk\/?s={search_term_string}"},"query-input":{"@type":"PropertyValueSpecification","valueRequired":true,"valueName":"search_term_string"}}],"inLanguage":"nl-NL"},{"@type":"Organization","@id":"https:\/\/tibladin.dk\/#organization","name":"Tibladin","url":"https:\/\/tibladin.dk\/","logo":{"@type":"ImageObject","inLanguage":"nl-NL","@id":"https:\/\/tibladin.dk\/#\/schema\/logo\/image\/","url":"https:\/\/tibladin.dk\/wp-content\/uploads\/2022\/09\/tibladin_logo.svg","contentUrl":"https:\/\/tibladin.dk\/wp-content\/uploads\/2022\/09\/tibladin_logo.svg","caption":"Tibladin"},"image":{"@id":"https:\/\/tibladin.dk\/#\/schema\/logo\/image\/"}}]}},"_links":{"self":[{"href":"https:\/\/tibladin.dk\/nl\/wp-json\/wp\/v2\/product\/2553","targetHints":{"allow":["GET"]}}],"collection":[{"href":"https:\/\/tibladin.dk\/nl\/wp-json\/wp\/v2\/product"}],"about":[{"href":"https:\/\/tibladin.dk\/nl\/wp-json\/wp\/v2\/types\/product"}],"wp:featuredmedia":[{"embeddable":true,"href":"https:\/\/tibladin.dk\/nl\/wp-json\/wp\/v2\/media\/43621"}],"wp:attachment":[{"href":"https:\/\/tibladin.dk\/nl\/wp-json\/wp\/v2\/media?parent=2553"}],"wp:term":[{"taxonomy":"product_brand","embeddable":true,"href":"https:\/\/tibladin.dk\/nl\/wp-json\/wp\/v2\/product_brand?post=2553"},{"taxonomy":"product_cat","embeddable":true,"href":"https:\/\/tibladin.dk\/nl\/wp-json\/wp\/v2\/product_cat?post=2553"},{"taxonomy":"product_tag","embeddable":true,"href":"https:\/\/tibladin.dk\/nl\/wp-json\/wp\/v2\/product_tag?post=2553"}],"curies":[{"name":"wp","href":"https:\/\/api.w.org\/{rel}","templated":true}]}}