{"id":2580,"date":"2022-09-20T11:17:27","date_gmt":"2022-09-20T09:17:27","guid":{"rendered":"https:\/\/tibladin.dk\/vare\/kaktussilke-pudebetraek-turkis\/"},"modified":"2026-01-04T18:38:51","modified_gmt":"2026-01-04T17:38:51","slug":"kussenhoes-van-cactuszijde-turquoise","status":"publish","type":"product","link":"https:\/\/tibladin.dk\/nl\/produkt\/kaktussilke-pudebetraek-turkis\/","title":{"rendered":"Kussen van cactuszijde \u2013 TURQUOISE"},"content":{"rendered":"<div class=\"wpb-content-wrapper\"><div class=\"vc_row wpb_row vc_row-fluid\"><div class=\"wpb_column vc_column_container vc_col-sm-4\"><div class=\"vc_column-inner\"><div class=\"wpb_wrapper\"><\/div><\/div><\/div><div class=\"wpb_column vc_column_container vc_col-sm-4\"><div class=\"vc_column-inner\"><div class=\"wpb_wrapper\"><h3 style=\"text-align: left\" class=\"vc_custom_heading vc_do_custom_heading\" >Onderhoud<\/h3>\n\t<div class=\"wpb_text_column wpb_content_element\" >\n\t\t<div class=\"wpb_wrapper\">\n\t\t\t<p>De kussensloop kan niet tegen water!<\/p>\n<p>Ze moeten bij een stomerij worden gestoomd.<\/p>\n<p>Omdat de kussenhoezen 100 % handgemaakt zijn, zijn er zowel onvolkomenheden als verschillen in maat en patroon die deel uitmaken van de charme van deze kussens.<\/p>\n\n\t\t<\/div>\n\t<\/div>\n<\/div><\/div><\/div><div class=\"wpb_column vc_column_container vc_col-sm-4\"><div class=\"vc_column-inner\"><div class=\"wpb_wrapper\"><h3 style=\"text-align: left\" class=\"vc_custom_heading vc_do_custom_heading\" >Het verhaal erachter<\/h3>\n\t<div class=\"wpb_text_column wpb_content_element\" >\n\t\t<div class=\"wpb_wrapper\">\n\t\t\t<p>Deze cactuszijde kussenhoes heeft een prachtige turquoise kleur met geometrische patronen en details in rood- en oranje tinten. De kleuren zijn scherp en vullen elkaar prachtig aan, wat een heel bijzonder effect cre\u00ebert. De kussenhoezen in cactuszijde \u2013 ook wel agavezijde genoemd \u2013 zijn handgemaakt en hebben een zeer unieke uitstraling. Cactuszijde wordt geweven van vezels van cactusplanten uit Marokko en de vezels van de plant geven een glanzend uiterlijk en voelen gladder aan dan katoen of wol, omdat het zijde is. Ze voegen een elegante en kleurrijke toets toe aan elke kamer en kunnen worden gebruikt op de bank, fauteuil of bed.<\/p>\n<p>De hoezen zijn voorzien van een stevige ritssluiting, waardoor je de hoezen gemakkelijk kunt verwijderen en wassen.<\/p>\n<p>De hoezen zijn geschikt voor 40 x 60 of 50 x 60 cm. montagepads, afhankelijk van hoe vol je ze wilt hebben.<\/p>\n\n\t\t<\/div>\n\t<\/div>\n<\/div><\/div><\/div><\/div>\n<\/div>","protected":false},"excerpt":{"rendered":"<p>Handgemaakte kussenhoes van cactuszijde uit Marokko. Deze prachtige kussenhoes is gemaakt van cactuszijde, ook wel Sabra genoemd, en geverfd in een mooie turquoise kleur. De kussenhoes heeft fijne geometrische details in rode en oranje tinten die een elegante en kleurrijke uitstraling cre\u00ebren. De cactuszijden kussens zijn heel bijzonder en zijn het resultaat van prachtig vakmanschap en heerlijke, natuurlijke materialen.<\/p>\n<p>Kussens van cactuszijde hebben een elegante maar toch bohemien uitstraling en zijn perfect voor op de bank, fauteuil of bed.<\/p>\n<p>Het kussen heeft een afmeting van 40\u00d760 cm en is geschikt voor 40 x 60 of 50 x 60 cm. kussens ophangen, afhankelijk van hoe vol je het kussen wilt hebben.<\/p>\n<p>De kussenhoezen worden zonder kussens geleverd, maar er kan wel een montagekussen bijgekocht worden.<\/p>\n<p>&nbsp;<\/p>\n<p>&nbsp;<\/p>","protected":false},"featured_media":2577,"template":"","meta":{"inline_featured_image":false},"product_brand":[],"product_cat":[160,66,37],"product_tag":[],"class_list":{"0":"post-2580","1":"product","2":"type-product","3":"status-publish","4":"has-post-thumbnail","6":"product_cat-kaktussilke-puder","7":"product_cat-pudebetraek","8":"product_cat-tekstiler","10":"first","11":"instock","12":"taxable","13":"shipping-taxable","14":"purchasable","15":"product-type-simple"},"exclude_global_add_ons":false,"addons":[{"name":"Wilt u een cadeauverpakking?","type":"checkbox","position":0,"required":false,"title_format":"label","default":"","description_enable":false,"description":"","placeholder_enable":false,"placeholder":"","display":"images","restrictions_type":"any_text","adjust_price":false,"price":"","price_type":"flat_fee","restrictions":false,"min":"0","max":"0","options":[{"label":"Ja tak","price":"10","price_type":"flat_fee","image":11015,"visibility":true}],"id":1669646111}],"yoast_head":"<!-- This site is optimized with the Yoast SEO plugin v27.4 - https:\/\/yoast.com\/product\/yoast-seo-wordpress\/ -->\n<title>Marokkansk pude i kaktussilke | Turkis | H\u00e5ndlavet i Marrakech<\/title>\n<meta name=\"description\" content=\"H\u00e5ndlavet pudebetr\u00e6k i kaktussilke i flot turkis farve. H\u00f8j kvalitet. Perfekt til sofaen. M\u00e5ler 40x60 cm og passer ogs\u00e5 til 50x60 cm puder.\" \/>\n<meta name=\"robots\" content=\"index, follow, max-snippet:-1, max-image-preview:large, max-video-preview:-1\" \/>\n<link rel=\"canonical\" href=\"https:\/\/tibladin.dk\/nl\/product-2\/kussenhoes-van-cactuszijde-turquoise\/\" \/>\n<meta property=\"og:locale\" content=\"nl_NL\" \/>\n<meta property=\"og:type\" content=\"article\" \/>\n<meta property=\"og:title\" content=\"Marokkansk pude i kaktussilke | Turkis | H\u00e5ndlavet i Marrakech\" \/>\n<meta property=\"og:description\" content=\"H\u00e5ndlavet pudebetr\u00e6k i kaktussilke i flot turkis farve. H\u00f8j kvalitet. Perfekt til sofaen. M\u00e5ler 40x60 cm og passer ogs\u00e5 til 50x60 cm puder.\" \/>\n<meta property=\"og:url\" content=\"https:\/\/tibladin.dk\/nl\/product-2\/kussenhoes-van-cactuszijde-turquoise\/\" \/>\n<meta property=\"og:site_name\" content=\"Tibladin\" \/>\n<meta property=\"article:modified_time\" content=\"2026-01-04T17:38:51+00:00\" \/>\n<meta property=\"og:image\" content=\"https:\/\/tibladin.dk\/wp-content\/uploads\/2022\/09\/Turkis-40x60-1-1.png\" \/>\n\t<meta property=\"og:image:width\" content=\"800\" \/>\n\t<meta property=\"og:image:height\" content=\"800\" \/>\n\t<meta property=\"og:image:type\" content=\"image\/png\" \/>\n<meta name=\"twitter:card\" content=\"summary_large_image\" \/>\n<meta name=\"twitter:label1\" content=\"Geschatte leestijd\" \/>\n\t<meta name=\"twitter:data1\" content=\"2 minuten\" \/>\n<script type=\"application\/ld+json\" class=\"yoast-schema-graph\">{\"@context\":\"https:\\\/\\\/schema.org\",\"@graph\":[{\"@type\":\"WebPage\",\"@id\":\"https:\\\/\\\/tibladin.dk\\\/produkt\\\/kaktussilke-pudebetraek-turkis\\\/\",\"url\":\"https:\\\/\\\/tibladin.dk\\\/produkt\\\/kaktussilke-pudebetraek-turkis\\\/\",\"name\":\"Marokkansk pude i kaktussilke | Turkis | H\u00e5ndlavet i Marrakech\",\"isPartOf\":{\"@id\":\"https:\\\/\\\/tibladin.dk\\\/#website\"},\"primaryImageOfPage\":{\"@id\":\"https:\\\/\\\/tibladin.dk\\\/produkt\\\/kaktussilke-pudebetraek-turkis\\\/#primaryimage\"},\"image\":{\"@id\":\"https:\\\/\\\/tibladin.dk\\\/produkt\\\/kaktussilke-pudebetraek-turkis\\\/#primaryimage\"},\"thumbnailUrl\":\"https:\\\/\\\/tibladin.dk\\\/wp-content\\\/uploads\\\/2022\\\/09\\\/Turkis-40x60-1-1.png\",\"datePublished\":\"2022-09-20T09:17:27+00:00\",\"dateModified\":\"2026-01-04T17:38:51+00:00\",\"description\":\"H\u00e5ndlavet pudebetr\u00e6k i kaktussilke i flot turkis farve. H\u00f8j kvalitet. Perfekt til sofaen. M\u00e5ler 40x60 cm og passer ogs\u00e5 til 50x60 cm puder.\",\"breadcrumb\":{\"@id\":\"https:\\\/\\\/tibladin.dk\\\/produkt\\\/kaktussilke-pudebetraek-turkis\\\/#breadcrumb\"},\"inLanguage\":\"nl-NL\",\"potentialAction\":[{\"@type\":\"ReadAction\",\"target\":[\"https:\\\/\\\/tibladin.dk\\\/produkt\\\/kaktussilke-pudebetraek-turkis\\\/\"]}]},{\"@type\":\"ImageObject\",\"inLanguage\":\"nl-NL\",\"@id\":\"https:\\\/\\\/tibladin.dk\\\/produkt\\\/kaktussilke-pudebetraek-turkis\\\/#primaryimage\",\"url\":\"https:\\\/\\\/tibladin.dk\\\/wp-content\\\/uploads\\\/2022\\\/09\\\/Turkis-40x60-1-1.png\",\"contentUrl\":\"https:\\\/\\\/tibladin.dk\\\/wp-content\\\/uploads\\\/2022\\\/09\\\/Turkis-40x60-1-1.png\",\"width\":800,\"height\":800,\"caption\":\"Marokkansk h\u00e5ndv\u00e6vet kaktussilke pudebetr\u00e6k i turkis\"},{\"@type\":\"BreadcrumbList\",\"@id\":\"https:\\\/\\\/tibladin.dk\\\/produkt\\\/kaktussilke-pudebetraek-turkis\\\/#breadcrumb\",\"itemListElement\":[{\"@type\":\"ListItem\",\"position\":1,\"name\":\"Hjem\",\"item\":\"https:\\\/\\\/tibladin.dk\\\/\"},{\"@type\":\"ListItem\",\"position\":2,\"name\":\"Shop\",\"item\":\"https:\\\/\\\/tibladin.dk\\\/shop\\\/\"},{\"@type\":\"ListItem\",\"position\":3,\"name\":\"Kaktussilke pudebetr\u00e6k &#8211; TURKIS\"}]},{\"@type\":\"WebSite\",\"@id\":\"https:\\\/\\\/tibladin.dk\\\/#website\",\"url\":\"https:\\\/\\\/tibladin.dk\\\/\",\"name\":\"Tibladin\",\"description\":\"Tibladin\",\"publisher\":{\"@id\":\"https:\\\/\\\/tibladin.dk\\\/#organization\"},\"potentialAction\":[{\"@type\":\"SearchAction\",\"target\":{\"@type\":\"EntryPoint\",\"urlTemplate\":\"https:\\\/\\\/tibladin.dk\\\/?s={search_term_string}\"},\"query-input\":{\"@type\":\"PropertyValueSpecification\",\"valueRequired\":true,\"valueName\":\"search_term_string\"}}],\"inLanguage\":\"nl-NL\"},{\"@type\":\"Organization\",\"@id\":\"https:\\\/\\\/tibladin.dk\\\/#organization\",\"name\":\"Tibladin\",\"url\":\"https:\\\/\\\/tibladin.dk\\\/\",\"logo\":{\"@type\":\"ImageObject\",\"inLanguage\":\"nl-NL\",\"@id\":\"https:\\\/\\\/tibladin.dk\\\/#\\\/schema\\\/logo\\\/image\\\/\",\"url\":\"https:\\\/\\\/tibladin.dk\\\/wp-content\\\/uploads\\\/2022\\\/09\\\/tibladin_logo.svg\",\"contentUrl\":\"https:\\\/\\\/tibladin.dk\\\/wp-content\\\/uploads\\\/2022\\\/09\\\/tibladin_logo.svg\",\"caption\":\"Tibladin\"},\"image\":{\"@id\":\"https:\\\/\\\/tibladin.dk\\\/#\\\/schema\\\/logo\\\/image\\\/\"}}]}<\/script>\n<!-- \/ Yoast SEO plugin. -->","yoast_head_json":{"title":"Marokkaans kussen in cactuszijde | Turkoois | Handgemaakt in Marrakesh","description":"Handgemaakte kussenhoes van cactuszijde in een prachtige turquoise kleur. Hoge kwaliteit. Ideaal voor op de bank. Afmeting 40x60 cm en past ook op kussens van 50x60 cm.","robots":{"index":"index","follow":"follow","max-snippet":"max-snippet:-1","max-image-preview":"max-image-preview:large","max-video-preview":"max-video-preview:-1"},"canonical":"https:\/\/tibladin.dk\/nl\/product-2\/kussenhoes-van-cactuszijde-turquoise\/","og_locale":"nl_NL","og_type":"article","og_title":"Marokkansk pude i kaktussilke | Turkis | H\u00e5ndlavet i Marrakech","og_description":"H\u00e5ndlavet pudebetr\u00e6k i kaktussilke i flot turkis farve. H\u00f8j kvalitet. Perfekt til sofaen. M\u00e5ler 40x60 cm og passer ogs\u00e5 til 50x60 cm puder.","og_url":"https:\/\/tibladin.dk\/nl\/product-2\/kussenhoes-van-cactuszijde-turquoise\/","og_site_name":"Tibladin","article_modified_time":"2026-01-04T17:38:51+00:00","og_image":[{"width":800,"height":800,"url":"https:\/\/tibladin.dk\/wp-content\/uploads\/2022\/09\/Turkis-40x60-1-1.png","type":"image\/png"}],"twitter_card":"summary_large_image","twitter_misc":{"Geschatte leestijd":"2 minuten"},"schema":{"@context":"https:\/\/schema.org","@graph":[{"@type":"WebPage","@id":"https:\/\/tibladin.dk\/produkt\/kaktussilke-pudebetraek-turkis\/","url":"https:\/\/tibladin.dk\/produkt\/kaktussilke-pudebetraek-turkis\/","name":"Marokkaans kussen in cactuszijde | Turkoois | Handgemaakt in Marrakesh","isPartOf":{"@id":"https:\/\/tibladin.dk\/#website"},"primaryImageOfPage":{"@id":"https:\/\/tibladin.dk\/produkt\/kaktussilke-pudebetraek-turkis\/#primaryimage"},"image":{"@id":"https:\/\/tibladin.dk\/produkt\/kaktussilke-pudebetraek-turkis\/#primaryimage"},"thumbnailUrl":"https:\/\/tibladin.dk\/wp-content\/uploads\/2022\/09\/Turkis-40x60-1-1.png","datePublished":"2022-09-20T09:17:27+00:00","dateModified":"2026-01-04T17:38:51+00:00","description":"Handgemaakte kussenhoes van cactuszijde in een prachtige turquoise kleur. Hoge kwaliteit. Ideaal voor op de bank. Afmeting 40x60 cm en past ook op kussens van 50x60 cm.","breadcrumb":{"@id":"https:\/\/tibladin.dk\/produkt\/kaktussilke-pudebetraek-turkis\/#breadcrumb"},"inLanguage":"nl-NL","potentialAction":[{"@type":"ReadAction","target":["https:\/\/tibladin.dk\/produkt\/kaktussilke-pudebetraek-turkis\/"]}]},{"@type":"ImageObject","inLanguage":"nl-NL","@id":"https:\/\/tibladin.dk\/produkt\/kaktussilke-pudebetraek-turkis\/#primaryimage","url":"https:\/\/tibladin.dk\/wp-content\/uploads\/2022\/09\/Turkis-40x60-1-1.png","contentUrl":"https:\/\/tibladin.dk\/wp-content\/uploads\/2022\/09\/Turkis-40x60-1-1.png","width":800,"height":800,"caption":"Marokkansk h\u00e5ndv\u00e6vet kaktussilke pudebetr\u00e6k i turkis"},{"@type":"BreadcrumbList","@id":"https:\/\/tibladin.dk\/produkt\/kaktussilke-pudebetraek-turkis\/#breadcrumb","itemListElement":[{"@type":"ListItem","position":1,"name":"Hjem","item":"https:\/\/tibladin.dk\/"},{"@type":"ListItem","position":2,"name":"Shop","item":"https:\/\/tibladin.dk\/shop\/"},{"@type":"ListItem","position":3,"name":"Kaktussilke pudebetr\u00e6k &#8211; TURKIS"}]},{"@type":"WebSite","@id":"https:\/\/tibladin.dk\/#website","url":"https:\/\/tibladin.dk\/","name":"Tibladin","description":"Tibladin","publisher":{"@id":"https:\/\/tibladin.dk\/#organization"},"potentialAction":[{"@type":"SearchAction","target":{"@type":"EntryPoint","urlTemplate":"https:\/\/tibladin.dk\/?s={search_term_string}"},"query-input":{"@type":"PropertyValueSpecification","valueRequired":true,"valueName":"search_term_string"}}],"inLanguage":"nl-NL"},{"@type":"Organization","@id":"https:\/\/tibladin.dk\/#organization","name":"Tibladin","url":"https:\/\/tibladin.dk\/","logo":{"@type":"ImageObject","inLanguage":"nl-NL","@id":"https:\/\/tibladin.dk\/#\/schema\/logo\/image\/","url":"https:\/\/tibladin.dk\/wp-content\/uploads\/2022\/09\/tibladin_logo.svg","contentUrl":"https:\/\/tibladin.dk\/wp-content\/uploads\/2022\/09\/tibladin_logo.svg","caption":"Tibladin"},"image":{"@id":"https:\/\/tibladin.dk\/#\/schema\/logo\/image\/"}}]}},"_links":{"self":[{"href":"https:\/\/tibladin.dk\/nl\/wp-json\/wp\/v2\/product\/2580","targetHints":{"allow":["GET"]}}],"collection":[{"href":"https:\/\/tibladin.dk\/nl\/wp-json\/wp\/v2\/product"}],"about":[{"href":"https:\/\/tibladin.dk\/nl\/wp-json\/wp\/v2\/types\/product"}],"wp:featuredmedia":[{"embeddable":true,"href":"https:\/\/tibladin.dk\/nl\/wp-json\/wp\/v2\/media\/2577"}],"wp:attachment":[{"href":"https:\/\/tibladin.dk\/nl\/wp-json\/wp\/v2\/media?parent=2580"}],"wp:term":[{"taxonomy":"product_brand","embeddable":true,"href":"https:\/\/tibladin.dk\/nl\/wp-json\/wp\/v2\/product_brand?post=2580"},{"taxonomy":"product_cat","embeddable":true,"href":"https:\/\/tibladin.dk\/nl\/wp-json\/wp\/v2\/product_cat?post=2580"},{"taxonomy":"product_tag","embeddable":true,"href":"https:\/\/tibladin.dk\/nl\/wp-json\/wp\/v2\/product_tag?post=2580"}],"curies":[{"name":"wp","href":"https:\/\/api.w.org\/{rel}","templated":true}]}}