{"id":2585,"date":"2024-11-30T11:17:29","date_gmt":"2024-11-30T10:17:29","guid":{"rendered":"https:\/\/tibladin.dk\/vare\/dekorativ-duftkrans-pimp-ta-kasbah\/"},"modified":"2026-01-30T12:59:02","modified_gmt":"2026-01-30T11:59:02","slug":"decoratieve-geurkrans-pimp-ta-kasbah","status":"publish","type":"product","link":"https:\/\/tibladin.dk\/nl\/produkt\/dekorativ-duftkrans-pimp-ta-kasbah\/","title":{"rendered":"Decoratieve geurkrans PIMP TA KASBAH"},"content":{"rendered":"<div class=\"wpb-content-wrapper\"><div class=\"vc_row wpb_row vc_row-fluid\"><div class=\"wpb_column vc_column_container vc_col-sm-4\"><div class=\"vc_column-inner\"><div class=\"wpb_wrapper\"><\/div><\/div><\/div><div class=\"wpb_column vc_column_container vc_col-sm-4\"><div class=\"vc_column-inner\"><div class=\"wpb_wrapper\"><h3 style=\"text-align: left\" class=\"vc_custom_heading vc_do_custom_heading\" >Onderhoud<\/h3>\n\t<div class=\"wpb_text_column wpb_content_element\" >\n\t\t<div class=\"wpb_wrapper\">\n\t\t\t<p>Gebruik de geurkrans zowel als decoratieve versiering of voor het wassen van je handen en lichaam. Wrijf de zeep tegen de huid zodat deze schuimt.<\/p>\n\n\t\t<\/div>\n\t<\/div>\n<\/div><\/div><\/div><div class=\"wpb_column vc_column_container vc_col-sm-4\"><div class=\"vc_column-inner\"><div class=\"wpb_wrapper\"><h3 style=\"text-align: left\" class=\"vc_custom_heading vc_do_custom_heading\" >Het verhaal erachter<\/h3>\n\t<div class=\"wpb_text_column wpb_content_element\" >\n\t\t<div class=\"wpb_wrapper\">\n\t\t\t<p>Deze unieke geurkrans is van het merk L&#039;art du bain, opgericht in Marrakech in 2004 en sinds 2016 in productie in Nantes, Frankrijk.<span class=\"Apple-converted-space\">\u00a0<\/span><\/p>\n<p>De zepen worden \u00e9\u00e9n voor \u00e9\u00e9n met de hand gevormd en zijn perfect als decoratieve ornamenten die een heerlijke geur in huis verspreiden.<\/p>\n<p>Een ambachtelijke, zorgvuldige manier van zepen bereiden die een zeer fijne kwaliteit geeft. De zepen worden uitsluitend gemaakt van natuurlijke fijne ingredi\u00ebnten met respect voor het milieu. De techniek van het maken van koudgemengde zepen houdt in dat de zepen de natuurlijke glycerine en de natuurlijke oli\u00ebn behouden, die een meer vochtinbrengende zeep opleveren.<\/p>\n\n\t\t<\/div>\n\t<\/div>\n<\/div><\/div><\/div><\/div>\n<\/div>","protected":false},"excerpt":{"rendered":"<p><span style=\"font-weight: 400;\">Pimp ta Kasbah is een prachtige en unieke decoratie bestaande uit handvormige zeepjes en prachtige parels in milde kleuren en vormen. Hang hem in je badkamer, slaapkamer of woonkamer en laat de heerlijke geur zich door de kamer verspreiden. De naam Pimp ta Kasbah betekent, vertaald uit het Arabisch, je huis versieren of opfrissen. Kasbah. Kasbah is Arabisch en betekent een soort huis, ook wel medina genoemd. De unieke zeepdecoratie kan gebruikt worden als handzeep in de badkamer, maar kan ook als decoratie blijven hangen.\u00a0<\/span><\/p>\n<p>de krans heeft een diameter van 17 cm.<\/p>\n<p><span style=\"font-weight: 400;\">Een geur van vijgen, kruiden, wierook en zongerijpte tomaten herken je misschien wel in deze delicate geurkrans, die je met zijn essenti\u00eble oli\u00ebn meeneemt naar Marrakech en naar warmere, meer exotische streken. Parfumeer er gemakkelijk je huis mee. De handvormige zeepjes en parels zijn gemonteerd op een metalen krans en de krans wordt geleverd in een mooie geschenkdoos. Dit is een andere en unieke manier om geur en decoratie in huis te brengen.<\/span><\/p>","protected":false},"featured_media":32885,"template":"","meta":{"inline_featured_image":false},"product_brand":[],"product_cat":[103,104],"product_tag":[],"class_list":{"0":"post-2585","1":"product","2":"type-product","3":"status-publish","4":"has-post-thumbnail","6":"product_cat-personlig-pleje","7":"product_cat-saeber","9":"first","10":"instock","11":"taxable","12":"shipping-taxable","13":"purchasable","14":"product-type-variable"},"exclude_global_add_ons":false,"addons":[{"name":"Wilt u een cadeauverpakking?","type":"checkbox","position":0,"required":false,"title_format":"label","default":"","description_enable":false,"description":"","placeholder_enable":false,"placeholder":"","display":"images","restrictions_type":"any_text","adjust_price":false,"price":"","price_type":"flat_fee","restrictions":false,"min":"0","max":"0","options":[{"label":"Ja tak","price":"10","price_type":"flat_fee","image":11015,"visibility":true}],"id":1669646111}],"yoast_head":"<!-- This site is optimized with the Yoast SEO plugin v27.4 - https:\/\/yoast.com\/product\/yoast-seo-wordpress\/ -->\n<title>Duftkrans af h\u00e5ndlavede s\u00e6ber | \u00d8kologiske ingredienser | Tibladin<\/title>\n<meta name=\"description\" content=\"Smuk duftkrans af h\u00e5ndlavet og h\u00e5ndformet \u00f8kologisk s\u00e6be. Perfekt som dekorativ og velduftende indretning. Kan ogs\u00e5 bruges til vask.\" \/>\n<meta name=\"robots\" content=\"index, follow, max-snippet:-1, max-image-preview:large, max-video-preview:-1\" \/>\n<link rel=\"canonical\" href=\"https:\/\/tibladin.dk\/nl\/product-2\/decoratieve-geurkrans-pimp-ta-kasbah\/\" \/>\n<meta property=\"og:locale\" content=\"nl_NL\" \/>\n<meta property=\"og:type\" content=\"article\" \/>\n<meta property=\"og:title\" content=\"Duftkrans af h\u00e5ndlavede s\u00e6ber | \u00d8kologiske ingredienser | Tibladin\" \/>\n<meta property=\"og:description\" content=\"Smuk duftkrans af h\u00e5ndlavet og h\u00e5ndformet \u00f8kologisk s\u00e6be. Perfekt som dekorativ og velduftende indretning. Kan ogs\u00e5 bruges til vask.\" \/>\n<meta property=\"og:url\" content=\"https:\/\/tibladin.dk\/nl\/product-2\/decoratieve-geurkrans-pimp-ta-kasbah\/\" \/>\n<meta property=\"og:site_name\" content=\"Tibladin\" \/>\n<meta property=\"article:modified_time\" content=\"2026-01-30T11:59:02+00:00\" \/>\n<meta property=\"og:image\" content=\"https:\/\/tibladin.dk\/wp-content\/uploads\/2022\/09\/Saebekrans_LS7.jpg\" \/>\n\t<meta property=\"og:image:width\" content=\"800\" \/>\n\t<meta property=\"og:image:height\" content=\"800\" \/>\n\t<meta property=\"og:image:type\" content=\"image\/jpeg\" \/>\n<meta name=\"twitter:card\" content=\"summary_large_image\" \/>\n<meta name=\"twitter:label1\" content=\"Geschatte leestijd\" \/>\n\t<meta name=\"twitter:data1\" content=\"2 minuten\" \/>\n<script type=\"application\/ld+json\" class=\"yoast-schema-graph\">{\"@context\":\"https:\\\/\\\/schema.org\",\"@graph\":[{\"@type\":\"WebPage\",\"@id\":\"https:\\\/\\\/tibladin.dk\\\/produkt\\\/dekorativ-duftkrans-pimp-ta-kasbah\\\/\",\"url\":\"https:\\\/\\\/tibladin.dk\\\/produkt\\\/dekorativ-duftkrans-pimp-ta-kasbah\\\/\",\"name\":\"Duftkrans af h\u00e5ndlavede s\u00e6ber | \u00d8kologiske ingredienser | Tibladin\",\"isPartOf\":{\"@id\":\"https:\\\/\\\/tibladin.dk\\\/#website\"},\"primaryImageOfPage\":{\"@id\":\"https:\\\/\\\/tibladin.dk\\\/produkt\\\/dekorativ-duftkrans-pimp-ta-kasbah\\\/#primaryimage\"},\"image\":{\"@id\":\"https:\\\/\\\/tibladin.dk\\\/produkt\\\/dekorativ-duftkrans-pimp-ta-kasbah\\\/#primaryimage\"},\"thumbnailUrl\":\"https:\\\/\\\/tibladin.dk\\\/wp-content\\\/uploads\\\/2022\\\/09\\\/Saebekrans_LS7.jpg\",\"datePublished\":\"2024-11-30T10:17:29+00:00\",\"dateModified\":\"2026-01-30T11:59:02+00:00\",\"description\":\"Smuk duftkrans af h\u00e5ndlavet og h\u00e5ndformet \u00f8kologisk s\u00e6be. Perfekt som dekorativ og velduftende indretning. Kan ogs\u00e5 bruges til vask.\",\"breadcrumb\":{\"@id\":\"https:\\\/\\\/tibladin.dk\\\/produkt\\\/dekorativ-duftkrans-pimp-ta-kasbah\\\/#breadcrumb\"},\"inLanguage\":\"nl-NL\",\"potentialAction\":[{\"@type\":\"ReadAction\",\"target\":[\"https:\\\/\\\/tibladin.dk\\\/produkt\\\/dekorativ-duftkrans-pimp-ta-kasbah\\\/\"]}]},{\"@type\":\"ImageObject\",\"inLanguage\":\"nl-NL\",\"@id\":\"https:\\\/\\\/tibladin.dk\\\/produkt\\\/dekorativ-duftkrans-pimp-ta-kasbah\\\/#primaryimage\",\"url\":\"https:\\\/\\\/tibladin.dk\\\/wp-content\\\/uploads\\\/2022\\\/09\\\/Saebekrans_LS7.jpg\",\"contentUrl\":\"https:\\\/\\\/tibladin.dk\\\/wp-content\\\/uploads\\\/2022\\\/09\\\/Saebekrans_LS7.jpg\",\"width\":800,\"height\":800},{\"@type\":\"BreadcrumbList\",\"@id\":\"https:\\\/\\\/tibladin.dk\\\/produkt\\\/dekorativ-duftkrans-pimp-ta-kasbah\\\/#breadcrumb\",\"itemListElement\":[{\"@type\":\"ListItem\",\"position\":1,\"name\":\"Hjem\",\"item\":\"https:\\\/\\\/tibladin.dk\\\/\"},{\"@type\":\"ListItem\",\"position\":2,\"name\":\"Shop\",\"item\":\"https:\\\/\\\/tibladin.dk\\\/shop\\\/\"},{\"@type\":\"ListItem\",\"position\":3,\"name\":\"Dekorativ duftkrans PIMP TA KASBAH\"}]},{\"@type\":\"WebSite\",\"@id\":\"https:\\\/\\\/tibladin.dk\\\/#website\",\"url\":\"https:\\\/\\\/tibladin.dk\\\/\",\"name\":\"Tibladin\",\"description\":\"Tibladin\",\"publisher\":{\"@id\":\"https:\\\/\\\/tibladin.dk\\\/#organization\"},\"potentialAction\":[{\"@type\":\"SearchAction\",\"target\":{\"@type\":\"EntryPoint\",\"urlTemplate\":\"https:\\\/\\\/tibladin.dk\\\/?s={search_term_string}\"},\"query-input\":{\"@type\":\"PropertyValueSpecification\",\"valueRequired\":true,\"valueName\":\"search_term_string\"}}],\"inLanguage\":\"nl-NL\"},{\"@type\":\"Organization\",\"@id\":\"https:\\\/\\\/tibladin.dk\\\/#organization\",\"name\":\"Tibladin\",\"url\":\"https:\\\/\\\/tibladin.dk\\\/\",\"logo\":{\"@type\":\"ImageObject\",\"inLanguage\":\"nl-NL\",\"@id\":\"https:\\\/\\\/tibladin.dk\\\/#\\\/schema\\\/logo\\\/image\\\/\",\"url\":\"https:\\\/\\\/tibladin.dk\\\/wp-content\\\/uploads\\\/2022\\\/09\\\/tibladin_logo.svg\",\"contentUrl\":\"https:\\\/\\\/tibladin.dk\\\/wp-content\\\/uploads\\\/2022\\\/09\\\/tibladin_logo.svg\",\"caption\":\"Tibladin\"},\"image\":{\"@id\":\"https:\\\/\\\/tibladin.dk\\\/#\\\/schema\\\/logo\\\/image\\\/\"}}]}<\/script>\n<!-- \/ Yoast SEO plugin. -->","yoast_head_json":{"title":"Geurenkrans van handgemaakte zepen | Biologische ingredi\u00ebnten | Tibladin","description":"Mooie geurkrans van handgemaakte en handvormige biologische zeep. Perfect als decoratief en geurig interieur. Kan ook gebruikt worden om te wassen.","robots":{"index":"index","follow":"follow","max-snippet":"max-snippet:-1","max-image-preview":"max-image-preview:large","max-video-preview":"max-video-preview:-1"},"canonical":"https:\/\/tibladin.dk\/nl\/product-2\/decoratieve-geurkrans-pimp-ta-kasbah\/","og_locale":"nl_NL","og_type":"article","og_title":"Duftkrans af h\u00e5ndlavede s\u00e6ber | \u00d8kologiske ingredienser | Tibladin","og_description":"Smuk duftkrans af h\u00e5ndlavet og h\u00e5ndformet \u00f8kologisk s\u00e6be. Perfekt som dekorativ og velduftende indretning. Kan ogs\u00e5 bruges til vask.","og_url":"https:\/\/tibladin.dk\/nl\/product-2\/decoratieve-geurkrans-pimp-ta-kasbah\/","og_site_name":"Tibladin","article_modified_time":"2026-01-30T11:59:02+00:00","og_image":[{"width":800,"height":800,"url":"https:\/\/tibladin.dk\/wp-content\/uploads\/2022\/09\/Saebekrans_LS7.jpg","type":"image\/jpeg"}],"twitter_card":"summary_large_image","twitter_misc":{"Geschatte leestijd":"2 minuten"},"schema":{"@context":"https:\/\/schema.org","@graph":[{"@type":"WebPage","@id":"https:\/\/tibladin.dk\/produkt\/dekorativ-duftkrans-pimp-ta-kasbah\/","url":"https:\/\/tibladin.dk\/produkt\/dekorativ-duftkrans-pimp-ta-kasbah\/","name":"Geurenkrans van handgemaakte zepen | Biologische ingredi\u00ebnten | Tibladin","isPartOf":{"@id":"https:\/\/tibladin.dk\/#website"},"primaryImageOfPage":{"@id":"https:\/\/tibladin.dk\/produkt\/dekorativ-duftkrans-pimp-ta-kasbah\/#primaryimage"},"image":{"@id":"https:\/\/tibladin.dk\/produkt\/dekorativ-duftkrans-pimp-ta-kasbah\/#primaryimage"},"thumbnailUrl":"https:\/\/tibladin.dk\/wp-content\/uploads\/2022\/09\/Saebekrans_LS7.jpg","datePublished":"2024-11-30T10:17:29+00:00","dateModified":"2026-01-30T11:59:02+00:00","description":"Mooie geurkrans van handgemaakte en handvormige biologische zeep. Perfect als decoratief en geurig interieur. Kan ook gebruikt worden om te wassen.","breadcrumb":{"@id":"https:\/\/tibladin.dk\/produkt\/dekorativ-duftkrans-pimp-ta-kasbah\/#breadcrumb"},"inLanguage":"nl-NL","potentialAction":[{"@type":"ReadAction","target":["https:\/\/tibladin.dk\/produkt\/dekorativ-duftkrans-pimp-ta-kasbah\/"]}]},{"@type":"ImageObject","inLanguage":"nl-NL","@id":"https:\/\/tibladin.dk\/produkt\/dekorativ-duftkrans-pimp-ta-kasbah\/#primaryimage","url":"https:\/\/tibladin.dk\/wp-content\/uploads\/2022\/09\/Saebekrans_LS7.jpg","contentUrl":"https:\/\/tibladin.dk\/wp-content\/uploads\/2022\/09\/Saebekrans_LS7.jpg","width":800,"height":800},{"@type":"BreadcrumbList","@id":"https:\/\/tibladin.dk\/produkt\/dekorativ-duftkrans-pimp-ta-kasbah\/#breadcrumb","itemListElement":[{"@type":"ListItem","position":1,"name":"Hjem","item":"https:\/\/tibladin.dk\/"},{"@type":"ListItem","position":2,"name":"Shop","item":"https:\/\/tibladin.dk\/shop\/"},{"@type":"ListItem","position":3,"name":"Dekorativ duftkrans PIMP TA KASBAH"}]},{"@type":"WebSite","@id":"https:\/\/tibladin.dk\/#website","url":"https:\/\/tibladin.dk\/","name":"Tibladin","description":"Tibladin","publisher":{"@id":"https:\/\/tibladin.dk\/#organization"},"potentialAction":[{"@type":"SearchAction","target":{"@type":"EntryPoint","urlTemplate":"https:\/\/tibladin.dk\/?s={search_term_string}"},"query-input":{"@type":"PropertyValueSpecification","valueRequired":true,"valueName":"search_term_string"}}],"inLanguage":"nl-NL"},{"@type":"Organization","@id":"https:\/\/tibladin.dk\/#organization","name":"Tibladin","url":"https:\/\/tibladin.dk\/","logo":{"@type":"ImageObject","inLanguage":"nl-NL","@id":"https:\/\/tibladin.dk\/#\/schema\/logo\/image\/","url":"https:\/\/tibladin.dk\/wp-content\/uploads\/2022\/09\/tibladin_logo.svg","contentUrl":"https:\/\/tibladin.dk\/wp-content\/uploads\/2022\/09\/tibladin_logo.svg","caption":"Tibladin"},"image":{"@id":"https:\/\/tibladin.dk\/#\/schema\/logo\/image\/"}}]}},"_links":{"self":[{"href":"https:\/\/tibladin.dk\/nl\/wp-json\/wp\/v2\/product\/2585","targetHints":{"allow":["GET"]}}],"collection":[{"href":"https:\/\/tibladin.dk\/nl\/wp-json\/wp\/v2\/product"}],"about":[{"href":"https:\/\/tibladin.dk\/nl\/wp-json\/wp\/v2\/types\/product"}],"wp:featuredmedia":[{"embeddable":true,"href":"https:\/\/tibladin.dk\/nl\/wp-json\/wp\/v2\/media\/32885"}],"wp:attachment":[{"href":"https:\/\/tibladin.dk\/nl\/wp-json\/wp\/v2\/media?parent=2585"}],"wp:term":[{"taxonomy":"product_brand","embeddable":true,"href":"https:\/\/tibladin.dk\/nl\/wp-json\/wp\/v2\/product_brand?post=2585"},{"taxonomy":"product_cat","embeddable":true,"href":"https:\/\/tibladin.dk\/nl\/wp-json\/wp\/v2\/product_cat?post=2585"},{"taxonomy":"product_tag","embeddable":true,"href":"https:\/\/tibladin.dk\/nl\/wp-json\/wp\/v2\/product_tag?post=2585"}],"curies":[{"name":"wp","href":"https:\/\/api.w.org\/{rel}","templated":true}]}}