{"id":2616,"date":"2022-09-20T11:17:44","date_gmt":"2022-09-20T09:17:44","guid":{"rendered":"https:\/\/tibladin.dk\/vare\/aegte-saebe-geranium\/"},"modified":"2025-09-07T19:30:09","modified_gmt":"2025-09-07T17:30:09","slug":"echte-zeepgeranium","status":"publish","type":"product","link":"https:\/\/tibladin.dk\/nl\/produkt\/aegte-saebe-geranium\/","title":{"rendered":"Echte zeep GERANIUM"},"content":{"rendered":"<div class=\"wpb-content-wrapper\"><div class=\"vc_row wpb_row vc_row-fluid\"><div class=\"wpb_column vc_column_container vc_col-sm-4\"><div class=\"vc_column-inner\"><div class=\"wpb_wrapper\"><\/div><\/div><\/div><div class=\"wpb_column vc_column_container vc_col-sm-4\"><div class=\"vc_column-inner\"><div class=\"wpb_wrapper\"><h3 style=\"text-align: left\" class=\"vc_custom_heading vc_do_custom_heading\" >Onderhoud<\/h3>\n\t<div class=\"wpb_text_column wpb_content_element\" >\n\t\t<div class=\"wpb_wrapper\">\n\t\t\t<p>Reinig en hydrateer de huid en masseer de zeep in de huid. Afnemen met water. Maakt de huid zijdezacht en heerlijk. Kan gebruikt worden op het lichaam en gezicht.<\/p>\n\n\t\t<\/div>\n\t<\/div>\n<\/div><\/div><\/div><div class=\"wpb_column vc_column_container vc_col-sm-4\"><div class=\"vc_column-inner\"><div class=\"wpb_wrapper\"><h3 style=\"text-align: left\" class=\"vc_custom_heading vc_do_custom_heading\" >Het verhaal erachter<\/h3>\n\t<div class=\"wpb_text_column wpb_content_element\" >\n\t\t<div class=\"wpb_wrapper\">\n\t\t\t<p><span style=\"font-weight: 400;\">De heerlijke authentieke zepen zijn van het merk L&#039;art du bain, dat in 2004 in Marrakech werd opgericht en sinds 2016 in Nantes in Frankrijk wordt geproduceerd.<\/span><\/p>\n<p><span style=\"font-weight: 400;\">Onze echte zepen zijn gemaakt van olijfolie en arganolie en we hebben ze in vier verschillende geuren: Argan, Eucalyptus, Geranium en Amber. De geuren zijn zowel fris, warm als kruidig en je kunt zelf kiezen welke geur jouw voorkeur heeft.\u00a0<\/span><\/p>\n<p><span style=\"font-weight: 400;\">De echte zepen worden geleverd in glas met een schroefdop en zijn gemakkelijk in gebruik. De zeep is vloeibaar, maar toch behoorlijk stevig. Neem gewoon een beetje in je hand en verdeel het over het lichaam. De zeep is makkelijk te doseren en je neemt niet teveel in, zoals vaak het geval is bij vloeibare douchezepen. Je kunt ook een exfoli\u00ebrende handschoen of een spons gebruiken om diep te wassen, maar de zeep kan ook gewoon met je handen worden aangebracht.\u00a0<\/span><\/p>\n\n\t\t<\/div>\n\t<\/div>\n<\/div><\/div><\/div><\/div>\n<\/div>","protected":false},"excerpt":{"rendered":"<p><span style=\"font-weight: 400;\">Heerlijke zeep op basis van biologische olijfolie en met een prachtige bloemengeur met tonen van geranium en zoete rozen. De geur is licht en zoet en zorgt ervoor dat je je heerlijk ontspannen voelt. Perfect voor de gevoelige huid met een lichte en discrete geur die zacht is voor de huid.<\/span><\/p>\n<p>Bevat 200ml. De glazen container meet 7\u00d77 cm.<\/p>\n<p><span style=\"font-weight: 400;\">Ingredi\u00ebnten: Koudgeperste biologische olijfolie, water, kokosolie, glycerine, natuurlijke geurstoffen.<\/span><\/p>","protected":false},"featured_media":2615,"template":"","meta":{"inline_featured_image":false},"product_brand":[],"product_cat":[27,103,104],"product_tag":[],"class_list":{"0":"post-2616","1":"product","2":"type-product","3":"status-publish","4":"has-post-thumbnail","6":"product_cat-diverse","7":"product_cat-personlig-pleje","8":"product_cat-saeber","10":"first","11":"instock","12":"taxable","13":"shipping-taxable","14":"purchasable","15":"product-type-simple"},"exclude_global_add_ons":false,"addons":[{"name":"Wilt u een cadeauverpakking?","type":"checkbox","position":0,"required":false,"title_format":"label","default":"","description_enable":false,"description":"","placeholder_enable":false,"placeholder":"","display":"images","restrictions_type":"any_text","adjust_price":false,"price":"","price_type":"flat_fee","restrictions":false,"min":"0","max":"0","options":[{"label":"Ja tak","price":"10","price_type":"flat_fee","image":11015,"visibility":true}],"id":1669646111}],"yoast_head":"<!-- This site is optimized with the Yoast SEO plugin v27.4 - https:\/\/yoast.com\/product\/yoast-seo-wordpress\/ -->\n<title>\u00c6gte \u00f8kologisk s\u00e6be | Naturlige ingredienser | Tibladin<\/title>\n<meta name=\"description\" content=\"\u00c6gte s\u00e6be med l\u00e6kre naturlige ingredienser. Velduftende, bl\u00f8d og l\u00e6kker p\u00e5 huden. Renser og bl\u00f8dg\u00f8r mildt huden p\u00e5 kroppen og i ansigtet.\" \/>\n<meta name=\"robots\" content=\"index, follow, max-snippet:-1, max-image-preview:large, max-video-preview:-1\" \/>\n<link rel=\"canonical\" href=\"https:\/\/tibladin.dk\/nl\/product-2\/echte-zeepgeranium\/\" \/>\n<meta property=\"og:locale\" content=\"nl_NL\" \/>\n<meta property=\"og:type\" content=\"article\" \/>\n<meta property=\"og:title\" content=\"\u00c6gte \u00f8kologisk s\u00e6be | Naturlige ingredienser | Tibladin\" \/>\n<meta property=\"og:description\" content=\"\u00c6gte s\u00e6be med l\u00e6kre naturlige ingredienser. Velduftende, bl\u00f8d og l\u00e6kker p\u00e5 huden. Renser og bl\u00f8dg\u00f8r mildt huden p\u00e5 kroppen og i ansigtet.\" \/>\n<meta property=\"og:url\" content=\"https:\/\/tibladin.dk\/nl\/product-2\/echte-zeepgeranium\/\" \/>\n<meta property=\"og:site_name\" content=\"Tibladin\" \/>\n<meta property=\"article:modified_time\" content=\"2025-09-07T17:30:09+00:00\" \/>\n<meta property=\"og:image\" content=\"https:\/\/tibladin.dk\/wp-content\/uploads\/2022\/09\/Vrai-Faux-Geranium_800x800-1-1.jpg\" \/>\n\t<meta property=\"og:image:width\" content=\"800\" \/>\n\t<meta property=\"og:image:height\" content=\"800\" \/>\n\t<meta property=\"og:image:type\" content=\"image\/jpeg\" \/>\n<meta name=\"twitter:card\" content=\"summary_large_image\" \/>\n<meta name=\"twitter:label1\" content=\"Geschatte leestijd\" \/>\n\t<meta name=\"twitter:data1\" content=\"2 minuten\" \/>\n<script type=\"application\/ld+json\" class=\"yoast-schema-graph\">{\"@context\":\"https:\\\/\\\/schema.org\",\"@graph\":[{\"@type\":\"WebPage\",\"@id\":\"https:\\\/\\\/tibladin.dk\\\/produkt\\\/aegte-saebe-geranium\\\/\",\"url\":\"https:\\\/\\\/tibladin.dk\\\/produkt\\\/aegte-saebe-geranium\\\/\",\"name\":\"\u00c6gte \u00f8kologisk s\u00e6be | Naturlige ingredienser | Tibladin\",\"isPartOf\":{\"@id\":\"https:\\\/\\\/tibladin.dk\\\/#website\"},\"primaryImageOfPage\":{\"@id\":\"https:\\\/\\\/tibladin.dk\\\/produkt\\\/aegte-saebe-geranium\\\/#primaryimage\"},\"image\":{\"@id\":\"https:\\\/\\\/tibladin.dk\\\/produkt\\\/aegte-saebe-geranium\\\/#primaryimage\"},\"thumbnailUrl\":\"https:\\\/\\\/tibladin.dk\\\/wp-content\\\/uploads\\\/2022\\\/09\\\/Vrai-Faux-Geranium_800x800-1-1.jpg\",\"datePublished\":\"2022-09-20T09:17:44+00:00\",\"dateModified\":\"2025-09-07T17:30:09+00:00\",\"description\":\"\u00c6gte s\u00e6be med l\u00e6kre naturlige ingredienser. Velduftende, bl\u00f8d og l\u00e6kker p\u00e5 huden. Renser og bl\u00f8dg\u00f8r mildt huden p\u00e5 kroppen og i ansigtet.\",\"breadcrumb\":{\"@id\":\"https:\\\/\\\/tibladin.dk\\\/produkt\\\/aegte-saebe-geranium\\\/#breadcrumb\"},\"inLanguage\":\"nl-NL\",\"potentialAction\":[{\"@type\":\"ReadAction\",\"target\":[\"https:\\\/\\\/tibladin.dk\\\/produkt\\\/aegte-saebe-geranium\\\/\"]}]},{\"@type\":\"ImageObject\",\"inLanguage\":\"nl-NL\",\"@id\":\"https:\\\/\\\/tibladin.dk\\\/produkt\\\/aegte-saebe-geranium\\\/#primaryimage\",\"url\":\"https:\\\/\\\/tibladin.dk\\\/wp-content\\\/uploads\\\/2022\\\/09\\\/Vrai-Faux-Geranium_800x800-1-1.jpg\",\"contentUrl\":\"https:\\\/\\\/tibladin.dk\\\/wp-content\\\/uploads\\\/2022\\\/09\\\/Vrai-Faux-Geranium_800x800-1-1.jpg\",\"width\":800,\"height\":800,\"caption\":\"Vrai Savon s\u00e6be i g\u00e9ranium varianten\"},{\"@type\":\"BreadcrumbList\",\"@id\":\"https:\\\/\\\/tibladin.dk\\\/produkt\\\/aegte-saebe-geranium\\\/#breadcrumb\",\"itemListElement\":[{\"@type\":\"ListItem\",\"position\":1,\"name\":\"Hjem\",\"item\":\"https:\\\/\\\/tibladin.dk\\\/\"},{\"@type\":\"ListItem\",\"position\":2,\"name\":\"Shop\",\"item\":\"https:\\\/\\\/tibladin.dk\\\/shop\\\/\"},{\"@type\":\"ListItem\",\"position\":3,\"name\":\"\u00c6gte s\u00e6be GERANIUM\"}]},{\"@type\":\"WebSite\",\"@id\":\"https:\\\/\\\/tibladin.dk\\\/#website\",\"url\":\"https:\\\/\\\/tibladin.dk\\\/\",\"name\":\"Tibladin\",\"description\":\"Tibladin\",\"publisher\":{\"@id\":\"https:\\\/\\\/tibladin.dk\\\/#organization\"},\"potentialAction\":[{\"@type\":\"SearchAction\",\"target\":{\"@type\":\"EntryPoint\",\"urlTemplate\":\"https:\\\/\\\/tibladin.dk\\\/?s={search_term_string}\"},\"query-input\":{\"@type\":\"PropertyValueSpecification\",\"valueRequired\":true,\"valueName\":\"search_term_string\"}}],\"inLanguage\":\"nl-NL\"},{\"@type\":\"Organization\",\"@id\":\"https:\\\/\\\/tibladin.dk\\\/#organization\",\"name\":\"Tibladin\",\"url\":\"https:\\\/\\\/tibladin.dk\\\/\",\"logo\":{\"@type\":\"ImageObject\",\"inLanguage\":\"nl-NL\",\"@id\":\"https:\\\/\\\/tibladin.dk\\\/#\\\/schema\\\/logo\\\/image\\\/\",\"url\":\"https:\\\/\\\/tibladin.dk\\\/wp-content\\\/uploads\\\/2022\\\/09\\\/tibladin_logo.svg\",\"contentUrl\":\"https:\\\/\\\/tibladin.dk\\\/wp-content\\\/uploads\\\/2022\\\/09\\\/tibladin_logo.svg\",\"caption\":\"Tibladin\"},\"image\":{\"@id\":\"https:\\\/\\\/tibladin.dk\\\/#\\\/schema\\\/logo\\\/image\\\/\"}}]}<\/script>\n<!-- \/ Yoast SEO plugin. -->","yoast_head_json":{"title":"Echte biologische zeep | Natuurlijke ingredi\u00ebnten | Tibladin","description":"Echte zeep met heerlijke natuurlijke ingredi\u00ebnten. Geurig, zacht en heerlijk op de huid. Reinigt en verzacht de huid van lichaam en gezicht op milde wijze.","robots":{"index":"index","follow":"follow","max-snippet":"max-snippet:-1","max-image-preview":"max-image-preview:large","max-video-preview":"max-video-preview:-1"},"canonical":"https:\/\/tibladin.dk\/nl\/product-2\/echte-zeepgeranium\/","og_locale":"nl_NL","og_type":"article","og_title":"\u00c6gte \u00f8kologisk s\u00e6be | Naturlige ingredienser | Tibladin","og_description":"\u00c6gte s\u00e6be med l\u00e6kre naturlige ingredienser. Velduftende, bl\u00f8d og l\u00e6kker p\u00e5 huden. Renser og bl\u00f8dg\u00f8r mildt huden p\u00e5 kroppen og i ansigtet.","og_url":"https:\/\/tibladin.dk\/nl\/product-2\/echte-zeepgeranium\/","og_site_name":"Tibladin","article_modified_time":"2025-09-07T17:30:09+00:00","og_image":[{"width":800,"height":800,"url":"https:\/\/tibladin.dk\/wp-content\/uploads\/2022\/09\/Vrai-Faux-Geranium_800x800-1-1.jpg","type":"image\/jpeg"}],"twitter_card":"summary_large_image","twitter_misc":{"Geschatte leestijd":"2 minuten"},"schema":{"@context":"https:\/\/schema.org","@graph":[{"@type":"WebPage","@id":"https:\/\/tibladin.dk\/produkt\/aegte-saebe-geranium\/","url":"https:\/\/tibladin.dk\/produkt\/aegte-saebe-geranium\/","name":"Echte biologische zeep | Natuurlijke ingredi\u00ebnten | Tibladin","isPartOf":{"@id":"https:\/\/tibladin.dk\/#website"},"primaryImageOfPage":{"@id":"https:\/\/tibladin.dk\/produkt\/aegte-saebe-geranium\/#primaryimage"},"image":{"@id":"https:\/\/tibladin.dk\/produkt\/aegte-saebe-geranium\/#primaryimage"},"thumbnailUrl":"https:\/\/tibladin.dk\/wp-content\/uploads\/2022\/09\/Vrai-Faux-Geranium_800x800-1-1.jpg","datePublished":"2022-09-20T09:17:44+00:00","dateModified":"2025-09-07T17:30:09+00:00","description":"Echte zeep met heerlijke natuurlijke ingredi\u00ebnten. Geurig, zacht en heerlijk op de huid. Reinigt en verzacht de huid van lichaam en gezicht op milde wijze.","breadcrumb":{"@id":"https:\/\/tibladin.dk\/produkt\/aegte-saebe-geranium\/#breadcrumb"},"inLanguage":"nl-NL","potentialAction":[{"@type":"ReadAction","target":["https:\/\/tibladin.dk\/produkt\/aegte-saebe-geranium\/"]}]},{"@type":"ImageObject","inLanguage":"nl-NL","@id":"https:\/\/tibladin.dk\/produkt\/aegte-saebe-geranium\/#primaryimage","url":"https:\/\/tibladin.dk\/wp-content\/uploads\/2022\/09\/Vrai-Faux-Geranium_800x800-1-1.jpg","contentUrl":"https:\/\/tibladin.dk\/wp-content\/uploads\/2022\/09\/Vrai-Faux-Geranium_800x800-1-1.jpg","width":800,"height":800,"caption":"Vrai Savon s\u00e6be i g\u00e9ranium varianten"},{"@type":"BreadcrumbList","@id":"https:\/\/tibladin.dk\/produkt\/aegte-saebe-geranium\/#breadcrumb","itemListElement":[{"@type":"ListItem","position":1,"name":"Hjem","item":"https:\/\/tibladin.dk\/"},{"@type":"ListItem","position":2,"name":"Shop","item":"https:\/\/tibladin.dk\/shop\/"},{"@type":"ListItem","position":3,"name":"\u00c6gte s\u00e6be GERANIUM"}]},{"@type":"WebSite","@id":"https:\/\/tibladin.dk\/#website","url":"https:\/\/tibladin.dk\/","name":"Tibladin","description":"Tibladin","publisher":{"@id":"https:\/\/tibladin.dk\/#organization"},"potentialAction":[{"@type":"SearchAction","target":{"@type":"EntryPoint","urlTemplate":"https:\/\/tibladin.dk\/?s={search_term_string}"},"query-input":{"@type":"PropertyValueSpecification","valueRequired":true,"valueName":"search_term_string"}}],"inLanguage":"nl-NL"},{"@type":"Organization","@id":"https:\/\/tibladin.dk\/#organization","name":"Tibladin","url":"https:\/\/tibladin.dk\/","logo":{"@type":"ImageObject","inLanguage":"nl-NL","@id":"https:\/\/tibladin.dk\/#\/schema\/logo\/image\/","url":"https:\/\/tibladin.dk\/wp-content\/uploads\/2022\/09\/tibladin_logo.svg","contentUrl":"https:\/\/tibladin.dk\/wp-content\/uploads\/2022\/09\/tibladin_logo.svg","caption":"Tibladin"},"image":{"@id":"https:\/\/tibladin.dk\/#\/schema\/logo\/image\/"}}]}},"_links":{"self":[{"href":"https:\/\/tibladin.dk\/nl\/wp-json\/wp\/v2\/product\/2616","targetHints":{"allow":["GET"]}}],"collection":[{"href":"https:\/\/tibladin.dk\/nl\/wp-json\/wp\/v2\/product"}],"about":[{"href":"https:\/\/tibladin.dk\/nl\/wp-json\/wp\/v2\/types\/product"}],"wp:featuredmedia":[{"embeddable":true,"href":"https:\/\/tibladin.dk\/nl\/wp-json\/wp\/v2\/media\/2615"}],"wp:attachment":[{"href":"https:\/\/tibladin.dk\/nl\/wp-json\/wp\/v2\/media?parent=2616"}],"wp:term":[{"taxonomy":"product_brand","embeddable":true,"href":"https:\/\/tibladin.dk\/nl\/wp-json\/wp\/v2\/product_brand?post=2616"},{"taxonomy":"product_cat","embeddable":true,"href":"https:\/\/tibladin.dk\/nl\/wp-json\/wp\/v2\/product_cat?post=2616"},{"taxonomy":"product_tag","embeddable":true,"href":"https:\/\/tibladin.dk\/nl\/wp-json\/wp\/v2\/product_tag?post=2616"}],"curies":[{"name":"wp","href":"https:\/\/api.w.org\/{rel}","templated":true}]}}