{"id":2680,"date":"2022-09-20T11:18:17","date_gmt":"2022-09-20T09:18:17","guid":{"rendered":"https:\/\/tibladin.dk\/vare\/plakat-35x245-cm-gamle-venner\/"},"modified":"2025-08-21T09:08:04","modified_gmt":"2025-08-21T07:08:04","slug":"poster-35x245-cm-oude-vrienden","status":"publish","type":"product","link":"https:\/\/tibladin.dk\/nl\/produkt\/plakat-35x245-cm-gamle-venner\/","title":{"rendered":"Affiche 35\u00d724,5 cm. OUDE VRIENDEN"},"content":{"rendered":"<div class=\"wpb-content-wrapper\"><div class=\"vc_row wpb_row vc_row-fluid\"><div class=\"wpb_column vc_column_container vc_col-sm-4\"><div class=\"vc_column-inner\"><div class=\"wpb_wrapper\"><\/div><\/div><\/div><div class=\"wpb_column vc_column_container vc_col-sm-4\"><div class=\"vc_column-inner\"><div class=\"wpb_wrapper\"><h3 style=\"text-align: left\" class=\"vc_custom_heading vc_do_custom_heading\" >Kader<\/h3>\n\t<div class=\"wpb_text_column wpb_content_element\" >\n\t\t<div class=\"wpb_wrapper\">\n\t\t\t<p>Je kunt zelf kiezen in welke lijst je de foto wilt plaatsen. Of het nu een gekleurde lijst is, naturel hout, wit, zwart of aluminium, afhankelijk van wat bij jouw inrichting past.<\/p>\n\n\t\t<\/div>\n\t<\/div>\n<\/div><\/div><\/div><div class=\"wpb_column vc_column_container vc_col-sm-4\"><div class=\"vc_column-inner\"><div class=\"wpb_wrapper\"><h3 style=\"text-align: left\" class=\"vc_custom_heading vc_do_custom_heading\" >Zo versier ik mijn muren<\/h3>\n\t<div class=\"wpb_text_column wpb_content_element\" >\n\t\t<div class=\"wpb_wrapper\">\n\t\t\t<p><span class=\"JsGRdQ\">Mochten uw muren overstromen als een champagneglas vol romantiek, straal dan exclusiviteit uit, cre\u00eber een warme sfeer<\/span><span class=\"JsGRdQ\">\u00a0<\/span><span class=\"JsGRdQ\">bohemien sfeer of iets heel anders? Het kan worden bereikt met kleine veranderingen en enkele eenvoudige keuzes. Gebruik posters van lokale Marokkaanse kunstenaars om je interieur een persoonlijke en unieke uitstraling te geven.<\/span><\/p>\n\n\t\t<\/div>\n\t<\/div>\n<\/div><\/div><\/div><\/div>\n<\/div>","protected":false},"excerpt":{"rendered":"<p>Laat je inspireren door deze prachtige Marokkaanse tekening, gemaakt door een lokale kunstenaar.<\/p>\n<p>Op stevig karton<br \/>\n35 hoog x 24,5 breed<br \/>\nWordt verkocht zonder frame<\/p>\n<p><b>Oude vrienden:\u00a0<\/b>Medina is een oude wijk met veel winkels. Laat je door de straten van Marokko leiden. Ontmoet twee goede oude vrienden die midden in de dagelijkse drukte een vertrouwelijk gesprek voeren. Een broodnodige pauze voor de twee, waar ze hun oude benen laten rusten en wat lucht voor hun voeten krijgen. De traditionele gele pantoffels met een spitse neus worden babouches genoemd en zijn het favoriete schoeisel van de Marokkanen. De prachtige kobaltblauwe en witte moza\u00efeken sieren de muren en de vloer op de achtergrond, op deze plek ergens in de straten van Marokko.<\/p>\n<p>&nbsp;<\/p>","protected":false},"featured_media":2679,"template":"","meta":{"inline_featured_image":false},"product_brand":[],"product_cat":[111,112,56],"product_tag":[],"class_list":{"0":"post-2680","1":"product","2":"type-product","3":"status-publish","4":"has-post-thumbnail","6":"product_cat-plakater","7":"product_cat-smaa-plakater-karton-245x35-cm","8":"product_cat-vaegdekoration","10":"first","11":"instock","12":"taxable","13":"shipping-taxable","14":"purchasable","15":"product-type-simple"},"exclude_global_add_ons":false,"addons":[{"name":"Wilt u een cadeauverpakking?","type":"checkbox","position":0,"required":false,"title_format":"label","default":"","description_enable":false,"description":"","placeholder_enable":false,"placeholder":"","display":"images","restrictions_type":"any_text","adjust_price":false,"price":"","price_type":"flat_fee","restrictions":false,"min":"0","max":"0","options":[{"label":"Ja tak","price":"10","price_type":"flat_fee","image":11015,"visibility":true}],"id":1669646111}],"yoast_head":"<!-- This site is optimized with the Yoast SEO plugin v27.4 - https:\/\/yoast.com\/product\/yoast-seo-wordpress\/ -->\n<title>Marokkansk plakater | Lokale kunstnere | Unik \u00e6gdekoration<\/title>\n<meta name=\"description\" content=\"Plakater af marokkansk lokal kunstner. F\u00e5 et touch af Marokko ind i dit hjem og giv din v\u00e6gge en unik udsmykning med stemningsfulde plakater.\" \/>\n<meta name=\"robots\" content=\"index, follow, max-snippet:-1, max-image-preview:large, max-video-preview:-1\" \/>\n<link rel=\"canonical\" href=\"https:\/\/tibladin.dk\/nl\/product-2\/poster-35x245-cm-oude-vrienden\/\" \/>\n<meta property=\"og:locale\" content=\"nl_NL\" \/>\n<meta property=\"og:type\" content=\"article\" \/>\n<meta property=\"og:title\" content=\"Marokkansk plakater | Lokale kunstnere | Unik \u00e6gdekoration\" \/>\n<meta property=\"og:description\" content=\"Plakater af marokkansk lokal kunstner. F\u00e5 et touch af Marokko ind i dit hjem og giv din v\u00e6gge en unik udsmykning med stemningsfulde plakater.\" \/>\n<meta property=\"og:url\" content=\"https:\/\/tibladin.dk\/nl\/product-2\/poster-35x245-cm-oude-vrienden\/\" \/>\n<meta property=\"og:site_name\" content=\"Tibladin\" \/>\n<meta property=\"article:modified_time\" content=\"2025-08-21T07:08:04+00:00\" \/>\n<meta property=\"og:image\" content=\"https:\/\/tibladin.dk\/wp-content\/uploads\/2022\/09\/Gamle-venner-1.jpg\" \/>\n\t<meta property=\"og:image:width\" content=\"800\" \/>\n\t<meta property=\"og:image:height\" content=\"800\" \/>\n\t<meta property=\"og:image:type\" content=\"image\/jpeg\" \/>\n<meta name=\"twitter:card\" content=\"summary_large_image\" \/>\n<meta name=\"twitter:label1\" content=\"Geschatte leestijd\" \/>\n\t<meta name=\"twitter:data1\" content=\"1 minuut\" \/>\n<script type=\"application\/ld+json\" class=\"yoast-schema-graph\">{\"@context\":\"https:\\\/\\\/schema.org\",\"@graph\":[{\"@type\":\"WebPage\",\"@id\":\"https:\\\/\\\/tibladin.dk\\\/produkt\\\/plakat-35x245-cm-gamle-venner\\\/\",\"url\":\"https:\\\/\\\/tibladin.dk\\\/produkt\\\/plakat-35x245-cm-gamle-venner\\\/\",\"name\":\"Marokkansk plakater | Lokale kunstnere | Unik \u00e6gdekoration\",\"isPartOf\":{\"@id\":\"https:\\\/\\\/tibladin.dk\\\/#website\"},\"primaryImageOfPage\":{\"@id\":\"https:\\\/\\\/tibladin.dk\\\/produkt\\\/plakat-35x245-cm-gamle-venner\\\/#primaryimage\"},\"image\":{\"@id\":\"https:\\\/\\\/tibladin.dk\\\/produkt\\\/plakat-35x245-cm-gamle-venner\\\/#primaryimage\"},\"thumbnailUrl\":\"https:\\\/\\\/tibladin.dk\\\/wp-content\\\/uploads\\\/2022\\\/09\\\/Gamle-venner-1.jpg\",\"datePublished\":\"2022-09-20T09:18:17+00:00\",\"dateModified\":\"2025-08-21T07:08:04+00:00\",\"description\":\"Plakater af marokkansk lokal kunstner. F\u00e5 et touch af Marokko ind i dit hjem og giv din v\u00e6gge en unik udsmykning med stemningsfulde plakater.\",\"breadcrumb\":{\"@id\":\"https:\\\/\\\/tibladin.dk\\\/produkt\\\/plakat-35x245-cm-gamle-venner\\\/#breadcrumb\"},\"inLanguage\":\"nl-NL\",\"potentialAction\":[{\"@type\":\"ReadAction\",\"target\":[\"https:\\\/\\\/tibladin.dk\\\/produkt\\\/plakat-35x245-cm-gamle-venner\\\/\"]}]},{\"@type\":\"ImageObject\",\"inLanguage\":\"nl-NL\",\"@id\":\"https:\\\/\\\/tibladin.dk\\\/produkt\\\/plakat-35x245-cm-gamle-venner\\\/#primaryimage\",\"url\":\"https:\\\/\\\/tibladin.dk\\\/wp-content\\\/uploads\\\/2022\\\/09\\\/Gamle-venner-1.jpg\",\"contentUrl\":\"https:\\\/\\\/tibladin.dk\\\/wp-content\\\/uploads\\\/2022\\\/09\\\/Gamle-venner-1.jpg\",\"width\":800,\"height\":800,\"caption\":\"Marokkansk kunstv\u00e6rk af to personer der snakker\"},{\"@type\":\"BreadcrumbList\",\"@id\":\"https:\\\/\\\/tibladin.dk\\\/produkt\\\/plakat-35x245-cm-gamle-venner\\\/#breadcrumb\",\"itemListElement\":[{\"@type\":\"ListItem\",\"position\":1,\"name\":\"Hjem\",\"item\":\"https:\\\/\\\/tibladin.dk\\\/\"},{\"@type\":\"ListItem\",\"position\":2,\"name\":\"Shop\",\"item\":\"https:\\\/\\\/tibladin.dk\\\/shop\\\/\"},{\"@type\":\"ListItem\",\"position\":3,\"name\":\"Plakat 35&#215;24,5 cm. GAMLE VENNER\"}]},{\"@type\":\"WebSite\",\"@id\":\"https:\\\/\\\/tibladin.dk\\\/#website\",\"url\":\"https:\\\/\\\/tibladin.dk\\\/\",\"name\":\"Tibladin\",\"description\":\"Tibladin\",\"publisher\":{\"@id\":\"https:\\\/\\\/tibladin.dk\\\/#organization\"},\"potentialAction\":[{\"@type\":\"SearchAction\",\"target\":{\"@type\":\"EntryPoint\",\"urlTemplate\":\"https:\\\/\\\/tibladin.dk\\\/?s={search_term_string}\"},\"query-input\":{\"@type\":\"PropertyValueSpecification\",\"valueRequired\":true,\"valueName\":\"search_term_string\"}}],\"inLanguage\":\"nl-NL\"},{\"@type\":\"Organization\",\"@id\":\"https:\\\/\\\/tibladin.dk\\\/#organization\",\"name\":\"Tibladin\",\"url\":\"https:\\\/\\\/tibladin.dk\\\/\",\"logo\":{\"@type\":\"ImageObject\",\"inLanguage\":\"nl-NL\",\"@id\":\"https:\\\/\\\/tibladin.dk\\\/#\\\/schema\\\/logo\\\/image\\\/\",\"url\":\"https:\\\/\\\/tibladin.dk\\\/wp-content\\\/uploads\\\/2022\\\/09\\\/tibladin_logo.svg\",\"contentUrl\":\"https:\\\/\\\/tibladin.dk\\\/wp-content\\\/uploads\\\/2022\\\/09\\\/tibladin_logo.svg\",\"caption\":\"Tibladin\"},\"image\":{\"@id\":\"https:\\\/\\\/tibladin.dk\\\/#\\\/schema\\\/logo\\\/image\\\/\"}}]}<\/script>\n<!-- \/ Yoast SEO plugin. -->","yoast_head_json":{"title":"Marokkaanse posters | Lokale artiesten | Unieke eierdecoratie","description":"Posters van een Marokkaanse lokale kunstenaar. Haal een vleugje Marokko in huis en geef je muren een unieke decoratie met sfeervolle posters.","robots":{"index":"index","follow":"follow","max-snippet":"max-snippet:-1","max-image-preview":"max-image-preview:large","max-video-preview":"max-video-preview:-1"},"canonical":"https:\/\/tibladin.dk\/nl\/product-2\/poster-35x245-cm-oude-vrienden\/","og_locale":"nl_NL","og_type":"article","og_title":"Marokkansk plakater | Lokale kunstnere | Unik \u00e6gdekoration","og_description":"Plakater af marokkansk lokal kunstner. F\u00e5 et touch af Marokko ind i dit hjem og giv din v\u00e6gge en unik udsmykning med stemningsfulde plakater.","og_url":"https:\/\/tibladin.dk\/nl\/product-2\/poster-35x245-cm-oude-vrienden\/","og_site_name":"Tibladin","article_modified_time":"2025-08-21T07:08:04+00:00","og_image":[{"width":800,"height":800,"url":"https:\/\/tibladin.dk\/wp-content\/uploads\/2022\/09\/Gamle-venner-1.jpg","type":"image\/jpeg"}],"twitter_card":"summary_large_image","twitter_misc":{"Geschatte leestijd":"1 minuut"},"schema":{"@context":"https:\/\/schema.org","@graph":[{"@type":"WebPage","@id":"https:\/\/tibladin.dk\/produkt\/plakat-35x245-cm-gamle-venner\/","url":"https:\/\/tibladin.dk\/produkt\/plakat-35x245-cm-gamle-venner\/","name":"Marokkaanse posters | Lokale artiesten | Unieke eierdecoratie","isPartOf":{"@id":"https:\/\/tibladin.dk\/#website"},"primaryImageOfPage":{"@id":"https:\/\/tibladin.dk\/produkt\/plakat-35x245-cm-gamle-venner\/#primaryimage"},"image":{"@id":"https:\/\/tibladin.dk\/produkt\/plakat-35x245-cm-gamle-venner\/#primaryimage"},"thumbnailUrl":"https:\/\/tibladin.dk\/wp-content\/uploads\/2022\/09\/Gamle-venner-1.jpg","datePublished":"2022-09-20T09:18:17+00:00","dateModified":"2025-08-21T07:08:04+00:00","description":"Posters van een Marokkaanse lokale kunstenaar. Haal een vleugje Marokko in huis en geef je muren een unieke decoratie met sfeervolle posters.","breadcrumb":{"@id":"https:\/\/tibladin.dk\/produkt\/plakat-35x245-cm-gamle-venner\/#breadcrumb"},"inLanguage":"nl-NL","potentialAction":[{"@type":"ReadAction","target":["https:\/\/tibladin.dk\/produkt\/plakat-35x245-cm-gamle-venner\/"]}]},{"@type":"ImageObject","inLanguage":"nl-NL","@id":"https:\/\/tibladin.dk\/produkt\/plakat-35x245-cm-gamle-venner\/#primaryimage","url":"https:\/\/tibladin.dk\/wp-content\/uploads\/2022\/09\/Gamle-venner-1.jpg","contentUrl":"https:\/\/tibladin.dk\/wp-content\/uploads\/2022\/09\/Gamle-venner-1.jpg","width":800,"height":800,"caption":"Marokkansk kunstv\u00e6rk af to personer der snakker"},{"@type":"BreadcrumbList","@id":"https:\/\/tibladin.dk\/produkt\/plakat-35x245-cm-gamle-venner\/#breadcrumb","itemListElement":[{"@type":"ListItem","position":1,"name":"Hjem","item":"https:\/\/tibladin.dk\/"},{"@type":"ListItem","position":2,"name":"Shop","item":"https:\/\/tibladin.dk\/shop\/"},{"@type":"ListItem","position":3,"name":"Plakat 35&#215;24,5 cm. GAMLE VENNER"}]},{"@type":"WebSite","@id":"https:\/\/tibladin.dk\/#website","url":"https:\/\/tibladin.dk\/","name":"Tibladin","description":"Tibladin","publisher":{"@id":"https:\/\/tibladin.dk\/#organization"},"potentialAction":[{"@type":"SearchAction","target":{"@type":"EntryPoint","urlTemplate":"https:\/\/tibladin.dk\/?s={search_term_string}"},"query-input":{"@type":"PropertyValueSpecification","valueRequired":true,"valueName":"search_term_string"}}],"inLanguage":"nl-NL"},{"@type":"Organization","@id":"https:\/\/tibladin.dk\/#organization","name":"Tibladin","url":"https:\/\/tibladin.dk\/","logo":{"@type":"ImageObject","inLanguage":"nl-NL","@id":"https:\/\/tibladin.dk\/#\/schema\/logo\/image\/","url":"https:\/\/tibladin.dk\/wp-content\/uploads\/2022\/09\/tibladin_logo.svg","contentUrl":"https:\/\/tibladin.dk\/wp-content\/uploads\/2022\/09\/tibladin_logo.svg","caption":"Tibladin"},"image":{"@id":"https:\/\/tibladin.dk\/#\/schema\/logo\/image\/"}}]}},"_links":{"self":[{"href":"https:\/\/tibladin.dk\/nl\/wp-json\/wp\/v2\/product\/2680","targetHints":{"allow":["GET"]}}],"collection":[{"href":"https:\/\/tibladin.dk\/nl\/wp-json\/wp\/v2\/product"}],"about":[{"href":"https:\/\/tibladin.dk\/nl\/wp-json\/wp\/v2\/types\/product"}],"wp:featuredmedia":[{"embeddable":true,"href":"https:\/\/tibladin.dk\/nl\/wp-json\/wp\/v2\/media\/2679"}],"wp:attachment":[{"href":"https:\/\/tibladin.dk\/nl\/wp-json\/wp\/v2\/media?parent=2680"}],"wp:term":[{"taxonomy":"product_brand","embeddable":true,"href":"https:\/\/tibladin.dk\/nl\/wp-json\/wp\/v2\/product_brand?post=2680"},{"taxonomy":"product_cat","embeddable":true,"href":"https:\/\/tibladin.dk\/nl\/wp-json\/wp\/v2\/product_cat?post=2680"},{"taxonomy":"product_tag","embeddable":true,"href":"https:\/\/tibladin.dk\/nl\/wp-json\/wp\/v2\/product_tag?post=2680"}],"curies":[{"name":"wp","href":"https:\/\/api.w.org\/{rel}","templated":true}]}}