{"id":3606,"date":"2022-09-10T17:03:18","date_gmt":"2022-09-10T15:03:18","guid":{"rendered":"https:\/\/tibladin.dk\/?post_type=product&#038;p=3606"},"modified":"2025-05-09T12:46:36","modified_gmt":"2025-05-09T10:46:36","slug":"fysieke-cadeaukaart","status":"publish","type":"product","link":"https:\/\/tibladin.dk\/nl\/produkt\/gavekort-fysisk\/","title":{"rendered":"Cadeaubon (fysiek)"},"content":{"rendered":"","protected":false},"excerpt":{"rendered":"<p>Verras uw dierbaren met een digitale cadeaubon van Tibladin \u2013 een ticket naar een wereld van authentiek Marokkaans vakmanschap en tijdloze Scandinavische esthetiek. Of het nu voor een verjaardag, jubileum of gewoon \u2018gewoon\u2019 is, met de cadeaubon heeft de ontvanger de vrijheid om te kiezen uit onze zorgvuldig geselecteerde interieurproducten, textiel, lampen, keramiek en nog veel meer.<\/p>","protected":false},"featured_media":3539,"template":"","meta":{"inline_featured_image":false},"product_brand":[],"product_cat":[78],"product_tag":[],"class_list":{"0":"post-3606","1":"product","2":"type-product","3":"status-publish","4":"has-post-thumbnail","6":"product_cat-gavekort","8":"first","9":"instock","10":"purchasable","11":"product-type-pw-gift-card"},"exclude_global_add_ons":[],"addons":[],"yoast_head":"<!-- This site is optimized with the Yoast SEO plugin v27.4 - https:\/\/yoast.com\/product\/yoast-seo-wordpress\/ -->\n<title>Gavekort (fysisk) | Tibladin<\/title>\n<meta name=\"description\" content=\"K\u00f8b et fysisk gavekort til Tibladin, s\u00e5 giver du altid den heldige person en unik og interessant gave i \u00e6gte marokkansk stil\" \/>\n<meta name=\"robots\" content=\"index, follow, max-snippet:-1, max-image-preview:large, max-video-preview:-1\" \/>\n<link rel=\"canonical\" href=\"https:\/\/tibladin.dk\/nl\/product-2\/fysieke-cadeaukaart\/\" \/>\n<meta property=\"og:locale\" content=\"nl_NL\" \/>\n<meta property=\"og:type\" content=\"article\" \/>\n<meta property=\"og:title\" content=\"Gavekort (fysisk) | Tibladin\" \/>\n<meta property=\"og:description\" content=\"K\u00f8b et fysisk gavekort til Tibladin, s\u00e5 giver du altid den heldige person en unik og interessant gave i \u00e6gte marokkansk stil\" \/>\n<meta property=\"og:url\" content=\"https:\/\/tibladin.dk\/nl\/product-2\/fysieke-cadeaukaart\/\" \/>\n<meta property=\"og:site_name\" content=\"Tibladin\" \/>\n<meta property=\"article:modified_time\" content=\"2025-05-09T10:46:36+00:00\" \/>\n<meta property=\"og:image\" content=\"https:\/\/tibladin.dk\/wp-content\/uploads\/2022\/10\/Gavekort_generel.jpeg\" \/>\n\t<meta property=\"og:image:width\" content=\"640\" \/>\n\t<meta property=\"og:image:height\" content=\"427\" \/>\n\t<meta property=\"og:image:type\" content=\"image\/jpeg\" \/>\n<meta name=\"twitter:card\" content=\"summary_large_image\" \/>\n<meta name=\"twitter:label1\" content=\"Geschatte leestijd\" \/>\n\t<meta name=\"twitter:data1\" content=\"1 minuut\" \/>\n<script type=\"application\/ld+json\" class=\"yoast-schema-graph\">{\"@context\":\"https:\\\/\\\/schema.org\",\"@graph\":[{\"@type\":\"WebPage\",\"@id\":\"https:\\\/\\\/tibladin.dk\\\/produkt\\\/gavekort-fysisk\\\/\",\"url\":\"https:\\\/\\\/tibladin.dk\\\/produkt\\\/gavekort-fysisk\\\/\",\"name\":\"Gavekort (fysisk) | Tibladin\",\"isPartOf\":{\"@id\":\"https:\\\/\\\/tibladin.dk\\\/#website\"},\"primaryImageOfPage\":{\"@id\":\"https:\\\/\\\/tibladin.dk\\\/produkt\\\/gavekort-fysisk\\\/#primaryimage\"},\"image\":{\"@id\":\"https:\\\/\\\/tibladin.dk\\\/produkt\\\/gavekort-fysisk\\\/#primaryimage\"},\"thumbnailUrl\":\"https:\\\/\\\/tibladin.dk\\\/wp-content\\\/uploads\\\/2022\\\/10\\\/Gavekort_generel.jpeg\",\"datePublished\":\"2022-09-10T15:03:18+00:00\",\"dateModified\":\"2025-05-09T10:46:36+00:00\",\"description\":\"K\u00f8b et fysisk gavekort til Tibladin, s\u00e5 giver du altid den heldige person en unik og interessant gave i \u00e6gte marokkansk stil\",\"breadcrumb\":{\"@id\":\"https:\\\/\\\/tibladin.dk\\\/produkt\\\/gavekort-fysisk\\\/#breadcrumb\"},\"inLanguage\":\"nl-NL\",\"potentialAction\":[{\"@type\":\"ReadAction\",\"target\":[\"https:\\\/\\\/tibladin.dk\\\/produkt\\\/gavekort-fysisk\\\/\"]}]},{\"@type\":\"ImageObject\",\"inLanguage\":\"nl-NL\",\"@id\":\"https:\\\/\\\/tibladin.dk\\\/produkt\\\/gavekort-fysisk\\\/#primaryimage\",\"url\":\"https:\\\/\\\/tibladin.dk\\\/wp-content\\\/uploads\\\/2022\\\/10\\\/Gavekort_generel.jpeg\",\"contentUrl\":\"https:\\\/\\\/tibladin.dk\\\/wp-content\\\/uploads\\\/2022\\\/10\\\/Gavekort_generel.jpeg\",\"width\":640,\"height\":427,\"caption\":\"Digitalt gavekort\"},{\"@type\":\"BreadcrumbList\",\"@id\":\"https:\\\/\\\/tibladin.dk\\\/produkt\\\/gavekort-fysisk\\\/#breadcrumb\",\"itemListElement\":[{\"@type\":\"ListItem\",\"position\":1,\"name\":\"Hjem\",\"item\":\"https:\\\/\\\/tibladin.dk\\\/\"},{\"@type\":\"ListItem\",\"position\":2,\"name\":\"Shop\",\"item\":\"https:\\\/\\\/tibladin.dk\\\/shop\\\/\"},{\"@type\":\"ListItem\",\"position\":3,\"name\":\"Gavekort (fysisk)\"}]},{\"@type\":\"WebSite\",\"@id\":\"https:\\\/\\\/tibladin.dk\\\/#website\",\"url\":\"https:\\\/\\\/tibladin.dk\\\/\",\"name\":\"Tibladin\",\"description\":\"Tibladin\",\"publisher\":{\"@id\":\"https:\\\/\\\/tibladin.dk\\\/#organization\"},\"potentialAction\":[{\"@type\":\"SearchAction\",\"target\":{\"@type\":\"EntryPoint\",\"urlTemplate\":\"https:\\\/\\\/tibladin.dk\\\/?s={search_term_string}\"},\"query-input\":{\"@type\":\"PropertyValueSpecification\",\"valueRequired\":true,\"valueName\":\"search_term_string\"}}],\"inLanguage\":\"nl-NL\"},{\"@type\":\"Organization\",\"@id\":\"https:\\\/\\\/tibladin.dk\\\/#organization\",\"name\":\"Tibladin\",\"url\":\"https:\\\/\\\/tibladin.dk\\\/\",\"logo\":{\"@type\":\"ImageObject\",\"inLanguage\":\"nl-NL\",\"@id\":\"https:\\\/\\\/tibladin.dk\\\/#\\\/schema\\\/logo\\\/image\\\/\",\"url\":\"https:\\\/\\\/tibladin.dk\\\/wp-content\\\/uploads\\\/2022\\\/09\\\/tibladin_logo.svg\",\"contentUrl\":\"https:\\\/\\\/tibladin.dk\\\/wp-content\\\/uploads\\\/2022\\\/09\\\/tibladin_logo.svg\",\"caption\":\"Tibladin\"},\"image\":{\"@id\":\"https:\\\/\\\/tibladin.dk\\\/#\\\/schema\\\/logo\\\/image\\\/\"}}]}<\/script>\n<!-- \/ Yoast SEO plugin. -->","yoast_head_json":{"title":"Cadeaubon (fysiek) | Tibladin","description":"Koop een fysieke cadeaubon voor Tibladin, en je geeft de gelukkige altijd een uniek en interessant cadeau in echte Marokkaanse stijl","robots":{"index":"index","follow":"follow","max-snippet":"max-snippet:-1","max-image-preview":"max-image-preview:large","max-video-preview":"max-video-preview:-1"},"canonical":"https:\/\/tibladin.dk\/nl\/product-2\/fysieke-cadeaukaart\/","og_locale":"nl_NL","og_type":"article","og_title":"Gavekort (fysisk) | Tibladin","og_description":"K\u00f8b et fysisk gavekort til Tibladin, s\u00e5 giver du altid den heldige person en unik og interessant gave i \u00e6gte marokkansk stil","og_url":"https:\/\/tibladin.dk\/nl\/product-2\/fysieke-cadeaukaart\/","og_site_name":"Tibladin","article_modified_time":"2025-05-09T10:46:36+00:00","og_image":[{"width":640,"height":427,"url":"https:\/\/tibladin.dk\/wp-content\/uploads\/2022\/10\/Gavekort_generel.jpeg","type":"image\/jpeg"}],"twitter_card":"summary_large_image","twitter_misc":{"Geschatte leestijd":"1 minuut"},"schema":{"@context":"https:\/\/schema.org","@graph":[{"@type":"WebPage","@id":"https:\/\/tibladin.dk\/produkt\/gavekort-fysisk\/","url":"https:\/\/tibladin.dk\/produkt\/gavekort-fysisk\/","name":"Cadeaubon (fysiek) | Tibladin","isPartOf":{"@id":"https:\/\/tibladin.dk\/#website"},"primaryImageOfPage":{"@id":"https:\/\/tibladin.dk\/produkt\/gavekort-fysisk\/#primaryimage"},"image":{"@id":"https:\/\/tibladin.dk\/produkt\/gavekort-fysisk\/#primaryimage"},"thumbnailUrl":"https:\/\/tibladin.dk\/wp-content\/uploads\/2022\/10\/Gavekort_generel.jpeg","datePublished":"2022-09-10T15:03:18+00:00","dateModified":"2025-05-09T10:46:36+00:00","description":"Koop een fysieke cadeaubon voor Tibladin, en je geeft de gelukkige altijd een uniek en interessant cadeau in echte Marokkaanse stijl","breadcrumb":{"@id":"https:\/\/tibladin.dk\/produkt\/gavekort-fysisk\/#breadcrumb"},"inLanguage":"nl-NL","potentialAction":[{"@type":"ReadAction","target":["https:\/\/tibladin.dk\/produkt\/gavekort-fysisk\/"]}]},{"@type":"ImageObject","inLanguage":"nl-NL","@id":"https:\/\/tibladin.dk\/produkt\/gavekort-fysisk\/#primaryimage","url":"https:\/\/tibladin.dk\/wp-content\/uploads\/2022\/10\/Gavekort_generel.jpeg","contentUrl":"https:\/\/tibladin.dk\/wp-content\/uploads\/2022\/10\/Gavekort_generel.jpeg","width":640,"height":427,"caption":"Digitalt gavekort"},{"@type":"BreadcrumbList","@id":"https:\/\/tibladin.dk\/produkt\/gavekort-fysisk\/#breadcrumb","itemListElement":[{"@type":"ListItem","position":1,"name":"Hjem","item":"https:\/\/tibladin.dk\/"},{"@type":"ListItem","position":2,"name":"Shop","item":"https:\/\/tibladin.dk\/shop\/"},{"@type":"ListItem","position":3,"name":"Gavekort (fysisk)"}]},{"@type":"WebSite","@id":"https:\/\/tibladin.dk\/#website","url":"https:\/\/tibladin.dk\/","name":"Tibladin","description":"Tibladin","publisher":{"@id":"https:\/\/tibladin.dk\/#organization"},"potentialAction":[{"@type":"SearchAction","target":{"@type":"EntryPoint","urlTemplate":"https:\/\/tibladin.dk\/?s={search_term_string}"},"query-input":{"@type":"PropertyValueSpecification","valueRequired":true,"valueName":"search_term_string"}}],"inLanguage":"nl-NL"},{"@type":"Organization","@id":"https:\/\/tibladin.dk\/#organization","name":"Tibladin","url":"https:\/\/tibladin.dk\/","logo":{"@type":"ImageObject","inLanguage":"nl-NL","@id":"https:\/\/tibladin.dk\/#\/schema\/logo\/image\/","url":"https:\/\/tibladin.dk\/wp-content\/uploads\/2022\/09\/tibladin_logo.svg","contentUrl":"https:\/\/tibladin.dk\/wp-content\/uploads\/2022\/09\/tibladin_logo.svg","caption":"Tibladin"},"image":{"@id":"https:\/\/tibladin.dk\/#\/schema\/logo\/image\/"}}]}},"_links":{"self":[{"href":"https:\/\/tibladin.dk\/nl\/wp-json\/wp\/v2\/product\/3606","targetHints":{"allow":["GET"]}}],"collection":[{"href":"https:\/\/tibladin.dk\/nl\/wp-json\/wp\/v2\/product"}],"about":[{"href":"https:\/\/tibladin.dk\/nl\/wp-json\/wp\/v2\/types\/product"}],"wp:featuredmedia":[{"embeddable":true,"href":"https:\/\/tibladin.dk\/nl\/wp-json\/wp\/v2\/media\/3539"}],"wp:attachment":[{"href":"https:\/\/tibladin.dk\/nl\/wp-json\/wp\/v2\/media?parent=3606"}],"wp:term":[{"taxonomy":"product_brand","embeddable":true,"href":"https:\/\/tibladin.dk\/nl\/wp-json\/wp\/v2\/product_brand?post=3606"},{"taxonomy":"product_cat","embeddable":true,"href":"https:\/\/tibladin.dk\/nl\/wp-json\/wp\/v2\/product_cat?post=3606"},{"taxonomy":"product_tag","embeddable":true,"href":"https:\/\/tibladin.dk\/nl\/wp-json\/wp\/v2\/product_tag?post=3606"}],"curies":[{"name":"wp","href":"https:\/\/api.w.org\/{rel}","templated":true}]}}